{"id":6323,"date":"2020-11-10T04:23:56","date_gmt":"2020-11-10T03:23:56","guid":{"rendered":"http:\/\/rakosliget.hu\/wordpress\/?page_id=6323"},"modified":"2026-01-31T20:00:16","modified_gmt":"2026-01-31T19:00:16","slug":"rakoscsaba_ujtelep","status":"publish","type":"page","link":"https:\/\/rakosliget.hu\/wordpress\/index.php\/rakoscsaba_ujtelep\/","title":{"rendered":"R\u00c1KOSCSABA \u00daJTELEP"},"content":{"rendered":"\n<p id=\"Eleje\"><em>Friss\u00edtve 2025.12.29.<\/em><\/p>\n\n\n\n<p>A nyit\u00f3k\u00e9pen a m\u00e1ra m\u00e1r elbontott Blau p\u00e9ks\u00e9g \u00e9p\u00fclete l\u00e1that\u00f3.<br> Blau Jen\u0151 s\u00fct\u0151mester, R\u00e1koscsaba. 1890-ben sz\u00fcletett Tasn\u00e1dsz\u00e1nt\u00f3n. Szakm\u00e1j\u00e1ban 1908 -ban szabadult fel. Mint seg\u00e9d t\u00f6bb v\u00e1rosban m\u0171k\u00f6d\u00f6tt, a h\u00e1bor\u00fa ut\u00e1n Budapesten is. El\u0151sz\u00f6r 1922 &#8211; ben a f\u0151v\u00e1rosban \u00f6n\u00e1ll\u00f3s\u00edtotta mag\u00e1t, 1931 -ben pedig R\u00e1koscsab\u00e1n. V\u00e9gig k\u00fczd\u00f6tte a vil\u00e1gh\u00e1bor\u00fat az orosz, olasz \u00e9s a francia fronton, egyszer meg is sebes\u00fclt. Kit\u00fcntet\u00e9sei: k\u00e9tszer nagyez\u00fcst, kisez\u00fcst, k\u00e9tszer bronz vit\u00e9zs\u00e9gi \u00e9rem, kor. ez\u00fcst \u00e9rdemkereszt, Kcsk ., seb. \u00e9rem stb. T\u00f6rzs\u0151rmesteri rangban szerelt le. Neje: Karfunkel Franciska.<\/p>\n\n\n\n<p>Forr\u00e1s: Zsemley Oszk\u00e1r (szerk.) Magyar v\u00e1rosok \u00e9s v\u00e1rmegy\u00e9k monogr\u00e1fi\u00e1ja 24. Archantol\u00f3gia<\/p>\n\n\n\n<h2 class=\"wp-block-heading\">1909<\/h2>\n\n\n\n<p>R\u00e1koscsaba-\u00dajtelep megsz\u00fclet\u00e9s\u00e9nek gondolata t\u0171nik fel a <em>MAGYARORSZ\u00c1G 1909. december 22<\/em>.-ei cikk\u00e9ben. <\/p>\n\n\n\n<p>\u2014 <strong>\u00daj tisztvisel\u0151-otthon R\u00e1kosligeten<\/strong> . A budapesti \u00e1llami tisztvisel\u0151k sz\u00e1mos tagj\u00e1b\u00f3l alakult bizotts\u00e1g m\u00e1r huzamosabb id\u0151 \u00f3ta foglalkozik egy \u00faj tisztvisel\u0151-otthon l\u00e9tes\u00edt\u00e9s\u00e9nek terv\u00e9vel. Az el\u0151k\u00e9sz\u00edt\u0151 bizotts\u00e1g a terv kivitel\u00e9t a f\u0151v\u00e1rost\u00f3l alig 25 perenyi t\u00e1vols\u00e1gban fekv\u0151 R\u00e1kosliget k\u00f6zs\u00e9g mellett 400, a legmodernebb angol, illetve amerikai rendszer szerint meg\u00e9p\u00edtend\u0151 csal\u00e1di h\u00e1z \u00e9p\u00edt\u00e9s\u00e9re igen alkalmas<br>telket szemelt ki, amelyre az opci\u00f3t is megszerezte.<br>Az el\u0151k\u00e9sz\u00edt\u00e9s munk\u00e1latai annyira el\u0151rehaladtak, hogy a \u00abTisztvisel\u0151-otthont\u00bb \u00e9p\u00edt\u0151 sz\u00f6vetkezet el\u0151k\u00e9sz\u00edt\u0151 bizotts\u00e1ga a J\u00f3zsef f\u0151herceg-sz\u00e1lloda k\u00fcl\u00f6n term\u00e9ben e h\u00f3 17.-\u00e9n m\u00e1r alakul\u00f3 \u00fcl\u00e9s\u00e9t is megtarthatta Butler Alad\u00e1r gr\u00f3f p\u00e9nz\u00fcgyi tan\u00e1csos eln\u00f6klete alatt k\u00f6zel 800 \u00e9rdekl\u0151d\u0151 tisztvisel\u0151 r\u00e9szv\u00e9tel\u00e9vel. Az alakul\u00f3\u00fcl\u00e9s az el\u0151k\u00e9sz\u00edt\u0151 bizotts\u00e1g \u00e1ltal kidolgozott alapszab\u00e1lyokat elfogadta s egyben az igazgat\u00f3s\u00e1got \u00e9s fel\u00fcgyel\u0151-bizotts\u00e1got is megv\u00e1lasztotta. Az \u00e9rdekl\u0151d\u0151 tisztvisel\u0151knek felvil\u00e1gos\u00edt\u00e1st ny\u00fajt a \u00abTisztvisel\u0151-otthon\u00bb sz\u00f6vetkezet VII. , Barcsay-utca 11. sz\u00e1m, f\u00f6ldszint 2- alatti irod\u00e1j\u00e1ban. Telefon 167\u201430.<\/p>\n\n\n\n<p>A folytat\u00e1sra azonban v\u00e1rni kellett.<\/p>\n\n\n\n<h2 class=\"wp-block-heading\">1910<\/h2>\n\n\n\n<figure class=\"wp-block-image size-large\"><a href=\"https:\/\/rakosliget.hu\/wordpress\/wp-content\/uploads\/2023\/01\/hirdetes.jpg\"><img loading=\"lazy\" decoding=\"async\" width=\"1024\" height=\"509\" src=\"https:\/\/rakosliget.hu\/wordpress\/wp-content\/uploads\/2023\/01\/hirdetes-1024x509.jpg\" alt=\"\" class=\"wp-image-10665\" srcset=\"https:\/\/rakosliget.hu\/wordpress\/wp-content\/uploads\/2023\/01\/hirdetes-1024x509.jpg 1024w, https:\/\/rakosliget.hu\/wordpress\/wp-content\/uploads\/2023\/01\/hirdetes-300x149.jpg 300w, https:\/\/rakosliget.hu\/wordpress\/wp-content\/uploads\/2023\/01\/hirdetes-768x382.jpg 768w, https:\/\/rakosliget.hu\/wordpress\/wp-content\/uploads\/2023\/01\/hirdetes-1536x764.jpg 1536w, https:\/\/rakosliget.hu\/wordpress\/wp-content\/uploads\/2023\/01\/hirdetes.jpg 1920w\" sizes=\"auto, (max-width: 1024px) 100vw, 1024px\" \/><\/a><figcaption class=\"wp-element-caption\">1910. j\u00falius 24.<\/figcaption><\/figure>\n\n\n\n<h2 class=\"wp-block-heading\">1930<\/h2>\n\n\n<div class=\"wp-block-image\">\n<figure class=\"aligncenter size-large\"><a href=\"http:\/\/rakosliget.hu\/wordpress\/wp-content\/uploads\/2020\/11\/parcellazasok-1930-majus-25.jpg\"><img loading=\"lazy\" decoding=\"async\" width=\"535\" height=\"1024\" src=\"http:\/\/rakosliget.hu\/wordpress\/wp-content\/uploads\/2020\/11\/parcellazasok-1930-majus-25-535x1024.jpg\" alt=\"\" class=\"wp-image-6325\" srcset=\"https:\/\/rakosliget.hu\/wordpress\/wp-content\/uploads\/2020\/11\/parcellazasok-1930-majus-25-535x1024.jpg 535w, https:\/\/rakosliget.hu\/wordpress\/wp-content\/uploads\/2020\/11\/parcellazasok-1930-majus-25-157x300.jpg 157w, https:\/\/rakosliget.hu\/wordpress\/wp-content\/uploads\/2020\/11\/parcellazasok-1930-majus-25-768x1470.jpg 768w, https:\/\/rakosliget.hu\/wordpress\/wp-content\/uploads\/2020\/11\/parcellazasok-1930-majus-25-803x1536.jpg 803w, https:\/\/rakosliget.hu\/wordpress\/wp-content\/uploads\/2020\/11\/parcellazasok-1930-majus-25.jpg 984w\" sizes=\"auto, (max-width: 535px) 100vw, 535px\" \/><\/a><figcaption class=\"wp-element-caption\">1930. m\u00e1jus 25. Az Ujs\u00e1g<\/figcaption><\/figure>\n<\/div>\n\n\n<h2 class=\"wp-block-heading\">1934<\/h2>\n\n\n\n<figure class=\"wp-block-image size-large\"><img loading=\"lazy\" decoding=\"async\" width=\"1024\" height=\"903\" src=\"https:\/\/rakosliget.hu\/wordpress\/wp-content\/uploads\/2023\/02\/ujtelep-1024x903.jpg\" alt=\"\" class=\"wp-image-11133\" srcset=\"https:\/\/rakosliget.hu\/wordpress\/wp-content\/uploads\/2023\/02\/ujtelep-1024x903.jpg 1024w, https:\/\/rakosliget.hu\/wordpress\/wp-content\/uploads\/2023\/02\/ujtelep-300x264.jpg 300w, https:\/\/rakosliget.hu\/wordpress\/wp-content\/uploads\/2023\/02\/ujtelep-768x677.jpg 768w, https:\/\/rakosliget.hu\/wordpress\/wp-content\/uploads\/2023\/02\/ujtelep.jpg 1197w\" sizes=\"auto, (max-width: 1024px) 100vw, 1024px\" \/><figcaption class=\"wp-element-caption\">Forr\u00e1s: Budapesti Hirlap K\u00e9pes Melleklete 1934. m\u00e1rcius 3. (Arcanum)<\/figcaption><\/figure>\n\n\n\n<figure class=\"wp-block-image size-large\"><img loading=\"lazy\" decoding=\"async\" width=\"1084\" height=\"4078\" src=\"https:\/\/rakosliget.hu\/wordpress\/wp-content\/uploads\/2025\/12\/Rakosligethez-tartozas-ujtelep-1084x4078.jpg\" alt=\"\" class=\"wp-image-20482\" srcset=\"https:\/\/rakosliget.hu\/wordpress\/wp-content\/uploads\/2025\/12\/Rakosligethez-tartozas-ujtelep-1084x4078.jpg 1084w, https:\/\/rakosliget.hu\/wordpress\/wp-content\/uploads\/2025\/12\/Rakosligethez-tartozas-ujtelep-80x300.jpg 80w, https:\/\/rakosliget.hu\/wordpress\/wp-content\/uploads\/2025\/12\/Rakosligethez-tartozas-ujtelep-768x2890.jpg 768w, https:\/\/rakosliget.hu\/wordpress\/wp-content\/uploads\/2025\/12\/Rakosligethez-tartozas-ujtelep-408x1536.jpg 408w, https:\/\/rakosliget.hu\/wordpress\/wp-content\/uploads\/2025\/12\/Rakosligethez-tartozas-ujtelep-544x2048.jpg 544w\" sizes=\"auto, (max-width: 1084px) 100vw, 1084px\" \/><figcaption class=\"wp-element-caption\">\u00daj Nemzed\u00e9k 1940. m\u00e1jus 119. sz\u00e1m 5. oldal<\/figcaption><\/figure>\n\n\n\n<h2 class=\"wp-block-heading\">1938<\/h2>\n\n\n<div class=\"wp-block-image\">\n<figure class=\"aligncenter size-large\"><img loading=\"lazy\" decoding=\"async\" width=\"2041\" height=\"4078\" src=\"https:\/\/rakosliget.hu\/wordpress\/wp-content\/uploads\/2026\/01\/ujtelep1-2041x4078.jpg\" alt=\"\" class=\"wp-image-22377\" srcset=\"https:\/\/rakosliget.hu\/wordpress\/wp-content\/uploads\/2026\/01\/ujtelep1-2041x4078.jpg 2041w, https:\/\/rakosliget.hu\/wordpress\/wp-content\/uploads\/2026\/01\/ujtelep1-150x300.jpg 150w, https:\/\/rakosliget.hu\/wordpress\/wp-content\/uploads\/2026\/01\/ujtelep1-768x1534.jpg 768w, https:\/\/rakosliget.hu\/wordpress\/wp-content\/uploads\/2026\/01\/ujtelep1-769x1536.jpg 769w, https:\/\/rakosliget.hu\/wordpress\/wp-content\/uploads\/2026\/01\/ujtelep1-1025x2048.jpg 1025w, https:\/\/rakosliget.hu\/wordpress\/wp-content\/uploads\/2026\/01\/ujtelep1-scaled.jpg 1281w\" sizes=\"auto, (max-width: 2041px) 100vw, 2041px\" \/><figcaption class=\"wp-element-caption\">A Hitel, 1938. 08. 05 2. oldal<\/figcaption><\/figure>\n<\/div>\n\n\n<div class=\"wp-block-buttons is-content-justification-center is-layout-flex wp-container-core-buttons-is-layout-16018d1d wp-block-buttons-is-layout-flex\">\n<div class=\"wp-block-button\"><a class=\"wp-block-button__link wp-element-button\" href=\"#Eleje\">vissza a lap tetej\u00e9re<\/a><\/div>\n<\/div>\n","protected":false},"excerpt":{"rendered":"<p>Friss\u00edtve 2025.12.29. A nyit\u00f3k\u00e9pen a m\u00e1ra m\u00e1r elbontott Blau p\u00e9ks\u00e9g \u00e9p\u00fclete l\u00e1that\u00f3. Blau Jen\u0151 s\u00fct\u0151mester, R\u00e1koscsaba. 1890-ben sz\u00fcletett Tasn\u00e1dsz\u00e1nt\u00f3n. Szakm\u00e1j\u00e1ban 1908 -ban szabadult fel. Mint seg\u00e9d t\u00f6bb v\u00e1rosban m\u0171k\u00f6d\u00f6tt, a h\u00e1bor\u00fa ut\u00e1n Budapesten is. El\u0151sz\u00f6r 1922 &#8211; ben a f\u0151v\u00e1rosban \u00f6n\u00e1ll\u00f3s\u00edtotta mag\u00e1t, 1931 -ben pedig R\u00e1koscsab\u00e1n. V\u00e9gig k\u00fczd\u00f6tte a vil\u00e1gh\u00e1bor\u00fat az orosz, olasz \u00e9s a &hellip; <a href=\"https:\/\/rakosliget.hu\/wordpress\/index.php\/rakoscsaba_ujtelep\/\" class=\"more-link\"><span class=\"screen-reader-text\">R\u00c1KOSCSABA \u00daJTELEP<\/span> r\u00e9szletei&#8230;<\/a><\/p>\n","protected":false},"author":1,"featured_media":10854,"parent":0,"menu_order":0,"comment_status":"closed","ping_status":"closed","template":"","meta":{"footnotes":""},"class_list":["post-6323","page","type-page","status-publish","has-post-thumbnail","hentry"],"_links":{"self":[{"href":"https:\/\/rakosliget.hu\/wordpress\/index.php\/wp-json\/wp\/v2\/pages\/6323","targetHints":{"allow":["GET"]}}],"collection":[{"href":"https:\/\/rakosliget.hu\/wordpress\/index.php\/wp-json\/wp\/v2\/pages"}],"about":[{"href":"https:\/\/rakosliget.hu\/wordpress\/index.php\/wp-json\/wp\/v2\/types\/page"}],"author":[{"embeddable":true,"href":"https:\/\/rakosliget.hu\/wordpress\/index.php\/wp-json\/wp\/v2\/users\/1"}],"replies":[{"embeddable":true,"href":"https:\/\/rakosliget.hu\/wordpress\/index.php\/wp-json\/wp\/v2\/comments?post=6323"}],"version-history":[{"count":15,"href":"https:\/\/rakosliget.hu\/wordpress\/index.php\/wp-json\/wp\/v2\/pages\/6323\/revisions"}],"predecessor-version":[{"id":22687,"href":"https:\/\/rakosliget.hu\/wordpress\/index.php\/wp-json\/wp\/v2\/pages\/6323\/revisions\/22687"}],"wp:featuredmedia":[{"embeddable":true,"href":"https:\/\/rakosliget.hu\/wordpress\/index.php\/wp-json\/wp\/v2\/media\/10854"}],"wp:attachment":[{"href":"https:\/\/rakosliget.hu\/wordpress\/index.php\/wp-json\/wp\/v2\/media?parent=6323"}],"curies":[{"name":"wp","href":"https:\/\/api.w.org\/{rel}","templated":true}]}}