{"id":6312,"date":"2020-11-10T04:09:34","date_gmt":"2020-11-10T03:09:34","guid":{"rendered":"http:\/\/rakosliget.hu\/wordpress\/?page_id=6312"},"modified":"2026-01-17T17:01:57","modified_gmt":"2026-01-17T16:01:57","slug":"hitelszovetkezet","status":"publish","type":"page","link":"https:\/\/rakosliget.hu\/wordpress\/index.php\/hitelszovetkezet\/","title":{"rendered":"HITELSZ\u00d6VETKEZET (1922 &#8211; 1954)"},"content":{"rendered":"\n<p><em>Friss\u00edtve: 2023.01.28.<\/em><\/p>\n\n\n\n<h3 class=\"wp-block-heading\"><a href=\"https:\/\/rakosliget.hu\/wordpress\/index.php\/gazdasag-vallalkozasok\/\">VISSZA A GAZDAS\u00c1G, V\u00c1LLALKOZ\u00c1SOK, SZ\u00d6VETKEZETEK LAPRA<\/a><\/h3>\n\n\n\n<h2 class=\"wp-block-heading\">1930<\/h2>\n\n\n<div class=\"wp-block-image\">\n<figure class=\"aligncenter size-large\"><a href=\"http:\/\/rakosliget.hu\/wordpress\/wp-content\/uploads\/2020\/11\/Hitelszovetkezet-1930-majus-4.jpg\"><img loading=\"lazy\" decoding=\"async\" width=\"1024\" height=\"662\" src=\"http:\/\/rakosliget.hu\/wordpress\/wp-content\/uploads\/2020\/11\/Hitelszovetkezet-1930-majus-4-1024x662.jpg\" alt=\"\" class=\"wp-image-6314\" srcset=\"https:\/\/rakosliget.hu\/wordpress\/wp-content\/uploads\/2020\/11\/Hitelszovetkezet-1930-majus-4-1024x662.jpg 1024w, https:\/\/rakosliget.hu\/wordpress\/wp-content\/uploads\/2020\/11\/Hitelszovetkezet-1930-majus-4-300x194.jpg 300w, https:\/\/rakosliget.hu\/wordpress\/wp-content\/uploads\/2020\/11\/Hitelszovetkezet-1930-majus-4-768x496.jpg 768w, https:\/\/rakosliget.hu\/wordpress\/wp-content\/uploads\/2020\/11\/Hitelszovetkezet-1930-majus-4.jpg 1459w\" sizes=\"auto, (max-width: 1024px) 100vw, 1024px\" \/><\/a><figcaption class=\"wp-element-caption\">1930. m\u00e1jus 4. Az Ujs\u00e1g<\/figcaption><\/figure>\n<\/div>\n\n\n<h2 class=\"wp-block-heading\">1931<\/h2>\n\n\n<div class=\"wp-block-image\">\n<figure class=\"aligncenter size-large\"><a href=\"http:\/\/rakosliget.hu\/wordpress\/wp-content\/uploads\/2020\/11\/1931-aprilis-12-rakosligeti-hitelszovetkezet.jpg\"><img loading=\"lazy\" decoding=\"async\" width=\"936\" height=\"687\" src=\"http:\/\/rakosliget.hu\/wordpress\/wp-content\/uploads\/2020\/11\/1931-aprilis-12-rakosligeti-hitelszovetkezet.jpg\" alt=\"\" class=\"wp-image-6359\" srcset=\"https:\/\/rakosliget.hu\/wordpress\/wp-content\/uploads\/2020\/11\/1931-aprilis-12-rakosligeti-hitelszovetkezet.jpg 936w, https:\/\/rakosliget.hu\/wordpress\/wp-content\/uploads\/2020\/11\/1931-aprilis-12-rakosligeti-hitelszovetkezet-300x220.jpg 300w, https:\/\/rakosliget.hu\/wordpress\/wp-content\/uploads\/2020\/11\/1931-aprilis-12-rakosligeti-hitelszovetkezet-768x564.jpg 768w\" sizes=\"auto, (max-width: 936px) 100vw, 936px\" \/><\/a><figcaption class=\"wp-element-caption\">1930. \u00e1prilis 12. Az Ujs\u00e1g<\/figcaption><\/figure>\n<\/div>\n\n\n<h2 class=\"wp-block-heading\">1935<\/h2>\n\n\n<div class=\"wp-block-image\">\n<figure class=\"aligncenter size-large\"><a href=\"http:\/\/rakosliget.hu\/wordpress\/wp-content\/uploads\/2020\/11\/1935-marcius-7-hitelszovetkezet-elnok-neve.jpg\"><img loading=\"lazy\" decoding=\"async\" width=\"501\" height=\"638\" src=\"http:\/\/rakosliget.hu\/wordpress\/wp-content\/uploads\/2020\/11\/1935-marcius-7-hitelszovetkezet-elnok-neve.jpg\" alt=\"\" class=\"wp-image-6509\" srcset=\"https:\/\/rakosliget.hu\/wordpress\/wp-content\/uploads\/2020\/11\/1935-marcius-7-hitelszovetkezet-elnok-neve.jpg 501w, https:\/\/rakosliget.hu\/wordpress\/wp-content\/uploads\/2020\/11\/1935-marcius-7-hitelszovetkezet-elnok-neve-236x300.jpg 236w\" sizes=\"auto, (max-width: 501px) 100vw, 501px\" \/><\/a><figcaption class=\"wp-element-caption\">1935. m\u00e1rcius 07. Az Ujs\u00e1g<\/figcaption><\/figure>\n<\/div>\n\n<div class=\"wp-block-image\">\n<figure class=\"aligncenter size-large\"><a href=\"http:\/\/rakosliget.hu\/wordpress\/wp-content\/uploads\/2020\/11\/1935-oktober-11-kamarai-tagok-hitelszov.jpg\"><img loading=\"lazy\" decoding=\"async\" width=\"480\" height=\"852\" src=\"http:\/\/rakosliget.hu\/wordpress\/wp-content\/uploads\/2020\/11\/1935-oktober-11-kamarai-tagok-hitelszov.jpg\" alt=\"\" class=\"wp-image-6526\" srcset=\"https:\/\/rakosliget.hu\/wordpress\/wp-content\/uploads\/2020\/11\/1935-oktober-11-kamarai-tagok-hitelszov.jpg 480w, https:\/\/rakosliget.hu\/wordpress\/wp-content\/uploads\/2020\/11\/1935-oktober-11-kamarai-tagok-hitelszov-169x300.jpg 169w\" sizes=\"auto, (max-width: 480px) 100vw, 480px\" \/><\/a><figcaption class=\"wp-element-caption\">1935. okt\u00f3ber 11. Az Ujs\u00e1g<\/figcaption><\/figure>\n<\/div>\n\n\n<h2 class=\"wp-block-heading\">1948<\/h2>\n\n\n\n<figure class=\"wp-block-image size-large\"><img loading=\"lazy\" decoding=\"async\" width=\"1024\" height=\"175\" src=\"https:\/\/rakosliget.hu\/wordpress\/wp-content\/uploads\/2023\/01\/Hitelszovetkezet-1024x175.jpg\" alt=\"\" class=\"wp-image-10880\" srcset=\"https:\/\/rakosliget.hu\/wordpress\/wp-content\/uploads\/2023\/01\/Hitelszovetkezet-1024x175.jpg 1024w, https:\/\/rakosliget.hu\/wordpress\/wp-content\/uploads\/2023\/01\/Hitelszovetkezet-300x51.jpg 300w, https:\/\/rakosliget.hu\/wordpress\/wp-content\/uploads\/2023\/01\/Hitelszovetkezet-768x131.jpg 768w, https:\/\/rakosliget.hu\/wordpress\/wp-content\/uploads\/2023\/01\/Hitelszovetkezet.jpg 1368w\" sizes=\"auto, (max-width: 1024px) 100vw, 1024px\" \/><figcaption class=\"wp-element-caption\">Sz\u00f6vetkezeti kompasz az 1948-49. \u00e9vre (1948, Budapest)<\/figcaption><\/figure>\n\n\n\n<p><a href=\"https:\/\/rakosliget.hu\/wordpress\/index.php\/gazdasag-vallalkozasok\/\">VISSZA A GAZDAS\u00c1G, V\u00c1LLALKOZ\u00c1SOK, SZ\u00d6VETKEZETEK LAPRA<\/a><\/p>\n","protected":false},"excerpt":{"rendered":"<p>Friss\u00edtve: 2023.01.28. VISSZA A GAZDAS\u00c1G, V\u00c1LLALKOZ\u00c1SOK, SZ\u00d6VETKEZETEK LAPRA 1930 1931 1935 1948 VISSZA A GAZDAS\u00c1G, V\u00c1LLALKOZ\u00c1SOK, SZ\u00d6VETKEZETEK LAPRA<\/p>\n","protected":false},"author":1,"featured_media":0,"parent":0,"menu_order":0,"comment_status":"closed","ping_status":"closed","template":"","meta":{"footnotes":""},"class_list":["post-6312","page","type-page","status-publish","hentry"],"_links":{"self":[{"href":"https:\/\/rakosliget.hu\/wordpress\/index.php\/wp-json\/wp\/v2\/pages\/6312","targetHints":{"allow":["GET"]}}],"collection":[{"href":"https:\/\/rakosliget.hu\/wordpress\/index.php\/wp-json\/wp\/v2\/pages"}],"about":[{"href":"https:\/\/rakosliget.hu\/wordpress\/index.php\/wp-json\/wp\/v2\/types\/page"}],"author":[{"embeddable":true,"href":"https:\/\/rakosliget.hu\/wordpress\/index.php\/wp-json\/wp\/v2\/users\/1"}],"replies":[{"embeddable":true,"href":"https:\/\/rakosliget.hu\/wordpress\/index.php\/wp-json\/wp\/v2\/comments?post=6312"}],"version-history":[{"count":13,"href":"https:\/\/rakosliget.hu\/wordpress\/index.php\/wp-json\/wp\/v2\/pages\/6312\/revisions"}],"predecessor-version":[{"id":21786,"href":"https:\/\/rakosliget.hu\/wordpress\/index.php\/wp-json\/wp\/v2\/pages\/6312\/revisions\/21786"}],"wp:attachment":[{"href":"https:\/\/rakosliget.hu\/wordpress\/index.php\/wp-json\/wp\/v2\/media?parent=6312"}],"curies":[{"name":"wp","href":"https:\/\/api.w.org\/{rel}","templated":true}]}}