{"id":6232,"date":"2020-11-07T14:25:52","date_gmt":"2020-11-07T13:25:52","guid":{"rendered":"http:\/\/rakosliget.hu\/wordpress\/?page_id=6232"},"modified":"2026-01-23T06:51:30","modified_gmt":"2026-01-23T05:51:30","slug":"alpar-gitta","status":"publish","type":"page","link":"https:\/\/rakosliget.hu\/wordpress\/index.php\/alpar-gitta\/","title":{"rendered":"ALP\u00c1R GITTA szinm\u0171v\u00e9sz"},"content":{"rendered":"\n<div class=\"wp-block-buttons is-content-justification-center is-layout-flex wp-container-core-buttons-is-layout-16018d1d wp-block-buttons-is-layout-flex\">\n<div class=\"wp-block-button\"><a class=\"wp-block-button__link wp-element-button\" href=\"https:\/\/rakosliget.hu\/wordpress\/index.php\/muveszet\/\">VISSZA A M\u0170V\u00c9SZET LAPRA<\/a><\/div>\n<\/div>\n\n\n\n<p><\/p>\n\n\n<div class=\"wp-block-image\">\n<figure class=\"aligncenter size-large\"><a href=\"http:\/\/rakosliget.hu\/wordpress\/wp-content\/uploads\/2020\/11\/1928-julius-22-Alpar-Gitta-rakosligeten-scaled.jpg\"><img loading=\"lazy\" decoding=\"async\" width=\"354\" height=\"1024\" src=\"http:\/\/rakosliget.hu\/wordpress\/wp-content\/uploads\/2020\/11\/1928-julius-22-Alpar-Gitta-rakosligeten-354x1024.jpg\" alt=\"\" class=\"wp-image-6234\" srcset=\"https:\/\/rakosliget.hu\/wordpress\/wp-content\/uploads\/2020\/11\/1928-julius-22-Alpar-Gitta-rakosligeten-354x1024.jpg 354w, https:\/\/rakosliget.hu\/wordpress\/wp-content\/uploads\/2020\/11\/1928-julius-22-Alpar-Gitta-rakosligeten-104x300.jpg 104w, https:\/\/rakosliget.hu\/wordpress\/wp-content\/uploads\/2020\/11\/1928-julius-22-Alpar-Gitta-rakosligeten-768x2221.jpg 768w, https:\/\/rakosliget.hu\/wordpress\/wp-content\/uploads\/2020\/11\/1928-julius-22-Alpar-Gitta-rakosligeten-531x1536.jpg 531w, https:\/\/rakosliget.hu\/wordpress\/wp-content\/uploads\/2020\/11\/1928-julius-22-Alpar-Gitta-rakosligeten-708x2048.jpg 708w, https:\/\/rakosliget.hu\/wordpress\/wp-content\/uploads\/2020\/11\/1928-julius-22-Alpar-Gitta-rakosligeten-scaled.jpg 885w\" sizes=\"auto, (max-width: 354px) 100vw, 354px\" \/><\/a><figcaption class=\"wp-element-caption\">1928. j\u00falius 22. Az Ujs\u00e1g<\/figcaption><\/figure>\n<\/div>\n\n\n<div class=\"wp-block-buttons is-content-justification-center is-layout-flex wp-container-core-buttons-is-layout-16018d1d wp-block-buttons-is-layout-flex\">\n<div class=\"wp-block-button\"><a class=\"wp-block-button__link wp-element-button\" href=\"https:\/\/rakosliget.hu\/wordpress\/index.php\/muveszet\/\">VISSZA A M\u0170V\u00c9SZET LAPRA<\/a><\/div>\n<\/div>\n","protected":false},"excerpt":{"rendered":"","protected":false},"author":1,"featured_media":0,"parent":0,"menu_order":0,"comment_status":"closed","ping_status":"closed","template":"","meta":{"footnotes":""},"class_list":["post-6232","page","type-page","status-publish","hentry"],"_links":{"self":[{"href":"https:\/\/rakosliget.hu\/wordpress\/index.php\/wp-json\/wp\/v2\/pages\/6232","targetHints":{"allow":["GET"]}}],"collection":[{"href":"https:\/\/rakosliget.hu\/wordpress\/index.php\/wp-json\/wp\/v2\/pages"}],"about":[{"href":"https:\/\/rakosliget.hu\/wordpress\/index.php\/wp-json\/wp\/v2\/types\/page"}],"author":[{"embeddable":true,"href":"https:\/\/rakosliget.hu\/wordpress\/index.php\/wp-json\/wp\/v2\/users\/1"}],"replies":[{"embeddable":true,"href":"https:\/\/rakosliget.hu\/wordpress\/index.php\/wp-json\/wp\/v2\/comments?post=6232"}],"version-history":[{"count":4,"href":"https:\/\/rakosliget.hu\/wordpress\/index.php\/wp-json\/wp\/v2\/pages\/6232\/revisions"}],"predecessor-version":[{"id":22088,"href":"https:\/\/rakosliget.hu\/wordpress\/index.php\/wp-json\/wp\/v2\/pages\/6232\/revisions\/22088"}],"wp:attachment":[{"href":"https:\/\/rakosliget.hu\/wordpress\/index.php\/wp-json\/wp\/v2\/media?parent=6232"}],"curies":[{"name":"wp","href":"https:\/\/api.w.org\/{rel}","templated":true}]}}