{"id":622,"date":"2018-03-11T05:31:50","date_gmt":"2018-03-11T04:31:50","guid":{"rendered":"http:\/\/rakosliget.hu\/wordpress\/?page_id=622"},"modified":"2025-03-08T19:23:50","modified_gmt":"2025-03-08T18:23:50","slug":"az-attila-vonal","status":"publish","type":"page","link":"https:\/\/rakosliget.hu\/wordpress\/index.php\/az-attila-vonal\/","title":{"rendered":"Az Attila vonal"},"content":{"rendered":"\n<p><a href=\"https:\/\/rakosliget.hu\/wordpress\/index.php\/rakosliget-a-ii-vilaghaboruban\/\">Vissza a II. VIL\u00c1GH\u00c1BOR\u00da lapra<\/a><\/p>\n\n\n<p><em>Az oldal friss\u00edtve:2020. 11. 24.<\/em><\/p>\n<p><em>&nbsp;<\/em><\/p>\n<p>A Karola- \u00e9s a Margit- vonal k\u00f6z\u00f6tti kapcsolat kialak\u00edt\u00e1sa c\u00e9lj\u00e1b\u00f3l hozt\u00e1k l\u00e9tre az Attila-vonalat. &#8222;Az Attila-vonal h\u00e1rom \u00e1ll\u00e1srendszerb\u0151l \u00e1llt, mindh\u00e1rom teljes f\u00e9lk\u00f6rt alkotott a Dun\u00e1t\u00f3l a Dun\u00e1ig. A legk\u00fcls\u0151 v\u00e9d\u0151\u00f6v (Attila-I) Dunaharasztin\u00e1l v\u00e1lt el a foly\u00f3t\u00f3l majd Gy\u00e1l &#8211; Vecs\u00e9s- Ecser &#8211; Magl\u00f3d- Valk\u00f3 &#8211; G\u00f6d\u00f6ll\u0151 &#8211; Szada- Veresegyh\u00e1z &#8211; Csom\u00e1d \u00e9rint\u00e9s\u00e9vel Als\u00f3g\u00f6dn\u00e9l jutott ki ahhoz.<\/p>\n<p>A k\u00f6z\u00e9ps\u0151 v\u00e9d\u0151\u00f6v (Attila-II) a Soroks\u00e1r &#8211; Soroks\u00e1rp\u00e9teri &#8211; Pestszentimre &#8211; R\u00e1kosliget &#8211; P\u00e9cel &#8211; Isaszeg- Kerepes &#8211; Mogyor\u00f3d &#8211; F\u00f3t &#8211; Dunakeszi \u00edven h\u00faz\u00f3dott.<\/p>\n<p>A bels\u0151t (Attila -III) az akkori peremv\u00e1rosok: Csepel &#8211; Pestszenterzs\u00e9bet &#8211; Pestszentl\u0151rinc &#8211; R\u00e1koshegy &#8211; R\u00e1koskereszt\u00far &#8211; R\u00e1koscsaba &#8211; Cinkota &#8211; R\u00e1kosszentmih\u00e1ly &#8211; R\u00e1kospalota &#8211; \u00dajpest perem\u00e9n \u00e9p\u00edtett\u00e9k ki.&#8221;<\/p>\n<p>Az Attila-vonal eredend\u0151en nem mag\u00e1t a v\u00e1rost volt hivatott v\u00e9deni, hanem az \u00fagynevezett pesti h\u00eddf\u0151t.<\/p>\n<p align=\"center\">\n<p><a href=\"http:\/\/rakosliget.hu\/kepIIvilaghaboru\/attila.jpg\"><img loading=\"lazy\" decoding=\"async\" src=\"http:\/\/rakosliget.hu\/kepIIvilaghaboru\/attila.jpg\" width=\"800\" height=\"733\"><\/a><\/p>\n<p align=\"left\">Az Attila vonalak fut\u00e1sa Mih\u00e1lyi Bal\u00e1zs szerint. Forr\u00e1s: Budapest ostrom\u00e1nak (1944-45) kartogr\u00e1fiai feldolgoz\u00e1sa.<\/p>\n\n\n<p> <em>Forr\u00e1s: dr. Ravasz Istv\u00e1n: Budapest hadsz\u00ednt\u00e9rr\u00e9 v\u00e1l\u00e1s\u00e1nak t\u00e9nyez\u0151i 1944-45-ben<\/em> <\/p>\n\n\n\n<figure class=\"wp-block-image size-large\"><a href=\"http:\/\/rakosliget.hu\/wordpress\/wp-content\/uploads\/2020\/11\/Page0002_-scaled.jpg\"><img loading=\"lazy\" decoding=\"async\" width=\"724\" height=\"1024\" src=\"http:\/\/rakosliget.hu\/wordpress\/wp-content\/uploads\/2020\/11\/Page0002_-724x1024.jpg\" alt=\"\" class=\"wp-image-8114\" srcset=\"https:\/\/rakosliget.hu\/wordpress\/wp-content\/uploads\/2020\/11\/Page0002_-724x1024.jpg 724w, https:\/\/rakosliget.hu\/wordpress\/wp-content\/uploads\/2020\/11\/Page0002_-212x300.jpg 212w, https:\/\/rakosliget.hu\/wordpress\/wp-content\/uploads\/2020\/11\/Page0002_-768x1087.jpg 768w, https:\/\/rakosliget.hu\/wordpress\/wp-content\/uploads\/2020\/11\/Page0002_-1086x1536.jpg 1086w, https:\/\/rakosliget.hu\/wordpress\/wp-content\/uploads\/2020\/11\/Page0002_-1447x2048.jpg 1447w, https:\/\/rakosliget.hu\/wordpress\/wp-content\/uploads\/2020\/11\/Page0002_-scaled.jpg 1809w\" sizes=\"auto, (max-width: 724px) 100vw, 724px\" \/><\/a><figcaption class=\"wp-element-caption\"> Ungv\u00e1ri Kriszti\u00e1n: Budapest ostroma c. k\u00f6nyv\u00e9b\u0151l<\/figcaption><\/figure>\n\n\n\n<p><a href=\"https:\/\/rakosliget.hu\/wordpress\/index.php\/rakosliget-a-ii-vilaghaboruban\/\">Vissza a II. VIL\u00c1GH\u00c1BOR\u00da lapra<\/a><\/p>\n","protected":false},"excerpt":{"rendered":"<p>Vissza a II. VIL\u00c1GH\u00c1BOR\u00da lapra Az oldal friss\u00edtve:2020. 11. 24. &nbsp; A Karola- \u00e9s a Margit- vonal k\u00f6z\u00f6tti kapcsolat kialak\u00edt\u00e1sa c\u00e9lj\u00e1b\u00f3l hozt\u00e1k l\u00e9tre az Attila-vonalat. &#8222;Az Attila-vonal h\u00e1rom \u00e1ll\u00e1srendszerb\u0151l \u00e1llt, mindh\u00e1rom teljes f\u00e9lk\u00f6rt alkotott a Dun\u00e1t\u00f3l a Dun\u00e1ig. A legk\u00fcls\u0151 v\u00e9d\u0151\u00f6v (Attila-I) Dunaharasztin\u00e1l v\u00e1lt el a foly\u00f3t\u00f3l majd Gy\u00e1l &#8211; Vecs\u00e9s- Ecser &#8211; Magl\u00f3d- Valk\u00f3 &hellip; <a href=\"https:\/\/rakosliget.hu\/wordpress\/index.php\/az-attila-vonal\/\" class=\"more-link\"><span class=\"screen-reader-text\">Az Attila vonal<\/span> r\u00e9szletei&#8230;<\/a><\/p>\n","protected":false},"author":1,"featured_media":0,"parent":0,"menu_order":0,"comment_status":"closed","ping_status":"closed","template":"","meta":{"footnotes":""},"class_list":["post-622","page","type-page","status-publish","hentry"],"_links":{"self":[{"href":"https:\/\/rakosliget.hu\/wordpress\/index.php\/wp-json\/wp\/v2\/pages\/622","targetHints":{"allow":["GET"]}}],"collection":[{"href":"https:\/\/rakosliget.hu\/wordpress\/index.php\/wp-json\/wp\/v2\/pages"}],"about":[{"href":"https:\/\/rakosliget.hu\/wordpress\/index.php\/wp-json\/wp\/v2\/types\/page"}],"author":[{"embeddable":true,"href":"https:\/\/rakosliget.hu\/wordpress\/index.php\/wp-json\/wp\/v2\/users\/1"}],"replies":[{"embeddable":true,"href":"https:\/\/rakosliget.hu\/wordpress\/index.php\/wp-json\/wp\/v2\/comments?post=622"}],"version-history":[{"count":10,"href":"https:\/\/rakosliget.hu\/wordpress\/index.php\/wp-json\/wp\/v2\/pages\/622\/revisions"}],"predecessor-version":[{"id":16860,"href":"https:\/\/rakosliget.hu\/wordpress\/index.php\/wp-json\/wp\/v2\/pages\/622\/revisions\/16860"}],"wp:attachment":[{"href":"https:\/\/rakosliget.hu\/wordpress\/index.php\/wp-json\/wp\/v2\/media?parent=622"}],"curies":[{"name":"wp","href":"https:\/\/api.w.org\/{rel}","templated":true}]}}