{"id":613,"date":"2018-03-11T05:20:21","date_gmt":"2018-03-11T04:20:21","guid":{"rendered":"http:\/\/rakosliget.hu\/wordpress\/?page_id=613"},"modified":"2025-03-08T19:22:56","modified_gmt":"2025-03-08T18:22:56","slug":"1943-2","status":"publish","type":"page","link":"https:\/\/rakosliget.hu\/wordpress\/index.php\/1943-2\/","title":{"rendered":"1943"},"content":{"rendered":"\n<p><a href=\"https:\/\/rakosliget.hu\/wordpress\/index.php\/rakosliget-a-ii-vilaghaboruban\/\">Vissza a II. VIL\u00c1GH\u00c1BOR\u00da lapra<\/a><\/p>\n\n\n\n<p><strong>1943.<\/strong><br>Folytat\u00f3dik a zsid\u00f3\u00fcld\u00f6z\u00e9s. Ekkor veszik el G\u00f3zon Gyul\u00e1t\u00f3l is a r\u00e1di\u00f3t. Kikapcsolt\u00e1k a zsid\u00f3 sz\u00e1rmaz\u00e1s\u00faak&nbsp; telefonjait. Egyed\u00fcl Blum dr.-n\u00e1l m\u0171k\u00f6dhetett tov\u00e1bb.<\/p>\n\n\n\n<h6 class=\"wp-block-heading\">\u00c1ldozatok az \u00e9v sor\u00e1n:<\/h6>\n\n\n\n<p>Bajusz Jen\u0151 tartal\u00e9kos hadnagy 1943. janu\u00e1r 26. Listine-Device.<br>Fekete Gy\u00f6rgy munkaszolg\u00e1latos 1943. janu\u00e1r 18. 101\/2 sz\u00e1zadb\u00f3l.<br>Hajd\u00fa Istv\u00e1n tartal\u00e9kos z\u00e1szl\u00f3s 1943. janu\u00e1r 15. 12.I. z\u00e1szl\u00f3aljb\u00f3l*<br>K\u00e1cser J\u00f3zsef 1943. janu\u00e1r 4. Sitinicsn\u00e9l a IX. munkaszolg\u00e1latos z\u00e1szl\u00f3alj.<br>Weinberger \u00c1rp\u00e1d 1943. febru\u00e1r 12. 109\/1 sz\u00e1zadb\u00f3l Belgorod &#8211; Harkov t\u00e9rs\u00e9g.<br>Telekes Ferenc karpaszom\u00e1nyos \u0151rvezet\u0151 s\u00e1rgas\u00e1g.<\/p>\n\n\n\n<p>*Hadifogs\u00e1gba esett a 12. gyalogezredb\u0151l a r\u00e1kosligeti sz\u00e1rmaz\u00e1s\u00fa Hajd\u00fa Istv\u00e1n tartal\u00e9kos z\u00e1szl\u00f3s, sz\u00fcletett: 1912, anyja neve: K\u0151r\u00f6s Erzs\u00e9bet, hadifogs\u00e1g 1943.01. 15. Jekatyerinovka<\/p>\n\n\n\n<p><span data-canvas-width=\"80.61551808039377\">Hajd\u00fa Istv\u00e1n<\/span><span data-canvas-width=\"11.262969031993439\"> (<\/span><span data-canvas-width=\"59.68244318293685\">R\u00e1kosliget<\/span><span data-canvas-width=\"190.6253051025431\">, 1912. XII. 13. K\u0151r\u00f6s Erzs\u00e9bet)<\/span><span data-canvas-width=\"116.59996119770305\"> tartal\u00e9kos hadnagy<\/span><span data-canvas-width=\"141.27507583264975\"> (1942. VIII. 1.) 1942. <\/span><span data-canvas-width=\"593.5495527071373\">okt\u00f3ber 31-\u00e9n a 12\/1. z\u00e1szl\u00f3alj egyik szakaszparancsnokak\u00e9nt vonult el a 2. hadsereg Don menti had<\/span><span data-canvas-width=\"594.1878866776046\">sz\u00ednter\u00e9re. 1943. janu\u00e1r 15-\u00e9n Jekatyerinovk\u00e1n\u00e1l sebes\u00fclten szovjet hadifogs\u00e1gba esett. Tov\u00e1bbi sor<\/span><span data-canvas-width=\"512.2136800902379\">s\u00e1ra vonatkoz\u00f3lag nem rendelkez\u00fcnk adatokkal. Feltehet\u0151en meghalt a hadifogs\u00e1gban. <\/span><\/p>\n\n\n\n<p><span data-canvas-width=\"512.2136800902379\">Forr\u00e1s: Bene J\u00e1nos \u2014 Szab\u00f3 P\u00e9ter: NY\u00cdRI BAK\u00c1K A DONN\u00c1L Adal\u00e9kok a magyar kir\u00e1lyi II. R\u00e1k\u00f3czi Ferenc 12. honv\u00e9d gyalogezred t\u00f6rt\u00e9net\u00e9hez (1920\u20141945) Ny\u00edregyh\u00e1za 2009 <\/span><\/p>\n\n\n\n<p><a href=\"https:\/\/rakosliget.hu\/wordpress\/index.php\/rakosliget-a-ii-vilaghaboruban\/\">Vissza a II. VIL\u00c1GH\u00c1BOR\u00da lapra<\/a><\/p>\n","protected":false},"excerpt":{"rendered":"<p>Vissza a II. VIL\u00c1GH\u00c1BOR\u00da lapra 1943.Folytat\u00f3dik a zsid\u00f3\u00fcld\u00f6z\u00e9s. Ekkor veszik el G\u00f3zon Gyul\u00e1t\u00f3l is a r\u00e1di\u00f3t. Kikapcsolt\u00e1k a zsid\u00f3 sz\u00e1rmaz\u00e1s\u00faak&nbsp; telefonjait. Egyed\u00fcl Blum dr.-n\u00e1l m\u0171k\u00f6dhetett tov\u00e1bb. \u00c1ldozatok az \u00e9v sor\u00e1n: Bajusz Jen\u0151 tartal\u00e9kos hadnagy 1943. janu\u00e1r 26. Listine-Device.Fekete Gy\u00f6rgy munkaszolg\u00e1latos 1943. janu\u00e1r 18. 101\/2 sz\u00e1zadb\u00f3l.Hajd\u00fa Istv\u00e1n tartal\u00e9kos z\u00e1szl\u00f3s 1943. janu\u00e1r 15. 12.I. z\u00e1szl\u00f3aljb\u00f3l*K\u00e1cser J\u00f3zsef 1943. &hellip; <a href=\"https:\/\/rakosliget.hu\/wordpress\/index.php\/1943-2\/\" class=\"more-link\"><span class=\"screen-reader-text\">1943<\/span> r\u00e9szletei&#8230;<\/a><\/p>\n","protected":false},"author":1,"featured_media":0,"parent":0,"menu_order":0,"comment_status":"closed","ping_status":"closed","template":"","meta":{"footnotes":""},"class_list":["post-613","page","type-page","status-publish","hentry"],"_links":{"self":[{"href":"https:\/\/rakosliget.hu\/wordpress\/index.php\/wp-json\/wp\/v2\/pages\/613","targetHints":{"allow":["GET"]}}],"collection":[{"href":"https:\/\/rakosliget.hu\/wordpress\/index.php\/wp-json\/wp\/v2\/pages"}],"about":[{"href":"https:\/\/rakosliget.hu\/wordpress\/index.php\/wp-json\/wp\/v2\/types\/page"}],"author":[{"embeddable":true,"href":"https:\/\/rakosliget.hu\/wordpress\/index.php\/wp-json\/wp\/v2\/users\/1"}],"replies":[{"embeddable":true,"href":"https:\/\/rakosliget.hu\/wordpress\/index.php\/wp-json\/wp\/v2\/comments?post=613"}],"version-history":[{"count":4,"href":"https:\/\/rakosliget.hu\/wordpress\/index.php\/wp-json\/wp\/v2\/pages\/613\/revisions"}],"predecessor-version":[{"id":16858,"href":"https:\/\/rakosliget.hu\/wordpress\/index.php\/wp-json\/wp\/v2\/pages\/613\/revisions\/16858"}],"wp:attachment":[{"href":"https:\/\/rakosliget.hu\/wordpress\/index.php\/wp-json\/wp\/v2\/media?parent=613"}],"curies":[{"name":"wp","href":"https:\/\/api.w.org\/{rel}","templated":true}]}}