{"id":611,"date":"2018-03-11T05:19:31","date_gmt":"2018-03-11T04:19:31","guid":{"rendered":"http:\/\/rakosliget.hu\/wordpress\/?page_id=611"},"modified":"2025-03-09T20:22:30","modified_gmt":"2025-03-09T19:22:30","slug":"1942-2","status":"publish","type":"page","link":"https:\/\/rakosliget.hu\/wordpress\/index.php\/1942-2\/","title":{"rendered":"1942"},"content":{"rendered":"\n<p><a href=\"https:\/\/rakosliget.hu\/wordpress\/index.php\/rakosliget-a-ii-vilaghaboruban\/\">Vissza a II. VIL\u00c1GH\u00c1BOR\u00da lapra<\/a><\/p>\n\n\n\n<p><strong>1942.<\/strong> Elkezdik figyelni az orosz frontr\u00f3l hazat\u00e9rt katon\u00e1kat, mivel kommunista agit\u00e1ci\u00f3 vesz\u00e9lye \u00e1llt fenn.<br>A Nyilas P\u00e1rt \u00e1tteszi sz\u00e9khely\u00e9t a H\u0151s\u00f6k tere 11. sz\u00e1m alatti \u00fczlethelyis\u00e9gbe.<\/p>\n\n\n\n<h6 class=\"wp-block-heading\">Az \u00e9v els\u0151 h\u0151si halottai:<\/h6>\n\n\n\n<p><a href=\"http:\/\/www.hadisir.hu\/?o*=2&amp;bejegyzesek=lista&amp;*=0&amp;kategoria=2&amp;nev=Milassin+Lajos&amp;szul_ido=%C3%89%C3%89%C3%89%C3%89-HH-NN&amp;anyja_neve=&amp;p*=5\" target=\"_new\" rel=\"noopener noreferrer\">Milassin Lajos<\/a> az &#8222;Ungv\u00e1r&#8221; motoros parancsnoka. A Fekete &#8211; tengeren futott akn\u00e1ra 1942. november 9-\u00e9n.<br><a href=\"http:\/\/www.hadisir.hu\/?o*=0&amp;bejegyzesek=lista&amp;*=0&amp;kategoria=2&amp;nev=%C3%81d%C3%A1m+L%C3%B3r%C3%A1nt&amp;szul_ido=%C3%89%C3%89%C3%89%C3%89-HH-NN&amp;anyja_neve=&amp;p*=5\" target=\"_new\" rel=\"noopener noreferrer\">\u00c1d\u00e1m L\u00f3r\u00e1nt hadapr\u00f3d \u0151rmester<\/a>. A Don kanyarban az urivi &#8211; sztorozsevojei csat\u00e1ban 1942. augusztus 14.\u00e9n elv\u00e9rzett.<br><a href=\"http:\/\/www.hadisir.hu\/?o*=2&amp;bejegyzesek=lista&amp;*=0&amp;kategoria=2&amp;nev=N%C3%A1dasi+Jen%C5%91&amp;szul_ido=%C3%89%C3%89%C3%89%C3%89-HH-NN&amp;anyja_neve=&amp;p*=5\" target=\"_new\" rel=\"noopener noreferrer\">Dr. N\u00e1dasi Jen\u0151 <\/a>tartal\u00e9kos z\u00e1szl\u00f3s Pirigovo 1942. szeptember 5. Tatarinoban temett\u00e9k el.<br>Hercz Gy\u00f6rgy munkaszolg\u00e1latos 1942. okt\u00f3ber 10. Aknaszil\u00e1nk mindk\u00e9t l\u00e1b\u00e1t megsebes\u00edtette.<br>Balla Emil hadnagy 1942. augusztus 6. Korotojak<br><a href=\"http:\/\/www.hadisir.hu\/?o*=2&amp;bejegyzesek=lista&amp;*=0&amp;kategoria=2&amp;nev=Kov%C3%A1cs+Dezs%C5%91&amp;szul_ido=%C3%89%C3%89%C3%89%C3%89-HH-NN&amp;anyja_neve=Kohut+R%C3%B3za&amp;p*=5\" target=\"_new\" rel=\"noopener noreferrer\">Kov\u00e1cs Dezs\u0151<\/a> munkaszolg\u00e1latos 1942. szeptember 9-\u00e9n l\u0151szerrobban\u00e1sban halt meg Nyizsnij-Csurficsevon\u00e1l. Feles\u00e9ge \u00e9s gyermekei 1944. j\u00fanius 23-\u00e1n deport\u00e1ltk\u00e9nt indultak R\u00e1koskereszt\u00farr\u00f3l a hal\u00e1lt\u00e1borba.<\/p>\n\n\n\n<h2 class=\"wp-block-heading\">4. sz. Honv\u00e9ds\u00e9gi K\u00f6zl\u00f6ny 1942. janu\u00e1r 27. 57. oldal<\/h2>\n\n\n\n<p>A Korm\u00e1nyz\u00f3 \u00dar \u0150 F\u0151m\u00e9lt\u00f3s\u00e1ga 1942. \u00e9vi janu\u00e1r h\u00f3 8. napj\u00e1n kelt legfels\u0151bb elhat\u00e1 \u00adroz\u00e1s\u00e1val kinevezni m\u00e9lt\u00f3ztatott: <br>1942. \u00e9vi janu\u00e1r h\u00f3 1-\u00e9vel:<br>1942. janu\u00e1r 1-ei ranggal:<br>az I. \u00c1llom\u00e1nyf\u0151csoport B. \u00c1llom\u00e1nycsoport \u201et\u00e1bori lelk\u00e9szek&#8221; \u00e1llom\u00e1nycsoportj\u00e1ba<br>tart. (t\u00e1bori) lelk\u00e9szekk\u00e9:<br>a k\u00f6vetkez\u0151 p\u00f3ttartal\u00e9kosokat:<br><strong>Boros K\u00e1rolyt<\/strong> (1916. R\u00e1kosliget \u2014 Augerbauer Julianna) ev., V\u00e1c, 11. hely\u0151rs\u00e9gi k\u00f3rh\u00e1z.<\/p>\n\n\n\n<hr class=\"wp-block-separator has-alpha-channel-opacity\"\/>\n\n\n\n<h2 class=\"wp-block-heading\">14. sz. Honv\u00e9ds\u00e9gi K\u00f6zl\u00f6ny 1942. \u00e1prilis 3. 292; 341; 390; 442. oldalak<\/h2>\n\n\n\n<p>A Korm\u00e1nyz\u00f3 \u00dar \u0150 F\u0151m\u00e9lt\u00f3s\u00e1g a 1942. \u00e9vi m\u00e1rcius h\u00f3 27. napj\u00e1n kelt legfels\u0151bb elhat\u00e1\u00adroz\u00e1s\u00e1val a magyar kir\u00e1lyi honv\u00e9ds\u00e9g nemhivat\u00e1sos \u00e1llom\u00e1ny\u00e1ban<br>el\u0151l\u00e9ptetetni , illetve kinevezni m\u00e9lt\u00f3ztatott az A) \u00c1llom\u00e1nycsoportban a  gyalogs\u00e1gn\u00e1l szolg\u00e1latonk\u00edv\u00fcli viszonybeli tisztekn\u00e9l <strong>f\u0151hadnagyokk\u00e1<\/strong> a k\u00f6vetkez\u0151 tartal\u00e9kos hadnagyokat \u00e9vi \u00e1prilis h\u00f3 1-\u00e9vel, janu\u00e1r 1-ei ranggal:<br><strong>Horv\u00e1th Mikl\u00f3s \u00c1rp\u00e1dot<\/strong> (1910. R\u00e1kosliget \u2014 Bacs\u00e1k Em\u00edlia),<br><br>a <em>gyalogs\u00e1gn\u00e1<\/em>l a k\u00f6vetkez\u0151 tart. z\u00e1szl\u00f3sokat:<br><strong>Berhidi (Becker) Gyul\u00e1t <\/strong>(1908. R\u00e1kosliget \u2014 L\u00e9vai M\u00e1ria),<\/p>\n\n\n\n<p><strong>tartal\u00e9kos f\u0151hadnagyokk\u00e1<\/strong> a <em>ker\u00e9kp\u00e1ros gyalogs\u00e1gn\u00e1l<\/em><br>1942. \u00e9vi szeptember h\u00f3 1-\u00e9vel, szeptember 1-ei ranggal:<br><strong>Vrasich L\u00e1szl\u00f3t<\/strong> (tartal\u00e9kos hadnagy) (1912. R\u00e1kosliget \u2014 Bogner Ilona)<br><br>a <em>ker\u00e9kp\u00e1ros gyalogs\u00e1gn\u00e1l<\/em> <strong>tartal\u00e9kos z\u00e1szl\u00f3sokk\u00e1 <\/strong>a k\u00f6vetkez\u0151 tartal\u00e9kos hadapr\u00f3d \u00e9s karpaszom\u00e1nyos \u0151rmestereket, valamint c\u00edmzetes \u0151rmestereket:<br><strong>Szelev\u00e9nyi (Stojanovics) Emilt<\/strong> (1908. R\u00e1kosliget \u2014 Rajnai Am\u00e1lia).<\/p>\n\n\n\n<hr class=\"wp-block-separator has-alpha-channel-opacity\"\/>\n\n\n\n<h2 class=\"wp-block-heading\">17. sz. Honv\u00e9ds\u00e9gi K\u00f6zl\u00f6ny 1942. \u00e1prilis 28. 532. oldal<\/h2>\n\n\n\n<p>A m. kir. honv\u00e9d vez\u00e9rkar f\u0151n\u00f6ke okirati dics\u00e9r\u0151 elismer\u00e9sben r\u00e9szes\u00edtette a szovjet elleni hadm\u0171veletek alkalm\u00e1val az ellens\u00e9g el\u0151tt teljes\u00edtett kit\u0171n\u0151 szolg\u00e1lataik\u00e9rt:<br><strong>Vrasich L\u00e1szl\u00f3 <\/strong>tartal\u00e9kos f\u0151hadnagy (1912. R\u00e1koslige t \u2014 Bogner Ilona).<br>(Rendelet sz\u00e1ma : 136.182\/eln. 8\/e. vkf. \u2014 1941. sz. \u2014 1942. \u00e9vi \u00e1prilis h\u00f3 20-\u00e1n.)<\/p>\n\n\n\n<hr class=\"wp-block-separator has-alpha-channel-opacity\"\/>\n\n\n\n<h2 class=\"wp-block-heading\">31. sz. Honv\u00e9ds\u00e9gi K\u00f6zl\u00f6ny 1942. augusztus 4. 719. oldal<\/h2>\n\n\n\n<p>A 77.777\/eln. 8\/b.\u20141941. \u00e9s 6007\/eln. 8\/b.\u20141942. sz\u00e1m\u00fa rendeleteim alapj\u00e1n a magyar kir\u00e1lyi honv\u00e9ds\u00e9g nemhivat\u00e1sos \u00e1llom\u00e1ny\u00e1ban kinevezem <strong>tartal\u00e9kos z\u00e1szl\u00f3sokk\u00e1<\/strong> <em>a t\u00fcz\u00e9rs\u00e9gn\u00e9l<\/em> a k\u00f6vetkez\u0151 tart. hadapr\u00f3d \u00e9s karpaszom\u00e1nyos \u0151rmestereket, valamint c\u00edmzetes \u0151rmestereket 1942. \u00e9vi augusztus h\u00f3 1-\u00e9vel 1942. janu\u00e1r 1-ei ranggal:<br><strong>Per\u00e9nyi L\u00e1szl\u00f3t<\/strong> (1913. R\u00e1kosliget \u2014 Sz. Szigethy Erzs\u00e9bet) <\/p>\n\n\n\n<hr class=\"wp-block-separator has-alpha-channel-opacity\"\/>\n\n\n\n<h2 class=\"wp-block-heading\">32. sz. Honv\u00e9ds\u00e9gi K\u00f6zl\u00f6ny 1942. augusztus 4. 768; 778; 784; 786. oldalak<\/h2>\n\n\n\n<p>A Korm\u00e1nyz\u00f3 \u00dar \u0150 F\u0151m\u00e9lt\u00f3s\u00e1ga 1942. \u00e9vi \u00e1ugusztus h\u00f3 3. napj\u00e1n kelt legfels\u0151bb<br>elhat\u00e1roz\u00e1s\u00e1val, a magyar kir\u00e1lyi honv\u00e9ds\u00e9g nemhivat\u00e1sos \u00e1llom\u00e1ny\u00e1ban el\u0151l\u00e9ptetni, illetve kinevezni m\u00e9lt\u00f3ztatott <strong>f\u0151hadnagyokk\u00e1<\/strong> a <em>m\u0171szaki (ut\u00e1sz)<\/em> csapatn\u00e1l a k\u00f6vetkez\u0151 tartal\u00e9kos hadnagyokat 1942. \u00e9vi augusztus h\u00f3 1-\u00e9vel 1942. janu\u00e1r 1-ei ranggal:<br><strong>Dombov\u00e1ry (Dvoracsek) Antalt<\/strong> (1909. R\u00e1kosliget \u2014 T\u00f6r\u00f6k Ir\u00e9n),<\/p>\n\n\n\n<hr class=\"wp-block-separator has-alpha-channel-opacity\"\/>\n\n\n\n<p>a k\u00f6vetkez\u0151 tart. z\u00e1szl\u00f3sokat 1942. \u00e9vi augusztus h\u00f3 1-\u00e9vel 1942. janu\u00e1r 1-ei ranggal:<br><strong>Hajd\u00fa Istv\u00e1nt<\/strong> (1912. R\u00e1kosliget \u2014 K\u0151r\u00f6s Erzs\u00e9bet)<br><\/p>\n\n\n\n<p>a <em>t\u00fcz\u00e9rs\u00e9gn\u00e9l<\/em> a k\u00f6vetkez\u0151 tart. z\u00e1szl\u00f3sokat 1942.\u00e9vi augusztus h\u00f3 1-\u00e9vel:1942. janu\u00e1r 1-ei ranggal:<br><strong>Szab\u00f3 Endr\u00e9t<\/strong>  (1904. R\u00e1kosliget \u2014 Lenhardt Franciska),<\/p>\n\n\n\n<hr class=\"wp-block-separator has-alpha-channel-opacity\"\/>\n\n\n\n<p>a <em>m\u0171szaki (h\u00edrad\u00f3) csapat<\/em>n\u00e1l a k\u00f6vetkez\u0151 tart. z\u00e1szl\u00f3sokat 1942. \u00e9vi augusztus h\u00f3 1-\u00e9vel 1942. janu\u00e1r 1-ei ranggal:<br><strong>dr. Kassai (Klement) J\u00f3zsefet<\/strong> (1916. R\u00e1kosliget \u2014 Babi\u00e1k Erzs\u00e9bet)<\/p>\n\n\n\n<h2 class=\"wp-block-heading\">44. sz. Honv\u00e9ds\u00e9gi K\u00f6zl\u00f6ny 1942. okt\u00f3ber 27. 976. oldal<\/h2>\n\n\n\n<p>\u00c1TT\u00c9TEL a H. M. t\u00f6rzsk\u00fcl\u00f6n\u00edtm\u00e9nyn\u00e9l az l\/A. \u00e1llom\u00e1nycsoportb\u00f3l a II. szv. tisztvisel\u0151k \u00e1llom\u00e1nycsoportj\u00e1ba az I. hadtestn\u00e9l <strong>Klampfer K\u00e1roly<\/strong> (1895. R\u00e1kosliget \u2014 Szalay Ilona) tart. c. sz\u00e1zados tart. szv. c. f\u0151tisztvisel\u0151v\u00e9.<\/p>\n\n\n\n<h2 class=\"wp-block-heading\">46. sz. Honv\u00e9ds\u00e9gi K\u00f6zl\u00f6ny 1942. november 10. 1040. oldal<\/h2>\n\n\n\n<p>A Korm\u00e1nyz\u00f3 \u00dar \u00d6 F\u0151m\u00e9lt\u00f3s\u00e1ga 1942. \u00e9vi november h\u00f3 2. napj\u00e1n kelt legfels\u0151bb<br>elhat\u00e1roz\u00e1s\u00e1val a magyar kir\u00e1lyi honv\u00e9ds\u00e9g nemhivat\u00e1sos \u00e1llom\u00e1ny\u00e1ban el\u0151l\u00e9ptetni, illetve kinevezni m\u00e9lt\u00f3ztatott. <br><strong>Hadnagyokk\u00e1<\/strong> az \u00e9<em>lelmez\u00e9s\u00fcgyi csapatn\u00e1l<\/em> a k\u00f6vetkez\u0151 tart. z\u00e1szl\u00f3sokat:<br><strong>Bajusz Jen\u0151t<\/strong> (1913. R\u00e1kosliget. \u2014 Cz\u00f6vek? L\u0151vel? M\u00e1ria),.<\/p>\n\n\n\n<h2 class=\"wp-block-heading\">47. sz. Honv\u00e9ds\u00e9gi K\u00f6zl\u00f6ny 1942. november 17. 1115. oldal<\/h2>\n\n\n\n<p>Felveszem a m. kir. honv\u00e9ds\u00e9g hivat\u00e1sos \u00e1llom\u00e1ny\u00e1ba, az I . \u00c1llom\u00e1nyf\u0151csoporton<br>bel\u00fcl az A) \u00c1llom\u00e1nycsoportb\u00f3l a B.\/\u201410. \u201ehonv\u00e9d szertisztek \u00e1llom\u00e1nycsoportj\u00e1&#8221;-ba, a t\u00fcz\u00e9r szakm\u00e1ba val\u00f3 egyidej\u0171 \u00e1thelyez\u00e9s mellett, <strong>szert\u00e1ri z\u00e1szl\u00f3ss\u00e1:<\/strong> 1942. \u00e9vi augusztus h\u00f3 1-\u00e9vel, \u201ek\u00e9s\u0151bb meghat\u00e1rozand\u00f3&#8221; ranggal a k\u00f6vetkez\u0151 tartal\u00e9kos z\u00e1szl\u00f3s:<br><strong>Borb\u00e9ly B\u00e9l\u00e1t<\/strong> (1913. R\u00e1kosliget \u2014 Mester Erzs\u00e9bet),<br>eddigi \u201ez\u00e1szl\u00f3si&#8221; rendfokozat\u00e1nak \u201eszert\u00e1ri z\u00e1szl\u00f3s&#8221;-s\u00e1 val\u00f3 \u00e1tmin\u0151s\u00edt\u00e9se mellett.<\/p>\n\n\n\n<hr class=\"wp-block-separator has-alpha-channel-opacity\"\/>\n\n\n\n<h2 class=\"wp-block-heading\">48. sz. Honv\u00e9ds\u00e9gi K\u00f6zl\u00f6ny 1942. november 24. 1143; 1180; 1206; 1208. oldalak<\/h2>\n\n\n\n<p> A 45.040\/eln. 8\/b.\u20141942. sz\u00e1m\u00fa rendeletem alapj\u00e1n a magyar kir\u00e1lyi honv\u00e9ds\u00e9g nemhivat\u00e1sos \u00e1llom\u00e1ny\u00e1ban kinevezem <em>a gyalogs\u00e1gn\u00e1l<\/em> <strong>tartal\u00e9kos z\u00e1szl\u00f3sok<\/strong>k\u00e1:<br><strong>V\u00e9gv\u00e1ri D\u00e9nest<\/strong> (1919. R\u00e1kosliget \u2014 Ettei Julianna),<br><strong>Szab\u00f3 Ferencet<\/strong> (1919. R\u00e1kosliget \u2014 Fertetics Margit)<\/p>\n\n\n\n<hr class=\"wp-block-separator has-alpha-channel-opacity\"\/>\n\n\n\n<p>a honv\u00e9d szertisztekn\u00e9l: tartal\u00e9kos szert\u00e1ri z\u00e1szl\u00f3sokk\u00e1 1942. \u00e9vi okt\u00f3ber h\u00f3 1-\u00e9vel 1942. okt\u00f3ber 1-ei ranggal a k\u00f6vetkez\u0151 tart. karp. \u0151rmestereket \u00e9s c\u00edmz. \u0151rmestereket a rep\u00fcl\u0151 szakm\u00e1n\u00e1l <br><strong>S\u00e1rosy Gy\u00f6rgy\u00f6t<\/strong> (1916. R\u00e1kosliget \u2014 L\u00e1ng Erzs\u00e9bet),<br>a t\u00e1v\u00edr\u00e1sz szakm\u00e1n\u00e1l<br><strong>Fekete Ott\u00f3t<\/strong>  (1919. R\u00e1kosliget \u2014 V\u00e1g\u00f3 Paula),<\/p>\n\n\n\n<h2 class=\"wp-block-heading\">53. sz. Honv\u00e9ds\u00e9gi K\u00f6zl\u00f6ny 1942. december 22. 1379. oldal<\/h2>\n\n\n\n<p> A 45.040\/eln. 8. b. \u2014 1942. sz. rendeletem alapj\u00e1n a magyar kir\u00e1lyi honv\u00e9ds\u00e9g nemhivat\u00e1sos \u00e1llom\u00e1ny\u00e1ban kinevezem I. \u00c1llom\u00e1nyf\u0151csoportban A) \u00c1llom\u00e1nycsoportban tart\u00e1l\u00e9kos z\u00e1szl\u00f3ss\u00e1 a gyalogs\u00e1gn\u00e1l 1942. \u00e9vi okt\u00f3ber h\u00f3 1-\u00e9vel, 1942. okt\u00f3ber 1-ei ranggal a k\u00f6vetkez\u0151 tart. hadapr\u00f3d \u0151rmestereket \u00e9s hdp. c\u00edmz. \u0151rmestereket:<br><strong>Schmidt Istv\u00e1nt<\/strong> (1919. R\u00e1kosliget \u2014 Reguczky M\u00e1ria).<\/p>\n\n\n\n<hr class=\"wp-block-separator has-alpha-channel-opacity\"\/>\n\n\n\n<p><a href=\"https:\/\/rakosliget.hu\/wordpress\/index.php\/rakosliget-a-ii-vilaghaboruban\/\">Vissza a II. VIL\u00c1GH\u00c1BOR\u00da lapra<\/a><\/p>\n","protected":false},"excerpt":{"rendered":"<p>Vissza a II. VIL\u00c1GH\u00c1BOR\u00da lapra 1942. Elkezdik figyelni az orosz frontr\u00f3l hazat\u00e9rt katon\u00e1kat, mivel kommunista agit\u00e1ci\u00f3 vesz\u00e9lye \u00e1llt fenn.A Nyilas P\u00e1rt \u00e1tteszi sz\u00e9khely\u00e9t a H\u0151s\u00f6k tere 11. sz\u00e1m alatti \u00fczlethelyis\u00e9gbe. Az \u00e9v els\u0151 h\u0151si halottai: Milassin Lajos az &#8222;Ungv\u00e1r&#8221; motoros parancsnoka. A Fekete &#8211; tengeren futott akn\u00e1ra 1942. november 9-\u00e9n.\u00c1d\u00e1m L\u00f3r\u00e1nt hadapr\u00f3d \u0151rmester. A Don &hellip; <a href=\"https:\/\/rakosliget.hu\/wordpress\/index.php\/1942-2\/\" class=\"more-link\"><span class=\"screen-reader-text\">1942<\/span> r\u00e9szletei&#8230;<\/a><\/p>\n","protected":false},"author":1,"featured_media":0,"parent":0,"menu_order":0,"comment_status":"closed","ping_status":"closed","template":"","meta":{"footnotes":""},"class_list":["post-611","page","type-page","status-publish","hentry"],"_links":{"self":[{"href":"https:\/\/rakosliget.hu\/wordpress\/index.php\/wp-json\/wp\/v2\/pages\/611","targetHints":{"allow":["GET"]}}],"collection":[{"href":"https:\/\/rakosliget.hu\/wordpress\/index.php\/wp-json\/wp\/v2\/pages"}],"about":[{"href":"https:\/\/rakosliget.hu\/wordpress\/index.php\/wp-json\/wp\/v2\/types\/page"}],"author":[{"embeddable":true,"href":"https:\/\/rakosliget.hu\/wordpress\/index.php\/wp-json\/wp\/v2\/users\/1"}],"replies":[{"embeddable":true,"href":"https:\/\/rakosliget.hu\/wordpress\/index.php\/wp-json\/wp\/v2\/comments?post=611"}],"version-history":[{"count":24,"href":"https:\/\/rakosliget.hu\/wordpress\/index.php\/wp-json\/wp\/v2\/pages\/611\/revisions"}],"predecessor-version":[{"id":16909,"href":"https:\/\/rakosliget.hu\/wordpress\/index.php\/wp-json\/wp\/v2\/pages\/611\/revisions\/16909"}],"wp:attachment":[{"href":"https:\/\/rakosliget.hu\/wordpress\/index.php\/wp-json\/wp\/v2\/media?parent=611"}],"curies":[{"name":"wp","href":"https:\/\/api.w.org\/{rel}","templated":true}]}}