{"id":6090,"date":"2020-11-06T17:59:44","date_gmt":"2020-11-06T16:59:44","guid":{"rendered":"http:\/\/rakosliget.hu\/wordpress\/?page_id=6090"},"modified":"2020-11-06T18:00:57","modified_gmt":"2020-11-06T17:00:57","slug":"nepszinmu-palyazat","status":"publish","type":"page","link":"https:\/\/rakosliget.hu\/wordpress\/index.php\/nepszinmu-palyazat\/","title":{"rendered":"N\u00c9PSZ\u00cdNM\u0170 P\u00c1LY\u00c1ZAT"},"content":{"rendered":"\n<h2 class=\"wp-block-heading\">1923<\/h2>\n\n\n\n<div class=\"wp-block-image\"><figure class=\"aligncenter size-large\"><a href=\"http:\/\/rakosliget.hu\/wordpress\/wp-content\/uploads\/2020\/11\/1923-december-19-nepszinmu-verseny-eredmeny.jpg\"><img loading=\"lazy\" decoding=\"async\" width=\"377\" height=\"1024\" src=\"http:\/\/rakosliget.hu\/wordpress\/wp-content\/uploads\/2020\/11\/1923-december-19-nepszinmu-verseny-eredmeny-377x1024.jpg\" alt=\"\" class=\"wp-image-6092\" srcset=\"https:\/\/rakosliget.hu\/wordpress\/wp-content\/uploads\/2020\/11\/1923-december-19-nepszinmu-verseny-eredmeny-377x1024.jpg 377w, https:\/\/rakosliget.hu\/wordpress\/wp-content\/uploads\/2020\/11\/1923-december-19-nepszinmu-verseny-eredmeny-110x300.jpg 110w, https:\/\/rakosliget.hu\/wordpress\/wp-content\/uploads\/2020\/11\/1923-december-19-nepszinmu-verseny-eredmeny.jpg 564w\" sizes=\"auto, (max-width: 377px) 100vw, 377px\" \/><\/a><figcaption>1923. december 19. Az Ujs\u00e1g<\/figcaption><\/figure><\/div>\n","protected":false},"excerpt":{"rendered":"<p>1923<\/p>\n","protected":false},"author":1,"featured_media":0,"parent":0,"menu_order":0,"comment_status":"closed","ping_status":"closed","template":"","meta":{"footnotes":""},"class_list":["post-6090","page","type-page","status-publish","hentry"],"_links":{"self":[{"href":"https:\/\/rakosliget.hu\/wordpress\/index.php\/wp-json\/wp\/v2\/pages\/6090","targetHints":{"allow":["GET"]}}],"collection":[{"href":"https:\/\/rakosliget.hu\/wordpress\/index.php\/wp-json\/wp\/v2\/pages"}],"about":[{"href":"https:\/\/rakosliget.hu\/wordpress\/index.php\/wp-json\/wp\/v2\/types\/page"}],"author":[{"embeddable":true,"href":"https:\/\/rakosliget.hu\/wordpress\/index.php\/wp-json\/wp\/v2\/users\/1"}],"replies":[{"embeddable":true,"href":"https:\/\/rakosliget.hu\/wordpress\/index.php\/wp-json\/wp\/v2\/comments?post=6090"}],"version-history":[{"count":2,"href":"https:\/\/rakosliget.hu\/wordpress\/index.php\/wp-json\/wp\/v2\/pages\/6090\/revisions"}],"predecessor-version":[{"id":6093,"href":"https:\/\/rakosliget.hu\/wordpress\/index.php\/wp-json\/wp\/v2\/pages\/6090\/revisions\/6093"}],"wp:attachment":[{"href":"https:\/\/rakosliget.hu\/wordpress\/index.php\/wp-json\/wp\/v2\/media?parent=6090"}],"curies":[{"name":"wp","href":"https:\/\/api.w.org\/{rel}","templated":true}]}}