{"id":607,"date":"2018-03-11T05:15:15","date_gmt":"2018-03-11T04:15:15","guid":{"rendered":"http:\/\/rakosliget.hu\/wordpress\/?page_id=607"},"modified":"2025-03-08T19:22:13","modified_gmt":"2025-03-08T18:22:13","slug":"1941-2","status":"publish","type":"page","link":"https:\/\/rakosliget.hu\/wordpress\/index.php\/1941-2\/","title":{"rendered":"1941"},"content":{"rendered":"\n<p><a href=\"https:\/\/rakosliget.hu\/wordpress\/index.php\/rakosliget-a-ii-vilaghaboruban\/\">Vissza a II. VIL\u00c1GH\u00c1BOR\u00da lapra<\/a><\/p>\n\n\n<p>Az <strong>1941.<\/strong> \u00e9vben m\u00e1r \u00e9rezhet\u0151 volt az ell\u00e1t\u00e1s ter\u00e9n is a h\u00e1bor\u00fa negat\u00edv hat\u00e1sa. Lisztb\u0151l 20 dkg volt a fejadag. Gondok voltak a cip\u0151 ell\u00e1t\u00e1ssal is. A sz\u00fcks\u00e9ges mennyis\u00e9g helyett alig \u00f6t\u00f6de, havonta 60 p\u00e1r cip\u0151 \u00e9rkezett. J\u00faliusban liszthi\u00e1ny \u00fct\u00f6tte fel a fej\u00e9t. Nem lehetett kapni egy\u00e1ltal\u00e1n. A keny\u00e9rjegy bevezet\u00e9s\u00e9vel okt\u00f3berben enyh\u00fclt a hi\u00e1ny. Keny\u00e9r jobban volt, miut\u00e1n okt\u00f3berben a zs\u00edrfejadag cs\u00f6kkent heti 16 dkg-r\u00f3l 10 dkg-ra. Az 1941. \u00e9vi hi\u00e1nyok oka a h\u00e1bor\u00faban t\u00f6rt\u00e9n\u0151 er\u0151teljes r\u00e9szv\u00e9tel volt. Ne feledj\u00fck, ekkor m\u00e1r magyar honv\u00e9dek harcoltak a Don foly\u00f3n\u00e1l.<br \/>Ebben az \u00e9vben egy z\u00f6m\u00e9ben rut\u00e9n falu k\u00e9rte R\u00e1kosligetet, hogy fogadja testv\u00e9rk\u00f6zs\u00e9g\u00fcl. <strong>Szinnajalova<\/strong> lakoss\u00e1ga ugyan rut\u00e9n, de magyar \u00e9rz\u00e9s\u0171 volt. A rut\u00e9n nemzetis\u00e9g nemzeti \u00f6ntudra \u00e9bred\u00e9s\u00e9t a magyar szabads\u00e1gharc idej\u00e9re, 1848-49 lehet dat\u00e1lni. A magyarok fel\u00e9 ez\u00e9rt ilyen pozit\u00edv az elk\u00f6telezetts\u00e9g\u00fck.<\/p>\n<p align=\"center\"><a href=\"http:\/\/rakosliget.hu\/kepIIvilaghaboru\/jaluva.jpg\"><img loading=\"lazy\" decoding=\"async\" src=\"http:\/\/rakosliget.hu\/kepIIvilaghaboru\/jalova.jpg\" width=\"554\" height=\"331\" \/><\/a><\/p>\n<h6>\u00d6ssze\u00e1ll\u00edtott\u00e1k a zsid\u00f3 iparosok n\u00e9vsor\u00e1t:<\/h6>\n<table border=\"1\" width=\"653\">\n<tbody>\n<tr>\n<td width=\"168\">\n<div align=\"center\">Alp\u00e1r B\u00e9la villanyszerel\u0151<\/div>\n<\/td>\n<td width=\"98\">\n<div align=\"center\">Alp\u00e1r D\u00e1vid<\/div>\n<\/td>\n<td width=\"104\">\n<div align=\"center\">Braun Ferenc<\/div>\n<\/td>\n<td width=\"136\">\n<div align=\"center\">Fridmann S\u00e1ndor<\/div>\n<\/td>\n<td width=\"113\">\n<div align=\"center\">K\u00edgy\u00f3si M\u00e1rkus<\/div>\n<\/td>\n<\/tr>\n<\/tbody>\n<\/table>\n<h6>Zsid\u00f3 keresked\u0151k:<\/h6>\n<table border=\"1\" width=\"686\">\n<tbody>\n<tr>\n<td width=\"150\">\n<div align=\"center\">Balogh L\u00e1szl\u00f3n\u00e9<\/div>\n<\/td>\n<td width=\"125\">\n<div align=\"center\">\u00f6zv. Nagy M\u00f3rn\u00e9<\/div>\n<\/td>\n<td width=\"135\">\n<div align=\"center\">Sch\u0151ngut Ed\u00e9n\u00e9<\/div>\n<\/td>\n<td width=\"104\">\n<div align=\"center\">Hercz Ign\u00e1c<\/div>\n<\/td>\n<td width=\"138\">\n<div align=\"center\">Khon Ed\u00e9n\u00e9<\/div>\n<\/td>\n<\/tr>\n<tr>\n<td>\n<div align=\"center\">Benedek K. Vilmos<\/div>\n<\/td>\n<td>\n<div align=\"center\">Fuchs Hug\u00f3<\/div>\n<\/td>\n<td>\n<div align=\"center\">Falk Simon<\/div>\n<\/td>\n<td>\n<div align=\"center\">Maros M\u00e1rton<\/div>\n<\/td>\n<\/tr>\n<\/tbody>\n<\/table>\n\n\n<h2 class=\"wp-block-heading\">56. sz\u00e1m\u00fa Honv\u00e9ds\u00e9gi K\u00f6zl\u00f6ny 1941. december 2. 749. oldal<\/h2>\n\n\n\n<p>A magyar kir\u00e1lyi I. honv\u00e9d gyorshadtest parancsnoka a Korm\u00e1nyz\u00f3 \u00dar \u0150 F\u0151m\u00e9lt\u00f3s\u00e1ga \u00e1ltal re\u00e1 \u00e1truh\u00e1zott hat\u00e1sk\u00f6rben a Legfels\u0151bb Had\u00far nev\u00e9ben az al\u00e1bbi kit\u00fcntet\u00e9seket adom\u00e1nyozta:<br>a Szovjet elleni hadm\u0171veletek alkalm\u00e1val az ellens\u00e9g el\u0151tt tan\u00fas\u00edtott vit\u00e9z magatart\u00e1s\u00e9rt a Magyar Bronz Vit\u00e9zs\u00e9gi \u00c9rmet adom\u00e1nyozta:<br><strong>Szab\u00f3 J\u00f3zsef tartal\u00e9kos c. szakaszvezet\u0151nek<\/strong> (1911. R\u00e1kosliget \u2014 Holl Anna),<br><\/p>\n\n\n\n<h2 class=\"wp-block-heading\">58. sz\u00e1m\u00fa Honv\u00e9ds\u00e9gi K\u00f6zl\u00f6ny 1941. december 10. 768. \u00e9s 804.oldal<\/h2>\n\n\n\n<p>MAGYAR KIR\u00c1LYI HONV\u00c9DELMI MINISZTERI KINEVEZ\u00c9SEK TARTAL\u00c9KOS Z\u00c1SZL\u00d3SS\u00c1 a k\u00f6vetkez\u0151 tartal\u00e9kos hadapr\u00f3d \u0151rmestereket \u00e9s hadapr\u00f3d c\u00edmzetes \u0151rmestereket:<br><em>Gyalogs\u00e1gn\u00e1l: <\/em><br>Hazai Aur\u00e9lt (1917. R\u00e1kosliget. Lapis Ir\u00e9n), <br>Voloncs J\u00f3zsefet (1915. R\u00e1kosliget. Barab\u00e1s Anna),<br><em>az \u00e9lelmez\u00e9s\u00fcgyi csapatn\u00e1l:<\/em><br>Er\u0151ss Dezs\u0151t (1915. R\u00e1kosliget. Tibenszky Cecilia).<\/p>\n\n\n\n<p><a href=\"https:\/\/rakosliget.hu\/wordpress\/index.php\/rakosliget-a-ii-vilaghaboruban\/\">Vissza a II. VIL\u00c1GH\u00c1BOR\u00da lapra<\/a><\/p>\n","protected":false},"excerpt":{"rendered":"<p>Vissza a II. VIL\u00c1GH\u00c1BOR\u00da lapra Az 1941. \u00e9vben m\u00e1r \u00e9rezhet\u0151 volt az ell\u00e1t\u00e1s ter\u00e9n is a h\u00e1bor\u00fa negat\u00edv hat\u00e1sa. Lisztb\u0151l 20 dkg volt a fejadag. Gondok voltak a cip\u0151 ell\u00e1t\u00e1ssal is. A sz\u00fcks\u00e9ges mennyis\u00e9g helyett alig \u00f6t\u00f6de, havonta 60 p\u00e1r cip\u0151 \u00e9rkezett. J\u00faliusban liszthi\u00e1ny \u00fct\u00f6tte fel a fej\u00e9t. Nem lehetett kapni egy\u00e1ltal\u00e1n. A keny\u00e9rjegy bevezet\u00e9s\u00e9vel &hellip; <a href=\"https:\/\/rakosliget.hu\/wordpress\/index.php\/1941-2\/\" class=\"more-link\"><span class=\"screen-reader-text\">1941<\/span> r\u00e9szletei&#8230;<\/a><\/p>\n","protected":false},"author":1,"featured_media":0,"parent":0,"menu_order":0,"comment_status":"closed","ping_status":"closed","template":"","meta":{"footnotes":""},"class_list":["post-607","page","type-page","status-publish","hentry"],"_links":{"self":[{"href":"https:\/\/rakosliget.hu\/wordpress\/index.php\/wp-json\/wp\/v2\/pages\/607","targetHints":{"allow":["GET"]}}],"collection":[{"href":"https:\/\/rakosliget.hu\/wordpress\/index.php\/wp-json\/wp\/v2\/pages"}],"about":[{"href":"https:\/\/rakosliget.hu\/wordpress\/index.php\/wp-json\/wp\/v2\/types\/page"}],"author":[{"embeddable":true,"href":"https:\/\/rakosliget.hu\/wordpress\/index.php\/wp-json\/wp\/v2\/users\/1"}],"replies":[{"embeddable":true,"href":"https:\/\/rakosliget.hu\/wordpress\/index.php\/wp-json\/wp\/v2\/comments?post=607"}],"version-history":[{"count":5,"href":"https:\/\/rakosliget.hu\/wordpress\/index.php\/wp-json\/wp\/v2\/pages\/607\/revisions"}],"predecessor-version":[{"id":16856,"href":"https:\/\/rakosliget.hu\/wordpress\/index.php\/wp-json\/wp\/v2\/pages\/607\/revisions\/16856"}],"wp:attachment":[{"href":"https:\/\/rakosliget.hu\/wordpress\/index.php\/wp-json\/wp\/v2\/media?parent=607"}],"curies":[{"name":"wp","href":"https:\/\/api.w.org\/{rel}","templated":true}]}}