{"id":6048,"date":"2020-11-06T13:08:51","date_gmt":"2020-11-06T12:08:51","guid":{"rendered":"http:\/\/rakosliget.hu\/wordpress\/?page_id=6048"},"modified":"2026-03-22T20:42:55","modified_gmt":"2026-03-22T19:42:55","slug":"1919-tanacskoztarsasag","status":"publish","type":"page","link":"https:\/\/rakosliget.hu\/wordpress\/index.php\/1919-tanacskoztarsasag\/","title":{"rendered":"1919. TAN\u00c1CSK\u00d6ZT\u00c1RSAS\u00c1G"},"content":{"rendered":"\n<p><\/p>\n\n\n<div class=\"wp-block-image\">\n<figure class=\"aligncenter size-full\"><img loading=\"lazy\" decoding=\"async\" width=\"640\" height=\"483\" src=\"https:\/\/rakosliget.hu\/wordpress\/wp-content\/uploads\/2026\/02\/Vorosorseg-Rakosliget.png\" alt=\"\" class=\"wp-image-22695\" srcset=\"https:\/\/rakosliget.hu\/wordpress\/wp-content\/uploads\/2026\/02\/Vorosorseg-Rakosliget.png 640w, https:\/\/rakosliget.hu\/wordpress\/wp-content\/uploads\/2026\/02\/Vorosorseg-Rakosliget-300x226.png 300w\" sizes=\"auto, (max-width: 640px) 100vw, 640px\" \/><figcaption class=\"wp-element-caption\">V\u00f6r\u00f6s\u00f6rs\u00e9g R\u00e1kosligeten. \u00c1ll\u00f3 sor, jobbr\u00f3l m\u00e1sodik: J\u00e1szai K\u00e1roly. Forr\u00e1s: Magyar Nemzeti M\u00fazeum f\u00e9nyk\u00e9pt\u00e1r. <a href=\"https:\/\/gyujtemenyek.mnm.hu\/record\/-\/record\/display\/manifestation\/MNMMUSEUM1553878\/74afe0db-76a6-4dfb-a449-9cebd3933c48\/solr\/0\/24\/1\/9\/importDate\/DESC\">https:\/\/gyujtemenyek.mnm.hu\/record\/-\/record\/display\/manifestation\/MNMMUSEUM1553878\/74afe0db-76a6-4dfb-a449-9cebd3933c48\/solr\/0\/24\/1\/9\/importDate\/DESC<\/a><br><\/figcaption><\/figure>\n<\/div>\n\n\n<figure class=\"wp-block-image size-full\"><img loading=\"lazy\" decoding=\"async\" width=\"1256\" height=\"944\" src=\"https:\/\/rakosliget.hu\/wordpress\/wp-content\/uploads\/2026\/03\/Vorosorseg-Rakosliget.jpg\" alt=\"\" class=\"wp-image-23917\" srcset=\"https:\/\/rakosliget.hu\/wordpress\/wp-content\/uploads\/2026\/03\/Vorosorseg-Rakosliget.jpg 1256w, https:\/\/rakosliget.hu\/wordpress\/wp-content\/uploads\/2026\/03\/Vorosorseg-Rakosliget-300x225.jpg 300w, https:\/\/rakosliget.hu\/wordpress\/wp-content\/uploads\/2026\/03\/Vorosorseg-Rakosliget-768x577.jpg 768w\" sizes=\"auto, (max-width: 1256px) 100vw, 1256px\" \/><figcaption class=\"wp-element-caption\">AI jav\u00edtott \u00e9s szinezett.<\/figcaption><\/figure>\n\n\n\n<p><\/p>\n\n\n\n<p>1919. m\u00e1rcius 27-\u00e9n \u00edrja V\u00f6r\u00f6s \u00dajs\u00e1g 40. sz\u00e1ma: \u201eA g\u00f6d\u00f6ll\u0151i j\u00e1r\u00e1s k\u00f6zs\u00e9geinek t\u00falnyom\u00f3 r\u00e9sz\u00e9ben \u2014 P\u00e9celen, R\u00e1koskereszt\u00faron, M\u00e1ty\u00e1sf\u00f6ld\u00f6n, Cinkot\u00e1n, Valk\u00f3n, Zs\u00e1mbokon, R\u00e1kosligeten, Isaszegen \u00e9s m\u00e1s k\u00f6zs\u00e9gekben is \u2014 megalakultak a tan\u00e1csok. M\u00e1rcius 30-\u00e1n, vas\u00e1rnap G\u00f6d\u00f6ll\u0151n k\u00fcld\u00f6tt\u00e9rtekezletet tartanak, amelyen a volt J\u00e1r\u00e1si Munk\u00e1s- \u00e9s Katonatan\u00e1cs tagjai, valamint a k\u00f6zs\u00e9gi szovjetek k\u00e9t-k\u00e9t megh\u00edvottja vehet r\u00e9szt. A bejelent\u00e9sek Vojticzky Gyula n\u00e9pbiztos elvt\u00e1rshoz el\u0151zetesen bek\u00fcldend\u0151k\u201d. A Forradalmi Korm\u00e1nyz\u00f3tan\u00e1cs a neh\u00e9z testi munk\u00e1t v\u00e9gz\u0151 gazdas\u00e1gi csel\u00e9dek r\u00e9sz\u00e9re meg\u00e1llap\u00edtott gabona fejadagot szem\u00e9lyenk\u00e9nt \u00e9s havonk\u00e9nt 25 kg-ra felemelte. <\/p>\n\n\n\n<h2 class=\"wp-block-heading\">LAK\u00c1SFOGLAL\u00c1SOK<\/h2>\n\n\n<div class=\"wp-block-image\">\n<figure class=\"aligncenter size-large\"><img loading=\"lazy\" decoding=\"async\" width=\"573\" height=\"527\" src=\"http:\/\/rakosliget.hu\/wordpress\/wp-content\/uploads\/2020\/11\/1919-aprilis-3-lakasfoglalas.jpg\" alt=\"\" class=\"wp-image-6046\" srcset=\"https:\/\/rakosliget.hu\/wordpress\/wp-content\/uploads\/2020\/11\/1919-aprilis-3-lakasfoglalas.jpg 573w, https:\/\/rakosliget.hu\/wordpress\/wp-content\/uploads\/2020\/11\/1919-aprilis-3-lakasfoglalas-300x276.jpg 300w\" sizes=\"auto, (max-width: 573px) 100vw, 573px\" \/><figcaption class=\"wp-element-caption\">Lak\u00e1sfoglal\u00e1sok. 1919. \u00e1prilis 3. Az Ujs\u00e1g<\/figcaption><\/figure>\n<\/div>\n\n<div class=\"wp-block-image\">\n<figure class=\"aligncenter size-large\"><a href=\"http:\/\/rakosliget.hu\/wordpress\/wp-content\/uploads\/2020\/11\/1919-aprilis-13-lakasfoglalas.jpg\"><img loading=\"lazy\" decoding=\"async\" width=\"463\" height=\"1024\" src=\"http:\/\/rakosliget.hu\/wordpress\/wp-content\/uploads\/2020\/11\/1919-aprilis-13-lakasfoglalas-463x1024.jpg\" alt=\"\" class=\"wp-image-6053\" srcset=\"https:\/\/rakosliget.hu\/wordpress\/wp-content\/uploads\/2020\/11\/1919-aprilis-13-lakasfoglalas-463x1024.jpg 463w, https:\/\/rakosliget.hu\/wordpress\/wp-content\/uploads\/2020\/11\/1919-aprilis-13-lakasfoglalas-136x300.jpg 136w, https:\/\/rakosliget.hu\/wordpress\/wp-content\/uploads\/2020\/11\/1919-aprilis-13-lakasfoglalas-768x1698.jpg 768w, https:\/\/rakosliget.hu\/wordpress\/wp-content\/uploads\/2020\/11\/1919-aprilis-13-lakasfoglalas-695x1536.jpg 695w, https:\/\/rakosliget.hu\/wordpress\/wp-content\/uploads\/2020\/11\/1919-aprilis-13-lakasfoglalas-926x2048.jpg 926w, https:\/\/rakosliget.hu\/wordpress\/wp-content\/uploads\/2020\/11\/1919-aprilis-13-lakasfoglalas.jpg 1126w\" sizes=\"auto, (max-width: 463px) 100vw, 463px\" \/><\/a><figcaption class=\"wp-element-caption\">Lak\u00e1sfoglal\u00e1s. 1919. \u00e1prilis 13. Az Ujs\u00e1g<\/figcaption><\/figure>\n<\/div>\n\n\n<figure class=\"wp-block-image size-full\"><img loading=\"lazy\" decoding=\"async\" width=\"942\" height=\"601\" src=\"https:\/\/rakosliget.hu\/wordpress\/wp-content\/uploads\/2023\/02\/munkastanacsok-1919.jpg\" alt=\"\" class=\"wp-image-11023\" srcset=\"https:\/\/rakosliget.hu\/wordpress\/wp-content\/uploads\/2023\/02\/munkastanacsok-1919.jpg 942w, https:\/\/rakosliget.hu\/wordpress\/wp-content\/uploads\/2023\/02\/munkastanacsok-1919-300x191.jpg 300w, https:\/\/rakosliget.hu\/wordpress\/wp-content\/uploads\/2023\/02\/munkastanacsok-1919-768x490.jpg 768w\" sizes=\"auto, (max-width: 942px) 100vw, 942px\" \/><figcaption class=\"wp-element-caption\">Forr\u00e1s: Magyarorsz\u00e1g 1919.04.13.<\/figcaption><\/figure>\n\n\n<div class=\"wp-block-image\">\n<figure class=\"aligncenter size-large\"><a href=\"http:\/\/rakosliget.hu\/wordpress\/wp-content\/uploads\/2020\/11\/1919-aprilis-29-rokkantak-segelye.jpg\"><img loading=\"lazy\" decoding=\"async\" width=\"531\" height=\"1024\" src=\"http:\/\/rakosliget.hu\/wordpress\/wp-content\/uploads\/2020\/11\/1919-aprilis-29-rokkantak-segelye-531x1024.jpg\" alt=\"\" class=\"wp-image-6057\" srcset=\"https:\/\/rakosliget.hu\/wordpress\/wp-content\/uploads\/2020\/11\/1919-aprilis-29-rokkantak-segelye-531x1024.jpg 531w, https:\/\/rakosliget.hu\/wordpress\/wp-content\/uploads\/2020\/11\/1919-aprilis-29-rokkantak-segelye-156x300.jpg 156w, https:\/\/rakosliget.hu\/wordpress\/wp-content\/uploads\/2020\/11\/1919-aprilis-29-rokkantak-segelye.jpg 578w\" sizes=\"auto, (max-width: 531px) 100vw, 531px\" \/><\/a><figcaption class=\"wp-element-caption\">Rokkantak seg\u00e9lyez\u00e9se. 1919. \u00e1prilis 29. Az Ujs\u00e1g<\/figcaption><\/figure>\n<\/div>\n\n\n<p>1919-ben  t\u00f6rt\u00e9nt, hogy&nbsp;Kundr\u00e1th Gyula elment a r\u00e1kosligeti k\u00f6zs\u00e9gh\u00e1z\u00e1ra (VIII. utca sark\u00e1n l\u00e9v\u0151 \u00e9p\u00fclet, amely k\u00e9s\u0151bb iskola lett), majd a bolsevik-zsid\u00f3kat csirkefog\u00f3knak nevezte, illetve kiutas\u00edtotta \u0151ket a v\u00e1rosh\u00e1z\u00e1r\u00f3l. Bossz\u00fab\u00f3l Holnapy Ern\u0151 hat v\u00f6r\u00f6s\u0151rrel egy\u00fctt elment Kundr\u00e1th lak\u00e1s\u00e1ra, \u00e1m Kundr\u00e1th l\u0151fegyverrel \u00fcld\u00f6zte el a bolsevikokat. Holnapy a r\u00e1koskereszt\u00fari bolsevikokt\u00f3l k\u00e9rt seg\u00edts\u00e9get, majd a g\u00f6d\u00f6ll\u0151i parancsnoks\u00e1g parancsot adott Kundr\u00e1th kiv\u00e9gz\u00e9s\u00e9re, illetve arra is, hogy Kundr\u00e1th h\u00e1z\u00e1t is l\u0151j\u00e9k sz\u00e9t. Kundr\u00e1th id\u0151ben megtudta, hogy mire k\u00e9sz\u00fclnek ellene \u00e9s elmenek\u00fclt. A v\u00f6r\u00f6s\u0151rs\u00e9g R\u00e1kosligetr\u0151l a Tan\u00e1csk\u00f6zt\u00e1rsas\u00e1g v\u00e9ge ut\u00e1n 1 nappal, 1919. augusztus 2-\u00e1n Budapestre indult \u00e9s csak egy v\u00f6r\u00f6s sz\u00e1zadot hagytak a telep\u00fcl\u00e9sen. \u00c1m \u00e9jjel egy csapat, id\u0151sebb Debreczeni Istv\u00e1n, Foltin G\u00e9za, Step\u00e1n Alad\u00e1r, Pint\u00e9r J\u00f3zsef, Szab\u00f3 Lajos, ifjabb Debreczeni Istv\u00e1n hadnagy vezet\u00e9s\u00e9vel megt\u00e1madt\u00e1k a bolsevik sz\u00e1zadot. Azonnal polg\u00e1r\u0151rs\u00e9get toboroztak a r\u00e1kosligeti lakosokb\u00f3l, majd fel\u00e1ll\u00edtottak k\u00e9t g\u00e9ppusk\u00e1t a f\u0151t\u00e9ren arra az esetre, ha a bolsevikok megt\u00e1madn\u00e1k a telep\u00fcl\u00e9st. A polg\u00e1r\u0151r\u00f6ket felfegyverezt\u00e9k. Az esem\u00e9nyek elind\u00edt\u00f3ja, Kundr\u00e1th Gyula evang\u00e9likus presbiter volt, aki 16 \u00e9vig volt k\u00f6zs\u00e9gi k\u00e9pvisel\u0151. Harcolt az 1. vil\u00e1gh\u00e1bor\u00faban is. F\u0171szerrel kereskedett.<\/p>\n\n\n\n<p>Pecs\u00e9tek jegyz\u00e9ke: R\u00e1kosliget<br>252. R\u00c1KOSLIGETI MUNK\u00c1STAN\u00c1CS \u2014 III. 30\u2014V. 16. \u2014 lila. (BFL X. Ker.<br>M. T. ir. \u2014 7342.)<br>253. PEST-PILIS-SOLT-KISKUN V\u00c1RMEGYE R\u00c1KOSLIGET K\u00d6ZS\u00c9G DIREKT\u00d3RIUMA \u2014 VII. 26. \u2014 lila. (OL L 9\u2014864.)<br>Forr\u00e1s: <strong>R\u00e9ti L\u00e1szl\u00f3<\/strong>: A magyar Tan\u00e1csk\u00f6zt\u00e1rsas\u00e1g helyi szervei \u00e9s pecs\u00e9teik (Budapest, 1973) \/ M\u00c1SODIK R\u00c9SZ. A megy\u00e9k<br><br><\/p>\n\n\n\n<div class=\"wp-block-buttons is-content-justification-center is-layout-flex wp-container-core-buttons-is-layout-16018d1d wp-block-buttons-is-layout-flex\">\n<div class=\"wp-block-button\"><a class=\"wp-block-button__link wp-element-button\" href=\"https:\/\/rakosliget.hu\/wordpress\/index.php\/a-tanacskoztarsasag-utani-perek-rakosligeti-vadlottjai\/\">A Tan\u00e1csk\u00f6zt\u00e1rsas\u00e1g ut\u00e1ni perek R\u00e1kosligeti v\u00e1dlottjai<\/a><\/div>\n<\/div>\n","protected":false},"excerpt":{"rendered":"<p>1919. m\u00e1rcius 27-\u00e9n \u00edrja V\u00f6r\u00f6s \u00dajs\u00e1g 40. sz\u00e1ma: \u201eA g\u00f6d\u00f6ll\u0151i j\u00e1r\u00e1s k\u00f6zs\u00e9geinek t\u00falnyom\u00f3 r\u00e9sz\u00e9ben \u2014 P\u00e9celen, R\u00e1koskereszt\u00faron, M\u00e1ty\u00e1sf\u00f6ld\u00f6n, Cinkot\u00e1n, Valk\u00f3n, Zs\u00e1mbokon, R\u00e1kosligeten, Isaszegen \u00e9s m\u00e1s k\u00f6zs\u00e9gekben is \u2014 megalakultak a tan\u00e1csok. M\u00e1rcius 30-\u00e1n, vas\u00e1rnap G\u00f6d\u00f6ll\u0151n k\u00fcld\u00f6tt\u00e9rtekezletet tartanak, amelyen a volt J\u00e1r\u00e1si Munk\u00e1s- \u00e9s Katonatan\u00e1cs tagjai, valamint a k\u00f6zs\u00e9gi szovjetek k\u00e9t-k\u00e9t megh\u00edvottja vehet r\u00e9szt. A bejelent\u00e9sek &hellip; <a href=\"https:\/\/rakosliget.hu\/wordpress\/index.php\/1919-tanacskoztarsasag\/\" class=\"more-link\"><span class=\"screen-reader-text\">1919. TAN\u00c1CSK\u00d6ZT\u00c1RSAS\u00c1G<\/span> r\u00e9szletei&#8230;<\/a><\/p>\n","protected":false},"author":1,"featured_media":0,"parent":0,"menu_order":0,"comment_status":"closed","ping_status":"closed","template":"","meta":{"footnotes":""},"class_list":["post-6048","page","type-page","status-publish","hentry"],"_links":{"self":[{"href":"https:\/\/rakosliget.hu\/wordpress\/index.php\/wp-json\/wp\/v2\/pages\/6048","targetHints":{"allow":["GET"]}}],"collection":[{"href":"https:\/\/rakosliget.hu\/wordpress\/index.php\/wp-json\/wp\/v2\/pages"}],"about":[{"href":"https:\/\/rakosliget.hu\/wordpress\/index.php\/wp-json\/wp\/v2\/types\/page"}],"author":[{"embeddable":true,"href":"https:\/\/rakosliget.hu\/wordpress\/index.php\/wp-json\/wp\/v2\/users\/1"}],"replies":[{"embeddable":true,"href":"https:\/\/rakosliget.hu\/wordpress\/index.php\/wp-json\/wp\/v2\/comments?post=6048"}],"version-history":[{"count":12,"href":"https:\/\/rakosliget.hu\/wordpress\/index.php\/wp-json\/wp\/v2\/pages\/6048\/revisions"}],"predecessor-version":[{"id":23918,"href":"https:\/\/rakosliget.hu\/wordpress\/index.php\/wp-json\/wp\/v2\/pages\/6048\/revisions\/23918"}],"wp:attachment":[{"href":"https:\/\/rakosliget.hu\/wordpress\/index.php\/wp-json\/wp\/v2\/media?parent=6048"}],"curies":[{"name":"wp","href":"https:\/\/api.w.org\/{rel}","templated":true}]}}