{"id":6037,"date":"2020-11-06T12:57:01","date_gmt":"2020-11-06T11:57:01","guid":{"rendered":"http:\/\/rakosliget.hu\/wordpress\/?page_id=6037"},"modified":"2020-11-13T14:38:21","modified_gmt":"2020-11-13T13:38:21","slug":"loverseny","status":"publish","type":"page","link":"https:\/\/rakosliget.hu\/wordpress\/index.php\/loverseny\/","title":{"rendered":"L\u00d3VERSENY"},"content":{"rendered":"<p>1918-ban R\u00e1kosliget handicap volt az alagi l\u00f3versenyp\u00e1ly\u00e1n.<\/p>\n<p>&nbsp;<\/p>\n\n\n<div class=\"wp-block-image\"><figure class=\"aligncenter size-large\"><a href=\"http:\/\/rakosliget.hu\/wordpress\/wp-content\/uploads\/2020\/11\/1918-.jpg\"><img loading=\"lazy\" decoding=\"async\" width=\"584\" height=\"733\" src=\"http:\/\/rakosliget.hu\/wordpress\/wp-content\/uploads\/2020\/11\/1918-.jpg\" alt=\"\" class=\"wp-image-6039\" srcset=\"https:\/\/rakosliget.hu\/wordpress\/wp-content\/uploads\/2020\/11\/1918-.jpg 584w, https:\/\/rakosliget.hu\/wordpress\/wp-content\/uploads\/2020\/11\/1918--239x300.jpg 239w\" sizes=\"auto, (max-width: 584px) 100vw, 584px\" \/><\/a><figcaption>1918. j\u00falius. Az Ujs\u00e1g<\/figcaption><\/figure><\/div>\n\n\n\n<p>A R\u00e1kosligeti handicap eredm\u00e9nyei 1943. szeptember 7-\u00e9n az Ujs\u00e1g -ban.<\/p>\n\n\n\n<div class=\"wp-block-image\"><figure class=\"aligncenter size-large\"><a href=\"http:\/\/rakosliget.hu\/wordpress\/wp-content\/uploads\/2020\/11\/1943-szeptember-7-looverseny.jpg\"><img loading=\"lazy\" decoding=\"async\" width=\"377\" height=\"1024\" src=\"http:\/\/rakosliget.hu\/wordpress\/wp-content\/uploads\/2020\/11\/1943-szeptember-7-looverseny-377x1024.jpg\" alt=\"\" class=\"wp-image-6720\" srcset=\"https:\/\/rakosliget.hu\/wordpress\/wp-content\/uploads\/2020\/11\/1943-szeptember-7-looverseny-377x1024.jpg 377w, https:\/\/rakosliget.hu\/wordpress\/wp-content\/uploads\/2020\/11\/1943-szeptember-7-looverseny-110x300.jpg 110w, https:\/\/rakosliget.hu\/wordpress\/wp-content\/uploads\/2020\/11\/1943-szeptember-7-looverseny.jpg 409w\" sizes=\"auto, (max-width: 377px) 100vw, 377px\" \/><\/a><\/figure><\/div>\n","protected":false},"excerpt":{"rendered":"<p>1918-ban R\u00e1kosliget handicap volt az alagi l\u00f3versenyp\u00e1ly\u00e1n. &nbsp; A R\u00e1kosligeti handicap eredm\u00e9nyei 1943. szeptember 7-\u00e9n az Ujs\u00e1g -ban.<\/p>\n","protected":false},"author":1,"featured_media":0,"parent":0,"menu_order":0,"comment_status":"closed","ping_status":"closed","template":"","meta":{"footnotes":""},"class_list":["post-6037","page","type-page","status-publish","hentry"],"_links":{"self":[{"href":"https:\/\/rakosliget.hu\/wordpress\/index.php\/wp-json\/wp\/v2\/pages\/6037","targetHints":{"allow":["GET"]}}],"collection":[{"href":"https:\/\/rakosliget.hu\/wordpress\/index.php\/wp-json\/wp\/v2\/pages"}],"about":[{"href":"https:\/\/rakosliget.hu\/wordpress\/index.php\/wp-json\/wp\/v2\/types\/page"}],"author":[{"embeddable":true,"href":"https:\/\/rakosliget.hu\/wordpress\/index.php\/wp-json\/wp\/v2\/users\/1"}],"replies":[{"embeddable":true,"href":"https:\/\/rakosliget.hu\/wordpress\/index.php\/wp-json\/wp\/v2\/comments?post=6037"}],"version-history":[{"count":3,"href":"https:\/\/rakosliget.hu\/wordpress\/index.php\/wp-json\/wp\/v2\/pages\/6037\/revisions"}],"predecessor-version":[{"id":6721,"href":"https:\/\/rakosliget.hu\/wordpress\/index.php\/wp-json\/wp\/v2\/pages\/6037\/revisions\/6721"}],"wp:attachment":[{"href":"https:\/\/rakosliget.hu\/wordpress\/index.php\/wp-json\/wp\/v2\/media?parent=6037"}],"curies":[{"name":"wp","href":"https:\/\/api.w.org\/{rel}","templated":true}]}}