{"id":6019,"date":"2020-11-06T12:34:20","date_gmt":"2020-11-06T11:34:20","guid":{"rendered":"http:\/\/rakosliget.hu\/wordpress\/?page_id=6019"},"modified":"2026-01-30T16:45:58","modified_gmt":"2026-01-30T15:45:58","slug":"partok-2","status":"publish","type":"page","link":"https:\/\/rakosliget.hu\/wordpress\/index.php\/partok-2\/","title":{"rendered":"P\u00c1RTOK"},"content":{"rendered":"\n<p><em>Az oldal friss\u00edtve: 2020. 12. 09.<\/em><\/p>\n\n\n\n<h2 class=\"wp-block-heading\">1901 Szabadelv\u0171 P\u00e1rt<\/h2>\n\n\n\n<figure class=\"wp-block-image size-large\"><a href=\"http:\/\/rakosliget.hu\/wordpress\/wp-content\/uploads\/2020\/11\/Szabadelvu-partjelolt-1901.jpg\"><img loading=\"lazy\" decoding=\"async\" width=\"672\" height=\"401\" src=\"http:\/\/rakosliget.hu\/wordpress\/wp-content\/uploads\/2020\/11\/Szabadelvu-partjelolt-1901.jpg\" alt=\"\" class=\"wp-image-7648\" srcset=\"https:\/\/rakosliget.hu\/wordpress\/wp-content\/uploads\/2020\/11\/Szabadelvu-partjelolt-1901.jpg 672w, https:\/\/rakosliget.hu\/wordpress\/wp-content\/uploads\/2020\/11\/Szabadelvu-partjelolt-1901-300x179.jpg 300w\" sizes=\"auto, (max-width: 672px) 100vw, 672px\" \/><\/a><figcaption class=\"wp-element-caption\">Szabadelv\u0171 P\u00e1rt jel\u00f6lt. 1901. szeptember 15. R\u00e1kos Vid\u00e9ke<\/figcaption><\/figure>\n\n\n\n<h2 class=\"wp-block-heading\">1910<\/h2>\n\n\n\n<div class=\"wp-block-media-text alignwide is-stacked-on-mobile\"><figure class=\"wp-block-media-text__media\"><a href=\"http:\/\/rakosliget.hu\/wordpress\/wp-content\/uploads\/2020\/11\/kepviselovalasztas-1910.jpg\"><img loading=\"lazy\" decoding=\"async\" width=\"656\" height=\"1024\" src=\"http:\/\/rakosliget.hu\/wordpress\/wp-content\/uploads\/2020\/11\/kepviselovalasztas-1910-656x1024.jpg\" alt=\"\" class=\"wp-image-7743 size-full\" srcset=\"https:\/\/rakosliget.hu\/wordpress\/wp-content\/uploads\/2020\/11\/kepviselovalasztas-1910-656x1024.jpg 656w, https:\/\/rakosliget.hu\/wordpress\/wp-content\/uploads\/2020\/11\/kepviselovalasztas-1910-192x300.jpg 192w, https:\/\/rakosliget.hu\/wordpress\/wp-content\/uploads\/2020\/11\/kepviselovalasztas-1910.jpg 703w\" sizes=\"auto, (max-width: 656px) 100vw, 656px\" \/><\/a><\/figure><div class=\"wp-block-media-text__content\">\n<p><strong>1910. m\u00e1jus 29.<\/strong><br>K\u00e9pvisel\u0151-v\u00e1laszt\u00e1s<\/p>\n<\/div><\/div>\n\n\n\n<h2 class=\"wp-block-heading\">1913 MUNKAP\u00c1RT<\/h2>\n\n\n\n<p>Meghi\u00fasult munkap\u00e1rti szervezked\u00e9s. A k\u00f6zeli R\u00e1kosligeten, amely a g\u00f6d\u00f6ll\u0151i ker\u00fclethez tartozik, Szegedi Albert nyugalmazott r\u00e1koskereszt\u00fari f\u0151jegyz\u0151 meg akarta alak\u00edtani a munkap\u00e1rt helyi szervezet\u00e9t. Az \u00e9rtekezleten, amelyet a p\u00e1rt megalak\u00edt\u00e1sa c\u00e9lj\u00e1b\u00f3l \u00f6sszeh\u00edvott, mind\u00f6ssze n\u00e9gyen jelentek meg, dac\u00e1ra annak, hogy a talaj igen alkalmasnak l\u00e1tszott, mert R\u00e1kosligeten igen sok \u00e1llami tisztvisel\u0151, tan\u00e1r, b\u00edr\u00f3, posta- \u00e9s vas\u00fati hivatalnok lakik. R\u00e1kosligeten most j\u00f3l mulatnak a kudarccal v\u00e9gz\u0151d\u00f6tt munkap\u00e1rti er\u0151lk\u00f6d\u00e9sen.<\/p>\n\n\n\n<p>M<em>AGYARORSZ\u00c1G 1913. augusztus 26.<\/em><\/p>\n\n\n\n<figure class=\"wp-block-image size-full\"><img loading=\"lazy\" decoding=\"async\" width=\"960\" height=\"568\" src=\"https:\/\/rakosliget.hu\/wordpress\/wp-content\/uploads\/2023\/02\/munkaspart-szervezkedes-1913.jpg\" alt=\"\" class=\"wp-image-11017\" srcset=\"https:\/\/rakosliget.hu\/wordpress\/wp-content\/uploads\/2023\/02\/munkaspart-szervezkedes-1913.jpg 960w, https:\/\/rakosliget.hu\/wordpress\/wp-content\/uploads\/2023\/02\/munkaspart-szervezkedes-1913-300x178.jpg 300w, https:\/\/rakosliget.hu\/wordpress\/wp-content\/uploads\/2023\/02\/munkaspart-szervezkedes-1913-768x454.jpg 768w\" sizes=\"auto, (max-width: 960px) 100vw, 960px\" \/><figcaption class=\"wp-element-caption\">Forr\u00e1s: Magyarorsz\u00e1g 1913. 08. 26.<\/figcaption><\/figure>\n\n\n\n<h2 class=\"wp-block-heading\">1917<\/h2>\n\n\n\n<h2 class=\"wp-block-heading\">48-as P\u00e1rt<\/h2>\n\n\n<div class=\"wp-block-image\">\n<figure class=\"aligncenter size-large\"><img loading=\"lazy\" decoding=\"async\" width=\"567\" height=\"293\" src=\"http:\/\/rakosliget.hu\/wordpress\/wp-content\/uploads\/2020\/11\/1917-junius-24-Karolyi-48as-part-naggyules.jpg\" alt=\"\" class=\"wp-image-6021\" srcset=\"https:\/\/rakosliget.hu\/wordpress\/wp-content\/uploads\/2020\/11\/1917-junius-24-Karolyi-48as-part-naggyules.jpg 567w, https:\/\/rakosliget.hu\/wordpress\/wp-content\/uploads\/2020\/11\/1917-junius-24-Karolyi-48as-part-naggyules-300x155.jpg 300w\" sizes=\"auto, (max-width: 567px) 100vw, 567px\" \/><figcaption class=\"wp-element-caption\">1917.j\u00fanius 24. Az Ujs\u00e1g<\/figcaption><\/figure>\n<\/div>\n\n\n<h2 class=\"wp-block-heading\">1920<\/h2>\n\n\n\n<h2 class=\"wp-block-heading\">Kereszt\u00e9ny Nemzeti P\u00e1rt, Kereszt\u00e9ny Nemzeti Egyes\u00fcl\u00e9s P\u00e1rtja (KNEP)<\/h2>\n\n\n<div class=\"wp-block-image\">\n<figure class=\"aligncenter size-large\"><img loading=\"lazy\" decoding=\"async\" width=\"584\" height=\"600\" src=\"http:\/\/rakosliget.hu\/wordpress\/wp-content\/uploads\/2020\/11\/1920-januar-6-Friedrich-kepviselojelolt.jpg\" alt=\"\" class=\"wp-image-6065\" srcset=\"https:\/\/rakosliget.hu\/wordpress\/wp-content\/uploads\/2020\/11\/1920-januar-6-Friedrich-kepviselojelolt.jpg 584w, https:\/\/rakosliget.hu\/wordpress\/wp-content\/uploads\/2020\/11\/1920-januar-6-Friedrich-kepviselojelolt-292x300.jpg 292w\" sizes=\"auto, (max-width: 584px) 100vw, 584px\" \/><figcaption class=\"wp-element-caption\">1920. janu\u00e1r 6. Az Ujs\u00e1g<\/figcaption><\/figure>\n<\/div>\n\n\n<h2 class=\"wp-block-heading\">1922<\/h2>\n\n\n<div class=\"wp-block-image\">\n<figure class=\"aligncenter size-large\"><a href=\"http:\/\/rakosliget.hu\/wordpress\/wp-content\/uploads\/2020\/11\/1922-majus-27-valasztas.jpg\"><img loading=\"lazy\" decoding=\"async\" width=\"697\" height=\"1024\" src=\"http:\/\/rakosliget.hu\/wordpress\/wp-content\/uploads\/2020\/11\/1922-majus-27-valasztas-697x1024.jpg\" alt=\"\" class=\"wp-image-6085\" srcset=\"https:\/\/rakosliget.hu\/wordpress\/wp-content\/uploads\/2020\/11\/1922-majus-27-valasztas-697x1024.jpg 697w, https:\/\/rakosliget.hu\/wordpress\/wp-content\/uploads\/2020\/11\/1922-majus-27-valasztas-204x300.jpg 204w, https:\/\/rakosliget.hu\/wordpress\/wp-content\/uploads\/2020\/11\/1922-majus-27-valasztas-768x1128.jpg 768w, https:\/\/rakosliget.hu\/wordpress\/wp-content\/uploads\/2020\/11\/1922-majus-27-valasztas-1046x1536.jpg 1046w, https:\/\/rakosliget.hu\/wordpress\/wp-content\/uploads\/2020\/11\/1922-majus-27-valasztas.jpg 1141w\" sizes=\"auto, (max-width: 697px) 100vw, 697px\" \/><\/a><figcaption class=\"wp-element-caption\">1922. m\u00e1jus 27. Az Ujs\u00e1g<\/figcaption><\/figure>\n<\/div>\n\n\n<h2 class=\"wp-block-heading\">HONV\u00c9DELMI P\u00c1RT<\/h2>\n\n\n<div class=\"wp-block-image\">\n<figure class=\"aligncenter size-large\"><img loading=\"lazy\" decoding=\"async\" width=\"564\" height=\"115\" src=\"http:\/\/rakosliget.hu\/wordpress\/wp-content\/uploads\/2020\/11\/1922-marcius-21-marcius-unnep.jpg\" alt=\"\" class=\"wp-image-6087\" srcset=\"https:\/\/rakosliget.hu\/wordpress\/wp-content\/uploads\/2020\/11\/1922-marcius-21-marcius-unnep.jpg 564w, https:\/\/rakosliget.hu\/wordpress\/wp-content\/uploads\/2020\/11\/1922-marcius-21-marcius-unnep-300x61.jpg 300w\" sizes=\"auto, (max-width: 564px) 100vw, 564px\" \/><figcaption class=\"wp-element-caption\">1922. m\u00e1rcius 21. Az Ujs\u00e1g<\/figcaption><\/figure>\n<\/div>\n\n\n<h2 class=\"wp-block-heading\">1924<\/h2>\n\n\n\n<figure class=\"wp-block-image size-full\"><img loading=\"lazy\" decoding=\"async\" width=\"973\" height=\"1024\" src=\"https:\/\/rakosliget.hu\/wordpress\/wp-content\/uploads\/2025\/03\/Nepszava-1924-04-03.jpg\" alt=\"\" class=\"wp-image-17499\" srcset=\"https:\/\/rakosliget.hu\/wordpress\/wp-content\/uploads\/2025\/03\/Nepszava-1924-04-03.jpg 973w, https:\/\/rakosliget.hu\/wordpress\/wp-content\/uploads\/2025\/03\/Nepszava-1924-04-03-285x300.jpg 285w, https:\/\/rakosliget.hu\/wordpress\/wp-content\/uploads\/2025\/03\/Nepszava-1924-04-03-768x808.jpg 768w\" sizes=\"auto, (max-width: 973px) 100vw, 973px\" \/><figcaption class=\"wp-element-caption\">N\u00e9pszava 1924. 04. 03.<\/figcaption><\/figure>\n\n\n\n<h2 class=\"wp-block-heading\">A Szabadelv\u0171 \u00e9s Demokratikus Ellenz\u00e9k<\/h2>\n\n\n\n<h2 class=\"wp-block-heading\">1926 DEMOKRATA P\u00c1RT<\/h2>\n\n\n\n<p>F\u00e1bi\u00e1n B\u00e9la kortesked\u00e9se <\/p>\n\n\n\n<blockquote class=\"wp-block-quote is-layout-flow wp-block-quote-is-layout-flow\">\n<p>Egyed\u00fcl a demokrata p\u00e1rt listavezet\u0151je, F\u00e1bi\u00e1n B\u00e9la keresi fel az utols\u00f3 vas\u00e1rnap is h\u00edveit.<\/p>\n\n\n\n<p>Minden\u00fctt valahogy k\u00fcl\u00f6n\u00f6sen elkeseredett hangulat fogta el a polg\u00e1rs\u00e1got:<\/p>\n\n\n\n<p>\u2014 Lehetetlen, hogy az orsz\u00e1g hangulata lenne az oka. annak, hogy m\u00e1r<br>annyi egyhang\u00fa v\u00e1laszt\u00e1s van. Mi majd megmutatjuk itt a pestk\u00f6rny\u00e9ki titkos ker\u00fcletben, hogy mi az igazi n\u00e9phangulat.<br>Itt l\u00e1tszik csak meg igaz\u00e1n, hogy mi a k\u00fcl\u00f6nbs\u00e9g a titkos \u00e9s a ny\u00edlt szavaz\u00e1s k\u00f6z\u00f6tt. Ahogy j\u00e1rjuk sorra a k\u00f6zs\u00e9geket, ahol titkos lesz a szavaz\u00e1s. R\u00e1koskereszt\u00fart, R\u00e1koscsab\u00e1t. R\u00e1kosligetet \u00e9s R\u00e1koshegyet, teh\u00e1t a g\u00f6d\u00f6ll\u0151i h\u00edres j\u00e1r\u00e1s k\u00f6zs\u00e9geit, azokat, ahol Endre L\u00e1szl\u00f3 a f\u0151szolgab\u00edr\u00f3, sehol sem hallunk panaszt. Itt nem tudnak k\u00f6zigazgat\u00e1si terrorr\u00f3l besz\u00e9lni. Mondj\u00e1k ugyan, hogy a b\u00edr\u00e1k, a jegyz\u0151k gy\u0171jt\u00f6ttek az egys\u00e9gesp\u00e1rt r\u00e9sz\u00e9re aj\u00e1nl\u00e1sokat:<br>\u2014 Gy\u0171jthetnek, de szavazni m\u00e9gis a demokrata p\u00e1rtra fogunk, a F\u00e1bi\u00e1n neve felett l\u00e9v\u0151 kock\u00e1ba tessz\u00fck a keresztet, mert ha egy iparosnak, keresked\u0151inek valami haja volt, nem Tam\u00e1ssy int\u00e9zte azt el, hanem csak F\u00e1bi\u00e1n B\u00e9la\u2026<\/p>\n<\/blockquote>\n\n\n\n<blockquote class=\"wp-block-quote is-layout-flow wp-block-quote-is-layout-flow\">\n<p><strong>Aut\u00f3s k\u00f6r\u00fat a ker\u00fclet k\u00f6zs\u00e9geiben<\/strong><\/p>\n\n\n\n<p>R\u00e1koscsab\u00e1n meger\u0151s\u00edtett csend\u0151rj\u00e1ratokkal tal\u00e1lkozunk. Minden gy\u0171l\u00e9s tilos itt m\u00e1r.<br>R\u00e1kosligeten figyelmeztetnek benn\u00fcnket, hogy vigy\u00e1zzunk aut\u00f3nkra, mert egyes \u00e9retlen elemek azt vett\u00e9k a fej\u00fckbe, hogy az ellenp\u00e1rt aut\u00f3it teszi t\u00f6nkre, kilukasztj\u00e1k a gumijait.<br>Mondanunk sem kell tal\u00e1n, hogy minden csak r\u00e9ml\u00e1t\u00e1s. R\u00e1kosliget \u2014 h\u00e1la a titkos szavaz\u00e1snak \u2014 \u00e9ppen olyan csendes, mint R\u00e1koshegy. \u2014 Itt nincs semmi izgalom, \u2014 magyar\u00e1zz\u00e1k F\u00e1bi\u00e1n B\u00e9l\u00e1nak, \u2014 benn\u00fcnket valahogy elker\u00fcltek a k\u00e9pvisel\u0151jel\u00f6ltek, s mi \u00edgy igaz\u00e1n meggy\u0151z\u0151d\u00e9s\u00fcnk szerint szavazhatunk.<\/p>\n<\/blockquote>\n\n\n\n<p><em>MAGYARORSZ\u00c1G 1926. december 7.<\/em><\/p>\n\n\n\n<h2 class=\"wp-block-heading\">1931 Szoc\u00e1ldemokrata P\u00e1rt<\/h2>\n\n\n\n<figure class=\"wp-block-image size-full\"><img loading=\"lazy\" decoding=\"async\" width=\"775\" height=\"413\" src=\"https:\/\/rakosliget.hu\/wordpress\/wp-content\/uploads\/2025\/11\/szavazas1931.jpg\" alt=\"\" class=\"wp-image-18765\" srcset=\"https:\/\/rakosliget.hu\/wordpress\/wp-content\/uploads\/2025\/11\/szavazas1931.jpg 775w, https:\/\/rakosliget.hu\/wordpress\/wp-content\/uploads\/2025\/11\/szavazas1931-300x160.jpg 300w, https:\/\/rakosliget.hu\/wordpress\/wp-content\/uploads\/2025\/11\/szavazas1931-768x409.jpg 768w\" sizes=\"auto, (max-width: 775px) 100vw, 775px\" \/><figcaption class=\"wp-element-caption\">1931. j\u00falius 02.  A N\u00e9pszava r\u00e9szesedm\u00e9ny jelent\u00e9se<\/figcaption><\/figure>\n\n\n\n<h2 class=\"wp-block-heading\">1935<\/h2>\n\n\n<div class=\"wp-block-image\">\n<figure class=\"aligncenter size-large\"><a href=\"http:\/\/rakosliget.hu\/wordpress\/wp-content\/uploads\/2020\/11\/1935-marcius-17-Fabian-Bela-kepviselo.jpg\"><img loading=\"lazy\" decoding=\"async\" width=\"979\" height=\"477\" src=\"http:\/\/rakosliget.hu\/wordpress\/wp-content\/uploads\/2020\/11\/1935-marcius-17-Fabian-Bela-kepviselo.jpg\" alt=\"\" class=\"wp-image-6514\" srcset=\"https:\/\/rakosliget.hu\/wordpress\/wp-content\/uploads\/2020\/11\/1935-marcius-17-Fabian-Bela-kepviselo.jpg 979w, https:\/\/rakosliget.hu\/wordpress\/wp-content\/uploads\/2020\/11\/1935-marcius-17-Fabian-Bela-kepviselo-300x146.jpg 300w, https:\/\/rakosliget.hu\/wordpress\/wp-content\/uploads\/2020\/11\/1935-marcius-17-Fabian-Bela-kepviselo-768x374.jpg 768w\" sizes=\"auto, (max-width: 979px) 100vw, 979px\" \/><\/a><figcaption class=\"wp-element-caption\">F\u00e1bi\u00e1n B\u00e9la t\u00e1mogat\u00e1sa. 1935. m\u00e1rcius 17. Az Ujs\u00e1g<\/figcaption><\/figure>\n<\/div>\n\n<div class=\"wp-block-image\">\n<figure class=\"aligncenter size-full\"><img loading=\"lazy\" decoding=\"async\" width=\"1528\" height=\"1688\" src=\"https:\/\/rakosliget.hu\/wordpress\/wp-content\/uploads\/2025\/03\/Miskolci-Reggeli-Hirlap-1935.-04.-02.5.-oldal-.jpg\" alt=\"\" class=\"wp-image-17277\" srcset=\"https:\/\/rakosliget.hu\/wordpress\/wp-content\/uploads\/2025\/03\/Miskolci-Reggeli-Hirlap-1935.-04.-02.5.-oldal-.jpg 1528w, https:\/\/rakosliget.hu\/wordpress\/wp-content\/uploads\/2025\/03\/Miskolci-Reggeli-Hirlap-1935.-04.-02.5.-oldal--272x300.jpg 272w, https:\/\/rakosliget.hu\/wordpress\/wp-content\/uploads\/2025\/03\/Miskolci-Reggeli-Hirlap-1935.-04.-02.5.-oldal--768x848.jpg 768w, https:\/\/rakosliget.hu\/wordpress\/wp-content\/uploads\/2025\/03\/Miskolci-Reggeli-Hirlap-1935.-04.-02.5.-oldal--1390x1536.jpg 1390w\" sizes=\"auto, (max-width: 1528px) 100vw, 1528px\" \/><figcaption class=\"wp-element-caption\">Miskolci Reggeli Hirlap 1935. 04. 02..5. oldal<\/figcaption><\/figure>\n<\/div>\n\n\n<h2 class=\"wp-block-heading\">Szoc\u00e1ldemokrata P\u00e1rt<\/h2>\n\n\n<div class=\"wp-block-image\">\n<figure class=\"aligncenter size-full\"><img loading=\"lazy\" decoding=\"async\" width=\"1441\" height=\"800\" src=\"https:\/\/rakosliget.hu\/wordpress\/wp-content\/uploads\/2025\/11\/szavazas-1935.jpg\" alt=\"\" class=\"wp-image-18768\" srcset=\"https:\/\/rakosliget.hu\/wordpress\/wp-content\/uploads\/2025\/11\/szavazas-1935.jpg 1441w, https:\/\/rakosliget.hu\/wordpress\/wp-content\/uploads\/2025\/11\/szavazas-1935-300x167.jpg 300w, https:\/\/rakosliget.hu\/wordpress\/wp-content\/uploads\/2025\/11\/szavazas-1935-768x426.jpg 768w\" sizes=\"auto, (max-width: 1441px) 100vw, 1441px\" \/><\/figure>\n<\/div>\n\n<div class=\"wp-block-image\">\n<figure class=\"aligncenter size-full\"><img loading=\"lazy\" decoding=\"async\" width=\"693\" height=\"868\" src=\"https:\/\/rakosliget.hu\/wordpress\/wp-content\/uploads\/2025\/11\/szavazas2-1935.jpg\" alt=\"\" class=\"wp-image-18769\" srcset=\"https:\/\/rakosliget.hu\/wordpress\/wp-content\/uploads\/2025\/11\/szavazas2-1935.jpg 693w, https:\/\/rakosliget.hu\/wordpress\/wp-content\/uploads\/2025\/11\/szavazas2-1935-240x300.jpg 240w\" sizes=\"auto, (max-width: 693px) 100vw, 693px\" \/><figcaption class=\"wp-element-caption\">1935. \u00e1prilis 2.<\/figcaption><\/figure>\n<\/div>\n\n\n<h2 class=\"wp-block-heading\">1939<\/h2>\n\n\n<div class=\"wp-block-image\">\n<figure class=\"aligncenter size-full\"><img loading=\"lazy\" decoding=\"async\" width=\"1405\" height=\"694\" src=\"https:\/\/rakosliget.hu\/wordpress\/wp-content\/uploads\/2025\/04\/4.jpg\" alt=\"\" class=\"wp-image-17529\" srcset=\"https:\/\/rakosliget.hu\/wordpress\/wp-content\/uploads\/2025\/04\/4.jpg 1405w, https:\/\/rakosliget.hu\/wordpress\/wp-content\/uploads\/2025\/04\/4-300x148.jpg 300w, https:\/\/rakosliget.hu\/wordpress\/wp-content\/uploads\/2025\/04\/4-768x379.jpg 768w\" sizes=\"auto, (max-width: 1405px) 100vw, 1405px\" \/><figcaption class=\"wp-element-caption\">Forr\u00e1s: Pest-Pilis-Solt-Kiskun v\u00e1rmegye \u00e9s Kecskem\u00e9t th. jog\u00fa v\u00e1ros adatt\u00e1ra (1939)<\/figcaption><\/figure>\n<\/div>\n\n\n<h2 class=\"wp-block-heading\"><a href=\"http:\/\/rakosliget.hu\/wordpress\/wp-content\/uploads\/2020\/11\/BudapestiHirlap_.pdf\" target=\"_blank\" rel=\"noreferrer noopener\">Magyar \u00c9let Mozgalom<\/a><\/h2>\n\n\n\n<h2 class=\"wp-block-heading\"><a href=\"http:\/\/rakosliget.hu\/wordpress\/index.php\/magyar-elet-partertesitoje\">Magyar \u00c9let P\u00e1rt<\/a><\/h2>\n\n\n\n<h2 class=\"wp-block-heading\">1940<\/h2>\n\n\n\n<p>A Nyilaskeresztes P\u00e1rt r\u00e1kosligeti szervezete 1940. m\u00e1jus 22-\u00e9n a P\u00e1lf\u00f6ldi (Prendl) Vend\u00e9gl\u0151ben alakult meg K\u00e9gl K\u00e1roly vezet\u00e9s\u00e9vel. \u0150 1902-ben sz\u00fcletett. Ennek sz\u00e9khelye 1942-t\u0151l a H\u0151s\u00f6k tere 11. sz\u00e1m alatti \u00e9p\u00fcletben volt. 1944-re T\u00f3th Gyula lett a r\u00e1kosligeti nyilasok vez\u00e9re, a p\u00e1rth\u00e1z pedig a VI. utca 1. sz\u00e1m al\u00e1 a P\u00e1lf\u00f6ldi Vend\u00e9gl\u0151be k\u00f6lt\u00f6z\u00f6tt. Ma ebben az \u00e9p\u00fcletben posta m\u0171k\u00f6dik. A r\u00e9gi iratok szerint a Wehrmacht 300 katon\u00e1ja \u00e9lt R\u00e1kosligeten, f\u0151k\u00e9nt azon h\u00e1zakban, amelyekb\u0151l kik\u00f6lt\u00f6ztett\u00e9k a zsid\u00f3kat. Majd az iskol\u00e1k \u00e9p\u00fcleteiben a Luftwaffe pil\u00f3t\u00e1it sz\u00e1ll\u00e1solt\u00e1k el.<\/p>\n\n\n\n<p><a href=\"https:\/\/rakosliget.hu\/wordpress\/wp-content\/uploads\/2020\/11\/BudapestiHirlap_.pdf\">Budapesti H\u00edrlap cikke a csatlakoz\u00f3kr\u00f3l<\/a><\/p>\n\n\n\n<h2 class=\"wp-block-heading\">1944- 1945<\/h2>\n\n\n\n<h2 class=\"wp-block-heading\">Kommunista P\u00e1rt<\/h2>\n\n\n\n<p><em>R\u00e1kosliget, 1944. december 28. &#8211; 1945. m\u00e1rcius eleje<\/em><\/p>\n\n\n\n<p class=\"has-text-align-center\">MAGYAR KOMMUNISTA P\u00c1RT HELYI SZERVEZET\u00c9NEK JELENT\u00c9SE<br>A K\u00d6ZS\u00c9G FELSZABADUL\u00c1SA \u00d3TA V\u00c9GZETT MUNK\u00c1J\u00c1R\u00d3L,<br>\u00cdGY A <a href=\"https:\/\/rakosliget.hu\/wordpress\/index.php\/547-2\/\">NEMZETI BIZOTTS\u00c1G <\/a>MEGALAK\u00cdT\u00c1S\u00c1R\u00d3L,<br>A K\u00d6ZS\u00c9G \u00c9LELMEZ\u00c9S\u00c9R\u0150L, A V\u00cdZELL\u00c1T\u00c1S BIZTOS\u00cdT\u00c1S\u00c1R\u00d3L,<br>A REAKCI\u00d3 FELL\u00c9P\u00c9S\u00c9R\u0150L<\/p>\n\n\n\n<p>1944. \u00e9vi december h\u00f3 28-\u00e1n szabadult fel k\u00f6zs\u00e9g\u00fcnk a Fasiszta megsz\u00e1ll\u00e1s al\u00f3l \u00e9s 1945. janu\u00e1r 2-\u00e1n megalak\u00edtottuk a k\u00f6zs\u00e9gi tan\u00e1csot 20 f\u0151vel. 1945. febru\u00e1r 7-\u00e9n \u00e1talakult a k\u00f6zs\u00e9gi tan\u00e1cs Nemzeti bizotts\u00e1gg\u00e1. 1945. janu\u00e1r 22-\u00e9n az iskolai tan\u00edt\u00e1sokat megkezdt\u00fck, \u00fagy az \u00c1llami Elemi, mint a k\u00f6zs\u00e9gi polg\u00e1ri iskol\u00e1ban.<br>A V\u00edzm\u00fcvek g\u00e9peinek rendbehoz\u00e1s\u00e1r\u00f3l \u00e9s a k\u00f6zs\u00e9g v\u00edzell\u00e1t\u00e1s\u00e1nak biztos\u00edt\u00e1s\u00e1r\u00f3l gondoskodtunk. Jelenleg az Orosz Parancsnoks\u00e1g seg\u00edts\u00e9g\u00e9vel siker\u00fclt uj g\u00e9peket beszerezn\u00fcnk \u00e9s a k\u00f6zs\u00e9g v\u00edzell\u00e1t\u00e1sa \u00fczemanyag szempontj\u00e1b\u00f3l 2-3 h\u00e9tre biztos\u00edtva van.<br>A polg\u00e1ri lakoss\u00e1g r\u00e9sz\u00e9re teljes biztons\u00e1got siker\u00fclt el\u00e9rni rend\u0151rs\u00e9g\u00fcnkkel, 1,2 esetet kiv\u00e9ve, mikor az orosz k\u00f3rh\u00e1z r\u00e9sz\u00e9re gy\u0171jtenek egyes dolgokat.<br>K\u00f6z\u00e9lelmez\u00e9s szempontj\u00e1b\u00f3l siker\u00fclt a Kommunista P\u00e1rt f\u00e1radhatatlan munk\u00e1j\u00e1val ha nem is kiel\u00e9g\u00edt\u0151, de jobb \u00e9lelmez\u00e9st ny\u00fajtani mint a k\u00f6rny\u00e9kbeli k\u00f6zs\u00e9gek.<br>Siker\u00fclt az Orosz Parancsnoks\u00e1g r\u00e9sz\u00e9re a sz\u00fcks\u00e9ges munka er\u0151t, ha nehezen is de mindenkor el\u0151\u00e1ll\u00edtanunk.<br>K\u00f6zs\u00e9g\u00fcnk legjobban r\u00e1szorultjai, betegei, az aggok \u00e9s gyermekek r\u00e9sz\u00e9re naponta 75 eb\u00e9det teljesen ingyen oszt ki a kommunista p\u00e1rt.<br>A Nemzeti Bizotts\u00e1gunk \u00f6sszet\u00e9tele: 11 tagb\u00f3l, 5 kommunista, 4 szoci\u00e1ldemokrata \u00e9s 2 k\u00f6zs\u00e9gi k\u00f6z\u00e9leti tag p\u00e1rton k\u00edv\u00fcli k\u00fcls\u0151re, azonban ez a kett\u0151 is p\u00e1rtunknak a tagja. A 4 szoci\u00e1ldemokrata bizotts\u00e1gi tag k\u00f6z\u00fcl egyet p\u00e1rtunkb\u00f3l k\u00fcldt\u00fcnk ki a szoci\u00e1ldemokrat\u00e1khoz.<br>A kommunista p\u00e1rt jelenleg 17 m\u00e1zsa liszttel rendelkezik ez fokozatosan ker\u00fcl kioszt\u00e1sra, els\u0151sorban a p\u00e1rt tagjai, sokgyermekes csal\u00e1dok \u00e9s az arra legjobban r\u00e1szorultak k\u00f6z\u00f6tt. P\u00e1rtunknak 3 tagja jelenleg is ut\u00f3n van \u00fajabb \u00e9lelmiszerek beszerz\u00e9s\u00e9re, \u00e9s mindezek az \u00e9lelmiszerek, melyeket p\u00e1rtunk tagjai saj\u00e1t p\u00e9nz\u00fckb\u0151l \u00e9jjel nappal f\u00e1rads\u00e1got nem ismerve ut\u00f3n vannak \u00e9s szereznek be, a Fasiszt\u00e1k \u00e9s nyilasok teljes kiz\u00e1r\u00e1s\u00e1val k\u00edv\u00e1njuk kiosztani. Szerz\u00fcnk be ezenk\u00edv\u00fcl is \u00e9lelmiszereket a Nemzeti Bizotts\u00e1g nev\u00e9ben, ezeket azonban kiv\u00e9tel n\u00e9lk\u00fcl a k\u00f6zs\u00e9g lakoss\u00e1ga k\u00f6z\u00f6tt egyforma adagol\u00e1sban osztjuk sz\u00e9t.<br>Nagysiker\u0171, k\u00f6zs\u00e9g\u00fcnkben m\u00e9g soha nem tapasztalt t\u00f6meggy\u00fcl\u00e9sen \u00fcnnepelte meg a Nemzeti Bizotts\u00e1g febru\u00e1r 23-\u00e1n a V\u00f6r\u00f6s Hadsereg napj\u00e1t, melynek rendez\u00e9se \u00e9s propag\u00e1l\u00e1sa ugyancsak a p\u00e1rt helyi szervezet\u00e9nek munk\u00e1ja volt. A p\u00e1rt vezet\u00e9s\u00e9nek ugyancsak eredm\u00e9nyes munk\u00e1ja volt, hogy R\u00e1kosi M\u00e1ty\u00e1s budapesti besz\u00e9d\u00e9re is tekint\u00e9lyes sz\u00e1mban z\u00e1szl\u00f3k alatt vonultunk fel.<br>A Nemzeti Bizotts\u00e1g munk\u00e1j\u00e1t mindezideig a p\u00e1rt ir\u00e1ny\u00edt\u00e1s\u00e1nak megfelel\u0151en folytatta \u00e9s folytatni is fogja biztos\u00edt\u00e9k erre a Nemzeti Bizotts\u00e1gunk \u00f6sszet\u00e9tele.<br>Amennyiben neh\u00e9z \u00e9s r\u00e9sz\u00fcnkre s\u00falyos probl\u00e9m\u00e1k ad\u00f3dn\u00e1nak el\u0151, k\u00e9rj\u00fck a k\u00f6zpont seg\u00edts\u00e9g\u00e9t.<\/p>\n\n\n\n<p>K\u00e9rem, hogy legyen szabad most mindj\u00e1rt egy sz\u00e1munkra nehezen megoldhat\u00f3 k\u00e9rd\u00e9sben v\u00e1laszt \u00e9s seg\u00edts\u00e9get k\u00e9rni.<br>K\u00f6zs\u00e9g\u00fcnknek \u00f6sszet\u00e9tel\u00e9n\u00e9l fogva sajnos a kellet\u00e9n\u00e9l is t\u00f6bb, s j\u00f3val t\u00f6bb fasiszta \u00e9s nyilas lakosa van, fegyveres er\u0151 rendelkez\u00e9s\u00fcnkre nem \u00e1ll, orosz parancsnoks\u00e1g k\u00f6zs\u00e9g\u00fcnkben nincs, a reakci\u00f3s elemeknek \u00cdgy minden \u00e9bers\u00e9g\u00fcnk dac\u00e1ra is tere van. Plak\u00e1tjainkat leszaggatj\u00e1k, alattomos m\u00f3don l\u00e1zitanak, \u00e9s minden felmer\u00fcl\u0151 neh\u00e9zs\u00e9get p\u00e1rtunk rov\u00e1s\u00e1ra igyekeznek kihaszn\u00e1lni.<br>Mit tegy\u00fcnk ezekkel?<br><em>K\u00e9toldalas, g\u00e9ppel \u00edrt feljegyz\u00e9s. \u2014 Pestm. Lt. R\u00e1kosligeti NB 1. csom\u00f3.<\/em><br><em>Megjelent: Karsai Elek &#8211; Somlyai Magda (szerk.) Sorsfordul\u00f3 I. Iratok Magyarorsz\u00e1g felszabadul\u00e1s\u00e1nak t\u00f6rt\u00e9net\u00e9hez. 1944. szeptember-1945. \u00e1prilis (Budapest, 1970)<\/em><\/p>\n\n\n\n<p><\/p>\n","protected":false},"excerpt":{"rendered":"<p>Az oldal friss\u00edtve: 2020. 12. 09. 1901 Szabadelv\u0171 P\u00e1rt 1910 1910. m\u00e1jus 29.K\u00e9pvisel\u0151-v\u00e1laszt\u00e1s 1913 MUNKAP\u00c1RT Meghi\u00fasult munkap\u00e1rti szervezked\u00e9s. A k\u00f6zeli R\u00e1kosligeten, amely a g\u00f6d\u00f6ll\u0151i ker\u00fclethez tartozik, Szegedi Albert nyugalmazott r\u00e1koskereszt\u00fari f\u0151jegyz\u0151 meg akarta alak\u00edtani a munkap\u00e1rt helyi szervezet\u00e9t. Az \u00e9rtekezleten, amelyet a p\u00e1rt megalak\u00edt\u00e1sa c\u00e9lj\u00e1b\u00f3l \u00f6sszeh\u00edvott, mind\u00f6ssze n\u00e9gyen jelentek meg, dac\u00e1ra annak, hogy a talaj &hellip; <a href=\"https:\/\/rakosliget.hu\/wordpress\/index.php\/partok-2\/\" class=\"more-link\"><span class=\"screen-reader-text\">P\u00c1RTOK<\/span> r\u00e9szletei&#8230;<\/a><\/p>\n","protected":false},"author":1,"featured_media":0,"parent":0,"menu_order":0,"comment_status":"closed","ping_status":"closed","template":"","meta":{"footnotes":""},"class_list":["post-6019","page","type-page","status-publish","hentry"],"_links":{"self":[{"href":"https:\/\/rakosliget.hu\/wordpress\/index.php\/wp-json\/wp\/v2\/pages\/6019","targetHints":{"allow":["GET"]}}],"collection":[{"href":"https:\/\/rakosliget.hu\/wordpress\/index.php\/wp-json\/wp\/v2\/pages"}],"about":[{"href":"https:\/\/rakosliget.hu\/wordpress\/index.php\/wp-json\/wp\/v2\/types\/page"}],"author":[{"embeddable":true,"href":"https:\/\/rakosliget.hu\/wordpress\/index.php\/wp-json\/wp\/v2\/users\/1"}],"replies":[{"embeddable":true,"href":"https:\/\/rakosliget.hu\/wordpress\/index.php\/wp-json\/wp\/v2\/comments?post=6019"}],"version-history":[{"count":32,"href":"https:\/\/rakosliget.hu\/wordpress\/index.php\/wp-json\/wp\/v2\/pages\/6019\/revisions"}],"predecessor-version":[{"id":22531,"href":"https:\/\/rakosliget.hu\/wordpress\/index.php\/wp-json\/wp\/v2\/pages\/6019\/revisions\/22531"}],"wp:attachment":[{"href":"https:\/\/rakosliget.hu\/wordpress\/index.php\/wp-json\/wp\/v2\/media?parent=6019"}],"curies":[{"name":"wp","href":"https:\/\/api.w.org\/{rel}","templated":true}]}}