{"id":601,"date":"2018-03-11T05:10:53","date_gmt":"2018-03-11T04:10:53","guid":{"rendered":"http:\/\/rakosliget.hu\/wordpress\/?page_id=601"},"modified":"2025-03-08T19:21:48","modified_gmt":"2025-03-08T18:21:48","slug":"601-2","status":"publish","type":"page","link":"https:\/\/rakosliget.hu\/wordpress\/index.php\/601-2\/","title":{"rendered":"1940"},"content":{"rendered":"\n<p><a href=\"https:\/\/rakosliget.hu\/wordpress\/index.php\/rakosliget-a-ii-vilaghaboruban\/\">Vissza a II. VIL\u00c1GH\u00c1BOR\u00da lapra<\/a><\/p>\n\n\n<p><strong>1940.<\/strong> m\u00e1jus 22-\u00e9n a P\u00e1lf\u00f6ldi (Prendl) vend\u00e9gl\u0151ben megalakult a Nyilaskeresztes P\u00e1rt K\u00e9gl K\u00e1roly vezet\u00e9s\u00e9vel.<\/p>","protected":false},"excerpt":{"rendered":"<p>Vissza a II. VIL\u00c1GH\u00c1BOR\u00da lapra 1940. m\u00e1jus 22-\u00e9n a P\u00e1lf\u00f6ldi (Prendl) vend\u00e9gl\u0151ben megalakult a Nyilaskeresztes P\u00e1rt K\u00e9gl K\u00e1roly vezet\u00e9s\u00e9vel.<\/p>\n","protected":false},"author":1,"featured_media":0,"parent":0,"menu_order":0,"comment_status":"closed","ping_status":"closed","template":"","meta":{"footnotes":""},"class_list":["post-601","page","type-page","status-publish","hentry"],"_links":{"self":[{"href":"https:\/\/rakosliget.hu\/wordpress\/index.php\/wp-json\/wp\/v2\/pages\/601","targetHints":{"allow":["GET"]}}],"collection":[{"href":"https:\/\/rakosliget.hu\/wordpress\/index.php\/wp-json\/wp\/v2\/pages"}],"about":[{"href":"https:\/\/rakosliget.hu\/wordpress\/index.php\/wp-json\/wp\/v2\/types\/page"}],"author":[{"embeddable":true,"href":"https:\/\/rakosliget.hu\/wordpress\/index.php\/wp-json\/wp\/v2\/users\/1"}],"replies":[{"embeddable":true,"href":"https:\/\/rakosliget.hu\/wordpress\/index.php\/wp-json\/wp\/v2\/comments?post=601"}],"version-history":[{"count":3,"href":"https:\/\/rakosliget.hu\/wordpress\/index.php\/wp-json\/wp\/v2\/pages\/601\/revisions"}],"predecessor-version":[{"id":16855,"href":"https:\/\/rakosliget.hu\/wordpress\/index.php\/wp-json\/wp\/v2\/pages\/601\/revisions\/16855"}],"wp:attachment":[{"href":"https:\/\/rakosliget.hu\/wordpress\/index.php\/wp-json\/wp\/v2\/media?parent=601"}],"curies":[{"name":"wp","href":"https:\/\/api.w.org\/{rel}","templated":true}]}}