{"id":593,"date":"2018-03-11T05:02:47","date_gmt":"2018-03-11T04:02:47","guid":{"rendered":"http:\/\/rakosliget.hu\/wordpress\/?page_id=593"},"modified":"2026-03-22T20:02:31","modified_gmt":"2026-03-22T19:02:31","slug":"a-tanacskoztarsasag-utani-perek-rakosligeti-vadlottjai","status":"publish","type":"page","link":"https:\/\/rakosliget.hu\/wordpress\/index.php\/a-tanacskoztarsasag-utani-perek-rakosligeti-vadlottjai\/","title":{"rendered":"1919 A TAN\u00c1CSK\u00d6ZT\u00c1RSAS\u00c1G \u00e9s az ut\u00e1na lefolytatott perek r\u00e1kosligeti v\u00e1dlottjai"},"content":{"rendered":"\n<h2 class=\"wp-block-heading\" id=\"Eleje\">Az 1919. \u00e1prilis 6-\u00e1n megv\u00e1lasztott k\u00f6zs\u00e9gi munk\u00e1s-, katona-, \u00e9s f\u00f6ldm\u0171vestan\u00e1cs tagjai<\/h2>\n\n\n\n<p>DIDEK ISTV\u00c1N a munk\u00e1stan\u00e1cs eln\u00f6ke<\/p>\n\n\n\n<p><a href=\"http:\/\/rakosliget.hu\/wordpress\/index.php\/kurschner-jakab\/\">K\u00dcRSCHNER JAKAB<\/a> a munk\u00e1stan\u00e1cs eln\u00f6ke 1919. \u00e1prilis 6-t\u00f3l<\/p>\n\n\n\n<p>BEL\u00c1NKA GY\u00d6RGY,      BOROS IGN\u00c1C,    B\u00d6RCZ J\u00d3ZSEF,<\/p>\n\n\n\n<p>B\u00daS LAJOS,                     DIDEK LAJOS,     FEH\u00c9R MIH\u00c1LY,<\/p>\n\n\n\n<p>FEH\u00c9R ISTV\u00c1N,              dr.HARS\u00c1NYI P\u00c1L,     HOLNAPY ERN\u0150,<\/p>\n\n\n\n<p>KALM\u00c1R K\u00c1ROLY,        KISS K\u00c1ROLY,         KISS K\u00c1ROLYN\u00c9,<\/p>\n\n\n\n<p>KLEINER K\u00c1ROLY,       KLEIN GYULA,       L\u00c1Z\u00c1R DEZS\u0150,<\/p>\n\n\n\n<p>M\u00c1T\u00c9 G\u00c1BOR,               MEHR P\u00c9TERN\u00c9,        MEHRINGER REZS\u0150N\u00c9,<\/p>\n\n\n\n<p>MIGRAY FERENCN\u00c9,    NAGY LAJOS,            N. SZENTP\u00c9TERY ZSUZSA,<\/p>\n\n\n\n<p>NEUMANN F\u00dcL\u00d6P,      NEUFELD ALFR\u00c9D,     OLBRICH ADOLF,<\/p>\n\n\n\n<p>PANKUCH GYULA,     RAKS\u00c1NYI J\u00c1NOS,     \u00f6zv.POSPISCHIL ISTV\u00c1NN\u00c9,<\/p>\n\n\n\n<p>REGNER K\u00c1LM\u00c1N,    ROSENBERG MATILD,    S\u00c1NDOR LAJOS,<\/p>\n\n\n\n<p>SINGER S\u00c1NDOR,      SCHREIBNER JEN\u0150,      STETRI F\u00c9LIX,<\/p>\n\n\n\n<p>SZAB\u00d3 EDE,      SZ\u00c1SZ G\u00c9ZA,         WARHANEK J\u00d3ZSEFN\u00c9,<\/p>\n\n\n\n<p>WEILER ELVIRA,   WIMMERTHAL ANTAL<\/p>\n\n\n\n<p>Direkt\u00f3riumi tagok:<\/p>\n\n\n\n<p>HOLNAPY ERN\u0150        eln\u00f6k<\/p>\n\n\n\n<p>B\u00daS LAJOS<\/p>\n\n\n\n<p>DIDEK ISTV\u00c1N<\/p>\n\n\n\n<p>SCHREIBER JEN\u0150<\/p>\n\n\n\n<p>STETRI F\u00c9LIX<\/p>\n\n\n\n<p>Forr\u00e1s: <\/p>\n\n\n\n<ol class=\"wp-block-list\">\n<li>R\u00c1KOSLIGETI MUNK\u00c1STAN\u00c1CS \u2014 III. 30\u2014V. 16. \u2014 lila. (BFL X. Ker. M. T. ir. \u2014 7342.)<\/li>\n\n\n\n<li>PEST-PILIS-SOLT-KISKUN V\u00c1RMEGYE R\u00c1KOSLIGET K\u00d6ZS\u00c9G DIREKT\u00d3RIUMA \u2014 VII. 26. \u2014 lila. (OL L 9\u2014864.)<\/li>\n\n\n\n<li> <a href=\"http:\/\/rakosliget.hu\/pdf\/szanyi szakdolgozat.pdf\">Szanyi Dezs\u0151: R\u00e1kosliget els\u0151 negyedsz\u00e1zada 1899 \u2013 1924. <\/a>  <\/li>\n<\/ol>\n\n\n\n<p><\/p>\n\n\n<h1 align=\"center\">A Tan\u00e1csk\u00f6zt\u00e1rsas\u00e1g ut\u00e1ni perek v\u00e1dlottjai<\/h1>\n<table cellspacing=\"0\" cellpadding=\"0\">\n<tbody>\n<tr>\n<td align=\"right\" valign=\"top\" nowrap=\"nowrap\"><em>Lev\u00e9lt\u00e1r:<\/em><\/td>\n<td align=\"left\" valign=\"top\">Budapest F\u0151v\u00e1ros Lev\u00e9lt\u00e1ra<\/td>\n<\/tr>\n<tr>\n<td align=\"right\" valign=\"top\" nowrap=\"nowrap\"><em>Adatb\u00e1zis:<\/em><\/td>\n<td align=\"left\" valign=\"top\">B\u00fcntet\u0151\u00fcgyek<\/td>\n<\/tr>\n<tr>\n<td align=\"right\" valign=\"top\" nowrap=\"nowrap\"><em>Lev\u00e9lt\u00e1ri irategy\u00fcttes:<\/em><\/td>\n<td align=\"left\" valign=\"top\">VII.18.d Budapesti Kir\u00e1lyi \u00dcgy\u00e9szs\u00e9g (1946-t\u00f3l Budapesti \u00c1llam\u00fcgy\u00e9szs\u00e9g) iratai. B\u00fcntet\u0151perek iratai<\/td>\n<\/tr>\n<tr>\n<td align=\"right\" valign=\"top\" nowrap=\"nowrap\"><em>\u00dcgyt\u00edpus:<\/em><\/td>\n<td align=\"left\" valign=\"top\">b\u00fcntet\u0151\u00fcgy<\/td>\n<\/tr>\n<tr>\n<td align=\"right\" valign=\"top\" nowrap=\"nowrap\"><em>\u00c9v:<\/em><\/td>\n<td align=\"left\" valign=\"top\">1923<\/td>\n<\/tr>\n<tr>\n<td align=\"right\" valign=\"top\" nowrap=\"nowrap\"><em>\u00dcgysz\u00e1m:<\/em><\/td>\n<td align=\"left\" valign=\"top\">13\/0115<\/td>\n<\/tr>\n<tr>\n<td align=\"right\" valign=\"top\" nowrap=\"nowrap\"><em>\u00dcgyle\u00edr\u00e1s:<\/em><\/td>\n<td align=\"left\" valign=\"top\">Bp. 1923. Baloldali kijelent\u00e9sei miatt<\/td>\n<\/tr>\n<tr>\n<td align=\"right\" valign=\"top\" nowrap=\"nowrap\"><em>Terjedelem:<\/em><\/td>\n<td align=\"left\" valign=\"top\">49 pagina<\/td>\n<\/tr>\n<tr>\n<td>\u00a0<\/td>\n<\/tr>\n<tr>\n<td align=\"right\" valign=\"top\" nowrap=\"nowrap\"><em>v\u00e1dlott\/terhelt:<\/em><\/td>\n<td align=\"left\" valign=\"top\"><strong>Didek Istv\u00e1n <\/strong><br \/><em>Sz\u00fclet\u00e9si hely:<\/em> Szolnok &#8211; <em>\u00c9letkor:<\/em> 33 &#8211; <em>St\u00e1tus\/foglalkoz\u00e1s:<\/em> mozdonyvezet\u0151 &#8211; <em>Vall\u00e1s:<\/em> r\u00f3m.kat. &#8211; <em>Lakhely(telephely):<\/em> R\u00e1kosliget Fack t\u00e9r 4. &#8211; <em>Jogc\u00edm:<\/em> kommunista \u00fczelmek<\/td>\n<\/tr>\n<tr>\n<td align=\"right\" valign=\"top\" nowrap=\"nowrap\"><em>v\u00e1dlott\/terhelt:<\/em><\/td>\n<td align=\"left\" valign=\"top\"><strong>Holnapy Ern\u0151<\/strong><br \/><em>Sz\u00fclet\u00e9si hely:<\/em> Budapest &#8211; <em>\u00c9letkor:<\/em> 25 &#8211; <em>St\u00e1tus\/foglalkoz\u00e1s:<\/em> g\u00e9plakatos &#8211; <em>Vall\u00e1s:<\/em> r\u00f3m.kat. &#8211; <em>Lakhely(telephely):<\/em> R\u00e1kosliget &#8211; <em>Jogc\u00edm:<\/em> kommunista \u00fczelmek<\/td>\n<\/tr>\n<tr>\n<td align=\"right\" valign=\"top\" nowrap=\"nowrap\"><em>v\u00e1dlott\/terhelt:<\/em><\/td>\n<td align=\"left\" valign=\"top\"><strong>Wimmenth\u00e1l Antal<\/strong><br \/><em>Sz\u00fclet\u00e9si hely:<\/em> Budapest &#8211; <em>\u00c9letkor:<\/em> 29 &#8211; <em>St\u00e1tus\/foglalkoz\u00e1s:<\/em> g\u00e9pkocsi szerel\u0151 &#8211; <em>Vall\u00e1s:<\/em> r\u00f3m.kat. &#8211; <em>Lakhely(telephely):<\/em> R\u00e1kosliget &#8211; <em>Jogc\u00edm:<\/em> kommunista \u00fczelmek<\/td>\n<\/tr>\n<tr>\n<td align=\"right\" valign=\"top\" nowrap=\"nowrap\"><em>v\u00e1dlott\/terhelt:<\/em><\/td>\n<td align=\"left\" valign=\"top\"><strong>K\u00fcrschner Jakab<\/strong><br \/><em>Sz\u00fclet\u00e9si hely:<\/em> Mosdos &#8211; <em>\u00c9letkor:<\/em> 68 &#8211; <em>St\u00e1tus\/foglalkoz\u00e1s:<\/em> ker\u00fcleti mink\u00e1sbiztos\u00edt\u00f3 p\u00e9nzt\u00e1ri aligazgat\u00f3 &#8211; <em>Vall\u00e1s:<\/em> r\u00f3m.kat. &#8211; <em>Lakhely(telephely):<\/em> R\u00e1kosliget &#8211; <em>Jogc\u00edm:<\/em> kommunista \u00fczelmek<\/td>\n<\/tr>\n<tr>\n<td align=\"right\" valign=\"top\" nowrap=\"nowrap\"><em>v\u00e1dlott\/terhelt:<\/em><\/td>\n<td align=\"left\" valign=\"top\"><strong>Mehringer Rezs\u0151n\u00e9 N\u00e9meth Margit<\/strong><br \/><em>Sz\u00fclet\u00e9si hely:<\/em> K\u0151v\u00e1g\u00f3\u00f6rs &#8211; <em>\u00c9letkor:<\/em> 29 &#8211; <em>St\u00e1tus\/foglalkoz\u00e1s:<\/em> posta \u00e9s t\u00e1virda seg\u00e9d ellen\u0151r &#8211; <em>Vall\u00e1s:<\/em> evang. &#8211; <em>Lakhely(telephely):<\/em> R\u00e1kosliget &#8211; <em>Jogc\u00edm:<\/em> kommunista \u00fczelmek<\/td>\n<\/tr>\n<tr>\n<td align=\"right\" valign=\"top\" nowrap=\"nowrap\"><em>v\u00e1dlott\/terhelt:<\/em><\/td>\n<td align=\"left\" valign=\"top\"><strong>V\u00e1radi Ign\u00e1cn\u00e9 Geiringer R\u00f3za<\/strong><br \/><em>Sz\u00fclet\u00e9si hely:<\/em> Baja &#8211; <em>\u00c9letkor:<\/em> 53 &#8211; <em>St\u00e1tus\/foglalkoz\u00e1s:<\/em> h\u00e1ztart\u00e1sbeli &#8211; <em>Vall\u00e1s:<\/em> izr. &#8211; <em>Lakhely(telephely):<\/em> R\u00e1kosliget &#8211; <em>Jogc\u00edm:<\/em> kommunista \u00fczelmek<\/td>\n<\/tr>\n<tr>\n<td align=\"right\" valign=\"top\" nowrap=\"nowrap\"><em>v\u00e1dlott\/terhelt:<\/em><\/td>\n<td align=\"left\" valign=\"top\"><strong>V\u00e1radi Ign\u00e1c<\/strong><br \/><em>Sz\u00fclet\u00e9si hely:<\/em> Budapest &#8211; <em>\u00c9letkor:<\/em> 69 &#8211; <em>St\u00e1tus\/foglalkoz\u00e1s:<\/em> ad\u00f3tiszt &#8211; <em>Vall\u00e1s:<\/em> izr. &#8211; <em>Lakhely(telephely):<\/em> R\u00e1kosliget &#8211; <em>Jogc\u00edm:<\/em> kommunista \u00fczelmek<\/td>\n<\/tr>\n<tr>\n<td align=\"right\" valign=\"top\" nowrap=\"nowrap\"><em>v\u00e1dlott\/terhelt:<\/em><\/td>\n<td align=\"left\" valign=\"top\"><strong>Farkas Ferenc<\/strong><br \/><em>Sz\u00fclet\u00e9si hely:<\/em> Budapest &#8211; <em>\u00c9letkor:<\/em> 20 &#8211; <em>St\u00e1tus\/foglalkoz\u00e1s:<\/em> nyomd\u00e1sz &#8211; <em>Vall\u00e1s:<\/em> r\u00f3m.kat. &#8211; <em>Lakhely(telephely):<\/em> R\u00e1kosliget &#8211; <em>Jogc\u00edm:<\/em> kommunista \u00fczelmek<\/td>\n<\/tr>\n<tr>\n<td align=\"right\" valign=\"top\" nowrap=\"nowrap\"><em>v\u00e1dlott\/terhelt:<\/em><\/td>\n<td align=\"left\" valign=\"top\"><strong>Beta B\u00e9l\u00e1n\u00e9 \u00c1bel M\u00e1ria<\/strong><br \/><em>Sz\u00fclet\u00e9si hely:<\/em> K\u0151h\u00eddgyarmat &#8211; <em>\u00c9letkor:<\/em> 34 &#8211; <em>St\u00e1tus\/foglalkoz\u00e1s:<\/em> asztalos mester neje &#8211; <em>Vall\u00e1s:<\/em> r\u00f3m.kat. &#8211; <em>Lakhely(telephely):<\/em> R\u00e1kosliget &#8211; <em>Jogc\u00edm:<\/em> kommunista \u00fczelmek<\/td>\n<\/tr>\n<tr>\n<td align=\"right\" valign=\"top\" nowrap=\"nowrap\"><em>v\u00e1dlott\/terhelt:<\/em><\/td>\n<td align=\"left\" valign=\"top\"><strong>Kis K\u00e1rolyn\u00e9 Reichenpfader Lujza<\/strong><br \/><em>Sz\u00fclet\u00e9si hely:<\/em> B\u00e9cs &#8211; <em>\u00c9letkor:<\/em> 38 &#8211; <em>St\u00e1tus\/foglalkoz\u00e1s:<\/em> posta \u00e9s t\u00e1virda seg\u00e9d ellen\u0151r &#8211; <em>Vall\u00e1s:<\/em> ref. &#8211; <em>Lakhely(telephely):<\/em> R\u00e1kosliget &#8211; <em>Jogc\u00edm:<\/em> kommunista \u00fczelmek<\/td>\n<\/tr>\n<tr>\n<td align=\"right\" valign=\"top\" nowrap=\"nowrap\"><em>v\u00e1dlott\/terhelt:<\/em><\/td>\n<td align=\"left\" valign=\"top\"><strong>Szab\u00f3 Imre dr.<\/strong><br \/><em>Sz\u00fclet\u00e9si hely:<\/em> Kaposv\u00e1r &#8211; <em>\u00c9letkor:<\/em> 30 &#8211; <em>St\u00e1tus\/foglalkoz\u00e1s:<\/em> posta \u00e9s t\u00e1virda titk\u00e1r &#8211; <em>Vall\u00e1s:<\/em> ref. &#8211; <em>Lakhely(telephely):<\/em> R\u00e1kosliget &#8211; <em>Jogc\u00edm:<\/em> kommunista \u00fczelmek<\/td>\n<\/tr>\n<tr>\n<td align=\"right\" valign=\"top\" nowrap=\"nowrap\"><em>v\u00e1dlott\/terhelt:<\/em><\/td>\n<td align=\"left\" valign=\"top\"><strong>Wimmenth\u00e1l Alad\u00e1r<\/strong><br \/><em>Sz\u00fclet\u00e9si hely:<\/em> Budapest &#8211; <em>\u00c9letkor:<\/em> 20 &#8211; <em>St\u00e1tus\/foglalkoz\u00e1s:<\/em> keresked\u0151 seg\u00e9d &#8211; <em>Vall\u00e1s:<\/em> r\u00f3m.kat. &#8211; <em>Lakhely(telephely):<\/em> R\u00e1kosliget &#8211; <em>Jogc\u00edm:<\/em> kommunista \u00fczelmek<\/td>\n<\/tr>\n<tr>\n<td align=\"right\" valign=\"top\" nowrap=\"nowrap\"><em>v\u00e1dlott\/terhelt:<\/em><\/td>\n<td align=\"left\" valign=\"top\"><strong>Didek Lajos<\/strong><br \/><em>Sz\u00fclet\u00e9si hely:<\/em> Szolnok &#8211; <em>\u00c9letkor:<\/em> 26 &#8211; <em>St\u00e1tus\/foglalkoz\u00e1s:<\/em> kereskedelmi alkalmazott &#8211; <em>Vall\u00e1s:<\/em> r\u00f3m.kat. &#8211; <em>Lakhely(telephely):<\/em> Budapest &#8211; <em>Jogc\u00edm:<\/em> kommunista \u00fczelmek<\/td>\n<\/tr>\n<tr>\n<td align=\"right\" valign=\"top\" nowrap=\"nowrap\"><em>v\u00e1dlott\/terhelt:<\/em><\/td>\n<td align=\"left\" valign=\"top\"><strong>Pankuch Gyula<\/strong><br \/><em>Sz\u00fclet\u00e9si hely:<\/em> Tiszaf\u00fcred &#8211; <em>\u00c9letkor:<\/em> 46 &#8211; <em>St\u00e1tus\/foglalkoz\u00e1s:<\/em> ad\u00f3hivatali f\u0151tiszt &#8211; <em>Vall\u00e1s:<\/em> evang. &#8211; <em>Lakhely(telephely):<\/em> R\u00e1kosliget &#8211; <em>Jogc\u00edm:<\/em> kommunista \u00fczelmek<\/td>\n<\/tr>\n<tr>\n<td align=\"right\" valign=\"top\" nowrap=\"nowrap\"><em>v\u00e1dlott\/terhelt:<\/em><\/td>\n<td align=\"left\" valign=\"top\"><strong>S\u00e1ndor Lajos<\/strong><br \/><em>Sz\u00fclet\u00e9si hely:<\/em> Hajd\u00fahadh\u00e1za &#8211; <em>\u00c9letkor:<\/em> 49 &#8211; <em>St\u00e1tus\/foglalkoz\u00e1s:<\/em> tisztvisel\u0151 &#8211; <em>Vall\u00e1s:<\/em> izr. &#8211; <em>Lakhely(telephely):<\/em> R\u00e1kospalota &#8211; <em>Jogc\u00edm:<\/em> kommunista \u00fczelmek<\/td>\n<\/tr>\n<tr>\n<td align=\"right\" valign=\"top\" nowrap=\"nowrap\"><em>v\u00e1dlott\/terhelt:<\/em><\/td>\n<td align=\"left\" valign=\"top\"><a href=\"https:\/\/rakosliget.hu\/wordpress\/index.php\/kunery-kalman\/\"><strong>Kun\u00e9ry K\u00e1lm\u00e1n<\/strong><\/a><br \/><em>Sz\u00fclet\u00e9si hely:<\/em> Szent\u00e1gota &#8211; <em>\u00c9letkor:<\/em> 44 &#8211; <em>St\u00e1tus\/foglalkoz\u00e1s:<\/em> elemi iskolai tan\u00edt\u00f3 &#8211; <em>Lakhely(telephely):<\/em> R\u00e1kosliget &#8211; <em>Jogc\u00edm:<\/em> kommunista \u00fczelmek<\/td>\n<\/tr>\n<tr>\n<td align=\"right\" valign=\"top\" nowrap=\"nowrap\"><em>v\u00e1dlott\/terhelt:<\/em><\/td>\n<td align=\"left\" valign=\"top\"><strong>Boros Ign\u00e1cn\u00e9 L\u00e1ng Regina<\/strong><br \/><em>Sz\u00fclet\u00e9si hely:<\/em> Eger &#8211; <em>\u00c9letkor:<\/em> 44 &#8211; <em>St\u00e1tus\/foglalkoz\u00e1s:<\/em> nyomd\u00e1sz neje &#8211; <em>Vall\u00e1s:<\/em> izr. &#8211; <em>Lakhely(telephely):<\/em> R\u00e1kosliget &#8211; <em>Jogc\u00edm:<\/em> kommunista \u00fczelmek<\/td>\n<\/tr>\n<tr>\n<td align=\"right\" valign=\"top\" nowrap=\"nowrap\"><em>v\u00e1dlott\/terhelt:<\/em><\/td>\n<td align=\"left\" valign=\"top\"><strong>Meseh\u00e1n Ferenc<\/strong><br \/><em>Sz\u00fclet\u00e9si hely:<\/em> Budapest &#8211; <em>\u00c9letkor:<\/em> 27 &#8211; <em>St\u00e1tus\/foglalkoz\u00e1s:<\/em> vas \u00e9s f\u00e9m\u00f6nt\u0151 &#8211; <em>Vall\u00e1s:<\/em> r\u00f3m.kat. &#8211; <em>Lakhely(telephely):<\/em> R\u00e1koscsaba &#8211; <em>Jogc\u00edm:<\/em> kommunista \u00fczelmek<\/td>\n<\/tr>\n<\/tbody>\n<\/table>\n<p><a href=\"http:\/\/nfo.arcanum.hu\/kozos\/opt\/a100110.htm?v=pdf&amp;q=%28WRD%3D%28R%E1kosliget%29%29\/LT_PML%2CLT_BFL&amp;s=SORT&amp;m=1&amp;a=rec\">Forr\u00e1s:nfo.arcanum.hu <\/a><\/p>\n\n<div class=\"wp-block-image\">\n<figure class=\"aligncenter size-large\"><a href=\"http:\/\/rakosliget.hu\/wordpress\/index.php\/az-est\/\"><img loading=\"lazy\" decoding=\"async\" width=\"411\" height=\"662\" src=\"http:\/\/rakosliget.hu\/wordpress\/wp-content\/uploads\/2020\/01\/tanacskoztarsasag-per-1920.jpg\" alt=\"\" class=\"wp-image-4493\" srcset=\"https:\/\/rakosliget.hu\/wordpress\/wp-content\/uploads\/2020\/01\/tanacskoztarsasag-per-1920.jpg 411w, https:\/\/rakosliget.hu\/wordpress\/wp-content\/uploads\/2020\/01\/tanacskoztarsasag-per-1920-186x300.jpg 186w\" sizes=\"auto, (max-width: 411px) 100vw, 411px\" \/><\/a><figcaption class=\"wp-element-caption\">K\u00fcrschner Jakab \u00e9s a r\u00e1kosligeti direkt\u00f3rium tagjainak per\u00e9r\u0151l tud\u00f3s\u00edt Az Est 1920. febru\u00e1r 8.-i sz\u00e1ma<\/figcaption><\/figure>\n<\/div>\n\n\n<p><br><\/p>\n\n\n\n<p><em>Friss\u00edtve: 2020.01.29.<\/em><\/p>\n\n\n\n<div class=\"wp-block-buttons is-content-justification-center is-layout-flex wp-container-core-buttons-is-layout-16018d1d wp-block-buttons-is-layout-flex\">\n<div class=\"wp-block-button\"><a class=\"wp-block-button__link wp-element-button\" href=\"#Eleje\">vissza a lap tetej\u00e9ra<\/a><\/div>\n<\/div>\n","protected":false},"excerpt":{"rendered":"<p>Az 1919. \u00e1prilis 6-\u00e1n megv\u00e1lasztott k\u00f6zs\u00e9gi munk\u00e1s-, katona-, \u00e9s f\u00f6ldm\u0171vestan\u00e1cs tagjai DIDEK ISTV\u00c1N a munk\u00e1stan\u00e1cs eln\u00f6ke K\u00dcRSCHNER JAKAB a munk\u00e1stan\u00e1cs eln\u00f6ke 1919. \u00e1prilis 6-t\u00f3l BEL\u00c1NKA GY\u00d6RGY, BOROS IGN\u00c1C, B\u00d6RCZ J\u00d3ZSEF, B\u00daS LAJOS, DIDEK LAJOS, FEH\u00c9R MIH\u00c1LY, FEH\u00c9R ISTV\u00c1N, dr.HARS\u00c1NYI P\u00c1L, HOLNAPY ERN\u0150, KALM\u00c1R K\u00c1ROLY, KISS K\u00c1ROLY, KISS K\u00c1ROLYN\u00c9, KLEINER K\u00c1ROLY, KLEIN GYULA, L\u00c1Z\u00c1R DEZS\u0150, M\u00c1T\u00c9 &hellip; <a href=\"https:\/\/rakosliget.hu\/wordpress\/index.php\/a-tanacskoztarsasag-utani-perek-rakosligeti-vadlottjai\/\" class=\"more-link\"><span class=\"screen-reader-text\">1919 A TAN\u00c1CSK\u00d6ZT\u00c1RSAS\u00c1G \u00e9s az ut\u00e1na lefolytatott perek r\u00e1kosligeti v\u00e1dlottjai<\/span> r\u00e9szletei&#8230;<\/a><\/p>\n","protected":false},"author":1,"featured_media":0,"parent":0,"menu_order":0,"comment_status":"closed","ping_status":"closed","template":"","meta":{"footnotes":""},"class_list":["post-593","page","type-page","status-publish","hentry"],"_links":{"self":[{"href":"https:\/\/rakosliget.hu\/wordpress\/index.php\/wp-json\/wp\/v2\/pages\/593","targetHints":{"allow":["GET"]}}],"collection":[{"href":"https:\/\/rakosliget.hu\/wordpress\/index.php\/wp-json\/wp\/v2\/pages"}],"about":[{"href":"https:\/\/rakosliget.hu\/wordpress\/index.php\/wp-json\/wp\/v2\/types\/page"}],"author":[{"embeddable":true,"href":"https:\/\/rakosliget.hu\/wordpress\/index.php\/wp-json\/wp\/v2\/users\/1"}],"replies":[{"embeddable":true,"href":"https:\/\/rakosliget.hu\/wordpress\/index.php\/wp-json\/wp\/v2\/comments?post=593"}],"version-history":[{"count":13,"href":"https:\/\/rakosliget.hu\/wordpress\/index.php\/wp-json\/wp\/v2\/pages\/593\/revisions"}],"predecessor-version":[{"id":23908,"href":"https:\/\/rakosliget.hu\/wordpress\/index.php\/wp-json\/wp\/v2\/pages\/593\/revisions\/23908"}],"wp:attachment":[{"href":"https:\/\/rakosliget.hu\/wordpress\/index.php\/wp-json\/wp\/v2\/media?parent=593"}],"curies":[{"name":"wp","href":"https:\/\/api.w.org\/{rel}","templated":true}]}}