{"id":589,"date":"2018-03-11T04:59:07","date_gmt":"2018-03-11T03:59:07","guid":{"rendered":"http:\/\/rakosliget.hu\/wordpress\/?page_id=589"},"modified":"2018-03-11T04:59:07","modified_gmt":"2018-03-11T03:59:07","slug":"rakosliget-telefonkonyvek-1906-1943","status":"publish","type":"page","link":"https:\/\/rakosliget.hu\/wordpress\/index.php\/rakosliget-telefonkonyvek-1906-1943\/","title":{"rendered":"R\u00e1kosliget telefonk\u00f6nyvek 1906 &#8211; 1943"},"content":{"rendered":"<p>R\u00e1kosliget telefonk\u00f6nyvek 1906 &#8211; 1943<\/p>\n<table id=\"tblThumbsrefLayout\" cellspacing=\"5\" cellpadding=\"10\" align=\"center\">\n<tbody>\n<tr>\n<td class=\"tdImg\"><a title=\"Telefonk\u00f6nyv 1906\" href=\"http:\/\/rakosliget.hu\/kepgaleriak\/photostel\/1906_.jpg\" rel=\"lightbox[id0]\"> <img decoding=\"async\" class=\"eImage\" title=\"Telefonk\u00f6nyv 1906\" src=\"http:\/\/rakosliget.hu\/kepgaleriak\/thumbstel\/1906_.jpg\" alt=\"R\u00e1kosliget tempom\u00e9p\u00edt\u00e9shez jegyz\u00e9s\" \/><\/a><\/p>\n<p align=\"center\"><span class=\"tdTitle\">Telefonk\u00f6nyv 1906<\/span><\/p>\n<\/td>\n<td class=\"tdImg\"><a title=\"Telefonk\u00f6nyv 1912 \" href=\"http:\/\/rakosliget.hu\/kepgaleriak\/photostel\/1912_1.jpg\" rel=\"lightbox[id0]\"> <img decoding=\"async\" class=\"eImage\" title=\"Telefonk\u00f6nyv 1912 \" src=\"http:\/\/rakosliget.hu\/kepgaleriak\/thumbstel\/1912_1.jpg\" alt=\"Telefonk\u00f6nyv 1912\" \/><\/a><\/p>\n<p align=\"center\"><span class=\"tdTitle\">Telefonk\u00f6nyv 1912 <\/span><\/p>\n<\/td>\n<td class=\"tdImg\"><a title=\"Telefonk\u00f6nyv 1912 \" href=\"http:\/\/rakosliget.hu\/kepgaleriak\/photostel\/1912_2.jpg\" rel=\"lightbox[id0]\"> <img loading=\"lazy\" decoding=\"async\" class=\"eImage\" title=\"Telefonk\u00f6nyv 1912\" src=\"http:\/\/rakosliget.hu\/kepgaleriak\/thumbstel\/1912_2.jpg\" alt=\"Telefonk\u00f6nyv 1912 \" width=\"160\" height=\"249\" \/><\/a><\/p>\n<p align=\"center\"><span class=\"tdTitle\">Telefonk\u00f6nyv 1912 <\/span><\/p>\n<\/td>\n<\/tr>\n<tr>\n<td class=\"tdImg\"><a title=\"Telefonk\u00f6nyv 1913\" href=\"http:\/\/rakosliget.hu\/kepgaleriak\/photostel\/1913.jpg\" rel=\"lightbox[id0]\"> <img decoding=\"async\" class=\"eImage\" title=\"Telefonk\u00f6nyv 1913\" src=\"http:\/\/rakosliget.hu\/kepgaleriak\/thumbstel\/1913.jpg\" alt=\"Telefonk\u00f6nyv 1913\" \/><\/a><\/p>\n<p align=\"center\"><span class=\"tdTitle\">Telefonk\u00f6nyv 1913<\/span><\/p>\n<\/td>\n<td class=\"tdImg\"><a title=\"Telefonk\u00f6nyv 1914 \" href=\"http:\/\/rakosliget.hu\/kepgaleriak\/photostel\/1914 junius.jpg\" rel=\"lightbox[id0]\"> <img decoding=\"async\" class=\"eImage\" title=\"Telefonk\u00f6nyv 1914 \" src=\"http:\/\/rakosliget.hu\/kepgaleriak\/thumbstel\/1914 junius.jpg\" alt=\"Telefonk\u00f6nyv 1914\" \/><\/a><\/p>\n<p align=\"center\"><span class=\"tdTitle\">Telefonk\u00f6nyv 1914 <\/span><\/p>\n<\/td>\n<td class=\"tdImg\"><a title=\"Telefonk\u00f6nyv 1917 \" href=\"http:\/\/rakosliget.hu\/kepgaleriak\/photostel\/1917.jpg\" rel=\"lightbox[id0]\"> <img loading=\"lazy\" decoding=\"async\" class=\"eImage\" title=\"Telefonk\u00f6nyv 1917\" src=\"http:\/\/rakosliget.hu\/kepgaleriak\/thumbstel\/1917.jpg\" alt=\"Telefonk\u00f6nyv 1917 \" width=\"160\" height=\"236\" \/><\/a><\/p>\n<p align=\"center\"><span class=\"tdTitle\">Telefonk\u00f6nyv 1917 <\/span><\/p>\n<\/td>\n<\/tr>\n<tr>\n<td class=\"tdImg\"><a title=\"Telefonk\u00f6nyv 1920\" href=\"http:\/\/rakosliget.hu\/kepgaleriak\/photostel\/1920_1.jpg\" rel=\"lightbox[id0]\"> <img decoding=\"async\" class=\"eImage\" title=\"Telefonk\u00f6nyv 1906\" src=\"http:\/\/rakosliget.hu\/kepgaleriak\/thumbstel\/1920_1.jpg\" alt=\"Telefonk\u00f6nyv 1920\" \/><\/a><\/p>\n<p align=\"center\"><span class=\"tdTitle\">Telefonk\u00f6nyv 1920<\/span><\/p>\n<\/td>\n<td class=\"tdImg\"><a title=\"Telefonk\u00f6nyv 1920 \" href=\"http:\/\/rakosliget.hu\/kepgaleriak\/photostel\/1920_2.jpg\" rel=\"lightbox[id0]\"> <img decoding=\"async\" class=\"eImage\" title=\"Telefonk\u00f6nyv 1912 \" src=\"http:\/\/rakosliget.hu\/kepgaleriak\/thumbstel\/1920_2.jpg\" alt=\"Telefonk\u00f6nyv 1920\" \/><\/a><\/p>\n<p align=\"center\"><span class=\"tdTitle\">Telefonk\u00f6nyv 1920 <\/span><\/p>\n<\/td>\n<td class=\"tdImg\"><a title=\"Telefonk\u00f6nyv 1942 \" href=\"http:\/\/rakosliget.hu\/kepgaleriak\/photostel\/1942_1.jpg\" rel=\"lightbox[id0]\"> <img loading=\"lazy\" decoding=\"async\" class=\"eImage\" title=\"Telefonk\u00f6nyv 1942\" src=\"http:\/\/rakosliget.hu\/kepgaleriak\/thumbstel\/1942_1.jpg\" alt=\"Telefonk\u00f6nyv 1942 \" width=\"160\" height=\"200\" \/><\/a><\/p>\n<p align=\"center\"><span class=\"tdTitle\">Telefonk\u00f6nyv 1942 <\/span><\/p>\n<\/td>\n<\/tr>\n<tr>\n<td class=\"tdImg\"><a title=\"Telefonk\u00f6nyv 1942\" href=\"http:\/\/rakosliget.hu\/kepgaleriak\/photostel\/1942_2.jpg\" rel=\"lightbox[id0]\"> <img decoding=\"async\" class=\"eImage\" title=\"Telefonk\u00f6nyv 1942\" src=\"http:\/\/rakosliget.hu\/kepgaleriak\/thumbstel\/1942_2.jpg\" alt=\"Telefonk\u00f6nyv 1942\" \/><\/a><\/p>\n<p align=\"center\"><span class=\"tdTitle\">Telefonk\u00f6nyv 1942<\/span><\/p>\n<\/td>\n<td class=\"tdImg\"><a title=\"Telefonk\u00f6nyv 1942 \" href=\"http:\/\/rakosliget.hu\/kepgaleriak\/photostel\/1942_3.jpg\" rel=\"lightbox[id0]\"> <img decoding=\"async\" class=\"eImage\" title=\"Telefonk\u00f6nyv 1942 \" src=\"http:\/\/rakosliget.hu\/kepgaleriak\/thumbstel\/1942_3.jpg\" alt=\"Telefonk\u00f6nyv 1942\" \/><\/a><\/p>\n<p align=\"center\"><span class=\"tdTitle\">Telefonk\u00f6nyv 1942<\/span><\/p>\n<\/td>\n<td class=\"tdImg\"><a title=\"Telefonk\u00f6nyv 1942 \" href=\"http:\/\/rakosliget.hu\/kepgaleriak\/photostel\/1942_4.jpg\" rel=\"lightbox[id0]\"> <img loading=\"lazy\" decoding=\"async\" class=\"eImage\" title=\"Telefonk\u00f6nyv 1942\" src=\"http:\/\/rakosliget.hu\/kepgaleriak\/thumbstel\/1942_4.jpg\" alt=\"Telefonk\u00f6nyv 1942 \" width=\"160\" height=\"382\" \/><\/a><\/p>\n<p align=\"center\"><span class=\"tdTitle\">Telefonk\u00f6nyv 1942 <\/span><\/p>\n<\/td>\n<\/tr>\n<tr>\n<td class=\"tdImg\"><a title=\"Telefonk\u00f6nyv 1942\" href=\"http:\/\/rakosliget.hu\/kepgaleriak\/photostel\/1942_5.jpg\" rel=\"lightbox[id0]\"> <img decoding=\"async\" class=\"eImage\" title=\"Telefonk\u00f6nyv 1942\" src=\"http:\/\/rakosliget.hu\/kepgaleriak\/thumbstel\/1942_5.jpg\" alt=\"Telefonk\u00f6nyv 1942\" \/><\/a><\/p>\n<p align=\"center\"><span class=\"tdTitle\">Telefonk\u00f6nyv 1942<\/span><\/p>\n<\/td>\n<td class=\"tdImg\"><a title=\"Telefonk\u00f6nyv 1943 \" href=\"http:\/\/rakosliget.hu\/kepgaleriak\/photostel\/1943_1.jpg\" rel=\"lightbox[id0]\"> <img decoding=\"async\" class=\"eImage\" title=\"Telefonk\u00f6nyv 1943 \" src=\"http:\/\/rakosliget.hu\/kepgaleriak\/thumbstel\/1943_1.jpg\" alt=\"Telefonk\u00f6nyv 1943\" \/><\/a><\/p>\n<p align=\"center\"><span class=\"tdTitle\">Telefonk\u00f6nyv 1943 <\/span><\/p>\n<\/td>\n<td class=\"tdImg\"><a title=\"Telefonk\u00f6nyv 1943 \" href=\"http:\/\/rakosliget.hu\/kepgaleriak\/photostel\/1943_2.jpg\" rel=\"lightbox[id0]\"> <img loading=\"lazy\" decoding=\"async\" class=\"eImage\" title=\"Telefonk\u00f6nyv 1943\" src=\"http:\/\/rakosliget.hu\/kepgaleriak\/thumbstel\/1943_2.jpg\" alt=\"Telefonk\u00f6nyv 1943 \" width=\"160\" height=\"449\" \/><\/a><\/p>\n<p align=\"center\"><span class=\"tdTitle\">Telefonk\u00f6nyv 1943 <\/span><\/p>\n<\/td>\n<\/tr>\n<tr>\n<td class=\"tdImg\"><a title=\"Telefonk\u00f6nyv 1943\" href=\"http:\/\/rakosliget.hu\/kepgaleriak\/photostel\/1943_3.jpg\" rel=\"lightbox[id0]\"> <img decoding=\"async\" class=\"eImage\" title=\"Telefonk\u00f6nyv 1943\" src=\"http:\/\/rakosliget.hu\/kepgaleriak\/thumbstel\/1943_3.jpg\" alt=\"Telefonk\u00f6nyv 1943\" \/><\/a><\/p>\n<p align=\"center\"><span class=\"tdTitle\">Telefonk\u00f6nyv 1943<\/span><\/p>\n<\/td>\n<td class=\"tdImg\"><a title=\"Telefonk\u00f6nyv 1943 \" href=\"http:\/\/rakosliget.hu\/kepgaleriak\/photostel\/1943_1.jpg\" rel=\"lightbox[id0]\"> <img decoding=\"async\" class=\"eImage\" title=\"Telefonk\u00f6nyv 1943 \" src=\"http:\/\/rakosliget.hu\/kepgaleriak\/thumbstel\/1943_1.jpg\" alt=\"Telefonk\u00f6nyv 1943\" \/><\/a><\/p>\n<p align=\"center\"><span class=\"tdTitle\">Telefonk\u00f6nyv 1943 <\/span><\/p>\n<\/td>\n<td class=\"tdImg\"><a title=\"Telefonk\u00f6nyv 1943 \" href=\"http:\/\/rakosliget.hu\/kepgaleriak\/photostel\/1943_2.jpg\" rel=\"lightbox[id0]\"> <img loading=\"lazy\" decoding=\"async\" class=\"eImage\" title=\"Telefonk\u00f6nyv 1943\" src=\"http:\/\/rakosliget.hu\/kepgaleriak\/thumbstel\/1943_2.jpg\" alt=\"Telefonk\u00f6nyv 1943 \" width=\"160\" height=\"449\" \/><\/a><\/p>\n<p align=\"center\"><span class=\"tdTitle\">Telefonk\u00f6nyv 1943 <\/span><\/p>\n<\/td>\n<\/tr>\n<\/tbody>\n<\/table>\n<p><a href=\"http:\/\/rakosliget.hu\/kepgaleriak\/indextelefon.html\">R\u00e1kosliget telefonk\u00f6nyvek 1906 &#8211; 1943 k\u00e9pn\u00e9zeget\u0151vel<\/a><\/p>\n","protected":false},"excerpt":{"rendered":"<p>R\u00e1kosliget telefonk\u00f6nyvek 1906 &#8211; 1943 Telefonk\u00f6nyv 1906 Telefonk\u00f6nyv 1912 Telefonk\u00f6nyv 1912 Telefonk\u00f6nyv 1913 Telefonk\u00f6nyv 1914 Telefonk\u00f6nyv 1917 Telefonk\u00f6nyv 1920 Telefonk\u00f6nyv 1920 Telefonk\u00f6nyv 1942 Telefonk\u00f6nyv 1942 Telefonk\u00f6nyv 1942 Telefonk\u00f6nyv 1942 Telefonk\u00f6nyv 1942 Telefonk\u00f6nyv 1943 Telefonk\u00f6nyv 1943 Telefonk\u00f6nyv 1943 Telefonk\u00f6nyv 1943 Telefonk\u00f6nyv 1943 R\u00e1kosliget telefonk\u00f6nyvek 1906 &#8211; 1943 k\u00e9pn\u00e9zeget\u0151vel<\/p>\n","protected":false},"author":1,"featured_media":0,"parent":0,"menu_order":0,"comment_status":"closed","ping_status":"closed","template":"","meta":{"footnotes":""},"class_list":["post-589","page","type-page","status-publish","hentry"],"_links":{"self":[{"href":"https:\/\/rakosliget.hu\/wordpress\/index.php\/wp-json\/wp\/v2\/pages\/589","targetHints":{"allow":["GET"]}}],"collection":[{"href":"https:\/\/rakosliget.hu\/wordpress\/index.php\/wp-json\/wp\/v2\/pages"}],"about":[{"href":"https:\/\/rakosliget.hu\/wordpress\/index.php\/wp-json\/wp\/v2\/types\/page"}],"author":[{"embeddable":true,"href":"https:\/\/rakosliget.hu\/wordpress\/index.php\/wp-json\/wp\/v2\/users\/1"}],"replies":[{"embeddable":true,"href":"https:\/\/rakosliget.hu\/wordpress\/index.php\/wp-json\/wp\/v2\/comments?post=589"}],"version-history":[{"count":1,"href":"https:\/\/rakosliget.hu\/wordpress\/index.php\/wp-json\/wp\/v2\/pages\/589\/revisions"}],"predecessor-version":[{"id":590,"href":"https:\/\/rakosliget.hu\/wordpress\/index.php\/wp-json\/wp\/v2\/pages\/589\/revisions\/590"}],"wp:attachment":[{"href":"https:\/\/rakosliget.hu\/wordpress\/index.php\/wp-json\/wp\/v2\/media?parent=589"}],"curies":[{"name":"wp","href":"https:\/\/api.w.org\/{rel}","templated":true}]}}