{"id":585,"date":"2018-03-11T04:47:43","date_gmt":"2018-03-11T03:47:43","guid":{"rendered":"http:\/\/rakosliget.hu\/wordpress\/?page_id=585"},"modified":"2026-01-18T18:08:54","modified_gmt":"2026-01-18T17:08:54","slug":"585-2","status":"publish","type":"page","link":"https:\/\/rakosliget.hu\/wordpress\/index.php\/585-2\/","title":{"rendered":"ORVOSOK"},"content":{"rendered":"\n<div class=\"wp-block-buttons is-content-justification-center is-layout-flex wp-container-core-buttons-is-layout-16018d1d wp-block-buttons-is-layout-flex\">\n<div class=\"wp-block-button\" id=\"Eleje\"><a class=\"wp-block-button__link wp-element-button\" href=\"https:\/\/rakosliget.hu\/wordpress\/index.php\/egeszsegugy-orvosok-jarvanyok\/\">VISSZA AZ EG\u00c9SZS\u00c9G\u00dcGY, ORVOSOK, J\u00c1RV\u00c1NYOK LAPRA<\/a><\/div>\n<\/div>\n\n\n\n<p class=\"has-text-align-left\"><em>Az oldal legutols\u00f3 friss\u00edt\u00e9se: 2026.01.18.<\/em><\/p>\n\n\n\n<p><\/p>\n\n\n\n<div class=\"wp-block-buttons is-layout-flex wp-block-buttons-is-layout-flex\">\n<div class=\"wp-block-button\"><a class=\"wp-block-button__link wp-element-button\" href=\"#\u00c1llat\">\u00c1LLATORVOSOK<\/a><\/div>\n<\/div>\n\n\n\n<p><\/p>\n\n\n\n<h2 class=\"wp-block-heading bodyText\" id=\"Orvos\">R\u00e1kosliget orvosai:<\/h2>\n\n\n\n<h5 class=\"wp-block-heading bodyText\">1910. dr. R\u00e1cz Miksa mint r\u00e1koskereszt\u00fari k\u00f6rorvos,<\/h5>\n\n\n<div class=\"wp-block-image\">\n<figure class=\"aligncenter\"><a href=\"http:\/\/rakosliget.hu\/wordpress\/wp-content\/uploads\/2020\/11\/Racz-doktor-kezdet-1909-februar-7-.jpg\"><img loading=\"lazy\" decoding=\"async\" width=\"300\" height=\"240\" src=\"http:\/\/rakosliget.hu\/wordpress\/wp-content\/uploads\/2020\/11\/Racz-doktor-kezdet-1909-februar-7--300x240.jpg\" alt=\"\" class=\"wp-image-5675\" srcset=\"https:\/\/rakosliget.hu\/wordpress\/wp-content\/uploads\/2020\/11\/Racz-doktor-kezdet-1909-februar-7--300x240.jpg 300w, https:\/\/rakosliget.hu\/wordpress\/wp-content\/uploads\/2020\/11\/Racz-doktor-kezdet-1909-februar-7-.jpg 561w\" sizes=\"auto, (max-width: 300px) 100vw, 300px\" \/><\/a><\/figure>\n<\/div>\n\n\n<p class=\"has-text-align-center bodyText\"><\/p>\n\n\n<div class=\"wp-block-image\">\n<figure class=\"aligncenter\"><a href=\"http:\/\/rakosliget.hu\/wordpress\/wp-content\/uploads\/2020\/11\/Racz-doktor-1908-februar-11.jpg\"><img loading=\"lazy\" decoding=\"async\" width=\"300\" height=\"212\" src=\"http:\/\/rakosliget.hu\/wordpress\/wp-content\/uploads\/2020\/11\/Racz-doktor-1908-februar-11-300x212.jpg\" alt=\"\" class=\"wp-image-5677\" srcset=\"https:\/\/rakosliget.hu\/wordpress\/wp-content\/uploads\/2020\/11\/Racz-doktor-1908-februar-11-300x212.jpg 300w, https:\/\/rakosliget.hu\/wordpress\/wp-content\/uploads\/2020\/11\/Racz-doktor-1908-februar-11.jpg 559w\" sizes=\"auto, (max-width: 300px) 100vw, 300px\" \/><\/a><\/figure>\n<\/div>\n\n\n<p class=\"has-text-align-center bodyText\"><\/p>\n\n\n<div class=\"wp-block-image\">\n<figure class=\"aligncenter\"><a href=\"http:\/\/rakosliget.hu\/wordpress\/wp-content\/uploads\/2020\/11\/Racz-orvos-ellen-mellett-1908-februar-12.jpg\"><img loading=\"lazy\" decoding=\"async\" width=\"167\" height=\"300\" src=\"http:\/\/rakosliget.hu\/wordpress\/wp-content\/uploads\/2020\/11\/Racz-orvos-ellen-mellett-1908-februar-12-167x300.jpg\" alt=\"\" class=\"wp-image-5679\" srcset=\"https:\/\/rakosliget.hu\/wordpress\/wp-content\/uploads\/2020\/11\/Racz-orvos-ellen-mellett-1908-februar-12-167x300.jpg 167w, https:\/\/rakosliget.hu\/wordpress\/wp-content\/uploads\/2020\/11\/Racz-orvos-ellen-mellett-1908-februar-12.jpg 558w\" sizes=\"auto, (max-width: 167px) 100vw, 167px\" \/><\/a><\/figure>\n<\/div>\n\n\n<p><\/p>\n\n\n\n<p>R\u00e1cz doktor elleni panasz. 1908. febru\u00e1r 10-12. Az Ujs\u00e1g<\/p>\n\n\n\n<h5 class=\"wp-block-heading bodyText\">1910. \u00e1prilis h\u00f3napt\u00f3l dr. Heged\u0171s J\u00f3zsef egyleti orvos, a Sport Klub orvosa,<br>1925, 1926-t\u00f3l k\u00f6zs\u00e9gi orvos dr. Bencze Ferenc ,<br><a href=\"http:\/\/rakosliget.hu\/html\/blum.html\">dr. Blum Lajos mag\u00e1norvos<\/a>,<br>dr. Hercz Adolf mag\u00e1norvos.<\/h5>\n\n\n\n<h5 class=\"wp-block-heading\"><figure><a href=\"http:\/\/rakosliget.hu\/html\/blum.html\" target=\"_new\" rel=\"noopener noreferrer\"><img loading=\"lazy\" decoding=\"async\" width=\"108\" height=\"145\" border=\"0\" class=\"alignleft\" src=\"http:\/\/rakosliget.hu\/szemelyek\/blum.jpg\" alt=\" \"><\/a><\/figure><a href=\"https:\/\/rakosliget.hu\/wordpress\/index.php\/834-2\/\">dr. Blum (Bakonyi) Lajos <span class=\"detailText\">orvos<\/span><\/a><\/h5>\n\n\n\n<h3 class=\"wp-block-heading has-text-align-left\">1916. \u00e9vben a p\u00e1pai reform\u00e1tus gimn\u00e1ziumban \u00e9retts\u00e9gizett.<\/h3>\n\n\n\n<h3 class=\"wp-block-heading\">1915. \u00e9v<\/h3>\n\n\n<div class=\"wp-block-image\">\n<figure class=\"aligncenter\"><a href=\"http:\/\/rakosliget.hu\/wordpress\/wp-content\/uploads\/2020\/01\/orvos-palyazat-1915.jpg\"><img loading=\"lazy\" decoding=\"async\" width=\"300\" height=\"207\" src=\"http:\/\/rakosliget.hu\/wordpress\/wp-content\/uploads\/2020\/01\/orvos-palyazat-1915-300x207.jpg\" alt=\"\" class=\"wp-image-4059\" srcset=\"https:\/\/rakosliget.hu\/wordpress\/wp-content\/uploads\/2020\/01\/orvos-palyazat-1915-300x207.jpg 300w, https:\/\/rakosliget.hu\/wordpress\/wp-content\/uploads\/2020\/01\/orvos-palyazat-1915.jpg 724w\" sizes=\"auto, (max-width: 300px) 100vw, 300px\" \/><\/a><\/figure>\n<\/div>\n\n\n<p><\/p>\n\n\n\n<h2 class=\"wp-block-heading\">1919. \u00e9v<\/h2>\n\n\n<div class=\"wp-block-image\">\n<figure class=\"aligncenter\"><a href=\"http:\/\/rakosliget.hu\/wordpress\/wp-content\/uploads\/2020\/01\/Hajdu-mihaly-dr-halala.jpg\"><img loading=\"lazy\" decoding=\"async\" width=\"300\" height=\"39\" src=\"http:\/\/rakosliget.hu\/wordpress\/wp-content\/uploads\/2020\/01\/Hajdu-mihaly-dr-halala-300x39.jpg\" alt=\"\" class=\"wp-image-4061\" srcset=\"https:\/\/rakosliget.hu\/wordpress\/wp-content\/uploads\/2020\/01\/Hajdu-mihaly-dr-halala-300x39.jpg 300w, https:\/\/rakosliget.hu\/wordpress\/wp-content\/uploads\/2020\/01\/Hajdu-mihaly-dr-halala.jpg 750w\" sizes=\"auto, (max-width: 300px) 100vw, 300px\" \/><\/a><\/figure>\n<\/div>\n\n\n<p><\/p>\n\n\n\n<h3 class=\"wp-block-heading\">1925. \u00e9v<\/h3>\n\n\n<div class=\"wp-block-image\">\n<figure class=\"aligncenter size-large\"><img loading=\"lazy\" decoding=\"async\" width=\"545\" height=\"343\" src=\"http:\/\/rakosliget.hu\/wordpress\/wp-content\/uploads\/2020\/02\/orvosok-1925-szeptember-3.jpg\" alt=\"\" class=\"wp-image-4749\" srcset=\"https:\/\/rakosliget.hu\/wordpress\/wp-content\/uploads\/2020\/02\/orvosok-1925-szeptember-3.jpg 545w, https:\/\/rakosliget.hu\/wordpress\/wp-content\/uploads\/2020\/02\/orvosok-1925-szeptember-3-300x189.jpg 300w\" sizes=\"auto, (max-width: 545px) 100vw, 545px\" \/><figcaption class=\"wp-element-caption\"><a href=\"http:\/\/rakosliget.hu\/wordpress\/index.php\/budapesti-kozlony\/\">Budapesti K\u00f6zl\u00f6ny<\/a> 1925. szeptember 3.<\/figcaption><\/figure>\n<\/div>\n\n\n<figure class=\"wp-block-table\"><table class=\"has-fixed-layout\"><tbody><tr><th><figure><img loading=\"lazy\" decoding=\"async\" src=\"http:\/\/rakosliget.hu\/orvosok\/1925 szakorvos nevsor.jpg\" width=\"832\" height=\"380\"><\/figure><\/th><\/tr><tr><th><figure><img loading=\"lazy\" decoding=\"async\" src=\"http:\/\/rakosliget.hu\/orvosok\/full.jpg\" width=\"846\" height=\"2030\"><\/figure><\/th><\/tr><\/tbody><\/table><\/figure>\n\n\n\n<h2 class=\"wp-block-heading has-text-align-center\">1929 <\/h2>\n\n\n\n<figure class=\"wp-block-image size-full\"><img loading=\"lazy\" decoding=\"async\" width=\"1694\" height=\"842\" src=\"https:\/\/rakosliget.hu\/wordpress\/wp-content\/uploads\/2025\/08\/Blum-villa.jpg\" alt=\"\" class=\"wp-image-17984\" srcset=\"https:\/\/rakosliget.hu\/wordpress\/wp-content\/uploads\/2025\/08\/Blum-villa.jpg 1694w, https:\/\/rakosliget.hu\/wordpress\/wp-content\/uploads\/2025\/08\/Blum-villa-300x149.jpg 300w, https:\/\/rakosliget.hu\/wordpress\/wp-content\/uploads\/2025\/08\/Blum-villa-768x382.jpg 768w, https:\/\/rakosliget.hu\/wordpress\/wp-content\/uploads\/2025\/08\/Blum-villa-1536x763.jpg 1536w\" sizes=\"auto, (max-width: 1694px) 100vw, 1694px\" \/><figcaption class=\"wp-element-caption\">Forr\u00e1s: A<a href=\"https:\/\/rakosliget.hu\/wordpress\/index.php\/a-mai-nap\/\"> MAi NAP<\/a> 1929. okt\u00f3ber 9.<\/figcaption><\/figure>\n\n\n\n<h2 class=\"wp-block-heading has-text-align-center\"><strong>1933<\/strong><\/h2>\n\n\n\n<p><strong>Blum aut\u00f3balesete Ausztri\u00e1ban<\/strong><\/p>\n\n\n<div class=\"wp-block-image\">\n<figure class=\"aligncenter size-large\"><a href=\"http:\/\/rakosliget.hu\/wordpress\/wp-content\/uploads\/2020\/11\/Blum-autobalesete-ausztriaban-1933-augusztus-8-.jpg\"><img loading=\"lazy\" decoding=\"async\" width=\"969\" height=\"1024\" src=\"http:\/\/rakosliget.hu\/wordpress\/wp-content\/uploads\/2020\/11\/Blum-autobalesete-ausztriaban-1933-augusztus-8--969x1024.jpg\" alt=\"\" class=\"wp-image-6424\" srcset=\"https:\/\/rakosliget.hu\/wordpress\/wp-content\/uploads\/2020\/11\/Blum-autobalesete-ausztriaban-1933-augusztus-8--969x1024.jpg 969w, https:\/\/rakosliget.hu\/wordpress\/wp-content\/uploads\/2020\/11\/Blum-autobalesete-ausztriaban-1933-augusztus-8--284x300.jpg 284w, https:\/\/rakosliget.hu\/wordpress\/wp-content\/uploads\/2020\/11\/Blum-autobalesete-ausztriaban-1933-augusztus-8--768x811.jpg 768w, https:\/\/rakosliget.hu\/wordpress\/wp-content\/uploads\/2020\/11\/Blum-autobalesete-ausztriaban-1933-augusztus-8-.jpg 1439w\" sizes=\"auto, (max-width: 969px) 100vw, 969px\" \/><\/a><figcaption class=\"wp-element-caption\">1933. augusztus 8. Az Ujs\u00e1g<\/figcaption><\/figure>\n<\/div>\n\n<div class=\"wp-block-image\">\n<figure class=\"aligncenter size-large\"><a href=\"http:\/\/rakosliget.hu\/wordpress\/wp-content\/uploads\/2020\/11\/Blum-autobalesete-ausztriaban-1933-augusztus-9-.jpg\"><img loading=\"lazy\" decoding=\"async\" width=\"464\" height=\"408\" src=\"http:\/\/rakosliget.hu\/wordpress\/wp-content\/uploads\/2020\/11\/Blum-autobalesete-ausztriaban-1933-augusztus-9-.jpg\" alt=\"\" class=\"wp-image-6426\" srcset=\"https:\/\/rakosliget.hu\/wordpress\/wp-content\/uploads\/2020\/11\/Blum-autobalesete-ausztriaban-1933-augusztus-9-.jpg 464w, https:\/\/rakosliget.hu\/wordpress\/wp-content\/uploads\/2020\/11\/Blum-autobalesete-ausztriaban-1933-augusztus-9--300x264.jpg 300w\" sizes=\"auto, (max-width: 464px) 100vw, 464px\" \/><\/a><figcaption class=\"wp-element-caption\">1933. augusztus 9. Az Ujs\u00e1g<\/figcaption><\/figure>\n<\/div>\n\n\n<h2 class=\"wp-block-heading\">1934<\/h2>\n\n\n\n<p>Az Orsz\u00e1gos Tisztvisel\u0151i Betegseg\u00e9lyez\u00e9si Alap k\u00f6rzeti beoszt\u00e1sa.<br>R\u00e1kosliget ker\u00fcleti f\u0151orvos: Berde \u00c1rp\u00e1d.<\/p>\n\n\n<div class=\"wp-block-image\">\n<figure class=\"aligncenter size-large\"><a href=\"http:\/\/rakosliget.hu\/wordpress\/wp-content\/uploads\/2020\/11\/1934-szeptember-20-orvosi-palyazat.jpg\"><img loading=\"lazy\" decoding=\"async\" width=\"446\" height=\"1024\" src=\"http:\/\/rakosliget.hu\/wordpress\/wp-content\/uploads\/2020\/11\/1934-szeptember-20-orvosi-palyazat-446x1024.jpg\" alt=\"\" class=\"wp-image-6490\" srcset=\"https:\/\/rakosliget.hu\/wordpress\/wp-content\/uploads\/2020\/11\/1934-szeptember-20-orvosi-palyazat-446x1024.jpg 446w, https:\/\/rakosliget.hu\/wordpress\/wp-content\/uploads\/2020\/11\/1934-szeptember-20-orvosi-palyazat-131x300.jpg 131w, https:\/\/rakosliget.hu\/wordpress\/wp-content\/uploads\/2020\/11\/1934-szeptember-20-orvosi-palyazat.jpg 511w\" sizes=\"auto, (max-width: 446px) 100vw, 446px\" \/><\/a><figcaption class=\"wp-element-caption\">K\u00f6rzeti orvosi p\u00e1ly\u00e1zat. 1934. szeptember 20. Az Ujs\u00e1g<\/figcaption><\/figure>\n<\/div>\n\n\n<h2 class=\"wp-block-heading\">1935<\/h2>\n\n\n<div class=\"wp-block-image\">\n<figure class=\"aligncenter size-large\"><img loading=\"lazy\" decoding=\"async\" width=\"590\" height=\"951\" src=\"http:\/\/rakosliget.hu\/wordpress\/wp-content\/uploads\/2020\/02\/orvosok-1935-szeptember-27.jpg\" alt=\"\" class=\"wp-image-4761\" srcset=\"https:\/\/rakosliget.hu\/wordpress\/wp-content\/uploads\/2020\/02\/orvosok-1935-szeptember-27.jpg 590w, https:\/\/rakosliget.hu\/wordpress\/wp-content\/uploads\/2020\/02\/orvosok-1935-szeptember-27-186x300.jpg 186w\" sizes=\"auto, (max-width: 590px) 100vw, 590px\" \/><figcaption class=\"wp-element-caption\"><a href=\"http:\/\/rakosliget.hu\/wordpress\/index.php\/budapesti-kozlony\/\">Budapesti K\u00f6zl\u00f6ny<\/a> 1935. szeptember 27<\/figcaption><\/figure>\n<\/div>\n\n\n<h2 class=\"wp-block-heading\">1936<\/h2>\n\n\n<div class=\"wp-block-image\">\n<figure class=\"aligncenter size-large is-resized\"><img loading=\"lazy\" decoding=\"async\" width=\"570\" height=\"670\" src=\"http:\/\/rakosliget.hu\/wordpress\/wp-content\/uploads\/2020\/02\/orvosi-kamara-orvosai-1936-j\u00fanius-18.jpg\" alt=\"\" class=\"wp-image-4765\" style=\"width:570px;height:670px\" srcset=\"https:\/\/rakosliget.hu\/wordpress\/wp-content\/uploads\/2020\/02\/orvosi-kamara-orvosai-1936-j\u00fanius-18.jpg 570w, https:\/\/rakosliget.hu\/wordpress\/wp-content\/uploads\/2020\/02\/orvosi-kamara-orvosai-1936-j\u00fanius-18-255x300.jpg 255w\" sizes=\"auto, (max-width: 570px) 100vw, 570px\" \/><figcaption class=\"wp-element-caption\"><a href=\"http:\/\/rakosliget.hu\/wordpress\/index.php\/budapesti-kozlony\/\">Budapesti K\u00f6zl\u00f6ny<\/a> 1936. j\u00fanius 13.<\/figcaption><\/figure>\n<\/div>\n\n\n<h2 class=\"wp-block-heading\">1937<\/h2>\n\n\n\n<div class=\"wp-block-media-text alignwide is-stacked-on-mobile\"><figure class=\"wp-block-media-text__media\"><a href=\"http:\/\/rakosliget.hu\/wordpress\/wp-content\/uploads\/2020\/11\/Stefania-szovetseg-Blum-1937.jpg\"><img loading=\"lazy\" decoding=\"async\" width=\"994\" height=\"832\" src=\"http:\/\/rakosliget.hu\/wordpress\/wp-content\/uploads\/2020\/11\/Stefania-szovetseg-Blum-1937.jpg\" alt=\"\" class=\"wp-image-8354 size-full\" srcset=\"https:\/\/rakosliget.hu\/wordpress\/wp-content\/uploads\/2020\/11\/Stefania-szovetseg-Blum-1937.jpg 994w, https:\/\/rakosliget.hu\/wordpress\/wp-content\/uploads\/2020\/11\/Stefania-szovetseg-Blum-1937-300x251.jpg 300w, https:\/\/rakosliget.hu\/wordpress\/wp-content\/uploads\/2020\/11\/Stefania-szovetseg-Blum-1937-768x643.jpg 768w\" sizes=\"auto, (max-width: 994px) 100vw, 994px\" \/><\/a><\/figure><div class=\"wp-block-media-text__content\">\n<p><a href=\"ttp:\/\/rakosliget.hu\/wordpress\/index.php\/tiszti-cimtar\/\">A Magyarorsz\u00e1gi Tiszti N\u00e9v- \u00e9s C\u00edmt\u00e1r<\/a><\/p>\n<\/div><\/div>\n\n\n\n<h2 class=\"wp-block-heading\">1938<\/h2>\n\n\n\n<div class=\"wp-block-media-text alignwide is-stacked-on-mobile\"><figure class=\"wp-block-media-text__media\"><a href=\"http:\/\/rakosliget.hu\/wordpress\/wp-content\/uploads\/2020\/11\/korzeti-orvosok-Berde-1938.jpg\"><img loading=\"lazy\" decoding=\"async\" width=\"1024\" height=\"226\" src=\"http:\/\/rakosliget.hu\/wordpress\/wp-content\/uploads\/2020\/11\/korzeti-orvosok-Berde-1938-1024x226.jpg\" alt=\"\" class=\"wp-image-8359 size-full\" srcset=\"https:\/\/rakosliget.hu\/wordpress\/wp-content\/uploads\/2020\/11\/korzeti-orvosok-Berde-1938-1024x226.jpg 1024w, https:\/\/rakosliget.hu\/wordpress\/wp-content\/uploads\/2020\/11\/korzeti-orvosok-Berde-1938-300x66.jpg 300w, https:\/\/rakosliget.hu\/wordpress\/wp-content\/uploads\/2020\/11\/korzeti-orvosok-Berde-1938-768x169.jpg 768w, https:\/\/rakosliget.hu\/wordpress\/wp-content\/uploads\/2020\/11\/korzeti-orvosok-Berde-1938-1536x339.jpg 1536w, https:\/\/rakosliget.hu\/wordpress\/wp-content\/uploads\/2020\/11\/korzeti-orvosok-Berde-1938-2048x452.jpg 2048w\" sizes=\"auto, (max-width: 1024px) 100vw, 1024px\" \/><\/a><\/figure><div class=\"wp-block-media-text__content\">\n<p><strong>1938.<\/strong> Berde \u00c1rp\u00e1d dr.<\/p>\n<\/div><\/div>\n\n\n\n<div class=\"wp-block-buttons is-content-justification-center is-layout-flex wp-container-core-buttons-is-layout-16018d1d wp-block-buttons-is-layout-flex\">\n<div class=\"wp-block-button\"><a class=\"wp-block-button__link wp-element-button\" href=\"#Eleje\">VISSZA A LAP TETEJ\u00c9RE<\/a><\/div>\n<\/div>\n\n\n\n<h2 class=\"wp-block-heading\" id=\"\u00c1llat\">\u00c1llatorvosok<\/h2>\n\n\n\n<h2 class=\"wp-block-heading\">1909<\/h2>\n\n\n\n<figure class=\"wp-block-image size-large\"><img loading=\"lazy\" decoding=\"async\" width=\"683\" height=\"558\" src=\"http:\/\/rakosliget.hu\/wordpress\/wp-content\/uploads\/2020\/01\/\u00e1llatorvosi-ker\u00fclet1.jpg\" alt=\"\" class=\"wp-image-4302\" srcset=\"https:\/\/rakosliget.hu\/wordpress\/wp-content\/uploads\/2020\/01\/\u00e1llatorvosi-ker\u00fclet1.jpg 683w, https:\/\/rakosliget.hu\/wordpress\/wp-content\/uploads\/2020\/01\/\u00e1llatorvosi-ker\u00fclet1-300x245.jpg 300w\" sizes=\"auto, (max-width: 683px) 100vw, 683px\" \/><figcaption class=\"wp-element-caption\">\u00daj \u00e1llatorvosi ker\u00fclet alakult.<br>R\u00e1kos Vid\u00e9ke  8. sz\u00e1m 1909. febru\u00e1r 21.  <\/figcaption><\/figure>\n\n\n\n<h2 class=\"wp-block-heading\">1910<\/h2>\n\n\n\n<figure class=\"wp-block-image size-large\"><img loading=\"lazy\" decoding=\"async\" width=\"677\" height=\"219\" src=\"http:\/\/rakosliget.hu\/wordpress\/wp-content\/uploads\/2020\/01\/allatorvos-1910.jpg\" alt=\"\" class=\"wp-image-4281\" srcset=\"https:\/\/rakosliget.hu\/wordpress\/wp-content\/uploads\/2020\/01\/allatorvos-1910.jpg 677w, https:\/\/rakosliget.hu\/wordpress\/wp-content\/uploads\/2020\/01\/allatorvos-1910-300x97.jpg 300w\" sizes=\"auto, (max-width: 677px) 100vw, 677px\" \/><figcaption class=\"wp-element-caption\">R\u00e1kos Vid\u00e9ke  34. sz\u00e1m 1910. augusztus 21.  <\/figcaption><\/figure>\n\n\n\n<h2 class=\"wp-block-heading\">1912<\/h2>\n\n\n\n<figure class=\"wp-block-image size-large\"><img loading=\"lazy\" decoding=\"async\" width=\"672\" height=\"248\" src=\"http:\/\/rakosliget.hu\/wordpress\/wp-content\/uploads\/2020\/01\/allatorvos-1912.jpg\" alt=\"\" class=\"wp-image-4246\" srcset=\"https:\/\/rakosliget.hu\/wordpress\/wp-content\/uploads\/2020\/01\/allatorvos-1912.jpg 672w, https:\/\/rakosliget.hu\/wordpress\/wp-content\/uploads\/2020\/01\/allatorvos-1912-300x111.jpg 300w\" sizes=\"auto, (max-width: 672px) 100vw, 672px\" \/><figcaption class=\"wp-element-caption\">\u00daj k\u00f6r\u00e1llatorvosi ker\u00fclet. Dratsay Jen\u0151 \u00e1llatorvos.<br>R\u00e1kos Vid\u00e9ke 5. sz\u00e1m 1912. feru\u00e1r 4.<\/figcaption><\/figure>\n\n\n\n<div class=\"wp-block-buttons is-content-justification-center is-layout-flex wp-container-core-buttons-is-layout-16018d1d wp-block-buttons-is-layout-flex\">\n<div class=\"wp-block-button\"><a class=\"wp-block-button__link wp-element-button\" href=\"#Eleje\">VISSZA A LAP TETEJ\u00c9RE<\/a><\/div>\n<\/div>\n\n\n\n<div class=\"wp-block-buttons is-content-justification-center is-layout-flex wp-container-core-buttons-is-layout-16018d1d wp-block-buttons-is-layout-flex\">\n<div class=\"wp-block-button\"><a class=\"wp-block-button__link wp-element-button\" href=\"https:\/\/rakosliget.hu\/wordpress\/index.php\/egeszsegugy-orvosok-jarvanyok\/\">VISSZA AZ EG\u00c9SZS\u00c9G\u00dcGY, ORVOSOK, J\u00c1RV\u00c1NYOK LAPRA<\/a><\/div>\n<\/div>\n","protected":false},"excerpt":{"rendered":"<p>Az oldal legutols\u00f3 friss\u00edt\u00e9se: 2026.01.18. R\u00e1kosliget orvosai: 1910. dr. R\u00e1cz Miksa mint r\u00e1koskereszt\u00fari k\u00f6rorvos, R\u00e1cz doktor elleni panasz. 1908. febru\u00e1r 10-12. Az Ujs\u00e1g 1910. \u00e1prilis h\u00f3napt\u00f3l dr. Heged\u0171s J\u00f3zsef egyleti orvos, a Sport Klub orvosa,1925, 1926-t\u00f3l k\u00f6zs\u00e9gi orvos dr. Bencze Ferenc ,dr. Blum Lajos mag\u00e1norvos,dr. Hercz Adolf mag\u00e1norvos. dr. Blum (Bakonyi) Lajos orvos 1916. \u00e9vben &hellip; <a href=\"https:\/\/rakosliget.hu\/wordpress\/index.php\/585-2\/\" class=\"more-link\"><span class=\"screen-reader-text\">ORVOSOK<\/span> r\u00e9szletei&#8230;<\/a><\/p>\n","protected":false},"author":1,"featured_media":0,"parent":0,"menu_order":0,"comment_status":"closed","ping_status":"closed","template":"","meta":{"footnotes":""},"class_list":["post-585","page","type-page","status-publish","hentry"],"_links":{"self":[{"href":"https:\/\/rakosliget.hu\/wordpress\/index.php\/wp-json\/wp\/v2\/pages\/585","targetHints":{"allow":["GET"]}}],"collection":[{"href":"https:\/\/rakosliget.hu\/wordpress\/index.php\/wp-json\/wp\/v2\/pages"}],"about":[{"href":"https:\/\/rakosliget.hu\/wordpress\/index.php\/wp-json\/wp\/v2\/types\/page"}],"author":[{"embeddable":true,"href":"https:\/\/rakosliget.hu\/wordpress\/index.php\/wp-json\/wp\/v2\/users\/1"}],"replies":[{"embeddable":true,"href":"https:\/\/rakosliget.hu\/wordpress\/index.php\/wp-json\/wp\/v2\/comments?post=585"}],"version-history":[{"count":38,"href":"https:\/\/rakosliget.hu\/wordpress\/index.php\/wp-json\/wp\/v2\/pages\/585\/revisions"}],"predecessor-version":[{"id":21953,"href":"https:\/\/rakosliget.hu\/wordpress\/index.php\/wp-json\/wp\/v2\/pages\/585\/revisions\/21953"}],"wp:attachment":[{"href":"https:\/\/rakosliget.hu\/wordpress\/index.php\/wp-json\/wp\/v2\/media?parent=585"}],"curies":[{"name":"wp","href":"https:\/\/api.w.org\/{rel}","templated":true}]}}