{"id":582,"date":"2018-03-11T04:45:16","date_gmt":"2018-03-11T03:45:16","guid":{"rendered":"http:\/\/rakosliget.hu\/wordpress\/?page_id=582"},"modified":"2026-01-16T16:28:13","modified_gmt":"2026-01-16T15:28:13","slug":"rakosliget-diszpolgarai-a-ket-vilaghaboru-kozott","status":"publish","type":"page","link":"https:\/\/rakosliget.hu\/wordpress\/index.php\/rakosliget-diszpolgarai-a-ket-vilaghaboru-kozott\/","title":{"rendered":"D\u00cdSZPOLG\u00c1ROK A K\u00c9T VIL\u00c1GH\u00c1BOR\u00da K\u00d6Z\u00d6TT"},"content":{"rendered":"<h1 align=\"left\">R\u00e1kosliget d\u00edszpolg\u00e1rai<\/h1>\n<h2 align=\"left\">1930. G\u00f6mb\u00f6s Gyula<\/h2>\n<p align=\"left\"><img loading=\"lazy\" decoding=\"async\" src=\"http:\/\/rakosliget.hu\/doku\/1930 297 gombos.jpg\" width=\"581\" height=\"467\" \/><\/p>\n<p align=\"left\">Forr\u00e1s: Budapesti H\u00edrlap 1930. 237. sz\u00e1m<\/p>\n<p align=\"left\"><img loading=\"lazy\" decoding=\"async\" src=\"http:\/\/rakosliget.hu\/doku\/gombos gyula_.jpg\" width=\"795\" height=\"509\" \/><\/p>\n<p align=\"left\">G\u00f6mb\u00f6s R\u00e1kosligeten 1930. Forr\u00e1s: darabanth.hu<\/p>\n<p style=\"text-align: center;\" align=\"left\"><a href=\"http:\/\/rakosliget.hu\/wordpress\/wp-content\/uploads\/2020\/11\/1930-december-31-Gombos-diszpolgar.jpg\"><img loading=\"lazy\" decoding=\"async\" class=\"size-medium wp-image-6293 aligncenter\" src=\"http:\/\/rakosliget.hu\/wordpress\/wp-content\/uploads\/2020\/11\/1930-december-31-Gombos-diszpolgar-300x102.jpg\" alt=\"\" width=\"300\" height=\"102\" srcset=\"https:\/\/rakosliget.hu\/wordpress\/wp-content\/uploads\/2020\/11\/1930-december-31-Gombos-diszpolgar-300x102.jpg 300w, https:\/\/rakosliget.hu\/wordpress\/wp-content\/uploads\/2020\/11\/1930-december-31-Gombos-diszpolgar.jpg 470w\" sizes=\"auto, (max-width: 300px) 100vw, 300px\" \/><\/a>1930. december 31. Az Ujs\u00e1g<\/p>\n<p style=\"text-align: center;\"><img loading=\"lazy\" decoding=\"async\" class=\"alignnone size-medium wp-image-17275\" src=\"https:\/\/rakosliget.hu\/wordpress\/wp-content\/uploads\/2025\/03\/Miskolci-Reggeli-Hirlap-1930.-12.-30.-9.-oldal-300x213.jpg\" alt=\"\" width=\"300\" height=\"213\" srcset=\"https:\/\/rakosliget.hu\/wordpress\/wp-content\/uploads\/2025\/03\/Miskolci-Reggeli-Hirlap-1930.-12.-30.-9.-oldal-300x213.jpg 300w, https:\/\/rakosliget.hu\/wordpress\/wp-content\/uploads\/2025\/03\/Miskolci-Reggeli-Hirlap-1930.-12.-30.-9.-oldal-768x545.jpg 768w, https:\/\/rakosliget.hu\/wordpress\/wp-content\/uploads\/2025\/03\/Miskolci-Reggeli-Hirlap-1930.-12.-30.-9.-oldal.jpg 785w\" sizes=\"auto, (max-width: 300px) 100vw, 300px\" \/><\/p>\n<p style=\"text-align: center;\">Miskolci Reggeli Hirlap 1930. 12. 30. 9. oldal<\/p>\n<hr \/>\n<h2 align=\"left\">1938<\/h2>\n<h2 align=\"left\">Endre L\u00e1szl\u00f3<\/h2>\n<p><img loading=\"lazy\" decoding=\"async\" class=\"alignnone size-medium wp-image-5510 aligncenter\" src=\"http:\/\/rakosliget.hu\/wordpress\/wp-content\/uploads\/2020\/10\/Endre_laszlo-210x300.jpg\" alt=\"\" width=\"210\" height=\"300\" srcset=\"https:\/\/rakosliget.hu\/wordpress\/wp-content\/uploads\/2020\/10\/Endre_laszlo-210x300.jpg 210w, https:\/\/rakosliget.hu\/wordpress\/wp-content\/uploads\/2020\/10\/Endre_laszlo-717x1024.jpg 717w, https:\/\/rakosliget.hu\/wordpress\/wp-content\/uploads\/2020\/10\/Endre_laszlo-768x1097.jpg 768w, https:\/\/rakosliget.hu\/wordpress\/wp-content\/uploads\/2020\/10\/Endre_laszlo.jpg 800w\" sizes=\"auto, (max-width: 210px) 100vw, 210px\" \/><\/p>\n<p>K\u00e9sz\u00edtette: Ismeretlen &#8211; <a href=\"http:\/\/www.bacs-kiskun-leveltar.hu\/V3\/SP07_mbn\/Tanulmanyok\/kean-01t-2.html\">http:\/\/www.bacs-kiskun-leveltar.hu\/V3\/SP07_mbn\/Tanulmanyok\/kean-01t-2.html<\/a>, K\u00f6zkincs, <a href=\"https:\/\/commons.wikimedia.org\/w\/index.php?curid=38567073\">https:\/\/commons.wikimedia.org\/w\/index.php?curid=38567073<\/a><\/p>\n<p align=\"left\"><img loading=\"lazy\" decoding=\"async\" class=\"aligncenter\" src=\"http:\/\/rakosliget.hu\/doku\/1938 12 endre.jpg\" width=\"278\" height=\"191\" \/><\/p>\n<p style=\"text-align: center;\" align=\"left\">Forr\u00e1s: Budapesti H\u00edrlap 1938. 12. sz\u00e1m<\/p>\n<p style=\"text-align: center;\" align=\"left\"><a href=\"http:\/\/rakosliget.hu\/wordpress\/wp-content\/uploads\/2022\/10\/Kis-Ujsag-1934_05_08_-scaled.jpg\"><img loading=\"lazy\" decoding=\"async\" class=\"alignnone size-medium wp-image-10362 aligncenter\" src=\"http:\/\/rakosliget.hu\/wordpress\/wp-content\/uploads\/2022\/10\/Kis-Ujsag-1934_05_08_-157x300.jpg\" alt=\"\" width=\"157\" height=\"300\" srcset=\"https:\/\/rakosliget.hu\/wordpress\/wp-content\/uploads\/2022\/10\/Kis-Ujsag-1934_05_08_-157x300.jpg 157w, https:\/\/rakosliget.hu\/wordpress\/wp-content\/uploads\/2022\/10\/Kis-Ujsag-1934_05_08_-535x1024.jpg 535w, https:\/\/rakosliget.hu\/wordpress\/wp-content\/uploads\/2022\/10\/Kis-Ujsag-1934_05_08_-768x1469.jpg 768w, https:\/\/rakosliget.hu\/wordpress\/wp-content\/uploads\/2022\/10\/Kis-Ujsag-1934_05_08_-803x1536.jpg 803w, https:\/\/rakosliget.hu\/wordpress\/wp-content\/uploads\/2022\/10\/Kis-Ujsag-1934_05_08_-1071x2048.jpg 1071w, https:\/\/rakosliget.hu\/wordpress\/wp-content\/uploads\/2022\/10\/Kis-Ujsag-1934_05_08_-scaled.jpg 1339w\" sizes=\"auto, (max-width: 157px) 100vw, 157px\" \/>Forr\u00e1s: Kis \u00dajs\u00e1g 1934-05-08 103. sz\u00e1m<\/a><\/p>\n<p align=\"left\">\u00a0<\/p>\n\n<div class=\"wp-block-image\">\n<figure class=\"aligncenter size-full\"><img loading=\"lazy\" decoding=\"async\" width=\"877\" height=\"2130\" src=\"https:\/\/rakosliget.hu\/wordpress\/wp-content\/uploads\/2025\/09\/DISZPOLGAR-eNDRE.jpg\" alt=\"\" class=\"wp-image-18253\" srcset=\"https:\/\/rakosliget.hu\/wordpress\/wp-content\/uploads\/2025\/09\/DISZPOLGAR-eNDRE.jpg 877w, https:\/\/rakosliget.hu\/wordpress\/wp-content\/uploads\/2025\/09\/DISZPOLGAR-eNDRE-124x300.jpg 124w, https:\/\/rakosliget.hu\/wordpress\/wp-content\/uploads\/2025\/09\/DISZPOLGAR-eNDRE-768x1865.jpg 768w, https:\/\/rakosliget.hu\/wordpress\/wp-content\/uploads\/2025\/09\/DISZPOLGAR-eNDRE-632x1536.jpg 632w, https:\/\/rakosliget.hu\/wordpress\/wp-content\/uploads\/2025\/09\/DISZPOLGAR-eNDRE-843x2048.jpg 843w\" sizes=\"auto, (max-width: 877px) 100vw, 877px\" \/><figcaption class=\"wp-element-caption\">Forr\u00e1s: Kis \u00dajs\u00e1g 1934. m\u00e1jus 8. <\/figcaption><\/figure>\n<\/div>","protected":false},"excerpt":{"rendered":"<p>R\u00e1kosliget d\u00edszpolg\u00e1rai 1930. G\u00f6mb\u00f6s Gyula Forr\u00e1s: Budapesti H\u00edrlap 1930. 237. sz\u00e1m G\u00f6mb\u00f6s R\u00e1kosligeten 1930. Forr\u00e1s: darabanth.hu 1930. december 31. Az Ujs\u00e1g Miskolci Reggeli Hirlap 1930. 12. 30. 9. oldal 1938 Endre L\u00e1szl\u00f3 K\u00e9sz\u00edtette: Ismeretlen &#8211; http:\/\/www.bacs-kiskun-leveltar.hu\/V3\/SP07_mbn\/Tanulmanyok\/kean-01t-2.html, K\u00f6zkincs, https:\/\/commons.wikimedia.org\/w\/index.php?curid=38567073 Forr\u00e1s: Budapesti H\u00edrlap 1938. 12. sz\u00e1m Forr\u00e1s: Kis \u00dajs\u00e1g 1934-05-08 103. sz\u00e1m \u00a0<\/p>\n","protected":false},"author":1,"featured_media":0,"parent":0,"menu_order":0,"comment_status":"closed","ping_status":"closed","template":"","meta":{"footnotes":""},"class_list":["post-582","page","type-page","status-publish","hentry"],"_links":{"self":[{"href":"https:\/\/rakosliget.hu\/wordpress\/index.php\/wp-json\/wp\/v2\/pages\/582","targetHints":{"allow":["GET"]}}],"collection":[{"href":"https:\/\/rakosliget.hu\/wordpress\/index.php\/wp-json\/wp\/v2\/pages"}],"about":[{"href":"https:\/\/rakosliget.hu\/wordpress\/index.php\/wp-json\/wp\/v2\/types\/page"}],"author":[{"embeddable":true,"href":"https:\/\/rakosliget.hu\/wordpress\/index.php\/wp-json\/wp\/v2\/users\/1"}],"replies":[{"embeddable":true,"href":"https:\/\/rakosliget.hu\/wordpress\/index.php\/wp-json\/wp\/v2\/comments?post=582"}],"version-history":[{"count":15,"href":"https:\/\/rakosliget.hu\/wordpress\/index.php\/wp-json\/wp\/v2\/pages\/582\/revisions"}],"predecessor-version":[{"id":23272,"href":"https:\/\/rakosliget.hu\/wordpress\/index.php\/wp-json\/wp\/v2\/pages\/582\/revisions\/23272"}],"wp:attachment":[{"href":"https:\/\/rakosliget.hu\/wordpress\/index.php\/wp-json\/wp\/v2\/media?parent=582"}],"curies":[{"name":"wp","href":"https:\/\/api.w.org\/{rel}","templated":true}]}}