{"id":5811,"date":"2020-11-03T12:12:55","date_gmt":"2020-11-03T11:12:55","guid":{"rendered":"http:\/\/rakosliget.hu\/wordpress\/?page_id=5811"},"modified":"2026-01-18T18:10:57","modified_gmt":"2026-01-18T17:10:57","slug":"jarvanyok","status":"publish","type":"page","link":"https:\/\/rakosliget.hu\/wordpress\/index.php\/jarvanyok\/","title":{"rendered":"J\u00c1RV\u00c1NYOK"},"content":{"rendered":"\n<div class=\"wp-block-buttons is-content-justification-center is-layout-flex wp-container-core-buttons-is-layout-16018d1d wp-block-buttons-is-layout-flex\">\n<div class=\"wp-block-button\" id=\"Eleje\"><a class=\"wp-block-button__link wp-element-button\" href=\"https:\/\/rakosliget.hu\/wordpress\/index.php\/egeszsegugy-orvosok-jarvanyok\/\">VISSZA AZ EG\u00c9SZS\u00c9G\u00dcGY, ORVOSOK, J\u00c1RV\u00c1NYOK LAPRA<\/a><\/div>\n<\/div>\n\n\n\n<p><\/p>\n\n\n\n<h3 class=\"wp-block-heading\">T\u00edfuszj\u00e1rv\u00e1ny<\/h3>\n\n\n\n<h4 class=\"wp-block-heading\">1910<\/h4>\n\n\n<div class=\"wp-block-image\">\n<figure class=\"aligncenter\"><a href=\"http:\/\/rakosliget.hu\/wordpress\/wp-content\/uploads\/2020\/11\/1910-marcius-4-tifusz.jpg\"><img loading=\"lazy\" decoding=\"async\" width=\"188\" height=\"300\" src=\"http:\/\/rakosliget.hu\/wordpress\/wp-content\/uploads\/2020\/11\/1910-marcius-4-tifusz-188x300.jpg\" alt=\"\" class=\"wp-image-5845\" srcset=\"https:\/\/rakosliget.hu\/wordpress\/wp-content\/uploads\/2020\/11\/1910-marcius-4-tifusz-188x300.jpg 188w, https:\/\/rakosliget.hu\/wordpress\/wp-content\/uploads\/2020\/11\/1910-marcius-4-tifusz.jpg 585w\" sizes=\"auto, (max-width: 188px) 100vw, 188px\" \/><\/a><\/figure>\n<\/div>\n\n\n<p><\/p>\n\n\n\n<p class=\"has-text-align-center\">1910. m\u00e1rcius 4. Az Ujs\u00e1g<\/p>\n\n\n<div class=\"wp-block-image\">\n<figure class=\"aligncenter\"><img loading=\"lazy\" decoding=\"async\" width=\"108\" height=\"300\" src=\"http:\/\/rakosliget.hu\/wordpress\/wp-content\/uploads\/2020\/11\/1910-aprilis-10-tifuszjarvany-108x300.jpg\" alt=\"\" class=\"wp-image-5812\" srcset=\"https:\/\/rakosliget.hu\/wordpress\/wp-content\/uploads\/2020\/11\/1910-aprilis-10-tifuszjarvany-108x300.jpg 108w, https:\/\/rakosliget.hu\/wordpress\/wp-content\/uploads\/2020\/11\/1910-aprilis-10-tifuszjarvany-368x1024.jpg 368w, https:\/\/rakosliget.hu\/wordpress\/wp-content\/uploads\/2020\/11\/1910-aprilis-10-tifuszjarvany-552x1536.jpg 552w, https:\/\/rakosliget.hu\/wordpress\/wp-content\/uploads\/2020\/11\/1910-aprilis-10-tifuszjarvany.jpg 576w\" sizes=\"auto, (max-width: 108px) 100vw, 108px\" \/><\/figure>\n<\/div>\n\n\n<p class=\"has-text-align-center\"><a href=\"http:\/\/rakosliget.hu\/wordpress\/wp-content\/uploads\/2020\/11\/1910-aprilis-10-tifuszjarvany.jpg\">1910. \u00e1prilis 10. Az Ujs\u00e1g<\/a><\/p>\n","protected":false},"excerpt":{"rendered":"<p>T\u00edfuszj\u00e1rv\u00e1ny 1910 1910. m\u00e1rcius 4. Az Ujs\u00e1g 1910. \u00e1prilis 10. Az Ujs\u00e1g<\/p>\n","protected":false},"author":1,"featured_media":0,"parent":0,"menu_order":0,"comment_status":"closed","ping_status":"closed","template":"","meta":{"footnotes":""},"class_list":["post-5811","page","type-page","status-publish","hentry"],"_links":{"self":[{"href":"https:\/\/rakosliget.hu\/wordpress\/index.php\/wp-json\/wp\/v2\/pages\/5811","targetHints":{"allow":["GET"]}}],"collection":[{"href":"https:\/\/rakosliget.hu\/wordpress\/index.php\/wp-json\/wp\/v2\/pages"}],"about":[{"href":"https:\/\/rakosliget.hu\/wordpress\/index.php\/wp-json\/wp\/v2\/types\/page"}],"author":[{"embeddable":true,"href":"https:\/\/rakosliget.hu\/wordpress\/index.php\/wp-json\/wp\/v2\/users\/1"}],"replies":[{"embeddable":true,"href":"https:\/\/rakosliget.hu\/wordpress\/index.php\/wp-json\/wp\/v2\/comments?post=5811"}],"version-history":[{"count":3,"href":"https:\/\/rakosliget.hu\/wordpress\/index.php\/wp-json\/wp\/v2\/pages\/5811\/revisions"}],"predecessor-version":[{"id":21954,"href":"https:\/\/rakosliget.hu\/wordpress\/index.php\/wp-json\/wp\/v2\/pages\/5811\/revisions\/21954"}],"wp:attachment":[{"href":"https:\/\/rakosliget.hu\/wordpress\/index.php\/wp-json\/wp\/v2\/media?parent=5811"}],"curies":[{"name":"wp","href":"https:\/\/api.w.org\/{rel}","templated":true}]}}