{"id":5796,"date":"2020-11-03T11:47:46","date_gmt":"2020-11-03T10:47:46","guid":{"rendered":"http:\/\/rakosliget.hu\/wordpress\/?page_id=5796"},"modified":"2026-01-18T17:37:25","modified_gmt":"2026-01-18T16:37:25","slug":"eskudtbirak","status":"publish","type":"page","link":"https:\/\/rakosliget.hu\/wordpress\/index.php\/eskudtbirak\/","title":{"rendered":"ESK\u00dcDTB\u00cdR\u00c1K"},"content":{"rendered":"\n<p><em>A lap friss\u00edtve: 2020.11.03.<\/em><\/p>\n\n\n\n<div class=\"wp-block-buttons is-layout-flex wp-block-buttons-is-layout-flex\">\n<div class=\"wp-block-button\"><a class=\"wp-block-button__link wp-element-button\" href=\"https:\/\/rakosliget.hu\/wordpress\/index.php\/kozigazgatas\/\">VISSZA A K\u00d6ZIGAZGAT\u00c1S LAPRA<\/a><\/div>\n<\/div>\n\n\n\n<h2 class=\"wp-block-heading\">1909<\/h2>\n\n\n<div class=\"wp-block-image\">\n<figure class=\"aligncenter size-large\"><a href=\"http:\/\/rakosliget.hu\/wordpress\/wp-content\/uploads\/2020\/11\/Eskudtbirak-sorsolasa-1909-oktober-19.jpg\"><img loading=\"lazy\" decoding=\"async\" width=\"604\" height=\"878\" src=\"http:\/\/rakosliget.hu\/wordpress\/wp-content\/uploads\/2020\/11\/Eskudtbirak-sorsolasa-1909-oktober-19.jpg\" alt=\"\" class=\"wp-image-5800\" srcset=\"https:\/\/rakosliget.hu\/wordpress\/wp-content\/uploads\/2020\/11\/Eskudtbirak-sorsolasa-1909-oktober-19.jpg 604w, https:\/\/rakosliget.hu\/wordpress\/wp-content\/uploads\/2020\/11\/Eskudtbirak-sorsolasa-1909-oktober-19-206x300.jpg 206w\" sizes=\"auto, (max-width: 604px) 100vw, 604px\" \/><\/a><figcaption class=\"wp-element-caption\">1909. okt\u00f3ber 19. Az Ujs\u00e1g<\/figcaption><\/figure>\n<\/div>\n\n\n<h2 class=\"wp-block-heading\">1910<\/h2>\n\n\n\n<figure class=\"wp-block-image size-large\"><img loading=\"lazy\" decoding=\"async\" width=\"669\" height=\"273\" src=\"http:\/\/rakosliget.hu\/wordpress\/wp-content\/uploads\/2020\/01\/esk\u00fcdtb\u00edr\u00e1k-1910.jpg\" alt=\"\" class=\"wp-image-4286\" srcset=\"https:\/\/rakosliget.hu\/wordpress\/wp-content\/uploads\/2020\/01\/esk\u00fcdtb\u00edr\u00e1k-1910.jpg 669w, https:\/\/rakosliget.hu\/wordpress\/wp-content\/uploads\/2020\/01\/esk\u00fcdtb\u00edr\u00e1k-1910-300x122.jpg 300w\" sizes=\"auto, (max-width: 669px) 100vw, 669px\" \/><figcaption class=\"wp-element-caption\">Esk\u00fcdtb\u00edr\u00e1k megv\u00e1laszt\u00e1sa 1910-ben<br>R\u00e1kos Vid\u00e9ke  42. sz\u00e1m 1910. okt\u00f3ber 16.  <\/figcaption><\/figure>\n\n\n\n<figure class=\"wp-block-image size-large\"><img loading=\"lazy\" decoding=\"async\" width=\"674\" height=\"539\" src=\"http:\/\/rakosliget.hu\/wordpress\/wp-content\/uploads\/2020\/01\/eskudtbirak_2-1910.jpg\" alt=\"\" class=\"wp-image-4291\" srcset=\"https:\/\/rakosliget.hu\/wordpress\/wp-content\/uploads\/2020\/01\/eskudtbirak_2-1910.jpg 674w, https:\/\/rakosliget.hu\/wordpress\/wp-content\/uploads\/2020\/01\/eskudtbirak_2-1910-300x240.jpg 300w\" sizes=\"auto, (max-width: 674px) 100vw, 674px\" \/><figcaption class=\"wp-element-caption\">R\u00e1kos Vid\u00e9ke  45. sz\u00e1m 1910. november 06.  <\/figcaption><\/figure>\n\n\n\n<h2 class=\"wp-block-heading\">1913<\/h2>\n\n\n\n<figure class=\"wp-block-image size-large\"><img loading=\"lazy\" decoding=\"async\" width=\"668\" height=\"212\" src=\"http:\/\/rakosliget.hu\/wordpress\/wp-content\/uploads\/2020\/01\/eskudtbirak-1913.jpg\" alt=\"\" class=\"wp-image-4235\" srcset=\"https:\/\/rakosliget.hu\/wordpress\/wp-content\/uploads\/2020\/01\/eskudtbirak-1913.jpg 668w, https:\/\/rakosliget.hu\/wordpress\/wp-content\/uploads\/2020\/01\/eskudtbirak-1913-300x95.jpg 300w\" sizes=\"auto, (max-width: 668px) 100vw, 668px\" \/><figcaption class=\"wp-element-caption\">Esk\u00fcdtb\u00edr\u00e1k v\u00e1laszt\u00e1sa<br>R\u00e1kos Vid\u00e9ke  39. sz\u00e1m 1913. szeptember 28.  <\/figcaption><\/figure>\n\n\n<div class=\"wp-block-image\">\n<figure class=\"aligncenter size-large\"><img loading=\"lazy\" decoding=\"async\" width=\"418\" height=\"1024\" src=\"http:\/\/rakosliget.hu\/wordpress\/wp-content\/uploads\/2020\/01\/esk\u00fcdtek-1914-418x1024.jpg\" alt=\"\" class=\"wp-image-4448\" srcset=\"https:\/\/rakosliget.hu\/wordpress\/wp-content\/uploads\/2020\/01\/esk\u00fcdtek-1914-418x1024.jpg 418w, https:\/\/rakosliget.hu\/wordpress\/wp-content\/uploads\/2020\/01\/esk\u00fcdtek-1914-122x300.jpg 122w, https:\/\/rakosliget.hu\/wordpress\/wp-content\/uploads\/2020\/01\/esk\u00fcdtek-1914.jpg 434w\" sizes=\"auto, (max-width: 418px) 100vw, 418px\" \/><figcaption class=\"wp-element-caption\">Az Est 1914. janu\u00e1r 10. 4. oldal<\/figcaption><\/figure>\n<\/div>\n\n<div class=\"wp-block-image\">\n<figure class=\"aligncenter size-large\"><img loading=\"lazy\" decoding=\"async\" width=\"418\" height=\"943\" src=\"http:\/\/rakosliget.hu\/wordpress\/wp-content\/uploads\/2020\/01\/esk\u00fcdtek-1914_1-.jpg\" alt=\"\" class=\"wp-image-4454\" srcset=\"https:\/\/rakosliget.hu\/wordpress\/wp-content\/uploads\/2020\/01\/esk\u00fcdtek-1914_1-.jpg 418w, https:\/\/rakosliget.hu\/wordpress\/wp-content\/uploads\/2020\/01\/esk\u00fcdtek-1914_1--133x300.jpg 133w\" sizes=\"auto, (max-width: 418px) 100vw, 418px\" \/><figcaption class=\"wp-element-caption\">1914. m\u00e1rcius 11. 4. oldal<\/figcaption><\/figure>\n<\/div>\n\n<div class=\"wp-block-image\">\n<figure class=\"aligncenter size-large\"><img loading=\"lazy\" decoding=\"async\" width=\"574\" height=\"812\" src=\"http:\/\/rakosliget.hu\/wordpress\/wp-content\/uploads\/2020\/11\/1914-szeptember-13-ekudtbirak.jpg\" alt=\"\" class=\"wp-image-5987\" srcset=\"https:\/\/rakosliget.hu\/wordpress\/wp-content\/uploads\/2020\/11\/1914-szeptember-13-ekudtbirak.jpg 574w, https:\/\/rakosliget.hu\/wordpress\/wp-content\/uploads\/2020\/11\/1914-szeptember-13-ekudtbirak-212x300.jpg 212w\" sizes=\"auto, (max-width: 574px) 100vw, 574px\" \/><figcaption class=\"wp-element-caption\">1914. szeptember 13. Az Ujs\u00e1g<\/figcaption><\/figure>\n<\/div>\n\n\n<h2 class=\"wp-block-heading\">1915<\/h2>\n\n\n<div class=\"wp-block-image\">\n<figure class=\"aligncenter size-large\"><a href=\"http:\/\/rakosliget.hu\/wordpress\/wp-content\/uploads\/2020\/11\/1915-november-13-eskudtbirak.jpg\"><img loading=\"lazy\" decoding=\"async\" width=\"560\" height=\"505\" src=\"http:\/\/rakosliget.hu\/wordpress\/wp-content\/uploads\/2020\/11\/1915-november-13-eskudtbirak.jpg\" alt=\"\" class=\"wp-image-5996\" srcset=\"https:\/\/rakosliget.hu\/wordpress\/wp-content\/uploads\/2020\/11\/1915-november-13-eskudtbirak.jpg 560w, https:\/\/rakosliget.hu\/wordpress\/wp-content\/uploads\/2020\/11\/1915-november-13-eskudtbirak-300x271.jpg 300w\" sizes=\"auto, (max-width: 560px) 100vw, 560px\" \/><\/a><figcaption class=\"wp-element-caption\">1915. november 13. Az Ujs\u00e1g<\/figcaption><\/figure>\n<\/div>\n\n\n<div class=\"wp-block-buttons is-content-justification-center is-layout-flex wp-container-core-buttons-is-layout-16018d1d wp-block-buttons-is-layout-flex\">\n<div class=\"wp-block-button\"><a class=\"wp-block-button__link wp-element-button\" href=\"https:\/\/rakosliget.hu\/wordpress\/index.php\/kozigazgatas\/\">VISSZA A K\u00d6ZIGAZGAT\u00c1S LAPRA<\/a><\/div>\n<\/div>\n","protected":false},"excerpt":{"rendered":"<p>A lap friss\u00edtve: 2020.11.03. 1909 1910 1913 1915<\/p>\n","protected":false},"author":1,"featured_media":0,"parent":0,"menu_order":0,"comment_status":"closed","ping_status":"closed","template":"","meta":{"footnotes":""},"class_list":["post-5796","page","type-page","status-publish","hentry"],"_links":{"self":[{"href":"https:\/\/rakosliget.hu\/wordpress\/index.php\/wp-json\/wp\/v2\/pages\/5796","targetHints":{"allow":["GET"]}}],"collection":[{"href":"https:\/\/rakosliget.hu\/wordpress\/index.php\/wp-json\/wp\/v2\/pages"}],"about":[{"href":"https:\/\/rakosliget.hu\/wordpress\/index.php\/wp-json\/wp\/v2\/types\/page"}],"author":[{"embeddable":true,"href":"https:\/\/rakosliget.hu\/wordpress\/index.php\/wp-json\/wp\/v2\/users\/1"}],"replies":[{"embeddable":true,"href":"https:\/\/rakosliget.hu\/wordpress\/index.php\/wp-json\/wp\/v2\/comments?post=5796"}],"version-history":[{"count":5,"href":"https:\/\/rakosliget.hu\/wordpress\/index.php\/wp-json\/wp\/v2\/pages\/5796\/revisions"}],"predecessor-version":[{"id":21928,"href":"https:\/\/rakosliget.hu\/wordpress\/index.php\/wp-json\/wp\/v2\/pages\/5796\/revisions\/21928"}],"wp:attachment":[{"href":"https:\/\/rakosliget.hu\/wordpress\/index.php\/wp-json\/wp\/v2\/media?parent=5796"}],"curies":[{"name":"wp","href":"https:\/\/api.w.org\/{rel}","templated":true}]}}