{"id":579,"date":"2018-03-11T04:37:34","date_gmt":"2018-03-11T03:37:34","guid":{"rendered":"http:\/\/rakosliget.hu\/wordpress\/?page_id=579"},"modified":"2026-01-28T18:29:03","modified_gmt":"2026-01-28T17:29:03","slug":"turul-szovetseg","status":"publish","type":"page","link":"https:\/\/rakosliget.hu\/wordpress\/index.php\/turul-szovetseg\/","title":{"rendered":"Turul Sz\u00f6vets\u00e9g"},"content":{"rendered":"\n<h3 class=\"wp-block-heading\"><a href=\"https:\/\/rakosliget.hu\/wordpress\/index.php\/1900-1948-kozott-rakosligeten-mukodott-egyesuletek\/\">VISSZA AZ EGYES\u00dcLETEK LAPRA<\/a><\/h3>\n\n\n\n<p><em>Az oldal friss\u00edtve: 2020. 11. 26.<\/em><\/p>\n\n\n<h2 class=\"bodyText1\" style=\"text-align: left;\" align=\"center\">Turul Sz\u00f6vets\u00e9g<\/h2>\n<p class=\"subHeader\" align=\"center\"><a id=\"Turul\" name=\"Turul\"><\/a><img loading=\"lazy\" decoding=\"async\" src=\"http:\/\/rakosliget.hu\/jelvenyek\/turul.jpg\" alt=\"\" width=\"150\" height=\"174\" \/><\/p>\n<p align=\"center\">A Turul Sz\u00f6vets\u00e9g jelv\u00e9nye<\/p>\n<p class=\"bodyText1\" align=\"justify\">A sz\u00f6vets\u00e9get 1919. augusztus 3-\u00e1n alap\u00edtott\u00e1k, a budapesti Tudom\u00e1nyegyetemen. Ez volt a legnagyobb, orsz\u00e1gos szint\u0171 fels\u0151oktat\u00e1si di\u00e1kszervezet, s jelent\u0151s r\u00e9sz\u00fck volt a zsid\u00f3k elleni rendszeres egyetemi atrocit\u00e1sok, \u00e9s 1928 ut\u00e1n minden tan\u00e9vkezd\u00e9skor megrendezett antiszemita t\u00fcntet\u00e9sek szervez\u00e9s\u00e9ben. A turulosok ki\u00e1lltak Horthy Mikl\u00f3s mellett IV. K\u00e1roly restaur\u00e1ci\u00f3s k\u00eds\u00e9rletei idej\u00e9n, valamint a korm\u00e1nyz\u00f3 mellett harcoltak az 1921 \u0151szi buda\u00f6rsi csat\u00e1ban is. A sz\u00f6vets\u00e9g tagjai rendszerint tradicion\u00e1lis neveket viseltek (daru, levente), ak\u00e1rcsak tisztvisel\u0151i (vez\u00e9r, n\u00e1dor, \u00edr\u00f3de\u00e1k). A turulist\u00e1k viselet\u00e9nek r\u00e9sze volt a n\u00e9met mint\u00e1j\u00fa t\u00e1ny\u00e9rsapka, valamint az \u00fan. Bocskai-sapka. A Horthy-rendszert a Turul fajv\u00e9d\u0151 alapr\u00f3l kritiz\u00e1lta, s k\u00f6vetelte a zsid\u00f3- \u00e9s n\u00e9metellenes \u201e\u0151rs\u00e9gv\u00e1lt\u00e1st\u201d, valamint azt is, hogy a kereszt\u00e9ny paraszts\u00e1got politikai, gazdas\u00e1gi \u00e9s szoci\u00e1lis jogokkal ruh\u00e1zz\u00e1k fel. Az 1930-as \u00e9vek elej\u00e9t\u0151l m\u00e1r k\u00f6r\u00fclbel\u00fcl 40 000 tagja volt, t\u00f6bb baloldali \u00e9s kommunista hallgat\u00f3 is tagja lett a sz\u00f6vets\u00e9gnek, azonban e t\u00f6r\u00e9svonal miatt a Turul 1943-ban kett\u00e9szakadt. A sz\u00f6vets\u00e9get v\u00e9g\u00fcl 1945-ben oszlatt\u00e1k fel: az Ideiglenes Nemzeti Korm\u00e1ny t\u00f6rv\u00e9nyen k\u00edv\u00fcl helyezte.<br \/>Forr\u00e1s: Wikipedia<br \/><span class=\"selected\" data-canvas-width=\"79.8880061978938\"><br \/>Az <\/span><span class=\"selected\" data-canvas-width=\"233.05740664765247\">ideiglenes <\/span><span class=\"selected\" data-canvas-width=\"196.41267864194822\">nemzeti <\/span><span class=\"selected\" data-canvas-width=\"218.4011277972795\">korm\u00e1ny <\/span><span class=\"selected\" data-canvas-width=\"133.3858425296183\">1945. <\/span><span class=\"selected\" data-canvas-width=\"95.2779051667398\">\u00e9vi <\/span><span class=\"selected\" data-canvas-width=\"110.51866158402808\">529. <\/span><span class=\"selected\" data-canvas-width=\"79.29143599166301\">M. <\/span><span class=\"selected\" data-canvas-width=\"67.42452594339623\">E. <\/span><span class=\"selected\" data-canvas-width=\"162.03330506801228\">sz\u00e1m\u00fa <\/span><span class=\"selected\" data-canvas-width=\"215.785086825362\">rendelete <\/span><span class=\"selected\" data-canvas-width=\"46.99199637999122\"><br \/>a <\/span><span class=\"selected\" data-canvas-width=\"165.63288070425628\">fasiszta <\/span><span class=\"selected\" data-canvas-width=\"190.55177945370778\">politikai <\/span><span class=\"selected\" data-canvas-width=\"60.83000663668276\">\u00e9s <\/span><span class=\"selected\" data-canvas-width=\"169.29695041684948\">katonai <\/span><span class=\"selected\" data-canvas-width=\"165.63288070425622\">jelleg\u0171 <\/span><span class=\"selected\" data-canvas-width=\"257.51275422334356\">szervezetek <\/span><span class=\"selected\" data-canvas-width=\"288.79641213251426\">feloszlat\u00e1s\u00e1r\u00f3l.<\/span><\/p>\n<p class=\"bodyText1\" style=\"text-align: left;\" align=\"justify\"><span class=\"selected\" data-canvas-width=\"288.79641213251426\">Az ideiglenes nemzeti korm\u00e1ny az ideiglenes nemzetgy\u0171l\u00e9s \u00e1ltal Debrecenben, 1944. \u00e9vi december h\u00f3 22. napj\u00e1n nyert felhatalmaz\u00e1s alapj\u00e1n a Moszkv\u00e1ban, 1945. \u00e9vi janu\u00e1r h\u00f3 20. napj\u00e1n k\u00f6t\u00f6tt fegyversz\u00fcneti egyezm\u00e9ny 15. pontj\u00e1nak teljes\u00edt\u00e9sek\u00e9pen a fasiszta politikai \u00e9s katonai jelleg\u0171 szervezetek feloszlat\u00e1sa^\u00e1rgy\u00e1ban a k\u00f6vetkez\u0151ket rendeli: <br \/>1. \u00a7. A magyar korm\u00e1ny feloszlatja a magyar ter\u00fcleten l\u00e9v\u0151 \u00f6sszes Hitler-bar\u00e1t, vagy inas fasiszta politikai, katonai jelleg\u0171 szervezeteket, valamint az egy\u00e9b olyan szervezeteket, amelyek az Egyes\u00fclt Nemzetekkel szemben ellens\u00e9ges propagand\u00e1t folytatnak vagy folytattak, tekintet n\u00e9lk\u00fcl arra, hogy m\u0171k\u00f6d\u00e9s\u00fck alapszab\u00e1lyszer\u0171 vagy att\u00f3l elt\u00e9r\u0151 volt-e. <br \/>Az el\u0151z\u0151 bekezd\u00e9sben felsorolt szervezeteknek m\u0171k\u00f6d\u00e9st kifejteni tilos. <br \/>2. \u00a7. Az 1. \u00a7-ban megjel\u00f6lt ir\u00e1nyzat\u00fa egyes\u00fcleteket, szervezeteket vagy politikai p\u00e1rtokat a j\u00f6v\u0151ben l\u00e9tes\u00edteni tilos. <br \/>3. \u00a7. Az 1. \u00a7-ban foglalt politikai ir\u00e1nyzat miatt a korm\u00e1ny feloszlatja a k\u00f6vetkez\u0151 egyes\u00fcleteket: <br \/>1. Antibolsevista Ifj\u00fas\u00e1gi T\u00e1bor. 2. Baross Sz\u00f6vets\u00e9g. 3. Emsz\u00f3. 4. Etelk\u00f6zi Sz\u00f6vets\u00e9g. 5. \u00c9bred\u0151 Magyarok Egyes\u00fclete. 6. Honszeretet. 7. K\u00e9kek Clubja. 8. Keleti Arcvonal Bajt\u00e1rsi Sz\u00f6vets\u00e9ge. 9. Kett\u0151ske<br \/>reszt V\u00e9rsz\u00f6vets\u00e9g. 10. Levente Egyes\u00fclet. 11. Magyar J\u00f6v\u0151 Sz\u00f6vets\u00e9g. 12. Magyar Orsz\u00e1gos V\u00e9der\u0151 Egyes\u00fclet (Move). 13. Magyar \u00c9let P\u00e1rtja. 14. Magyar Meg\u00fajul\u00e1s P\u00e1rtja. 15. Magyar Orvosok Nemzeti Egyes\u00fclete. 16. Magyar Nemzeti Szocialista P\u00e1rt. 17. Magyar Tudom\u00e1nyos Fajv\u00e9d\u0151 T\u00e1rsas\u00e1g. 18. Magyar \u00dcgyv\u00e9dek Nemzeti Egyes\u00fclete. 19. Nemzeti Murikak\u00f6zpont. 20. N\u00e9pakarat P\u00e1rtja. 21. Nyilaskeresztes P\u00e1rt, Hungarista mozgalom. 22. Orsz\u00e1gos Vit\u00e9zi Sz\u00e9k. 23. Orsz\u00e1gos Nemzetv\u00e9delmi Bizotts\u00e1g. 24. Turul Sz\u00f6vets\u00e9g. 25. Zsid\u00f3kutat\u00f3 Int\u00e9zet. <br \/>4. \u00a7. Az 1. \u00a7. al\u00e1 tartoz\u00f3 p\u00e1rtok, egyes\u00fcletek, t\u00e1rsas\u00e1gok, sz\u00f6vets\u00e9gek stb. egyes\u00fcleti vagyon\u00e1t, p\u00e9nzk\u00e9szlet\u00e9t, iratait le k\u00e9li foglalni \u00e9s z\u00e1r al\u00e1 kell helyezni. <br \/>5. \u00a7. Minden t\u00f6rv\u00e9nyhat\u00f3s\u00e1g els\u0151 tisztvisel\u0151je k\u00f6teles a 3. \u00a7-ban felsorolt \u00e9s a t\u00f6rv\u00e9nyhat\u00f3s\u00e1g ter\u00fclet\u00e9n m\u0171k\u00f6d\u0151 p\u00e1rt, egyes\u00fclet, sz\u00f6vets\u00e9g, szervezet vagyont\u00e1rgyainak lelt\u00e1rba v\u00e9tel\u00e9r\u0151l, p\u00e9nzk\u00e9szlet\u00e9nek \u00e9s iratainak meg\u0151rz\u00e9s\u00e9r\u0151l, esetleg \u00e1tsz\u00e1ll\u00edt\u00e1s\u00e1r\u00f3l, valamint,, a helys\u00e9gek lez\u00e1r\u00e1s\u00e1r\u00f3l gondoskodni. <br \/>A z\u00e1r al\u00e1 v\u00e9telr\u0151l felvett jegyz\u0151k\u00f6nyv, valamint a feloszlatott t\u00e1rsas\u00e1g alapszab\u00e1lyainak egy p\u00e9ld\u00e1nya a bel\u00fcgyminisztern\u00e9l halad\u00e9ktalanul felterjesztend\u0151. <br \/>6. \u00a7. Ha a t\u00f6rv\u00e9nyhat\u00f3s\u00e1g els\u0151 tisztvisel\u0151je az els\u0151 !\u00a7; al\u00e1 tartoz\u00f3 olyan szervezet, p\u00e1rt, egyes\u00fclet vagy t\u00e1rsas\u00e1g l\u00e9tez\u00e9s\u00e9r\u0151l sze<br \/>rez tudom\u00e1st, amely a 3. \u00a7-ban nincsen felsorolva, k\u00f6teles azt halad\u00e9ktalanul jelenteni a bel\u00fcgyminiszternek, aki a feloszlat\u00e1sra sz\u00fcks\u00e9ges int\u00e9zked\u00e9st megteszi. <br \/>7. \u00a7. Az 1921. \u00e9vi III. t.-c. 1. \u00a7-\u00e1ban \u00edrt b\u0171ncselekm\u00e9nyt k\u00f6veti el \u00e9s az ott megjel\u00f6lt b\u00fcntet\u00e9ssel s\u00fajtand\u00f3 az, aki a jelen rendelet 3. \u00a7-\u00e1ban felsorolt szervezetben m\u0171k\u00f6d\u00e9st fejt ki, vagy aki a jelen rendelet els\u0151 \u00a7-\u00e1ban megjel\u00f6lt szervezet fel\u00e1ll\u00edt\u00e1s\u00e1t kezdem\u00e9nyezi.<\/span><span class=\"selected\" data-canvas-width=\"56.02116706888986\"><br \/>A <\/span><span class=\"selected\" data-canvas-width=\"185.4204695041685\">b\u0171nv\u00e1di <\/span><span class=\"selected\" data-canvas-width=\"148.7757414984642\">elj\u00e1r\u00e1s <\/span><span class=\"selected\" data-canvas-width=\"260.322277424309\">lefolytat\u00e1s\u00e1ra<\/span> <span class=\"selected\" data-canvas-width=\"20.15439885914875\">a<\/span> <span class=\"selected\" data-canvas-width=\"75.67573683633172\">81\/ <\/span><span class=\"selected\" data-canvas-width=\"92.65096860465117\">1945.<\/span> <span class=\"selected\" data-canvas-width=\"63.02683611232997\">M. <\/span><span class=\"selected\" data-canvas-width=\"58.63317716103554\">E. <\/span><span class=\"selected\" data-canvas-width=\"67.42452594339623\">sz. <\/span><span class=\"selected\" data-canvas-width=\"172.96102012944272\">rendelet <\/span><span class=\"selected\" data-canvas-width=\"95.2779051667398\">(Rt- <\/span><span class=\"selected\" data-canvas-width=\"111.39739337428698\">1945. <\/span><span class=\"selected\" data-canvas-width=\"87.94573486178147\">\u00e9vf. <\/span><span class=\"selected\" data-canvas-width=\"72.86218275559455\">17. <\/span><span class=\"selected\" data-canvas-width=\"53.93317134708206\">o.) <\/span><span class=\"selected\" data-canvas-width=\"52.414694149480766\">20.<\/span> <span class=\"selected\" data-canvas-width=\"77.68714584247476\">\u00a7-a <\/span><span class=\"selected\" data-canvas-width=\"234.52061600482668\">\u00e9rtelm\u00e9ben <\/span><span class=\"selected\" data-canvas-width=\"42.50562719394471\">a <\/span><span class=\"selected\" data-canvas-width=\"237.4550964787188\">n\u00e9pb\u00edr\u00f3s\u00e1g <\/span><span class=\"selected\" data-canvas-width=\"101.03400148091266\">b\u00edr <\/span><span class=\"selected\" data-canvas-width=\"114.53744871654237\">hat\u00e1s<\/span><span class=\"selected\" data-canvas-width=\"131.81783029837652\">k\u00f6rrel. <\/span><span class=\"selected\" data-canvas-width=\"52.76824709302326\"><br \/>8. <\/span><span class=\"selected\" data-canvas-width=\"30.231598288723124\">\u00a7.<\/span> <span class=\"selected\" data-canvas-width=\"70.35497553751645\">Ez <\/span><span class=\"selected\" data-canvas-width=\"46.90331702501096\">a <\/span><span class=\"selected\" data-canvas-width=\"180.28915955462924\">rendelet <\/span><span class=\"selected\" data-canvas-width=\"308.70492732558137\">kihirdet\u00e9s\u00e9nek <\/span><span class=\"selected\" data-canvas-width=\"84.22926371215446\">nap<\/span><span class=\"selected\" data-canvas-width=\"82.08080479376919\">j\u00e1n <\/span><span class=\"selected\" data-canvas-width=\"124.59046286748574\">(1945. <\/span><span class=\"selected\" data-canvas-width=\"130.45539293549805\">m\u00e1rc <\/span><span class=\"selected\" data-canvas-width=\"80.61759543659498\">17.) <\/span><span class=\"selected\" data-canvas-width=\"83.32634664326459\">l\u00e9p <\/span><span class=\"selected\" data-canvas-width=\"188.32270293988591\">hat\u00e1lyba. <\/span><span class=\"selected\" data-canvas-width=\"273.36620436594995\"><br \/>Debrecenben, <\/span><span class=\"selected\" data-canvas-width=\"102.60604459192629\">1945. <\/span><span class=\"selected\" data-canvas-width=\"71.09262653576131\">\u00e9vi <\/span><span class=\"selected\" data-canvas-width=\"168.5633302983765\">febru\u00e1r <\/span><span class=\"selected\" data-canvas-width=\"71.89880249012725\">h\u00f3 <\/span><span class=\"selected\" data-canvas-width=\"122.8007522487933\">26-\u00e1n.<\/span><\/p>\n<p class=\"bodyText1\" style=\"text-align: right;\" align=\"justify\"><span class=\"selected\" data-canvas-width=\"155.37026080517768\"><br \/>Mikl\u00f3s <\/span><span class=\"selected\" data-canvas-width=\"73.88602621763933\">B\u00e9la<\/span> <span class=\"selected\" data-canvas-width=\"53.67519504168495\">s. <\/span><span class=\"selected\" data-canvas-width=\"42.8160049363756\">k. <\/span><span class=\"selected\" data-canvas-width=\"259.41129859587534\">minisztereln\u00f6k. <\/span><\/p>\n<p align=\"justify\"><img loading=\"lazy\" decoding=\"async\" class=\"alignnone size-full wp-image-20448\" src=\"https:\/\/rakosliget.hu\/wordpress\/wp-content\/uploads\/2025\/12\/Turulistak-Uj-Magyarsag-Kepes-Melleklete-1937-januar-junius1937-06-15.jpg\" alt=\"\" width=\"715\" height=\"1266\" srcset=\"https:\/\/rakosliget.hu\/wordpress\/wp-content\/uploads\/2025\/12\/Turulistak-Uj-Magyarsag-Kepes-Melleklete-1937-januar-junius1937-06-15.jpg 715w, https:\/\/rakosliget.hu\/wordpress\/wp-content\/uploads\/2025\/12\/Turulistak-Uj-Magyarsag-Kepes-Melleklete-1937-januar-junius1937-06-15-169x300.jpg 169w\" sizes=\"auto, (max-width: 715px) 100vw, 715px\" \/><\/p>\n<p class=\"bodyText1\" align=\"justify\"><span class=\"subHeader\"><span class=\"bodyText1\">A r\u00e1kosligeti Turul Sz\u00f6vets\u00e9g vezet\u0151s\u00e9ge:<\/span><\/span><\/p>\n<p align=\"justify\">1933. janu\u00e1r 06-\u00e1n alakult.<\/p>\n<p class=\"bodyText1\" align=\"left\"><a href=\"http:\/\/rakosliget.hu\/wordpress\/index.php\/jacobi-agost\/(megnyit\u00e1s \u00faj f\u00fcl\u00f6n)\" data-wplink-url-error=\"true\">Jacobi \u00c1gost<\/a> &#8211; magiszter<br \/>Kozma Gyula dr. &#8211; t\u00f6rzsf\u0151 tb. dominus<br \/>Botka S\u00e1ndor &#8211; t\u00f6rzsf\u0151 helyettes, kincst\u00e1r\u0151r, tb. dominus<br \/>Bence Ferenc dr. &#8211; gyulasz\u00e9ki tag, dominus<br \/>Ze\u00f6ld Imre P\u00e9ter &#8211; gyulasz\u00e9ki tag, dominus<br \/>Bart\u00f3k Albert dr. &#8211; gyulasz\u00e9ki tag, dominus<br \/>Farkas Istv\u00e1n &#8211; f\u0151kincst\u00e1ros, tb. dominus<br \/>Borb\u00e9ly Gy\u00f6rgy &#8211; f\u0151l\u00f6v\u00e9szmester, dominus<br \/>Nagy Ferenc &#8211; daruf\u0151n\u00f6k, dominus<br \/>Kassai J\u00f3zsef &#8211; l\u00f6v\u00e9szmester, dominus<\/p>\n<p><span class=\"bodyText1\">Rumpf Zolt\u00e1n &#8211; kincst\u00e1ros,<\/span> <span class=\"bodyText1\">dominus<br \/>Bajusz Jen\u0151 &#8211; reg\u0151s, dominus<br \/>T\u00f3th Zolt\u00e1n dr. &#8211; udvarnagy, dominus<br \/>Vink\u00f3 Ferenc &#8211; kr\u00f3nik\u00e1s, levente<br \/>Hancs\u00f3k Istv\u00e1n &#8211; poh\u00e1rnok, levente<br \/>Voloncs J\u00f3zsef &#8211; \u00edr\u00f3de\u00e1k, levente<br \/>Benedek Gy\u00f6rgy &#8211; sajt\u00f3megb\u00edzott, levente<br \/>Blaska Ferenc &#8211; \u00e1llom\u00e1nyvezet\u0151, levente<br \/><a href=\"http:\/\/rakosliget.hu\/kepgaleriak\/indexturul.html\" target=\"_new\" rel=\"noopener noreferrer\"><br \/>Megh\u00edv\u00f3 1938. jan\u00e1r 8.<\/a><\/span><\/p>\n<p align=\"center\"><img loading=\"lazy\" decoding=\"async\" class=\"aligncenter\" src=\"http:\/\/rakosliget.hu\/kep\/turul kulturtabor 1935_10_12.jpg\" width=\"604\" height=\"435\" \/><\/p>\n<p align=\"center\"><span id=\"sidebarHeader\" class=\"bodyText\">TURUL Kulturt\u00e1bor 1935. okt\u00f3ber 12.<\/span><\/p>\n<p align=\"center\"><a href=\"https:\/\/rakosliget.hu\/wordpress\/index.php\/1900-1948-kozott-rakosligeten-mukodott-egyesuletek\/\">VISSZA AZ EGYES\u00dcLETEK LAPRA<\/a><\/p>\n<p align=\"center\"><img loading=\"lazy\" decoding=\"async\" class=\"alignnone size-full wp-image-21717\" src=\"https:\/\/rakosliget.hu\/wordpress\/wp-content\/uploads\/2026\/01\/turul1.jpg\" alt=\"\" width=\"798\" height=\"512\" srcset=\"https:\/\/rakosliget.hu\/wordpress\/wp-content\/uploads\/2026\/01\/turul1.jpg 798w, https:\/\/rakosliget.hu\/wordpress\/wp-content\/uploads\/2026\/01\/turul1-300x192.jpg 300w, https:\/\/rakosliget.hu\/wordpress\/wp-content\/uploads\/2026\/01\/turul1-768x493.jpg 768w\" sizes=\"auto, (max-width: 798px) 100vw, 798px\" \/><\/p>\n<p align=\"center\"><a href=\"https:\/\/rakosliget.hu\/wordpress\/wp-content\/uploads\/2026\/01\/turul1.jpg\">Nagy\u00edt\u00e1s<\/a><\/p>\n<p align=\"center\"><img loading=\"lazy\" decoding=\"async\" class=\"alignnone size-full wp-image-21719\" src=\"https:\/\/rakosliget.hu\/wordpress\/wp-content\/uploads\/2026\/01\/turul2.jpg\" alt=\"\" width=\"799\" height=\"497\" srcset=\"https:\/\/rakosliget.hu\/wordpress\/wp-content\/uploads\/2026\/01\/turul2.jpg 799w, https:\/\/rakosliget.hu\/wordpress\/wp-content\/uploads\/2026\/01\/turul2-300x187.jpg 300w, https:\/\/rakosliget.hu\/wordpress\/wp-content\/uploads\/2026\/01\/turul2-768x478.jpg 768w\" sizes=\"auto, (max-width: 799px) 100vw, 799px\" \/><\/p>\n<p align=\"center\"><a href=\"https:\/\/rakosliget.hu\/wordpress\/wp-content\/uploads\/2026\/01\/turul2.jpg\">Nagy\u00edt\u00e1s<\/a><\/p>\n<p align=\"center\"><img loading=\"lazy\" decoding=\"async\" class=\"alignnone size-full wp-image-21720\" src=\"https:\/\/rakosliget.hu\/wordpress\/wp-content\/uploads\/2026\/01\/turul3.jpg\" alt=\"\" width=\"799\" height=\"497\" srcset=\"https:\/\/rakosliget.hu\/wordpress\/wp-content\/uploads\/2026\/01\/turul3.jpg 799w, https:\/\/rakosliget.hu\/wordpress\/wp-content\/uploads\/2026\/01\/turul3-300x187.jpg 300w, https:\/\/rakosliget.hu\/wordpress\/wp-content\/uploads\/2026\/01\/turul3-768x478.jpg 768w\" sizes=\"auto, (max-width: 799px) 100vw, 799px\" \/><\/p>\n<p align=\"center\"><a href=\"https:\/\/rakosliget.hu\/wordpress\/wp-content\/uploads\/2026\/01\/turul3.jpg\">Nagy\u00edt\u00e1s<\/a><\/p>\n<p align=\"center\"><img loading=\"lazy\" decoding=\"async\" class=\"alignnone size-full wp-image-21718\" src=\"https:\/\/rakosliget.hu\/wordpress\/wp-content\/uploads\/2026\/01\/turul4.jpg\" alt=\"\" width=\"799\" height=\"513\" srcset=\"https:\/\/rakosliget.hu\/wordpress\/wp-content\/uploads\/2026\/01\/turul4.jpg 799w, https:\/\/rakosliget.hu\/wordpress\/wp-content\/uploads\/2026\/01\/turul4-300x193.jpg 300w, https:\/\/rakosliget.hu\/wordpress\/wp-content\/uploads\/2026\/01\/turul4-768x493.jpg 768w\" sizes=\"auto, (max-width: 799px) 100vw, 799px\" \/><\/p>\n<p align=\"center\"><a href=\"https:\/\/rakosliget.hu\/wordpress\/wp-content\/uploads\/2026\/01\/turul4.jpg\">Nagy\u00edt\u00e1s<\/a><\/p>\n\n\n<figure class=\"wp-block-gallery has-nested-images columns-default is-cropped wp-block-gallery-1 is-layout-flex wp-block-gallery-is-layout-flex\">\n<figure class=\"wp-block-image size-large\"><a href=\"https:\/\/rakosliget.hu\/wordpress\/wp-content\/uploads\/2026\/01\/turul1.jpg\"><img loading=\"lazy\" decoding=\"async\" width=\"798\" height=\"512\" data-id=\"21717\" src=\"https:\/\/rakosliget.hu\/wordpress\/wp-content\/uploads\/2026\/01\/turul1.jpg\" alt=\"\" class=\"wp-image-21717\" srcset=\"https:\/\/rakosliget.hu\/wordpress\/wp-content\/uploads\/2026\/01\/turul1.jpg 798w, https:\/\/rakosliget.hu\/wordpress\/wp-content\/uploads\/2026\/01\/turul1-300x192.jpg 300w, https:\/\/rakosliget.hu\/wordpress\/wp-content\/uploads\/2026\/01\/turul1-768x493.jpg 768w\" sizes=\"auto, (max-width: 798px) 100vw, 798px\" \/><\/a><figcaption class=\"wp-element-caption\">1938. JANU\u00c1R 8.<\/figcaption><\/figure>\n\n\n\n<figure class=\"wp-block-image size-large\"><img loading=\"lazy\" decoding=\"async\" width=\"799\" height=\"497\" data-id=\"21719\" src=\"https:\/\/rakosliget.hu\/wordpress\/wp-content\/uploads\/2026\/01\/turul2.jpg\" alt=\"\" class=\"wp-image-21719\" srcset=\"https:\/\/rakosliget.hu\/wordpress\/wp-content\/uploads\/2026\/01\/turul2.jpg 799w, https:\/\/rakosliget.hu\/wordpress\/wp-content\/uploads\/2026\/01\/turul2-300x187.jpg 300w, https:\/\/rakosliget.hu\/wordpress\/wp-content\/uploads\/2026\/01\/turul2-768x478.jpg 768w\" sizes=\"auto, (max-width: 799px) 100vw, 799px\" \/><\/figure>\n\n\n\n<figure class=\"wp-block-image size-large\"><img loading=\"lazy\" decoding=\"async\" width=\"799\" height=\"497\" data-id=\"21720\" src=\"https:\/\/rakosliget.hu\/wordpress\/wp-content\/uploads\/2026\/01\/turul3.jpg\" alt=\"\" class=\"wp-image-21720\" srcset=\"https:\/\/rakosliget.hu\/wordpress\/wp-content\/uploads\/2026\/01\/turul3.jpg 799w, https:\/\/rakosliget.hu\/wordpress\/wp-content\/uploads\/2026\/01\/turul3-300x187.jpg 300w, https:\/\/rakosliget.hu\/wordpress\/wp-content\/uploads\/2026\/01\/turul3-768x478.jpg 768w\" sizes=\"auto, (max-width: 799px) 100vw, 799px\" \/><\/figure>\n\n\n\n<figure class=\"wp-block-image size-large\"><img loading=\"lazy\" decoding=\"async\" width=\"799\" height=\"513\" data-id=\"21718\" src=\"https:\/\/rakosliget.hu\/wordpress\/wp-content\/uploads\/2026\/01\/turul4.jpg\" alt=\"\" class=\"wp-image-21718\" srcset=\"https:\/\/rakosliget.hu\/wordpress\/wp-content\/uploads\/2026\/01\/turul4.jpg 799w, https:\/\/rakosliget.hu\/wordpress\/wp-content\/uploads\/2026\/01\/turul4-300x193.jpg 300w, https:\/\/rakosliget.hu\/wordpress\/wp-content\/uploads\/2026\/01\/turul4-768x493.jpg 768w\" sizes=\"auto, (max-width: 799px) 100vw, 799px\" \/><\/figure>\n<\/figure>\n","protected":false},"excerpt":{"rendered":"<p>VISSZA AZ EGYES\u00dcLETEK LAPRA Az oldal friss\u00edtve: 2020. 11. 26. Turul Sz\u00f6vets\u00e9g A Turul Sz\u00f6vets\u00e9g jelv\u00e9nye A sz\u00f6vets\u00e9get 1919. augusztus 3-\u00e1n alap\u00edtott\u00e1k, a budapesti Tudom\u00e1nyegyetemen. Ez volt a legnagyobb, orsz\u00e1gos szint\u0171 fels\u0151oktat\u00e1si di\u00e1kszervezet, s jelent\u0151s r\u00e9sz\u00fck volt a zsid\u00f3k elleni rendszeres egyetemi atrocit\u00e1sok, \u00e9s 1928 ut\u00e1n minden tan\u00e9vkezd\u00e9skor megrendezett antiszemita t\u00fcntet\u00e9sek szervez\u00e9s\u00e9ben. A turulosok ki\u00e1lltak &hellip; <a href=\"https:\/\/rakosliget.hu\/wordpress\/index.php\/turul-szovetseg\/\" class=\"more-link\"><span class=\"screen-reader-text\">Turul Sz\u00f6vets\u00e9g<\/span> r\u00e9szletei&#8230;<\/a><\/p>\n","protected":false},"author":1,"featured_media":0,"parent":0,"menu_order":0,"comment_status":"closed","ping_status":"closed","template":"","meta":{"footnotes":""},"class_list":["post-579","page","type-page","status-publish","hentry"],"_links":{"self":[{"href":"https:\/\/rakosliget.hu\/wordpress\/index.php\/wp-json\/wp\/v2\/pages\/579","targetHints":{"allow":["GET"]}}],"collection":[{"href":"https:\/\/rakosliget.hu\/wordpress\/index.php\/wp-json\/wp\/v2\/pages"}],"about":[{"href":"https:\/\/rakosliget.hu\/wordpress\/index.php\/wp-json\/wp\/v2\/types\/page"}],"author":[{"embeddable":true,"href":"https:\/\/rakosliget.hu\/wordpress\/index.php\/wp-json\/wp\/v2\/users\/1"}],"replies":[{"embeddable":true,"href":"https:\/\/rakosliget.hu\/wordpress\/index.php\/wp-json\/wp\/v2\/comments?post=579"}],"version-history":[{"count":13,"href":"https:\/\/rakosliget.hu\/wordpress\/index.php\/wp-json\/wp\/v2\/pages\/579\/revisions"}],"predecessor-version":[{"id":22504,"href":"https:\/\/rakosliget.hu\/wordpress\/index.php\/wp-json\/wp\/v2\/pages\/579\/revisions\/22504"}],"wp:attachment":[{"href":"https:\/\/rakosliget.hu\/wordpress\/index.php\/wp-json\/wp\/v2\/media?parent=579"}],"curies":[{"name":"wp","href":"https:\/\/api.w.org\/{rel}","templated":true}]}}