{"id":576,"date":"2018-03-11T04:34:53","date_gmt":"2018-03-11T03:34:53","guid":{"rendered":"http:\/\/rakosliget.hu\/wordpress\/?page_id=576"},"modified":"2026-01-16T17:12:02","modified_gmt":"2026-01-16T16:12:02","slug":"magyar-tuzharcos-szovetseg","status":"publish","type":"page","link":"https:\/\/rakosliget.hu\/wordpress\/index.php\/magyar-tuzharcos-szovetseg\/","title":{"rendered":"Magyar T\u0171zharcos Sz\u00f6vets\u00e9g"},"content":{"rendered":"<h3 class=\"subHeader\" style=\"text-align: left;\" align=\"center\"><a href=\"https:\/\/rakosliget.hu\/wordpress\/index.php\/1900-1948-kozott-rakosligeten-mukodott-egyesuletek\/\"><span class=\"bodyText1\">VISSZA AZ EGYES\u00dcLETEK LAPRA<\/span><\/a><\/h3>\n<p class=\"bodyText1\" align=\"justify\">A Frontharcos Sz\u00f6vets\u00e9get f\u00f6lv\u00e1lt\u00f3 test\u00fclet, amely 1938-ban alakult meg. A t\u0171zharcos sz\u00f6vets\u00e9gnek tagja lehetett az a magyar \u00e1llampolg\u00e1r, aki az els\u0151 vil\u00e1gh\u00e1bor\u00faban, az arcvonalban szolg\u00e1lva, megszerezte a K\u00e1roly-csapatkeresztet. A sz\u00f6vets\u00e9g tagjaib\u00f3l alakult a T\u0171zharcosok \u00e9s Katonaviseltek Termel\u0151, Beszerz\u0151 \u00e9s \u00c9rt\u00e9kes\u00edt\u0151 Sz\u00f6vetkezete (Budapest V., B\u00e1lv\u00e1ny, majd gr\u00f3f Teleki P\u00e1l, 1953-t\u00f3l Okt\u00f3ber 6. utca 24.). Az Ideiglenes Korm\u00e1ny 1945 febru\u00e1rj\u00e1ban feloszlatta. Sz\u00e9kh\u00e1za a Budapest VII., Wessel\u00e9nyi u. 49. sz. alatt volt.<br \/>Forr\u00e1s: <a href=\"http:\/\/mek.oszk.hu\/04900\/04982\/html\/\">http:\/\/mek.oszk.hu\/04900\/04982\/html\/<\/a><\/p>\n<p align=\"center\"><img loading=\"lazy\" decoding=\"async\" src=\"http:\/\/rakosliget.hu\/jelvenyek\/tuzharcos.jpg\" alt=\"\" width=\"126\" height=\"200\" \/><\/p>\n<p class=\"bodyText1\" align=\"center\">T\u0171zharcos jelv\u00e9ny<\/p>\n<p align=\"center\"><img loading=\"lazy\" decoding=\"async\" src=\"http:\/\/rakosliget.hu\/alairasok\/bajortuzharcoselnok.jpg\" alt=\"Bajor al\u00e1\u00edr\u00e1sa\" width=\"326\" height=\"152\" \/><\/p>\n<p class=\"bodyText1\" align=\"center\">A T\u0171zharcos Sz\u00f6vets\u00e9g r\u00e1kosligeti eln\u00f6k\u00e9nek al\u00e1\u00edr\u00e1sa.<\/p>\n\n\n<h2 class=\"wp-block-heading\">1935<\/h2>\n\n\n<div class=\"wp-block-image\">\n<figure class=\"aligncenter size-large\"><a href=\"http:\/\/rakosliget.hu\/wordpress\/wp-content\/uploads\/2020\/11\/1935-februar-17-Blau-pek-esete-scaled.jpg\"><img loading=\"lazy\" decoding=\"async\" width=\"363\" height=\"1024\" src=\"http:\/\/rakosliget.hu\/wordpress\/wp-content\/uploads\/2020\/11\/1935-februar-17-Blau-pek-esete-363x1024.jpg\" alt=\"\" class=\"wp-image-6498\" srcset=\"https:\/\/rakosliget.hu\/wordpress\/wp-content\/uploads\/2020\/11\/1935-februar-17-Blau-pek-esete-363x1024.jpg 363w, https:\/\/rakosliget.hu\/wordpress\/wp-content\/uploads\/2020\/11\/1935-februar-17-Blau-pek-esete-106x300.jpg 106w, https:\/\/rakosliget.hu\/wordpress\/wp-content\/uploads\/2020\/11\/1935-februar-17-Blau-pek-esete-768x2167.jpg 768w, https:\/\/rakosliget.hu\/wordpress\/wp-content\/uploads\/2020\/11\/1935-februar-17-Blau-pek-esete-544x1536.jpg 544w, https:\/\/rakosliget.hu\/wordpress\/wp-content\/uploads\/2020\/11\/1935-februar-17-Blau-pek-esete-726x2048.jpg 726w, https:\/\/rakosliget.hu\/wordpress\/wp-content\/uploads\/2020\/11\/1935-februar-17-Blau-pek-esete-scaled.jpg 907w\" sizes=\"auto, (max-width: 363px) 100vw, 363px\" \/><\/a><figcaption class=\"wp-element-caption\">Blau p\u00e9k esete. 1935. febru\u00e1r 17. Az Ujs\u00e1g<\/figcaption><\/figure>\n<\/div>\n\n\n<p><a href=\"https:\/\/rakosliget.hu\/wordpress\/index.php\/1900-1948-kozott-rakosligeten-mukodott-egyesuletek\/\">VISSZA AZ EGYES\u00dcLETEK LAPRA<\/a><\/p>\n","protected":false},"excerpt":{"rendered":"<p>VISSZA AZ EGYES\u00dcLETEK LAPRA A Frontharcos Sz\u00f6vets\u00e9get f\u00f6lv\u00e1lt\u00f3 test\u00fclet, amely 1938-ban alakult meg. A t\u0171zharcos sz\u00f6vets\u00e9gnek tagja lehetett az a magyar \u00e1llampolg\u00e1r, aki az els\u0151 vil\u00e1gh\u00e1bor\u00faban, az arcvonalban szolg\u00e1lva, megszerezte a K\u00e1roly-csapatkeresztet. A sz\u00f6vets\u00e9g tagjaib\u00f3l alakult a T\u0171zharcosok \u00e9s Katonaviseltek Termel\u0151, Beszerz\u0151 \u00e9s \u00c9rt\u00e9kes\u00edt\u0151 Sz\u00f6vetkezete (Budapest V., B\u00e1lv\u00e1ny, majd gr\u00f3f Teleki P\u00e1l, 1953-t\u00f3l Okt\u00f3ber 6. &hellip; <a href=\"https:\/\/rakosliget.hu\/wordpress\/index.php\/magyar-tuzharcos-szovetseg\/\" class=\"more-link\"><span class=\"screen-reader-text\">Magyar T\u0171zharcos Sz\u00f6vets\u00e9g<\/span> r\u00e9szletei&#8230;<\/a><\/p>\n","protected":false},"author":1,"featured_media":0,"parent":0,"menu_order":0,"comment_status":"closed","ping_status":"closed","template":"","meta":{"footnotes":""},"class_list":["post-576","page","type-page","status-publish","hentry"],"_links":{"self":[{"href":"https:\/\/rakosliget.hu\/wordpress\/index.php\/wp-json\/wp\/v2\/pages\/576","targetHints":{"allow":["GET"]}}],"collection":[{"href":"https:\/\/rakosliget.hu\/wordpress\/index.php\/wp-json\/wp\/v2\/pages"}],"about":[{"href":"https:\/\/rakosliget.hu\/wordpress\/index.php\/wp-json\/wp\/v2\/types\/page"}],"author":[{"embeddable":true,"href":"https:\/\/rakosliget.hu\/wordpress\/index.php\/wp-json\/wp\/v2\/users\/1"}],"replies":[{"embeddable":true,"href":"https:\/\/rakosliget.hu\/wordpress\/index.php\/wp-json\/wp\/v2\/comments?post=576"}],"version-history":[{"count":4,"href":"https:\/\/rakosliget.hu\/wordpress\/index.php\/wp-json\/wp\/v2\/pages\/576\/revisions"}],"predecessor-version":[{"id":21699,"href":"https:\/\/rakosliget.hu\/wordpress\/index.php\/wp-json\/wp\/v2\/pages\/576\/revisions\/21699"}],"wp:attachment":[{"href":"https:\/\/rakosliget.hu\/wordpress\/index.php\/wp-json\/wp\/v2\/media?parent=576"}],"curies":[{"name":"wp","href":"https:\/\/api.w.org\/{rel}","templated":true}]}}