{"id":570,"date":"2018-03-11T04:30:53","date_gmt":"2018-03-11T03:30:53","guid":{"rendered":"http:\/\/rakosliget.hu\/wordpress\/?page_id=570"},"modified":"2026-01-16T16:55:10","modified_gmt":"2026-01-16T15:55:10","slug":"levente-egyesulet","status":"publish","type":"page","link":"https:\/\/rakosliget.hu\/wordpress\/index.php\/levente-egyesulet\/","title":{"rendered":"Levente Egyes\u00fclet"},"content":{"rendered":"<h3 class=\"subHeader\" style=\"text-align: left;\" align=\"center\"><a href=\"https:\/\/rakosliget.hu\/wordpress\/index.php\/1900-1948-kozott-rakosligeten-mukodott-egyesuletek\/\">VISSZA AZ EGYES\u00dcLETEK LAPRA<\/a><\/h3>\n<p>A Levente Egyes\u00fclet r\u00e1kosligeti szervezete 1925. augusztus 26-\u00e1n alakult meg.<\/p>\n<p class=\"bodyText1\" align=\"justify\">R\u00e9szlet a Leventek\u00f6nyvb\u0151l: ,,Levent\u00e9k! H\u0151s\u00f6k voltak ap\u00e1itok a harc mezej\u00e9n, ahol v\u00e9rrel \u00e9s \u00e9lettel kellett ad\u00f3zni a haz\u00e1\u00e9rt, de h\u0151s\u00f6k voltak a mindennapi munk\u00e1ban is, ahol verejt\u00e9kkel tudt\u00e1k munk\u00e1lni a megcsonk\u00edtott haza felt\u00e1mad\u00e1s\u00e1t. Haz\u00e1nk boldogul\u00e1s\u00e1t a Ti kezeitekbe tett\u00e9k le ezek a h\u0151s\u00f6k!&#8221;<\/p>\n<p class=\"bodyText1\" align=\"justify\">A levente fogadalom \u00edgy hangzott: ,,Fogadom, hogy teljes\u00edtem levente-k\u00f6teless\u00e9geimet, melyekkel Istennek, Haz\u00e1mnak \u00e9s honfit\u00e1rsaimnak tartozom!&#8221;<\/p>\n<p class=\"bodyText1\" align=\"justify\">A levente kik\u00e9pz\u00e9si \u00e9vet mindig \u00fcnnep\u00e9lyes istentisztelettel kezdt\u00e9k meg \u00e9s fejezt\u00e9k be. Minden \u00e9v m\u00e1jus hav\u00e1ban \u00fcnnep\u00e9lyes leventenapot tartottak, amelyen a leventeapr\u00f3dokat felavatt\u00e1k \u00e9s fogadalmat tettek.<\/p>\n<p class=\"bodyText1\" align=\"center\"><img loading=\"lazy\" decoding=\"async\" src=\"http:\/\/rakosliget.hu\/jelvenyek\/levig.png\" alt=\"Leventeigazolv\u00e1ny\" width=\"236\" height=\"302\" \/><\/p>\n<p class=\"bodyText1\" align=\"center\"><img loading=\"lazy\" decoding=\"async\" src=\"http:\/\/rakosliget.hu\/jelvenyek\/leveuoktato.png\" alt=\"Oktat\u00f3\" width=\"217\" height=\"317\" \/>\u00a0\u00a0\u00a0\u00a0<img loading=\"lazy\" decoding=\"async\" src=\"http:\/\/rakosliget.hu\/jelvenyek\/levig1.png\" alt=\"Igazolv\u00e1ny\" width=\"336\" height=\"471\" \/><\/p>\n<p class=\"bodyText1\" align=\"center\"><strong>1939. \u00e9vi II. t\u00f6rv\u00e9nycikk<\/strong><strong> a honv\u00e9delemr\u0151l<\/strong><\/p>\n<p class=\"bodyText1\" align=\"center\"><strong>M\u00e1sodik r\u00e9sz<\/strong><\/p>\n<p class=\"bodyText1\" align=\"center\"><strong>Leventek\u00f6telezetts\u00e9g<\/strong><\/p>\n<p class=\"bodyText1\" align=\"center\"><strong>A leventek\u00e9pz\u00e9s c\u00e9lja \u00e9s anyaga<\/strong><\/p>\n<p class=\"bodyText1\" align=\"justify\">6. \u00a7 (1) A leventek\u00e9pz\u00e9snek &#8211; amely a magyar ifj\u00fas\u00e1g nevel\u00e9s\u00e9nek is egyik eszk\u00f6ze &#8211; c\u00e9lja az, hogy az ifj\u00fas\u00e1got a hagyom\u00e1nyos magyar katonai er\u00e9nyekben val\u00f3 nevel\u00e9s \u00fatj\u00e1n a haza v\u00e9delm\u00e9nek magasztos feladataira testben \u00e9s l\u00e9lekben el\u0151k\u00e9sz\u00edtse.<\/p>\n<p class=\"bodyText1\" align=\"justify\">(2) A leventek\u00f6telesek nevel\u00e9s\u00e9t \u00e9s k\u00e9pz\u00e9s\u00e9t a honv\u00e9delmi miniszter ir\u00e1ny\u00edtja. A honv\u00e9delmi miniszter a leventefoglalkoztat\u00e1s nevel\u00e9si anyag\u00e1t a leventek\u00e9pz\u00e9s saj\u00e1tos c\u00e9lja \u00e9s annak a magyar ifj\u00fas\u00e1g egys\u00e9ges nevel\u00e9s\u00e9be val\u00f3 beilleszt\u00e9se folyt\u00e1n a vall\u00e1s- \u00e9s k\u00f6zoktat\u00e1s\u00fcgyi miniszterrel egyet\u00e9rtve \u00e1llap\u00edtja meg.<\/p>\n<p class=\"bodyText1\" align=\"center\"><strong>Leventek\u00f6telesek<\/strong><\/p>\n<p class=\"bodyText1\" align=\"justify\">7. \u00a7 (1) Minden magyar \u00e1llampolg\u00e1r ifj\u00fa annak az \u00e9vnek szeptember h\u00f3 1. napj\u00e1t\u00f3l, amelyben tizenkettedik \u00e9let\u00e9v\u00e9t bet\u00f6lti, mindaddig, m\u00edg t\u00e9nyleges katonai szolg\u00e1lat\u00e1t meg nem kezdi vagy a katonai szolg\u00e1latra val\u00f3 alkalmatlans\u00e1g\u00e1t v\u00e9gleg meg nem \u00e1llap\u00edtj\u00e1k, az al\u00e1bbi szab\u00e1lyok szerint leventek\u00f6teles. A leventek\u00f6telezetts\u00e9g \u00e1ltal\u00e1ban megsz\u0171nik legk\u00e9s\u0151bb annak az \u00e9vnek szeptember h\u00f3 30. napj\u00e1n, amelyben az ifj\u00fa a huszonharmadik \u00e9let\u00e9v\u00e9t bet\u00f6lti. Ezen az \u00e9letkoron t\u00fal is leventek\u00f6telesek maradnak t\u00e9nyleges katonai szolg\u00e1latra val\u00f3 bevonul\u00e1sukig azok, akik a t\u00e9nyleges katonai szolg\u00e1lat megkezd\u00e9s\u00e9re halaszt\u00e1st kaptak.<\/p>\n<p class=\"bodyText1\" align=\"justify\">(2) Leventek\u00f6telesek az orsz\u00e1gban lak\u00f3 azok az ifjak is, akiknek \u00e1llampolg\u00e1rs\u00e1ga nem \u00e1llap\u00edthat\u00f3 meg.<\/p>\n<p class=\"bodyText1\" align=\"center\"><strong>Bejelent\u00e9si k\u00f6telezetts\u00e9g. Orvosi vizsg\u00e1lat<\/strong><\/p>\n<p class=\"bodyText1\" align=\"justify\">8. \u00a7 (1) Minden ifj\u00fat abban az \u00e9vben augusztus h\u00f3 31. napj\u00e1ig, amelyben tizenkettedik \u00e9let\u00e9v\u00e9t bet\u00f6lti, leventek\u00f6telezetts\u00e9g\u00e9nek nyilv\u00e1ntart\u00e1sba v\u00e9tele v\u00e9gett be kell jelenteni. A leventek\u00f6teles lak\u00f3hely\u00e9nek minden megv\u00e1ltoz\u00e1s\u00e1t be kell jelenteni. Annak az \u00e9vnek a v\u00e9g\u00e9ig, amelyben az ifj\u00fa tizennyolcadik \u00e9let\u00e9v\u00e9t bet\u00f6lti, a bejelent\u00e9si k\u00f6telezetts\u00e9g a 11. \u00a7-ban felsoroltakat, az eml\u00edtett id\u0151pont ut\u00e1n a leventek\u00f6telest terheli.<\/p>\n<p class=\"bodyText1\" align=\"justify\">(2) A leventek\u00f6telesek testi \u00e9s szellemi alkalmass\u00e1g\u00e1t hat\u00f3s\u00e1gi orvosi vizsg\u00e1lat \u00fatj\u00e1n kell meg\u00e1llap\u00edtani.<\/p>\n<p class=\"bodyText1\" align=\"justify\">(3) Az orvosi vizsg\u00e1laton val\u00f3 megjelen\u00e9s k\u00f6lts\u00e9g\u00e9t a leventek\u00f6teles maga viseli; az orvosi vizsg\u00e1lat d\u00edjtalan.<\/p>\n<p class=\"bodyText1\" align=\"justify\">(4) A leventek\u00f6telesek bejelent\u00e9s\u00e9re, a k\u00f6zs\u00e9gek (v\u00e1rosok) \u00e1ltal val\u00f3 nyilv\u00e1ntart\u00e1s\u00e1ra, valamint az orvosi vizsg\u00e1lat megtart\u00e1s\u00e1ra vonatkoz\u00f3 szab\u00e1lyokat a honv\u00e9delmi miniszter a bel\u00fcgyminiszterrel \u00e9s a vall\u00e1s- \u00e9s k\u00f6zoktat\u00e1s\u00fcgyi miniszterrel egyet\u00e9rtve rendelettel \u00e1llap\u00edtja meg.<\/p>\n<p class=\"bodyText1\" align=\"center\"><strong>Kik\u00e9pz\u00e9s<\/strong><\/p>\n<p class=\"bodyText1\" align=\"justify\">9. \u00a7 (1) A levent\u00e9k \u00e9vente legfeljebb t\u00edz h\u00f3napon \u00e1t \u00e9s legfeljebb heti n\u00e9gy \u00f3r\u00e1ban k\u00f6telesek leventekik\u00e9pz\u00e9sben r\u00e9sztvenni. Ezenfel\u00fcl minden levente abban a napt\u00e1ri \u00e9vben, amelyben tizennyolcadik \u00e9let\u00e9v\u00e9t bet\u00f6lti, \u00f6sszef\u00fcgg\u0151-gyakorlaton k\u00f6teles r\u00e9sztvenni. Ennek a gyakorlatnak id\u0151tartama h\u00e1rom hetet nem haladhat meg.<\/p>\n<p class=\"bodyText1\" align=\"justify\">(2) Az a levente, aki a rendes heti kik\u00e9pz\u00e9sb\u0151l egy \u00e9vben a megszabott id\u0151 egyharmad\u00e1n\u00e1l t\u00f6bbet mulaszt, mulaszt\u00e1s\u00e1t a (3) bekezd\u00e9sben meghat\u00e1rozott \u00f6sszef\u00fcgg\u0151-kik\u00e9pz\u00e9sben val\u00f3 r\u00e9szv\u00e9tel \u00fatj\u00e1n k\u00f6teles p\u00f3tolni. Az a levente, aki az \u00f6sszef\u00fcgg\u0151-gyakorlatot a megszabott id\u0151ben nem teljes\u00edti, mulaszt\u00e1s\u00e1t ugyancsak \u00f6sszef\u00fcgg\u0151-gyakorlat \u00fatj\u00e1n k\u00e9s\u0151bb k\u00f6teles p\u00f3tolni.<\/p>\n<p class=\"bodyText1\" align=\"justify\">(3) Az (1) bekezd\u00e9sben meghat\u00e1rozott kik\u00e9pz\u00e9s helyett \u00e9venkint k\u00e9t hetet meg nem halad\u00f3 \u00f6sszef\u00fcgg\u0151-kik\u00e9pz\u00e9sre lehet beh\u00edvni azt a levent\u00e9t:<\/p>\n<p class=\"bodyText1\" align=\"justify\">a) akinek lak\u00f3hely\u00e9n vagy att\u00f3l sz\u00e1m\u00edtott n\u00e9gy kilom\u00e9teres k\u00f6rzetben nincs olyan szervezet, amelyben a levent\u00e9k kik\u00e9pz\u00e9sben r\u00e9szes\u00edthet\u0151k;<\/p>\n<p class=\"bodyText1\" align=\"justify\">b) aki foglalkoz\u00e1s\u00e1nak term\u00e9szete miatt a rendes kik\u00e9pz\u00e9sben akad\u00e1lyozva van.<\/p>\n<p class=\"bodyText1\" align=\"justify\">(4) Az a levente, aki az el\u0151bbi bekezd\u00e9sben meghat\u00e1rozott k\u00e9thetes \u00f6sszef\u00fcgg\u0151-kik\u00e9pz\u00e9st elmulasztja, mulaszt\u00e1s\u00e1t p\u00f3tolni k\u00f6teles.<\/p>\n<p class=\"bodyText1\" align=\"justify\">(5) A papi (lelk\u00e9szi) tanulm\u00e1nyokat folytat\u00f3 leventek\u00f6telest csak hivat\u00e1s\u00e1val \u00f6sszef\u00e9r\u0151 kik\u00e9pz\u00e9sben lehet r\u00e9szes\u00edteni.<\/p>\n<p class=\"bodyText1\" align=\"justify\">(6) Mentes a leventekik\u00e9pz\u00e9s al\u00f3l az, aki:<\/p>\n<p class=\"bodyText1\" align=\"justify\">a) arra testileg vagy szellemileg alkalmatlan;<\/p>\n<p class=\"bodyText1\" align=\"justify\">b) katonai nevel\u0151- vagy k\u00e9pz\u0151int\u00e9zet n\u00f6vend\u00e9ke.<\/p>\n<p class=\"bodyText1\" align=\"justify\">(7) A leventek\u00f6telesnek a rendes kik\u00e9pz\u00e9sben val\u00f3 r\u00e9szv\u00e9tel\u00e9rt k\u00f6lts\u00e9gmegt\u00e9r\u00edt\u00e9s nem j\u00e1r.<\/p>\n<p class=\"bodyText1\" align=\"justify\">(8) \u00d6sszef\u00fcgg\u0151-gyakorlat, valamint \u00f6sszef\u00fcgg\u0151-kik\u00e9pz\u00e9s alatt a leventek\u00f6teles kincst\u00e1ri ell\u00e1t\u00e1sban r\u00e9szes\u00fcl, \u00e9s ha megjelen\u00e9se v\u00e9gett 10 kilom\u00e9tern\u00e9l hosszabb utat kell megtennie, a kincst\u00e1r az orsz\u00e1ghat\u00e1ron bel\u00fcl az oda- \u00e9s visszautaz\u00e1s k\u00f6lts\u00e9g\u00e9t is megt\u00e9r\u00edti.<\/p>\n<p class=\"bodyText1\" align=\"justify\">(9) Azt a levent\u00e9t, akit leventegyakorlaton saj\u00e1t hib\u00e1j\u00e1n k\u00edv\u00fcl baleset \u00e9r, ingyenes gy\u00f3gykezel\u00e9sben \u00e9s gy\u00f3gyszerell\u00e1t\u00e1sban kell r\u00e9szes\u00edteni, amennyiben erre jogszab\u00e1ly vagy szerz\u0151d\u00e9s \u00e9rtelm\u00e9ben egy\u00e9bk\u00e9nt nem jogosult. A r\u00e9szletes szab\u00e1lyokat a miniszt\u00e9rium rendelettel \u00e1llap\u00edtja meg. A gondoz\u00e1sra n\u00e9zve a 223. \u00a7 rendelkezik.<\/p>\n<p class=\"bodyText1\" align=\"center\"><strong>Formaruha<\/strong><\/p>\n<p class=\"bodyText1\" align=\"justify\">10. \u00a7 (1) A honv\u00e9delmi miniszter a levent\u00e9k r\u00e9sz\u00e9re formaruh\u00e1t rendszeres\u00edthet. A formaruha beszerz\u00e9s\u00e9nek k\u00f6lts\u00e9ge az \u00e1llamkincst\u00e1rt terheli.<\/p>\n<p class=\"bodyText1\" align=\"justify\">(2) A honv\u00e9delmi miniszter \u00e1llap\u00edtja meg, hogy a l\u00e1bbelire r\u00e1szorul\u00f3 levent\u00e9k erre a c\u00e9lra mennyiben r\u00e9szes\u00edthet\u0151k seg\u00e9lyben.<\/p>\n<p class=\"bodyText1\" align=\"center\"><strong>A leventek\u00f6telezetts\u00e9g teljes\u00edt\u00e9s\u00e9t biztos\u00edt\u00f3 k\u00f6telezetts\u00e9gek<\/strong><\/p>\n<p class=\"bodyText1\" align=\"justify\">11. \u00a7 (1) Tizennyolc \u00e9ven aluli leventek\u00f6telesre vonatkoz\u00f3an a 8. \u00a7-ban meghat\u00e1rozott bejelent\u00e9seket t\u00f6rv\u00e9nyes k\u00e9pvisel\u0151je (atyja, gy\u00e1mja) k\u00f6teles megtenni, ha pedig a leventek\u00f6teles nem a t\u00f6rv\u00e9nyes k\u00e9pvisel\u0151j\u00e9nek h\u00e1ztart\u00e1s\u00e1ban \u00e9l, az a sz\u00e1ll\u00e1sad\u00f3, munka- vagy szolg\u00e1latad\u00f3, akinek gondoz\u00e1s\u00e1ban vagy fel\u00fcgyelete alatt \u00e1ll. Az a leventek\u00f6teles, aki tizennyolcadik \u00e9let\u00e9v\u00e9t bet\u00f6lt\u00f6tte, maga k\u00f6teles a bejelent\u00e9seket megtenni, de t\u00f6rv\u00e9nyes k\u00e9pvisel\u0151je (atyja, gy\u00e1mja), gondvisel\u0151 sz\u00e1ll\u00e1sad\u00f3ja, illet\u0151leg munka- vagy szolg\u00e1latad\u00f3ja k\u00f6teles fel\u00fcgyelni arra, hogy bejelent\u00e9si k\u00f6telezetts\u00e9g\u00e9nek eleget tegyen.<\/p>\n<p class=\"bodyText1\" align=\"justify\">(2) A t\u00f6rv\u00e9nyes k\u00e9pvisel\u0151 (atya, gy\u00e1m) \u00e9s a munka-, szolg\u00e1lat- vagy sz\u00e1ll\u00e1sad\u00f3 gondoskodni k\u00f6teles arr\u00f3l, hogy a h\u00e1ztart\u00e1s\u00e1ban \u00e9l\u0151, fel\u00fcgyelete alatt \u00e1ll\u00f3 vagy gondoz\u00e1s\u00e1ra b\u00edzott leventek\u00f6teles ifj\u00fa leventek\u00f6telezetts\u00e9g\u00e9nek eleget tegyen. A munka- vagy szolg\u00e1latad\u00f3nak a leventek\u00f6telezetts\u00e9g teljes\u00edt\u00e9s\u00e9re kell\u0151 szabadid\u0151t kell a leventek\u00f6teles r\u00e9sz\u00e9re engednie s a leventek\u00f6telezetts\u00e9g teljes\u00edt\u00e9se miatt a leventek\u00f6telest h\u00e1tr\u00e1nnyal sujtania, a munk\u00e1b\u00f3l vagy szolg\u00e1latb\u00f3l elbocs\u00e1tania nem szabad; a leventek\u00f6teles azonban az \u00f6sszef\u00fcgg\u0151-gyakorlat vagy \u00f6sszef\u00fcgg\u0151-kik\u00e9pz\u00e9s tartam\u00e1ra d\u00edjaz\u00e1sra nem tarthat ig\u00e9nyt.<\/p>\n<p class=\"bodyText1\" align=\"justify\">(3) Az egyetemeknek, f\u0151iskol\u00e1knak \u00e9s tanint\u00e9zeteknek a szervezeti szab\u00e1lyaik szerint illet\u00e9kes vezet\u0151i fegyelmi felel\u0151ss\u00e9g mellett gondoskodni k\u00f6telesek arr\u00f3l, hogy a beiratkozott hallgat\u00f3k, illetve n\u00f6vend\u00e9kek leventek\u00f6telezetts\u00e9g\u00fcknek eleget tehessenek.<\/p>\n<p class=\"bodyText1\" align=\"center\"><strong>A leventek\u00e9pz\u00e9s k\u00f6lts\u00e9geinek fedez\u00e9se.<br \/>A leventek\u00e9pz\u00e9st szolg\u00e1l\u00f3 berendez\u00e9sek l\u00e9tes\u00edt\u00e9se \u00e9s fenntart\u00e1sa<\/strong><\/p>\n<p class=\"bodyText1\" align=\"justify\">12. \u00a7 (1) A leventek\u00e9pz\u00e9ssel kapcsolatos kiad\u00e1sok fedez\u00e9s\u00e9r\u0151l a jelen \u00a7-ban vagy m\u00e1s jogszab\u00e1lyban meghat\u00e1rozott kiv\u00e9telekkel az \u00e1llami k\u00f6lts\u00e9gvet\u00e9sben kell gondoskodnia.<\/p>\n<p class=\"bodyText1\" align=\"justify\">(2) A k\u00f6zs\u00e9gek \u00e9s a v\u00e1rosok teherb\u00edr\u00f3 k\u00e9pess\u00e9g\u00fckh\u00f6z m\u00e9rten k\u00f6telesek a leventek\u00f6telezetts\u00e9g teljes\u00edt\u00e9s\u00e9t a helyi sz\u00fcks\u00e9gletnek megfelel\u0151 gyakorl\u00f3- \u00e9s l\u0151tereknek, tov\u00e1bb\u00e1 a leventeotthonoknak l\u00e9tes\u00edt\u00e9s\u00e9vel, felszerel\u00e9s\u00e9vel \u00e9s fenntart\u00e1s\u00e1val, a leventek\u00e9pz\u00e9s c\u00e9ljaira sz\u00fcks\u00e9ges egy\u00e9b ter\u00fcleteknek haszn\u00e1lat\u00e1ra val\u00f3 \u00e1tenged\u00e9s\u00e9vel, tov\u00e1bb\u00e1 f\u00fcrd\u0151knek, uszod\u00e1knak \u00e9s a leventek\u00e9pz\u00e9s helyi c\u00e9ljait szolg\u00e1l\u00f3 egy\u00e9b \u00e9p\u00fcleteknek \u00e9s berendez\u00e9seknek l\u00e9tes\u00edt\u00e9s\u00e9vel \u00e9s fenntart\u00e1s\u00e1val vagy t\u00e1mogat\u00e1s\u00e1val fokozatosan el\u0151mozd\u00edtani, k\u00f6telesek tov\u00e1bb\u00e1 a leventeegyes\u00fcletek l\u00e9tes\u00edt\u00e9s\u00e9nek \u00e9s fenntart\u00e1s\u00e1nak k\u00f6lts\u00e9geit viselni.<\/p>\n<p class=\"bodyText1\" align=\"justify\">(3) Gyakorl\u00f3t\u00e9rnek lehet\u0151leg a k\u00f6zs\u00e9g (v\u00e1ros) belter\u00fclet\u00e9n fekv\u0151 olyan telket kell a sz\u00fcks\u00e9gnek megfelel\u0151 sz\u00e1mban \u00e9s kiterjed\u00e9sben kiz\u00e1r\u00f3lagos \u00e9s \u00e1lland\u00f3 haszn\u00e1latra kijel\u00f6lni, amelyen id\u0151vel megfelel\u0151 levente-sportteret lehet l\u00e9tes\u00edteni. A ter\u00fclet alkalmas volta felett vita eset\u00e9n minden m\u00e1s elj\u00e1r\u00e1s kiz\u00e1r\u00e1s\u00e1val a vall\u00e1s- \u00e9s k\u00f6zoktat\u00e1s\u00fcgyi miniszter \u00e9s a bel\u00fcgyminiszter meghallgat\u00e1sa ut\u00e1n a honv\u00e9delmi miniszter hat\u00e1roz.<\/p>\n<p class=\"bodyText1\" align=\"justify\">(4) A leventek\u00e9pz\u00e9s c\u00e9lj\u00e1ra sz\u00fcks\u00e9ges ingatlanok megszerz\u00e9s\u00e9re \u00e9s nagyobb\u00edt\u00e1s\u00e1ra &#8211; amennyiben erre a c\u00e9lra k\u00f6zter\u00fclet vagy a k\u00f6zs\u00e9g (v\u00e1ros) tulajdon\u00e1ban \u00e1ll\u00f3 alkalmas ter\u00fclet nem \u00e1ll rendelkez\u00e9sre &#8211; a k\u00f6zs\u00e9get \u00e9s a v\u00e1rost az 1881:XLII. t\u00f6rv\u00e9nycikkben szab\u00e1lyozott kisaj\u00e1t\u00edt\u00e1si jog illeti meg. A kisaj\u00e1t\u00edt\u00e1st az \u00e9rdekelt miniszterekkel egyet\u00e9rtve a kereskedelem- \u00e9s k\u00f6zleked\u00e9s\u00fcgyi miniszter enged\u00e9lyezi. Tagos\u00edt\u00e1s vagy birtokrendez\u00e9s alkalm\u00e1val is lehet\u0151leg gondoskodni kell a leventek\u00e9pz\u00e9s c\u00e9lj\u00e1ra sz\u00fcks\u00e9ges ter\u00fclet megszerz\u00e9s\u00e9r\u0151l.<\/p>\n<p class=\"bodyText1\" align=\"justify\">(5) A k\u00f6zs\u00e9gek \u00e9s a v\u00e1rosok a leventek\u00e9pz\u00e9s k\u00f6vetkezt\u00e9ben re\u00e1juk h\u00e1rul\u00f3 k\u00f6lts\u00e9gek fedez\u00e9s\u00e9r\u0151l k\u00f6lts\u00e9gvet\u00e9s\u00fckben gondoskodni k\u00f6telesek. Az arra re\u00e1szorul\u00f3 k\u00f6zs\u00e9geket a v\u00e1rmegy\u00e9knek kell t\u00e1mogatniok. A k\u00f6zs\u00e9gek, a v\u00e1rosok \u00e9s a v\u00e1rmegy\u00e9k k\u00f6lts\u00e9gvet\u00e9s\u00e9be ebb\u0151l a c\u00e9lb\u00f3l felveend\u0151 \u00f6sszegek m\u00e9rt\u00e9k\u00e9t a bel\u00fcgyminiszter a honv\u00e9delmi miniszterrel \u00e9s a p\u00e9nz\u00fcgyminiszterrel egyet\u00e9rtve \u00e1llap\u00edtja meg; felhaszn\u00e1l\u00e1suk tekintet\u00e9ben a honv\u00e9delmi miniszter is fel\u00fcgyeletet gyakorol.<\/p>\n<p class=\"bodyText1\" align=\"justify\">(6) Nyilv\u00e1nos iskol\u00e1k fenntart\u00f3it a vall\u00e1s- \u00e9s k\u00f6zoktat\u00e1s\u00fcgyi miniszter a honv\u00e9delmi miniszterrel egyet\u00e9rtve k\u00f6telezheti arra, hogy az iskola helyis\u00e9geinek, udvar\u00e1nak, sporttelep\u00e9nek, valamint testnevel\u00e9s c\u00e9lj\u00e1ra szolg\u00e1l\u00f3 berendez\u00e9seinek \u00e9s felszerel\u00e9si t\u00e1rgyainak leventek\u00e9pz\u00e9s c\u00e9lj\u00e1ra val\u00f3 haszn\u00e1lat\u00e1t megengedj\u00e9k.<\/p>\n<p class=\"bodyText1\" align=\"justify\">(7) Olyan kereskedelmi, ipari, mez\u0151gazdas\u00e1gi v\u00e1llalat vagy k\u00f6z\u00fczem (gy\u00e1r, b\u00e1nya stb.), amelyn\u00e9l a munk\u00e1sok \u00e9s egy\u00e9b alkalmazottak sz\u00e1ma az ezret el\u00e9ri, leventek\u00f6teles munk\u00e1sai \u00e9s egy\u00e9b alkalmazottai r\u00e9sz\u00e9re k\u00f6teles megfelel\u0151 gyakorl\u00f3t\u00e9rr\u0151l \u00e9s egy\u00e9b berendez\u00e9sekr\u0151l (sport-, l\u0151t\u00e9r, otthon, gyakorl\u00f3terem, f\u00fcrd\u0151helyis\u00e9g) gondoskodni. A honv\u00e9delmi miniszter az illet\u00e9kes miniszterrel egyet\u00e9rtve k\u00e9t vagy t\u00f6bb olyan v\u00e1llalatot (\u00fczemet), amelyn\u00e9l az \u00e1lland\u00f3 alkalmazottak sz\u00e1ma \u00f6tvenet meghalad, k\u00f6telezhet arra, hogy egy\u00fcttesen l\u00e9tes\u00edtsen \u00e9s tartson fenn a leventek\u00e9pz\u00e9s c\u00e9lj\u00e1ra sz\u00fcks\u00e9ges &#8211; teherb\u00edr\u00f3 k\u00e9pess\u00e9g\u00e9nek megfelel\u0151 &#8211; berendez\u00e9seket vagy e helyett a leventek\u00e9pz\u00e9s c\u00e9lj\u00e1ra hozz\u00e1j\u00e1rul\u00e1st fizessen.<\/p>\n<p class=\"bodyText1\" align=\"justify\">(8) Az 1922. \u00e9vi janu\u00e1r h\u00f3 1. napja \u00f3ta az iskol\u00e1n k\u00edv\u00fcli ifj\u00fas\u00e1g k\u00f6telez\u0151 testnevel\u00e9se c\u00e9lj\u00e1ra szolg\u00e1l\u00f3 t\u00e9rs\u00e9geket, helyis\u00e9geket, berendez\u00e9seket \u00e9s felszerel\u00e9si t\u00e1rgyakat a leventek\u00e9pz\u00e9s c\u00e9lj\u00e1ra kell fenntartani, illet\u0151leg erre a c\u00e9lra kell ford\u00edtani.<\/p>\n<p class=\"bodyText1\" align=\"justify\">(9) A miniszt\u00e9rium rendelettel \u00e1llap\u00edtja meg, hogy mely id\u0151pontig k\u00f6telesek a t\u00f6rv\u00e9nyhat\u00f3s\u00e1gok \u00e9s a k\u00f6zs\u00e9gek a leventeint\u00e9zm\u00e9ny k\u00f6lts\u00e9geinek fedez\u00e9s\u00e9re azokat a kiad\u00e1sokat hozz\u00e1j\u00e1rul\u00e1sk\u00e9nt teljes\u00edteni, amelyek a t\u00f6rv\u00e9nyhat\u00f3s\u00e1gokat \u00e9s a k\u00f6zs\u00e9geket a testnevel\u00e9sr\u0151l sz\u00f3l\u00f3 1921:LIII. t\u00f6rv\u00e9nycikk rendelkez\u00e9sei \u00e9s a k\u00f6telez\u0151 testnevel\u00e9sr\u0151l sz\u00f3l\u00f3 egy\u00e9b rendelkez\u00e9sek folyt\u00e1n a testnevel\u00e9s c\u00e9lj\u00e1ra a jelen t\u00f6rv\u00e9ny hat\u00e1lybal\u00e9p\u00e9sekor terhelik.<\/p>\n<p class=\"bodyText1\" align=\"center\"><strong>Tanszem\u00e9lyzet k\u00f6zrem\u0171k\u00f6d\u00e9se. Leventeegyes\u00fcletek. Fegyelmi szab\u00e1lyok<\/strong><\/p>\n<p class=\"bodyText1\" align=\"justify\">13. \u00a7 (1) A nyilv\u00e1nos iskol\u00e1k tanszem\u00e9lyzet\u00e9nek \u00e9s a n\u00e9pm\u0171vel\u00e9s szerveinek a leventek\u00e9pz\u00e9sben \u00e9s a leventeegyes\u00fcletek ir\u00e1ny\u00edt\u00e1s\u00e1ban val\u00f3 k\u00f6zrem\u0171k\u00f6d\u00e9s\u00e9t a vall\u00e1s- \u00e9s k\u00f6zoktat\u00e1s\u00fcgyi miniszter a honv\u00e9delmi miniszterrel egyet\u00e9rtve, a leventeoktat\u00f3 szem\u00e9lyzet kik\u00e9pz\u00e9s\u00e9nek nevel\u00e9si \u00e9s oktat\u00e1si tananyag\u00e1t pedig a honv\u00e9delmi miniszter a vall\u00e1s- \u00e9s k\u00f6zoktat\u00e1s\u00fcgyi miniszterrel egyet\u00e9rtve szab\u00e1lyozza.<\/p>\n<p class=\"bodyText1\" align=\"justify\">(2) A leventek\u00f6telezetts\u00e9ggel kapcsolatos egyes\u00fcleti \u00e9let orsz\u00e1gos megszervez\u00e9s\u00e9t \u00e9s ir\u00e1ny\u00edt\u00e1s\u00e1t a honv\u00e9delmi miniszter az \u00e9rdekelt miniszterek bevon\u00e1s\u00e1val \u00e9s a vall\u00e1s- \u00e9s k\u00f6zoktat\u00e1s\u00fcgyi miniszterrel egyet\u00e9rtve int\u00e9zi. Ez a rendelkez\u00e9s nem \u00e9rinti a bel\u00fcgyminiszternek az egyes\u00fcletekre vonatkoz\u00f3 f\u0151fel\u00fcgyeleti jog\u00e1t. A tizennyolcadik \u00e9let\u00e9v\u00fcket be nem t\u00f6lt\u00f6tt leventek\u00f6telesek az iskolai hat\u00f3s\u00e1gok fel\u00fcgyelete alatt \u00e1ll\u00f3 egyes\u00fcleteken, tov\u00e1bb\u00e1 a vall\u00e1sos egyes\u00fcleteken, valamint a magyar cserk\u00e9szsz\u00f6vets\u00e9g k\u00f6tel\u00e9k\u00e9be tartoz\u00f3 cserk\u00e9szcsapatokon k\u00edv\u00fcl egyes\u00fcletnek vagy b\u00e1rmily m\u00e1s megjel\u00f6l\u00e9s\u0171 egyes\u00fcleti jelleg\u0171 szervezetnek (1938:XVII. tc. 1. \u00a7) tagjai nem lehetnek. Ez a rendelkez\u00e9s nem akad\u00e1lyozza, hogy sportegyes\u00fcletekben a tizennyolcadik \u00e9let\u00e9v\u00fcket be nem t\u00f6lt\u00f6tt levent\u00e9k enged\u00e9llyel edz\u00e9st folytathassanak \u00e9s igazolt versenyz\u0151k lehessenek.<\/p>\n<p class=\"bodyText1\" align=\"justify\">(3) A levent\u00e9kre vonatkoz\u00f3 fegyelmi szab\u00e1lyokat a honv\u00e9delmi miniszter a vall\u00e1s- \u00e9s k\u00f6zoktat\u00e1s\u00fcgyi miniszterrel egyet\u00e9rtve \u00e1llap\u00edtja meg.<\/p>\n\n<div class=\"wp-block-image\">\n<figure class=\"aligncenter size-large\"><a href=\"http:\/\/rakosliget.hu\/wordpress\/wp-content\/uploads\/2020\/11\/1926-szeptember-28-levente.jpg\"><img loading=\"lazy\" decoding=\"async\" width=\"498\" height=\"495\" src=\"http:\/\/rakosliget.hu\/wordpress\/wp-content\/uploads\/2020\/11\/1926-szeptember-28-levente.jpg\" alt=\"\" class=\"wp-image-6177\" srcset=\"https:\/\/rakosliget.hu\/wordpress\/wp-content\/uploads\/2020\/11\/1926-szeptember-28-levente.jpg 498w, https:\/\/rakosliget.hu\/wordpress\/wp-content\/uploads\/2020\/11\/1926-szeptember-28-levente-300x298.jpg 300w, https:\/\/rakosliget.hu\/wordpress\/wp-content\/uploads\/2020\/11\/1926-szeptember-28-levente-150x150.jpg 150w\" sizes=\"auto, (max-width: 498px) 100vw, 498px\" \/><\/a><figcaption class=\"wp-element-caption\">1926. szeptember 28. Az Ujs\u00e1g<\/figcaption><\/figure>\n<\/div>\n\n\n<p><a href=\"https:\/\/rakosliget.hu\/wordpress\/index.php\/1900-1948-kozott-rakosligeten-mukodott-egyesuletek\/\">VISSZA AZ EGYES\u00dcLETEK LAPRA<\/a><\/p>\n","protected":false},"excerpt":{"rendered":"<p>VISSZA AZ EGYES\u00dcLETEK LAPRA A Levente Egyes\u00fclet r\u00e1kosligeti szervezete 1925. augusztus 26-\u00e1n alakult meg. R\u00e9szlet a Leventek\u00f6nyvb\u0151l: ,,Levent\u00e9k! H\u0151s\u00f6k voltak ap\u00e1itok a harc mezej\u00e9n, ahol v\u00e9rrel \u00e9s \u00e9lettel kellett ad\u00f3zni a haz\u00e1\u00e9rt, de h\u0151s\u00f6k voltak a mindennapi munk\u00e1ban is, ahol verejt\u00e9kkel tudt\u00e1k munk\u00e1lni a megcsonk\u00edtott haza felt\u00e1mad\u00e1s\u00e1t. Haz\u00e1nk boldogul\u00e1s\u00e1t a Ti kezeitekbe tett\u00e9k le ezek &hellip; <a href=\"https:\/\/rakosliget.hu\/wordpress\/index.php\/levente-egyesulet\/\" class=\"more-link\"><span class=\"screen-reader-text\">Levente Egyes\u00fclet<\/span> r\u00e9szletei&#8230;<\/a><\/p>\n","protected":false},"author":1,"featured_media":0,"parent":0,"menu_order":0,"comment_status":"closed","ping_status":"closed","template":"","meta":{"footnotes":""},"class_list":["post-570","page","type-page","status-publish","hentry"],"_links":{"self":[{"href":"https:\/\/rakosliget.hu\/wordpress\/index.php\/wp-json\/wp\/v2\/pages\/570","targetHints":{"allow":["GET"]}}],"collection":[{"href":"https:\/\/rakosliget.hu\/wordpress\/index.php\/wp-json\/wp\/v2\/pages"}],"about":[{"href":"https:\/\/rakosliget.hu\/wordpress\/index.php\/wp-json\/wp\/v2\/types\/page"}],"author":[{"embeddable":true,"href":"https:\/\/rakosliget.hu\/wordpress\/index.php\/wp-json\/wp\/v2\/users\/1"}],"replies":[{"embeddable":true,"href":"https:\/\/rakosliget.hu\/wordpress\/index.php\/wp-json\/wp\/v2\/comments?post=570"}],"version-history":[{"count":4,"href":"https:\/\/rakosliget.hu\/wordpress\/index.php\/wp-json\/wp\/v2\/pages\/570\/revisions"}],"predecessor-version":[{"id":21693,"href":"https:\/\/rakosliget.hu\/wordpress\/index.php\/wp-json\/wp\/v2\/pages\/570\/revisions\/21693"}],"wp:attachment":[{"href":"https:\/\/rakosliget.hu\/wordpress\/index.php\/wp-json\/wp\/v2\/media?parent=570"}],"curies":[{"name":"wp","href":"https:\/\/api.w.org\/{rel}","templated":true}]}}