{"id":567,"date":"2018-03-11T04:26:43","date_gmt":"2018-03-11T03:26:43","guid":{"rendered":"http:\/\/rakosliget.hu\/wordpress\/?page_id=567"},"modified":"2026-02-23T19:55:56","modified_gmt":"2026-02-23T18:55:56","slug":"cserkeszet-a-rakosligeti-264-sz-hunyadi-janos-cserkeszcsapat","status":"publish","type":"page","link":"https:\/\/rakosliget.hu\/wordpress\/index.php\/cserkeszet-a-rakosligeti-264-sz-hunyadi-janos-cserkeszcsapat\/","title":{"rendered":"Cserk\u00e9szet- A r\u00e1kosligeti 264. sz. Hunyadi J\u00e1nos Cserk\u00e9szcsapat"},"content":{"rendered":"\n<div class=\"wp-block-buttons is-content-justification-center is-layout-flex wp-container-core-buttons-is-layout-16018d1d wp-block-buttons-is-layout-flex\">\n<div class=\"wp-block-button\"><a class=\"wp-block-button__link wp-element-button\" href=\"https:\/\/rakosliget.hu\/wordpress\/index.php\/1900-1948-kozott-rakosligeten-mukodott-egyesuletek\/\">Vissza az Egyes\u00fcletek lapra<\/a><\/div>\n<\/div>\n\n\n\n<p id=\"Eleje\">A csapat alap\u00edt\u00e1sa 1923. \u00e1prilis 9-\u00e9n t\u00f6rt\u00e9nt. M\u0171k\u00f6d\u00e9s\u00fcket az \u00c1llami Elemi Iskola alagsor\u00e1ban kezdt\u00e9k.<\/p>\n\n\n\n<p>1948. augusztus 31-\u00e9n megsz\u00fcntett\u00e9k. 1989. m\u00e1jus 12-\u00e9n \u00fajj\u00e1szervezt\u00e9k.<\/p>\n\n\n\n<figure class=\"wp-block-image\"><img decoding=\"async\" src=\"http:\/\/rakosliget.hu\/doku\/cserkeszujsag1.jpg\" alt=\"\"\/><\/figure>\n\n\n\n<p><\/p>\n\n\n\n<p>&nbsp;<\/p>\n\n\n\n<h6 class=\"wp-block-heading\">Csapatparancsnokok voltak:<\/h6>\n\n\n\n<p>1923 &#8211; 1924 K\u00e1d\u00e1r Gyula<\/p>\n\n\n\n<p> 1925 &#8211; 1927 S\u00e1rk\u00e1ny L\u00f3r\u00e1nd <\/p>\n\n\n\n<p>1927 &#8211; 1935 L\u00e1ng Gyula<\/p>\n\n\n\n<p>1936 &#8211; 1944 P\u00e1ncz\u00e9l Gyula<\/p>\n\n\n\n<p>1945 V\u00e9gv\u00e1ri D\u00e9nes<\/p>\n\n\n\n<p>1946 &#8211; 1948 Kov\u00e1cs Istv\u00e1n<\/p>\n\n\n\n<p>1989 &#8211; 2008 Kov\u00e1cs Istv\u00e1n<\/p>\n\n\n\n<p>2008 &#8211;  2021 F\u00fcrjes P\u00e9ter<\/p>\n\n\n\n<p>2021 &#8211; 2022 Pesty S\u00e1ndor Gergely<\/p>\n\n\n\n<p>2022 &#8211; Tak\u00e1ts M\u00e1t\u00e9<\/p>\n\n\n<div class=\"wp-block-image\">\n<figure class=\"aligncenter\"><img decoding=\"async\" src=\"http:\/\/rakosliget.hu\/emlektabla lapozgato\/pages\/87.jpg\" alt=\"\"\/><\/figure>\n<\/div>\n\n\n<figure class=\"wp-block-image size-full\"><img loading=\"lazy\" decoding=\"async\" width=\"834\" height=\"2091\" src=\"https:\/\/rakosliget.hu\/wordpress\/wp-content\/uploads\/2025\/05\/kovacs.jpg\" alt=\"\" class=\"wp-image-17806\" srcset=\"https:\/\/rakosliget.hu\/wordpress\/wp-content\/uploads\/2025\/05\/kovacs.jpg 834w, https:\/\/rakosliget.hu\/wordpress\/wp-content\/uploads\/2025\/05\/kovacs-120x300.jpg 120w, https:\/\/rakosliget.hu\/wordpress\/wp-content\/uploads\/2025\/05\/kovacs-768x1926.jpg 768w, https:\/\/rakosliget.hu\/wordpress\/wp-content\/uploads\/2025\/05\/kovacs-613x1536.jpg 613w, https:\/\/rakosliget.hu\/wordpress\/wp-content\/uploads\/2025\/05\/kovacs-817x2048.jpg 817w\" sizes=\"auto, (max-width: 834px) 100vw, 834px\" \/><figcaption class=\"wp-element-caption\">Forr\u00e1s: Budapest XVIII. ker\u00fclet &#8211; V\u00e1rosk\u00e9p, 2008. 09. 08.&nbsp;11. oldal<\/figcaption><\/figure>\n\n\n\n<p class=\"has-text-align-center\">Eml\u00e9kt\u00e1bla a cserk\u00e9szotthon fal\u00e1n.<\/p>\n\n\n\n<figure class=\"wp-block-image\"><img decoding=\"async\" src=\"http:\/\/rakosliget.hu\/doku\/cserkeszgyujtes1925.jpg\" alt=\"\"\/><\/figure>\n\n\n\n<h2 class=\"wp-block-heading\">1925<\/h2>\n\n\n\n<p>Gy\u0171jt\u00e9s enged\u00e9ly a szeg\u00e9ny-sors\u00fa cserk\u00e9szek t\u00e1boroztat\u00e1s\u00e1hoz. 1925.<\/p>\n\n\n<div class=\"wp-block-image\">\n<figure class=\"aligncenter size-large\"><img loading=\"lazy\" decoding=\"async\" width=\"917\" height=\"893\" src=\"http:\/\/rakosliget.hu\/wordpress\/wp-content\/uploads\/2020\/01\/cserkesz-verseny-1926.jpg\" alt=\"\" class=\"wp-image-4017\" srcset=\"https:\/\/rakosliget.hu\/wordpress\/wp-content\/uploads\/2020\/01\/cserkesz-verseny-1926.jpg 917w, https:\/\/rakosliget.hu\/wordpress\/wp-content\/uploads\/2020\/01\/cserkesz-verseny-1926-300x292.jpg 300w, https:\/\/rakosliget.hu\/wordpress\/wp-content\/uploads\/2020\/01\/cserkesz-verseny-1926-768x748.jpg 768w\" sizes=\"auto, (max-width: 917px) 100vw, 917px\" \/><\/figure>\n<\/div>\n\n\n<figure class=\"wp-block-image size-full\"><img loading=\"lazy\" decoding=\"async\" width=\"698\" height=\"350\" src=\"https:\/\/rakosliget.hu\/wordpress\/wp-content\/uploads\/2024\/12\/1925_09_05_-6-oldal-CSERKESZEK.jpg\" alt=\"\" class=\"wp-image-14176\" srcset=\"https:\/\/rakosliget.hu\/wordpress\/wp-content\/uploads\/2024\/12\/1925_09_05_-6-oldal-CSERKESZEK.jpg 698w, https:\/\/rakosliget.hu\/wordpress\/wp-content\/uploads\/2024\/12\/1925_09_05_-6-oldal-CSERKESZEK-300x150.jpg 300w\" sizes=\"auto, (max-width: 698px) 100vw, 698px\" \/><figcaption class=\"wp-element-caption\">Nemzeti Sport 1925. 09. 05. 6. oldal <\/figcaption><\/figure>\n\n\n\n<h2 class=\"wp-block-heading\">1926<\/h2>\n\n\n<div class=\"wp-block-image\">\n<figure class=\"aligncenter size-full\"><img loading=\"lazy\" decoding=\"async\" width=\"744\" height=\"541\" src=\"https:\/\/rakosliget.hu\/wordpress\/wp-content\/uploads\/2025\/03\/Magyar-Cserkesz-1926-1926.-03.-01.-79.-oldal.jpg\" alt=\"\" class=\"wp-image-17123\" srcset=\"https:\/\/rakosliget.hu\/wordpress\/wp-content\/uploads\/2025\/03\/Magyar-Cserkesz-1926-1926.-03.-01.-79.-oldal.jpg 744w, https:\/\/rakosliget.hu\/wordpress\/wp-content\/uploads\/2025\/03\/Magyar-Cserkesz-1926-1926.-03.-01.-79.-oldal-300x218.jpg 300w\" sizes=\"auto, (max-width: 744px) 100vw, 744px\" \/><figcaption class=\"wp-element-caption\">Magyar Cserk\u00e9sz, 1926 1926. 03. 01. 79. oldal<\/figcaption><\/figure>\n<\/div>\n\n\n<p><strong>Nemzeti Cserk\u00e9sz Nagyt\u00e1bor<\/strong> 1926. augusztus<\/p>\n\n\n<div class=\"wp-block-image\">\n<figure class=\"aligncenter size-large\"><img loading=\"lazy\" decoding=\"async\" width=\"775\" height=\"1024\" src=\"https:\/\/rakosliget.hu\/wordpress\/wp-content\/uploads\/2025\/03\/Magyar-Cserkesz-1926.-augusztus-1.-249-775x1024.jpg\" alt=\"\" class=\"wp-image-17119\" srcset=\"https:\/\/rakosliget.hu\/wordpress\/wp-content\/uploads\/2025\/03\/Magyar-Cserkesz-1926.-augusztus-1.-249-775x1024.jpg 775w, https:\/\/rakosliget.hu\/wordpress\/wp-content\/uploads\/2025\/03\/Magyar-Cserkesz-1926.-augusztus-1.-249-227x300.jpg 227w, https:\/\/rakosliget.hu\/wordpress\/wp-content\/uploads\/2025\/03\/Magyar-Cserkesz-1926.-augusztus-1.-249-768x1015.jpg 768w, https:\/\/rakosliget.hu\/wordpress\/wp-content\/uploads\/2025\/03\/Magyar-Cserkesz-1926.-augusztus-1.-249-1163x1536.jpg 1163w, https:\/\/rakosliget.hu\/wordpress\/wp-content\/uploads\/2025\/03\/Magyar-Cserkesz-1926.-augusztus-1.-249-1550x2048.jpg 1550w, https:\/\/rakosliget.hu\/wordpress\/wp-content\/uploads\/2025\/03\/Magyar-Cserkesz-1926.-augusztus-1.-249-scaled.jpg 1938w\" sizes=\"auto, (max-width: 775px) 100vw, 775px\" \/><figcaption class=\"wp-element-caption\">Magyar Cserk\u00e9sz 1926. augusztus 1. 249. oldal<\/figcaption><\/figure>\n<\/div>\n\n\n<figure class=\"wp-block-image size-large\"><img loading=\"lazy\" decoding=\"async\" width=\"1024\" height=\"1002\" src=\"https:\/\/rakosliget.hu\/wordpress\/wp-content\/uploads\/2025\/03\/Magyar-Cserkesz-1926.-augusztus-1.-245-oldal-1024x1002.jpg\" alt=\"\" class=\"wp-image-17122\" srcset=\"https:\/\/rakosliget.hu\/wordpress\/wp-content\/uploads\/2025\/03\/Magyar-Cserkesz-1926.-augusztus-1.-245-oldal-1024x1002.jpg 1024w, https:\/\/rakosliget.hu\/wordpress\/wp-content\/uploads\/2025\/03\/Magyar-Cserkesz-1926.-augusztus-1.-245-oldal-300x294.jpg 300w, https:\/\/rakosliget.hu\/wordpress\/wp-content\/uploads\/2025\/03\/Magyar-Cserkesz-1926.-augusztus-1.-245-oldal-768x752.jpg 768w, https:\/\/rakosliget.hu\/wordpress\/wp-content\/uploads\/2025\/03\/Magyar-Cserkesz-1926.-augusztus-1.-245-oldal.jpg 1125w\" sizes=\"auto, (max-width: 1024px) 100vw, 1024px\" \/><figcaption class=\"wp-element-caption\">Magyar Cserk\u00e9sz 1926. augusztus 1. 245 oldal<\/figcaption><\/figure>\n\n\n\n<h2 class=\"wp-block-heading\">1928<\/h2>\n\n\n<div class=\"wp-block-image\">\n<figure class=\"aligncenter size-large\"><img loading=\"lazy\" decoding=\"async\" width=\"386\" height=\"1024\" src=\"https:\/\/rakosliget.hu\/wordpress\/wp-content\/uploads\/2025\/01\/1928_07_17_-9-oldal-cserkesz-386x1024.jpg\" alt=\"\" class=\"wp-image-14751\" srcset=\"https:\/\/rakosliget.hu\/wordpress\/wp-content\/uploads\/2025\/01\/1928_07_17_-9-oldal-cserkesz-386x1024.jpg 386w, https:\/\/rakosliget.hu\/wordpress\/wp-content\/uploads\/2025\/01\/1928_07_17_-9-oldal-cserkesz-113x300.jpg 113w, https:\/\/rakosliget.hu\/wordpress\/wp-content\/uploads\/2025\/01\/1928_07_17_-9-oldal-cserkesz-768x2036.jpg 768w, https:\/\/rakosliget.hu\/wordpress\/wp-content\/uploads\/2025\/01\/1928_07_17_-9-oldal-cserkesz-579x1536.jpg 579w, https:\/\/rakosliget.hu\/wordpress\/wp-content\/uploads\/2025\/01\/1928_07_17_-9-oldal-cserkesz-772x2048.jpg 772w, https:\/\/rakosliget.hu\/wordpress\/wp-content\/uploads\/2025\/01\/1928_07_17_-9-oldal-cserkesz.jpg 797w\" sizes=\"auto, (max-width: 386px) 100vw, 386px\" \/><figcaption class=\"wp-element-caption\">Nemzeti Sport 1928_07_17_ 9 oldal<\/figcaption><\/figure>\n<\/div>\n\n<div class=\"wp-block-image\">\n<figure class=\"aligncenter size-full\"><img loading=\"lazy\" decoding=\"async\" width=\"531\" height=\"800\" src=\"https:\/\/rakosliget.hu\/wordpress\/wp-content\/uploads\/2026\/02\/21993.jpg\" alt=\"\" class=\"wp-image-23255\" srcset=\"https:\/\/rakosliget.hu\/wordpress\/wp-content\/uploads\/2026\/02\/21993.jpg 531w, https:\/\/rakosliget.hu\/wordpress\/wp-content\/uploads\/2026\/02\/21993-199x300.jpg 199w\" sizes=\"auto, (max-width: 531px) 100vw, 531px\" \/><\/figure>\n<\/div>\n\n\n<h2 class=\"wp-block-heading\">1932<\/h2>\n\n\n<div class=\"wp-block-image\">\n<figure class=\"aligncenter size-large\"><a href=\"http:\/\/rakosliget.hu\/wordpress\/wp-content\/uploads\/2020\/11\/132-december-4-cserkeszek.jpg\"><img loading=\"lazy\" decoding=\"async\" width=\"511\" height=\"273\" src=\"http:\/\/rakosliget.hu\/wordpress\/wp-content\/uploads\/2020\/11\/132-december-4-cserkeszek.jpg\" alt=\"\" class=\"wp-image-6405\" srcset=\"https:\/\/rakosliget.hu\/wordpress\/wp-content\/uploads\/2020\/11\/132-december-4-cserkeszek.jpg 511w, https:\/\/rakosliget.hu\/wordpress\/wp-content\/uploads\/2020\/11\/132-december-4-cserkeszek-300x160.jpg 300w\" sizes=\"auto, (max-width: 511px) 100vw, 511px\" \/><\/a><figcaption class=\"wp-element-caption\">1932. december 4. Az Ujs\u00e1g<\/figcaption><\/figure>\n<\/div>\n\n\n<figure class=\"wp-block-image size-large\"><img loading=\"lazy\" decoding=\"async\" width=\"1024\" height=\"652\" src=\"https:\/\/rakosliget.hu\/wordpress\/wp-content\/uploads\/2023\/02\/jamboree-1024x652.jpg\" alt=\"\" class=\"wp-image-10992\" srcset=\"https:\/\/rakosliget.hu\/wordpress\/wp-content\/uploads\/2023\/02\/jamboree-1024x652.jpg 1024w, https:\/\/rakosliget.hu\/wordpress\/wp-content\/uploads\/2023\/02\/jamboree-300x191.jpg 300w, https:\/\/rakosliget.hu\/wordpress\/wp-content\/uploads\/2023\/02\/jamboree-768x489.jpg 768w, https:\/\/rakosliget.hu\/wordpress\/wp-content\/uploads\/2023\/02\/jamboree-1536x979.jpg 1536w, https:\/\/rakosliget.hu\/wordpress\/wp-content\/uploads\/2023\/02\/jamboree-2048x1305.jpg 2048w\" sizes=\"auto, (max-width: 1024px) 100vw, 1024px\" \/><figcaption class=\"wp-element-caption\">Forr\u00e1s: Magyar Cserk\u00e9sz, 1932 (13. \u00e9vfolyam, 1-24. sz\u00e1m)1932.08.01 15-16. sz\u00e1m<\/figcaption><\/figure>\n\n\n\n<figure class=\"wp-block-image size-full\"><img loading=\"lazy\" decoding=\"async\" width=\"800\" height=\"531\" src=\"https:\/\/rakosliget.hu\/wordpress\/wp-content\/uploads\/2025\/03\/2015-11-22_12-02-57.jpg\" alt=\"\" class=\"wp-image-17022\" srcset=\"https:\/\/rakosliget.hu\/wordpress\/wp-content\/uploads\/2025\/03\/2015-11-22_12-02-57.jpg 800w, https:\/\/rakosliget.hu\/wordpress\/wp-content\/uploads\/2025\/03\/2015-11-22_12-02-57-300x199.jpg 300w, https:\/\/rakosliget.hu\/wordpress\/wp-content\/uploads\/2025\/03\/2015-11-22_12-02-57-768x510.jpg 768w, https:\/\/rakosliget.hu\/wordpress\/wp-content\/uploads\/2025\/03\/2015-11-22_12-02-57-272x182.jpg 272w\" sizes=\"auto, (max-width: 800px) 100vw, 800px\" \/><figcaption class=\"wp-element-caption\">A pontos \u00e9vsz\u00e1m ismeretlen. 30-as \u00e9vek?<\/figcaption><\/figure>\n\n\n\n<hr class=\"wp-block-separator has-alpha-channel-opacity\"\/>\n\n\n\n<p>S\u00e1rosi B\u00e9la cserk\u00e9sz, a r\u00e1kosligeti 264. sz. Hunyadi J\u00e1nos Cserk\u00e9szcsapat tagja<\/p>\n\n\n\n<p>Forr\u00e1s: S\u00e1rosi csal\u00e1d tulajdona. S\u00e1rosi \u00c1gnes <\/p>\n\n\n\n<div data-wp-interactive=\"core\/file\" class=\"wp-block-file\"><object data-wp-bind--hidden=\"!state.hasPdfPreview\" hidden class=\"wp-block-file__embed\" data=\"https:\/\/rakosliget.hu\/wordpress\/wp-content\/uploads\/2024\/01\/Sarosi.pdf\" type=\"application\/pdf\" style=\"width:100%;height:600px\" aria-label=\"Sarosi be\u00e1gyaz\u00e1sa\"><\/object><a id=\"wp-block-file--media-4201f8c1-80cc-465e-b864-dbd9087d9a37\" href=\"https:\/\/rakosliget.hu\/wordpress\/wp-content\/uploads\/2024\/01\/Sarosi.pdf\">Sarosi<\/a><a href=\"https:\/\/rakosliget.hu\/wordpress\/wp-content\/uploads\/2024\/01\/Sarosi.pdf\" class=\"wp-block-file__button wp-element-button\" download aria-describedby=\"wp-block-file--media-4201f8c1-80cc-465e-b864-dbd9087d9a37\">Let\u00f6lt\u00e9s<\/a><\/div>\n\n\n\n<div data-wp-interactive=\"core\/file\" class=\"wp-block-file\"><object data-wp-bind--hidden=\"!state.hasPdfPreview\" hidden class=\"wp-block-file__embed\" data=\"https:\/\/rakosliget.hu\/wordpress\/wp-content\/uploads\/2024\/02\/Sarosi-Bela-naplo_reduce-small.pdf\" type=\"application\/pdf\" style=\"width:100%;height:600px\" aria-label=\"S\u00e1rosi-B\u00e9la-napl\u00f3 be\u00e1gyaz\u00e1sa\"><\/object><a id=\"wp-block-file--media-0790a3ab-68ee-48cf-afc1-2d5f94485609\" href=\"https:\/\/rakosliget.hu\/wordpress\/wp-content\/uploads\/2024\/02\/Sarosi-Bela-naplo_reduce-small.pdf\">S\u00e1rosi-B\u00e9la-napl\u00f3<\/a><a href=\"https:\/\/rakosliget.hu\/wordpress\/wp-content\/uploads\/2024\/02\/Sarosi-Bela-naplo_reduce-small.pdf\" class=\"wp-block-file__button wp-element-button\" download aria-describedby=\"wp-block-file--media-0790a3ab-68ee-48cf-afc1-2d5f94485609\">Let\u00f6lt\u00e9s<\/a><\/div>\n\n\n\n<p><a href=\"#Eleje\">VISSZA A LAP TETEJ\u00c9RE<\/a><\/p>\n\n\n\n<div class=\"wp-block-buttons is-content-justification-center is-layout-flex wp-container-core-buttons-is-layout-16018d1d wp-block-buttons-is-layout-flex\">\n<div class=\"wp-block-button\"><a class=\"wp-block-button__link wp-element-button\" href=\"https:\/\/rakosliget.hu\/wordpress\/index.php\/1900-1948-kozott-rakosligeten-mukodott-egyesuletek\/\">Vissza az Egyes\u00fcletek lapra<\/a><\/div>\n<\/div>\n","protected":false},"excerpt":{"rendered":"<p>A csapat alap\u00edt\u00e1sa 1923. \u00e1prilis 9-\u00e9n t\u00f6rt\u00e9nt. M\u0171k\u00f6d\u00e9s\u00fcket az \u00c1llami Elemi Iskola alagsor\u00e1ban kezdt\u00e9k. 1948. augusztus 31-\u00e9n megsz\u00fcntett\u00e9k. 1989. m\u00e1jus 12-\u00e9n \u00fajj\u00e1szervezt\u00e9k. &nbsp; Csapatparancsnokok voltak: 1923 &#8211; 1924 K\u00e1d\u00e1r Gyula 1925 &#8211; 1927 S\u00e1rk\u00e1ny L\u00f3r\u00e1nd 1927 &#8211; 1935 L\u00e1ng Gyula 1936 &#8211; 1944 P\u00e1ncz\u00e9l Gyula 1945 V\u00e9gv\u00e1ri D\u00e9nes 1946 &#8211; 1948 Kov\u00e1cs Istv\u00e1n 1989 &#8211; &hellip; <a href=\"https:\/\/rakosliget.hu\/wordpress\/index.php\/cserkeszet-a-rakosligeti-264-sz-hunyadi-janos-cserkeszcsapat\/\" class=\"more-link\"><span class=\"screen-reader-text\">Cserk\u00e9szet- A r\u00e1kosligeti 264. sz. Hunyadi J\u00e1nos Cserk\u00e9szcsapat<\/span> r\u00e9szletei&#8230;<\/a><\/p>\n","protected":false},"author":1,"featured_media":0,"parent":0,"menu_order":0,"comment_status":"closed","ping_status":"closed","template":"","meta":{"footnotes":""},"class_list":["post-567","page","type-page","status-publish","hentry"],"_links":{"self":[{"href":"https:\/\/rakosliget.hu\/wordpress\/index.php\/wp-json\/wp\/v2\/pages\/567","targetHints":{"allow":["GET"]}}],"collection":[{"href":"https:\/\/rakosliget.hu\/wordpress\/index.php\/wp-json\/wp\/v2\/pages"}],"about":[{"href":"https:\/\/rakosliget.hu\/wordpress\/index.php\/wp-json\/wp\/v2\/types\/page"}],"author":[{"embeddable":true,"href":"https:\/\/rakosliget.hu\/wordpress\/index.php\/wp-json\/wp\/v2\/users\/1"}],"replies":[{"embeddable":true,"href":"https:\/\/rakosliget.hu\/wordpress\/index.php\/wp-json\/wp\/v2\/comments?post=567"}],"version-history":[{"count":25,"href":"https:\/\/rakosliget.hu\/wordpress\/index.php\/wp-json\/wp\/v2\/pages\/567\/revisions"}],"predecessor-version":[{"id":23256,"href":"https:\/\/rakosliget.hu\/wordpress\/index.php\/wp-json\/wp\/v2\/pages\/567\/revisions\/23256"}],"wp:attachment":[{"href":"https:\/\/rakosliget.hu\/wordpress\/index.php\/wp-json\/wp\/v2\/media?parent=567"}],"curies":[{"name":"wp","href":"https:\/\/api.w.org\/{rel}","templated":true}]}}