{"id":564,"date":"2018-03-11T04:22:22","date_gmt":"2018-03-11T03:22:22","guid":{"rendered":"http:\/\/rakosliget.hu\/wordpress\/?page_id=564"},"modified":"2026-02-06T12:21:14","modified_gmt":"2026-02-06T11:21:14","slug":"1900-1948-kozott-rakosligeten-mukodott-egyesuletek","status":"publish","type":"page","link":"https:\/\/rakosliget.hu\/wordpress\/index.php\/1900-1948-kozott-rakosligeten-mukodott-egyesuletek\/","title":{"rendered":"EGYES\u00dcLETEK"},"content":{"rendered":"\n<p><\/p>\n\n\n\n<h1 class=\"wp-block-heading\">R\u00e1kosligeten m\u0171k\u00f6d\u00f6tt egyes\u00fcletek 1900 &#8211; 1948<\/h1>\n\n\n\n<h3 class=\"wp-block-heading\">Egyes\u00fclet neve&nbsp; &nbsp; &nbsp; &nbsp; &nbsp; &nbsp; &nbsp; &nbsp;T\u00edpusa&nbsp;&nbsp;&nbsp;&nbsp;&nbsp;&nbsp;&nbsp;&nbsp;&nbsp;&nbsp; Hely&nbsp;&nbsp;&nbsp;&nbsp;&nbsp;&nbsp; Id\u0151<\/h3>\n\n\n\n<div class=\"wp-block-buttons is-content-justification-space-between is-layout-flex wp-container-core-buttons-is-layout-3d213aab wp-block-buttons-is-layout-flex\">\n<div class=\"wp-block-button\"><a class=\"wp-block-button__link wp-element-button\">\u00c1ltal\u00e1nos  Ipartest\u00fclet&nbsp; <br>szakmai&nbsp;&nbsp;&nbsp;&nbsp;&nbsp;&nbsp;&nbsp;&nbsp;&nbsp;&nbsp;&nbsp;&nbsp;&nbsp;&nbsp;&nbsp;&nbsp;&nbsp;1927.<\/a><\/div>\n<\/div>\n\n\n\n<p><\/p>\n\n\n\n<div class=\"wp-block-buttons is-layout-flex wp-block-buttons-is-layout-flex\">\n<div class=\"wp-block-button\"><a class=\"wp-block-button__link wp-element-button\" href=\"https:\/\/rakosliget.hu\/wordpress\/index.php\/cserkeszet-a-rakosligeti-264-sz-hunyadi-janos-cserkeszcsapat\/\">Cserk\u00e9szet- A r\u00e1kosligeti 264. sz. Hunyadi J\u00e1nos Cserk\u00e9szcsapat<\/a><\/div>\n<\/div>\n\n\n\n<p><\/p>\n\n\n\n<div class=\"wp-block-buttons is-layout-flex wp-block-buttons-is-layout-flex\">\n<div class=\"wp-block-button\"><a class=\"wp-block-button__link wp-element-button\">&#8222;Chevra Kadisa&#8221; Izraelita Szentegylet&nbsp; &nbsp; &nbsp; &nbsp; &nbsp; &nbsp; &nbsp; &nbsp; &nbsp; <br>eg\u00e9szs\u00e9g\u00fcgyi&nbsp;&nbsp;&nbsp;&nbsp;&nbsp;&nbsp;&nbsp; 1936.07.21.<\/a><\/div>\n<\/div>\n\n\n\n<p><\/p>\n\n\n\n<div class=\"wp-block-buttons is-layout-flex wp-block-buttons-is-layout-flex\">\n<div class=\"wp-block-button\"><a class=\"wp-block-button__link wp-element-button\" href=\"https:\/\/rakosliget.hu\/wordpress\/index.php\/rakosligeti-dal-es-zenekor\/\">Dal \u00e9s Zene K\u00f6r&nbsp; &nbsp; &nbsp; &nbsp; &nbsp; &nbsp; &nbsp; &nbsp; &nbsp; &nbsp; &nbsp; &nbsp; &nbsp; &nbsp;t\u00e1rsas k\u00f6r<\/a><\/div>\n<\/div>\n\n\n\n<p><\/p>\n\n\n\n<div class=\"wp-block-buttons is-layout-flex wp-block-buttons-is-layout-flex\">\n<div class=\"wp-block-button\"><a class=\"wp-block-button__link wp-element-button\" href=\"https:\/\/rakosliget.hu\/wordpress\/index.php\/ebredo-magyarok-egyesulete\/\">Demokrata  K\u00f6r&nbsp; &nbsp; &nbsp; &nbsp; &nbsp; &nbsp; &nbsp; &nbsp; &nbsp; &nbsp; &nbsp; &nbsp; &nbsp; &nbsp; &nbsp; &nbsp; &nbsp; &nbsp; &nbsp;politikai<\/a><\/div>\n<\/div>\n\n\n\n<p><\/p>\n\n\n\n<div class=\"wp-block-buttons is-layout-flex wp-block-buttons-is-layout-flex\">\n<div class=\"wp-block-button\"><a class=\"wp-block-button__link wp-element-button\" href=\"https:\/\/rakosliget.hu\/wordpress\/index.php\/ebredo-magyarok-egyesulete\/\">\u00c9bred\u0151 Magyarok <br>Egyes\u00fclete<\/a><\/div>\n<\/div>\n\n\n\n<h3 class=\"wp-block-heading\"><a href=\"http:\/\/rakosliget.hu\/wordpress\/wp-content\/uploads\/2020\/10\/1905-szeptember-28-fuggetlen-olvasokor-alapszabaly.jpg\">&nbsp;F\u00fcggetlens\u00e9gi<\/a><br>Olvas\u00f3k\u00f6r&nbsp; &nbsp; &nbsp; &nbsp; &nbsp; &nbsp; &nbsp; &nbsp; &nbsp; &nbsp; &nbsp; &nbsp; &nbsp;t\u00e1rsas k\u00f6r&nbsp; &nbsp; &nbsp; &nbsp; &nbsp;1905. 09. 02.<\/h3>\n\n\n\n<h3 class=\"wp-block-heading\"><a href=\"https:\/\/rakosliget.hu\/wordpress\/index.php\/rakosligeti-hadviselt-katonak-szovetsege\/\">Hadviselt <\/a><br><a href=\"https:\/\/rakosliget.hu\/wordpress\/index.php\/rakosligeti-hadviselt-katonak-szovetsege\/\">Katon\u00e1k<\/a><br><a href=\"https:\/\/rakosliget.hu\/wordpress\/index.php\/rakosligeti-hadviselt-katonak-szovetsege\/\">Sz\u00f6vets\u00e9ge<\/a><\/h3>\n\n\n\n<h3 class=\"wp-block-heading\">Hal\u00e1loz\u00e1si <br>Seg\u00e9ly Egyes\u00fclet&nbsp; &nbsp; &nbsp; \u00f6nseg\u00e9lyez\u0151&nbsp; &nbsp; &nbsp; &nbsp;1908.01.26.<\/h3>\n\n\n\n<h3 class=\"wp-block-heading\">Iskola <br>Egyes\u00fclet&nbsp; &nbsp; &nbsp; &nbsp; &nbsp; &nbsp; &nbsp; &nbsp; &nbsp; &nbsp; &nbsp;kultur\u00e1lis<\/h3>\n\n\n\n<h3 class=\"wp-block-heading\"><a href=\"http:\/\/rakosliget.hu\/wordpress\/wp-content\/uploads\/2020\/11\/Rakosligeti-irodalmi-kor-1912-februar-11-.jpg\">Irodalmi <br>K\u00f6r<\/a>&nbsp; &nbsp; &nbsp; &nbsp; &nbsp; &nbsp; &nbsp; &nbsp; &nbsp; &nbsp; &nbsp; &nbsp; &nbsp; &nbsp; &nbsp; &nbsp;kultur\u00e1lis<\/h3>\n\n\n\n<h3 class=\"wp-block-heading\">Katolikus <br>K\u00f6r&nbsp; &nbsp; &nbsp; &nbsp; &nbsp; &nbsp; &nbsp; &nbsp; &nbsp; &nbsp; &nbsp; &nbsp; &nbsp;vall\u00e1si&nbsp;&nbsp;&nbsp;&nbsp;&nbsp;&nbsp;&nbsp;&nbsp;&nbsp;&nbsp;&nbsp; XV. u.,1938.05.08.<\/h3>\n\n\n\n<h3 class=\"wp-block-heading\"><a href=\"http:\/\/rakosliget.hu\/wordpress\/index.php\/romai-katolikus-novedo-egyesulet\/\">Katolikus <br>N\u0151v\u00e9d\u0151 \u00e9s Le\u00e1nyok<br>Egyes\u00fclete<\/a>&nbsp;&nbsp; &nbsp; &nbsp; &nbsp; &nbsp; &nbsp; &nbsp; &nbsp; &nbsp; &nbsp; &nbsp; &nbsp; vall\u00e1si<\/h3>\n\n\n\n<h3 class=\"wp-block-heading\"><a href=\"http:\/\/rakosliget.hu\/wordpress\/wp-content\/uploads\/2020\/11\/1914-marcius-19-kat-leanyegylet-alapszabaly.jpg\">Katolikus <br>Le\u00e1nyok Egyes\u00fclete<\/a>&nbsp; &nbsp; &nbsp; vall\u00e1si&nbsp;&nbsp;&nbsp;&nbsp;&nbsp;&nbsp;&nbsp;&nbsp; 1914. m\u00e1rcius<\/h3>\n\n\n\n<h3 class=\"wp-block-heading\">Keresked\u0151k<br>\u00e9s Iparosok K\u00f6re&nbsp; &nbsp; &nbsp; &nbsp; &nbsp; &nbsp; \u00f6nk\u00e9pz\u0151&nbsp; &nbsp; &nbsp; &nbsp; &nbsp; 1922.12.17.<\/h3>\n\n\n\n<h3 class=\"wp-block-heading\">Kiskeresked\u0151k<br>Egyes\u00fclete&nbsp; &nbsp; &nbsp; &nbsp; &nbsp; &nbsp; &nbsp; &nbsp; &nbsp; &nbsp; &nbsp;szakmai<\/h3>\n\n\n\n<h3 class=\"wp-block-heading\">K\u00f6zm\u0171vel\u0151d\u00e9si<br>K\u00f6r&nbsp; &nbsp; &nbsp; &nbsp; &nbsp; &nbsp; &nbsp; &nbsp; &nbsp; &nbsp; &nbsp; &nbsp; &nbsp; &nbsp; &nbsp; &nbsp; &nbsp; &nbsp;kultur\u00e1lis<\/h3>\n\n\n\n<h3 class=\"wp-block-heading\"><a href=\"http:\/\/rakosliget.hu\/wordpress\/index.php\/levente-egyesulet\/\">Levente <br>Egyes\u00fclet<\/a>&nbsp; &nbsp; &nbsp; &nbsp; &nbsp; &nbsp; &nbsp; &nbsp; &nbsp; &nbsp; &nbsp; &nbsp;ifj\u00fas\u00e1gi&nbsp; &nbsp; &nbsp; &nbsp; &nbsp; 1925.08.26.<\/h3>\n\n\n\n<h3 class=\"wp-block-heading\">L\u00e9goltalmi Liga&nbsp;&nbsp;&nbsp;&nbsp;&nbsp;&nbsp;&nbsp;&nbsp;&nbsp;&nbsp;&nbsp;&nbsp;&nbsp;&nbsp;&nbsp;&nbsp;&nbsp;&nbsp;&nbsp;&nbsp; <br>&nbsp; &nbsp; &nbsp; &nbsp; &nbsp; &nbsp; &nbsp; &nbsp; &nbsp; &nbsp; &nbsp; &nbsp; &nbsp; &nbsp; &nbsp; &nbsp; &nbsp; &nbsp; &nbsp; &nbsp; &nbsp; &nbsp; &nbsp;egy\u00e9b&nbsp; &nbsp; &nbsp; &nbsp; &nbsp; &nbsp; &nbsp; 1938.01.26.<\/h3>\n\n\n\n<h3 class=\"wp-block-heading\"><a href=\"https:\/\/rakosliget.hu\/wordpress\/index.php\/rakosligeti-lovesz-egyesulet\/\">L\u00f6v\u00e9sz Egyes\u00fclet<\/a><\/h3>\n\n\n\n<h3 class=\"wp-block-heading subHeader\"><span class=\"bodyText1\"><a href=\"https:\/\/rakosliget.hu\/wordpress\/index.php\/magyar-tuzharcos-szovetseg\/\">Magyar T\u0171zharcos <\/a><br>Sz\u00f6vets\u00e9g&nbsp; &nbsp; &nbsp; &nbsp; &nbsp; &nbsp; &nbsp; &nbsp; &nbsp; &nbsp; &nbsp; &nbsp; &nbsp; &nbsp; &nbsp; &nbsp; &nbsp; &nbsp; &nbsp; &nbsp; &nbsp; &nbsp; &nbsp; &nbsp; &nbsp; &nbsp; &nbsp; &nbsp; 1938<\/span><\/h3>\n\n\n\n<h3 class=\"wp-block-heading\">Munk\u00e1s Otthon Ifj\u00fas\u00e1gi<br>K\u00f6r&nbsp; &nbsp; &nbsp; &nbsp; &nbsp; &nbsp; &nbsp; &nbsp; &nbsp; &nbsp; &nbsp; &nbsp; &nbsp; &nbsp; &nbsp; &nbsp; &nbsp; &nbsp; &nbsp; t\u00e1rsas k\u00f6r<\/h3>\n\n\n\n<h3 class=\"wp-block-heading\"><a href=\"http:\/\/rakosliget.hu\/wordpress\/wp-content\/uploads\/2020\/11\/1909-nivember-23-mukedvelo-ifjak-kore-1.jpg\">M\u0171kedvel\u0151 Ifjak K\u00f6re <\/a>&nbsp; m\u0171v\u00e9szeti k\u00f6r<\/h3>\n\n\n\n<h3 class=\"wp-block-heading\"><a href=\"http:\/\/rakosliget.hu\/wordpress\/index.php\/orszagos-frontharcos-szovetseg\">Orsz\u00e1gos Frontharcos <br>Sz\u00f6vets\u00e9g <\/a>R\u00e1kosligeti <br>Csoportja&nbsp; &nbsp; &nbsp; &nbsp; &nbsp; &nbsp; &nbsp; &nbsp; &nbsp; &nbsp; &nbsp; &nbsp; &nbsp; &nbsp;bajt\u00e1rsi&nbsp; &nbsp; &nbsp; &nbsp; &nbsp; &nbsp; 1934.01.07<\/h3>\n\n\n\n<h3 class=\"wp-block-heading\"><a href=\"http:\/\/rakosliget.hu\/kepgaleriak\/indexktuzoltotestulett.html\">\u00d6nk\u00e9ntes <\/a><br>T\u0171zolt\u00f3test\u00fclet&nbsp; &nbsp; &nbsp; &nbsp; &nbsp; &nbsp; &nbsp; &nbsp; szakmai&nbsp;&nbsp;&nbsp;&nbsp;&nbsp;&nbsp;&nbsp;&nbsp;&nbsp;&nbsp;&nbsp;&nbsp;&nbsp;&nbsp;&nbsp;&nbsp; 1908.<\/h3>\n\n\n\n<h3 class=\"wp-block-heading\"><a href=\"http:\/\/rakosliget.hu\/wordpress\/index.php\/rakosligeti-polgari-kor\/\">&nbsp;Polg\u00e1ri K\u00f6r<\/a>&nbsp; &nbsp;t\u00e1rsas k\u00f6r&nbsp; &nbsp; &nbsp; &nbsp;1903.<\/h3>\n\n\n\n<h3 class=\"wp-block-heading\"><a href=\"http:\/\/rakosliget.hu\/wordpress\/index.php\/sportelet-rakosligeten\/\">R\u00e1kosligeti Atl\u00e9tikai <br>Club<\/a>&nbsp; &nbsp; &nbsp; &nbsp; &nbsp; &nbsp; &nbsp; &nbsp; &nbsp; &nbsp; &nbsp; &nbsp; &nbsp; &nbsp; &nbsp; &nbsp; &nbsp; &nbsp; &nbsp; sport&nbsp; &nbsp; &nbsp; &nbsp; &nbsp; &nbsp; &nbsp; &nbsp; 1912.07.14.<\/h3>\n\n\n\n<h3 class=\"wp-block-heading\">R\u00e1kosligeti Egyletek, <br>Kaszin\u00f3k, <a href=\"http:\/\/rakosliget.hu\/wordpress\/index.php\/takarekpenztar\/\">Takar\u00e9kp\u00e9nzt\u00e1rak<\/a><br>nyilv\u00e1ntart\u00e1sa<\/h3>\n\n\n\n<h3 class=\"wp-block-heading\"><a href=\"https:\/\/rakosliget.hu\/wordpress\/index.php\/sportelet-rakosligeten\/\">R\u00e1kosligeti Sport Club<\/a>&nbsp; &nbsp; &nbsp; sport<\/h3>\n\n\n\n<h3 class=\"wp-block-heading\"><a href=\"http:\/\/rakosliget.hu\/kepgaleriak\/indexrue.html\">R\u00e1kosligeti \u00dasz\u00f3 <br>Egyes\u00fclet<\/a>&nbsp; &nbsp; &nbsp; &nbsp; &nbsp; &nbsp; &nbsp; &nbsp; &nbsp; &nbsp; &nbsp; &nbsp; &nbsp; &nbsp; &nbsp;sport&nbsp; &nbsp; &nbsp; &nbsp; &nbsp; &nbsp; &nbsp; &nbsp; &nbsp; &nbsp; 1911.<\/h3>\n\n\n\n<h3 class=\"wp-block-heading\">R\u00e1kosliget \u00e9s Vid\u00e9ke <br>Izraelita N\u0151egylet&nbsp; &nbsp; &nbsp; &nbsp; &nbsp; &nbsp;seg\u00e9lyez\u0151&nbsp; &nbsp; &nbsp; &nbsp; &nbsp; &nbsp; &nbsp;1910.&nbsp; &nbsp;<\/h3>\n\n\n\n<h3 class=\"wp-block-heading\"><a href=\"http:\/\/rakosliget.hu\/wordpress\/wp-content\/uploads\/2020\/11\/1910-december-1-izraelita-noegylet-alapszabaly-1.jpg\">R\u00e1kosliget \u00e9s Vid\u00e9ke <br>Izraelita N\u0151egylet<\/a>&nbsp; &nbsp; &nbsp; &nbsp; &nbsp; vall\u00e1si&nbsp;&nbsp;&nbsp;&nbsp;&nbsp;&nbsp;&nbsp;&nbsp;&nbsp;&nbsp;&nbsp;&nbsp;&nbsp;&nbsp; 1910. 12.01.<\/h3>\n\n\n\n<h3 class=\"wp-block-heading\">Egyes\u00fclet&nbsp; &nbsp; &nbsp; &nbsp; &nbsp; &nbsp; &nbsp; &nbsp; &nbsp; &nbsp; &nbsp; &nbsp; &nbsp; &nbsp; t\u00e1rsas k\u00f6r&nbsp; &nbsp;<\/h3>\n\n\n\n<h3 class=\"wp-block-heading\"><a href=\"http:\/\/rakosliget.hu\/wordpress\/index.php\/stefania-szovetseg\/\">Stef\u00e1nia <br>Fi\u00f3ksz\u00f6vets\u00e9g&nbsp;<\/a>&nbsp; &nbsp; &nbsp; &nbsp; &nbsp; &nbsp; &nbsp; eg\u00e9szs\u00e9g\u00fcgyi&nbsp; &nbsp;1938.12.14.<\/h3>\n\n\n\n<h3 class=\"wp-block-heading\"><a href=\"http:\/\/rakosliget.hu\/wordpress\/wp-content\/uploads\/2020\/02\/madarvedo-egyesulet-bejegyzese-1911-febru\u00e1r-28.jpg\">Sz\u00e9p\u00e9szeti \u00e9s <br>Mad\u00e1rv\u00e9d\u0151 <\/a><a href=\"http:\/\/rakosliget.hu\/wordpress\/wp-content\/uploads\/2020\/02\/madarvedo-egyesulet-bejegyzese-1911-febru\u00e1r-28.jpg\">Egyes\u00fclet<\/a>&nbsp; &nbsp;v\u00e1rossz\u00e9p\u00edt\u0151&nbsp; &nbsp; &nbsp; &nbsp;1911.<\/h3>\n\n\n\n<h3 class=\"wp-block-heading\"><a href=\"http:\/\/rakosliget.hu\/wordpress\/wp-content\/uploads\/2020\/11\/1909-januar-28-halalozasi-segelyetlet-mukodes-lattamozasa.jpg\">&nbsp;Temetkez\u00e9si<\/a><br><a href=\"http:\/\/rakosliget.hu\/wordpress\/wp-content\/uploads\/2020\/11\/1909-januar-28-halalozasi-segelyetlet-mukodes-lattamozasa.jpg\">Seg\u00e9lyegyes\u00fclet&nbsp;<\/a> &nbsp; &nbsp; &nbsp; &nbsp; &nbsp; &nbsp;\u00f6nseg\u00e9lyez\u0151 &nbsp; &nbsp; &nbsp;&nbsp;&nbsp;&nbsp;&nbsp;&nbsp;&nbsp;&nbsp; 1930.<\/h3>\n\n\n\n<h3 class=\"wp-block-heading\"><a href=\"http:\/\/rakosliget.hu\/kepgaleriak\/indexturul.html\">&#8222;Turul&#8221; Sz\u00f6vets\u00e9g <br>R\u00e1kosligeti Hunyadi <br>J\u00e1nos Bajt\u00e1rsi T\u00f6rzs<\/a>&nbsp; &nbsp; &nbsp; &nbsp; &nbsp; &nbsp; ifj\u00fas\u00e1gi&nbsp; &nbsp; &nbsp; &nbsp; 1933.01.06<\/h3>\n\n\n\n<h3 class=\"wp-block-heading\">&nbsp; &nbsp; &nbsp; &nbsp; &nbsp; &nbsp; &nbsp; &nbsp; <a href=\"https:\/\/rakosliget.hu\/wordpress\/index.php\/turul-szovetseg\/\">&nbsp;TURUL SZ\u00d6VETS\u00c9G KULTURT\u00c1BOR<\/a><\/h3>\n\n\n\n<h3 class=\"wp-block-heading\"><a href=\"http:\/\/rakosliget.hu\/wordpress\/index.php\/sportelet-rakosligeten\/\">MOVE R\u00e1kosligeti <\/a><br>T\u00e1rsadalmi \u00e9s<br>Sport Egyes\u00fclet&nbsp; &nbsp; &nbsp; &nbsp; &nbsp; &nbsp; &nbsp; &nbsp; &nbsp; sport&nbsp; &nbsp; &nbsp; &nbsp; &nbsp; &nbsp; 1934.12.04.<\/h3>\n\n\n\n<h3 class=\"wp-block-heading\">V\u00f6r\u00f6skereszt Fi\u00f3kegylet<br>tagjainak Temetkez\u00e9si<br>Seg\u00e9lyegyes\u00fclete&nbsp; &nbsp; &nbsp; &nbsp; &nbsp; &nbsp;\u00f6nseg\u00e9lyez\u0151&nbsp; &nbsp; 1930.04.27.<\/h3>\n\n\n\n<h3 class=\"wp-block-heading\"><a href=\"http:\/\/rakosliget.hu\/wordpress\/index.php\/voroskereszt\/\">V\u00f6r\u00f6skereszt<\/a><br>Egyes\u00fclet&nbsp; &nbsp; &nbsp; &nbsp; &nbsp; &nbsp; &nbsp; &nbsp; &nbsp; &nbsp; &nbsp; &nbsp; &nbsp; j\u00f3t\u00e9konys\u00e1gi<\/h3>\n\n\n\n<h3 class=\"wp-block-heading\"><a href=\"http:\/\/rakosliget.hu\/wordpress\/index.php\/rakosligeti-zenekar-egyesulet\/\">R\u00e1kosligeti Zenekar<\/a><\/h3>\n\n\n\n<h3 class=\"wp-block-heading\">R\u00e1koskereszt\u00fari <br>Munk\u00e1s Otthon <br>T\u00e1rsask\u00f6r&nbsp; &nbsp; &nbsp; &nbsp; &nbsp; &nbsp;<figure><img loading=\"lazy\" decoding=\"async\" class=\"alignnone size-medium wp-image-4389\" src=\"http:\/\/rakosliget.hu\/wordpress\/wp-content\/uploads\/2020\/01\/rakoskereszt\u00far-tarsask\u00f6r-1901-300x25.jpg\" alt=\"\" width=\"300\" height=\"25\" srcset=\"https:\/\/rakosliget.hu\/wordpress\/wp-content\/uploads\/2020\/01\/rakoskereszt\u00far-tarsask\u00f6r-1901-300x25.jpg 300w, https:\/\/rakosliget.hu\/wordpress\/wp-content\/uploads\/2020\/01\/rakoskereszt\u00far-tarsask\u00f6r-1901.jpg 697w\" sizes=\"auto, (max-width: 300px) 100vw, 300px\" \/><\/figure><\/h3>\n\n\n\n<p>R\u00e1kos Vid\u00e9ke 1. sz\u00e1m 1901. m\u00e1jus 12.<\/p>\n\n\n\n<hr class=\"wp-block-separator has-alpha-channel-opacity\"\/>\n\n\n\n<p>A d\u00f6nt\u0151en a Horthy-koszakban alap\u00edtott egyes\u00fcletek, p\u00e1rtok \u00e9s szervezetek felsz\u00e1mol\u00e1sa azt mutatja, hogy ezen szervezetek c\u00e9ljainak, tev\u00e9kenys\u00e9g\u00e9nek, t\u00e1rsadalmi b\u00e1zis\u00e1nak meg\u00edt\u00e9l\u00e9se egybeesett mind az antifasiszta<br>koal\u00edci\u00f3 fegyversz\u00fcneti szerz\u0151d\u00e9sbe foglalt elv\u00e1r\u00e1saival, mind a<br>n\u00e9pi demokratikus forradalom sor\u00e1n radikaliz\u00e1l\u00f3d\u00f3 munk\u00e1sp\u00e1rti \u00e1ll\u00e1sponttal.<br>A legnegat\u00edvabban \u00e9rt\u00e9kelt, fasiszt\u00e1nak min\u0151s\u00edtett szervezetek<br>felsz\u00e1mol\u00e1sa egyben nemzetk\u00f6zileg is el\u0151\u00edrt k\u00f6telezetts\u00e9g volt, ellenben a<br>t\u00f6bbi szervezet felsz\u00e1mol\u00e1sa a nemzetk\u00f6zi viszonyokban bek\u00f6vetkezett<br>m\u00f3dosul\u00e1sok hat\u00e1s\u00e1nak is kitett belpolitikai helyzetben a n\u00e9pi demokratikus<br>\u00e1talakul\u00e1s ig\u00e9ny\u00e9t szem el\u0151tt tartva zajlott le.<\/p>\n\n\n\n<figure class=\"wp-block-image size-full\"><img loading=\"lazy\" decoding=\"async\" width=\"1488\" height=\"368\" src=\"https:\/\/rakosliget.hu\/wordpress\/wp-content\/uploads\/2025\/12\/szervezetek-feloszlatasa.jpg\" alt=\"\" class=\"wp-image-20244\" srcset=\"https:\/\/rakosliget.hu\/wordpress\/wp-content\/uploads\/2025\/12\/szervezetek-feloszlatasa.jpg 1488w, https:\/\/rakosliget.hu\/wordpress\/wp-content\/uploads\/2025\/12\/szervezetek-feloszlatasa-300x74.jpg 300w, https:\/\/rakosliget.hu\/wordpress\/wp-content\/uploads\/2025\/12\/szervezetek-feloszlatasa-768x190.jpg 768w\" sizes=\"auto, (max-width: 1488px) 100vw, 1488px\" \/><\/figure>\n\n\n\n<p>Ha csak a sz\u00e1mok alapj\u00e1n \u00e9rt\u00e9kelj\u00fck a t\u00e1bl\u00e1zatot, akkor kit\u0171nik, hogy egyszer, Albertfalv\u00e1n\u00e1l, az ar\u00e1ny egyenl\u0151, hat esetben (Budat\u00e9t\u00e9ny, R\u00e1koshegy, R\u00e1kosliget, R\u00e1kosszentmih\u00e1ly, Soroks\u00e1r \u00e9s \u00dajpest40) t\u00f6bb volt a feloszlatott fasiszta szervezet a nem fasiszt\u00e1n\u00e1l.<br>Forr\u00e1s: ZINNER TIBOR: AZ EGYES\u00dcLETEK, P\u00c1RTOK FELOSZLAT\u00c1SA BUDAPESTEN 1945 \u00c9S 1948 K\u00d6Z\u00d6TT<br>83 &#8211; 84. oldalak<\/p>\n","protected":false},"excerpt":{"rendered":"<p>R\u00e1kosligeten m\u0171k\u00f6d\u00f6tt egyes\u00fcletek 1900 &#8211; 1948 Egyes\u00fclet neve&nbsp; &nbsp; &nbsp; &nbsp; &nbsp; &nbsp; &nbsp; &nbsp;T\u00edpusa&nbsp;&nbsp;&nbsp;&nbsp;&nbsp;&nbsp;&nbsp;&nbsp;&nbsp;&nbsp; Hely&nbsp;&nbsp;&nbsp;&nbsp;&nbsp;&nbsp; Id\u0151 &nbsp;F\u00fcggetlens\u00e9giOlvas\u00f3k\u00f6r&nbsp; &nbsp; &nbsp; &nbsp; &nbsp; &nbsp; &nbsp; &nbsp; &nbsp; &nbsp; &nbsp; &nbsp; &nbsp;t\u00e1rsas k\u00f6r&nbsp; &nbsp; &nbsp; &nbsp; &nbsp;1905. 09. 02. Hadviselt Katon\u00e1kSz\u00f6vets\u00e9ge Hal\u00e1loz\u00e1si Seg\u00e9ly Egyes\u00fclet&nbsp; &nbsp; &nbsp; \u00f6nseg\u00e9lyez\u0151&nbsp; &nbsp; &nbsp; &nbsp;1908.01.26. Iskola Egyes\u00fclet&nbsp; &nbsp; &nbsp; &nbsp; &nbsp; &nbsp; &hellip; <a href=\"https:\/\/rakosliget.hu\/wordpress\/index.php\/1900-1948-kozott-rakosligeten-mukodott-egyesuletek\/\" class=\"more-link\"><span class=\"screen-reader-text\">EGYES\u00dcLETEK<\/span> r\u00e9szletei&#8230;<\/a><\/p>\n","protected":false},"author":1,"featured_media":0,"parent":0,"menu_order":0,"comment_status":"closed","ping_status":"closed","template":"","meta":{"footnotes":""},"class_list":["post-564","page","type-page","status-publish","hentry"],"_links":{"self":[{"href":"https:\/\/rakosliget.hu\/wordpress\/index.php\/wp-json\/wp\/v2\/pages\/564","targetHints":{"allow":["GET"]}}],"collection":[{"href":"https:\/\/rakosliget.hu\/wordpress\/index.php\/wp-json\/wp\/v2\/pages"}],"about":[{"href":"https:\/\/rakosliget.hu\/wordpress\/index.php\/wp-json\/wp\/v2\/types\/page"}],"author":[{"embeddable":true,"href":"https:\/\/rakosliget.hu\/wordpress\/index.php\/wp-json\/wp\/v2\/users\/1"}],"replies":[{"embeddable":true,"href":"https:\/\/rakosliget.hu\/wordpress\/index.php\/wp-json\/wp\/v2\/comments?post=564"}],"version-history":[{"count":65,"href":"https:\/\/rakosliget.hu\/wordpress\/index.php\/wp-json\/wp\/v2\/pages\/564\/revisions"}],"predecessor-version":[{"id":22028,"href":"https:\/\/rakosliget.hu\/wordpress\/index.php\/wp-json\/wp\/v2\/pages\/564\/revisions\/22028"}],"wp:attachment":[{"href":"https:\/\/rakosliget.hu\/wordpress\/index.php\/wp-json\/wp\/v2\/media?parent=564"}],"curies":[{"name":"wp","href":"https:\/\/api.w.org\/{rel}","templated":true}]}}