{"id":5578,"date":"2020-10-30T18:29:22","date_gmt":"2020-10-30T17:29:22","guid":{"rendered":"http:\/\/rakosliget.hu\/wordpress\/?page_id=5578"},"modified":"2026-02-08T18:14:46","modified_gmt":"2026-02-08T17:14:46","slug":"magan-iskolak","status":"publish","type":"page","link":"https:\/\/rakosliget.hu\/wordpress\/index.php\/magan-iskolak\/","title":{"rendered":"MAG\u00c1N ISKOL\u00c1K"},"content":{"rendered":"\n<p id=\"Eleje\"><em>Az oldal friss\u00edtve: 2023. 03. 11.<\/em><\/p>\n\n\n\n<div class=\"wp-block-buttons is-content-justification-center is-layout-flex wp-container-core-buttons-is-layout-16018d1d wp-block-buttons-is-layout-flex\">\n<div class=\"wp-block-button\"><a class=\"wp-block-button__link wp-element-button\" href=\"https:\/\/rakosliget.hu\/wordpress\/index.php\/iskola-es-ovoda\/\">VISSZA AZ ISKOLA, \u00d3VODA, N\u00c9PM\u0170VEL\u00c9S LAPRA<\/a><\/div>\n<\/div>\n\n\n\n<hr class=\"wp-block-separator has-alpha-channel-opacity\"\/>\n\n\n\n<div class=\"wp-block-buttons is-content-justification-center is-layout-flex wp-container-core-buttons-is-layout-16018d1d wp-block-buttons-is-layout-flex\">\n<div class=\"wp-block-button\"><a class=\"wp-block-button__link wp-element-button\" href=\"#1\">1.) Kov\u00e1cs Istv\u00e1n polg\u00e1ri mag\u00e1niskola<\/a><\/div>\n<\/div>\n\n\n\n<p><\/p>\n\n\n\n<div class=\"wp-block-buttons is-content-justification-center is-layout-flex wp-container-core-buttons-is-layout-16018d1d wp-block-buttons-is-layout-flex\">\n<div class=\"wp-block-button\"><a class=\"wp-block-button__link wp-element-button\" href=\"#2\">2.) Czobor K\u00e1roly Zeneint\u00e9zet<\/a><\/div>\n<\/div>\n\n\n\n<p><\/p>\n\n\n\n<div class=\"wp-block-buttons is-content-justification-center is-layout-flex wp-container-core-buttons-is-layout-16018d1d wp-block-buttons-is-layout-flex\">\n<div class=\"wp-block-button\"><a class=\"wp-block-button__link wp-element-button\" href=\"#3\">3.) Boros Dezs\u0151 t\u00e1nciskol\u00e1ja<\/a><\/div>\n<\/div>\n\n\n\n<h4 class=\"wp-block-heading\" id=\"1\"><strong>1904\/1905 Kov\u00e1cs Istv\u00e1n mag\u00e1n polg\u00e1ri iskol\u00e1t ind\u00edtott<\/strong><\/h4>\n\n\n\n<!--more-->\n\n\n\n<p>A sz\u00f6vetkezet t\u00e1mogatja, padokat k\u00f6lcs\u00f6n\u00f6z a sz\u00e9kesf\u0151v\u00e1ros tan\u00e1cs\u00e1t\u00f3l, \u00fcresen \u00e1ll\u00f3 h\u00e1zait d\u00edjtalanul haszn\u00e1lhatj\u00e1k, f\u0171t\u0151anyaggal is seg\u00e9lyezi.<br>Az iskola az 1908\/1909. -dik tan\u00e9vig m\u0171k\u00f6d\u00f6tt.<\/p>\n\n\n<div class=\"wp-block-image\">\n<figure class=\"aligncenter\"><a href=\"https:\/\/rakosliget.hu\/wordpress\/wp-content\/uploads\/2023\/02\/1905-kovacs-polgari.jpg\"><img loading=\"lazy\" decoding=\"async\" width=\"300\" height=\"126\" src=\"https:\/\/rakosliget.hu\/wordpress\/wp-content\/uploads\/2023\/02\/1905-kovacs-polgari-300x126.jpg\" alt=\"\" class=\"wp-image-11011\" srcset=\"https:\/\/rakosliget.hu\/wordpress\/wp-content\/uploads\/2023\/02\/1905-kovacs-polgari-300x126.jpg 300w, https:\/\/rakosliget.hu\/wordpress\/wp-content\/uploads\/2023\/02\/1905-kovacs-polgari-1024x430.jpg 1024w, https:\/\/rakosliget.hu\/wordpress\/wp-content\/uploads\/2023\/02\/1905-kovacs-polgari-768x322.jpg 768w, https:\/\/rakosliget.hu\/wordpress\/wp-content\/uploads\/2023\/02\/1905-kovacs-polgari.jpg 1461w\" sizes=\"auto, (max-width: 300px) 100vw, 300px\" \/><\/a><\/figure>\n<\/div>\n\n\n<p class=\"has-text-align-center\">Forr\u00e1s: Magyarorsz\u00e1g 1905. 08. 27.<\/p>\n\n\n<div class=\"wp-block-image\">\n<figure class=\"aligncenter size-full\"><a href=\"https:\/\/rakosliget.hu\/wordpress\/wp-content\/uploads\/2025\/11\/Kovacs-maganiskola.jpg\"><img loading=\"lazy\" decoding=\"async\" width=\"964\" height=\"521\" src=\"https:\/\/rakosliget.hu\/wordpress\/wp-content\/uploads\/2025\/11\/Kovacs-maganiskola.jpg\" alt=\"\" class=\"wp-image-18858\" srcset=\"https:\/\/rakosliget.hu\/wordpress\/wp-content\/uploads\/2025\/11\/Kovacs-maganiskola.jpg 964w, https:\/\/rakosliget.hu\/wordpress\/wp-content\/uploads\/2025\/11\/Kovacs-maganiskola-300x162.jpg 300w, https:\/\/rakosliget.hu\/wordpress\/wp-content\/uploads\/2025\/11\/Kovacs-maganiskola-768x415.jpg 768w\" sizes=\"auto, (max-width: 964px) 100vw, 964px\" \/><\/a><figcaption class=\"wp-element-caption\">F\u00fcggetlen Magyarorsz\u00e1g 195. augusztus 17.<\/figcaption><\/figure>\n<\/div>\n\n\n<h3 class=\"wp-block-heading\">1907 KOV\u00c1CS ISTV\u00c1N POLG\u00c1RI ISKOL\u00c1JA<\/h3>\n\n\n<div class=\"wp-block-image\">\n<figure class=\"aligncenter\"><a href=\"http:\/\/rakosliget.hu\/wordpress\/wp-content\/uploads\/2020\/10\/Kovacs-iskolaja-1907-augusztus-15.jpg\"><img loading=\"lazy\" decoding=\"async\" width=\"300\" height=\"181\" src=\"http:\/\/rakosliget.hu\/wordpress\/wp-content\/uploads\/2020\/10\/Kovacs-iskolaja-1907-augusztus-15-300x181.jpg\" alt=\"\" class=\"wp-image-5579\" srcset=\"https:\/\/rakosliget.hu\/wordpress\/wp-content\/uploads\/2020\/10\/Kovacs-iskolaja-1907-augusztus-15-300x181.jpg 300w, https:\/\/rakosliget.hu\/wordpress\/wp-content\/uploads\/2020\/10\/Kovacs-iskolaja-1907-augusztus-15.jpg 570w\" sizes=\"auto, (max-width: 300px) 100vw, 300px\" \/><\/a><\/figure>\n<\/div>\n\n\n<p class=\"has-text-align-center\">&nbsp;Forr\u00e1s: AZ \u00daJS\u00c1G 1907. AUGUSZTUS 15.<\/p>\n\n\n<div class=\"wp-block-image\">\n<figure class=\"aligncenter size-full\"><img loading=\"lazy\" decoding=\"async\" width=\"1677\" height=\"621\" src=\"https:\/\/rakosliget.hu\/wordpress\/wp-content\/uploads\/2026\/02\/kovacs-istvan-polgari-iskola.jpg\" alt=\"\" class=\"wp-image-23031\" srcset=\"https:\/\/rakosliget.hu\/wordpress\/wp-content\/uploads\/2026\/02\/kovacs-istvan-polgari-iskola.jpg 1677w, https:\/\/rakosliget.hu\/wordpress\/wp-content\/uploads\/2026\/02\/kovacs-istvan-polgari-iskola-300x111.jpg 300w, https:\/\/rakosliget.hu\/wordpress\/wp-content\/uploads\/2026\/02\/kovacs-istvan-polgari-iskola-768x284.jpg 768w, https:\/\/rakosliget.hu\/wordpress\/wp-content\/uploads\/2026\/02\/kovacs-istvan-polgari-iskola-1536x569.jpg 1536w\" sizes=\"auto, (max-width: 1677px) 100vw, 1677px\" \/><\/figure>\n<\/div>\n\n\n<h3 class=\"wp-block-heading\">1908<\/h3>\n\n\n<div class=\"wp-block-image\">\n<figure class=\"aligncenter\"><a href=\"http:\/\/rakosliget.hu\/wordpress\/wp-content\/uploads\/2020\/11\/1908-marcius-5-Stojanovits-zeneiskola.jpg\"><img loading=\"lazy\" decoding=\"async\" width=\"300\" height=\"135\" src=\"http:\/\/rakosliget.hu\/wordpress\/wp-content\/uploads\/2020\/11\/1908-marcius-5-Stojanovits-zeneiskola-300x135.jpg\" alt=\"\" class=\"wp-image-5717\" srcset=\"https:\/\/rakosliget.hu\/wordpress\/wp-content\/uploads\/2020\/11\/1908-marcius-5-Stojanovits-zeneiskola-300x135.jpg 300w, https:\/\/rakosliget.hu\/wordpress\/wp-content\/uploads\/2020\/11\/1908-marcius-5-Stojanovits-zeneiskola.jpg 584w\" sizes=\"auto, (max-width: 300px) 100vw, 300px\" \/><\/a><\/figure>\n<\/div>\n\n\n<p class=\"has-text-align-center\">Stojanovits Jen\u0151n\u00e9 zeneiskol\u00e1ja <br>1908. m\u00e1rcius 5. Forr\u00e1s: Az Ujs\u00e1g<\/p>\n\n\n<div class=\"wp-block-image\">\n<figure class=\"aligncenter size-full\"><img loading=\"lazy\" decoding=\"async\" width=\"757\" height=\"355\" src=\"https:\/\/rakosliget.hu\/wordpress\/wp-content\/uploads\/2025\/08\/Stojanovits.jpg\" alt=\"\" class=\"wp-image-18011\" srcset=\"https:\/\/rakosliget.hu\/wordpress\/wp-content\/uploads\/2025\/08\/Stojanovits.jpg 757w, https:\/\/rakosliget.hu\/wordpress\/wp-content\/uploads\/2025\/08\/Stojanovits-300x141.jpg 300w\" sizes=\"auto, (max-width: 757px) 100vw, 757px\" \/><figcaption class=\"wp-element-caption\">A zene 1912. 9. sz\u00e1m 206. oldal<\/figcaption><\/figure>\n<\/div>\n\n<div class=\"wp-block-image\">\n<figure class=\"aligncenter\"><a href=\"http:\/\/rakosliget.hu\/wordpress\/wp-content\/uploads\/2020\/11\/1908-julius-9-Kovacs-iskola.jpg\"><img loading=\"lazy\" decoding=\"async\" width=\"300\" height=\"154\" src=\"http:\/\/rakosliget.hu\/wordpress\/wp-content\/uploads\/2020\/11\/1908-julius-9-Kovacs-iskola-300x154.jpg\" alt=\"\" class=\"wp-image-5687\" srcset=\"https:\/\/rakosliget.hu\/wordpress\/wp-content\/uploads\/2020\/11\/1908-julius-9-Kovacs-iskola-300x154.jpg 300w, https:\/\/rakosliget.hu\/wordpress\/wp-content\/uploads\/2020\/11\/1908-julius-9-Kovacs-iskola.jpg 589w\" sizes=\"auto, (max-width: 300px) 100vw, 300px\" \/><\/a><\/figure>\n<\/div>\n\n\n<p class=\"has-text-align-center\">Kov\u00e1cs Istv\u00e1n mag\u00e1niskol\u00e1ja. <br>1908. j\u00falius 9. Forr\u00e1s: Az Ujs\u00e1g<\/p>\n\n\n\n<h3 class=\"wp-block-heading\">1909 Botr\u00e1ny az iskol\u00e1ban<\/h3>\n\n\n<div class=\"wp-block-image\">\n<figure class=\"aligncenter size-large\"><a href=\"http:\/\/rakosliget.hu\/wordpress\/wp-content\/uploads\/2020\/11\/1909-januar-20-Kovacs-iskolahoz.jpg\"><img loading=\"lazy\" decoding=\"async\" width=\"490\" height=\"1024\" src=\"http:\/\/rakosliget.hu\/wordpress\/wp-content\/uploads\/2020\/11\/1909-januar-20-Kovacs-iskolahoz-490x1024.jpg\" alt=\"\" class=\"wp-image-5760\" srcset=\"https:\/\/rakosliget.hu\/wordpress\/wp-content\/uploads\/2020\/11\/1909-januar-20-Kovacs-iskolahoz-490x1024.jpg 490w, https:\/\/rakosliget.hu\/wordpress\/wp-content\/uploads\/2020\/11\/1909-januar-20-Kovacs-iskolahoz-143x300.jpg 143w, https:\/\/rakosliget.hu\/wordpress\/wp-content\/uploads\/2020\/11\/1909-januar-20-Kovacs-iskolahoz-768x1606.jpg 768w, https:\/\/rakosliget.hu\/wordpress\/wp-content\/uploads\/2020\/11\/1909-januar-20-Kovacs-iskolahoz-734x1536.jpg 734w, https:\/\/rakosliget.hu\/wordpress\/wp-content\/uploads\/2020\/11\/1909-januar-20-Kovacs-iskolahoz-979x2048.jpg 979w, https:\/\/rakosliget.hu\/wordpress\/wp-content\/uploads\/2020\/11\/1909-januar-20-Kovacs-iskolahoz.jpg 1139w\" sizes=\"auto, (max-width: 490px) 100vw, 490px\" \/><\/a><figcaption class=\"wp-element-caption\">1909. janu\u00e1r 20. Forr\u00e1s: Az Ujs\u00e1g<\/figcaption><\/figure>\n<\/div>\n\n<div class=\"wp-block-image\">\n<figure class=\"aligncenter size-large\"><a href=\"http:\/\/rakosliget.hu\/wordpress\/wp-content\/uploads\/2020\/11\/1909-november-17-Kovacs-iskola-hamisitas-scaled.jpg\"><img loading=\"lazy\" decoding=\"async\" width=\"485\" height=\"1024\" src=\"http:\/\/rakosliget.hu\/wordpress\/wp-content\/uploads\/2020\/11\/1909-november-17-Kovacs-iskola-hamisitas-485x1024.jpg\" alt=\"\" class=\"wp-image-5789\" srcset=\"https:\/\/rakosliget.hu\/wordpress\/wp-content\/uploads\/2020\/11\/1909-november-17-Kovacs-iskola-hamisitas-485x1024.jpg 485w, https:\/\/rakosliget.hu\/wordpress\/wp-content\/uploads\/2020\/11\/1909-november-17-Kovacs-iskola-hamisitas-142x300.jpg 142w, https:\/\/rakosliget.hu\/wordpress\/wp-content\/uploads\/2020\/11\/1909-november-17-Kovacs-iskola-hamisitas-768x1621.jpg 768w, https:\/\/rakosliget.hu\/wordpress\/wp-content\/uploads\/2020\/11\/1909-november-17-Kovacs-iskola-hamisitas-728x1536.jpg 728w, https:\/\/rakosliget.hu\/wordpress\/wp-content\/uploads\/2020\/11\/1909-november-17-Kovacs-iskola-hamisitas-970x2048.jpg 970w, https:\/\/rakosliget.hu\/wordpress\/wp-content\/uploads\/2020\/11\/1909-november-17-Kovacs-iskola-hamisitas-scaled.jpg 1213w\" sizes=\"auto, (max-width: 485px) 100vw, 485px\" \/><\/a><figcaption class=\"wp-element-caption\">1909. november 2. Kov\u00e1cs Istv\u00e1n iskol\u00e1j\u00e1ban t\u00f6rt\u00e9nt botr\u00e1ny folytat\u00f3dik. Forr\u00e1s: Az Ujs\u00e1g<\/figcaption><\/figure>\n<\/div>\n\n\n<h2 class=\"wp-block-heading\">1910<\/h2>\n\n\n<div class=\"wp-block-image\">\n<figure class=\"aligncenter size-large\"><a href=\"http:\/\/rakosliget.hu\/wordpress\/wp-content\/uploads\/2020\/11\/1910-marcius-3-kovacs-iskola-pere-elso-nap.jpg\"><img loading=\"lazy\" decoding=\"async\" width=\"691\" height=\"1024\" src=\"http:\/\/rakosliget.hu\/wordpress\/wp-content\/uploads\/2020\/11\/1910-marcius-3-kovacs-iskola-pere-elso-nap-691x1024.jpg\" alt=\"\" class=\"wp-image-5843\" srcset=\"https:\/\/rakosliget.hu\/wordpress\/wp-content\/uploads\/2020\/11\/1910-marcius-3-kovacs-iskola-pere-elso-nap-691x1024.jpg 691w, https:\/\/rakosliget.hu\/wordpress\/wp-content\/uploads\/2020\/11\/1910-marcius-3-kovacs-iskola-pere-elso-nap-202x300.jpg 202w, https:\/\/rakosliget.hu\/wordpress\/wp-content\/uploads\/2020\/11\/1910-marcius-3-kovacs-iskola-pere-elso-nap-768x1139.jpg 768w, https:\/\/rakosliget.hu\/wordpress\/wp-content\/uploads\/2020\/11\/1910-marcius-3-kovacs-iskola-pere-elso-nap-1036x1536.jpg 1036w, https:\/\/rakosliget.hu\/wordpress\/wp-content\/uploads\/2020\/11\/1910-marcius-3-kovacs-iskola-pere-elso-nap-1381x2048.jpg 1381w, https:\/\/rakosliget.hu\/wordpress\/wp-content\/uploads\/2020\/11\/1910-marcius-3-kovacs-iskola-pere-elso-nap.jpg 1714w\" sizes=\"auto, (max-width: 691px) 100vw, 691px\" \/><\/a><figcaption class=\"wp-element-caption\">K\u00f6zokirathamis\u00edt\u00e1s a Kov\u00e1cs-f\u00e9le iskol\u00e1ban. <br>1910. m\u00e1rcius 3. Forr\u00e1s: Az Ujs\u00e1g<\/figcaption><\/figure>\n<\/div>\n\n<div class=\"wp-block-image\">\n<figure class=\"aligncenter size-large\"><a href=\"http:\/\/rakosliget.hu\/wordpress\/wp-content\/uploads\/2020\/11\/bizonyitvany-panama-1910.jpg\"><img loading=\"lazy\" decoding=\"async\" width=\"590\" height=\"331\" src=\"http:\/\/rakosliget.hu\/wordpress\/wp-content\/uploads\/2020\/11\/bizonyitvany-panama-1910.jpg\" alt=\"\" class=\"wp-image-6827\" srcset=\"https:\/\/rakosliget.hu\/wordpress\/wp-content\/uploads\/2020\/11\/bizonyitvany-panama-1910.jpg 590w, https:\/\/rakosliget.hu\/wordpress\/wp-content\/uploads\/2020\/11\/bizonyitvany-panama-1910-300x168.jpg 300w\" sizes=\"auto, (max-width: 590px) 100vw, 590px\" \/><\/a><figcaption class=\"wp-element-caption\">1910. okt\u00f3ber 6. Forr\u00e1s: Budapesti H\u00edrlap<\/figcaption><\/figure>\n<\/div>\n\n<div class=\"wp-block-image\">\n<figure class=\"aligncenter size-large\"><a href=\"http:\/\/rakosliget.hu\/wordpress\/wp-content\/uploads\/2020\/11\/1910-marcius-18-kovacs-iskolai-pere-scaled.jpg\"><img loading=\"lazy\" decoding=\"async\" width=\"685\" height=\"1024\" src=\"http:\/\/rakosliget.hu\/wordpress\/wp-content\/uploads\/2020\/11\/1910-marcius-18-kovacs-iskolai-pere-685x1024.jpg\" alt=\"\" class=\"wp-image-5847\" srcset=\"https:\/\/rakosliget.hu\/wordpress\/wp-content\/uploads\/2020\/11\/1910-marcius-18-kovacs-iskolai-pere-685x1024.jpg 685w, https:\/\/rakosliget.hu\/wordpress\/wp-content\/uploads\/2020\/11\/1910-marcius-18-kovacs-iskolai-pere-201x300.jpg 201w, https:\/\/rakosliget.hu\/wordpress\/wp-content\/uploads\/2020\/11\/1910-marcius-18-kovacs-iskolai-pere-768x1148.jpg 768w, https:\/\/rakosliget.hu\/wordpress\/wp-content\/uploads\/2020\/11\/1910-marcius-18-kovacs-iskolai-pere-1028x1536.jpg 1028w, https:\/\/rakosliget.hu\/wordpress\/wp-content\/uploads\/2020\/11\/1910-marcius-18-kovacs-iskolai-pere-1371x2048.jpg 1371w, https:\/\/rakosliget.hu\/wordpress\/wp-content\/uploads\/2020\/11\/1910-marcius-18-kovacs-iskolai-pere-scaled.jpg 1713w\" sizes=\"auto, (max-width: 685px) 100vw, 685px\" \/><\/a><figcaption class=\"wp-element-caption\">Per. 1910. m\u00e1rcius 18. Forr\u00e1s: Az Ujs\u00e1g<\/figcaption><\/figure>\n<\/div>\n\n<div class=\"wp-block-image\">\n<figure class=\"aligncenter size-large\"><a href=\"http:\/\/rakosliget.hu\/wordpress\/wp-content\/uploads\/2020\/11\/1911-januar-1-birosagi-iteletek.jpg\"><img loading=\"lazy\" decoding=\"async\" width=\"1024\" height=\"559\" src=\"http:\/\/rakosliget.hu\/wordpress\/wp-content\/uploads\/2020\/11\/1911-januar-1-birosagi-iteletek-1024x559.jpg\" alt=\"\" class=\"wp-image-5860\" srcset=\"https:\/\/rakosliget.hu\/wordpress\/wp-content\/uploads\/2020\/11\/1911-januar-1-birosagi-iteletek-1024x559.jpg 1024w, https:\/\/rakosliget.hu\/wordpress\/wp-content\/uploads\/2020\/11\/1911-januar-1-birosagi-iteletek-300x164.jpg 300w, https:\/\/rakosliget.hu\/wordpress\/wp-content\/uploads\/2020\/11\/1911-januar-1-birosagi-iteletek-768x420.jpg 768w, https:\/\/rakosliget.hu\/wordpress\/wp-content\/uploads\/2020\/11\/1911-januar-1-birosagi-iteletek.jpg 1144w\" sizes=\"auto, (max-width: 1024px) 100vw, 1024px\" \/><\/a><figcaption class=\"wp-element-caption\"><br> \u00cdt\u00e9lethirdet\u00e9s a Kov\u00e1cs Istv\u00e1n mag\u00e1niskola okirat hamis\u00edt\u00e1si per\u00e9ben. <br>1911. janu\u00e1r 1. Forr\u00e1s: Az Ujs\u00e1g<\/figcaption><\/figure>\n<\/div>\n\n\n<h2 class=\"wp-block-heading\">1916<\/h2>\n\n\n\n<div class=\"wp-block-buttons is-content-justification-center is-layout-flex wp-container-core-buttons-is-layout-16018d1d wp-block-buttons-is-layout-flex\">\n<div class=\"wp-block-button\"><a class=\"wp-block-button__link wp-element-button\" href=\"#Eleje\">Lap tetej\u00e9re<\/a><\/div>\n<\/div>\n\n\n\n<p><\/p>\n\n\n\n<h2 class=\"wp-block-heading\" id=\"2\">CZOBOR K\u00c1ROLY ZENEINT\u00c9ZET<\/h2>\n\n\n<div class=\"wp-block-image\">\n<figure class=\"aligncenter size-large\"><a href=\"http:\/\/rakosliget.hu\/wordpress\/wp-content\/uploads\/2020\/11\/1916-junius-27-Czobor-zeneiskola-vizsga.jpg\"><img loading=\"lazy\" decoding=\"async\" width=\"584\" height=\"132\" src=\"http:\/\/rakosliget.hu\/wordpress\/wp-content\/uploads\/2020\/11\/1916-junius-27-Czobor-zeneiskola-vizsga.jpg\" alt=\"\" class=\"wp-image-6007\" srcset=\"https:\/\/rakosliget.hu\/wordpress\/wp-content\/uploads\/2020\/11\/1916-junius-27-Czobor-zeneiskola-vizsga.jpg 584w, https:\/\/rakosliget.hu\/wordpress\/wp-content\/uploads\/2020\/11\/1916-junius-27-Czobor-zeneiskola-vizsga-300x68.jpg 300w\" sizes=\"auto, (max-width: 584px) 100vw, 584px\" \/><\/a><figcaption class=\"wp-element-caption\">1916. j\u00fanius 27. Forr\u00e1s: Az Ujs\u00e1g<\/figcaption><\/figure>\n<\/div>\n\n\n<h2 class=\"wp-block-heading\">1922<\/h2>\n\n\n<div class=\"wp-block-image\">\n<figure class=\"aligncenter size-large\"><a href=\"http:\/\/rakosliget.hu\/wordpress\/wp-content\/uploads\/2020\/11\/1922-julius-2-vizsgahangverseny-Czobor-zeneiskola.jpg\"><img loading=\"lazy\" decoding=\"async\" width=\"599\" height=\"395\" src=\"http:\/\/rakosliget.hu\/wordpress\/wp-content\/uploads\/2020\/11\/1922-julius-2-vizsgahangverseny-Czobor-zeneiskola.jpg\" alt=\"\" class=\"wp-image-6080\" srcset=\"https:\/\/rakosliget.hu\/wordpress\/wp-content\/uploads\/2020\/11\/1922-julius-2-vizsgahangverseny-Czobor-zeneiskola.jpg 599w, https:\/\/rakosliget.hu\/wordpress\/wp-content\/uploads\/2020\/11\/1922-julius-2-vizsgahangverseny-Czobor-zeneiskola-300x198.jpg 300w\" sizes=\"auto, (max-width: 599px) 100vw, 599px\" \/><\/a><figcaption class=\"wp-element-caption\">Vizsgahangverseny. 1922. j\u00falius 2. Forr\u00e1s: Az Ujs\u00e1g<\/figcaption><\/figure>\n<\/div>\n\n<div class=\"wp-block-image\">\n<figure class=\"aligncenter size-large\"><img loading=\"lazy\" decoding=\"async\" width=\"2048\" height=\"926\" src=\"https:\/\/rakosliget.hu\/wordpress\/wp-content\/uploads\/2025\/09\/Czobor-zeneiskola-2048x926.jpg\" alt=\"\" class=\"wp-image-18146\" srcset=\"https:\/\/rakosliget.hu\/wordpress\/wp-content\/uploads\/2025\/09\/Czobor-zeneiskola-2048x926.jpg 2048w, https:\/\/rakosliget.hu\/wordpress\/wp-content\/uploads\/2025\/09\/Czobor-zeneiskola-300x136.jpg 300w, https:\/\/rakosliget.hu\/wordpress\/wp-content\/uploads\/2025\/09\/Czobor-zeneiskola-768x347.jpg 768w, https:\/\/rakosliget.hu\/wordpress\/wp-content\/uploads\/2025\/09\/Czobor-zeneiskola-1536x695.jpg 1536w\" sizes=\"auto, (max-width: 2048px) 100vw, 2048px\" \/><figcaption class=\"wp-element-caption\">Forr\u00e1s: Budapesti K\u00f6zl\u00f6ny, 1922. j\u00fanius\\1922. 06. 22.<\/figcaption><\/figure>\n<\/div>\n\n\n<div class=\"wp-block-buttons is-content-justification-center is-layout-flex wp-container-core-buttons-is-layout-16018d1d wp-block-buttons-is-layout-flex\">\n<div class=\"wp-block-button\"><a class=\"wp-block-button__link wp-element-button\" href=\"#Eleje\">Lap tetej\u00e9re<\/a><\/div>\n<\/div>\n\n\n\n<p><\/p>\n\n\n\n<h2 class=\"wp-block-heading\" id=\"3\">1930<\/h2>\n\n\n\n<h2 class=\"wp-block-heading\">Boros Dezs\u0151 t\u00e1nciskol\u00e1ja<\/h2>\n\n\n<div class=\"wp-block-image\">\n<figure class=\"aligncenter size-large\"><img loading=\"lazy\" decoding=\"async\" width=\"1024\" height=\"642\" src=\"https:\/\/rakosliget.hu\/wordpress\/wp-content\/uploads\/2023\/03\/Rakosligeti-tanciskola-1930-korul--1024x642.jpg\" alt=\"\" class=\"wp-image-11194\" srcset=\"https:\/\/rakosliget.hu\/wordpress\/wp-content\/uploads\/2023\/03\/Rakosligeti-tanciskola-1930-korul--1024x642.jpg 1024w, https:\/\/rakosliget.hu\/wordpress\/wp-content\/uploads\/2023\/03\/Rakosligeti-tanciskola-1930-korul--300x188.jpg 300w, https:\/\/rakosliget.hu\/wordpress\/wp-content\/uploads\/2023\/03\/Rakosligeti-tanciskola-1930-korul--768x481.jpg 768w, https:\/\/rakosliget.hu\/wordpress\/wp-content\/uploads\/2023\/03\/Rakosligeti-tanciskola-1930-korul--1536x963.jpg 1536w, https:\/\/rakosliget.hu\/wordpress\/wp-content\/uploads\/2023\/03\/Rakosligeti-tanciskola-1930-korul-.jpg 1554w\" sizes=\"auto, (max-width: 1024px) 100vw, 1024px\" \/><figcaption class=\"wp-element-caption\">Forr\u00e1s: Hegyi L\u00e1szl\u00f3, B\u00f3th Ferenc<\/figcaption><\/figure>\n<\/div>\n\n<div class=\"wp-block-image\">\n<figure class=\"aligncenter size-large\"><img loading=\"lazy\" decoding=\"async\" width=\"1024\" height=\"627\" src=\"https:\/\/rakosliget.hu\/wordpress\/wp-content\/uploads\/2023\/03\/Rakosligeti-tanciskola-1930-korul-1-1-1024x627.jpg\" alt=\"\" class=\"wp-image-11195\" srcset=\"https:\/\/rakosliget.hu\/wordpress\/wp-content\/uploads\/2023\/03\/Rakosligeti-tanciskola-1930-korul-1-1-1024x627.jpg 1024w, https:\/\/rakosliget.hu\/wordpress\/wp-content\/uploads\/2023\/03\/Rakosligeti-tanciskola-1930-korul-1-1-300x184.jpg 300w, https:\/\/rakosliget.hu\/wordpress\/wp-content\/uploads\/2023\/03\/Rakosligeti-tanciskola-1930-korul-1-1-768x470.jpg 768w, https:\/\/rakosliget.hu\/wordpress\/wp-content\/uploads\/2023\/03\/Rakosligeti-tanciskola-1930-korul-1-1-1536x941.jpg 1536w, https:\/\/rakosliget.hu\/wordpress\/wp-content\/uploads\/2023\/03\/Rakosligeti-tanciskola-1930-korul-1-1.jpg 1584w\" sizes=\"auto, (max-width: 1024px) 100vw, 1024px\" \/><figcaption class=\"wp-element-caption\">Forr\u00e1s: Hegyi L\u00e1szl\u00f3, B\u00f3th Ferenc<\/figcaption><\/figure>\n<\/div>\n\n\n<div class=\"wp-block-buttons is-content-justification-center is-layout-flex wp-container-core-buttons-is-layout-16018d1d wp-block-buttons-is-layout-flex\">\n<div class=\"wp-block-button\"><a class=\"wp-block-button__link wp-element-button\" href=\"#Eleje\">Lap tetej\u00e9re<\/a><\/div>\n<\/div>\n\n\n\n<p><\/p>\n\n\n\n<div class=\"wp-block-buttons is-content-justification-center is-layout-flex wp-container-core-buttons-is-layout-16018d1d wp-block-buttons-is-layout-flex\">\n<div class=\"wp-block-button\"><a class=\"wp-block-button__link wp-element-button\" href=\"https:\/\/rakosliget.hu\/wordpress\/index.php\/iskola-es-ovoda\/\">VISSZA AZ ISKOLA, \u00d3VODA, N\u00c9PM\u0170VEL\u00c9S LAPRA<\/a><\/div>\n<\/div>\n\n\n\n<p><\/p>\n\n\n\n<p><\/p>\n","protected":false},"excerpt":{"rendered":"<p>Az oldal friss\u00edtve: 2023. 03. 11. 1904\/1905 Kov\u00e1cs Istv\u00e1n mag\u00e1n polg\u00e1ri iskol\u00e1t ind\u00edtott<\/p>\n","protected":false},"author":1,"featured_media":0,"parent":0,"menu_order":0,"comment_status":"closed","ping_status":"closed","template":"","meta":{"footnotes":""},"class_list":["post-5578","page","type-page","status-publish","hentry"],"_links":{"self":[{"href":"https:\/\/rakosliget.hu\/wordpress\/index.php\/wp-json\/wp\/v2\/pages\/5578","targetHints":{"allow":["GET"]}}],"collection":[{"href":"https:\/\/rakosliget.hu\/wordpress\/index.php\/wp-json\/wp\/v2\/pages"}],"about":[{"href":"https:\/\/rakosliget.hu\/wordpress\/index.php\/wp-json\/wp\/v2\/types\/page"}],"author":[{"embeddable":true,"href":"https:\/\/rakosliget.hu\/wordpress\/index.php\/wp-json\/wp\/v2\/users\/1"}],"replies":[{"embeddable":true,"href":"https:\/\/rakosliget.hu\/wordpress\/index.php\/wp-json\/wp\/v2\/comments?post=5578"}],"version-history":[{"count":44,"href":"https:\/\/rakosliget.hu\/wordpress\/index.php\/wp-json\/wp\/v2\/pages\/5578\/revisions"}],"predecessor-version":[{"id":23032,"href":"https:\/\/rakosliget.hu\/wordpress\/index.php\/wp-json\/wp\/v2\/pages\/5578\/revisions\/23032"}],"wp:attachment":[{"href":"https:\/\/rakosliget.hu\/wordpress\/index.php\/wp-json\/wp\/v2\/media?parent=5578"}],"curies":[{"name":"wp","href":"https:\/\/api.w.org\/{rel}","templated":true}]}}