{"id":5533,"date":"2020-10-30T16:56:06","date_gmt":"2020-10-30T15:56:06","guid":{"rendered":"http:\/\/rakosliget.hu\/wordpress\/?page_id=5533"},"modified":"2026-02-08T06:57:30","modified_gmt":"2026-02-08T05:57:30","slug":"ovoda","status":"publish","type":"page","link":"https:\/\/rakosliget.hu\/wordpress\/index.php\/ovoda\/","title":{"rendered":"\u00d3VODA"},"content":{"rendered":"\n<p><em>Az oldal friss\u00edtve: 2020. 12. 07.<\/em><\/p>\n\n\n\n<figure class=\"wp-block-gallery has-nested-images columns-default is-cropped wp-block-gallery-1 is-layout-flex wp-block-gallery-is-layout-flex\">\n<figure class=\"wp-block-image size-large\"><img loading=\"lazy\" decoding=\"async\" width=\"1803\" height=\"1295\" data-id=\"22905\" src=\"https:\/\/rakosliget.hu\/wordpress\/wp-content\/uploads\/2026\/02\/31.jpg\" alt=\"\" class=\"wp-image-22905\" srcset=\"https:\/\/rakosliget.hu\/wordpress\/wp-content\/uploads\/2026\/02\/31.jpg 1803w, https:\/\/rakosliget.hu\/wordpress\/wp-content\/uploads\/2026\/02\/31-300x215.jpg 300w, https:\/\/rakosliget.hu\/wordpress\/wp-content\/uploads\/2026\/02\/31-768x552.jpg 768w, https:\/\/rakosliget.hu\/wordpress\/wp-content\/uploads\/2026\/02\/31-1536x1103.jpg 1536w\" sizes=\"auto, (max-width: 1803px) 100vw, 1803px\" \/><\/figure>\n<\/figure>\n\n\n\n<div class=\"wp-block-buttons is-content-justification-center is-layout-flex wp-container-core-buttons-is-layout-16018d1d wp-block-buttons-is-layout-flex\">\n<div class=\"wp-block-button\"><a class=\"wp-block-button__link wp-element-button\" href=\"https:\/\/rakosliget.hu\/wordpress\/index.php\/iskola-es-ovoda\/\">vissza az iskola, \u00f3voda lapra<\/a><\/div>\n<\/div>\n\n\n\n<p><\/p>\n\n\n<div class=\"wp-block-image\">\n<figure class=\"aligncenter size-full\"><img loading=\"lazy\" decoding=\"async\" width=\"1180\" height=\"847\" src=\"https:\/\/rakosliget.hu\/wordpress\/wp-content\/uploads\/2026\/02\/31_Nero_AI_Image_Denoiser_100_Nero_AI_Photo_Restoration_colorize.jpeg\" alt=\"\" class=\"wp-image-23023\" srcset=\"https:\/\/rakosliget.hu\/wordpress\/wp-content\/uploads\/2026\/02\/31_Nero_AI_Image_Denoiser_100_Nero_AI_Photo_Restoration_colorize.jpeg 1180w, https:\/\/rakosliget.hu\/wordpress\/wp-content\/uploads\/2026\/02\/31_Nero_AI_Image_Denoiser_100_Nero_AI_Photo_Restoration_colorize-300x215.jpeg 300w, https:\/\/rakosliget.hu\/wordpress\/wp-content\/uploads\/2026\/02\/31_Nero_AI_Image_Denoiser_100_Nero_AI_Photo_Restoration_colorize-768x551.jpeg 768w\" sizes=\"auto, (max-width: 1180px) 100vw, 1180px\" \/><figcaption class=\"wp-element-caption\">MI \u00e1ltal sz\u00ednezett. Ez m\u00e1r nem eredeti!!!<\/figcaption><\/figure>\n<\/div>\n\n\n<p>Pest, Pilis \u00e9s Solt v\u00e1rmegy\u00e9k 1839\u201440. \u00e9vi orsz\u00e1ggy\u0171l\u00e9si k\u00f6vetei 1840. j\u00fanius 8-\u00e1n a Karok \u00e9s Rendekhez int\u00e9zett jelent\u00e9se szerint : k\u00edv\u00e1nt\u00e1k egyebek mellett, hogy a kisded\u00f3v\u00f3 \u00fcgy\u00e9ben orsz\u00e1gos v\u00e1lasztm\u00e1ny tegyen el\u0151munk\u00e1latokat. A kisded\u00f3v\u00e1s ter\u00e9n az \u00e1llam mellett m\u00e9g az Orsz\u00e1gos Magyar Iskolaegyes\u00fclet buzg\u00f3lkod\u00e1sa emelend\u0151 ki. Kisded\u00f3v\u00f3k 1873-ban csup\u00e1n Cegl\u00e9den, Halason, Kalocs\u00e1n, Nagyk\u0151r\u00f6s\u00f6n, Promontoron (Budafok), \u00dajpesten \u00e9s V\u00e1con (Fr\u00f6bel-kert) vannak.<br>A kisded\u00f3v\u00f3k a k\u00f6vetkez\u0151k :<br>A legt\u00f6bb \u00e1llami kisded\u00f3v\u00f3 (8) Erzs\u00e9betfalv\u00e1n van. Az I. \u00e9s II. sz. 1892-ben, a III. 1900-ban, a IV\u2014VI. 1902-ben, a VII. 1903-ban, a VIII. 1908-ban ny\u00edlt meg. \u00c1ll. kisded\u00f3v\u00f3 van Bi\u00e1n (1885.) Kispesten 7. (I.\u2014VI. sz. 1903, az \u00e1ll. munk\u00e1stelepi 1909.)Budafokon 5. (I. sz. 1886, II. 1888. III. sz. 1892, IV. sz. 1900, V. sz. 1907.) Soroks\u00e1ron 5. (1902.) R\u00e1koskereszt\u00faron 4. (I. sz. 1902, II\u2014IV. 1909.) R\u00e1kospalot\u00e1n 4. (I\u2014II. 1899, III&#8211;IV. 1900.) Pilisv\u00f6r\u00f6sv\u00e1ron 3. (I. 1885, II. 1896, II. 1903.) B\u00e9k\u00e1smegyeren 2. (I. 1903, II. 1906.) Budakeszin 2. (1904.) Csepelen 2. (I. 1885, II. 1909.) Dunabogd\u00e1nyban 2. (I. 1902, I. 1904.) Dunavecs\u00e9n 2. (I. 1905, II. 1908.) Piliscsab\u00e1n 2. (I. 1902, II. 1908.) Pom\u00e1zon 2. (I. 1886, II. 1901.) <strong>R\u00e1kosligeten 2. (I. 1900, II. 1902.)<\/strong> Solym\u00e1ron 2. (1903.) Taksony 2. (I. 1885, 11. 1908.) T\u00f6k\u00f6l\u00f6n 2. (I. 1894,11. 1908.) Budakal\u00e1szon 2. (I.&#8221; 1902., II. 1908.) Albertfalv\u00e1n (1900.] Asz\u00f3don (1902.) Cinkot\u00e1n (1890.) Csob\u00e1nk\u00e1n (1902.) Cs\u00f6m\u00f6r\u00f6n (1895.) Hart\u00e1n (1894.) Kist\u00e9t\u00e9nyben (1907.) Nagykov\u00e1csiban (1894.) Nagyt\u00e9t\u00e9nyben (1885.) Pilissz\u00e1nt\u00f3n (1897.) Pilisszentiv\u00e1non (1908.] Pilisszent kereszten (1903.) R\u00e1kosszentmih\u00e1lyon (1907.) Sziget\u00fajfaluban (1903.) Szigetcs\u00e9pen (1893.) Torb\u00e1gyon (1887.) T\u00f6r\u00f6kb\u00e1linton (1903.) \u00dajpesten (1896.) egy-egy \u00f3voda.<\/p>\n\n\n\n<p><em>Forr\u00e1s: Borovszky:Pest,Pilis,Solt,Kiskun v\u00e1rmegye 2<\/em><\/p>\n\n\n<p>A telep\u00fcl\u00e9sen \u00f3voda is megkezdte a m\u0171k\u00f6d\u00e9s\u00e9t.<\/p>\n<p>1904-ben (m\u00e1rcius 2.) <a href=\"http:\/\/rakosliget.hu\/wordpress\/wp-content\/uploads\/2020\/10\/1904-marcius-17-tanugyi-kinevezesek_.jpg\">Leiteregg Lujza<\/a> Kapnikb\u00e1ny\u00e1r\u00f3l ker\u00fclt R\u00e1kosligetre.<\/p>\n\n\n<div class=\"wp-block-media-text alignwide is-stacked-on-mobile\"><figure class=\"wp-block-media-text__media\"><a href=\"http:\/\/rakosliget.hu\/wordpress\/wp-content\/uploads\/2020\/11\/Ovodai-adatok-1936.jpg\"><img loading=\"lazy\" decoding=\"async\" width=\"1024\" height=\"709\" src=\"http:\/\/rakosliget.hu\/wordpress\/wp-content\/uploads\/2020\/11\/Ovodai-adatok-1936-1024x709.jpg\" alt=\"\" class=\"wp-image-8185 size-full\" srcset=\"https:\/\/rakosliget.hu\/wordpress\/wp-content\/uploads\/2020\/11\/Ovodai-adatok-1936-1024x709.jpg 1024w, https:\/\/rakosliget.hu\/wordpress\/wp-content\/uploads\/2020\/11\/Ovodai-adatok-1936-300x208.jpg 300w, https:\/\/rakosliget.hu\/wordpress\/wp-content\/uploads\/2020\/11\/Ovodai-adatok-1936-768x532.jpg 768w, https:\/\/rakosliget.hu\/wordpress\/wp-content\/uploads\/2020\/11\/Ovodai-adatok-1936-1536x1064.jpg 1536w, https:\/\/rakosliget.hu\/wordpress\/wp-content\/uploads\/2020\/11\/Ovodai-adatok-1936.jpg 1663w\" sizes=\"auto, (max-width: 1024px) 100vw, 1024px\" \/><\/a><\/figure><div class=\"wp-block-media-text__content\">\n<p>Asztalos J\u00f3zsef: Nagy-Budapest k\u00f6zoktat\u00e1s\u00fcgye. \u00d3vodai adatok 1936.<\/p>\n<\/div><\/div>\n\n\n\n<p>A Kisdednevel\u0151k Orsz\u00e1gos Egyes\u00fclete 1944. j\u00falius 8-\u00e1n v\u00e1lasztm\u00e1nyi \u00fcl\u00e9st tartott. A p\u00e9nz\u00fcgyi besz\u00e1mol\u00f3b\u00f3l kider\u00fcl, hogy az egyes\u00fclet vagyonnal rendelkezett R\u00e1kosligeten. (1929 &#8211; 1944 k\u00f6z\u00f6tti besz\u00e1mol\u00f3k folyamatosan tartalmazz\u00e1k ezt a befektet\u00e9s\u00e9t az \u00f3v\u00f3n\u0151i k\u00f6rnek.)<\/p>\n\n\n\n<blockquote class=\"wp-block-quote is-layout-flow wp-block-quote-is-layout-flow\">\n<p>Vagyont\u00e1rgyak a k\u00f6vetkez\u0151k: \u00f3v\u00f3n\u0151k Otthona 40.000.00 P. Erd\u00e9lyi Nyerem\u00e9nyk\u00f6tv\u00e9ny 1.000.00 P. Hadik\u00f6lcs\u00f6n k\u00f6tv\u00e9ny \u00e9v\u00e9rt\u00e9ke 105.000.00 K. Balatonzam\u00e1rdin \u00fcd\u00fcl\u0151telek, R\u00e1kosligeten parcell\u00e1k, \u00f3v\u00f3n\u0151k Otthon\u00e1nak berendez\u00e9se.<\/p>\n\n\n\n<div class=\"wp-block-buttons is-content-justification-center is-layout-flex wp-container-core-buttons-is-layout-16018d1d wp-block-buttons-is-layout-flex\">\n<div class=\"wp-block-button\"><a class=\"wp-block-button__link wp-element-button\" href=\"https:\/\/rakosliget.hu\/wordpress\/index.php\/iskola-es-ovoda\/\">vissza az iskola, \u00f3voda lapra<\/a><\/div>\n<\/div>\n<\/blockquote>\n","protected":false},"excerpt":{"rendered":"<p>Az oldal friss\u00edtve: 2020. 12. 07. Pest, Pilis \u00e9s Solt v\u00e1rmegy\u00e9k 1839\u201440. \u00e9vi orsz\u00e1ggy\u0171l\u00e9si k\u00f6vetei 1840. j\u00fanius 8-\u00e1n a Karok \u00e9s Rendekhez int\u00e9zett jelent\u00e9se szerint : k\u00edv\u00e1nt\u00e1k egyebek mellett, hogy a kisded\u00f3v\u00f3 \u00fcgy\u00e9ben orsz\u00e1gos v\u00e1lasztm\u00e1ny tegyen el\u0151munk\u00e1latokat. A kisded\u00f3v\u00e1s ter\u00e9n az \u00e1llam mellett m\u00e9g az Orsz\u00e1gos Magyar Iskolaegyes\u00fclet buzg\u00f3lkod\u00e1sa emelend\u0151 ki. Kisded\u00f3v\u00f3k 1873-ban csup\u00e1n Cegl\u00e9den, &hellip; <a href=\"https:\/\/rakosliget.hu\/wordpress\/index.php\/ovoda\/\" class=\"more-link\"><span class=\"screen-reader-text\">\u00d3VODA<\/span> r\u00e9szletei&#8230;<\/a><\/p>\n","protected":false},"author":1,"featured_media":0,"parent":0,"menu_order":0,"comment_status":"closed","ping_status":"closed","template":"","meta":{"footnotes":""},"class_list":["post-5533","page","type-page","status-publish","hentry"],"_links":{"self":[{"href":"https:\/\/rakosliget.hu\/wordpress\/index.php\/wp-json\/wp\/v2\/pages\/5533","targetHints":{"allow":["GET"]}}],"collection":[{"href":"https:\/\/rakosliget.hu\/wordpress\/index.php\/wp-json\/wp\/v2\/pages"}],"about":[{"href":"https:\/\/rakosliget.hu\/wordpress\/index.php\/wp-json\/wp\/v2\/types\/page"}],"author":[{"embeddable":true,"href":"https:\/\/rakosliget.hu\/wordpress\/index.php\/wp-json\/wp\/v2\/users\/1"}],"replies":[{"embeddable":true,"href":"https:\/\/rakosliget.hu\/wordpress\/index.php\/wp-json\/wp\/v2\/comments?post=5533"}],"version-history":[{"count":13,"href":"https:\/\/rakosliget.hu\/wordpress\/index.php\/wp-json\/wp\/v2\/pages\/5533\/revisions"}],"predecessor-version":[{"id":23024,"href":"https:\/\/rakosliget.hu\/wordpress\/index.php\/wp-json\/wp\/v2\/pages\/5533\/revisions\/23024"}],"wp:attachment":[{"href":"https:\/\/rakosliget.hu\/wordpress\/index.php\/wp-json\/wp\/v2\/media?parent=5533"}],"curies":[{"name":"wp","href":"https:\/\/api.w.org\/{rel}","templated":true}]}}