{"id":553,"date":"2018-03-10T19:27:09","date_gmt":"2018-03-10T18:27:09","guid":{"rendered":"http:\/\/rakosliget.hu\/wordpress\/?page_id=553"},"modified":"2020-11-16T08:07:27","modified_gmt":"2020-11-16T07:07:27","slug":"rakosligeti-nepfrontbizottsag","status":"publish","type":"page","link":"https:\/\/rakosliget.hu\/wordpress\/index.php\/rakosligeti-nepfrontbizottsag\/","title":{"rendered":"N\u00c9PFRONTBIZOTTS\u00c1G"},"content":{"rendered":"<h2 style=\"text-align: left;\" align=\"center\"><span data-canvas-width=\"281.73039647682117\">A R\u00c1KOSLIGETI N\u00c9PFRONTBIZOTTS\u00c1G TAGJAI: <\/span><\/h2>\n<h6 style=\"text-align: left;\" align=\"center\"><span class=\"bodyText\" data-canvas-width=\"79.30136376158941\"><a href=\"http:\/\/rakosliget.hu\/html\/balazs.html\" target=\"_new\" rel=\"noopener noreferrer\">Bal\u00e1zs Imr\u00e9n\u00e9 <\/a><\/span><span class=\"bodyText\" data-canvas-width=\"74.01769923178809\"><br \/>\n<a href=\"http:\/\/rakosliget.hu\/html\/fekete.html\" target=\"_new\" rel=\"noopener noreferrer\">Fekete J\u00f3zsef<\/a><\/span><span class=\"bodyText\" data-canvas-width=\"147.75292982781457\"><br \/>\n<a href=\"http:\/\/rakosliget.hu\/html\/galambos.html\" target=\"_new\" rel=\"noopener noreferrer\">Galambos (Grosz) Marcell<\/a><br \/>\n<\/span><span class=\"bodyText\" data-canvas-width=\"98.25814776158943\"><a href=\"http:\/\/rakosliget.hu\/html\/keresztury.html\" target=\"_new\" rel=\"noopener noreferrer\">Keresztury Istv\u00e1n<\/a><\/span><span class=\"bodyText\" data-canvas-width=\"86.94575650331126\"><br \/>\n<a href=\"http:\/\/rakosliget.hu\/html\/meszaroslajos.html\" target=\"_new\" rel=\"noopener noreferrer\">M\u00e9sz\u00e1ros Lajos <\/a><br \/>\n<\/span><span class=\"bodyText\" data-canvas-width=\"85.62347578807949\"><a href=\"http:\/\/rakosliget.hu\/html\/szamado.html\" target=\"_new\" rel=\"noopener noreferrer\">Sz\u00e1mad\u00f3 Lajos<\/a><br \/>\n<\/span><span class=\"bodyText\" data-canvas-width=\"58.34137223841061\"><a href=\"http:\/\/rakosliget.hu\/html\/toth.html\" target=\"_new\" rel=\"noopener noreferrer\">T\u00f3th Imre<\/a><\/span><\/h6>\n<p style=\"text-align: left;\" align=\"center\"><span data-canvas-width=\"58.34137223841061\">Forr\u00e1s:BUDAPESTI K\u00d6Z\u00c9LETI N\u00c9VMUTAT\u00d3 1945-1950 (BUDAPESTI F\u0150V\u00c1ROS LEV\u00c9LT\u00c1RA KIADV\u00c1NYAI Lev\u00e9lt\u00e1ri dokument\u00e1ci\u00f3 4. BUDAPEST, 1980<\/span><\/p>\n","protected":false},"excerpt":{"rendered":"<p>A R\u00c1KOSLIGETI N\u00c9PFRONTBIZOTTS\u00c1G TAGJAI: Bal\u00e1zs Imr\u00e9n\u00e9 Fekete J\u00f3zsef Galambos (Grosz) Marcell Keresztury Istv\u00e1n M\u00e9sz\u00e1ros Lajos Sz\u00e1mad\u00f3 Lajos T\u00f3th Imre Forr\u00e1s:BUDAPESTI K\u00d6Z\u00c9LETI N\u00c9VMUTAT\u00d3 1945-1950 (BUDAPESTI F\u0150V\u00c1ROS LEV\u00c9LT\u00c1RA KIADV\u00c1NYAI Lev\u00e9lt\u00e1ri dokument\u00e1ci\u00f3 4. BUDAPEST, 1980<\/p>\n","protected":false},"author":1,"featured_media":0,"parent":0,"menu_order":0,"comment_status":"closed","ping_status":"closed","template":"","meta":{"footnotes":""},"class_list":["post-553","page","type-page","status-publish","hentry"],"_links":{"self":[{"href":"https:\/\/rakosliget.hu\/wordpress\/index.php\/wp-json\/wp\/v2\/pages\/553","targetHints":{"allow":["GET"]}}],"collection":[{"href":"https:\/\/rakosliget.hu\/wordpress\/index.php\/wp-json\/wp\/v2\/pages"}],"about":[{"href":"https:\/\/rakosliget.hu\/wordpress\/index.php\/wp-json\/wp\/v2\/types\/page"}],"author":[{"embeddable":true,"href":"https:\/\/rakosliget.hu\/wordpress\/index.php\/wp-json\/wp\/v2\/users\/1"}],"replies":[{"embeddable":true,"href":"https:\/\/rakosliget.hu\/wordpress\/index.php\/wp-json\/wp\/v2\/comments?post=553"}],"version-history":[{"count":2,"href":"https:\/\/rakosliget.hu\/wordpress\/index.php\/wp-json\/wp\/v2\/pages\/553\/revisions"}],"predecessor-version":[{"id":7149,"href":"https:\/\/rakosliget.hu\/wordpress\/index.php\/wp-json\/wp\/v2\/pages\/553\/revisions\/7149"}],"wp:attachment":[{"href":"https:\/\/rakosliget.hu\/wordpress\/index.php\/wp-json\/wp\/v2\/media?parent=553"}],"curies":[{"name":"wp","href":"https:\/\/api.w.org\/{rel}","templated":true}]}}