{"id":547,"date":"2018-03-10T19:22:56","date_gmt":"2018-03-10T18:22:56","guid":{"rendered":"http:\/\/rakosliget.hu\/wordpress\/?page_id=547"},"modified":"2026-01-23T19:00:36","modified_gmt":"2026-01-23T18:00:36","slug":"547-2","status":"publish","type":"page","link":"https:\/\/rakosliget.hu\/wordpress\/index.php\/547-2\/","title":{"rendered":"Az 1945-ben alakult Nemzeti Bizotts\u00e1g tagjainak n\u00e9vsora"},"content":{"rendered":"<h4 class=\"detailText style4\" align=\"left\">\u00a0<\/h4>\n<h5 class=\"detailText style4\" style=\"text-align: left;\" align=\"center\"><span data-canvas-width=\"272.2847544635761\">R\u00c1KOSLIGETI NEMZETI BIZOTTS\u00c1G<\/span><\/h5>\n<p class=\"detailText style4\" style=\"text-align: left;\" align=\"center\"><span data-canvas-width=\"272.2847544635761\"><br \/><span class=\"bodyText\" data-canvas-width=\"69.03970124503311\">BUDAPESTI K\u00d6Z\u00c9LETI N\u00c9VMUTAT\u00d3 1945-1950 (BUDAPESTI F\u0150V\u00c1ROS LEV\u00c9LT\u00c1RA KIADV\u00c1NYAI Lev\u00e9lt\u00e1ri dokument\u00e1ci\u00f3 4. BUDAPEST, 1980)<\/span><br \/><\/span><\/p>\n<h6 class=\"detailText style4\" style=\"text-align: left;\" align=\"center\"><span class=\"bodyText\" data-canvas-width=\"61.41168349668875\"><a href=\"https:\/\/rakosliget.hu\/wordpress\/index.php\/alpar-bela\/\" target=\"_new\" rel=\"noopener\">Alp\u00e1r B\u00e9la<\/a>\u00a0 \u00a0 \u00a0 \u00a0 \u00a0 \u00a0 \u00a0 \u00a0 \u00a01945-t\u0151l az MKP (MDP) tagja<br \/><\/span><span class=\"bodyText\" data-canvas-width=\"80.46125912582781\"><a href=\"https:\/\/rakosliget.hu\/wordpress\/index.php\/apagyi-andor\/\" target=\"_new\" rel=\"noopener\">Apagyi Andor<\/a>\u00a0 \u00a0 \u00a0 \u00a0 \u00a0 \u00a0 MKP (MDP) szervezet\u00e9nek tagja<br \/><\/span><span class=\"bodyText\" data-canvas-width=\"106.62849854304636\"><a href=\"https:\/\/rakosliget.hu\/wordpress\/index.php\/babocsa\/\" target=\"_new\" rel=\"noopener\">Babocsa Endre, dr.<\/a>\u00a0 Pl\u00e9b\u00e1nos, hitoktat\u00f3 lelk\u00e9sz<br \/><\/span><span class=\"bodyText\" data-canvas-width=\"80.44351954966888\"><a href=\"https:\/\/rakosliget.hu\/wordpress\/index.php\/banhegyi-gyorgy\/\">B\u00e1nhegyi Jen\u0151<\/a>\u00a0 \u00a0 \u00a0 \u00a0 \u00a0 \u00a0az FKgP tagja<\/span><span class=\"bodyText\" data-canvas-width=\"80.44351954966888\"><br \/><\/span><span class=\"bodyText\" data-canvas-width=\"92.91444158940398\"><a href=\"https:\/\/rakosliget.hu\/wordpress\/index.php\/belenyi-istvanne\/\" target=\"_new\" rel=\"noopener\">Bel\u00e9nyi Istv\u00e1nn\u00e9<\/a>\u00a0 \u00a0 \u00a0<\/span><span class=\"bodyText\" data-canvas-width=\"80.44351954966888\">az FKgP tagja<br \/><\/span><span class=\"bodyText\" data-canvas-width=\"72.71588725827816\"><a href=\"http:\/\/rakosliget.hu\/html\/benard.html\" target=\"_new\" rel=\"noopener\">Ben\u00e1rd G\u00e9za<\/a> \u00a0 \u00a0 \u00a0 \u00a0 \u00a0 \u00a0 \u00a0<\/span><span class=\"bodyText\" data-canvas-width=\"80.44351954966888\">az FKgP tagja<br \/><\/span><span class=\"bodyText\" data-canvas-width=\"54.135728105960276\"><a href=\"http:\/\/rakosliget.hu\/html\/birobela.html\" target=\"_new\" rel=\"noopener\">Bir\u00f3 B\u00e9la<\/a>\u00a0 \u00a0 \u00a0 \u00a0 \u00a0 \u00a0 \u00a0 \u00a0 \u00a0 \u00a0 <span data-canvas-width=\"263.62017015789473\">MKP (MDP, MSZMP)\u00a0<\/span><span data-canvas-width=\"260.87482535087725\">tagja<\/span><br \/><\/span><span class=\"bodyText\" data-canvas-width=\"70.8600546754967\"><a href=\"https:\/\/rakosliget.hu\/wordpress\/index.php\/buday-lajos\/\" target=\"_new\" rel=\"noopener\">Buday Lajos<\/a> \u00a0\u00a0 \u00a0 \u00a0 \u00a0 \u00a0 \u00a0 \u00a0 az FKgP tagja<br \/><\/span><span class=\"bodyText\" data-canvas-width=\"71.42362736423841\"><a href=\"http:\/\/rakosliget.hu\/html\/csala.html\" target=\"_new\" rel=\"noopener\">Csala L\u00e1szl\u00f3<\/a>\u00a0 \u00a0 \u00a0 \u00a0 \u00a0 \u00a0 \u00a0MKP tagja<br \/><\/span><span class=\"bodyText\" data-canvas-width=\"62.4050997615894\"><a href=\"http:\/\/rakosliget.hu\/html\/csep.html\">Cs\u00e9p Lajos<\/a>\u00a0\u00a0\u00a0\u00a0\u00a0\u00a0\u00a0\u00a0\u00a0\u00a0\u00a0\u00a0\u00a0\u00a0\u00a0\u00a0\u00a0\u00a0SZDP tagja<br \/><\/span><span class=\"bodyText\" data-canvas-width=\"80.84607147019868\"><a href=\"https:\/\/rakosliget.hu\/wordpress\/wp-admin\/post.php?post=2471&amp;action=edit\">Csert\u0151y Gyula<\/a>\u00a0 \u00a0 \u00a0 \u00a0 \u00a0 <span class=\"selected\" data-canvas-width=\"52.34893441583154\">SZDP tagja<\/span><br \/><\/span><span class=\"bodyText\" data-canvas-width=\"73.62742855629139\"><a href=\"http:\/\/rakosliget.hu\/html\/deak.html\" target=\"_new\" rel=\"noopener\">De\u00e1k Vilmos<\/a> \u00a0\u00a0\u00a0\u00a0 \u00a0 \u00a0 \u00a0 \u00a0 <span data-canvas-width=\"234.61622797073696\">SZDP\u00a0<\/span><span data-canvas-width=\"234.232238574887\">tagja<\/span><br \/><\/span><span class=\"bodyText\" data-canvas-width=\"56.08298773509934\"><a href=\"http:\/\/rakosliget.hu\/html\/degi.html\" target=\"_new\" rel=\"noopener\">D\u00e9gi Jen\u0151<\/a> \u00a0 \u00a0 \u00a0 \u00a0 \u00a0 \u00a0 \u00a0 \u00a0 \u00a0 MKP (MDP) tagja<br \/><\/span><span class=\"bodyText\" data-canvas-width=\"115.51466161589403\"><a href=\"http:\/\/rakosliget.hu\/html\/devai.html\" target=\"_new\" rel=\"noopener\">D\u00e9vai (Dim\u00e1k) G\u00e9za<\/a> az FKgP tagja<br \/><\/span><span class=\"bodyText\" data-canvas-width=\"42.783763947019864\"><a href=\"http:\/\/rakosliget.hu\/html\/donath.html\">Don\u00e1th <\/a><\/span><span class=\"bodyText\"><a href=\"http:\/\/rakosliget.hu\/html\/donath.html\" target=\"_new\" rel=\"noopener\"><span data-canvas-width=\"40.302952450331134\">Vilmos<\/span><\/a><span data-canvas-width=\"40.302952450331134\"> \u00a0\u00a0\u00a0 \u00a0 \u00a0<\/span><\/span><span class=\"bodyText\" data-canvas-width=\"56.08298773509934\">MKP (MDP) tagja<br \/><\/span><span class=\"bodyText\" data-canvas-width=\"96.8007733509934\"><a href=\"http:\/\/rakosliget.hu\/html\/dosztan.html\" target=\"_new\" rel=\"noopener\">Doszt\u00e1n J\u00f3zsefn\u00e9<\/a>\u00a0\u00a0 MKP (MDP) tagja<br \/><\/span><span class=\"bodyText\" data-canvas-width=\"148.4243045562914\"><a href=\"http:\/\/rakosliget.hu\/html\/galambos.html\" target=\"_new\" rel=\"noopener\">Galambos (Grosz)\u00a0 \u00a0Marcell<\/a> MKP (MDP) tagja<br \/><\/span><span class=\"bodyText\" data-canvas-width=\"87.60212082119206\"><a href=\"http:\/\/rakosliget.hu\/html\/gyarmati.html\" target=\"_new\" rel=\"noopener\">Gyarmati J\u00e1nos<\/a>\u00a0 \u00a0 \u00a0 \u00a0 szdp eln\u00f6ke<br \/><\/span><span class=\"bodyText\" data-canvas-width=\"101.89885462251655\"><a href=\"http:\/\/rakosliget.hu\/html\/gyorfi.html\" target=\"_new\" rel=\"noopener\">Gy\u0151rfi Alad\u00e1r, dr.<\/a>\u00a0 szdp tagja<br \/><\/span><span class=\"bodyText\" data-canvas-width=\"74.46118863576159\"><a href=\"http:\/\/rakosliget.hu\/html\/hamori.html\" target=\"_new\" rel=\"noopener\">H\u00e1mori Imre<\/a>\u00a0 \u00a0 \u00a0 \u00a0 \u00a0 \u00a0 \u00a0 mkp (Mdp) tagja<br \/><\/span><span class=\"bodyText\" data-canvas-width=\"54.9367381986755\"><a href=\"http:\/\/rakosliget.hu\/html\/hellmann.html\">Hellmann <\/a><\/span><span class=\"bodyText\"><a href=\"http:\/\/rakosliget.hu\/html\/hellmann.html\"><span data-canvas-width=\"34.90193380132451\">J\u00f3zsef<\/span><\/a>\u00a0 \u00a0 \u00a0mkp vezet\u0151s\u00e9gi tag<\/span><span class=\"bodyText\" data-canvas-width=\"34.90193380132451\"><br \/><\/span><span class=\"bodyText\" data-canvas-width=\"68.40517025165562\"><a href=\"http:\/\/rakosliget.hu\/html\/hercz.html\" target=\"_new\" rel=\"noopener\">Hercz Tibor<\/a> \u00a0\u00a0\u00a0\u00a0\u00a0\u00a0\u00a0\u00a0\u00a0 \u00a0 \u00a0 MKP (MDP) tag<br \/><\/span><span class=\"bodyText\" data-canvas-width=\"94.12892026490067\"><a href=\"http:\/\/rakosliget.hu\/html\/hollosi.html\" target=\"_new\" rel=\"noopener\">Holl\u00f3si L\u00e1szl\u00f3n\u00e9<\/a> \u00a0\u00a0 fkgp tagja<\/span><span class=\"bodyText\" data-canvas-width=\"66.31599401324505\"><br \/><a href=\"http:\/\/rakosliget.hu\/html\/javor.html\" target=\"_new\" rel=\"noopener\">J\u00e1vor Lajos<\/a>\u00a0 \u00a0 \u00a0 \u00a0 \u00a0 \u00a0 \u00a0 \u00a0 mkp tagja<\/span><span class=\"bodyText\" data-canvas-width=\"93.80960789403973\"><br \/><a href=\"http:\/\/rakosliget.hu\/html\/jeszenszky.html\" target=\"_new\" rel=\"noopener\">Jeszenszky Anna<\/a>\u00a0 \u00a0 \u00a0 mkp (mdp) tagja<\/span><span class=\"bodyText\" data-canvas-width=\"78.2656454304636\"><br \/><a href=\"http:\/\/rakosliget.hu\/html\/kalmar.html\" target=\"_new\" rel=\"noopener\">Kalm\u00e1r Tibor<\/a> \u00a0\u00a0\u00a0\u00a0\u00a0\u00a0\u00a0\u00a0\u00a0\u00a0 mkp, k\u00e9s\u0151bb az npp tagja<\/span><span class=\"bodyText\" data-canvas-width=\"109.76021602649006\"><br \/><a href=\"http:\/\/rakosliget.hu\/html\/kelecsenyi.html\" target=\"_new\" rel=\"noopener\">Kelecs\u00e9nyi \u00c1goston<\/a>\u00a0 fkgp tagja<br \/><\/span><span class=\"bodyText\" data-canvas-width=\"36.25969366887417\"><a href=\"http:\/\/rakosliget.hu\/html\/keller.html\" target=\"_new\" rel=\"noopener\">Keller<\/a><\/span> <span class=\"bodyText\"><a class=\"bodyText\" href=\"http:\/\/rakosliget.hu\/html\/keller.html\"><span data-canvas-width=\"44.89477350993378\">K\u00e1lm\u00e1n<\/span><\/a><span data-canvas-width=\"44.89477350993378\">\u00a0 \u00a0 \u00a0 \u00a0 \u00a0 fkgp tagja<\/span><\/span><span class=\"bodyText\" data-canvas-width=\"98.72892882119206\"><br \/><a href=\"https:\/\/rakosliget.hu\/wordpress\/index.php\/keresztury-istvan\/\">Kereszt\u00fary Istv\u00e1n <\/a>\u00a0\u00a0 fkgp tagja<\/span><span class=\"bodyText\" data-canvas-width=\"87.92825610596027\"><br \/><a href=\"http:\/\/rakosliget.hu\/html\/kluszka.html\" target=\"_new\" rel=\"noopener\">Kluszka Ferenc<\/a>\u00a0 \u00a0 \u00a0 \u00a0 \u00a0mkp tagja<\/span><span class=\"bodyText\" data-canvas-width=\"90.38450511258279\"><br \/><a href=\"http:\/\/rakosliget.hu\/html\/kovacsik.html\" target=\"_new\" rel=\"noopener\">Kovacsik Dezs\u0151<\/a> \u00a0\u00a0\u00a0\u00a0\u00a0\u00a0\u00a0 \u00a0szdp tagja<br \/><\/span><span class=\"bodyText\" data-canvas-width=\"87.51478752317881\"><a href=\"http:\/\/rakosliget.hu\/html\/kovacssne.html\" target=\"_new\" rel=\"noopener\">Kov\u00e1ts J\u00e1nosn\u00e9<\/a><br \/><\/span><span class=\"bodyText\" data-canvas-width=\"118.1442126357616\"><a href=\"http:\/\/rakosliget.hu\/html\/kormoczi.html\" target=\"_new\" rel=\"noopener\">K\u00f6rm\u00f6czi L\u00e1szl\u00f3, dr.<\/a> mkp (mdp) tagja<\/span><span class=\"bodyText\" data-canvas-width=\"80.69187361589405\"><br \/><a href=\"http:\/\/rakosliget.hu\/html\/korosi.html\" target=\"_new\" rel=\"noopener\">K\u00f6r\u00f6si Ferenc<\/a>\u00a0 \u00a0 \u00a0 \u00a0 \u00a0 \u00a0 \u00a0 <\/span><span class=\"bodyText\" data-canvas-width=\"81.87360230463577\"><br \/><a href=\"http:\/\/rakosliget.hu\/html\/kulcsar.html\" target=\"_new\" rel=\"noopener\">Kulcs\u00e1r Dezs\u0151<\/a>\u00a0 \u00a0 \u00a0 \u00a0 \u00a0 \u00a0szdp (mdp) tagja<\/span><span class=\"bodyText\" data-canvas-width=\"73.90716802649007\"><br \/><a href=\"http:\/\/rakosliget.hu\/html\/kutny.html\" target=\"_new\" rel=\"noopener\">Kutny Istv\u00e1n<\/a>\u00a0 \u00a0 \u00a0 \u00a0 \u00a0 \u00a0 \u00a0 szdp (mdp) tagja<br \/><\/span><span class=\"bodyText\" data-canvas-width=\"67.26847279470199\"><a href=\"http:\/\/rakosliget.hu\/html\/lorant.html\" target=\"_new\" rel=\"noopener\">L\u00f3r\u00e1nt B\u00e9la<\/a>\u00a0 \u00a0 \u00a0 \u00a0 \u00a0 \u00a0 \u00a0 \u00a0fkgp tagja<\/span><span class=\"bodyText\" data-canvas-width=\"99.90792834437087\"><br \/><a href=\"http:\/\/rakosliget.hu\/html\/madarasz.html\" target=\"_new\" rel=\"noopener\">Madar\u00e1sz Gy\u00f6rgy<\/a><br \/><\/span><span class=\"bodyText\" data-canvas-width=\"69.48728439735099\"><a href=\"http:\/\/rakosliget.hu\/html\/major.html\" target=\"_new\" rel=\"noopener\">Major J\u00e1nos<\/a><\/span><span class=\"bodyText\" data-canvas-width=\"96.26722148344372\"><br \/><a href=\"http:\/\/rakosliget.hu\/html\/meszaros.html\" target=\"_new\" rel=\"noopener\">M\u00e9sz\u00e1ros S\u00e1ndor<\/a><br \/><\/span><span class=\"bodyText\" data-canvas-width=\"97.16238778807949\"><a href=\"http:\/\/rakosliget.hu\/html\/miskolczi.html\" target=\"_new\" rel=\"noopener\">Miskolczi K\u00e1roly<\/a><br \/><\/span><span class=\"bodyText\" data-canvas-width=\"74.91286553642387\"><a href=\"http:\/\/rakosliget.hu\/html\/munar.html\" target=\"_new\" rel=\"noopener\">Mun\u00e1r J\u00f3zsef<\/a><br \/><\/span><span class=\"bodyText\" data-canvas-width=\"101.1906361589404\"><a href=\"http:\/\/rakosliget.hu\/html\/nagyk.html\" target=\"_new\" rel=\"noopener\">Nagy K\u00e1lm\u00e1n, dr. <\/a><br \/><\/span><span class=\"bodyText\" data-canvas-width=\"81.17084217218543\"><a href=\"http:\/\/rakosliget.hu\/html\/nemes.html\" target=\"_new\" rel=\"noopener\">Nemes K\u00e1roly<\/a><\/span><span class=\"bodyText\" data-canvas-width=\"75.89536513907284\"><br \/><a href=\"http:\/\/rakosliget.hu\/html\/olah.html\" target=\"_new\" rel=\"noopener\">Ol\u00e1h K\u00e1lm\u00e1n<\/a><\/span><span class=\"bodyText\" data-canvas-width=\"58.3413722384106\"><br \/><a href=\"http:\/\/rakosliget.hu\/html\/orf.html\" target=\"_new\" rel=\"noopener\">Orf Istv\u00e1n<\/a><\/span><span class=\"bodyText\" data-canvas-width=\"67.84023298013246\"><br \/><a href=\"http:\/\/rakosliget.hu\/html\/papai.html\" target=\"_new\" rel=\"noopener\">P\u00e1pai Vince<\/a><br \/><\/span><span class=\"bodyText\" data-canvas-width=\"75.2185320794702\"><a href=\"http:\/\/rakosliget.hu\/html\/parak.html\" target=\"_new\" rel=\"noopener\">P\u00e1r\u00e1k Ferenc<\/a><\/span><span class=\"bodyText\" data-canvas-width=\"79.59611364238411\"><br \/><a href=\"http:\/\/rakosliget.hu\/html\/pellerdi.html\" target=\"_new\" rel=\"noopener\">Pell\u00e9rdi J\u00f3zsef<\/a><\/span><span class=\"bodyText\" data-canvas-width=\"71.04563793377484\"><br \/><a href=\"http:\/\/rakosliget.hu\/html\/petik.html\" target=\"_new\" rel=\"noopener\">Petik Ferenc<\/a><br \/><\/span><span class=\"bodyText\" data-canvas-width=\"71.56281480794703\"><a href=\"http:\/\/rakosliget.hu\/html\/piedl.html\" target=\"_new\" rel=\"noopener\">Piedl Korn\u00e9l<\/a><br \/><\/span><span class=\"bodyText\" data-canvas-width=\"69.43815941721856\"><a href=\"http:\/\/rakosliget.hu\/html\/puskas.html\" target=\"_new\" rel=\"noopener\">Pusk\u00e1s Imre<\/a><\/span><span class=\"bodyText\" data-canvas-width=\"98.49285600000003\"><br \/><a href=\"http:\/\/rakosliget.hu\/html\/schauschek.html\" target=\"_new\" rel=\"noopener\">Schausek Ervinn\u00e9<\/a><\/span><span class=\"bodyText\" data-canvas-width=\"120.83516988079472\"><br \/><a href=\"http:\/\/rakosliget.hu\/html\/simonovanszky.html\">Simonov\u00e1nszky \u00d6d\u00f6n<\/a><\/span><span class=\"bodyText\" data-canvas-width=\"28.124051125827815\"><br \/><a href=\"http:\/\/rakosliget.hu\/html\/soos.html\" target=\"_new\" rel=\"noopener\">So\u00f3s <\/a><\/span><span class=\"bodyText\"><a href=\"http:\/\/rakosliget.hu\/html\/soos.html\"><span data-canvas-width=\"36.56536021192054\">Eisner <\/span><span data-canvas-width=\"55.15780060927152\">\u00d6d\u00f6n, dr. <\/span><\/a><\/span><span class=\"bodyText\" data-canvas-width=\"55.15780060927152\"><br \/><\/span><span class=\"bodyText\" data-canvas-width=\"117.78942111258281\"><a href=\"http:\/\/rakosliget.hu\/html\/sumegi.html\" target=\"_new\" rel=\"noopener\">S\u00fcmegi (Simek) Imre <\/a><\/span><span class=\"bodyText\" data-canvas-width=\"82.34574794701987\"><br \/><a href=\"http:\/\/rakosliget.hu\/html\/szaparyi.html\" target=\"_new\" rel=\"noopener\">Szap\u00e1ry Istv\u00e1n<\/a><\/span><span class=\"bodyText\" data-canvas-width=\"85.04352810596028\"><br \/><a href=\"http:\/\/rakosliget.hu\/html\/szeli.html\" target=\"_new\" rel=\"noopener\">Sz\u00e9ll Zsigmond<\/a><\/span><span class=\"bodyText\" data-canvas-width=\"75.71524021192053\"><br \/><a href=\"http:\/\/rakosliget.hu\/html\/szucs.html\" target=\"_new\" rel=\"noopener\">Sz\u0171cs S\u00e1ndor<\/a><\/span><span class=\"bodyText\" data-canvas-width=\"78.60952029139074\"><br \/><a href=\"http:\/\/rakosliget.hu\/html\/tornai.html\" target=\"_new\" rel=\"noopener\">Tornai L\u00e1szl\u00f3<\/a><\/span><span class=\"bodyText\" data-canvas-width=\"86.35352757615895\"><br \/><a href=\"http:\/\/rakosliget.hu\/html\/vandorfi.html\" target=\"_new\" rel=\"noopener\">V\u00e1ndorfi J\u00f3zsef <\/a><br \/><\/span><span class=\"bodyText\" data-canvas-width=\"128.5955521589404\"><a href=\"http:\/\/rakosliget.hu\/html\/vegvari.html\" target=\"_new\" rel=\"noopener\">V\u00e9gv\u00e1ri (Walch) D\u00e9nes <\/a><\/span><span class=\"bodyText\" data-canvas-width=\"69.03970124503311\"><br \/><a href=\"http:\/\/rakosliget.hu\/html\/virag.html\" target=\"_new\" rel=\"noopener\">Vir\u00e1g \u00c1d\u00e1m<\/a><\/span><\/h6>\n\n\n<p>R\u00e1kosliget, 1944. december 28. &#8211; 1945. m\u00e1rcius eleje<\/p>\n\n\n\n<p class=\"has-text-align-center\"><br>A MAGYAR KOMMUNISTA P\u00c1RT HELYI SZERVEZET\u00c9NEK JELENT\u00c9SE<br>A K\u00d6ZS\u00c9G FELSZABADUL\u00c1SA \u00d3TA V\u00c9GZETT MUNK\u00c1J\u00c1R\u00d3L,<br>\u00cdGY A NEMZETI BIZOTTS\u00c1G MEGALAK\u00cdT\u00c1S\u00c1R\u00d3L,<br>A K\u00d6ZS\u00c9G \u00c9LELMEZ\u00c9S\u00c9R\u0150L, A V\u00cdZELL\u00c1T\u00c1S BIZTOS\u00cdT\u00c1S\u00c1R\u00d3L,<br>A REAKCI\u00d3 FELL\u00c9P\u00c9S\u00c9R\u0150L<\/p>\n\n\n\n<p class=\"has-text-align-left\">1944. \u00e9vi december h\u00f3 28-\u00e1n szabadult fel k\u00f6zs\u00e9g\u00fcnk a Fasiszta megsz\u00e1ll\u00e1s al\u00f3l \u00e9s 1945. janu\u00e1r 2-\u00e1n megalak\u00edtottuk a k\u00f6zs\u00e9gi tan\u00e1csot 20 f\u0151vel. 1945. febru\u00e1r 7-\u00e9n \u00e1talakult a k\u00f6zs\u00e9gi tan\u00e1cs Nemzeti bizotts\u00e1gg\u00e1. 1945. janu\u00e1r 22-\u00e9n az iskolai tan\u00edt\u00e1sokat megkezdt\u00fck, \u00fagy az \u00c1llami Elemi, mint a k\u00f6zs\u00e9gi polg\u00e1ri iskol\u00e1ban.<\/p>\n\n\n\n<p class=\"has-text-align-left\"><br>A V\u00edzm\u00fcvek g\u00e9peinek rendbehoz\u00e1s\u00e1r\u00f3l \u00e9s a k\u00f6zs\u00e9g v\u00edzell\u00e1t\u00e1s\u00e1nak biztos\u00edt\u00e1s\u00e1r\u00f3l gondoskodtunk. Jelenleg az Orosz Parancsnoks\u00e1g seg\u00edts\u00e9g\u00e9vel siker\u00fclt \u00faj g\u00e9peket beszerezn\u00fcnk \u00e9s a k\u00f6zs\u00e9g v\u00edzell\u00e1t\u00e1sa \u00fczemanyag szempontj\u00e1b\u00f3l 2-3 h\u00e9tre biztos\u00edtva van.<br>A polg\u00e1ri lakoss\u00e1g r\u00e9sz\u00e9re teljes biztons\u00e1got siker\u00fclt el\u00e9rni rend\u0151rs\u00e9g\u00fcnkkel, 1,2 esetet kiv\u00e9ve, mikor az orosz k\u00f3rh\u00e1z r\u00e9sz\u00e9re gy\u0171jtenek egyes dolgokat.<br>K\u00f6z\u00e9lelmez\u00e9s szempontj\u00e1b\u00f3l siker\u00fclt a Kommunista P\u00e1rt f\u00e1radhatatlan munk\u00e1j\u00e1val ha nem is kiel\u00e9g\u00edt\u0151, de jobb \u00e9lelmez\u00e9st ny\u00fajtani mint a k\u00f6rny\u00e9kbeli k\u00f6zs\u00e9gek.<br>Siker\u00fclt az Orosz Parancsnoks\u00e1g r\u00e9sz\u00e9re a sz\u00fcks\u00e9ges munkaer\u0151t, ha nehezen is de mindenkor el\u0151\u00e1ll\u00edtanunk.<br>K\u00f6zs\u00e9g\u00fcnk legjobban r\u00e1szorultjai, betegei, az aggok \u00e9s gyermekek r\u00e9sz\u00e9re naponta 75 eb\u00e9det teljesen ingyen oszt ki a kommunista p\u00e1rt.<br>A Nemzeti Bizotts\u00e1gunk \u00f6sszet\u00e9tele: 11 tagb\u00f3l, 5 kommunista, 4 szoci\u00e1ldemokrata \u00e9s 2 k\u00f6zs\u00e9gi k\u00f6z\u00e9leti tag p\u00e1rton k\u00edv\u00fcli k\u00fcls\u0151re, azonban ez a kett\u0151 is p\u00e1rtunknak a tagja. A 4 szoci\u00e1ldemokrata bizotts\u00e1gi tag k\u00f6z\u00fcl egyet p\u00e1rtunkb\u00f3l k\u00fcldt\u00fcnk ki a szoci\u00e1ldemokrat\u00e1khoz.<br>A kommunista p\u00e1rt jelenleg 17 m\u00e1zsa liszttel rendelkezik ez fokozatosan ker\u00fcl kioszt\u00e1sra, els\u0151sorban a p\u00e1rt tagjai, sokgyermekes csal\u00e1dok \u00e9s az arra legjobban r\u00e1szorultak k\u00f6z\u00f6tt. P\u00e1rtunknak 3 tagja jelenleg is ut\u00f3n van \u00fajabb \u00e9lelmiszerek beszerz\u00e9s\u00e9re, \u00e9s mindezek az \u00e9lelmiszerek, melyeket p\u00e1rtunk tagjai saj\u00e1t p\u00e9nz\u00fckb\u0151l \u00e9jjel nappal f\u00e1rads\u00e1got nem ismerve \u00faton vannak \u00e9s szereznek be, a Fasiszt\u00e1k \u00e9s nyilasok teljes kiz\u00e1r\u00e1s\u00e1val k\u00edv\u00e1njuk kiosztani. Szerz\u00fcnk be ezenk\u00edv\u00fcl is \u00e9lelmiszereket a Nemzeti Bizotts\u00e1g nev\u00e9ben, ezeket azonban kiv\u00e9tel n\u00e9lk\u00fcl a k\u00f6zs\u00e9g lakoss\u00e1ga k\u00f6z\u00f6tt egyforma adagol\u00e1sban osztjuk sz\u00e9t.<br>Nagysiker\u0171, k\u00f6zs\u00e9g\u00fcnkben m\u00e9g soha nem tapasztalt t\u00f6meggy\u00fcl\u00e9sen \u00fcnnepelte meg a Nemzeti Bizotts\u00e1g febru\u00e1r 23-\u00e1n a V\u00f6r\u00f6s Hadsereg napj\u00e1t, melynek rendez\u00e9se \u00e9s propag\u00e1l\u00e1sa ugyancsak a p\u00e1rt helyi szervezet\u00e9nek munk\u00e1ja volt. A p\u00e1rt vezet\u00e9s\u00e9nek ugyancsak eredm\u00e9nyes munk\u00e1ja volt, hogy R\u00e1kosi M\u00e1ty\u00e1s budapesti besz\u00e9d\u00e9re is tekint\u00e9lyes sz\u00e1mban z\u00e1szl\u00f3k alatt vonultunk fel.<br>A Nemzeti Bizotts\u00e1g munk\u00e1j\u00e1t mindezideig a p\u00e1rt ir\u00e1ny\u00edt\u00e1s\u00e1nak megfelel\u0151en folytatta \u00e9s folytatni is fogja biztos\u00edt\u00e9k erre a Nemzeti Bizotts\u00e1gunk \u00f6sszet\u00e9tele.<br>Amennyiben neh\u00e9z \u00e9s r\u00e9sz\u00fcnkre s\u00falyos probl\u00e9m\u00e1k ad\u00f3dn\u00e1nak el\u0151, k\u00e9rj\u00fck a k\u00f6zpont seg\u00edts\u00e9g\u00e9t.<\/p>\n\n\n\n<p class=\"has-text-align-left\">K\u00e9rem, hogy legyen szabad most mindj\u00e1rt egy sz\u00e1munkra nehezen megoldhat\u00f3 k\u00e9rd\u00e9sben v\u00e1laszt \u00e9s seg\u00edts\u00e9get k\u00e9rni.<br>K\u00f6zs\u00e9g\u00fcnknek \u00f6sszet\u00e9tel\u00e9n\u00e9l fogva sajnos a kellet\u00e9n\u00e9l is t\u00f6bb, s j\u00f3val t\u00f6bb Fasiszta \u00e9s nyilas lakosa van, fegyveres er\u0151 rendelkez\u00e9s\u00fcnkre nem \u00e1ll, orosz parancsnoks\u00e1g k\u00f6zs\u00e9g\u00fcnkben nincs, a reakci\u00f3s elemeknek \u00cdgy minden \u00e9bers\u00e9g\u00fcnk dac\u00e1ra is tere van. Plak\u00e1tjainkat leszaggatj\u00e1k, alattomos m\u00f3don l\u00e1zitanak, \u00e9s minden felmer\u00fcl\u0151 neh\u00e9zs\u00e9get p\u00e1rtunk rov\u00e1s\u00e1ra igyekeznek kihaszn\u00e1lni.<br>Mit tegy\u00fcnk ezekkel?<br><em>K\u00e9toldalas, g\u00e9ppel \u00edrt feljegyz\u00e9s. \u2014 Pestm. Lt. R\u00e1kosligeti NB 1. csom\u00f3.<\/em><\/p>\n\n\n\n<p class=\"has-text-align-left\"><\/p>\n\n\n\n<p class=\"has-text-align-left\"><\/p>\n","protected":false},"excerpt":{"rendered":"<p>\u00a0 R\u00c1KOSLIGETI NEMZETI BIZOTTS\u00c1G BUDAPESTI K\u00d6Z\u00c9LETI N\u00c9VMUTAT\u00d3 1945-1950 (BUDAPESTI F\u0150V\u00c1ROS LEV\u00c9LT\u00c1RA KIADV\u00c1NYAI Lev\u00e9lt\u00e1ri dokument\u00e1ci\u00f3 4. BUDAPEST, 1980) Alp\u00e1r B\u00e9la\u00a0 \u00a0 \u00a0 \u00a0 \u00a0 \u00a0 \u00a0 \u00a0 \u00a01945-t\u0151l az MKP (MDP) tagjaApagyi Andor\u00a0 \u00a0 \u00a0 \u00a0 \u00a0 \u00a0 MKP (MDP) szervezet\u00e9nek tagjaBabocsa Endre, dr.\u00a0 Pl\u00e9b\u00e1nos, hitoktat\u00f3 lelk\u00e9szB\u00e1nhegyi Jen\u0151\u00a0 \u00a0 \u00a0 \u00a0 \u00a0 \u00a0az FKgP tagjaBel\u00e9nyi Istv\u00e1nn\u00e9\u00a0 &hellip; <a href=\"https:\/\/rakosliget.hu\/wordpress\/index.php\/547-2\/\" class=\"more-link\"><span class=\"screen-reader-text\">Az 1945-ben alakult Nemzeti Bizotts\u00e1g tagjainak n\u00e9vsora<\/span> r\u00e9szletei&#8230;<\/a><\/p>\n","protected":false},"author":1,"featured_media":0,"parent":0,"menu_order":0,"comment_status":"closed","ping_status":"closed","template":"","meta":{"footnotes":""},"class_list":["post-547","page","type-page","status-publish","hentry"],"_links":{"self":[{"href":"https:\/\/rakosliget.hu\/wordpress\/index.php\/wp-json\/wp\/v2\/pages\/547","targetHints":{"allow":["GET"]}}],"collection":[{"href":"https:\/\/rakosliget.hu\/wordpress\/index.php\/wp-json\/wp\/v2\/pages"}],"about":[{"href":"https:\/\/rakosliget.hu\/wordpress\/index.php\/wp-json\/wp\/v2\/types\/page"}],"author":[{"embeddable":true,"href":"https:\/\/rakosliget.hu\/wordpress\/index.php\/wp-json\/wp\/v2\/users\/1"}],"replies":[{"embeddable":true,"href":"https:\/\/rakosliget.hu\/wordpress\/index.php\/wp-json\/wp\/v2\/comments?post=547"}],"version-history":[{"count":45,"href":"https:\/\/rakosliget.hu\/wordpress\/index.php\/wp-json\/wp\/v2\/pages\/547\/revisions"}],"predecessor-version":[{"id":23934,"href":"https:\/\/rakosliget.hu\/wordpress\/index.php\/wp-json\/wp\/v2\/pages\/547\/revisions\/23934"}],"wp:attachment":[{"href":"https:\/\/rakosliget.hu\/wordpress\/index.php\/wp-json\/wp\/v2\/media?parent=547"}],"curies":[{"name":"wp","href":"https:\/\/api.w.org\/{rel}","templated":true}]}}