{"id":5457,"date":"2020-10-28T06:16:16","date_gmt":"2020-10-28T05:16:16","guid":{"rendered":"http:\/\/rakosliget.hu\/wordpress\/?page_id=5457"},"modified":"2026-01-31T19:56:44","modified_gmt":"2026-01-31T18:56:44","slug":"regiakademia-telep","status":"publish","type":"page","link":"https:\/\/rakosliget.hu\/wordpress\/index.php\/regiakademia-telep\/","title":{"rendered":"R\u00c9GIAKAD\u00c9MIATELEP"},"content":{"rendered":"\n<p><em>Friss\u00edtve: 2022.01.09.<\/em><\/p>\n\n\n\n<p><a href=\"http:\/\/rakosliget.hu\/wordpress\/wp-content\/uploads\/2021\/04\/Regiakademiatelep-rovid-tortenete_.pdf\" target=\"_blank\" rel=\"noreferrer noopener\">R\u00e9giakad\u00e9miatelep t\u00f6rt\u00e9nete. pdf<\/a><\/p>\n\n\n<p>1930 j\u00falius\u00e1ban a Magyar Tudom\u00e1nyos Akad\u00e9mia \u00fagy d\u00f6nt\u00f6tt, hogy a tulajdon\u00e1ban l\u00e9v\u0151 Vigy\u00e1z\u00f3-birtok egy r\u00e9sz\u00e9t kiparcell\u00e1zza h\u00e1z\u00e9p\u00edt\u00e9s c\u00e9lj\u00e1b\u00f3l. A ter\u00fclet eg\u00e9szen Nagy-Budapest kialakul\u00e1s\u00e1ig R\u00e1koskereszt\u00far r\u00e9sze, de m\u00e9g 1935-ben is <a href=\"http:\/\/rakosliget.hu\/wordpress\/wp-content\/uploads\/2022\/01\/Podmaniczkytelep.jpg\">Podmaniczkytelep n\u00e9ven ismert. (<\/a>Magyar Kir\u00e1lyi \u00c1llamvasutak Hivatalos Lapja 3. sz\u00e1m, 1935. janu\u00e1r 12;&nbsp; 34. oldal. A telep\u00fcl\u00e9sr\u00e9sz \u00f6n\u00e1ll\u00f3 sohasem volt, de a mai napig meg\u0151rizte legal\u00e1bbis nev\u00e9ben az \u00f6n\u00e1ll\u00f3s\u00e1g\u00e1t. Ma a XVII. ker\u00fclet egyik v\u00e1rosr\u00e9sze, amely val\u00f3j\u00e1ban R\u00e1kosliget r\u00e9sz\u00e9t k\u00e9pezi.<\/p>\n<p><img loading=\"lazy\" decoding=\"async\" class=\"alignnone size-medium wp-image-2991 aligncenter\" src=\"http:\/\/rakosliget.hu\/wordpress\/wp-content\/uploads\/2019\/12\/regi-akademia-telep-terkep-300x226.jpg\" alt=\"\" width=\"300\" height=\"226\" srcset=\"https:\/\/rakosliget.hu\/wordpress\/wp-content\/uploads\/2019\/12\/regi-akademia-telep-terkep-300x226.jpg 300w, https:\/\/rakosliget.hu\/wordpress\/wp-content\/uploads\/2019\/12\/regi-akademia-telep-terkep-1024x771.jpg 1024w, https:\/\/rakosliget.hu\/wordpress\/wp-content\/uploads\/2019\/12\/regi-akademia-telep-terkep-768x578.jpg 768w, https:\/\/rakosliget.hu\/wordpress\/wp-content\/uploads\/2019\/12\/regi-akademia-telep-terkep.jpg 1498w\" sizes=\"auto, (max-width: 300px) 100vw, 300px\" \/><\/p>\n<p>R\u00c1KOSKERESZT\u00daR \u00c9S R\u00c1KOSLIGET k\u00f6z\u00f6tt \u00faj villatelep keletkezik. Az Akad\u00e9mia ugyanis tervbe vette, hogy a gr\u00f3f Vigy\u00e1z\u00f3-f\u00e9le \u00f6r\u00f6ks\u00e9gb\u0151l szerzett telkeit parcell\u00e1z\u00e1s \u00fatj\u00e1n \u00e9rt\u00e9kes\u00edti. Ezen ter\u00fclet ugyan R\u00e1koskereszt\u00far k\u00f6zs\u00e9ghez tartozik, azonban szorosan hat\u00e1ros \u00e9s folytat\u00e1s\u00e1t k\u00e9pezi a r\u00e1kosligeti villatelepnek, \u00fagy hogy amennyiben a v\u00edzell\u00e1t\u00e1si k\u00e9rd\u00e9st meg tudj\u00e1k oldani, itt egy \u00faj villatelep fel\u00e9p\u00fcl\u00e9se rem\u00e9lhet\u0151.<\/p>\n<p>1930. febru\u00e1r<\/p>\n<p style=\"text-align: center;\"><a href=\"http:\/\/rakosliget.hu\/wordpress\/wp-content\/uploads\/2019\/12\/regi-akademia-telep.jpg\"><img loading=\"lazy\" decoding=\"async\" class=\"alignnone size-medium wp-image-2982 aligncenter\" src=\"http:\/\/rakosliget.hu\/wordpress\/wp-content\/uploads\/2019\/12\/regi-akademia-telep-300x287.jpg\" alt=\"\" width=\"300\" height=\"287\" srcset=\"https:\/\/rakosliget.hu\/wordpress\/wp-content\/uploads\/2019\/12\/regi-akademia-telep-300x287.jpg 300w, https:\/\/rakosliget.hu\/wordpress\/wp-content\/uploads\/2019\/12\/regi-akademia-telep-1024x980.jpg 1024w, https:\/\/rakosliget.hu\/wordpress\/wp-content\/uploads\/2019\/12\/regi-akademia-telep-768x735.jpg 768w, https:\/\/rakosliget.hu\/wordpress\/wp-content\/uploads\/2019\/12\/regi-akademia-telep-1536x1471.jpg 1536w, https:\/\/rakosliget.hu\/wordpress\/wp-content\/uploads\/2019\/12\/regi-akademia-telep.jpg 1667w\" sizes=\"auto, (max-width: 300px) 100vw, 300px\" \/><\/a>1930. okt\u00f3ber 15. Az Ujs\u00e1g<\/p>\n\n\n<div class=\"wp-block-image\"><figure class=\"aligncenter size-large\"><img loading=\"lazy\" decoding=\"async\" width=\"471\" height=\"552\" src=\"http:\/\/rakosliget.hu\/wordpress\/wp-content\/uploads\/2019\/12\/regi_akademiatelep0.jpg\" alt=\"\" class=\"wp-image-2983\" srcset=\"https:\/\/rakosliget.hu\/wordpress\/wp-content\/uploads\/2019\/12\/regi_akademiatelep0.jpg 471w, https:\/\/rakosliget.hu\/wordpress\/wp-content\/uploads\/2019\/12\/regi_akademiatelep0-256x300.jpg 256w\" sizes=\"auto, (max-width: 471px) 100vw, 471px\" \/><figcaption>Forr\u00e1s: Arcanum adatb\u00e1zis<\/figcaption><\/figure><\/div>\n\n\n\n<div class=\"wp-block-image\"><figure class=\"aligncenter size-large\"><a href=\"http:\/\/rakosliget.hu\/wordpress\/wp-content\/uploads\/2020\/11\/Akademiatelep-parcellazasa-1930-februar-23-.jpg\"><img loading=\"lazy\" decoding=\"async\" width=\"535\" height=\"257\" src=\"http:\/\/rakosliget.hu\/wordpress\/wp-content\/uploads\/2020\/11\/Akademiatelep-parcellazasa-1930-februar-23-.jpg\" alt=\"\" class=\"wp-image-6296\" srcset=\"https:\/\/rakosliget.hu\/wordpress\/wp-content\/uploads\/2020\/11\/Akademiatelep-parcellazasa-1930-februar-23-.jpg 535w, https:\/\/rakosliget.hu\/wordpress\/wp-content\/uploads\/2020\/11\/Akademiatelep-parcellazasa-1930-februar-23--300x144.jpg 300w\" sizes=\"auto, (max-width: 535px) 100vw, 535px\" \/><\/a><figcaption>1930. febru\u00e1r 23. Az Ujs\u00e1g<\/figcaption><\/figure><\/div>\n\n\n\n<div class=\"wp-block-image\"><figure class=\"aligncenter size-large\"><a href=\"http:\/\/rakosliget.hu\/wordpress\/wp-content\/uploads\/2020\/11\/Akademia-telep-1930-marcius-14-scaled.jpg\"><img loading=\"lazy\" decoding=\"async\" width=\"524\" height=\"1024\" src=\"http:\/\/rakosliget.hu\/wordpress\/wp-content\/uploads\/2020\/11\/Akademia-telep-1930-marcius-14-524x1024.jpg\" alt=\"\" class=\"wp-image-6330\" srcset=\"https:\/\/rakosliget.hu\/wordpress\/wp-content\/uploads\/2020\/11\/Akademia-telep-1930-marcius-14-524x1024.jpg 524w, https:\/\/rakosliget.hu\/wordpress\/wp-content\/uploads\/2020\/11\/Akademia-telep-1930-marcius-14-153x300.jpg 153w, https:\/\/rakosliget.hu\/wordpress\/wp-content\/uploads\/2020\/11\/Akademia-telep-1930-marcius-14-768x1502.jpg 768w, https:\/\/rakosliget.hu\/wordpress\/wp-content\/uploads\/2020\/11\/Akademia-telep-1930-marcius-14-785x1536.jpg 785w, https:\/\/rakosliget.hu\/wordpress\/wp-content\/uploads\/2020\/11\/Akademia-telep-1930-marcius-14-1047x2048.jpg 1047w, https:\/\/rakosliget.hu\/wordpress\/wp-content\/uploads\/2020\/11\/Akademia-telep-1930-marcius-14-scaled.jpg 1309w\" sizes=\"auto, (max-width: 524px) 100vw, 524px\" \/><\/a><figcaption>1930. m\u00e1rcius 14. Az Ujs\u00e1g<\/figcaption><\/figure><\/div>\n\n\n\n<div class=\"wp-block-image\"><figure class=\"aligncenter size-large\"><a href=\"http:\/\/rakosliget.hu\/wordpress\/wp-content\/uploads\/2020\/11\/Akademiatelep-parcellazasa-1930-aprilis-6-.jpg\"><img loading=\"lazy\" decoding=\"async\" width=\"802\" height=\"1024\" src=\"http:\/\/rakosliget.hu\/wordpress\/wp-content\/uploads\/2020\/11\/Akademiatelep-parcellazasa-1930-aprilis-6--802x1024.jpg\" alt=\"\" class=\"wp-image-6281\" srcset=\"https:\/\/rakosliget.hu\/wordpress\/wp-content\/uploads\/2020\/11\/Akademiatelep-parcellazasa-1930-aprilis-6--802x1024.jpg 802w, https:\/\/rakosliget.hu\/wordpress\/wp-content\/uploads\/2020\/11\/Akademiatelep-parcellazasa-1930-aprilis-6--235x300.jpg 235w, https:\/\/rakosliget.hu\/wordpress\/wp-content\/uploads\/2020\/11\/Akademiatelep-parcellazasa-1930-aprilis-6--768x980.jpg 768w, https:\/\/rakosliget.hu\/wordpress\/wp-content\/uploads\/2020\/11\/Akademiatelep-parcellazasa-1930-aprilis-6--1203x1536.jpg 1203w, https:\/\/rakosliget.hu\/wordpress\/wp-content\/uploads\/2020\/11\/Akademiatelep-parcellazasa-1930-aprilis-6-.jpg 1476w\" sizes=\"auto, (max-width: 802px) 100vw, 802px\" \/><\/a><figcaption>1930. \u00e1prilis 6. Az Ujs\u00e1g<\/figcaption><\/figure><\/div>\n\n\n\n<div class=\"wp-block-image\"><figure class=\"aligncenter size-large\"><a href=\"http:\/\/rakosliget.hu\/wordpress\/wp-content\/uploads\/2020\/11\/Akademiatelep-parcellazasa-1930-aprilis-20-.jpg\"><img loading=\"lazy\" decoding=\"async\" width=\"1024\" height=\"924\" src=\"http:\/\/rakosliget.hu\/wordpress\/wp-content\/uploads\/2020\/11\/Akademiatelep-parcellazasa-1930-aprilis-20--1024x924.jpg\" alt=\"\" class=\"wp-image-6283\" srcset=\"https:\/\/rakosliget.hu\/wordpress\/wp-content\/uploads\/2020\/11\/Akademiatelep-parcellazasa-1930-aprilis-20--1024x924.jpg 1024w, https:\/\/rakosliget.hu\/wordpress\/wp-content\/uploads\/2020\/11\/Akademiatelep-parcellazasa-1930-aprilis-20--300x271.jpg 300w, https:\/\/rakosliget.hu\/wordpress\/wp-content\/uploads\/2020\/11\/Akademiatelep-parcellazasa-1930-aprilis-20--768x693.jpg 768w, https:\/\/rakosliget.hu\/wordpress\/wp-content\/uploads\/2020\/11\/Akademiatelep-parcellazasa-1930-aprilis-20-.jpg 1465w\" sizes=\"auto, (max-width: 1024px) 100vw, 1024px\" \/><\/a><figcaption>1930. \u00e1prilis 20. Az Ujs\u00e1g<\/figcaption><\/figure><\/div>\n\n\n\n<div class=\"wp-block-image\"><figure class=\"aligncenter size-large\"><a href=\"http:\/\/rakosliget.hu\/wordpress\/wp-content\/uploads\/2020\/11\/1930-augusztus-3-utat-cinkot-keresztur-koze.jpg\"><img loading=\"lazy\" decoding=\"async\" width=\"329\" height=\"1024\" src=\"http:\/\/rakosliget.hu\/wordpress\/wp-content\/uploads\/2020\/11\/1930-augusztus-3-utat-cinkot-keresztur-koze-329x1024.jpg\" alt=\"\" class=\"wp-image-6285\" srcset=\"https:\/\/rakosliget.hu\/wordpress\/wp-content\/uploads\/2020\/11\/1930-augusztus-3-utat-cinkot-keresztur-koze-329x1024.jpg 329w, https:\/\/rakosliget.hu\/wordpress\/wp-content\/uploads\/2020\/11\/1930-augusztus-3-utat-cinkot-keresztur-koze-494x1536.jpg 494w, https:\/\/rakosliget.hu\/wordpress\/wp-content\/uploads\/2020\/11\/1930-augusztus-3-utat-cinkot-keresztur-koze.jpg 524w\" sizes=\"auto, (max-width: 329px) 100vw, 329px\" \/><\/a><figcaption>1930. augusztus 3. Az Ujs\u00e1g<\/figcaption><\/figure><\/div>\n","protected":false},"excerpt":{"rendered":"<p>Friss\u00edtve: 2022.01.09. R\u00e9giakad\u00e9miatelep t\u00f6rt\u00e9nete. pdf 1930 j\u00falius\u00e1ban a Magyar Tudom\u00e1nyos Akad\u00e9mia \u00fagy d\u00f6nt\u00f6tt, hogy a tulajdon\u00e1ban l\u00e9v\u0151 Vigy\u00e1z\u00f3-birtok egy r\u00e9sz\u00e9t kiparcell\u00e1zza h\u00e1z\u00e9p\u00edt\u00e9s c\u00e9lj\u00e1b\u00f3l. A ter\u00fclet eg\u00e9szen Nagy-Budapest kialakul\u00e1s\u00e1ig R\u00e1koskereszt\u00far r\u00e9sze, de m\u00e9g 1935-ben is Podmaniczkytelep n\u00e9ven ismert. (Magyar Kir\u00e1lyi \u00c1llamvasutak Hivatalos Lapja 3. sz\u00e1m, 1935. janu\u00e1r 12;&nbsp; 34. oldal. A telep\u00fcl\u00e9sr\u00e9sz \u00f6n\u00e1ll\u00f3 sohasem volt, de &hellip; <a href=\"https:\/\/rakosliget.hu\/wordpress\/index.php\/regiakademia-telep\/\" class=\"more-link\"><span class=\"screen-reader-text\">R\u00c9GIAKAD\u00c9MIATELEP<\/span> r\u00e9szletei&#8230;<\/a><\/p>\n","protected":false},"author":1,"featured_media":2991,"parent":0,"menu_order":0,"comment_status":"closed","ping_status":"closed","template":"","meta":{"footnotes":""},"class_list":["post-5457","page","type-page","status-publish","has-post-thumbnail","hentry"],"_links":{"self":[{"href":"https:\/\/rakosliget.hu\/wordpress\/index.php\/wp-json\/wp\/v2\/pages\/5457","targetHints":{"allow":["GET"]}}],"collection":[{"href":"https:\/\/rakosliget.hu\/wordpress\/index.php\/wp-json\/wp\/v2\/pages"}],"about":[{"href":"https:\/\/rakosliget.hu\/wordpress\/index.php\/wp-json\/wp\/v2\/types\/page"}],"author":[{"embeddable":true,"href":"https:\/\/rakosliget.hu\/wordpress\/index.php\/wp-json\/wp\/v2\/users\/1"}],"replies":[{"embeddable":true,"href":"https:\/\/rakosliget.hu\/wordpress\/index.php\/wp-json\/wp\/v2\/comments?post=5457"}],"version-history":[{"count":22,"href":"https:\/\/rakosliget.hu\/wordpress\/index.php\/wp-json\/wp\/v2\/pages\/5457\/revisions"}],"predecessor-version":[{"id":9896,"href":"https:\/\/rakosliget.hu\/wordpress\/index.php\/wp-json\/wp\/v2\/pages\/5457\/revisions\/9896"}],"wp:featuredmedia":[{"embeddable":true,"href":"https:\/\/rakosliget.hu\/wordpress\/index.php\/wp-json\/wp\/v2\/media\/2991"}],"wp:attachment":[{"href":"https:\/\/rakosliget.hu\/wordpress\/index.php\/wp-json\/wp\/v2\/media?parent=5457"}],"curies":[{"name":"wp","href":"https:\/\/api.w.org\/{rel}","templated":true}]}}