{"id":5407,"date":"2020-10-21T04:02:34","date_gmt":"2020-10-21T03:02:34","guid":{"rendered":"http:\/\/rakosliget.hu\/wordpress\/?page_id=5407"},"modified":"2020-10-29T15:00:46","modified_gmt":"2020-10-29T14:00:46","slug":"pecsetnyomatok-2","status":"publish","type":"page","link":"https:\/\/rakosliget.hu\/wordpress\/index.php\/pecsetnyomatok-2\/","title":{"rendered":"PECS\u00c9TNYOMATOK"},"content":{"rendered":"\n<div class=\"wp-block-group\"><div class=\"wp-block-group__inner-container is-layout-flow wp-block-group-is-layout-flow\">\n<figure class=\"wp-block-table aligncenter is-style-stripes\"><table><tbody><tr><td class=\"has-text-align-center\" data-align=\"center\"><\/td><td><\/td><td class=\"has-text-align-center\" data-align=\"center\"><strong>Az egyh\u00e1zak pecs\u00e9tnyomatai<\/strong><\/td><\/tr><tr><td class=\"has-text-align-center\" data-align=\"center\"><a href=\"http:\/\/rakosliget.hu\/pecsetek\/reformatus.jpg\" target=\"_blank\" rel=\"noreferrer noopener\"><img loading=\"lazy\" decoding=\"async\" src=\"http:\/\/rakosliget.hu\/pecsetek\/reformatus_.jpg\" width=\"100\" height=\"83\"><\/a><\/td><td><\/td><td class=\"has-text-align-center\" data-align=\"center\">A reform\u00e1tus egyh\u00e1z pecs\u00e9tnyomata 1928-b\u00f3l<\/td><\/tr><tr><td class=\"has-text-align-center\" data-align=\"center\"><a href=\"http:\/\/rakosliget.hu\/pecsetek\/evangelikus.jpg\" target=\"_blank\" rel=\"noreferrer noopener\"><img loading=\"lazy\" decoding=\"async\" src=\"http:\/\/rakosliget.hu\/wordpress\/wp-content\/uploads\/2020\/10\/image.jpeg\" width=\"100\" height=\"95\"><\/a><\/td><td><\/td><td class=\"has-text-align-center\" data-align=\"center\">Az Evang\u00e9likus fi\u00f3kegyh\u00e1z 1906-os pecs\u00e9tnyomata<\/td><\/tr><tr><td class=\"has-text-align-center\" data-align=\"center\"><a href=\"http:\/\/rakosliget.hu\/pecsetek\/katolikusegyhaz.jpg\" target=\"_blank\" rel=\"noreferrer noopener\"><img loading=\"lazy\" decoding=\"async\" src=\"http:\/\/rakosliget.hu\/pecsetek\/katolikusegyhaz_.jpg\" width=\"100\" height=\"104\"><\/a><\/td><td><\/td><td class=\"has-text-align-center\" data-align=\"center\">A r\u00f3mai katolikus egyh\u00e1z pecs\u00e9tje 1919.<\/td><\/tr><tr><td class=\"has-text-align-center\" data-align=\"center\"><a href=\"http:\/\/rakosliget.hu\/pecsetek\/katolikusnoegylet1927.jpg\" target=\"_blank\" rel=\"noreferrer noopener\"><img loading=\"lazy\" decoding=\"async\" src=\"http:\/\/rakosliget.hu\/pecsetek\/katolikusnoegylet1927_.jpg\" width=\"100\" height=\"102\"><\/a><\/td><td><\/td><td class=\"has-text-align-center\" data-align=\"center\">Katolikus N\u0151v\u00e9d\u0151 Egyes\u00fclet<\/td><\/tr><tr><td class=\"has-text-align-center\" data-align=\"center\"><a href=\"http:\/\/rakosliget.hu\/pecsetek\/zsido pecset nagy.jpg\" target=\"_blank\" rel=\"noreferrer noopener\"><img loading=\"lazy\" decoding=\"async\" src=\"http:\/\/rakosliget.hu\/pecsetek\/zsido%20pecset.jpg\" width=\"100\" height=\"99\"><\/a><\/td><td><\/td><td class=\"has-text-align-center\" data-align=\"center\">Az izraelita hitk\u00f6zs\u00e9g pecs\u00e9tje<\/td><\/tr><tr><td class=\"has-text-align-center\" data-align=\"center\"><\/td><td><\/td><td class=\"has-text-align-center\" data-align=\"center\"><strong>A k\u00f6zs\u00e9g pecs\u00e9tnyomatai<\/strong><\/td><\/tr><tr><td class=\"has-text-align-center\" data-align=\"center\"><a href=\"http:\/\/rakosliget.hu\/pecsetek\/rakosligetnagy.jpg\" target=\"_blank\" rel=\"noreferrer noopener\"><img loading=\"lazy\" decoding=\"async\" src=\"http:\/\/rakosliget.hu\/pecsetek\/rakosligetnagy_.jpg\" width=\"100\" height=\"95\"><\/a><\/td><td><\/td><td class=\"has-text-align-center\" data-align=\"center\">R\u00e1kosliget k\u00f6zs\u00e9g pecs\u00e9tje 1907<\/td><\/tr><tr><td class=\"has-text-align-center\" data-align=\"center\"><a href=\"http:\/\/rakosliget.hu\/pecsetek\/anyakonyvi%201919.jpg\"><img loading=\"lazy\" decoding=\"async\" src=\"http:\/\/rakosliget.hu\/pecsetek\/anyakonyvi%201919.jpg\" width=\"116\" height=\"118\"><\/a><\/td><td><\/td><td class=\"has-text-align-center\" data-align=\"center\">R\u00e1kosligeti anyak\u00f6nyvi ker\u00fclet 1919. 03. 30.<\/td><\/tr><tr><td class=\"has-text-align-center\" data-align=\"center\"><a href=\"http:\/\/rakosliget.hu\/pecsetek\/legoltalmiparancsnoksag.jpg\"><img loading=\"lazy\" decoding=\"async\" src=\"http:\/\/rakosliget.hu\/pecsetek\/legoltalmiparancsnoksag_.jpg\" width=\"100\" height=\"95\"><\/a><\/td><td><\/td><td class=\"has-text-align-center\" data-align=\"center\">L\u00e9goltalmi parancsnoks\u00e1g<\/td><\/tr><tr><td class=\"has-text-align-center\" data-align=\"center\"><\/td><td><\/td><td class=\"has-text-align-center\" data-align=\"center\"><strong>Az iskola pecs\u00e9tnyomatai<\/strong><\/td><\/tr><tr><td class=\"has-text-align-center\" data-align=\"center\"><a href=\"http:\/\/rakosliget.hu\/pecsetek\/nepiskola1928.jpg\"><img loading=\"lazy\" decoding=\"async\" src=\"http:\/\/rakosliget.hu\/pecsetek\/nepiskola1928_.jpg\" width=\"100\" height=\"95\"><\/a><\/td><td><\/td><td class=\"has-text-align-center\" data-align=\"center\">Az \u00c1llami N\u00e9piskola pecs\u00e9tje 1900<\/td><\/tr><tr><td class=\"has-text-align-center\" data-align=\"center\"><a href=\"_wp_link_placeholder\"><img loading=\"lazy\" decoding=\"async\" src=\"http:\/\/rakosliget.hu\/pecsetek\/iskola1919.jpg\" width=\"108\" height=\"103\"><\/a><\/td><td><\/td><td class=\"has-text-align-center\" data-align=\"center\">R\u00e1kosligeti \u00c1llami Elemi Iskola 1919. 07. 26.<\/td><\/tr><tr><td class=\"has-text-align-center\" data-align=\"center\"><a href=\"http:\/\/rakosliget.hu\/pecsetek\/leanyiskola.jpg\"><img loading=\"lazy\" decoding=\"async\" src=\"http:\/\/rakosliget.hu\/pecsetek\/leanyiskola.jpg\" width=\"120\" height=\"120\"><\/a><\/td><td><\/td><td class=\"has-text-align-center\" data-align=\"center\">A Polg\u00e1ri iskola pecs\u00e9tnyomata<\/td><\/tr><tr><td class=\"has-text-align-center\" data-align=\"center\"><a rel=\"noreferrer noopener\" href=\"http:\/\/rakosliget.hu\/pecsetek\/rakosligetidaleszenekor.jpg\" target=\"_blank\"><\/a><\/td><td><\/td><td class=\"has-text-align-center\" data-align=\"center\"><strong>Egyes\u00fcletek pecs\u00e9tnyomatai<\/strong><\/td><\/tr><tr><td class=\"has-text-align-center\" data-align=\"center\"><a rel=\"noreferrer noopener\" href=\"http:\/\/rakosliget.hu\/pecsetek\/rakosligetidaleszenekor.jpg\" target=\"_blank\"><img loading=\"lazy\" decoding=\"async\" src=\"http:\/\/rakosliget.hu\/pecsetek\/rakosligetidaleszenekor_.jpg\" width=\"100\" height=\"56\"><\/a><\/td><td><\/td><td class=\"has-text-align-center\" data-align=\"center\">A Zenek\u00f6r pecs\u00e9tje 1900<\/td><\/tr><tr><td class=\"has-text-align-center\" data-align=\"center\"><a href=\"http:\/\/rakosliget.hu\/pecsetek\/magyartuzharcosszovetseg.jpg\"><img loading=\"lazy\" decoding=\"async\" src=\"http:\/\/rakosliget.hu\/pecsetek\/magyartuzharcosszovetseg_.jpg\" width=\"100\" height=\"90\"><\/a><\/td><td><\/td><td class=\"has-text-align-center\" data-align=\"center\">T\u0171zharcos Sz\u00f6vets\u00e9g<\/td><\/tr><tr><td class=\"has-text-align-center\" data-align=\"center\"><a href=\"http:\/\/rakosliget.hu\/pecsetek\/levente%20pecset1929.jpg\"><img loading=\"lazy\" decoding=\"async\" src=\"http:\/\/rakosliget.hu\/pecsetek\/levente%20pecset1929_.jpg\" width=\"100\" height=\"96\"><\/a><\/td><td><\/td><td class=\"has-text-align-center\" data-align=\"center\">Levente Egyes\u00fclet 1929.<\/td><\/tr><tr><td class=\"has-text-align-center\" data-align=\"center\"><\/td><td><\/td><td class=\"has-text-align-center\" data-align=\"center\"><strong>Sportegyes\u00fcletek pecs\u00e9tnyomatai<\/strong><\/td><\/tr><tr><td class=\"has-text-align-center\" data-align=\"center\"><a href=\"http:\/\/rakosliget.hu\/pecsetek\/RUE.jpg\"><img loading=\"lazy\" decoding=\"async\" src=\"http:\/\/rakosliget.hu\/pecsetek\/RUE.jpg\" width=\"170\" height=\"170\"><\/a><\/td><td><\/td><td class=\"has-text-align-center\" data-align=\"center\">RUE pecs\u00e9t 1911<\/td><\/tr><tr><td class=\"has-text-align-center\" data-align=\"center\"><\/td><td><\/td><td class=\"has-text-align-center\" data-align=\"center\"><\/td><\/tr><tr><td class=\"has-text-align-center\" data-align=\"center\"><\/td><td><\/td><td class=\"has-text-align-center\" data-align=\"center\"><strong>Iparosok, szolg\u00e1ltat\u00f3k pecs\u00e9tnyomatai<\/strong><\/td><\/tr><tr><td class=\"has-text-align-center\" data-align=\"center\"><a href=\"http:\/\/rakosliget.hu\/pecsetek\/ipartestulet.jpg\"><img loading=\"lazy\" decoding=\"async\" src=\"http:\/\/rakosliget.hu\/pecsetek\/ipartestulet.jpg\" width=\"96\" height=\"100\"><\/a><\/td><td><\/td><td class=\"has-text-align-center\" data-align=\"center\">Ipartest\u00fclet 1920<\/td><\/tr><tr><td class=\"has-text-align-center\" data-align=\"center\"><a href=\"http:\/\/rakosliget.hu\/pecsetek\/phoebus1932.jpg\"><img loading=\"lazy\" decoding=\"async\" src=\"http:\/\/rakosliget.hu\/pecsetek\/phoebus1932_.jpg\" width=\"100\" height=\"49\"><\/a><\/td><td><\/td><td class=\"has-text-align-center\" data-align=\"center\">Phoebus Villamos M\u0171vek r\u00e1kosligeti kirendelts\u00e9ge pecs\u00e9tje<\/td><\/tr><tr><td class=\"has-text-align-center\" data-align=\"center\"><a href=\"http:\/\/rakosliget.hu\/pecsetek\/tothmihalynekonyvkereskedes1926.jpg\"><img loading=\"lazy\" decoding=\"async\" src=\"http:\/\/rakosliget.hu\/pecsetek\/tothmihalynekonyvkereskedes1926_.jpg\" width=\"100\" height=\"76\"><\/a><\/td><td><\/td><td class=\"has-text-align-center\" data-align=\"center\">T\u00f3th Mih\u00e1lyn\u00e9 k\u00f6nyvkeresked\u00e9s<\/td><\/tr><tr><td class=\"has-text-align-center\" data-align=\"center\"><a href=\"http:\/\/rakosliget.hu\/pecsetek\/juhasz1932.jpg\"><img loading=\"lazy\" decoding=\"async\" src=\"http:\/\/rakosliget.hu\/pecsetek\/juhasz1932_.jpg\" width=\"100\" height=\"36\"><\/a><\/td><td><\/td><td class=\"has-text-align-center\" data-align=\"center\">Juh\u00e1sz J\u00f3zsef \u00e9p\u00edt\u0151mester &nbsp;<br>&nbsp;<br>&nbsp;<\/td><\/tr><tr><td class=\"has-text-align-center\" data-align=\"center\"><a href=\"http:\/\/rakosliget.hu\/pecsetek\/hangya1932.jpg\"><img loading=\"lazy\" decoding=\"async\" src=\"http:\/\/rakosliget.hu\/pecsetek\/hangya1932_.jpg\" width=\"100\" height=\"35\"><\/a><\/td><td><\/td><td class=\"has-text-align-center\" data-align=\"center\">&nbsp;<br>&nbsp; Hangya Sz\u00f6vetkezet<\/td><\/tr><tr><td class=\"has-text-align-center\" data-align=\"center\"><\/td><td><\/td><td class=\"has-text-align-center\" data-align=\"center\"><strong>Egy\u00e9b pecs\u00e9tnyomatok<\/strong><\/td><\/tr><tr><td class=\"has-text-align-center\" data-align=\"center\"><a href=\"http:\/\/rakosliget.hu\/pecsetek\/posta.jpg\"><img loading=\"lazy\" decoding=\"async\" src=\"http:\/\/rakosliget.hu\/pecsetek\/posta.jpg\" width=\"175\" height=\"176\"><\/a><\/td><td><\/td><td class=\"has-text-align-center\" data-align=\"center\">Postai pecs\u00e9tnyomat 1916<\/td><\/tr><tr><td class=\"has-text-align-center\" data-align=\"center\"><\/td><td><\/td><td class=\"has-text-align-center\" data-align=\"center\"><strong>1919 Tan\u00e1csk\u00f6zt\u00e1rsas\u00e1g pecs\u00e9tnyomatai<\/strong><\/td><\/tr><tr><td class=\"has-text-align-center\" data-align=\"center\"><a href=\"http:\/\/R\u00e1kosligeti Munk\u00e1stan\u00e1cs k\u00f6zell\u00e1t\u00e1si direkt\u00f3riuma 1919. 06. 11.\"><img loading=\"lazy\" decoding=\"async\" src=\"http:\/\/rakosliget.hu\/pecsetek\/kozellatasi%20direktorium%201919.jpg\" width=\"279\" height=\"91\"><\/a><\/td><td><\/td><td class=\"has-text-align-center\" data-align=\"center\">R\u00e1kosligeti Munk\u00e1stan\u00e1cs k\u00f6zell\u00e1t\u00e1si direkt\u00f3riuma 1919. 06. 11<\/td><\/tr><tr><td class=\"has-text-align-center\" data-align=\"center\"><a href=\"http:\/\/rakosliget.hu\/pecsetek\/rajparancsnoksag%201919.jpg\"><img loading=\"lazy\" decoding=\"async\" src=\"http:\/\/rakosliget.hu\/pecsetek\/rajparancsnoksag%201919.jpg\" width=\"88\" height=\"87\"><\/a><\/td><td><\/td><td class=\"has-text-align-center\" data-align=\"center\">V\u00f6r\u00f6s\u0151r rajparancsnoks\u00e1g 1919.07.11.<\/td><\/tr><tr><td class=\"has-text-align-center\" data-align=\"center\"><a href=\"http:\/\/rakosliget.hu\/pecsetek\/munkastanacs1919.jpg\"><img loading=\"lazy\" decoding=\"async\" src=\"http:\/\/rakosliget.hu\/pecsetek\/munkastanacs1919.jpg\" width=\"116\" height=\"122\"><\/a><\/td><td><\/td><td class=\"has-text-align-center\" data-align=\"center\">Munk\u00e1stan\u00e1cs 1919.04.14.<\/td><\/tr><tr><td class=\"has-text-align-center\" data-align=\"center\"><a href=\"http:\/\/rakosliget.hu\/pecsetek\/direktorium%201919.jpg\"><img loading=\"lazy\" decoding=\"async\" src=\"http:\/\/rakosliget.hu\/pecsetek\/direktorium%201919.jpg\" width=\"106\" height=\"107\"><\/a><\/td><td><\/td><td class=\"has-text-align-center\" data-align=\"center\">R\u00e1kosliget direkt\u00f3riuma 1919. 06. 11.<\/td><\/tr><tr><td class=\"has-text-align-center\" data-align=\"center\"><\/td><td><\/td><td class=\"has-text-align-center\" data-align=\"center\"><\/td><\/tr><\/tbody><\/table><\/figure>\n<\/div><\/div>\n\n\n<div class=\"mceTemp\">&nbsp;<\/div>\n<div class=\"mceTemp\">&nbsp;<\/div>\n<div class=\"mceTemp\">&nbsp;<\/div>\n<div class=\"mceTemp\">&nbsp;<\/div>\n<div class=\"mceTemp\">&nbsp;<\/div>\n<div class=\"mceTemp\">&nbsp;<\/div>\n\n\n<p>Az oldal<em> utols\u00f3 m\u00f3dos\u00edt\u00e1sa: 2020.10.21.<\/em><\/p>\n","protected":false},"excerpt":{"rendered":"<p>Az egyh\u00e1zak pecs\u00e9tnyomatai A reform\u00e1tus egyh\u00e1z pecs\u00e9tnyomata 1928-b\u00f3l Az Evang\u00e9likus fi\u00f3kegyh\u00e1z 1906-os pecs\u00e9tnyomata A r\u00f3mai katolikus egyh\u00e1z pecs\u00e9tje 1919. Katolikus N\u0151v\u00e9d\u0151 Egyes\u00fclet Az izraelita hitk\u00f6zs\u00e9g pecs\u00e9tje A k\u00f6zs\u00e9g pecs\u00e9tnyomatai R\u00e1kosliget k\u00f6zs\u00e9g pecs\u00e9tje 1907 R\u00e1kosligeti anyak\u00f6nyvi ker\u00fclet 1919. 03. 30. L\u00e9goltalmi parancsnoks\u00e1g Az iskola pecs\u00e9tnyomatai Az \u00c1llami N\u00e9piskola pecs\u00e9tje 1900 R\u00e1kosligeti \u00c1llami Elemi Iskola 1919. 07. &hellip; <a href=\"https:\/\/rakosliget.hu\/wordpress\/index.php\/pecsetnyomatok-2\/\" class=\"more-link\"><span class=\"screen-reader-text\">PECS\u00c9TNYOMATOK<\/span> r\u00e9szletei&#8230;<\/a><\/p>\n","protected":false},"author":1,"featured_media":5382,"parent":0,"menu_order":0,"comment_status":"closed","ping_status":"closed","template":"","meta":{"footnotes":""},"class_list":["post-5407","page","type-page","status-publish","has-post-thumbnail","hentry"],"_links":{"self":[{"href":"https:\/\/rakosliget.hu\/wordpress\/index.php\/wp-json\/wp\/v2\/pages\/5407","targetHints":{"allow":["GET"]}}],"collection":[{"href":"https:\/\/rakosliget.hu\/wordpress\/index.php\/wp-json\/wp\/v2\/pages"}],"about":[{"href":"https:\/\/rakosliget.hu\/wordpress\/index.php\/wp-json\/wp\/v2\/types\/page"}],"author":[{"embeddable":true,"href":"https:\/\/rakosliget.hu\/wordpress\/index.php\/wp-json\/wp\/v2\/users\/1"}],"replies":[{"embeddable":true,"href":"https:\/\/rakosliget.hu\/wordpress\/index.php\/wp-json\/wp\/v2\/comments?post=5407"}],"version-history":[{"count":30,"href":"https:\/\/rakosliget.hu\/wordpress\/index.php\/wp-json\/wp\/v2\/pages\/5407\/revisions"}],"predecessor-version":[{"id":5503,"href":"https:\/\/rakosliget.hu\/wordpress\/index.php\/wp-json\/wp\/v2\/pages\/5407\/revisions\/5503"}],"wp:featuredmedia":[{"embeddable":true,"href":"https:\/\/rakosliget.hu\/wordpress\/index.php\/wp-json\/wp\/v2\/media\/5382"}],"wp:attachment":[{"href":"https:\/\/rakosliget.hu\/wordpress\/index.php\/wp-json\/wp\/v2\/media?parent=5407"}],"curies":[{"name":"wp","href":"https:\/\/api.w.org\/{rel}","templated":true}]}}