{"id":5399,"date":"2020-10-20T13:23:21","date_gmt":"2020-10-20T12:23:21","guid":{"rendered":"http:\/\/rakosliget.hu\/wordpress\/?page_id=5399"},"modified":"2026-01-16T16:30:42","modified_gmt":"2026-01-16T15:30:42","slug":"orszagos-frontharcos-szovetseg","status":"publish","type":"page","link":"https:\/\/rakosliget.hu\/wordpress\/index.php\/orszagos-frontharcos-szovetseg\/","title":{"rendered":"Orsz\u00e1gos Frontharcos Sz\u00f6vets\u00e9g"},"content":{"rendered":"\n<p><a href=\"https:\/\/rakosliget.hu\/wordpress\/index.php\/1900-1948-kozott-rakosligeten-mukodott-egyesuletek\/\">VISSZA AZ EGYES\u00dcLETEK LAPRA<\/a><\/p>\n\n\n<p><img loading=\"lazy\" decoding=\"async\" class=\"alignnone size-medium wp-image-5398\" src=\"http:\/\/rakosliget.hu\/wordpress\/wp-content\/uploads\/2020\/10\/frontharcos-197x300.jpg\" alt=\"\" width=\"197\" height=\"300\" srcset=\"https:\/\/rakosliget.hu\/wordpress\/wp-content\/uploads\/2020\/10\/frontharcos-197x300.jpg 197w, https:\/\/rakosliget.hu\/wordpress\/wp-content\/uploads\/2020\/10\/frontharcos.jpg 526w\" sizes=\"auto, (max-width: 197px) 100vw, 197px\" \/><\/p>\n<p>A sz\u00f6vets\u00e9g jelv\u00e9nye. <em><a href=\"https:\/\/darabanth.blog.hu\/2014\/06\/11\/orszagos_frontharcos_szovetseg_jelvenye\">Forr\u00e1s<\/a><\/em><\/p>\n<h1>1934<\/h1>\n<p style=\"text-align: left;\">A t\u0171zharcos min\u0151s\u00e9get a K\u00e1roly-csapatkereszt igazolt birtok\u00e1hoz k\u00f6t\u00f6tt\u00e9k. Az 1938. \u00e9vi IV. t\u00f6rv\u00e9nycikk R\u00e9szletes indokl\u00e1s r\u00e9szben ezt \u00edrja a kit\u00fcntet\u00e9sr\u0151l: A K\u00e1roly-csapatkeresztet az 1916. \u00e9vben n\u00e9hai K\u00e1roly kir\u00e1ly \u0150 Fels\u00e9ge a vil\u00e1gh\u00e1bor\u00fa alatt az arcvonalban szolg\u00e1latot teljes\u00edtett harcosok feld\u00edsz\u00edt\u00e9s\u00e9re alap\u00edtotta. Arra \u00e1ltal\u00e1ban a fegyveres er\u0151 harcra kijel\u00f6lt r\u00e9sz\u00e9n\u00e9l teljes\u00edtett 12 heti harct\u00e9ri arcvonalbeli szolg\u00e1lat ny\u00fajt ig\u00e9nyt, felt\u00e9ve, hogy az \u00e9rdekelt ez alatt az id\u0151 alatt harcban r\u00e9szt is vett. A sebes\u00fcl\u00e9s k\u00f6vetkezt\u00e9ben arcvonalszolg\u00e1latra alkalmatlann\u00e1 v\u00e1lt egy\u00e9nekre \u00e9s a hadifogs\u00e1gba jutottakra k\u00fcl\u00f6nleges rendelkez\u00e9sek \u00e9rv\u00e9nyesek.<\/p>\n\n\n<p>A Frontharcos Sz\u00f6vets\u00e9get f\u00f6lv\u00e1lt\u00f3 test\u00fclet, amely 1938-ban alakult meg. A t\u0171zharcos sz\u00f6vets\u00e9gnek tagja lehetett az a magyar \u00e1llampolg\u00e1r, aki az els\u0151 vil\u00e1gh\u00e1bor\u00faban, az arcvonalban szolg\u00e1lva, megszerezte a K\u00e1roly-csapatkeresztet. A sz\u00f6vets\u00e9g tagjaib\u00f3l alakult a T\u0171zharcosok \u00e9s Katonaviseltek Termel\u0151, Beszerz\u0151 \u00e9s \u00c9rt\u00e9kes\u00edt\u0151 Sz\u00f6vetkezete (Budapest V., B\u00e1lv\u00e1ny, majd gr\u00f3f Teleki P\u00e1l, 1953-t\u00f3l Okt\u00f3ber 6. utca 24.). Az Ideiglenes Korm\u00e1ny 1945 febru\u00e1rj\u00e1ban feloszlatta. Sz\u00e9kh\u00e1za a Budapest VII., Wessel\u00e9nyi u. 49. sz. alatt volt. <em>Forr\u00e1s: <a href=\"https:\/\/www.arcanum.hu\/hu\/online-kiadvanyok\/2vhSzakkonyv-magyarok-a-ii-vilaghaboruban-2\/az-ihnetov-munkanaploja-vitez-beldy-alajos-vezerezredes-hadtortenelmi-leveltarban-orzott-irataibol-19411943-82D0\/fuggelek-A02A\/tarsadalmi-politikai-szervezetek-intezmenyek-gyarak-uzemek-A042\/magyar-tuzharcos-szovetseg-A0D8\/\">Arcanum<\/a>.<\/em> <br><\/p>\n\n\n\n<p>A r\u00e1kosligeti csoport 1934. janu\u00e1r 7-\u00e9n alakult, ennek eln\u00f6ke az a&nbsp;Jacobi \u00c1gost nyugalmazott alezredes (ezredes?) volt, aki a&nbsp;Turul Sz\u00f6vets\u00e9g R\u00e1kosligeti Hunyadi J\u00e1nos Bajt\u00e1rsi T\u00f6rzs\u00e9nek t\u00f6rzsf\u0151je is volt. Az aleln\u00f6k\u00f6k&nbsp;Csert\u0151y Gyula \u00e9s Kern P\u00e1l, a t\u00e1rseln\u00f6k Heged\u0171s Imre, a tiszteletbeli eln\u00f6k pedig vit\u00e9z Rubinthy Dezs\u0151.<\/p>\n\n\n\n<figure class=\"wp-block-image size-full\"><img loading=\"lazy\" decoding=\"async\" width=\"970\" height=\"171\" src=\"https:\/\/rakosliget.hu\/wordpress\/wp-content\/uploads\/2025\/03\/Pesti-HIrlap-1934-10-16-13-oldal.jpg\" alt=\"\" class=\"wp-image-16767\" srcset=\"https:\/\/rakosliget.hu\/wordpress\/wp-content\/uploads\/2025\/03\/Pesti-HIrlap-1934-10-16-13-oldal.jpg 970w, https:\/\/rakosliget.hu\/wordpress\/wp-content\/uploads\/2025\/03\/Pesti-HIrlap-1934-10-16-13-oldal-300x53.jpg 300w, https:\/\/rakosliget.hu\/wordpress\/wp-content\/uploads\/2025\/03\/Pesti-HIrlap-1934-10-16-13-oldal-768x135.jpg 768w\" sizes=\"auto, (max-width: 970px) 100vw, 970px\" \/><figcaption class=\"wp-element-caption\">Pesti H\u00cdrlap 1934. 10. 16. 13. oldal<\/figcaption><\/figure>\n\n\n\n<h2 class=\"wp-block-heading\">1941<\/h2>\n\n\n\n<figure class=\"wp-block-image size-full\"><img loading=\"lazy\" decoding=\"async\" width=\"848\" height=\"298\" src=\"https:\/\/rakosliget.hu\/wordpress\/wp-content\/uploads\/2025\/03\/Nemzeti-Ujsag-1941.-november-29.-7.-oldal.jpg\" alt=\"\" class=\"wp-image-16986\" srcset=\"https:\/\/rakosliget.hu\/wordpress\/wp-content\/uploads\/2025\/03\/Nemzeti-Ujsag-1941.-november-29.-7.-oldal.jpg 848w, https:\/\/rakosliget.hu\/wordpress\/wp-content\/uploads\/2025\/03\/Nemzeti-Ujsag-1941.-november-29.-7.-oldal-300x105.jpg 300w, https:\/\/rakosliget.hu\/wordpress\/wp-content\/uploads\/2025\/03\/Nemzeti-Ujsag-1941.-november-29.-7.-oldal-768x270.jpg 768w\" sizes=\"auto, (max-width: 848px) 100vw, 848px\" \/><figcaption class=\"wp-element-caption\">Nemzeti \u00dajsag 1941. november 29. 7. oldal<\/figcaption><\/figure>\n\n\n\n<p><a href=\"https:\/\/rakosliget.hu\/wordpress\/index.php\/1900-1948-kozott-rakosligeten-mukodott-egyesuletek\/\">VISSZA AZ EGYES\u00dcLETEK LAPRA<\/a><\/p>\n","protected":false},"excerpt":{"rendered":"<p>VISSZA AZ EGYES\u00dcLETEK LAPRA A sz\u00f6vets\u00e9g jelv\u00e9nye. Forr\u00e1s 1934 A t\u0171zharcos min\u0151s\u00e9get a K\u00e1roly-csapatkereszt igazolt birtok\u00e1hoz k\u00f6t\u00f6tt\u00e9k. Az 1938. \u00e9vi IV. t\u00f6rv\u00e9nycikk R\u00e9szletes indokl\u00e1s r\u00e9szben ezt \u00edrja a kit\u00fcntet\u00e9sr\u0151l: A K\u00e1roly-csapatkeresztet az 1916. \u00e9vben n\u00e9hai K\u00e1roly kir\u00e1ly \u0150 Fels\u00e9ge a vil\u00e1gh\u00e1bor\u00fa alatt az arcvonalban szolg\u00e1latot teljes\u00edtett harcosok feld\u00edsz\u00edt\u00e9s\u00e9re alap\u00edtotta. Arra \u00e1ltal\u00e1ban a fegyveres er\u0151 harcra &hellip; <a href=\"https:\/\/rakosliget.hu\/wordpress\/index.php\/orszagos-frontharcos-szovetseg\/\" class=\"more-link\"><span class=\"screen-reader-text\">Orsz\u00e1gos Frontharcos Sz\u00f6vets\u00e9g<\/span> r\u00e9szletei&#8230;<\/a><\/p>\n","protected":false},"author":1,"featured_media":0,"parent":0,"menu_order":0,"comment_status":"closed","ping_status":"closed","template":"","meta":{"footnotes":""},"class_list":["post-5399","page","type-page","status-publish","hentry"],"_links":{"self":[{"href":"https:\/\/rakosliget.hu\/wordpress\/index.php\/wp-json\/wp\/v2\/pages\/5399","targetHints":{"allow":["GET"]}}],"collection":[{"href":"https:\/\/rakosliget.hu\/wordpress\/index.php\/wp-json\/wp\/v2\/pages"}],"about":[{"href":"https:\/\/rakosliget.hu\/wordpress\/index.php\/wp-json\/wp\/v2\/types\/page"}],"author":[{"embeddable":true,"href":"https:\/\/rakosliget.hu\/wordpress\/index.php\/wp-json\/wp\/v2\/users\/1"}],"replies":[{"embeddable":true,"href":"https:\/\/rakosliget.hu\/wordpress\/index.php\/wp-json\/wp\/v2\/comments?post=5399"}],"version-history":[{"count":11,"href":"https:\/\/rakosliget.hu\/wordpress\/index.php\/wp-json\/wp\/v2\/pages\/5399\/revisions"}],"predecessor-version":[{"id":21680,"href":"https:\/\/rakosliget.hu\/wordpress\/index.php\/wp-json\/wp\/v2\/pages\/5399\/revisions\/21680"}],"wp:attachment":[{"href":"https:\/\/rakosliget.hu\/wordpress\/index.php\/wp-json\/wp\/v2\/media?parent=5399"}],"curies":[{"name":"wp","href":"https:\/\/api.w.org\/{rel}","templated":true}]}}