{"id":5391,"date":"2020-10-20T13:08:08","date_gmt":"2020-10-20T12:08:08","guid":{"rendered":"http:\/\/rakosliget.hu\/wordpress\/?page_id=5391"},"modified":"2020-10-20T13:08:08","modified_gmt":"2020-10-20T12:08:08","slug":"stefania-szovetseg","status":"publish","type":"page","link":"https:\/\/rakosliget.hu\/wordpress\/index.php\/stefania-szovetseg\/","title":{"rendered":"Stef\u00e1nia Sz\u00f6vets\u00e9g"},"content":{"rendered":"<p>Az Orsz\u00e1gos Stef\u00e1nia Sz\u00f6\u00advets\u00e9g, az any\u00e1k \u00e9s cse\u00adcsem\u0151k v\u00e9delm\u00e9vel \u00e1llamilag&nbsp; meg\u00adb\u00edzott szervezet. 1915-ben j\u00f6tt l\u00e9tre.<\/p>\n","protected":false},"excerpt":{"rendered":"<p>Az Orsz\u00e1gos Stef\u00e1nia Sz\u00f6\u00advets\u00e9g, az any\u00e1k \u00e9s cse\u00adcsem\u0151k v\u00e9delm\u00e9vel \u00e1llamilag&nbsp; meg\u00adb\u00edzott szervezet. 1915-ben j\u00f6tt l\u00e9tre.<\/p>\n","protected":false},"author":1,"featured_media":0,"parent":0,"menu_order":0,"comment_status":"closed","ping_status":"closed","template":"","meta":{"footnotes":""},"class_list":["post-5391","page","type-page","status-publish","hentry"],"_links":{"self":[{"href":"https:\/\/rakosliget.hu\/wordpress\/index.php\/wp-json\/wp\/v2\/pages\/5391","targetHints":{"allow":["GET"]}}],"collection":[{"href":"https:\/\/rakosliget.hu\/wordpress\/index.php\/wp-json\/wp\/v2\/pages"}],"about":[{"href":"https:\/\/rakosliget.hu\/wordpress\/index.php\/wp-json\/wp\/v2\/types\/page"}],"author":[{"embeddable":true,"href":"https:\/\/rakosliget.hu\/wordpress\/index.php\/wp-json\/wp\/v2\/users\/1"}],"replies":[{"embeddable":true,"href":"https:\/\/rakosliget.hu\/wordpress\/index.php\/wp-json\/wp\/v2\/comments?post=5391"}],"version-history":[{"count":2,"href":"https:\/\/rakosliget.hu\/wordpress\/index.php\/wp-json\/wp\/v2\/pages\/5391\/revisions"}],"predecessor-version":[{"id":5395,"href":"https:\/\/rakosliget.hu\/wordpress\/index.php\/wp-json\/wp\/v2\/pages\/5391\/revisions\/5395"}],"wp:attachment":[{"href":"https:\/\/rakosliget.hu\/wordpress\/index.php\/wp-json\/wp\/v2\/media?parent=5391"}],"curies":[{"name":"wp","href":"https:\/\/api.w.org\/{rel}","templated":true}]}}