{"id":536,"date":"2018-03-10T08:07:32","date_gmt":"2018-03-10T07:07:32","guid":{"rendered":"http:\/\/rakosliget.hu\/wordpress\/?page_id=536"},"modified":"2026-03-28T05:03:28","modified_gmt":"2026-03-28T04:03:28","slug":"egyhazi-vezetok-tisztsegviselok","status":"publish","type":"page","link":"https:\/\/rakosliget.hu\/wordpress\/index.php\/egyhazi-vezetok-tisztsegviselok\/","title":{"rendered":"EGYH\u00c1ZAK, EGYH\u00c1ZI VEZET\u0150K,"},"content":{"rendered":"\n<h3 class=\"wp-block-heading\"><\/h3>\n\n\n\n<div class=\"wp-block-buttons is-content-justification-center is-layout-flex wp-container-core-buttons-is-layout-16018d1d wp-block-buttons-is-layout-flex\">\n<div class=\"wp-block-button\"><a class=\"wp-block-button__link wp-element-button\" href=\"https:\/\/rakosliget.hu\/wordpress\/index.php\/egyhazak-rakosligeten\/\">VISSZA AZ EGYH\u00c1ZAK LAPRA<\/a><\/div>\n<\/div>\n\n\n<div align=\"center\">\n<h4 align=\"center\">Evang\u00e9likus egyh\u00e1z<\/h4>\n<\/div>\n<div align=\"center\">\u00a0<\/div>\n<div style=\"text-align: left;\" align=\"center\"><span class=\"nameText\"><img loading=\"lazy\" decoding=\"async\" class=\"alignleft\" src=\"http:\/\/rakosliget.hu\/szemelyek\/noszko.jpg\" alt=\" \" usemap=\"#Map2\" width=\"100\" height=\"100\" border=\"0\" \/><a href=\"https:\/\/rakosliget.hu\/wordpress\/index.php\/noszko-istvan-1935-junius-9\/\">Noszk\u00f3 Istv\u00e1n<\/a><a><br class=\"style1\" \/><\/a><\/span><span class=\"detailText\">Evang\u00e9likus lelk\u00e9sz<\/span><\/div>\n<div align=\"center\">\u00a0<\/div>\n<div align=\"center\">\u00a0<\/div>\n<div align=\"center\">\u00a0<\/div>\n<div style=\"text-align: left;\" align=\"center\"><img loading=\"lazy\" decoding=\"async\" class=\"alignnone size-medium wp-image-17803\" src=\"https:\/\/rakosliget.hu\/wordpress\/wp-content\/uploads\/2025\/05\/Pesti-Naplo-1935.-06.-16-300x25.jpg\" alt=\"\" width=\"300\" height=\"25\" srcset=\"https:\/\/rakosliget.hu\/wordpress\/wp-content\/uploads\/2025\/05\/Pesti-Naplo-1935.-06.-16-300x25.jpg 300w, https:\/\/rakosliget.hu\/wordpress\/wp-content\/uploads\/2025\/05\/Pesti-Naplo-1935.-06.-16-768x65.jpg 768w, https:\/\/rakosliget.hu\/wordpress\/wp-content\/uploads\/2025\/05\/Pesti-Naplo-1935.-06.-16.jpg 1019w\" sizes=\"auto, (max-width: 300px) 100vw, 300px\" \/><\/div>\n<div align=\"center\">Pesti Napl\u00f3 1935. j\u00fanius 26.<\/div>\n<div align=\"center\">\u00a0<\/div>\n<div align=\"center\">\u00a0<\/div>\n<div style=\"text-align: left;\" align=\"center\">\n<div align=\"center\"><img loading=\"lazy\" decoding=\"async\" class=\"alignleft\" src=\"http:\/\/rakosliget.hu\/alairasok\/pajorakos_.jpg\" alt=\" \" usemap=\"#Map3\" width=\"100\" height=\"43\" border=\"0\" \/><\/div>\n<p><span class=\"nameText\">Pajor \u00c1kos <a><br \/><\/a><\/span><span class=\"detailText\">Evang\u00e9likus egyh\u00e1zfel\u00fcgyel\u0151<\/span><\/p>\n<\/div>\n<div align=\"center\">\u00a0<\/div>\n<div style=\"text-align: left;\" align=\"center\">\n<div align=\"center\"><img loading=\"lazy\" decoding=\"async\" class=\"alignleft\" src=\"http:\/\/rakosliget.hu\/alairasok\/paulanyi gabor1_.jpg\" alt=\" \" usemap=\"#Map4\" width=\"100\" height=\"46\" border=\"0\" \/><\/div>\n<p><span class=\"nameText\"><br \/><\/span><span class=\"detailText\">Evang\u00e9likus presbiter,<br \/><\/span><\/p>\n<\/div>\n<div align=\"center\">\u00a0<\/div>\n<div style=\"text-align: left;\" align=\"center\">\n<div align=\"center\"><img loading=\"lazy\" decoding=\"async\" class=\"alignleft\" src=\"http:\/\/rakosliget.hu\/alairasok\/geyerhviktor_.jpg\" usemap=\"#Map28\" width=\"133\" height=\"44\" border=\"0\" \/><\/div>\n<p><a href=\"https:\/\/rakosliget.hu\/wordpress\/index.php\/geyer-h-viktor\/\">Geyer H. Viktor<\/a><br \/><span class=\"detailText\">ev. egyh\u00e1zfel\u00fcgyel\u0151 <\/span><\/p>\n\t<!-- CSS Part Start From Here-->\n\t<style>\n\t\t.all-images {\n\t\t\tpadding-top: 10px !important;\n\t\t\tpadding-bottom: 15px !important;\n\t\t}\n\n\t\t#image_gallery_10452 .thumbnail {\n\t\t\twidth: 100% !important;\n\t\t\theight: auto !important;\n\t\t\tborder-radius: 0px;\n\t\t\t\/*background: transparent url('https:\/\/rakosliget.hu\/wordpress\/wp-content\/plugins\/new-image-gallery\/include\/assets\/img\/loading.gif') center no-repeat !important;*\/\n\t\t\tmargin-bottom: 20px !important;\n\t\t}\n\n\t\t\t\t.item-title {\n\t\t\tbackground-color: rgba(0, 0, 0, 0.5);\n\t\t\tbottom: 45px;\n\t\t\tcolor: #FFFFFF;\n\t\t\tdisplay: block;\n\t\t\tfont-weight: 300;\n\t\t\tleft: 2rem;\n\t\t\tpadding: 8px;\n\t\t\tposition: absolute;\n\t\t\tright: 2rem;\n\t\t\ttext-align: center;\n\t\t\ttext-transform: capitalize;\n\t\t}\n\n\t\t\t<\/style>\n<script>\n\tjQuery(document).ready(function() {\n\t\t\/\/ Method 1 - Initialize Isotope, then trigger layout after each image loads.\n\t\tvar $grid = jQuery('.all-images-10452').isotope({\n\t\t\t\/\/ options...\n\t\t\titemSelector: '.single-image-10452',\n\t\t});\n\t\t\/\/ layout Isotope after each image loads\n\t\t$grid.imagesLoaded().progress(function() {\n\t\t\t$grid.isotope('layout');\n\t\t});\n\n\n\t\tlightbox.option({\n\t\t\t'wrapAround': false,\n\t\t})\n\n\t\tjQuery(document).on('click', '[data-toggle=\"lightbox-10452\"]', function(event) {\n\t\t\tevent.preventDefault();\n\t\t\tjQuery(this).ekkoLightbox();\n\t\t});\n\t});\n<\/script>\n<\/div>\n<h4 align=\"center\">R\u00f3mai katolikus egyh\u00e1z<\/h4>\n<p><img loading=\"lazy\" decoding=\"async\" class=\"alignnone size-medium wp-image-11300 aligncenter\" src=\"https:\/\/rakosliget.hu\/wordpress\/wp-content\/uploads\/2023\/04\/Hillebrand-Moric-228x300.jpg\" alt=\"\" width=\"228\" height=\"300\" srcset=\"https:\/\/rakosliget.hu\/wordpress\/wp-content\/uploads\/2023\/04\/Hillebrand-Moric-228x300.jpg 228w, https:\/\/rakosliget.hu\/wordpress\/wp-content\/uploads\/2023\/04\/Hillebrand-Moric.jpg 355w\" sizes=\"auto, (max-width: 228px) 100vw, 228px\" \/><\/p>\n<div align=\"center\"><img loading=\"lazy\" decoding=\"async\" class=\"alignleft\" src=\"http:\/\/rakosliget.hu\/alairasok\/hillebrand moric 1927_.jpg\" alt=\" \" usemap=\"#Map\" width=\"262\" height=\"98\" border=\"0\" \/><span class=\"nameText\"><br \/>Hillenbrad M\u00f3ric<br \/><\/span><span class=\"detailText\">R\u00e1kosligeti templom\u00e9p\u00edt\u0151 r.k. pl\u00e9b\u00e1nos.<\/span><\/div>\n<div align=\"center\">\u00a0<\/div>\n\n<div class=\"wp-block-image\">\n<figure class=\"aligncenter size-large\"><img loading=\"lazy\" decoding=\"async\" width=\"410\" height=\"173\" src=\"http:\/\/rakosliget.hu\/wordpress\/wp-content\/uploads\/2020\/01\/hillebrad-ezust-mise-1926.jpg\" alt=\"\" class=\"wp-image-4533\" srcset=\"https:\/\/rakosliget.hu\/wordpress\/wp-content\/uploads\/2020\/01\/hillebrad-ezust-mise-1926.jpg 410w, https:\/\/rakosliget.hu\/wordpress\/wp-content\/uploads\/2020\/01\/hillebrad-ezust-mise-1926-300x127.jpg 300w\" sizes=\"auto, (max-width: 410px) 100vw, 410px\" \/><figcaption class=\"wp-element-caption\">1926. j\u00falius 13. Az <a href=\"http:\/\/rakosliget.hu\/wordpress\/index.php\/az-est\/\">EST<\/a> h\u00edre<\/figcaption><\/figure>\n<\/div>\n\n\n<h4 class=\"wp-block-heading has-text-align-center\">Reform\u00e1tus egyh\u00e1z<\/h4>\n\n\n\n<p><a href=\"http:\/\/rakosliget.hu\/wordpress\/index.php\/reformatus-templom\/\">A reform\u00e1tus templomr\u00f3l<\/a>.<\/p>\n\n\n<div class=\"wp-block-image\">\n<figure class=\"aligncenter size-full\"><img loading=\"lazy\" decoding=\"async\" width=\"395\" height=\"648\" src=\"https:\/\/rakosliget.hu\/wordpress\/wp-content\/uploads\/2026\/03\/Reformatus-lelkesz-a-rakosligeti-Allami-Felsokereskedelmi-Iskolaban-az-1916_17-es-tanevben.jpg\" alt=\"\" class=\"wp-image-23991\" srcset=\"https:\/\/rakosliget.hu\/wordpress\/wp-content\/uploads\/2026\/03\/Reformatus-lelkesz-a-rakosligeti-Allami-Felsokereskedelmi-Iskolaban-az-1916_17-es-tanevben.jpg 395w, https:\/\/rakosliget.hu\/wordpress\/wp-content\/uploads\/2026\/03\/Reformatus-lelkesz-a-rakosligeti-Allami-Felsokereskedelmi-Iskolaban-az-1916_17-es-tanevben-183x300.jpg 183w\" sizes=\"auto, (max-width: 395px) 100vw, 395px\" \/><figcaption class=\"wp-element-caption\">Batta \u00c1rp\u00e1d lelk\u00e9sz<\/figcaption><\/figure>\n<\/div>\n\n\n<h4 class=\"wp-block-heading has-text-align-center\">Zsid\u00f3 hitk\u00f6zs\u00e9g<\/h4>\n\n\n\n<p><a href=\"http:\/\/rakosliget.hu\/wordpress\/index.php\/rakosligeti-zsido-imahaz-tortenete\/\">Az imah\u00e1z t\u00f6rt\u00e9nete.<\/a><\/p>\n\n\n\n<div class=\"wp-block-buttons is-content-justification-center is-layout-flex wp-container-core-buttons-is-layout-16018d1d wp-block-buttons-is-layout-flex\">\n<div class=\"wp-block-button\"><a class=\"wp-block-button__link wp-element-button\" href=\"https:\/\/rakosliget.hu\/wordpress\/index.php\/egyhazak-rakosligeten\/\">VISSZA AZ EGYH\u00c1ZAK LAPRA<\/a><\/div>\n<\/div>\n","protected":false},"excerpt":{"rendered":"<p>Evang\u00e9likus egyh\u00e1z \u00a0 Noszk\u00f3 Istv\u00e1nEvang\u00e9likus lelk\u00e9sz \u00a0 \u00a0 \u00a0 Pesti Napl\u00f3 1935. j\u00fanius 26. \u00a0 \u00a0 Pajor \u00c1kos Evang\u00e9likus egyh\u00e1zfel\u00fcgyel\u0151 \u00a0 Evang\u00e9likus presbiter, \u00a0 Geyer H. Viktorev. egyh\u00e1zfel\u00fcgyel\u0151 R\u00f3mai katolikus egyh\u00e1z Hillenbrad M\u00f3ricR\u00e1kosligeti templom\u00e9p\u00edt\u0151 r.k. pl\u00e9b\u00e1nos. \u00a0 Reform\u00e1tus egyh\u00e1z A reform\u00e1tus templomr\u00f3l. Zsid\u00f3 hitk\u00f6zs\u00e9g Az imah\u00e1z t\u00f6rt\u00e9nete.<\/p>\n","protected":false},"author":1,"featured_media":0,"parent":0,"menu_order":3,"comment_status":"closed","ping_status":"closed","template":"","meta":{"footnotes":""},"class_list":["post-536","page","type-page","status-publish","hentry"],"_links":{"self":[{"href":"https:\/\/rakosliget.hu\/wordpress\/index.php\/wp-json\/wp\/v2\/pages\/536","targetHints":{"allow":["GET"]}}],"collection":[{"href":"https:\/\/rakosliget.hu\/wordpress\/index.php\/wp-json\/wp\/v2\/pages"}],"about":[{"href":"https:\/\/rakosliget.hu\/wordpress\/index.php\/wp-json\/wp\/v2\/types\/page"}],"author":[{"embeddable":true,"href":"https:\/\/rakosliget.hu\/wordpress\/index.php\/wp-json\/wp\/v2\/users\/1"}],"replies":[{"embeddable":true,"href":"https:\/\/rakosliget.hu\/wordpress\/index.php\/wp-json\/wp\/v2\/comments?post=536"}],"version-history":[{"count":30,"href":"https:\/\/rakosliget.hu\/wordpress\/index.php\/wp-json\/wp\/v2\/pages\/536\/revisions"}],"predecessor-version":[{"id":23992,"href":"https:\/\/rakosliget.hu\/wordpress\/index.php\/wp-json\/wp\/v2\/pages\/536\/revisions\/23992"}],"wp:attachment":[{"href":"https:\/\/rakosliget.hu\/wordpress\/index.php\/wp-json\/wp\/v2\/media?parent=536"}],"curies":[{"name":"wp","href":"https:\/\/api.w.org\/{rel}","templated":true}]}}