{"id":5239,"date":"2020-08-08T19:28:28","date_gmt":"2020-08-08T18:28:28","guid":{"rendered":"http:\/\/rakosliget.hu\/wordpress\/?page_id=5239"},"modified":"2022-01-25T17:23:21","modified_gmt":"2022-01-25T16:23:21","slug":"szuksegpenzek-rakosligeten","status":"publish","type":"page","link":"https:\/\/rakosliget.hu\/wordpress\/index.php\/szuksegpenzek-rakosligeten\/","title":{"rendered":"SZ\u00dcKS\u00c9GP\u00c9NZEK R\u00c1KOSLIGETEN"},"content":{"rendered":"\n<p><em>Az oldal utols\u00f3 m\u00f3dos\u00edt\u00e1sa: 2020. 08.15.<\/em><\/p>\n\n\n\n<p><strong>Sz\u00fcks\u00e9gp\u00e9nz<\/strong><\/p>\n\n\n\n<p>Rendk\u00edv\u00fcli esetekben, forgalmi p\u00e9nz hi\u00e1ny\u00e1ban, sz\u00fcks\u00e9gb\u0151l k\u00e9sz\u00edtett, p\u00e9nzt p\u00f3tl\u00f3. k\u00fcl\u00f6nf\u00e9le anyag\u00fa (fa, b\u0151r, f\u00e9m, pap\u00edr) p\u00e9nzp\u00f3tl\u00f3 darabok, amelyeket a k\u00f6r\u00fclm\u00e9nyek rendez\u0151d\u00e9se ut\u00e1n bev\u00e1ltottak. Gyakran alkalmazt\u00e1k megsz\u00e1ll\u00f3 csapatok zsoldj\u00e1nak fizet\u00e9s\u00e9re (\u00fan. megsz\u00e1ll\u00e1si p\u00e9nzek). Ilyen p\u00e9nzt veretett p\u00e9ld\u00e1ul a francia forradalom hadserege Luxemburg megsz\u00e1ll\u00e1sakor 1795-ben (bronzb\u00f3l \u00e9s ez\u00fcstb\u0151l), vagy Magyarorsz\u00e1gon a V\u00f6r\u00f6s Hadsereg 1944\/45-ben. Forr\u00e1s:<a href=\"http:\/\/www.jgypk.hu\/mentorhalo\/tananyag\/A_trtnelem_segdtudomny\/3_fontosabb_numizmatikai_alapfogalmak.html\" target=\"_blank\" rel=\"noreferrer noopener\"> http:\/\/www.jgypk.hu\/mentorhalo\/tananyag\/A_trtnelem_segdtudomny\/3_fontosabb_numizmatikai_alapfogalmak.html<\/a><\/p>\n\n\n\n<figure class=\"wp-block-image size-large\"><img loading=\"lazy\" decoding=\"async\" width=\"961\" height=\"557\" src=\"http:\/\/rakosliget.hu\/wordpress\/wp-content\/uploads\/2020\/08\/50_korona_htlap_40B_9251a.jpg\" alt=\"\" class=\"wp-image-5241\" srcset=\"https:\/\/rakosliget.hu\/wordpress\/wp-content\/uploads\/2020\/08\/50_korona_htlap_40B_9251a.jpg 961w, https:\/\/rakosliget.hu\/wordpress\/wp-content\/uploads\/2020\/08\/50_korona_htlap_40B_9251a-300x174.jpg 300w, https:\/\/rakosliget.hu\/wordpress\/wp-content\/uploads\/2020\/08\/50_korona_htlap_40B_9251a-768x445.jpg 768w\" sizes=\"auto, (max-width: 961px) 100vw, 961px\" \/><\/figure>\n\n\n\n<figure class=\"wp-block-image size-large\"><img loading=\"lazy\" decoding=\"async\" width=\"956\" height=\"561\" src=\"http:\/\/rakosliget.hu\/wordpress\/wp-content\/uploads\/2020\/08\/50_korona_ellap_40B_9251b-1.jpg\" alt=\"\" class=\"wp-image-5245\" srcset=\"https:\/\/rakosliget.hu\/wordpress\/wp-content\/uploads\/2020\/08\/50_korona_ellap_40B_9251b-1.jpg 956w, https:\/\/rakosliget.hu\/wordpress\/wp-content\/uploads\/2020\/08\/50_korona_ellap_40B_9251b-1-300x176.jpg 300w, https:\/\/rakosliget.hu\/wordpress\/wp-content\/uploads\/2020\/08\/50_korona_ellap_40B_9251b-1-768x451.jpg 768w\" sizes=\"auto, (max-width: 956px) 100vw, 956px\" \/><\/figure>\n\n\n\n<figure class=\"wp-block-image size-large\"><img loading=\"lazy\" decoding=\"async\" width=\"916\" height=\"571\" src=\"http:\/\/rakosliget.hu\/wordpress\/wp-content\/uploads\/2020\/08\/100_korona_ellap_40B_9252a.jpg\" alt=\"\" class=\"wp-image-5246\" srcset=\"https:\/\/rakosliget.hu\/wordpress\/wp-content\/uploads\/2020\/08\/100_korona_ellap_40B_9252a.jpg 916w, https:\/\/rakosliget.hu\/wordpress\/wp-content\/uploads\/2020\/08\/100_korona_ellap_40B_9252a-300x187.jpg 300w, https:\/\/rakosliget.hu\/wordpress\/wp-content\/uploads\/2020\/08\/100_korona_ellap_40B_9252a-768x479.jpg 768w\" sizes=\"auto, (max-width: 916px) 100vw, 916px\" \/><\/figure>\n\n\n\n<figure class=\"wp-block-image size-large\"><img loading=\"lazy\" decoding=\"async\" width=\"931\" height=\"566\" src=\"http:\/\/rakosliget.hu\/wordpress\/wp-content\/uploads\/2020\/08\/100_korona_ellap_40B_9252b.jpg\" alt=\"\" class=\"wp-image-5247\" srcset=\"https:\/\/rakosliget.hu\/wordpress\/wp-content\/uploads\/2020\/08\/100_korona_ellap_40B_9252b.jpg 931w, https:\/\/rakosliget.hu\/wordpress\/wp-content\/uploads\/2020\/08\/100_korona_ellap_40B_9252b-300x182.jpg 300w, https:\/\/rakosliget.hu\/wordpress\/wp-content\/uploads\/2020\/08\/100_korona_ellap_40B_9252b-768x467.jpg 768w\" sizes=\"auto, (max-width: 931px) 100vw, 931px\" \/><\/figure>\n\n\n\n<figure class=\"wp-block-image size-large\"><img loading=\"lazy\" decoding=\"async\" width=\"926\" height=\"572\" src=\"http:\/\/rakosliget.hu\/wordpress\/wp-content\/uploads\/2020\/08\/100_korona_htlap_40B_9252a.jpg\" alt=\"\" class=\"wp-image-5248\" srcset=\"https:\/\/rakosliget.hu\/wordpress\/wp-content\/uploads\/2020\/08\/100_korona_htlap_40B_9252a.jpg 926w, https:\/\/rakosliget.hu\/wordpress\/wp-content\/uploads\/2020\/08\/100_korona_htlap_40B_9252a-300x185.jpg 300w, https:\/\/rakosliget.hu\/wordpress\/wp-content\/uploads\/2020\/08\/100_korona_htlap_40B_9252a-768x474.jpg 768w, https:\/\/rakosliget.hu\/wordpress\/wp-content\/uploads\/2020\/08\/100_korona_htlap_40B_9252a-825x510.jpg 825w\" sizes=\"auto, (max-width: 926px) 100vw, 926px\" \/><\/figure>\n\n\n\n<figure class=\"wp-block-image size-large\"><img loading=\"lazy\" decoding=\"async\" width=\"926\" height=\"577\" src=\"http:\/\/rakosliget.hu\/wordpress\/wp-content\/uploads\/2020\/08\/100_korona_htlap_40B_9252b.jpg\" alt=\"\" class=\"wp-image-5249\" srcset=\"https:\/\/rakosliget.hu\/wordpress\/wp-content\/uploads\/2020\/08\/100_korona_htlap_40B_9252b.jpg 926w, https:\/\/rakosliget.hu\/wordpress\/wp-content\/uploads\/2020\/08\/100_korona_htlap_40B_9252b-300x187.jpg 300w, https:\/\/rakosliget.hu\/wordpress\/wp-content\/uploads\/2020\/08\/100_korona_htlap_40B_9252b-768x479.jpg 768w\" sizes=\"auto, (max-width: 926px) 100vw, 926px\" \/><\/figure>\n\n\n\n<figure class=\"wp-block-image size-large\"><img loading=\"lazy\" decoding=\"async\" width=\"576\" height=\"373\" src=\"http:\/\/rakosliget.hu\/wordpress\/wp-content\/uploads\/2020\/08\/10_fillr_1920_Fejrpataky_1004.jpg\" alt=\"\" class=\"wp-image-5250\" srcset=\"https:\/\/rakosliget.hu\/wordpress\/wp-content\/uploads\/2020\/08\/10_fillr_1920_Fejrpataky_1004.jpg 576w, https:\/\/rakosliget.hu\/wordpress\/wp-content\/uploads\/2020\/08\/10_fillr_1920_Fejrpataky_1004-300x194.jpg 300w\" sizes=\"auto, (max-width: 576px) 100vw, 576px\" \/><\/figure>\n\n\n\n<figure class=\"wp-block-image size-large\"><img loading=\"lazy\" decoding=\"async\" width=\"552\" height=\"375\" src=\"http:\/\/rakosliget.hu\/wordpress\/wp-content\/uploads\/2020\/08\/20_fillr_1920_Fejrpataky_1005-sz\u00fcks\u00e9gp\u00e9nz.jpg\" alt=\"\" class=\"wp-image-5251\" srcset=\"https:\/\/rakosliget.hu\/wordpress\/wp-content\/uploads\/2020\/08\/20_fillr_1920_Fejrpataky_1005-sz\u00fcks\u00e9gp\u00e9nz.jpg 552w, https:\/\/rakosliget.hu\/wordpress\/wp-content\/uploads\/2020\/08\/20_fillr_1920_Fejrpataky_1005-sz\u00fcks\u00e9gp\u00e9nz-300x204.jpg 300w\" sizes=\"auto, (max-width: 552px) 100vw, 552px\" \/><\/figure>\n\n\n\n<figure class=\"wp-block-image size-large\"><img loading=\"lazy\" decoding=\"async\" width=\"412\" height=\"157\" src=\"http:\/\/rakosliget.hu\/wordpress\/wp-content\/uploads\/2020\/08\/20_fillr_ellap_RII_10787_2.jpg\" alt=\"\" class=\"wp-image-5252\" srcset=\"https:\/\/rakosliget.hu\/wordpress\/wp-content\/uploads\/2020\/08\/20_fillr_ellap_RII_10787_2.jpg 412w, https:\/\/rakosliget.hu\/wordpress\/wp-content\/uploads\/2020\/08\/20_fillr_ellap_RII_10787_2-300x114.jpg 300w\" sizes=\"auto, (max-width: 412px) 100vw, 412px\" \/><\/figure>\n\n\n\n<figure class=\"wp-block-image size-large\"><img loading=\"lazy\" decoding=\"async\" width=\"409\" height=\"152\" src=\"http:\/\/rakosliget.hu\/wordpress\/wp-content\/uploads\/2020\/08\/20_fillr_htlap_RII_10787-sz\u00fcks\u00e9gp\u00e9nz.jpg\" alt=\"\" class=\"wp-image-5253\" srcset=\"https:\/\/rakosliget.hu\/wordpress\/wp-content\/uploads\/2020\/08\/20_fillr_htlap_RII_10787-sz\u00fcks\u00e9gp\u00e9nz.jpg 409w, https:\/\/rakosliget.hu\/wordpress\/wp-content\/uploads\/2020\/08\/20_fillr_htlap_RII_10787-sz\u00fcks\u00e9gp\u00e9nz-300x111.jpg 300w\" sizes=\"auto, (max-width: 409px) 100vw, 409px\" \/><\/figure>\n\n\n\n<p><\/p>\n\n\n\n<p>A sz\u00fcks\u00e9gp\u00e9nz olyan, nem hivatalos \u00e1llami kibocs\u00e1t\u00e1s\u00fa p\u00e9nzhelyettes\u00edt\u0151 eszk\u00f6z, amelynek haszn\u00e1lata t\u00e9rben \u00e9s id\u0151ben korl\u00e1tozott. Amint neve is jelzi, haszn\u00e1lat\u00e1ra rendk\u00edv\u00fcli k\u00f6r\u00fclm\u00e9nyek k\u00f6z\u00f6tt (hadi helyzet, infl\u00e1ci\u00f3, a k\u00f6zponti hatalom \u00f6sszeoml\u00e1sa stb.), sz\u00fcks\u00e9ghelyzetben ker\u00fcl csak sor, amikor az \u00e1llami fizet\u0151eszk\u00f6z\u00f6k nem tudj\u00e1k kiel\u00e9g\u00edteni a p\u00e9nzforgalom ig\u00e9nyeit. Magyarorsz\u00e1gon ilyen k\u00f6zismert id\u0151szak volt p\u00e9ld\u00e1ul az 1848\u20131849-es szabads\u00e1gharc, amikor t\u00f6bb v\u00e1ros is bocs\u00e1tott ki saj\u00e1t fizet\u0151eszk\u00f6zt, amellyel kiz\u00e1r\u00f3lag a v\u00e1ros hat\u00e1rain bel\u00fcl lehetett fizetni. Az I. vil\u00e1gh\u00e1bor\u00fa, illetve a k\u00f6zvetlen\u00fcl ut\u00e1na k\u00f6vetkez\u0151 id\u0151szak a sz\u00fcks\u00e9gp\u00e9nz-kibocs\u00e1t\u00e1s egyik f\u00e9nykora volt. Minden hadifogolyt\u00e1bor rendelkezett saj\u00e1t fizet\u0151eszk\u00f6zzel, ahogy sz\u00e1mtalan vend\u00e9gl\u0151, szat\u00f3csbolt, \u00fczem stb. szint\u00e9n mag\u00e1n\u00faton pr\u00f3b\u00e1lta biztos\u00edtani a p\u00e9nzforgalom fennmarad\u00e1s\u00e1t. Ezeket a fizet\u0151eszk\u00f6z\u00f6ket\/sz\u00fcks\u00e9gp\u00e9nzeket azonban kiz\u00e1r\u00f3lag a kibocs\u00e1t\u00f3jukn\u00e1l lehetett \u00e1tv\u00e1ltani \u00e1rucikkre \u00e9s\/vagy szolg\u00e1ltat\u00e1sra, m\u00e1shol nem esett elfogad\u00e1si k\u00f6telezetts\u00e9g al\u00e1.<\/p>\n\n\n\n<p>Forr\u00e1s: <a href=\"https:\/\/mandadb.hu\/tart\/kereses?HNDTYPE=SEARCH&amp;name=doc&amp;page=1&amp;fld_sort=score_insdt&amp;fld_compound_target=allfields&amp;fld_compound=sz%C3%BCks%C3%A9gp%C3%A9nz+r%C3%A1kosliget&amp;_clearfacets=1&amp;_clearfilters=1\">https:\/\/mandadb.hu\/tart\/kereses?HNDTYPE=SEARCH&amp;name=doc&amp;page=1&amp;fld_sort=score_insdt&amp;fld_compound_target=allfields&amp;fld_compound=sz%C3%BCks%C3%A9gp%C3%A9nz+r%C3%A1kosliget&amp;_clearfacets=1&amp;_clearfilters=1<\/a><\/p>\n\n\n\n<p><\/p>\n\n\n\n<p><em>Az oldal utols\u00f3 m\u00f3dos\u00edt\u00e1sa: 2020. 08.15.<\/em><\/p>\n","protected":false},"excerpt":{"rendered":"<p>Az oldal utols\u00f3 m\u00f3dos\u00edt\u00e1sa: 2020. 08.15. Sz\u00fcks\u00e9gp\u00e9nz Rendk\u00edv\u00fcli esetekben, forgalmi p\u00e9nz hi\u00e1ny\u00e1ban, sz\u00fcks\u00e9gb\u0151l k\u00e9sz\u00edtett, p\u00e9nzt p\u00f3tl\u00f3. k\u00fcl\u00f6nf\u00e9le anyag\u00fa (fa, b\u0151r, f\u00e9m, pap\u00edr) p\u00e9nzp\u00f3tl\u00f3 darabok, amelyeket a k\u00f6r\u00fclm\u00e9nyek rendez\u0151d\u00e9se ut\u00e1n bev\u00e1ltottak. Gyakran alkalmazt\u00e1k megsz\u00e1ll\u00f3 csapatok zsoldj\u00e1nak fizet\u00e9s\u00e9re (\u00fan. megsz\u00e1ll\u00e1si p\u00e9nzek). Ilyen p\u00e9nzt veretett p\u00e9ld\u00e1ul a francia forradalom hadserege Luxemburg megsz\u00e1ll\u00e1sakor 1795-ben (bronzb\u00f3l \u00e9s ez\u00fcstb\u0151l), vagy Magyarorsz\u00e1gon &hellip; <a href=\"https:\/\/rakosliget.hu\/wordpress\/index.php\/szuksegpenzek-rakosligeten\/\" class=\"more-link\"><span class=\"screen-reader-text\">SZ\u00dcKS\u00c9GP\u00c9NZEK R\u00c1KOSLIGETEN<\/span> r\u00e9szletei&#8230;<\/a><\/p>\n","protected":false},"author":1,"featured_media":0,"parent":0,"menu_order":0,"comment_status":"closed","ping_status":"closed","template":"","meta":{"footnotes":""},"class_list":["post-5239","page","type-page","status-publish","hentry"],"_links":{"self":[{"href":"https:\/\/rakosliget.hu\/wordpress\/index.php\/wp-json\/wp\/v2\/pages\/5239","targetHints":{"allow":["GET"]}}],"collection":[{"href":"https:\/\/rakosliget.hu\/wordpress\/index.php\/wp-json\/wp\/v2\/pages"}],"about":[{"href":"https:\/\/rakosliget.hu\/wordpress\/index.php\/wp-json\/wp\/v2\/types\/page"}],"author":[{"embeddable":true,"href":"https:\/\/rakosliget.hu\/wordpress\/index.php\/wp-json\/wp\/v2\/users\/1"}],"replies":[{"embeddable":true,"href":"https:\/\/rakosliget.hu\/wordpress\/index.php\/wp-json\/wp\/v2\/comments?post=5239"}],"version-history":[{"count":10,"href":"https:\/\/rakosliget.hu\/wordpress\/index.php\/wp-json\/wp\/v2\/pages\/5239\/revisions"}],"predecessor-version":[{"id":9952,"href":"https:\/\/rakosliget.hu\/wordpress\/index.php\/wp-json\/wp\/v2\/pages\/5239\/revisions\/9952"}],"wp:attachment":[{"href":"https:\/\/rakosliget.hu\/wordpress\/index.php\/wp-json\/wp\/v2\/media?parent=5239"}],"curies":[{"name":"wp","href":"https:\/\/api.w.org\/{rel}","templated":true}]}}