{"id":5205,"date":"2020-04-15T17:27:57","date_gmt":"2020-04-15T16:27:57","guid":{"rendered":"http:\/\/rakosliget.hu\/wordpress\/?page_id=5205"},"modified":"2020-04-15T17:48:59","modified_gmt":"2020-04-15T16:48:59","slug":"kepviselok-1907-1910","status":"publish","type":"page","link":"https:\/\/rakosliget.hu\/wordpress\/index.php\/kepviselok-1907-1910\/","title":{"rendered":"K\u00e9pvisel\u0151k 1907 &#8211; 1910"},"content":{"rendered":"<hr \/>\n<h2 class=\"western\" style=\"margin-bottom: .0001pt; line-height: normal;\">V\u00e1laszt\u00e1s id\u0151pontja: 1907. j\u00fan. 23.<\/h2>\n<h2 class=\"western\" style=\"margin-bottom: .0001pt; line-height: normal;\">Megv\u00e1lasztott k\u00e9pvisel\u0151k:<\/h2>\n<h2 class=\"western\" style=\"margin: 0cm; margin-bottom: .0001pt; line-height: normal;\"><\/h2>\n<ul>\n<li class=\"western\" style=\"line-height: normal; text-align: center;\"><strong>Oberle J\u00e1nos<\/strong><\/li>\n<li class=\"western\" style=\"line-height: normal; text-align: center;\"><strong>D\u00e1niel Gy\u00f6rgy<\/strong><\/li>\n<li class=\"western\" style=\"line-height: normal; text-align: center;\"><strong>R\u00e9vay Ferenc<\/strong><\/li>\n<li class=\"western\" style=\"line-height: normal; text-align: center;\"><strong>Kiss K\u00e1roly<\/strong><\/li>\n<li class=\"western\" style=\"line-height: normal; text-align: center;\"><strong>Paulovszki Ferenc<\/strong><\/li>\n<li class=\"western\" style=\"line-height: normal; text-align: center;\"><strong>Kir\u00e1ly \u00c1rmin<\/strong><\/li>\n<li class=\"western\" style=\"line-height: normal; text-align: center;\"><strong>R\u00e9dey Imre<\/strong><\/li>\n<li class=\"western\" style=\"line-height: normal; text-align: center;\"><strong>Kukovics Ferenc<\/strong><\/li>\n<li class=\"western\" style=\"line-height: normal; text-align: center;\"><strong>V\u00e1rady K\u00e1lm\u00e1n<\/strong><\/li>\n<\/ul>\n<p class=\"western\" style=\"margin: 0cm; margin-bottom: .0001pt; line-height: normal;\">\n<h2 class=\"western\" style=\"margin-bottom: .0001pt; line-height: normal;\">Megv\u00e1lasztott p\u00f3tk\u00e9pvisel\u0151k:<\/h2>\n<ul>\n<li class=\"western\" style=\"line-height: normal; text-align: center;\"><strong>Tury J\u00f3zsef<\/strong><\/li>\n<li class=\"western\" style=\"line-height: normal; text-align: center;\"><strong>Rosner Henrik<\/strong><\/li>\n<li class=\"western\" style=\"line-height: normal; text-align: center;\"><strong>Skutta Ferenc<\/strong><\/li>\n<\/ul>\n<hr \/>\n<h1 class=\"western\" style=\"margin-bottom: .0001pt; line-height: normal;\">V\u00e1laszt\u00e1s a tagok l\u00e9tsz\u00e1m\u00e1nak felemel\u00e9s\u00e9re: 1908. m\u00e1j. 12.<\/h1>\n<h2 class=\"western\" style=\"margin-bottom: .0001pt; line-height: normal;\">v\u00e1lasztott k\u00e9pvisel\u0151k:<\/h2>\n<ul>\n<li class=\"western\" style=\"line-height: normal; text-align: center;\"><strong>Oberle J\u00e1nos<\/strong><\/li>\n<li class=\"western\" style=\"line-height: normal; text-align: center;\"><strong>D\u00e1niel Gy\u00f6rgy<\/strong><\/li>\n<li class=\"western\" style=\"line-height: normal; text-align: center;\"><strong>R\u00e9vay Ferenc<\/strong><\/li>\n<li class=\"western\" style=\"line-height: normal; text-align: center;\"><strong>Kiss K\u00e1roly<\/strong><\/li>\n<li class=\"western\" style=\"line-height: normal; text-align: center;\"><strong>Paulovszki Ferenc<\/strong><\/li>\n<li class=\"western\" style=\"line-height: normal; text-align: center;\"><strong>Kir\u00e1ly \u00c1rmin<\/strong><\/li>\n<li class=\"western\" style=\"line-height: normal; text-align: center;\"><strong>R\u00e9dey Imre<\/strong><\/li>\n<li class=\"western\" style=\"line-height: normal; text-align: center;\"><strong>Kukovics Ferenc<\/strong><\/li>\n<li class=\"western\" style=\"line-height: normal; text-align: center;\"><strong>V\u00e1rady K\u00e1lm\u00e1n<\/strong><\/li>\n<li class=\"western\" style=\"line-height: normal; text-align: center;\"><strong>Anderk\u00f3 Endre<\/strong><\/li>\n<li class=\"western\" style=\"line-height: normal; text-align: center;\"><strong>Faber Lip\u00f3t<\/strong><\/li>\n<li class=\"western\" style=\"line-height: normal;\"><\/li>\n<\/ul>\n<h2 class=\"western\" style=\"margin-bottom: .0001pt; line-height: normal;\">Megv\u00e1lasztott p\u00f3tk\u00e9pvisel\u0151:<\/h2>\n<ul>\n<li class=\"western\" style=\"line-height: normal; text-align: center;\"><strong>Gy\u00f6ngy\u00f6si Ferenc<\/strong><\/li>\n<\/ul>\n<hr \/>\n<p style=\"text-align: center;\"><strong><a href=\"http:\/\/rakosliget.hu\/wordpress\/index.php\/kepviselok-1907-1949\/\"><span style=\"color: #800000;\"><em>Vissza a K\u00e9pvisel\u0151k 1907 &#8211; 1949 oldalra<\/em><\/span><\/a><\/strong><\/p>\n","protected":false},"excerpt":{"rendered":"<p>V\u00e1laszt\u00e1s id\u0151pontja: 1907. j\u00fan. 23. Megv\u00e1lasztott k\u00e9pvisel\u0151k: Oberle J\u00e1nos D\u00e1niel Gy\u00f6rgy R\u00e9vay Ferenc Kiss K\u00e1roly Paulovszki Ferenc Kir\u00e1ly \u00c1rmin R\u00e9dey Imre Kukovics Ferenc V\u00e1rady K\u00e1lm\u00e1n Megv\u00e1lasztott p\u00f3tk\u00e9pvisel\u0151k: Tury J\u00f3zsef Rosner Henrik Skutta Ferenc V\u00e1laszt\u00e1s a tagok l\u00e9tsz\u00e1m\u00e1nak felemel\u00e9s\u00e9re: 1908. m\u00e1j. 12. v\u00e1lasztott k\u00e9pvisel\u0151k: Oberle J\u00e1nos D\u00e1niel Gy\u00f6rgy R\u00e9vay Ferenc Kiss K\u00e1roly Paulovszki Ferenc Kir\u00e1ly \u00c1rmin &hellip; <a href=\"https:\/\/rakosliget.hu\/wordpress\/index.php\/kepviselok-1907-1910\/\" class=\"more-link\"><span class=\"screen-reader-text\">K\u00e9pvisel\u0151k 1907 &#8211; 1910<\/span> r\u00e9szletei&#8230;<\/a><\/p>\n","protected":false},"author":1,"featured_media":0,"parent":0,"menu_order":0,"comment_status":"closed","ping_status":"closed","template":"","meta":{"footnotes":""},"class_list":["post-5205","page","type-page","status-publish","hentry"],"_links":{"self":[{"href":"https:\/\/rakosliget.hu\/wordpress\/index.php\/wp-json\/wp\/v2\/pages\/5205","targetHints":{"allow":["GET"]}}],"collection":[{"href":"https:\/\/rakosliget.hu\/wordpress\/index.php\/wp-json\/wp\/v2\/pages"}],"about":[{"href":"https:\/\/rakosliget.hu\/wordpress\/index.php\/wp-json\/wp\/v2\/types\/page"}],"author":[{"embeddable":true,"href":"https:\/\/rakosliget.hu\/wordpress\/index.php\/wp-json\/wp\/v2\/users\/1"}],"replies":[{"embeddable":true,"href":"https:\/\/rakosliget.hu\/wordpress\/index.php\/wp-json\/wp\/v2\/comments?post=5205"}],"version-history":[{"count":9,"href":"https:\/\/rakosliget.hu\/wordpress\/index.php\/wp-json\/wp\/v2\/pages\/5205\/revisions"}],"predecessor-version":[{"id":5216,"href":"https:\/\/rakosliget.hu\/wordpress\/index.php\/wp-json\/wp\/v2\/pages\/5205\/revisions\/5216"}],"wp:attachment":[{"href":"https:\/\/rakosliget.hu\/wordpress\/index.php\/wp-json\/wp\/v2\/media?parent=5205"}],"curies":[{"name":"wp","href":"https:\/\/api.w.org\/{rel}","templated":true}]}}