{"id":5203,"date":"2020-04-15T17:21:41","date_gmt":"2020-04-15T16:21:41","guid":{"rendered":"http:\/\/rakosliget.hu\/wordpress\/?page_id=5203"},"modified":"2026-01-25T16:02:17","modified_gmt":"2026-01-25T15:02:17","slug":"kepviselok-1907-1949","status":"publish","type":"page","link":"https:\/\/rakosliget.hu\/wordpress\/index.php\/kepviselok-1907-1949\/","title":{"rendered":"K\u00c9PVISEL\u0150K 1907 &#8211; 1949"},"content":{"rendered":"<div class=\"wp-block-image\">\n<figure class=\"aligncenter size-full\"><img loading=\"lazy\" decoding=\"async\" width=\"901\" height=\"606\" src=\"https:\/\/rakosliget.hu\/wordpress\/wp-content\/uploads\/2026\/01\/Eloljarosagi-tagok.jpg\" alt=\"\" class=\"wp-image-22364\" srcset=\"https:\/\/rakosliget.hu\/wordpress\/wp-content\/uploads\/2026\/01\/Eloljarosagi-tagok.jpg 901w, https:\/\/rakosliget.hu\/wordpress\/wp-content\/uploads\/2026\/01\/Eloljarosagi-tagok-300x202.jpg 300w, https:\/\/rakosliget.hu\/wordpress\/wp-content\/uploads\/2026\/01\/Eloljarosagi-tagok-768x517.jpg 768w, https:\/\/rakosliget.hu\/wordpress\/wp-content\/uploads\/2026\/01\/Eloljarosagi-tagok-272x182.jpg 272w\" sizes=\"auto, (max-width: 901px) 100vw, 901px\" \/><figcaption class=\"wp-element-caption\">Vil\u00e1gszabads\u00e1g 1907. 08. 03. 4. oldal<\/figcaption><\/figure>\n<\/div>\n\n\n<p><\/p>\n\n\n\n<p>R\u00e1kosliget k\u00e9pvisel\u0151i:<\/p>\n\n\n\n<p><a href=\"http:\/\/rakosliget.hu\/wordpress\/index.php\/kepviselok-1907-1910\/\">1907 &#8211; 1910 Szab\u00f3 Endre b\u00edr\u00f3i megb\u00edz\u00e1sa idej\u00e9n<\/a><\/p>\n\n\n\n<p>1910 &#8211; 1913 Wernecke Frigyes b\u00edr\u00f3<\/p>\n\n\n\n<p>1913 Hackenberger L\u00e1szl\u00f3 b\u00edr\u00f3<\/p>\n\n\n\n<p>1914 Major Mih\u00e1ly b\u00edr\u00f3<\/p>\n\n\n\n<p>1917 &#8211; 1924 Str<span style=\"font-size: small;\">\u00e4<\/span>le Istv\u00e1n b\u00edr\u00f3<\/p>\n\n\n\n<p>1924 &#8211; 1927 Debreczeny Istv\u00e1n b\u00edr\u00f3<\/p>\n\n\n\n<p>1940 &#8211; 1943 Szab\u00f3 Istv\u00e1n b\u00edr\u00f3<\/p>\n\n\n\n<p>1943 &#8211; 1944 Husz\u00e1r J\u00f3zsef<\/p>\n\n\n\n<p>1945 Munar J\u00f3zsef, Bal\u00e1zs Istv\u00e1n b\u00edr\u00f3k<\/p>\n\n\n\n<p>1945 &#8211; 1949 Bal\u00e1zs Istv\u00e1n, Sz\u00e9ll Zsigmond<\/p>\n\n\n\n<p>1945 &#8211; 1949 Bal\u00e1zs Istv\u00e1n<\/p>\n","protected":false},"excerpt":{"rendered":"<p>R\u00e1kosliget k\u00e9pvisel\u0151i: 1907 &#8211; 1910 Szab\u00f3 Endre b\u00edr\u00f3i megb\u00edz\u00e1sa idej\u00e9n 1910 &#8211; 1913 Wernecke Frigyes b\u00edr\u00f3 1913 Hackenberger L\u00e1szl\u00f3 b\u00edr\u00f3 1914 Major Mih\u00e1ly b\u00edr\u00f3 1917 &#8211; 1924 Str\u00e4le Istv\u00e1n b\u00edr\u00f3 1924 &#8211; 1927 Debreczeny Istv\u00e1n b\u00edr\u00f3 1940 &#8211; 1943 Szab\u00f3 Istv\u00e1n b\u00edr\u00f3 1943 &#8211; 1944 Husz\u00e1r J\u00f3zsef 1945 Munar J\u00f3zsef, Bal\u00e1zs Istv\u00e1n b\u00edr\u00f3k 1945 &#8211; &hellip; <a href=\"https:\/\/rakosliget.hu\/wordpress\/index.php\/kepviselok-1907-1949\/\" class=\"more-link\"><span class=\"screen-reader-text\">K\u00c9PVISEL\u0150K 1907 &#8211; 1949<\/span> r\u00e9szletei&#8230;<\/a><\/p>\n","protected":false},"author":1,"featured_media":4234,"parent":0,"menu_order":0,"comment_status":"closed","ping_status":"closed","template":"","meta":{"footnotes":""},"class_list":["post-5203","page","type-page","status-publish","has-post-thumbnail","hentry"],"_links":{"self":[{"href":"https:\/\/rakosliget.hu\/wordpress\/index.php\/wp-json\/wp\/v2\/pages\/5203","targetHints":{"allow":["GET"]}}],"collection":[{"href":"https:\/\/rakosliget.hu\/wordpress\/index.php\/wp-json\/wp\/v2\/pages"}],"about":[{"href":"https:\/\/rakosliget.hu\/wordpress\/index.php\/wp-json\/wp\/v2\/types\/page"}],"author":[{"embeddable":true,"href":"https:\/\/rakosliget.hu\/wordpress\/index.php\/wp-json\/wp\/v2\/users\/1"}],"replies":[{"embeddable":true,"href":"https:\/\/rakosliget.hu\/wordpress\/index.php\/wp-json\/wp\/v2\/comments?post=5203"}],"version-history":[{"count":7,"href":"https:\/\/rakosliget.hu\/wordpress\/index.php\/wp-json\/wp\/v2\/pages\/5203\/revisions"}],"predecessor-version":[{"id":22366,"href":"https:\/\/rakosliget.hu\/wordpress\/index.php\/wp-json\/wp\/v2\/pages\/5203\/revisions\/22366"}],"wp:featuredmedia":[{"embeddable":true,"href":"https:\/\/rakosliget.hu\/wordpress\/index.php\/wp-json\/wp\/v2\/media\/4234"}],"wp:attachment":[{"href":"https:\/\/rakosliget.hu\/wordpress\/index.php\/wp-json\/wp\/v2\/media?parent=5203"}],"curies":[{"name":"wp","href":"https:\/\/api.w.org\/{rel}","templated":true}]}}