{"id":518,"date":"2018-03-10T07:31:07","date_gmt":"2018-03-10T06:31:07","guid":{"rendered":"http:\/\/rakosliget.hu\/wordpress\/?page_id=518"},"modified":"2026-03-20T17:16:13","modified_gmt":"2026-03-20T16:16:13","slug":"muveszet","status":"publish","type":"page","link":"https:\/\/rakosliget.hu\/wordpress\/index.php\/muveszet\/","title":{"rendered":"M\u0170V\u00c9SZET. A KEZDETEKT\u0150L NAPJAINKIG"},"content":{"rendered":"<h1 align=\"center\">R\u00e1kosligethez k\u00f6thet\u0151 m\u0171v\u00e9szek n\u00e9vsora<\/h1>\n<h3 class=\"style1\" style=\"text-align: left;\" align=\"center\">Fest\u0151k<\/h3>\n<h5 style=\"text-align: left;\" align=\"center\">Bark\u00f3czi J\u00f3zsef<br \/>\n<a href=\"https:\/\/rakosliget.hu\/wordpress\/index.php\/benyi-laszlo\/\">B\u00e9nyi L\u00e1szl\u00f3 fest\u0151m\u0171v\u00e9sz<\/a><br \/>\n<a href=\"https:\/\/rakosliget.hu\/wordpress\/index.php\/bohacsek-ede\/\">bohacsek ede<\/a><br \/>\nD. Krusny\u00e1k Magdolna<br \/>\nF\u00fcl\u00f6p S\u00e1ndor<br \/>\nLis\u00e1nyi Endre<br \/>\n<a href=\"https:\/\/rakosliget.hu\/wordpress\/index.php\/nagy-janos\/\">Nagy J\u00e1nos fest\u0151m\u0171v\u00e9sz<\/a><br \/>\nParrag Emil<br \/>\nParrag No\u00e9mi<br \/>\n<a href=\"https:\/\/rakosliget.hu\/wordpress\/index.php\/festmenyek-rakosligetrol\/\">Pr\u00f3day lajos<\/a><br \/>\n<a href=\"https:\/\/rakosliget.hu\/wordpress\/index.php\/kutas-artur\/\">Kutas (Kaltenecker) Art\u00far<\/a><\/h5>\n<h5><a href=\"https:\/\/rakosliget.hu\/wordpress\/index.php\/festmenyek-rakosligetrol\/\">festm\u00e9nyek r\u00e1kosligetr\u0151l<\/a><\/h5>\n<h3 class=\"style4\">Grafikusok<\/h3>\n<h5 class=\"style4\" style=\"text-align: left;\" align=\"center\">Heinzelmann Emma<\/h5>\n<h3 class=\"style4\">Szobr\u00e1szok, k\u00e9pz\u0151m\u0171v\u00e9szek<\/h3>\n<h5 style=\"text-align: left;\" align=\"center\"><a href=\"http:\/\/rakosliget.hu\/wordpress\/index.php\/acs-jozsef-erem-es-szobraszmuvesz\/\">\u00c1cs J\u00f3zsef szobr\u00e1szm\u0171v\u00e9sz<\/a><a href=\"http:\/\/rakosliget.hu\/acs\/index.html\"><br \/>\n<\/a><span data-canvas-width=\"87.74693132107647\">\u00c1cs J\u00f3zsef szobr\u00e1szm\u0171v\u00e9sz alkot\u00e1sai<\/span><br \/>\n<a href=\"https:\/\/rakosliget.hu\/wordpress\/index.php\/domonkos-laszlo\/\">Domonkos L\u00e1szl\u00f3<\/a> + 2018.10.<br \/>\nHumeny\u00e1nszky Jol\u00e1n + 2021. 03.<br \/>\n<a href=\"https:\/\/rakosliget.hu\/wordpress\/index.php\/lukacs-istvan\/\">LUK\u00c1CS ISTV\u00c1N szobr\u00e1szm\u0171v\u00e9sz<\/a><br \/>\n<a href=\"https:\/\/rakosliget.hu\/wordpress\/index.php\/olah-szilveszter\/\">Ol\u00e1h Szilveszter szobr\u00e1szm\u0171v\u00e9sz<\/a><\/h5>\n<h3 style=\"text-align: left;\" align=\"center\">Irodalom<\/h3>\n<h5><a href=\"https:\/\/rakosliget.hu\/wordpress\/index.php\/aszlanyi-dezso\/\">Aszl\u00e1nyi Dezs\u0151<\/a><br \/>\n<a href=\"https:\/\/rakosliget.hu\/wordpress\/index.php\/bodor-bela\/\">Bodor B\u00e9la \u00edr\u00e1sa R\u00e1kosligetr\u0151l<\/a><br \/>\n<a href=\"https:\/\/rakosliget.hu\/wordpress\/index.php\/baan-tibor\/\">BA\u00c1N TIBOR<\/a><a href=\"http:\/\/rakosliget.hu\/html\/Bodor.html\" target=\"_new\" rel=\"noopener\"><br \/>\n<\/a><a href=\"http:\/\/rakosliget.hu\/doku\/Szabo%20Endre%20Rakosliget%20meltatlanul%20feledesbe%20merult%20biraja_szamozott.pdf\">Szab\u00f3 Endre<\/a><br \/>\n<a href=\"https:\/\/rakosliget.hu\/wordpress\/index.php\/nagy-emma\/\">nagy emma k\u00f6lt\u0151<\/a><br \/>\n<a href=\"https:\/\/rakosliget.hu\/wordpress\/index.php\/nogall-janka\/\">Nog\u00e1ll Janka<\/a><br \/>\n<a href=\"https:\/\/rakosliget.hu\/wordpress\/index.php\/telekes-bela\/\">Telekes B\u00e9la<\/a><br \/>\n<a href=\"http:\/\/rakosliget.hu\/wordpress\/index.php\/weores-sandor\/\">We\u00f6res S\u00e1ndor<\/a><\/h5>\n<h3 class=\"style4\">Iparm\u0171v\u00e9szek<\/h3>\n<h5 style=\"text-align: left;\" align=\"center\">Domonkosn\u00e9 B\u00e1n M\u00e1ria<br \/>\nFrech&#8217; G\u00e1bor<br \/>\n<a href=\"https:\/\/rakosliget.hu\/wordpress\/index.php\/goth-katalin\/\">G\u00f3th Katalin<\/a><br \/>\nKov\u00e1cs Marianna<br \/>\nSzab\u00f3 Maya restaur\u00e1tor<br \/>\nZs\u00e1mbokr\u00e9ty D\u00f3ra<\/h5>\n<h3 class=\"style4\" style=\"text-align: left;\" align=\"center\">Keramikusok<\/h3>\n<h5 style=\"text-align: left;\" align=\"center\">Tilkovszky \u00c9va<br \/>\n<a href=\"http:\/\/www.magyarkeramia.hu\/keramia\/csekovszky\/page.html\">Csekovszky \u00c1rp\u00e1d<\/a><\/h5>\n<p style=\"text-align: left;\" align=\"center\">A kor k\u00f6vetelm\u00e9nyeinek megfelel\u0151en az MSZMP K\u00f6zponti Bizotts\u00e1ga Agit\u00e1ci\u00f3s \u00e9s Propaganda Bizotts\u00e1g\u00e1nak (APB) d\u00f6nt\u00e9se kellett a kit\u00fcntet\u00e9s oda\u00edt\u00e9lhet\u0151s\u00e9ge vonatkoz\u00e1s\u00e1ban. (A szakma csak javasolhatott.) Err\u0151l sz\u00f3lnak az al\u00e1bbi az MSZMP K\u00f6zponti Bizotts\u00e1ga Agit\u00e1ci\u00f3s \u00e9s Propaganda Bizotts\u00e1g\u00e1nak (APB) iratai. 1977- .<br \/>\n<a href=\"http:\/\/rakosliget.hu\/pdf\/Csekovszky kivalo muvesz eloterjesztes.pdf\">Csekovszky \u00c1rp\u00e1d Kiv\u00e1l\u00f3 M\u0171v\u00e9sz el\u0151terjeszt\u00e9se 1977. febru\u00e1r 15.<\/a><\/p>\n<h5 style=\"text-align: left;\" align=\"center\"><a href=\"https:\/\/rakosliget.hu\/wordpress\/index.php\/szalai-laszlo-keramikus\/\">szalay l\u00e1szl\u00f3<\/a> keramikus<br \/>\n<a href=\"https:\/\/rakosliget.hu\/wordpress\/index.php\/szalai-szilvia\/\">szalay szilvia<\/a> Tervez\u0151grafikus, kalligr\u00e1fus,<\/h5>\n<h3 class=\"style4\" style=\"text-align: left;\" align=\"center\"><strong>Fot\u00f3sok<\/strong><\/h3>\n<h5 style=\"text-align: left;\" align=\"center\">F\u00fczessy Imre<br \/>\nMoln\u00e1r Ferenc<br \/>\nViczi\u00e1n P\u00e1l<\/h5>\n<h3 class=\"style4\" style=\"text-align: left;\" align=\"center\">Film\/sz\u00ednh\u00e1z<\/h3>\n<h5 style=\"text-align: left;\" align=\"center\"><a href=\"https:\/\/rakosliget.hu\/wordpress\/index.php\/alpar-gitta\/\">Alp\u00e1ri Gitta<\/a><br \/>\n<a href=\"https:\/\/rakosliget.hu\/wordpress\/index.php\/berky-lili\/\">Berki Lili sz\u00ednm\u0171v\u00e9sz<\/a><br \/>\n<a href=\"https:\/\/rakosliget.hu\/wordpress\/index.php\/gozon-gyula\/\">G\u00f3zon Gyula sz\u00ednm\u0171v\u00e9sz<\/a><br \/>\n<a href=\"http:\/\/hu.wikipedia.org\/wiki\/Szil%C3%A1gyi_Istv%C3%A1n_%28sz%C3%ADn%C3%A9sz%29\">Szil\u00e1gyi Istv\u00e1n sz\u00ednm\u0171v\u00e9sz<\/a><br \/>\n<a href=\"https:\/\/rakosliget.hu\/wordpress\/index.php\/javor-maria\/\">j\u00e1vor m\u00e1ria opera\u00e9nekes<\/a><br \/>\n<a href=\"https:\/\/rakosliget.hu\/wordpress\/index.php\/mark-tivadar\/\">M\u00e1rk Tivadar jelmeztervez\u0151<\/a><br \/>\n<a href=\"https:\/\/rakosliget.hu\/wordpress\/index.php\/pinter-gabor-az-operahaz-fokellekese\/\">PINT\u00c9R G\u00c1BOR<\/a> az OPERAH\u00c1Z f\u0151kell\u00e9kese<br \/>\n<a href=\"https:\/\/rakosliget.hu\/wordpress\/index.php\/ragalyi-elemer\/\">Rag\u00e1lyi Elem\u00e9r operat\u0151r<\/a><\/h5>\n<h3 class=\"style4\" style=\"text-align: left;\" align=\"center\">Zeneszerz\u0151k\/\u00e9nekm\u0171v\u00e9szek<\/h3>\n<h5 style=\"text-align: left;\" align=\"center\"><a href=\"https:\/\/rakosliget.hu\/wordpress\/index.php\/czobor-karoly\/\">Czobor K\u00e1roly<\/a><br \/>\n<a href=\"https:\/\/rakosliget.hu\/wordpress\/index.php\/kunery-kalman\/\">Kun\u00e9ry K\u00e1lm\u00e1n<\/a> dalszerz\u0151,tan\u00edt\u00f3<br \/>\nSz\u0151ke Csaba<br \/>\n<a href=\"https:\/\/rakosliget.hu\/wordpress\/index.php\/gregor-jozsef-2\/\">Gregor J\u00f3zsef<\/a><br \/>\n<a href=\"https:\/\/rakosliget.hu\/wordpress\/index.php\/tihanyi-ferenc\/\">tihanyi ferenc<\/a> opera\u00e9nekes<\/h5>\n<p style=\"text-align: left;\" align=\"center\"><a href=\"http:\/\/hu.wikipedia.org\/wiki\/Gregor_J%C3%B3zsef\"><br \/>\n<\/a>A kor k\u00f6vetelm\u00e9nyeinek megfelel\u0151en az MSZMP K\u00f6zponti Bizotts\u00e1ga Agit\u00e1ci\u00f3s \u00e9s Propaganda Bizotts\u00e1g\u00e1nak (APB) d\u00f6nt\u00e9se kellett a kit\u00fcntet\u00e9s oda\u00edt\u00e9lhet\u0151s\u00e9ge vonatkoz\u00e1s\u00e1ban. (A szakma csak javasolhatott.) Err\u0151l sz\u00f3lnak az al\u00e1bbi az MSZMP K\u00f6zponti Bizotts\u00e1ga Agit\u00e1ci\u00f3s \u00e9s Propaganda Bizotts\u00e1g\u00e1nak (APB) iratai. 1977- .<\/p>\n<p align=\"justify\"><a href=\"http:\/\/rakosliget.hu\/pdf\/gregor liszt dij.pdf\">Liszt-d\u00edj 1974. febru\u00e1r 19.<\/a><\/p>\n<p align=\"justify\"><a href=\"http:\/\/rakosliget.hu\/pdf\/gregor erdemes muvesz.pdf\">\u00c9rdemes M\u0171v\u00e9sz 1979. febru\u00e1r 27.<\/a><\/p>\n<p align=\"justify\"><a href=\"http:\/\/rakosliget.hu\/pdf\/gregor kivalo muvesz.pdf\">Kiv\u00e1l\u00f3 M\u0171v\u00e9sz 1983.febru\u00e1r 22.<\/a><\/p>\n<p align=\"justify\"><a href=\"http:\/\/rakosliget.hu\/pdf\/Gregor SZOT dij.pdf\">SZOT-d\u00edj 1987. m\u00e1rcius 17.<\/a><\/p>\n<h3 align=\"justify\">Hangszerk\u00e9sz\u00edt\u0151<\/h3>\n<h5><a href=\"https:\/\/rakosliget.hu\/wordpress\/index.php\/blaszauer-robert\/\">Blaszauer<\/a> R\u00f3bert<\/h5>\n<h5><\/h5>\n","protected":false},"excerpt":{"rendered":"<p>R\u00e1kosligethez k\u00f6thet\u0151 m\u0171v\u00e9szek n\u00e9vsora Fest\u0151k Bark\u00f3czi J\u00f3zsef B\u00e9nyi L\u00e1szl\u00f3 fest\u0151m\u0171v\u00e9sz bohacsek ede D. Krusny\u00e1k Magdolna F\u00fcl\u00f6p S\u00e1ndor Lis\u00e1nyi Endre Nagy J\u00e1nos fest\u0151m\u0171v\u00e9sz Parrag Emil Parrag No\u00e9mi Pr\u00f3day lajos Kutas (Kaltenecker) Art\u00far festm\u00e9nyek r\u00e1kosligetr\u0151l Grafikusok Heinzelmann Emma Szobr\u00e1szok, k\u00e9pz\u0151m\u0171v\u00e9szek \u00c1cs J\u00f3zsef szobr\u00e1szm\u0171v\u00e9sz \u00c1cs J\u00f3zsef szobr\u00e1szm\u0171v\u00e9sz alkot\u00e1sai Domonkos L\u00e1szl\u00f3 + 2018.10. Humeny\u00e1nszky Jol\u00e1n + 2021. 03. LUK\u00c1CS &hellip; <a href=\"https:\/\/rakosliget.hu\/wordpress\/index.php\/muveszet\/\" class=\"more-link\"><span class=\"screen-reader-text\">M\u0170V\u00c9SZET. A KEZDETEKT\u0150L NAPJAINKIG<\/span> r\u00e9szletei&#8230;<\/a><\/p>\n","protected":false},"author":1,"featured_media":0,"parent":0,"menu_order":0,"comment_status":"closed","ping_status":"closed","template":"","meta":{"footnotes":""},"class_list":["post-518","page","type-page","status-publish","hentry"],"_links":{"self":[{"href":"https:\/\/rakosliget.hu\/wordpress\/index.php\/wp-json\/wp\/v2\/pages\/518","targetHints":{"allow":["GET"]}}],"collection":[{"href":"https:\/\/rakosliget.hu\/wordpress\/index.php\/wp-json\/wp\/v2\/pages"}],"about":[{"href":"https:\/\/rakosliget.hu\/wordpress\/index.php\/wp-json\/wp\/v2\/types\/page"}],"author":[{"embeddable":true,"href":"https:\/\/rakosliget.hu\/wordpress\/index.php\/wp-json\/wp\/v2\/users\/1"}],"replies":[{"embeddable":true,"href":"https:\/\/rakosliget.hu\/wordpress\/index.php\/wp-json\/wp\/v2\/comments?post=518"}],"version-history":[{"count":67,"href":"https:\/\/rakosliget.hu\/wordpress\/index.php\/wp-json\/wp\/v2\/pages\/518\/revisions"}],"predecessor-version":[{"id":23840,"href":"https:\/\/rakosliget.hu\/wordpress\/index.php\/wp-json\/wp\/v2\/pages\/518\/revisions\/23840"}],"wp:attachment":[{"href":"https:\/\/rakosliget.hu\/wordpress\/index.php\/wp-json\/wp\/v2\/media?parent=518"}],"curies":[{"name":"wp","href":"https:\/\/api.w.org\/{rel}","templated":true}]}}