{"id":5171,"date":"2020-04-08T15:58:58","date_gmt":"2020-04-08T14:58:58","guid":{"rendered":"http:\/\/rakosliget.hu\/wordpress\/?page_id=5171"},"modified":"2020-04-08T16:17:39","modified_gmt":"2020-04-08T15:17:39","slug":"virilis-es-virilis-potkepviselok-1921-1926","status":"publish","type":"page","link":"https:\/\/rakosliget.hu\/wordpress\/index.php\/virilis-es-virilis-potkepviselok-1921-1926\/","title":{"rendered":"Virilis- \u00e9s virilis p\u00f3tk\u00e9pvisel\u0151k 1921 &#8211; 1922"},"content":{"rendered":"\n<p><strong>K\u00e9pvisel\u0151k 1921:<\/strong><\/p>\n\n\n\n<p class=\"has-text-align-center\">Elsner Lajos<br>Strement Gy\u00f6rgy<br>Maderspach Ferenc<br>\u00f6zv. Stettri M\u00f3rn\u00e9<br>Kundr\u00e1th Gyula<br>Birkenstok \u00c1d\u00e1m<br>Udvarhelyi Mikl\u00f3s<br>August J\u00f3zsef<br>P\u00e9k Endre<br>Zeller Mih\u00e1ly<br>Hillebrandt M\u00f3r<br>Galbavy Mih\u00e1ly<\/p>\n\n\n\n<p><strong>P\u00f3tk\u00e9pvisel\u0151k 1921:<\/strong><\/p>\n\n\n\n<p>Wieder Salamon<br>Markhardt J\u00e1nos<br>Parczer J\u00f3zsef<br>Vandra Lajos<\/p>\n\n\n\n<p><strong>K\u00e9pvisel\u0151k 1922:<\/strong><\/p>\n\n\n\n<p class=\"has-text-align-center\">Auguszt J\u00f3zsef<br>Birkenstok \u00c1d\u00e1m<br>Csasznek K\u00e1lm\u00e1n<br>Kem\u00e9nyfy Gyula<br>Kundr\u00e1th Gyula<br>Hillebrandt M\u00f3ric<br>Maderspach Ferenc<br>Markchardt J\u00e1nos<br>P\u00e9k Endre<br>Strement Gy\u00f6rgy<br>Udvarhelyi Mikl\u00f3s<br>\u00dcrge Lajos K\u00e1roly<\/p>\n\n\n\n<p><a href=\"http:\/\/rakosliget.hu\/wordpress\/index.php\/virilis-kepviselok\/\">Vissza a virilis list\u00e1hoz.<\/a><\/p>\n","protected":false},"excerpt":{"rendered":"<p>K\u00e9pvisel\u0151k 1921: Elsner LajosStrement Gy\u00f6rgyMaderspach Ferenc\u00f6zv. Stettri M\u00f3rn\u00e9Kundr\u00e1th GyulaBirkenstok \u00c1d\u00e1mUdvarhelyi Mikl\u00f3sAugust J\u00f3zsefP\u00e9k EndreZeller Mih\u00e1lyHillebrandt M\u00f3rGalbavy Mih\u00e1ly P\u00f3tk\u00e9pvisel\u0151k 1921: Wieder SalamonMarkhardt J\u00e1nosParczer J\u00f3zsefVandra Lajos K\u00e9pvisel\u0151k 1922: Auguszt J\u00f3zsefBirkenstok \u00c1d\u00e1mCsasznek K\u00e1lm\u00e1nKem\u00e9nyfy GyulaKundr\u00e1th GyulaHillebrandt M\u00f3ricMaderspach FerencMarkchardt J\u00e1nosP\u00e9k EndreStrement Gy\u00f6rgyUdvarhelyi Mikl\u00f3s\u00dcrge Lajos K\u00e1roly Vissza a virilis list\u00e1hoz.<\/p>\n","protected":false},"author":1,"featured_media":0,"parent":0,"menu_order":0,"comment_status":"closed","ping_status":"closed","template":"","meta":{"footnotes":""},"class_list":["post-5171","page","type-page","status-publish","hentry"],"_links":{"self":[{"href":"https:\/\/rakosliget.hu\/wordpress\/index.php\/wp-json\/wp\/v2\/pages\/5171","targetHints":{"allow":["GET"]}}],"collection":[{"href":"https:\/\/rakosliget.hu\/wordpress\/index.php\/wp-json\/wp\/v2\/pages"}],"about":[{"href":"https:\/\/rakosliget.hu\/wordpress\/index.php\/wp-json\/wp\/v2\/types\/page"}],"author":[{"embeddable":true,"href":"https:\/\/rakosliget.hu\/wordpress\/index.php\/wp-json\/wp\/v2\/users\/1"}],"replies":[{"embeddable":true,"href":"https:\/\/rakosliget.hu\/wordpress\/index.php\/wp-json\/wp\/v2\/comments?post=5171"}],"version-history":[{"count":5,"href":"https:\/\/rakosliget.hu\/wordpress\/index.php\/wp-json\/wp\/v2\/pages\/5171\/revisions"}],"predecessor-version":[{"id":5189,"href":"https:\/\/rakosliget.hu\/wordpress\/index.php\/wp-json\/wp\/v2\/pages\/5171\/revisions\/5189"}],"wp:attachment":[{"href":"https:\/\/rakosliget.hu\/wordpress\/index.php\/wp-json\/wp\/v2\/media?parent=5171"}],"curies":[{"name":"wp","href":"https:\/\/api.w.org\/{rel}","templated":true}]}}