{"id":5157,"date":"2020-04-08T10:02:00","date_gmt":"2020-04-08T09:02:00","guid":{"rendered":"http:\/\/rakosliget.hu\/wordpress\/?page_id=5157"},"modified":"2020-04-08T16:14:26","modified_gmt":"2020-04-08T15:14:26","slug":"virilis-es-virilis-potkepviselo-1917-1921","status":"publish","type":"page","link":"https:\/\/rakosliget.hu\/wordpress\/index.php\/virilis-es-virilis-potkepviselo-1917-1921\/","title":{"rendered":"Virilis- \u00e9s virilis p\u00f3tk\u00e9pvisel\u0151 1917 &#8211; 1920"},"content":{"rendered":"\n<p><strong>K\u00e9pvisel\u0151k 1917:<\/strong><\/p>\n\n\n\n<p class=\"has-text-align-center\">V\u00e1ndor K\u00e1roly<br>Gask\u00f3 Gyula<br>Th\u00e1n Ferenc<br>Maderspach Ferenc<br>Auguszt J\u00f3zsef<br>Kov\u00e1ts Elek<br>Bleier J\u00f3zsef<br>D\u00f6rner Lajos<br>Szab\u00f3 Endre<br>K\u00fcrschner Jakab<br>dr. Hajd\u00fa Mih\u00e1ly<br>Wandra Lajos<\/p>\n\n\n\n<p><strong>K\u00e9pvisel\u0151k 1918:<\/strong><\/p>\n\n\n\n<p class=\"has-text-align-center\">V\u00e1ndor K\u00e1roly<br>Maderspach Ferenc<br>Auguszt J\u00f3zsef<br>Bleyer J\u00f3zsef<br>D\u00f6rner Lajos<br>Wandra Lajos<br>Szab\u00f3 Endre<br>K\u00fcrschner Jakab<br>dr. Hajd\u00fa Mih\u00e1ly<br>Boros Art\u00far<br>Kundr\u00e1th Gyula<br>Gr\u00e1f D\u00e1niel<\/p>\n\n\n\n<p><strong>P\u00f3k\u00e9pvisel\u0151k: <\/strong><\/p>\n\n\n\n<p>Vartus Istv\u00e1n<br>Korb\u00e1sz K\u00e1lm\u00e1n<br>K\u0151m\u0171ves Istv\u00e1n<br>Zeller Mih\u00e1ly<\/p>\n\n\n\n<p><strong>K\u00e9pvisel\u0151k 1919:<\/strong><\/p>\n\n\n\n<p class=\"has-text-align-center\">Strement Gy\u00f6rgy<br>V\u00e1ndor K\u00e1roly<br>Reach Tibor<br>Maderspach Ferenc<br>Wandra Lajos<br>August J\u00f3zsef<br>Elsner Lajos<br>Szab\u00f3 Endre<br>Zeller Mih\u00e1ly<br>Kundr\u00e1th Gyula<br>D\u00f6rner Lajos<br>Triltsch Antal<\/p>\n\n\n\n<p><strong>p\u00f3tk\u00e9pvisel\u0151k 1919:<\/strong><\/p>\n\n\n\n<p>Becker Gyula<br>Jahn Viktor<br>Schmitt K\u00e1roly<br>Bacs\u00f3 Endre<\/p>\n\n\n\n<p><strong>K\u00e9pvisel\u0151k 1920:<\/strong><\/p>\n\n\n\n<p class=\"has-text-align-center\">Stement Gy\u00f6rgy<br>Reach Tibor<br>Auguszt J\u00f3zsef<br>Maderspach Ferenc<br>Wandra Lajos<br>Elsner Lajos<br>Szab\u00f3 Endre<br>Kundr\u00e1th Gyula<br>Birkenstok Andr\u00e1s<br>Zintz Ede<br>Zeller Mih\u00e1ly<br>D\u00f6ner Lajos<\/p>\n\n\n\n<p><strong>P\u00f3tk\u00e9pvisel\u0151k 1920:<\/strong><\/p>\n\n\n\n<p>P\u00e9k Endre<br>Becker Gyula<br>Trilts Antal<br>J\u00e1hn Viktor<\/p>\n\n\n\n<p><a href=\"http:\/\/rakosliget.hu\/wordpress\/index.php\/virilis-kepviselok\/\">Vissza a virilis list\u00e1hoz.<\/a><\/p>\n","protected":false},"excerpt":{"rendered":"<p>K\u00e9pvisel\u0151k 1917: V\u00e1ndor K\u00e1rolyGask\u00f3 GyulaTh\u00e1n FerencMaderspach FerencAuguszt J\u00f3zsefKov\u00e1ts ElekBleier J\u00f3zsefD\u00f6rner LajosSzab\u00f3 EndreK\u00fcrschner Jakabdr. Hajd\u00fa Mih\u00e1lyWandra Lajos K\u00e9pvisel\u0151k 1918: V\u00e1ndor K\u00e1rolyMaderspach FerencAuguszt J\u00f3zsefBleyer J\u00f3zsefD\u00f6rner LajosWandra LajosSzab\u00f3 EndreK\u00fcrschner Jakabdr. Hajd\u00fa Mih\u00e1lyBoros Art\u00farKundr\u00e1th GyulaGr\u00e1f D\u00e1niel P\u00f3k\u00e9pvisel\u0151k: Vartus Istv\u00e1nKorb\u00e1sz K\u00e1lm\u00e1nK\u0151m\u0171ves Istv\u00e1nZeller Mih\u00e1ly K\u00e9pvisel\u0151k 1919: Strement Gy\u00f6rgyV\u00e1ndor K\u00e1rolyReach TiborMaderspach FerencWandra LajosAugust J\u00f3zsefElsner LajosSzab\u00f3 EndreZeller Mih\u00e1lyKundr\u00e1th GyulaD\u00f6rner LajosTriltsch Antal p\u00f3tk\u00e9pvisel\u0151k 1919: &hellip; <a href=\"https:\/\/rakosliget.hu\/wordpress\/index.php\/virilis-es-virilis-potkepviselo-1917-1921\/\" class=\"more-link\"><span class=\"screen-reader-text\">Virilis- \u00e9s virilis p\u00f3tk\u00e9pvisel\u0151 1917 &#8211; 1920<\/span> r\u00e9szletei&#8230;<\/a><\/p>\n","protected":false},"author":1,"featured_media":0,"parent":0,"menu_order":0,"comment_status":"closed","ping_status":"closed","template":"","meta":{"footnotes":""},"class_list":["post-5157","page","type-page","status-publish","hentry"],"_links":{"self":[{"href":"https:\/\/rakosliget.hu\/wordpress\/index.php\/wp-json\/wp\/v2\/pages\/5157","targetHints":{"allow":["GET"]}}],"collection":[{"href":"https:\/\/rakosliget.hu\/wordpress\/index.php\/wp-json\/wp\/v2\/pages"}],"about":[{"href":"https:\/\/rakosliget.hu\/wordpress\/index.php\/wp-json\/wp\/v2\/types\/page"}],"author":[{"embeddable":true,"href":"https:\/\/rakosliget.hu\/wordpress\/index.php\/wp-json\/wp\/v2\/users\/1"}],"replies":[{"embeddable":true,"href":"https:\/\/rakosliget.hu\/wordpress\/index.php\/wp-json\/wp\/v2\/comments?post=5157"}],"version-history":[{"count":4,"href":"https:\/\/rakosliget.hu\/wordpress\/index.php\/wp-json\/wp\/v2\/pages\/5157\/revisions"}],"predecessor-version":[{"id":5187,"href":"https:\/\/rakosliget.hu\/wordpress\/index.php\/wp-json\/wp\/v2\/pages\/5157\/revisions\/5187"}],"wp:attachment":[{"href":"https:\/\/rakosliget.hu\/wordpress\/index.php\/wp-json\/wp\/v2\/media?parent=5157"}],"curies":[{"name":"wp","href":"https:\/\/api.w.org\/{rel}","templated":true}]}}