{"id":5151,"date":"2020-04-08T09:51:43","date_gmt":"2020-04-08T08:51:43","guid":{"rendered":"http:\/\/rakosliget.hu\/wordpress\/?page_id=5151"},"modified":"2020-04-09T02:42:26","modified_gmt":"2020-04-09T01:42:26","slug":"virilis-es-virilis-potepviselok-1913-1917","status":"publish","type":"page","link":"https:\/\/rakosliget.hu\/wordpress\/index.php\/virilis-es-virilis-potepviselok-1913-1917\/","title":{"rendered":"VIRILIS &#8211; \u00e9s VIRILIS P\u00d3T\u00c9PVISEL\u0150K 1913 &#8211; 1917"},"content":{"rendered":"<p><strong>K\u00e9pvisel\u0151k 1913:<\/strong><\/p>\n\n\n<p class=\"has-text-align-center\">F\u00fchringer Antal<br>Auguszt J\u00f3zsef<br>Bleier J\u00f3zsef<br>Czeiszler Lip\u00f3t<br>Szab\u00f3 Endre<br>Gerster Gyula<br>Klaudusz Istv\u00e1n<br>Maderspach Ferenc<br>Triltsch Antal<br>Kundr\u00e1th Gyula<br>Boros Mih\u00e1ly<br>Vrasich Jen\u0151<\/p>\n\n\n\n<p><strong>P\u00f3tk\u00e9pvisel\u0151k 1913:<\/strong><\/p>\n\n\n\n<p>Sztanek P\u00e1l<br>Kl\u00e1r J\u00e1nos<br>ifj. Gr\u00fcnfelder Alajos<br>K\u0151m\u0171ves Istv\u00e1n<\/p>\n\n\n\n<p><\/p>\n\n\n\n<p><strong>K\u00e9pvisel\u0151k 1914:<\/strong><\/p>\n\n\n\n<p class=\"has-text-align-center\">V\u00e1ndor K\u00e1roly<br>Valter Henrik<br>Than Ferenc<br>Auguszt J\u00f3zsef<br>Feldmann Izidor<br>Bleyer J\u00f3zsef<br>Ott Antal<br>Winkle Lajos<br>Gerster Gyula<br>Maderspach Ferenc<br>\u00d3berle J\u00e1nos<br>Stettri M\u00f3r<\/p>\n\n\n\n<p>Az 1914-es virilista n\u00e9vsor Szanyi Dezs\u0151 k\u00f6zl\u00e9se alapj\u00e1n:<\/p>\n\n\n\n<p>V\u00c1NDOR K\u00c1ROLY 1438.38 korona, VALTER HENRIK 707.86 korona, THAN FERENC 695,32 korona, AUGUSZT J\u00d3ZSEF 419,06 korona, FELDMANN IZIDOR 404,70 korona, BLEYER J\u00d3ZSEF 284,25 korona, CZEISLER LIP\u00d3T 271,02 korona, WINKLE LAJOS 265,22 korona, GEISTER GYULA 216,00 korona, MADERSCHPACH FERENC 198,38 korona, \u00d3BERLE J\u00c1NOS 180,79 korona, BOROS MIH\u00c1LY 181,56 korona, KUNDR\u00c1TH GYULA 178,33 korona, LORBERER L\u00c1SZL\u00d3 170,18 korona, KL\u00c1R J\u00c1NOS 155,70 korona, ZELLER MIH\u00c1LY 152,90 korona.<\/p>\n\n\n\n<p><strong>P\u00f3tk\u00e9pvisel\u0151k 1914:<\/strong><\/p>\n\n\n\n<p>Kundr\u00e1th Gyula<br>Lorberer L\u00e1szl\u00f3<br>Kl\u00e1r J\u00e1nos<br>Zeller Mih\u00e1ly<\/p>\n\n\n\n<p><strong>K\u00e9pvisel\u0151k 1915:<\/strong><\/p>\n\n\n\n<p class=\"has-text-align-center\">V\u00e1ndor K\u00e1roly<br>Maderspach Ferenc<br>Auguszt J\u00f3zsef<br>Bleier J\u00f3zsef<br>Kov\u00e1ts Elek<br>K\u00fcrscner Jakab<br>Szab\u00f3 Endre<br>Ott Antal<br>dr. Hajdu Mih\u00e1ly<br>Gerster Gyula<br>Kundr\u00e1th Gyula<br>Vandra Lajos<\/p>\n\n\n\n<p><strong>P\u00f3tk\u00e9pvisel\u0151k 1915:<\/strong><\/p>\n\n\n\n<p>Rozenberg J\u00f3zsef<br>Stettri M\u00f3r<br>K\u0151m\u0171ves Istv\u00e1n<br>Sztanek P\u00e1l<\/p>\n\n\n\n<p><a href=\"http:\/\/rakosliget.hu\/wordpress\/index.php\/virilis-kepviselok\/\">Vissza a virilis list\u00e1hoz.<\/a><\/p>\n","protected":false},"excerpt":{"rendered":"<p>K\u00e9pvisel\u0151k 1913: F\u00fchringer AntalAuguszt J\u00f3zsefBleier J\u00f3zsefCzeiszler Lip\u00f3tSzab\u00f3 EndreGerster GyulaKlaudusz Istv\u00e1nMaderspach FerencTriltsch AntalKundr\u00e1th GyulaBoros Mih\u00e1lyVrasich Jen\u0151 P\u00f3tk\u00e9pvisel\u0151k 1913: Sztanek P\u00e1lKl\u00e1r J\u00e1nosifj. Gr\u00fcnfelder AlajosK\u0151m\u0171ves Istv\u00e1n K\u00e9pvisel\u0151k 1914: V\u00e1ndor K\u00e1rolyValter HenrikThan FerencAuguszt J\u00f3zsefFeldmann IzidorBleyer J\u00f3zsefOtt AntalWinkle LajosGerster GyulaMaderspach Ferenc\u00d3berle J\u00e1nosStettri M\u00f3r Az 1914-es virilista n\u00e9vsor Szanyi Dezs\u0151 k\u00f6zl\u00e9se alapj\u00e1n: V\u00c1NDOR K\u00c1ROLY 1438.38 korona, VALTER HENRIK 707.86 korona, THAN &hellip; <a href=\"https:\/\/rakosliget.hu\/wordpress\/index.php\/virilis-es-virilis-potepviselok-1913-1917\/\" class=\"more-link\"><span class=\"screen-reader-text\">VIRILIS &#8211; \u00e9s VIRILIS P\u00d3T\u00c9PVISEL\u0150K 1913 &#8211; 1917<\/span> r\u00e9szletei&#8230;<\/a><\/p>\n","protected":false},"author":1,"featured_media":0,"parent":0,"menu_order":0,"comment_status":"closed","ping_status":"closed","template":"","meta":{"footnotes":""},"class_list":["post-5151","page","type-page","status-publish","hentry"],"_links":{"self":[{"href":"https:\/\/rakosliget.hu\/wordpress\/index.php\/wp-json\/wp\/v2\/pages\/5151","targetHints":{"allow":["GET"]}}],"collection":[{"href":"https:\/\/rakosliget.hu\/wordpress\/index.php\/wp-json\/wp\/v2\/pages"}],"about":[{"href":"https:\/\/rakosliget.hu\/wordpress\/index.php\/wp-json\/wp\/v2\/types\/page"}],"author":[{"embeddable":true,"href":"https:\/\/rakosliget.hu\/wordpress\/index.php\/wp-json\/wp\/v2\/users\/1"}],"replies":[{"embeddable":true,"href":"https:\/\/rakosliget.hu\/wordpress\/index.php\/wp-json\/wp\/v2\/comments?post=5151"}],"version-history":[{"count":6,"href":"https:\/\/rakosliget.hu\/wordpress\/index.php\/wp-json\/wp\/v2\/pages\/5151\/revisions"}],"predecessor-version":[{"id":5192,"href":"https:\/\/rakosliget.hu\/wordpress\/index.php\/wp-json\/wp\/v2\/pages\/5151\/revisions\/5192"}],"wp:attachment":[{"href":"https:\/\/rakosliget.hu\/wordpress\/index.php\/wp-json\/wp\/v2\/media?parent=5151"}],"curies":[{"name":"wp","href":"https:\/\/api.w.org\/{rel}","templated":true}]}}