{"id":5140,"date":"2020-04-07T16:21:56","date_gmt":"2020-04-07T15:21:56","guid":{"rendered":"http:\/\/rakosliget.hu\/wordpress\/?page_id=5140"},"modified":"2020-04-08T16:13:08","modified_gmt":"2020-04-08T15:13:08","slug":"virilis-es-virilis-potepviselok-1910-1913","status":"publish","type":"page","link":"https:\/\/rakosliget.hu\/wordpress\/index.php\/virilis-es-virilis-potepviselok-1910-1913\/","title":{"rendered":"VIRILIS &#8211; \u00e9s VIRILIS P\u00d3T\u00c9PVISEL\u0150K 1910 &#8211; 1912"},"content":{"rendered":"<p><strong>K\u00e9pvisel\u0151k 1911:<\/strong><\/p>\n<p><\/p>\n\n\n<p class=\"has-text-align-center\">Auguszt J\u00f3zsef<br>Szab\u00f3 Endre<br>Kassai Vilmos<br>Bleier J\u00f3zsef<br>Danczinger Ign\u00e1c<br>M\u00e9rei S\u00e1ndor<br>Kundr\u00e1th Gyula<br>Kiss Adolf<br>V\u00e1rady Ign\u00e1c<br>P\u00f3hl Rezs\u0151<br>Rad\u00f3czi J\u00e1nos<br>Reichardt Imre<\/p>\n\n\n\n<p>P<strong>\u00f3tk\u00e9pvisel\u0151k 1911:<\/strong><\/p>\n\n\n\n<p>Galbavy Mih\u00e1ly<br>Koch Willi<br>Csasznek K\u00e1lm\u00e1n<br>Adamcsik Istv\u00e1nn\u00e9<\/p>\n\n\n\n<p>K<strong>\u00e9pvisel\u0151k 1912:<\/strong><\/p>\n\n\n\n<p class=\"has-text-align-center\">Danczinger Ign\u00e1c<br>Gerster Gyula<br>Feldmann Izidor<br>Klaudusz Istv\u00e1n<br>K\u0151m\u0171ves Istv\u00e1n<br>Kundr\u00e1th Gyula<br>Maderspach Ferenc<\/p>\n\n\n\n<p><strong>P\u00f3tk\u00e9pvisel\u0151k 1912:<\/strong><\/p>\n\n\n\n<p>Boros Mih\u00e1ly<br>Vincze Jen\u0151<br>Czeisler Lip\u00f3t<br>R\u00e9vay Ferenc<\/p>\n\n\n\n<p><a href=\"http:\/\/rakosliget.hu\/wordpress\/index.php\/virilis-kepviselok\/\">Vissza a virilis list\u00e1hoz.<\/a><\/p>\n","protected":false},"excerpt":{"rendered":"<p>K\u00e9pvisel\u0151k 1911: Auguszt J\u00f3zsefSzab\u00f3 EndreKassai VilmosBleier J\u00f3zsefDanczinger Ign\u00e1cM\u00e9rei S\u00e1ndorKundr\u00e1th GyulaKiss AdolfV\u00e1rady Ign\u00e1cP\u00f3hl Rezs\u0151Rad\u00f3czi J\u00e1nosReichardt Imre P\u00f3tk\u00e9pvisel\u0151k 1911: Galbavy Mih\u00e1lyKoch WilliCsasznek K\u00e1lm\u00e1nAdamcsik Istv\u00e1nn\u00e9 K\u00e9pvisel\u0151k 1912: Danczinger Ign\u00e1cGerster GyulaFeldmann IzidorKlaudusz Istv\u00e1nK\u0151m\u0171ves Istv\u00e1nKundr\u00e1th GyulaMaderspach Ferenc P\u00f3tk\u00e9pvisel\u0151k 1912: Boros Mih\u00e1lyVincze Jen\u0151Czeisler Lip\u00f3tR\u00e9vay Ferenc Vissza a virilis list\u00e1hoz.<\/p>\n","protected":false},"author":1,"featured_media":0,"parent":0,"menu_order":0,"comment_status":"closed","ping_status":"closed","template":"","meta":{"footnotes":""},"class_list":["post-5140","page","type-page","status-publish","hentry"],"_links":{"self":[{"href":"https:\/\/rakosliget.hu\/wordpress\/index.php\/wp-json\/wp\/v2\/pages\/5140","targetHints":{"allow":["GET"]}}],"collection":[{"href":"https:\/\/rakosliget.hu\/wordpress\/index.php\/wp-json\/wp\/v2\/pages"}],"about":[{"href":"https:\/\/rakosliget.hu\/wordpress\/index.php\/wp-json\/wp\/v2\/types\/page"}],"author":[{"embeddable":true,"href":"https:\/\/rakosliget.hu\/wordpress\/index.php\/wp-json\/wp\/v2\/users\/1"}],"replies":[{"embeddable":true,"href":"https:\/\/rakosliget.hu\/wordpress\/index.php\/wp-json\/wp\/v2\/comments?post=5140"}],"version-history":[{"count":6,"href":"https:\/\/rakosliget.hu\/wordpress\/index.php\/wp-json\/wp\/v2\/pages\/5140\/revisions"}],"predecessor-version":[{"id":5185,"href":"https:\/\/rakosliget.hu\/wordpress\/index.php\/wp-json\/wp\/v2\/pages\/5140\/revisions\/5185"}],"wp:attachment":[{"href":"https:\/\/rakosliget.hu\/wordpress\/index.php\/wp-json\/wp\/v2\/media?parent=5140"}],"curies":[{"name":"wp","href":"https:\/\/api.w.org\/{rel}","templated":true}]}}