{"id":5126,"date":"2020-04-07T15:54:20","date_gmt":"2020-04-07T14:54:20","guid":{"rendered":"http:\/\/rakosliget.hu\/wordpress\/?page_id=5126"},"modified":"2026-03-15T05:27:58","modified_gmt":"2026-03-15T04:27:58","slug":"virilis-kepviselok","status":"publish","type":"page","link":"https:\/\/rakosliget.hu\/wordpress\/index.php\/virilis-kepviselok\/","title":{"rendered":"VIRILIS K\u00c9PVISEL\u0150K*"},"content":{"rendered":"\n<div class=\"wp-block-buttons is-content-justification-center is-layout-flex wp-container-core-buttons-is-layout-16018d1d wp-block-buttons-is-layout-flex\">\n<div class=\"wp-block-button\"><a class=\"wp-block-button__link wp-element-button\" href=\"https:\/\/rakosliget.hu\/wordpress\/index.php\/kozigazgatas\/\">VISSZA A K\u00d6ZIGAZGAT\u00c1S LAPRA<\/a><\/div>\n<\/div>\n\n\n\n<p><\/p>\n\n\n\n<p>A <em>virilizmus <\/em>int\u00e9zm\u00e9ny\u00e9t az 1870: 12. tc. vezette be a magyar k\u00f6zigazgat\u00e1sba, amely m\u00f3dos\u00edt\u00e1sokkal eg\u00e9szen 1945-ig fenn\u00e1llt. R\u00e1kosligeten az utols\u00f3 virilis lista 1926-b\u00f3l sz\u00e1rmazik.<\/p>\n\n\n\n<p>A k\u00e9pvisel\u0151ket fele r\u00e9szben v\u00e1laszt\u00e1s alapj\u00e1n (a hat\u00e1lyos \u00f6nkorm\u00e1nyzati v\u00e1laszt\u00f3jogi t\u00f6rv\u00e9ny alapj\u00e1n), r\u00e9szben virilis alapon, azaz a t\u00f6rv\u00e9nyhat\u00f3s\u00e1g ter\u00fclet\u00e9n legt\u00f6bb ad\u00f3t fizet\u0151k list\u00e1ja alapj\u00e1n v\u00e1lasztott\u00e1k meg. A virilis jog\u00fa k\u00e9pvisel\u0151k \u00f6sszet\u00e9tele 1920 \u00e9s 1944 k\u00f6z\u00f6tt jelent\u0151sen \u00e1talakult, mivel megv\u00e1ltoztatt\u00e1k a besz\u00e1m\u00edthat\u00f3 ad\u00f3k ar\u00e1ny\u00e1t.<\/p>\n\n\n\n<p><em>*Az archantologia Puzs\u00e1r Imre (2009) szakdolgozata alapj\u00e1n k\u00e9sz\u00fclt. Az 1914-es n\u00e9vsor kieg\u00e9sz\u00edt\u00e9s Szanyi Dezs\u0151 kutat\u00e1sa alapj\u00e1n ker\u00fclt ismertet\u00e9sre.<br><\/em><\/p>\n\n\n\n<p><a href=\"http:\/\/rakosliget.hu\/wordpress\/index.php\/virilis-es-potkepviselok\/\">R\u00e1kosliget virilis &#8211; \u00e9s p\u00f3tk\u00e9pvisel\u0151i 1907 &#8211; 1910.<\/a><\/p>\n\n\n\n<p><a href=\"http:\/\/rakosliget.hu\/wordpress\/index.php\/virilis-es-virilis-potepviselok-1910-1913\">R\u00e1kosliget virilis &#8211; \u00e9s p\u00f3tk\u00e9pvisel\u0151i 1910 &#8211; 1912.<\/a><\/p>\n\n\n\n<p><a href=\"http:\/\/rakosliget.hu\/wordpress\/index.php\/virilis-es-virilis-potepviselok-1913-1917\/\">R\u00e1kosligeti virilis- \u00e9s p\u00f3tk\u00e9pvisel\u0151k 1913 &#8211; 1916<\/a><\/p>\n\n\n\n<p><a href=\"http:\/\/rakosliget.hu\/wordpress\/index.php\/virilis-es-virilis-potkepviselo-1917-1921\/\">R\u00e1kosligeti virilis- \u00e9s p\u00f3tk\u00e9pvisel\u0151i 1917 &#8211; 1920<\/a><\/p>\n\n\n\n<p><a href=\"http:\/\/rakosliget.hu\/wordpress\/index.php\/virilis-es-virilis-potkepviselok-1921-1926\/\">R\u00e1kosligeti virilis- \u00e9s p\u00f3tk\u00e9pvisel\u0151k 1921 &#8211; 1922<\/a><\/p>\n\n\n\n<p><a href=\"http:\/\/rakosliget.hu\/wordpress\/index.php\/virilis-es-virilis-potkepviselok-1921-1926\/\">R\u00e1kosligeti virilis- \u00e9s p\u00f3tk\u00e9pvisel\u0151k 1924 &#8211; 1926<\/a><\/p>\n","protected":false},"excerpt":{"rendered":"<p>A virilizmus int\u00e9zm\u00e9ny\u00e9t az 1870: 12. tc. vezette be a magyar k\u00f6zigazgat\u00e1sba, amely m\u00f3dos\u00edt\u00e1sokkal eg\u00e9szen 1945-ig fenn\u00e1llt. R\u00e1kosligeten az utols\u00f3 virilis lista 1926-b\u00f3l sz\u00e1rmazik. A k\u00e9pvisel\u0151ket fele r\u00e9szben v\u00e1laszt\u00e1s alapj\u00e1n (a hat\u00e1lyos \u00f6nkorm\u00e1nyzati v\u00e1laszt\u00f3jogi t\u00f6rv\u00e9ny alapj\u00e1n), r\u00e9szben virilis alapon, azaz a t\u00f6rv\u00e9nyhat\u00f3s\u00e1g ter\u00fclet\u00e9n legt\u00f6bb ad\u00f3t fizet\u0151k list\u00e1ja alapj\u00e1n v\u00e1lasztott\u00e1k meg. A virilis jog\u00fa k\u00e9pvisel\u0151k \u00f6sszet\u00e9tele &hellip; <a href=\"https:\/\/rakosliget.hu\/wordpress\/index.php\/virilis-kepviselok\/\" class=\"more-link\"><span class=\"screen-reader-text\">VIRILIS K\u00c9PVISEL\u0150K*<\/span> r\u00e9szletei&#8230;<\/a><\/p>\n","protected":false},"author":1,"featured_media":0,"parent":0,"menu_order":0,"comment_status":"closed","ping_status":"closed","template":"","meta":{"footnotes":""},"class_list":["post-5126","page","type-page","status-publish","hentry"],"_links":{"self":[{"href":"https:\/\/rakosliget.hu\/wordpress\/index.php\/wp-json\/wp\/v2\/pages\/5126","targetHints":{"allow":["GET"]}}],"collection":[{"href":"https:\/\/rakosliget.hu\/wordpress\/index.php\/wp-json\/wp\/v2\/pages"}],"about":[{"href":"https:\/\/rakosliget.hu\/wordpress\/index.php\/wp-json\/wp\/v2\/types\/page"}],"author":[{"embeddable":true,"href":"https:\/\/rakosliget.hu\/wordpress\/index.php\/wp-json\/wp\/v2\/users\/1"}],"replies":[{"embeddable":true,"href":"https:\/\/rakosliget.hu\/wordpress\/index.php\/wp-json\/wp\/v2\/comments?post=5126"}],"version-history":[{"count":29,"href":"https:\/\/rakosliget.hu\/wordpress\/index.php\/wp-json\/wp\/v2\/pages\/5126\/revisions"}],"predecessor-version":[{"id":23782,"href":"https:\/\/rakosliget.hu\/wordpress\/index.php\/wp-json\/wp\/v2\/pages\/5126\/revisions\/23782"}],"wp:attachment":[{"href":"https:\/\/rakosliget.hu\/wordpress\/index.php\/wp-json\/wp\/v2\/media?parent=5126"}],"curies":[{"name":"wp","href":"https:\/\/api.w.org\/{rel}","templated":true}]}}