{"id":512,"date":"2018-03-10T07:15:32","date_gmt":"2018-03-10T06:15:32","guid":{"rendered":"http:\/\/rakosliget.hu\/wordpress\/?page_id=512"},"modified":"2026-02-07T09:17:21","modified_gmt":"2026-02-07T08:17:21","slug":"rakosliget-kozseg-tuzoltosagi-emlekei","status":"publish","type":"page","link":"https:\/\/rakosliget.hu\/wordpress\/index.php\/rakosliget-kozseg-tuzoltosagi-emlekei\/","title":{"rendered":"R\u00e1kosliget k\u00f6zs\u00e9g t\u0171zolt\u00f3s\u00e1gi eml\u00e9kei"},"content":{"rendered":"\n<p id=\"Eleje\">\t<!-- CSS Part Start From Here-->\n\t<style>\n\t\t.all-images {\n\t\t\tpadding-top: 10px !important;\n\t\t\tpadding-bottom: 15px !important;\n\t\t}\n\n\t\t#image_gallery_1860 .thumbnail {\n\t\t\twidth: 100% !important;\n\t\t\theight: auto !important;\n\t\t\tborder-radius: 0px;\n\t\t\t\/*background: transparent url('https:\/\/rakosliget.hu\/wordpress\/wp-content\/plugins\/new-image-gallery\/include\/assets\/img\/loading.gif') center no-repeat !important;*\/\n\t\t\tmargin-bottom: 20px !important;\n\t\t}\n\n\t\t\t\t.item-title {\n\t\t\tbackground-color: rgba(0, 0, 0, 0.5);\n\t\t\tbottom: 45px;\n\t\t\tcolor: #FFFFFF;\n\t\t\tdisplay: block;\n\t\t\tfont-weight: 300;\n\t\t\tleft: 2rem;\n\t\t\tpadding: 8px;\n\t\t\tposition: absolute;\n\t\t\tright: 2rem;\n\t\t\ttext-align: center;\n\t\t\ttext-transform: capitalize;\n\t\t}\n\n\t\t\t<\/style>\n\t<div id=\"image_gallery_1860\" class=\"row all-images-1860\">\n\t\t\t\t\t\t<div class=\"single-image-1860 col-lg-3 col-md-3 col-sm-4 col-xs-6\">\n\t\t\t\t\t<a href=\"https:\/\/rakosliget.hu\/wordpress\/wp-content\/uploads\/2018\/10\/tuzolto.png\" data-lightbox=\"lightbox-1860\" data-gallery=\"gallery-1860\" data-title=\"T\u0171zolt\u00f3k\">\n\t\t\t\t\t\t<img decoding=\"async\" class=\"thumbnail hvr-float-shadow\" src=\"https:\/\/rakosliget.hu\/wordpress\/wp-content\/uploads\/2018\/10\/tuzolto-150x150.png\" alt=\"T\u0171zolt\u00f3k\">\n\t\t\t\t\t\t\t\t\t\t\t<\/a>\n\t\t\t\t<\/div>\n\t\t\t\t\t\t<div class=\"single-image-1860 col-lg-3 col-md-3 col-sm-4 col-xs-6\">\n\t\t\t\t\t<a href=\"https:\/\/rakosliget.hu\/wordpress\/wp-content\/uploads\/2018\/10\/tuzolt.jpg\" data-lightbox=\"lightbox-1860\" data-gallery=\"gallery-1860\" data-title=\"T\u0171zolt\u00f3k\">\n\t\t\t\t\t\t<img decoding=\"async\" class=\"thumbnail hvr-float-shadow\" src=\"https:\/\/rakosliget.hu\/wordpress\/wp-content\/uploads\/2018\/10\/tuzolt-150x150.jpg\" alt=\"T\u0171zolt\u00f3k\">\n\t\t\t\t\t\t\t\t\t\t\t<\/a>\n\t\t\t\t<\/div>\n\t\t\t\t\t\t<div class=\"single-image-1860 col-lg-3 col-md-3 col-sm-4 col-xs-6\">\n\t\t\t\t\t<a href=\"https:\/\/rakosliget.hu\/wordpress\/wp-content\/uploads\/2018\/10\/tuzoltosag40eves.jpg\" data-lightbox=\"lightbox-1860\" data-gallery=\"gallery-1860\" data-title=\"T\u0171zolt\u00f3s\u00e1g 40 \u00e9ves plakett\">\n\t\t\t\t\t\t<img decoding=\"async\" class=\"thumbnail hvr-float-shadow\" src=\"https:\/\/rakosliget.hu\/wordpress\/wp-content\/uploads\/2018\/10\/tuzoltosag40eves-150x150.jpg\" alt=\"T\u0171zolt\u00f3s\u00e1g 40 \u00e9ves plakett\">\n\t\t\t\t\t\t\t\t\t\t\t<\/a>\n\t\t\t\t<\/div>\n\t\t\t\t\t\t<div class=\"single-image-1860 col-lg-3 col-md-3 col-sm-4 col-xs-6\">\n\t\t\t\t\t<a href=\"https:\/\/rakosliget.hu\/wordpress\/wp-content\/uploads\/2018\/10\/tuzoltosag40eves1.jpg\" data-lightbox=\"lightbox-1860\" data-gallery=\"gallery-1860\" data-title=\"T\u0171zolt\u00f3s\u00e1g 40 \u00e9ves plakett\">\n\t\t\t\t\t\t<img decoding=\"async\" class=\"thumbnail hvr-float-shadow\" src=\"https:\/\/rakosliget.hu\/wordpress\/wp-content\/uploads\/2018\/10\/tuzoltosag40eves1-150x139.jpg\" alt=\"T\u0171zolt\u00f3s\u00e1g 40 \u00e9ves plakett\">\n\t\t\t\t\t\t\t\t\t\t\t<\/a>\n\t\t\t\t<\/div>\n\t\t\t<\/div>\n<script>\n\tjQuery(document).ready(function() {\n\t\t\/\/ Method 1 - Initialize Isotope, then trigger layout after each image loads.\n\t\tvar $grid = jQuery('.all-images-1860').isotope({\n\t\t\t\/\/ options...\n\t\t\titemSelector: '.single-image-1860',\n\t\t});\n\t\t\/\/ layout Isotope after each image loads\n\t\t$grid.imagesLoaded().progress(function() {\n\t\t\t$grid.isotope('layout');\n\t\t});\n\n\n\t\tlightbox.option({\n\t\t\t'wrapAround': false,\n\t\t})\n\n\t\tjQuery(document).on('click', '[data-toggle=\"lightbox-1860\"]', function(event) {\n\t\t\tevent.preventDefault();\n\t\t\tjQuery(this).ekkoLightbox();\n\t\t});\n\t});\n<\/script><\/p>\n\n\n\n<figure class=\"wp-block-gallery has-nested-images columns-default is-cropped wp-block-gallery-1 is-layout-flex wp-block-gallery-is-layout-flex\">\n<figure class=\"wp-block-image size-large\"><img loading=\"lazy\" decoding=\"async\" width=\"600\" height=\"468\" data-id=\"1861\" src=\"https:\/\/rakosliget.hu\/wordpress\/wp-content\/uploads\/2018\/10\/tuzolt.jpg\" alt=\"\" class=\"wp-image-1861\" srcset=\"https:\/\/rakosliget.hu\/wordpress\/wp-content\/uploads\/2018\/10\/tuzolt.jpg 600w, https:\/\/rakosliget.hu\/wordpress\/wp-content\/uploads\/2018\/10\/tuzolt-300x234.jpg 300w\" sizes=\"auto, (max-width: 600px) 100vw, 600px\" \/><\/figure>\n\n\n\n<figure class=\"wp-block-image size-large\"><img loading=\"lazy\" decoding=\"async\" width=\"600\" height=\"460\" data-id=\"1862\" src=\"https:\/\/rakosliget.hu\/wordpress\/wp-content\/uploads\/2018\/10\/tuzolto.png\" alt=\"\" class=\"wp-image-1862\" srcset=\"https:\/\/rakosliget.hu\/wordpress\/wp-content\/uploads\/2018\/10\/tuzolto.png 600w, https:\/\/rakosliget.hu\/wordpress\/wp-content\/uploads\/2018\/10\/tuzolto-300x230.png 300w\" sizes=\"auto, (max-width: 600px) 100vw, 600px\" \/><\/figure>\n\n\n\n<figure class=\"wp-block-image size-large\"><img loading=\"lazy\" decoding=\"async\" width=\"621\" height=\"489\" data-id=\"10211\" src=\"https:\/\/rakosliget.hu\/wordpress\/wp-content\/uploads\/2022\/06\/Tuzoltosag-epulete.jpg\" alt=\"\" class=\"wp-image-10211\" srcset=\"https:\/\/rakosliget.hu\/wordpress\/wp-content\/uploads\/2022\/06\/Tuzoltosag-epulete.jpg 621w, https:\/\/rakosliget.hu\/wordpress\/wp-content\/uploads\/2022\/06\/Tuzoltosag-epulete-300x236.jpg 300w\" sizes=\"auto, (max-width: 621px) 100vw, 621px\" \/><\/figure>\n\n\n\n<figure class=\"wp-block-image size-large\"><img loading=\"lazy\" decoding=\"async\" width=\"243\" height=\"418\" data-id=\"1863\" src=\"https:\/\/rakosliget.hu\/wordpress\/wp-content\/uploads\/2018\/10\/tuzoltosag40eves.jpg\" alt=\"\" class=\"wp-image-1863\" srcset=\"https:\/\/rakosliget.hu\/wordpress\/wp-content\/uploads\/2018\/10\/tuzoltosag40eves.jpg 243w, https:\/\/rakosliget.hu\/wordpress\/wp-content\/uploads\/2018\/10\/tuzoltosag40eves-174x300.jpg 174w\" sizes=\"auto, (max-width: 243px) 100vw, 243px\" \/><\/figure>\n\n\n\n<figure class=\"wp-block-image size-large\"><img loading=\"lazy\" decoding=\"async\" width=\"377\" height=\"139\" data-id=\"1864\" src=\"https:\/\/rakosliget.hu\/wordpress\/wp-content\/uploads\/2018\/10\/tuzoltosag40eves1.jpg\" alt=\"\" class=\"wp-image-1864\" srcset=\"https:\/\/rakosliget.hu\/wordpress\/wp-content\/uploads\/2018\/10\/tuzoltosag40eves1.jpg 377w, https:\/\/rakosliget.hu\/wordpress\/wp-content\/uploads\/2018\/10\/tuzoltosag40eves1-300x111.jpg 300w\" sizes=\"auto, (max-width: 377px) 100vw, 377px\" \/><\/figure>\n\n\n<\/figure>\n\n\n\n<p>R\u00e1kosliget k\u00f6zs\u00e9g t\u0171zolt\u00f3s\u00e1ga \u00f6nk\u00e9ntes alapon szervez\u0151d\u00f6tt. A t\u0171zolt\u00f3 szert\u00e1r a mai G\u00f3zon Gyula utca 18. telken \u00e1ll\u00f3 h\u00e1z volt. &nbsp;Vit\u00e9z Keresztury Istv\u00e1n tan\u00edt\u00f3 volt a parancsnok, tov\u00e1bb\u00e1 a MOVE L\u00f6v\u00e9sz Egylet tan\u00edt\u00f3ja is.<\/p>\n\n\n\n<h2 class=\"wp-block-heading\">1908<\/h2>\n\n\n<div class=\"wp-block-image\">\n<figure class=\"aligncenter size-large\"><a href=\"http:\/\/rakosliget.hu\/wordpress\/wp-content\/uploads\/2020\/11\/1908-06-16-tuzoltosag.jpg\"><img loading=\"lazy\" decoding=\"async\" width=\"587\" height=\"705\" src=\"http:\/\/rakosliget.hu\/wordpress\/wp-content\/uploads\/2020\/11\/1908-06-16-tuzoltosag.jpg\" alt=\"\" class=\"wp-image-5695\" srcset=\"https:\/\/rakosliget.hu\/wordpress\/wp-content\/uploads\/2020\/11\/1908-06-16-tuzoltosag.jpg 587w, https:\/\/rakosliget.hu\/wordpress\/wp-content\/uploads\/2020\/11\/1908-06-16-tuzoltosag-250x300.jpg 250w\" sizes=\"auto, (max-width: 587px) 100vw, 587px\" \/><\/a><figcaption class=\"wp-element-caption\">1908. j\u00fanius 16. Az Ujs\u00e1g<\/figcaption><\/figure>\n<\/div>\n\n\n<div class=\"wp-block-buttons is-content-justification-center is-layout-flex wp-container-core-buttons-is-layout-16018d1d wp-block-buttons-is-layout-flex\">\n<div class=\"wp-block-button\"><a class=\"wp-block-button__link wp-element-button\" href=\"#Eleje\">Vissza a lap tetej\u00e9re<\/a><\/div>\n<\/div>\n\n\n\n<p><\/p>\n\n\n\n<h2 class=\"wp-block-heading\">1909<\/h2>\n\n\n<div class=\"wp-block-image\">\n<figure class=\"aligncenter size-large\"><a href=\"http:\/\/rakosliget.hu\/wordpress\/wp-content\/uploads\/2020\/11\/1909-majus-8-tuzolto-alapszabaly.jpg\"><img loading=\"lazy\" decoding=\"async\" width=\"587\" height=\"228\" src=\"http:\/\/rakosliget.hu\/wordpress\/wp-content\/uploads\/2020\/11\/1909-majus-8-tuzolto-alapszabaly.jpg\" alt=\"\" class=\"wp-image-5787\" srcset=\"https:\/\/rakosliget.hu\/wordpress\/wp-content\/uploads\/2020\/11\/1909-majus-8-tuzolto-alapszabaly.jpg 587w, https:\/\/rakosliget.hu\/wordpress\/wp-content\/uploads\/2020\/11\/1909-majus-8-tuzolto-alapszabaly-300x117.jpg 300w\" sizes=\"auto, (max-width: 587px) 100vw, 587px\" \/><\/a><figcaption class=\"wp-element-caption\">Az \u00f6nk\u00e9ntes t\u0171zolt\u00f3s\u00e1g\u00e1t a bel\u00fcgyminiszter l\u00e1ttamozta. 1909. m\u00e1jus 8.<\/figcaption><\/figure>\n<\/div>\n\n\n<div class=\"wp-block-buttons is-content-justification-center is-layout-flex wp-container-core-buttons-is-layout-16018d1d wp-block-buttons-is-layout-flex\">\n<div class=\"wp-block-button\"><a class=\"wp-block-button__link wp-element-button\" href=\"#Eleje\">Vissza a lap tetej\u00e9re<\/a><\/div>\n<\/div>\n\n\n\n<p><\/p>\n\n\n\n<h2 class=\"wp-block-heading\">1910<\/h2>\n\n\n<div class=\"wp-block-image\">\n<figure class=\"aligncenter size-large\"><img loading=\"lazy\" decoding=\"async\" width=\"671\" height=\"515\" src=\"http:\/\/rakosliget.hu\/wordpress\/wp-content\/uploads\/2020\/01\/tuzolto-Sportklub-1910.jpg\" alt=\"\" class=\"wp-image-4283\" srcset=\"https:\/\/rakosliget.hu\/wordpress\/wp-content\/uploads\/2020\/01\/tuzolto-Sportklub-1910.jpg 671w, https:\/\/rakosliget.hu\/wordpress\/wp-content\/uploads\/2020\/01\/tuzolto-Sportklub-1910-300x230.jpg 300w\" sizes=\"auto, (max-width: 671px) 100vw, 671px\" \/><figcaption class=\"wp-element-caption\">A r\u00e1kosligeti \u00f6nk\u00e9ntes t\u0171zolt\u00f3test\u00fclet r\u00e9sz\u00e9re gy\u0171jt\u00e9s.<br>R\u00e1kos Vid\u00e9ke  35. sz\u00e1m 1910. augusztus 28.<\/figcaption><\/figure>\n<\/div>\n\n\n<div class=\"wp-block-buttons is-content-justification-center is-layout-flex wp-container-core-buttons-is-layout-16018d1d wp-block-buttons-is-layout-flex\">\n<div class=\"wp-block-button\"><a class=\"wp-block-button__link wp-element-button\" href=\"#Eleje\">Vissza a lap tetej\u00e9re<\/a><\/div>\n<\/div>\n\n\n\n<p><\/p>\n\n\n\n<h2 class=\"wp-block-heading\">1912<\/h2>\n\n\n<div class=\"wp-block-image\">\n<figure class=\"aligncenter size-large\"><a href=\"http:\/\/rakosliget.hu\/wordpress\/wp-content\/uploads\/2020\/11\/1912-julius-3-tuzoltok.jpg\"><img loading=\"lazy\" decoding=\"async\" width=\"547\" height=\"168\" src=\"http:\/\/rakosliget.hu\/wordpress\/wp-content\/uploads\/2020\/11\/1912-julius-3-tuzoltok.jpg\" alt=\"\" class=\"wp-image-5901\" srcset=\"https:\/\/rakosliget.hu\/wordpress\/wp-content\/uploads\/2020\/11\/1912-julius-3-tuzoltok.jpg 547w, https:\/\/rakosliget.hu\/wordpress\/wp-content\/uploads\/2020\/11\/1912-julius-3-tuzoltok-300x92.jpg 300w\" sizes=\"auto, (max-width: 547px) 100vw, 547px\" \/><\/a><figcaption class=\"wp-element-caption\">A kir\u00e1ly adom\u00e1nya. 1912. j\u00falius 3. Az Ujs\u00e1g<\/figcaption><\/figure>\n<\/div>\n\n\n<div class=\"wp-block-buttons is-content-justification-center is-layout-flex wp-container-core-buttons-is-layout-16018d1d wp-block-buttons-is-layout-flex\">\n<div class=\"wp-block-button\"><a class=\"wp-block-button__link wp-element-button\" href=\"#Eleje\">Vissza a lap tetej\u00e9re<\/a><\/div>\n<\/div>\n\n\n\n<p><\/p>\n\n\n\n<h2 class=\"wp-block-heading\">1921<\/h2>\n\n\n<div class=\"wp-block-image\">\n<figure class=\"aligncenter size-large\"><img loading=\"lazy\" decoding=\"async\" width=\"643\" height=\"216\" src=\"http:\/\/rakosliget.hu\/wordpress\/wp-content\/uploads\/2020\/01\/tuzolto-1921.jpg\" alt=\"\" class=\"wp-image-4104\" srcset=\"https:\/\/rakosliget.hu\/wordpress\/wp-content\/uploads\/2020\/01\/tuzolto-1921.jpg 643w, https:\/\/rakosliget.hu\/wordpress\/wp-content\/uploads\/2020\/01\/tuzolto-1921-300x101.jpg 300w\" sizes=\"auto, (max-width: 643px) 100vw, 643px\" \/><figcaption class=\"wp-element-caption\"> R\u00e1kos Vid\u00e9ke  36. sz\u00e1m 1921. szeptember 04 . <\/figcaption><\/figure>\n<\/div>\n\n\n<div class=\"wp-block-buttons is-content-justification-center is-layout-flex wp-container-core-buttons-is-layout-16018d1d wp-block-buttons-is-layout-flex\">\n<div class=\"wp-block-button\"><a class=\"wp-block-button__link wp-element-button\" href=\"#Eleje\">Vissza a lap tetej\u00e9re<\/a><\/div>\n<\/div>\n\n\n\n<p><\/p>\n\n\n\n<h2 class=\"wp-block-heading\">1928<\/h2>\n\n\n<div class=\"wp-block-image\">\n<figure class=\"aligncenter size-large\"><a href=\"http:\/\/rakosliget.hu\/wordpress\/wp-content\/uploads\/2020\/11\/1928-szeptember-11-tuzoltoverseny.jpg\"><img loading=\"lazy\" decoding=\"async\" width=\"492\" height=\"246\" src=\"http:\/\/rakosliget.hu\/wordpress\/wp-content\/uploads\/2020\/11\/1928-szeptember-11-tuzoltoverseny.jpg\" alt=\"\" class=\"wp-image-6251\" srcset=\"https:\/\/rakosliget.hu\/wordpress\/wp-content\/uploads\/2020\/11\/1928-szeptember-11-tuzoltoverseny.jpg 492w, https:\/\/rakosliget.hu\/wordpress\/wp-content\/uploads\/2020\/11\/1928-szeptember-11-tuzoltoverseny-300x150.jpg 300w\" sizes=\"auto, (max-width: 492px) 100vw, 492px\" \/><\/a><figcaption class=\"wp-element-caption\">1928. szeptember 11. Az Ujs\u00e1g<\/figcaption><\/figure>\n<\/div>\n\n\n<div class=\"wp-block-buttons is-content-justification-center is-layout-flex wp-container-core-buttons-is-layout-16018d1d wp-block-buttons-is-layout-flex\">\n<div class=\"wp-block-button\"><a class=\"wp-block-button__link wp-element-button\" href=\"#Eleje\">Vissza a lap tetej\u00e9re<\/a><\/div>\n<\/div>\n\n\n\n<p><\/p>\n\n\n\n<h2 class=\"wp-block-heading\">1929<\/h2>\n\n\n<div class=\"wp-block-image\">\n<figure class=\"aligncenter size-large\"><a href=\"http:\/\/rakosliget.hu\/wordpress\/wp-content\/uploads\/2020\/11\/1929-junius-21-tuzolto-emlektabla.jpg\"><img loading=\"lazy\" decoding=\"async\" width=\"491\" height=\"152\" src=\"http:\/\/rakosliget.hu\/wordpress\/wp-content\/uploads\/2020\/11\/1929-junius-21-tuzolto-emlektabla.jpg\" alt=\"\" class=\"wp-image-6261\" srcset=\"https:\/\/rakosliget.hu\/wordpress\/wp-content\/uploads\/2020\/11\/1929-junius-21-tuzolto-emlektabla.jpg 491w, https:\/\/rakosliget.hu\/wordpress\/wp-content\/uploads\/2020\/11\/1929-junius-21-tuzolto-emlektabla-300x93.jpg 300w\" sizes=\"auto, (max-width: 491px) 100vw, 491px\" \/><\/a><figcaption class=\"wp-element-caption\"><a href=\"http:\/\/rakosliget.hu\/kep\/tuzoltoemlektabla.jpg\">T\u0171zolt\u00f3 eml\u00e9kt\u00e1bla<\/a>. 1929. j\u00fanius 21. Az Ujs\u00e1g<\/figcaption><\/figure>\n<\/div>\n\n\n<div class=\"wp-block-buttons is-content-justification-center is-layout-flex wp-container-core-buttons-is-layout-16018d1d wp-block-buttons-is-layout-flex\">\n<div class=\"wp-block-button\"><a class=\"wp-block-button__link wp-element-button\" href=\"#Eleje\">Vissza a lap tetej\u00e9re<\/a><\/div>\n<\/div>\n\n\n\n<p><\/p>\n\n\n\n<h2 class=\"wp-block-heading\">1930<\/h2>\n\n\n\n<figure class=\"wp-block-image size-full\"><img loading=\"lazy\" decoding=\"async\" width=\"700\" height=\"972\" src=\"https:\/\/rakosliget.hu\/wordpress\/wp-content\/uploads\/2024\/01\/Sternberg-szla_jav-700.jpg\" alt=\"\" class=\"wp-image-12226\" srcset=\"https:\/\/rakosliget.hu\/wordpress\/wp-content\/uploads\/2024\/01\/Sternberg-szla_jav-700.jpg 700w, https:\/\/rakosliget.hu\/wordpress\/wp-content\/uploads\/2024\/01\/Sternberg-szla_jav-700-216x300.jpg 216w\" sizes=\"auto, (max-width: 700px) 100vw, 700px\" \/><\/figure>\n\n\n\n<p class=\"has-text-align-center\">Forr\u00e1s: Kov\u00e1cs S\u00e1ndor gy\u0171jtem\u00e9nye<\/p>\n\n\n\n<div class=\"wp-block-buttons is-content-justification-center is-layout-flex wp-container-core-buttons-is-layout-16018d1d wp-block-buttons-is-layout-flex\">\n<div class=\"wp-block-button\"><a class=\"wp-block-button__link wp-element-button\" href=\"#Eleje\">Vissza a lap tetej\u00e9re<\/a><\/div>\n<\/div>\n\n\n\n<p><\/p>\n\n\n\n<h2 class=\"wp-block-heading\">1933<\/h2>\n\n\n\n<figure class=\"wp-block-image size-full\"><img loading=\"lazy\" decoding=\"async\" width=\"700\" height=\"995\" src=\"https:\/\/rakosliget.hu\/wordpress\/wp-content\/uploads\/2024\/01\/Matrai-szla_jav_2400.jpg\" alt=\"\" class=\"wp-image-12220\" srcset=\"https:\/\/rakosliget.hu\/wordpress\/wp-content\/uploads\/2024\/01\/Matrai-szla_jav_2400.jpg 700w, https:\/\/rakosliget.hu\/wordpress\/wp-content\/uploads\/2024\/01\/Matrai-szla_jav_2400-211x300.jpg 211w\" sizes=\"auto, (max-width: 700px) 100vw, 700px\" \/><\/figure>\n\n\n\n<p class=\"has-text-align-center\">Forr\u00e1s: Kov\u00e1cs S\u00e1ndor gy\u0171jtem\u00e9nye<\/p>\n\n\n\n<div class=\"wp-block-buttons is-content-justification-center is-layout-flex wp-container-core-buttons-is-layout-16018d1d wp-block-buttons-is-layout-flex\">\n<div class=\"wp-block-button\"><a class=\"wp-block-button__link wp-element-button\" href=\"#Eleje\">Vissza a lap tetej\u00e9re<\/a><\/div>\n<\/div>\n\n\n\n<p><\/p>\n\n\n\n<h2 class=\"wp-block-heading\">1937<\/h2>\n\n\n<div class=\"wp-block-image\">\n<figure class=\"aligncenter size-large\"><a href=\"\thttps:\/\/rakosliget.hu\/wordpress\/wp-content\/uploads\/2020\/11\/tuzolto-1937-1024x367.jpg\"><img loading=\"lazy\" decoding=\"async\" width=\"1024\" height=\"367\" src=\"http:\/\/rakosliget.hu\/wordpress\/wp-content\/uploads\/2020\/11\/tuzolto-1937-1024x367.jpg\" alt=\"\" class=\"wp-image-6734\" srcset=\"https:\/\/rakosliget.hu\/wordpress\/wp-content\/uploads\/2020\/11\/tuzolto-1937-1024x367.jpg 1024w, https:\/\/rakosliget.hu\/wordpress\/wp-content\/uploads\/2020\/11\/tuzolto-1937-300x107.jpg 300w, https:\/\/rakosliget.hu\/wordpress\/wp-content\/uploads\/2020\/11\/tuzolto-1937-768x275.jpg 768w, https:\/\/rakosliget.hu\/wordpress\/wp-content\/uploads\/2020\/11\/tuzolto-1937-1536x550.jpg 1536w, https:\/\/rakosliget.hu\/wordpress\/wp-content\/uploads\/2020\/11\/tuzolto-1937.jpg 1890w\" sizes=\"auto, (max-width: 1024px) 100vw, 1024px\" \/><\/a><figcaption class=\"wp-element-caption\">T\u0171zolt\u00f3verseny 1937.<\/figcaption><\/figure>\n<\/div>\n\n\n<p><br><strong>Szab\u00f3 G\u00e9za r\u00e1kosligeti kart\u00e1rs \u00fcnnepl\u00e9se<\/strong><\/p>\n\n\n\n<p>Szab\u00f3 G\u00e9za r\u00e1kosligeti kart\u00e1rsunk az orsz\u00e1gos egyes\u00fclet \u00e9rdek\u00e9ben kifejtett odaad\u00f3, \u00f6nzetlen munk\u00e1ss\u00e1g\u00e1\u00e9rt a szakegyes\u00fclet m\u0171v\u00e9szi ki\u00e1ll\u00edt\u00e1s\u00fa oklevel\u00e9t kapta.<br>Szab\u00f3 G\u00e9za kart\u00e1rsunknak az oklevelet, a pestmegyei k\u00f6zponti j\u00e1r\u00e1s f\u0151szolgab\u00edr\u00f3j\u00e1nak megb\u00edz\u00e1s\u00e1b\u00f3l R\u00e1kosliget k\u00f6zs\u00e9g f\u0151jegyz\u0151je, Szab\u00f3 J\u00f3zsef ny\u00fajtotta<br>\u00e1t sz\u00e9p \u00fcnneps\u00e9g keret\u00e9ben, ahol a k\u00f6zs\u00e9g el\u00f6lj\u00e1r\u00f3s\u00e1ga \u00e9s a helybeli ipaross\u00e1g szine-java is ott volt; m\u00e9ltatva az \u00fcnnepelt Szab\u00f3 G\u00e9z\u00e1nak a r\u00e1kosligeti \u00f6nk\u00e9ntes t\u00fczolt\u00f3test\u00fclet \u00e9rdek\u00e9ben is kifejtett felett\u00e9bb \u00e9rt\u00e9kes munk\u00e1ss\u00e1g\u00e1t is.<\/p>\n\n\n\n<p>Forr\u00e1s: K\u00e9m\u00e9nysepr\u0151k Orsz\u00e1gos K\u00f6zponti \u00c9rtes\u00edt\u0151je 1937. 08. 24.<\/p>\n\n\n\n<div class=\"wp-block-buttons is-content-justification-center is-layout-flex wp-container-core-buttons-is-layout-16018d1d wp-block-buttons-is-layout-flex\">\n<div class=\"wp-block-button\"><a class=\"wp-block-button__link wp-element-button\" href=\"#Eleje\">Vissza a lap tetej\u00e9re<\/a><\/div>\n<\/div>\n\n\n\n<p><\/p>\n\n\n\n<h2 class=\"wp-block-heading\">1939<\/h2>\n\n\n<div class=\"wp-block-image\">\n<figure class=\"aligncenter size-large\"><img loading=\"lazy\" decoding=\"async\" width=\"600\" height=\"173\" src=\"http:\/\/rakosliget.hu\/wordpress\/wp-content\/uploads\/2020\/02\/onkentes-tuzolto-egylet-alapszabaly-1939-november-28.jpg\" alt=\"\" class=\"wp-image-4774\" srcset=\"https:\/\/rakosliget.hu\/wordpress\/wp-content\/uploads\/2020\/02\/onkentes-tuzolto-egylet-alapszabaly-1939-november-28.jpg 600w, https:\/\/rakosliget.hu\/wordpress\/wp-content\/uploads\/2020\/02\/onkentes-tuzolto-egylet-alapszabaly-1939-november-28-300x87.jpg 300w\" sizes=\"auto, (max-width: 600px) 100vw, 600px\" \/><figcaption class=\"wp-element-caption\"><a href=\"http:\/\/rakosliget.hu\/wordpress\/index.php\/budapesti-kozlony\/\">Budapesti K\u00f6zl\u00f6ny<\/a> 1939. november 28.<\/figcaption><\/figure>\n<\/div>\n\n\n<div class=\"wp-block-buttons is-content-justification-center is-layout-flex wp-container-core-buttons-is-layout-16018d1d wp-block-buttons-is-layout-flex\">\n<div class=\"wp-block-button\"><a class=\"wp-block-button__link wp-element-button\" href=\"#Eleje\">Vissza a lap tetej\u00e9re<\/a><\/div>\n<\/div>\n\n\n\n<p><\/p>\n\n\n\n<h2 class=\"wp-block-heading\">1949<\/h2>\n\n\n\n<figure class=\"wp-block-image size-full\"><img loading=\"lazy\" decoding=\"async\" width=\"700\" height=\"999\" src=\"https:\/\/rakosliget.hu\/wordpress\/wp-content\/uploads\/2024\/01\/Meghivo_700.jpg\" alt=\"\" class=\"wp-image-12223\" srcset=\"https:\/\/rakosliget.hu\/wordpress\/wp-content\/uploads\/2024\/01\/Meghivo_700.jpg 700w, https:\/\/rakosliget.hu\/wordpress\/wp-content\/uploads\/2024\/01\/Meghivo_700-210x300.jpg 210w\" sizes=\"auto, (max-width: 700px) 100vw, 700px\" \/><\/figure>\n\n\n\n<p class=\"has-text-align-center\">Forr\u00e1s: Kov\u00e1cs S\u00e1ndor mag\u00e1ngy\u0171jtem\u00e9nye<\/p>\n\n\n\n<div class=\"wp-block-buttons is-content-justification-center is-layout-flex wp-container-core-buttons-is-layout-16018d1d wp-block-buttons-is-layout-flex\">\n<div class=\"wp-block-button\"><a class=\"wp-block-button__link wp-element-button\" href=\"#Eleje\">Vissza a lap tetej\u00e9re<\/a><\/div>\n<\/div>\n\n\n\n<p><\/p>\n\n\n\n<hr class=\"wp-block-separator has-alpha-channel-opacity\"\/>\n\n\n\n<p class=\"has-text-align-center\"><strong>A r\u00e9gi t\u0171zolt\u00f3s\u00e1g \u00e9p\u00fclete 2023-ban.<\/strong><\/p>\n\n\n\n<figure class=\"wp-block-image size-full\"><img loading=\"lazy\" decoding=\"async\" width=\"621\" height=\"489\" src=\"https:\/\/rakosliget.hu\/wordpress\/wp-content\/uploads\/2022\/06\/Tuzoltosag-epulete.jpg\" alt=\"\" class=\"wp-image-10211\" srcset=\"https:\/\/rakosliget.hu\/wordpress\/wp-content\/uploads\/2022\/06\/Tuzoltosag-epulete.jpg 621w, https:\/\/rakosliget.hu\/wordpress\/wp-content\/uploads\/2022\/06\/Tuzoltosag-epulete-300x236.jpg 300w\" sizes=\"auto, (max-width: 621px) 100vw, 621px\" \/><\/figure>\n\n\n\n<div class=\"wp-block-buttons is-content-justification-center is-layout-flex wp-container-core-buttons-is-layout-16018d1d wp-block-buttons-is-layout-flex\">\n<div class=\"wp-block-button\"><a class=\"wp-block-button__link wp-element-button\" href=\"#Eleje\">Vissza a lap tetej\u00e9re<\/a><\/div>\n<\/div>\n\n\n\n<p><\/p>\n","protected":false},"excerpt":{"rendered":"<p>R\u00e1kosliget k\u00f6zs\u00e9g t\u0171zolt\u00f3s\u00e1ga \u00f6nk\u00e9ntes alapon szervez\u0151d\u00f6tt. A t\u0171zolt\u00f3 szert\u00e1r a mai G\u00f3zon Gyula utca 18. telken \u00e1ll\u00f3 h\u00e1z volt. &nbsp;Vit\u00e9z Keresztury Istv\u00e1n tan\u00edt\u00f3 volt a parancsnok, tov\u00e1bb\u00e1 a MOVE L\u00f6v\u00e9sz Egylet tan\u00edt\u00f3ja is. 1908 1909 1910 1912 1921 1928 1929 1930 Forr\u00e1s: Kov\u00e1cs S\u00e1ndor gy\u0171jtem\u00e9nye 1933 Forr\u00e1s: Kov\u00e1cs S\u00e1ndor gy\u0171jtem\u00e9nye 1937 Szab\u00f3 G\u00e9za r\u00e1kosligeti kart\u00e1rs &hellip; <a href=\"https:\/\/rakosliget.hu\/wordpress\/index.php\/image_gallery\/rakosliget-kozseg-tuzoltosagi-emlekei\/\" class=\"more-link\"><span class=\"screen-reader-text\">R\u00e1kosliget k\u00f6zs\u00e9g t\u0171zolt\u00f3s\u00e1gi eml\u00e9kei<\/span> r\u00e9szletei&#8230;<\/a><\/p>\n","protected":false},"author":1,"featured_media":3593,"parent":0,"menu_order":0,"comment_status":"closed","ping_status":"closed","template":"","meta":{"footnotes":""},"class_list":["post-512","page","type-page","status-publish","has-post-thumbnail","hentry"],"_links":{"self":[{"href":"https:\/\/rakosliget.hu\/wordpress\/index.php\/wp-json\/wp\/v2\/pages\/512","targetHints":{"allow":["GET"]}}],"collection":[{"href":"https:\/\/rakosliget.hu\/wordpress\/index.php\/wp-json\/wp\/v2\/pages"}],"about":[{"href":"https:\/\/rakosliget.hu\/wordpress\/index.php\/wp-json\/wp\/v2\/types\/page"}],"author":[{"embeddable":true,"href":"https:\/\/rakosliget.hu\/wordpress\/index.php\/wp-json\/wp\/v2\/users\/1"}],"replies":[{"embeddable":true,"href":"https:\/\/rakosliget.hu\/wordpress\/index.php\/wp-json\/wp\/v2\/comments?post=512"}],"version-history":[{"count":29,"href":"https:\/\/rakosliget.hu\/wordpress\/index.php\/wp-json\/wp\/v2\/pages\/512\/revisions"}],"predecessor-version":[{"id":22895,"href":"https:\/\/rakosliget.hu\/wordpress\/index.php\/wp-json\/wp\/v2\/pages\/512\/revisions\/22895"}],"wp:featuredmedia":[{"embeddable":true,"href":"https:\/\/rakosliget.hu\/wordpress\/index.php\/wp-json\/wp\/v2\/media\/3593"}],"wp:attachment":[{"href":"https:\/\/rakosliget.hu\/wordpress\/index.php\/wp-json\/wp\/v2\/media?parent=512"}],"curies":[{"name":"wp","href":"https:\/\/api.w.org\/{rel}","templated":true}]}}