{"id":5119,"date":"2020-04-07T15:04:34","date_gmt":"2020-04-07T14:04:34","guid":{"rendered":"http:\/\/rakosliget.hu\/wordpress\/?page_id=5119"},"modified":"2026-03-15T05:27:21","modified_gmt":"2026-03-15T04:27:21","slug":"virilis-es-potkepviselok","status":"publish","type":"page","link":"https:\/\/rakosliget.hu\/wordpress\/index.php\/virilis-es-potkepviselok\/","title":{"rendered":"VIRILIS &#8211; \u00e9s VIRILIS P\u00d3TK\u00c9PVISEL\u0150K 1907 &#8211; 1910"},"content":{"rendered":"\n<div class=\"wp-block-group\"><div class=\"wp-block-group__inner-container is-layout-flow wp-block-group-is-layout-flow\">\n<p>Puzs\u00e1r Imre szakdolgozata 2009 alapj\u00e1n:<\/p>\n<h3>1907 &#8211; 1910<\/h3>\n<p><strong>K\u00e9pvisel\u0151k 1907:<\/strong><\/p>\n<h6 style=\"text-align: center;\"><span style=\"font-size: small;\">dr. G\u00e1lffy D\u00e9nes<br \/>Bleier J\u00f3zsef<br \/>Laki Viktor<br \/>M\u00e9rey S\u00e1ndor<br \/>Szab\u00f3 Endre<br \/>Galbavi Mih\u00e1ly<br \/>L\u00e1szl\u00f3 Ferenc<br \/>N\u00e1das D\u00e1vid<br \/>Sissmann Demeter<br \/>Geyer H. Viktor<\/span><\/h6>\n<\/div><\/div>\n\n\n\n<div class=\"wp-block-group\"><div class=\"wp-block-group__inner-container is-layout-flow wp-block-group-is-layout-flow\">\n<p><strong>P\u00f3tk\u00e9pvisel\u0151k 1907:<\/strong><br><br>Bolevic\u00e9nyi Gyula<br>Danczinger Ign\u00e1c<br>Klaudusz Istv\u00e1n<\/p>\n<\/div><\/div>\n\n\n\n<p class=\"has-text-align-left\"><strong>K\u00e9visel\u0151k 1908<\/strong>:<\/p>\n\n\n\n<p class=\"has-text-align-center\"><br><strong>dr. G\u00e1lffy D\u00e9nes<br>Bleier J\u00f3zsef<br>Laki Viktor<br>Szab\u00f3 Endre<br>dr. R\u00e1cz Miksa<br>Lehe\u010dka J\u00e1nos<br>M\u00e9rei S\u00e1ndor<br>Galbavi Mih\u00e1ly<br>Sztanek P\u00e1l<br>L\u00e1szl\u00f3 Ferenc<\/strong><\/p>\n\n\n\n<p><strong>P\u00f3tk\u00e9pvisel\u0151k 1908:<\/strong><\/p>\n\n\n\n<p class=\"has-text-align-left\">Danczinger Ign\u00e1c<br>Vince Jen\u0151<br>Zappert Samu<\/p>\n\n\n\n<p><strong>K\u00e9pvisel\u0151k 1909:<\/strong><\/p>\n\n\n\n<p class=\"has-text-align-center\"><strong>Auguszt J\u00f3zsef<br>Szab\u00f3 Endre<br>dr. R\u00e1tz Miksa<br>M\u00e9rey S\u00e1ndor<br>Bleyer J\u00f3zsef<br>Kundr\u00e1th Gyula<br>Herczog J\u00f3zsef<br>Pohl Rezs\u0151<br>N\u00e1das D\u00e1vid<br>Galbavy Mih\u00e1ly<br>Jahn Viktor<br>Hoffmann Ferenc<\/strong><\/p>\n\n\n\n<p class=\"has-text-align-left\"><strong>P\u00f3tk\u00e9pvisel\u0151k 1909:<\/strong><\/p>\n\n\n\n<p>Szepessy Istv\u00e1n<br>Klaudusz Istv\u00e1n<br>L\u00e1szl\u00f3 Ferenc<\/p>\n\n\n\n<div class=\"wp-block-buttons is-layout-flex wp-block-buttons-is-layout-flex\">\n<div class=\"wp-block-button\"><a class=\"wp-block-button__link wp-element-button\" href=\"http:\/\/rakosliget.hu\/wordpress\/index.php\/virilis-kepviselok\/\">Vissza a virilis list\u00e1hoz.<\/a><\/div>\n<\/div>\n","protected":false},"excerpt":{"rendered":"<p>Puzs\u00e1r Imre szakdolgozata 2009 alapj\u00e1n: 1907 &#8211; 1910 K\u00e9pvisel\u0151k 1907: dr. G\u00e1lffy D\u00e9nesBleier J\u00f3zsefLaki ViktorM\u00e9rey S\u00e1ndorSzab\u00f3 EndreGalbavi Mih\u00e1lyL\u00e1szl\u00f3 FerencN\u00e1das D\u00e1vidSissmann DemeterGeyer H. Viktor P\u00f3tk\u00e9pvisel\u0151k 1907: Bolevic\u00e9nyi GyulaDanczinger Ign\u00e1cKlaudusz Istv\u00e1n K\u00e9visel\u0151k 1908: dr. G\u00e1lffy D\u00e9nesBleier J\u00f3zsefLaki ViktorSzab\u00f3 Endredr. R\u00e1cz MiksaLehe\u010dka J\u00e1nosM\u00e9rei S\u00e1ndorGalbavi Mih\u00e1lySztanek P\u00e1lL\u00e1szl\u00f3 Ferenc P\u00f3tk\u00e9pvisel\u0151k 1908: Danczinger Ign\u00e1cVince Jen\u0151Zappert Samu K\u00e9pvisel\u0151k 1909: Auguszt J\u00f3zsefSzab\u00f3 Endredr. &hellip; <a href=\"https:\/\/rakosliget.hu\/wordpress\/index.php\/virilis-es-potkepviselok\/\" class=\"more-link\"><span class=\"screen-reader-text\">VIRILIS &#8211; \u00e9s VIRILIS P\u00d3TK\u00c9PVISEL\u0150K 1907 &#8211; 1910<\/span> r\u00e9szletei&#8230;<\/a><\/p>\n","protected":false},"author":1,"featured_media":0,"parent":0,"menu_order":0,"comment_status":"closed","ping_status":"closed","template":"","meta":{"footnotes":""},"class_list":["post-5119","page","type-page","status-publish","hentry"],"_links":{"self":[{"href":"https:\/\/rakosliget.hu\/wordpress\/index.php\/wp-json\/wp\/v2\/pages\/5119","targetHints":{"allow":["GET"]}}],"collection":[{"href":"https:\/\/rakosliget.hu\/wordpress\/index.php\/wp-json\/wp\/v2\/pages"}],"about":[{"href":"https:\/\/rakosliget.hu\/wordpress\/index.php\/wp-json\/wp\/v2\/types\/page"}],"author":[{"embeddable":true,"href":"https:\/\/rakosliget.hu\/wordpress\/index.php\/wp-json\/wp\/v2\/users\/1"}],"replies":[{"embeddable":true,"href":"https:\/\/rakosliget.hu\/wordpress\/index.php\/wp-json\/wp\/v2\/comments?post=5119"}],"version-history":[{"count":13,"href":"https:\/\/rakosliget.hu\/wordpress\/index.php\/wp-json\/wp\/v2\/pages\/5119\/revisions"}],"predecessor-version":[{"id":23781,"href":"https:\/\/rakosliget.hu\/wordpress\/index.php\/wp-json\/wp\/v2\/pages\/5119\/revisions\/23781"}],"wp:attachment":[{"href":"https:\/\/rakosliget.hu\/wordpress\/index.php\/wp-json\/wp\/v2\/media?parent=5119"}],"curies":[{"name":"wp","href":"https:\/\/api.w.org\/{rel}","templated":true}]}}