{"id":503,"date":"2018-03-10T07:03:52","date_gmt":"2018-03-10T06:03:52","guid":{"rendered":"http:\/\/rakosliget.hu\/wordpress\/?page_id=503"},"modified":"2023-10-04T16:18:53","modified_gmt":"2023-10-04T15:18:53","slug":"rakosligeti-emlek-utca-tablak-a-multbol","status":"publish","type":"page","link":"https:\/\/rakosliget.hu\/wordpress\/index.php\/rakosligeti-emlek-utca-tablak-a-multbol\/","title":{"rendered":"T\u00c1BL\u00c1K, EML\u00c9KT\u00c1BL\u00c1K"},"content":{"rendered":"\n<p><\/p>\n\n\n<p align=\"justify\">Ezen az oldalon olyan, m\u00e9g fellehet\u0151 t\u00e1bl\u00e1kat igyekszem bemutatni, amelyek visszaadj\u00e1k a r\u00e9gi R\u00e1kosliget hangulat\u00e1t. Sajnos egyre kevesebb a r\u00e9gm\u00faltb\u00f3l megmaradt ilyen jelleg\u0171 eml\u00e9k.<\/p>\n<h2>Az \u00e9p\u00edt\u0151mesterek t\u00e1bl\u00e1i<\/h2>\n<p align=\"justify\">Az \u00e9p\u00fcletek f\u0151homlokzat\u00e1n, az utca fel\u00e9 helyezt\u00e9k el \u0151ket. K\u00e9t funkci\u00f3val b\u00edrt. Az egyik a rekl\u00e1m volt, hiszen \u00edgy mindenki l\u00e1thatta, ha \u00e9p\u00edtkezni akart, hogy kit kell keresni. A m\u00e1sik pedig egyfajta garanciajegyk\u00e9nt is szolg\u00e1lt, hiszen a nev\u00e9t adta a mester, teh\u00e1t azt val\u00f3sz\u00edn\u0171s\u00edtette, hogy min\u0151s\u00e9gi munk\u00e1t v\u00e9gzett a kivitelez\u00e9s sor\u00e1n. Ezek a t\u00e1bl\u00e1csk\u00e1k az \u00e9p\u00fcletek fel\u00faj\u00edt\u00e1sa sor\u00e1n napjainkban leker\u00fclnek a homlokzatokr\u00f3l \u00e9s az \u00faj tulajdonosok m\u00e1r vissza csak igen ritk\u00e1n helyezik. Ennek eredm\u00e9nye az, hogy R\u00e1kosligeten m\u00e1ra csak elv\u00e9tve lehet l\u00e1tni ezeket. A m\u00e9g megl\u00e9v\u0151ket igyekeztem felkutatni, meg\u00f6r\u00f6k\u00edteni f\u00e9nyk\u00e9pen, hogy legal\u00e1bb ennyi megmaradjon ebb\u0151l a kedves r\u00e9gi sz\u00ednfoltb\u00f3l.<\/p>\n<p style=\"text-align: center;\" align=\"justify\"><img loading=\"lazy\" decoding=\"async\" class=\"aligncenter\" src=\"http:\/\/rakosliget.hu\/mesterek\/juhaszjozsef.jpg\" alt=\"juhasz\" width=\"421\" height=\"257\" \/>Az evang\u00e9likus templom \u00e9p\u00edt\u0151j\u00e9nek mestert\u00e1bl\u00e1ja egy csal\u00e1di h\u00e1z fal\u00e1n.<\/p>\n<p style=\"text-align: center;\" align=\"justify\"><img loading=\"lazy\" decoding=\"async\" class=\"aligncenter\" src=\"http:\/\/rakosliget.hu\/mesterek\/richter.jpg\" alt=\"richter\" width=\"632\" height=\"428\" \/>Sajnos Richter P\u00e1l k\u0151m\u0171ves t\u00e1bl\u00e1ja a XXIII. utc\u00e1ban is a fel\u00faj\u00edt\u00e1s \u00e1ldozata lett.<\/p>\n<p align=\"justify\"><img loading=\"lazy\" decoding=\"async\" class=\"aligncenter\" src=\"http:\/\/rakosliget.hu\/mesterek\/kovacsjanos.jpg\" alt=\"kovacs\" width=\"470\" height=\"339\" \/><\/p>\n<h2>Utcat\u00e1bl\u00e1k<\/h2>\n<p align=\"justify\">A kezdetekt\u0151l r\u00f3mai sz\u00e1mokkal l\u00e1tt\u00e1k el az utc\u00e1k nev\u00e9t R\u00e1kosligeten. Sajnos ezek a t\u00e1bl\u00e1k is pusztul\u00e1sra lettek \u00edt\u00e9lve. N\u00e9h\u00e1ny maradt csak meg eredeti hely\u00e9n.<\/p>\n<p align=\"justify\"><img loading=\"lazy\" decoding=\"async\" src=\"http:\/\/rakosliget.hu\/utcak\/XVIII.utca.jpg\" alt=\"XVIII\" width=\"300\" height=\"106\" \/>\u00a0 <img loading=\"lazy\" decoding=\"async\" src=\"http:\/\/rakosliget.hu\/utcak\/XX.utca.jpg\" alt=\"XX. utca\" width=\"300\" height=\"140\" \/> \u00a0\u00a0\u00a0\u00a0\u00a0\u00a0\u00a0\u00a0\u00a0 Fel\u00faj\u00edt\u00e1s \u00e1ldozata lett \u00a0 \u00a0 \u00a0 \u00a0 \u00a0 \u00a0 \u00a0 \u00a0 \u00a0 \u00a0 \u00a0 \u00a0\u00a0 Fel\u00faj\u00edtva visszaker\u00fclt eredeti hely\u00e9re<\/p>\n<p align=\"justify\"><img loading=\"lazy\" decoding=\"async\" src=\"http:\/\/rakosliget.hu\/utcak\/XXIII.utca.jpg\" alt=\"XX. utca\" width=\"300\" height=\"118\" \/> \u00a0 <img loading=\"lazy\" decoding=\"async\" src=\"http:\/\/rakosliget.hu\/utcak\/VI. utca.jpg\" alt=\"VI. utca\" width=\"300\" height=\"151\" \/><br \/>Fel\u00faj\u00edt\u00e1s \u00e1ldozata lett\u00a0\u00a0\u00a0\u00a0\u00a0\u00a0\u00a0\u00a0\u00a0\u00a0\u00a0\u00a0\u00a0\u00a0\u00a0\u00a0\u00a0\u00a0\u00a0\u00a0 Az Erd\u0151s Ren\u00e9e H\u00e1z gy\u0171jtem\u00e9ny\u00e9be ker\u00fclt<\/p>\n<p align=\"justify\">Szomor\u00faan kell meg\u00e1llap\u00edtani, hogy 2011-re az \u00f6sszes t\u00e1bla leker\u00fclt eredeti hely\u00e9r\u0151l. A XXIII. \u00e9s a XVIII. utcat\u00e1bla v\u00e9gleg elveszett. A XX. utc\u00e1t jelz\u0151 t\u00e1bla a h\u00e1z fel\u00faj\u00edt\u00e1sa ut\u00e1n, a tulajdonos \u00edg\u00e9rete szerint, visszahelyez\u00e9sre ker\u00fcl. Egyed\u00fcl a VI. utca t\u00e1bl\u00e1ja van &#8222;biztos helyen&#8221;, az Erd\u0151s Ren\u00e9e H\u00e1z helyt\u00f6rt\u00e9neti gy\u0171jtem\u00e9ny\u00e9ben. Restaur\u00e1l\u00e1s ut\u00e1n a m\u00fazeum \u00e9szaki fal\u00e1n kialak\u00edtott &#8222;eml\u00e9kt\u00e1bla falra&#8221; ker\u00fcl.<\/p>\n<h2 align=\"left\"><a href=\"http:\/\/rakosliget.hu\/emlektabla lapozgato\/index.html\">Eml\u00e9kt\u00e1bl\u00e1k<\/a><\/h2>\n<p align=\"left\">A sportklub, ma G\u00f3zon Gyula Kamarasz\u00ednh\u00e1z homlokzat\u00e1n tal\u00e1lhat\u00f3 t\u00e1bl\u00e1k:<\/p>\n<p align=\"center\"><img loading=\"lazy\" decoding=\"async\" src=\"http:\/\/rakosliget.hu\/tablak\/XV_tabla1_500.jpg\" width=\"500\" height=\"209\" \/><\/p>\n<p align=\"center\"><img loading=\"lazy\" decoding=\"async\" src=\"http:\/\/rakosliget.hu\/tablak\/XV_tabla 2_500.jpg\" width=\"500\" height=\"207\" \/><\/p>\n<p align=\"left\">Gregor J\u00f3zsef sz\u00fcl\u0151h\u00e1z\u00e1n elhelyezett eml\u00e9kt\u00e1bla, R\u00e1kosliget, III. utca 17.<\/p>\n<p align=\"center\"><a href=\"http:\/\/rakosliget.hu\/tablak\/gregort_250.jpg\"><img loading=\"lazy\" decoding=\"async\" src=\"http:\/\/rakosliget.hu\/tablak\/gregort_250.jpg\" width=\"250\" height=\"194\" \/><\/a><\/p>\n<figure id=\"attachment_2538\" aria-describedby=\"caption-attachment-2538\" style=\"width: 215px\" class=\"wp-caption aligncenter\"><a href=\"http:\/\/rakosliget.hu\/wordpress\/wp-content\/uploads\/2019\/08\/41a.jpg\"><img loading=\"lazy\" decoding=\"async\" class=\"size-medium wp-image-2538\" src=\"http:\/\/rakosliget.hu\/wordpress\/wp-content\/uploads\/2019\/08\/41a-215x300.jpg\" alt=\"\" width=\"215\" height=\"300\" srcset=\"https:\/\/rakosliget.hu\/wordpress\/wp-content\/uploads\/2019\/08\/41a-215x300.jpg 215w, https:\/\/rakosliget.hu\/wordpress\/wp-content\/uploads\/2019\/08\/41a.jpg 471w\" sizes=\"auto, (max-width: 215px) 100vw, 215px\" \/><\/a><figcaption id=\"caption-attachment-2538\" class=\"wp-caption-text\">Az \u00e1ltal\u00e1nos iskol\u00e1ban elhelyezett eml\u00e9kt\u00e1bla R\u00e1kosliget, H\u0151s\u00f6k tere 19-20.<\/figcaption><\/figure>\n<p>\u00c1cs J\u00f3zsef szobr\u00e1szm\u0171v\u00e9sz alkot\u00e1sa.<\/p>\n<p align=\"left\">Berki Lili \u00e9s G\u00f3zon Gyula eml\u00e9kt\u00e1bl\u00e1k:<\/p>\n<p align=\"center\"><a href=\"http:\/\/rakosliget.hu\/tablak\/berkitabla.jpg\"><img loading=\"lazy\" decoding=\"async\" src=\"http:\/\/rakosliget.hu\/tablak\/berkitabla.jpg\" width=\"157\" height=\"197\" \/><\/a><a href=\"http:\/\/rakosliget.hu\/tablak\/gozontabla.jpg\"><img loading=\"lazy\" decoding=\"async\" src=\"http:\/\/rakosliget.hu\/tablak\/gozontabla.jpg\" width=\"157\" height=\"206\" \/><\/a><\/p>\n<p align=\"center\"><img loading=\"lazy\" decoding=\"async\" src=\"http:\/\/rakosliget.hu\/tablak\/Untitled-1.jpg\" width=\"398\" height=\"505\" \/><\/p>\n<p align=\"center\">A 2012. 12. 18-i G\u00f3zon Gyul\u00e1r\u00f3l tartott megeml\u00e9kez\u00e9s R\u00e1kosligeten. R\u00f3zsahegyi P\u00e9ter megnyit\u00f3ja.<\/p>\n<p align=\"center\"><img loading=\"lazy\" decoding=\"async\" src=\"http:\/\/rakosliget.hu\/tablak\/gozon tablaavatodombovari.jpg\" width=\"648\" height=\"440\" \/><\/p>\n<p align=\"center\">A 2012. 12. 18-i G\u00f3zon Gyul\u00e1r\u00f3l tartott megeml\u00e9kez\u00e9s R\u00e1kosligeten. Dr. Domb\u00f3v\u00e1ri Antal osztja meg gondolatait a hallgat\u00f3s\u00e1ggal.<\/p>\n<figure id=\"attachment_2567\" aria-describedby=\"caption-attachment-2567\" style=\"width: 171px\" class=\"wp-caption alignnone\"><a href=\"http:\/\/rakosliget.hu\/wordpress\/wp-content\/uploads\/2019\/08\/95__.jpg\"><img loading=\"lazy\" decoding=\"async\" class=\"size-medium wp-image-2567\" src=\"http:\/\/rakosliget.hu\/wordpress\/wp-content\/uploads\/2019\/08\/95__-171x300.jpg\" alt=\"\" width=\"171\" height=\"300\" srcset=\"https:\/\/rakosliget.hu\/wordpress\/wp-content\/uploads\/2019\/08\/95__-171x300.jpg 171w, https:\/\/rakosliget.hu\/wordpress\/wp-content\/uploads\/2019\/08\/95__.jpg 361w\" sizes=\"auto, (max-width: 171px) 100vw, 171px\" \/><\/a><figcaption id=\"caption-attachment-2567\" class=\"wp-caption-text\">Dr. Puky Mikl\u00f3s eml\u00e9kt\u00e1bla R\u00e1kosliget<\/figcaption><\/figure>\n<figure id=\"attachment_2568\" aria-describedby=\"caption-attachment-2568\" style=\"width: 225px\" class=\"wp-caption alignnone\"><a href=\"http:\/\/rakosliget.hu\/wordpress\/wp-content\/uploads\/2019\/08\/97.jpg\"><img loading=\"lazy\" decoding=\"async\" class=\"size-medium wp-image-2568\" src=\"http:\/\/rakosliget.hu\/wordpress\/wp-content\/uploads\/2019\/08\/97-225x300.jpg\" alt=\"\" width=\"225\" height=\"300\" \/><\/a><figcaption id=\"caption-attachment-2568\" class=\"wp-caption-text\">Az 1968-ban v\u00e9gzett di\u00e1kok eml\u00e9kt\u00e1bl\u00e1ja R\u00e1kosliget, VIII. utca 2.<\/figcaption><\/figure>\n<p><a href=\"http:\/\/rakosliget.hu\/wordpress\/wp-content\/uploads\/2018\/10\/csekotabla.jpg\"><img loading=\"lazy\" decoding=\"async\" class=\"size-medium wp-image-1800 aligncenter\" src=\"http:\/\/rakosliget.hu\/wordpress\/wp-content\/uploads\/2018\/10\/csekotabla-300x225.jpg\" alt=\"\" width=\"300\" height=\"225\" srcset=\"https:\/\/rakosliget.hu\/wordpress\/wp-content\/uploads\/2018\/10\/csekotabla-300x225.jpg 300w, https:\/\/rakosliget.hu\/wordpress\/wp-content\/uploads\/2018\/10\/csekotabla.jpg 700w\" sizes=\"auto, (max-width: 300px) 100vw, 300px\" \/><\/a><\/p>\n<p style=\"text-align: center;\">Csekovszky eml\u00e9kt\u00e1bla a m\u0171vel\u0151d\u00e9si h\u00e1z fal\u00e1n. R\u00e1kosliget, H\u0151s\u00f6k tere 9. \u00c1cs J\u00f3zsef szobr\u00e1szm\u0171v\u00e9sz alkot\u00e1sa.<\/p>\n<p>\u00a0<\/p>\n<figure id=\"attachment_2563\" aria-describedby=\"caption-attachment-2563\" style=\"width: 300px\" class=\"wp-caption alignnone\"><a href=\"http:\/\/rakosliget.hu\/wordpress\/wp-content\/uploads\/2019\/08\/87.jpg\"><img loading=\"lazy\" decoding=\"async\" class=\"size-medium wp-image-2563\" src=\"http:\/\/rakosliget.hu\/wordpress\/wp-content\/uploads\/2019\/08\/87-300x210.jpg\" alt=\"\" width=\"300\" height=\"210\" srcset=\"https:\/\/rakosliget.hu\/wordpress\/wp-content\/uploads\/2019\/08\/87-300x210.jpg 300w, https:\/\/rakosliget.hu\/wordpress\/wp-content\/uploads\/2019\/08\/87-768x537.jpg 768w, https:\/\/rakosliget.hu\/wordpress\/wp-content\/uploads\/2019\/08\/87.jpg 800w\" sizes=\"auto, (max-width: 300px) 100vw, 300px\" \/><\/a><figcaption id=\"caption-attachment-2563\" class=\"wp-caption-text\">Kov\u00e1cs Istv\u00e1n eml\u00e9kt\u00e1bla a Cserk\u00e9szotthon fal\u00e1n. R\u00e1kosliget, XVII. utca \u00e1thelz\u00e9sre ker\u00fclt a Heltai t\u00e9ren \u00fajonnan \u00e9p\u00fclt csek\u00e9szh\u00e1zra.<\/figcaption><\/figure>\n<p><\/p>\n<figure class=\"wp-block-image size-full\"><img loading=\"lazy\" decoding=\"async\" width=\"600\" height=\"452\" class=\"wp-image-12032\" src=\"https:\/\/rakosliget.hu\/wordpress\/wp-content\/uploads\/2023\/10\/IMG_20231001_175744_600.jpg\" alt=\"\" srcset=\"https:\/\/rakosliget.hu\/wordpress\/wp-content\/uploads\/2023\/10\/IMG_20231001_175744_600.jpg 600w, https:\/\/rakosliget.hu\/wordpress\/wp-content\/uploads\/2023\/10\/IMG_20231001_175744_600-300x226.jpg 300w\" sizes=\"auto, (max-width: 600px) 100vw, 600px\" \/><\/figure>\n<p><\/p>\n<p>\u00a0<\/p>\n<figure id=\"attachment_2539\" aria-describedby=\"caption-attachment-2539\" style=\"width: 300px\" class=\"wp-caption alignnone\"><a href=\"http:\/\/rakosliget.hu\/wordpress\/wp-content\/uploads\/2019\/08\/42.jpg\"><img loading=\"lazy\" decoding=\"async\" class=\"size-medium wp-image-2539\" src=\"http:\/\/rakosliget.hu\/wordpress\/wp-content\/uploads\/2019\/08\/42-300x234.jpg\" alt=\"\" width=\"300\" height=\"234\" srcset=\"https:\/\/rakosliget.hu\/wordpress\/wp-content\/uploads\/2019\/08\/42-300x234.jpg 300w, https:\/\/rakosliget.hu\/wordpress\/wp-content\/uploads\/2019\/08\/42-768x600.jpg 768w, https:\/\/rakosliget.hu\/wordpress\/wp-content\/uploads\/2019\/08\/42.jpg 800w\" sizes=\"auto, (max-width: 300px) 100vw, 300px\" \/><\/a><figcaption id=\"caption-attachment-2539\" class=\"wp-caption-text\">M\u00e1rk Tivadar eml\u00e9kt\u00e1bla, R\u00e1kosliget, III. utca<\/figcaption><\/figure>\n<p style=\"text-align: center;\"><a href=\"http:\/\/rakosliget.hu\/wordpress\/wp-content\/uploads\/2019\/08\/38.jpg\"><img loading=\"lazy\" decoding=\"async\" class=\"alignnone size-medium wp-image-1919\" src=\"http:\/\/rakosliget.hu\/wordpress\/wp-content\/uploads\/2018\/10\/osz7-300x225.jpg\" alt=\"\" width=\"300\" height=\"225\" srcset=\"https:\/\/rakosliget.hu\/wordpress\/wp-content\/uploads\/2018\/10\/osz7-300x225.jpg 300w, https:\/\/rakosliget.hu\/wordpress\/wp-content\/uploads\/2018\/10\/osz7-768x576.jpg 768w, https:\/\/rakosliget.hu\/wordpress\/wp-content\/uploads\/2018\/10\/osz7.jpg 900w\" sizes=\"auto, (max-width: 300px) 100vw, 300px\" \/><\/a><\/p>\n<p style=\"text-align: center;\">R\u00e1kosliget alap\u00edt\u00e1s\u00e1nak eml\u00e9kk\u00f6ve. R\u00e1kosliget, H\u0151s\u00f6k tere<\/p>\n<figure id=\"attachment_2542\" aria-describedby=\"caption-attachment-2542\" style=\"width: 300px\" class=\"wp-caption alignnone\"><a href=\"http:\/\/rakosliget.hu\/wordpress\/wp-content\/uploads\/2019\/08\/47.jpg\"><img loading=\"lazy\" decoding=\"async\" class=\"size-medium wp-image-2542\" src=\"http:\/\/rakosliget.hu\/wordpress\/wp-content\/uploads\/2019\/08\/47-300x227.jpg\" alt=\"\" width=\"300\" height=\"227\" srcset=\"https:\/\/rakosliget.hu\/wordpress\/wp-content\/uploads\/2019\/08\/47-300x227.jpg 300w, https:\/\/rakosliget.hu\/wordpress\/wp-content\/uploads\/2019\/08\/47-768x580.jpg 768w, https:\/\/rakosliget.hu\/wordpress\/wp-content\/uploads\/2019\/08\/47.jpg 800w\" sizes=\"auto, (max-width: 300px) 100vw, 300px\" \/><\/a><figcaption id=\"caption-attachment-2542\" class=\"wp-caption-text\">Az evang\u00e9likus templom \u00e9p\u00edt\u0151inek eml\u00e9kt\u00e1bl\u00e1ja. R\u00e1kosliget XIX. utca 17.<\/figcaption><\/figure>","protected":false},"excerpt":{"rendered":"<p>Ezen az oldalon olyan, m\u00e9g fellehet\u0151 t\u00e1bl\u00e1kat igyekszem bemutatni, amelyek visszaadj\u00e1k a r\u00e9gi R\u00e1kosliget hangulat\u00e1t. Sajnos egyre kevesebb a r\u00e9gm\u00faltb\u00f3l megmaradt ilyen jelleg\u0171 eml\u00e9k. Az \u00e9p\u00edt\u0151mesterek t\u00e1bl\u00e1i Az \u00e9p\u00fcletek f\u0151homlokzat\u00e1n, az utca fel\u00e9 helyezt\u00e9k el \u0151ket. K\u00e9t funkci\u00f3val b\u00edrt. Az egyik a rekl\u00e1m volt, hiszen \u00edgy mindenki l\u00e1thatta, ha \u00e9p\u00edtkezni akart, hogy kit kell keresni. &hellip; <a href=\"https:\/\/rakosliget.hu\/wordpress\/index.php\/rakosligeti-emlek-utca-tablak-a-multbol\/\" class=\"more-link\"><span class=\"screen-reader-text\">T\u00c1BL\u00c1K, EML\u00c9KT\u00c1BL\u00c1K<\/span> r\u00e9szletei&#8230;<\/a><\/p>\n","protected":false},"author":1,"featured_media":0,"parent":0,"menu_order":0,"comment_status":"closed","ping_status":"closed","template":"","meta":{"footnotes":""},"class_list":["post-503","page","type-page","status-publish","hentry"],"_links":{"self":[{"href":"https:\/\/rakosliget.hu\/wordpress\/index.php\/wp-json\/wp\/v2\/pages\/503","targetHints":{"allow":["GET"]}}],"collection":[{"href":"https:\/\/rakosliget.hu\/wordpress\/index.php\/wp-json\/wp\/v2\/pages"}],"about":[{"href":"https:\/\/rakosliget.hu\/wordpress\/index.php\/wp-json\/wp\/v2\/types\/page"}],"author":[{"embeddable":true,"href":"https:\/\/rakosliget.hu\/wordpress\/index.php\/wp-json\/wp\/v2\/users\/1"}],"replies":[{"embeddable":true,"href":"https:\/\/rakosliget.hu\/wordpress\/index.php\/wp-json\/wp\/v2\/comments?post=503"}],"version-history":[{"count":32,"href":"https:\/\/rakosliget.hu\/wordpress\/index.php\/wp-json\/wp\/v2\/pages\/503\/revisions"}],"predecessor-version":[{"id":12035,"href":"https:\/\/rakosliget.hu\/wordpress\/index.php\/wp-json\/wp\/v2\/pages\/503\/revisions\/12035"}],"wp:attachment":[{"href":"https:\/\/rakosliget.hu\/wordpress\/index.php\/wp-json\/wp\/v2\/media?parent=503"}],"curies":[{"name":"wp","href":"https:\/\/api.w.org\/{rel}","templated":true}]}}