{"id":4893,"date":"2020-03-15T03:23:39","date_gmt":"2020-03-15T02:23:39","guid":{"rendered":"http:\/\/rakosliget.hu\/wordpress\/?page_id=4893"},"modified":"2026-01-18T07:19:07","modified_gmt":"2026-01-18T06:19:07","slug":"ipariskola","status":"publish","type":"page","link":"https:\/\/rakosliget.hu\/wordpress\/index.php\/ipariskola\/","title":{"rendered":"IPARISKOLA"},"content":{"rendered":"\n<p><em>Az oldal friss\u00edtve: 2020. 11. 25.<\/em><\/p>\n\n\n\n<h3 class=\"wp-block-heading\" id=\"Eleje\"><a href=\"https:\/\/rakosliget.hu\/wordpress\/index.php\/iskola-es-ovoda\/\">VISSZA AZ ISKOLA, \u00d3VODA, N\u00c9PM\u0170VEL\u00c9S LAPRA<\/a><\/h3>\n\n\n\n<p><em><strong>Tartalom:<\/strong><\/em> <a href=\"#1\">A XX. sz\u00e1zad eleji tanoncoktat\u00e1s<\/a><\/p>\n\n\n\n<p><a href=\"#2\">Tanonciskola R\u00e1kosligeten<\/a>       <a href=\"#T\">Tanoncoktat\u00e1s adatai R\u00e1kosliget<\/a> <\/p>\n\n\n\n<p><a href=\"https:\/\/rakosliget.hu\/wordpress\/index.php\/no-ipariskola-terve\/\">N\u0150I IPARISKOLA TERVE<\/a><\/p>\n\n\n\n<h2 class=\"wp-block-heading\" id=\"1\">A XX. sz\u00e1zad eleji tanoncoktat\u00e1s<\/h2>\n\n\n\n<p>Az 1884. \u00e9vi XVII. t\u00f6rv\u00e9nycikkbe foglalt ipart\u00f6rv\u00e9ny elvein f\u00f6l\u00e9p\u00fclt iparos- \u00e9s keresked\u0151tanonc-oktat\u00e1s, a vall\u00e1s- \u00e9s k\u00f6zoktat\u00e1s\u00fcgyi m. kir. miniszter f\u0151hat\u00f3s\u00e1ga \u00e9s a kereskedelem\u00fcgyi m. kir. miniszter t\u00e1rsfel\u00fcgyelete alatt \u00e1llt. <\/p>\n\n\n\n<p>Feladata k\u00e9t ir\u00e1nyban hat\u00e1rozhat\u00f3 meg. Egyr\u00e9szt a sz\u00e1zadfordul\u00f3n kialakul\u00f3ban l\u00e9v\u0151 nagyipar szakmunk\u00e1s ig\u00e9ny\u00e9nek kiel\u00e9g\u00edt\u00e9se, m\u00e1sr\u00e9szr\u0151l pedig  a kor\u00e1bban c\u00e9hes lapon m\u0171k\u00f6d\u0151 kisipar sz\u00e1m\u00e1ra is a k\u00e9pzett munkaer\u0151 biztos\u00edt\u00e1sa.<\/p>\n\n\n\n<p>A sz\u00e1zad elej\u00e9n ez ut\u00f3bbi szervez\u0151d\u00e9s a sz\u00e1zad els\u0151 \u00e9vtizedeiben, de m\u00e9g a k\u00e9s\u0151bbiek sor\u00e1n is d\u00f6nt\u0151en meghat\u00e1rozta Magyarorsz\u00e1gon a termel\u00e9st. A szakm\u00e1k er\u0151sen elk\u00fcl\u00f6n\u00fcltek, l\u00e9trej\u00f6ttek a szakm\u00e1k szerinti kamar\u00e1k.<\/p>\n\n\n\n<p> Az anyagi sz\u00fcks\u00e9gleteikr\u0151l val\u00f3 gondoskod\u00e1s \u00e9s ezzel kapcsolatban lelkivil\u00e1guk \u00e1pol\u00e1sa is lassan-lassan t\u00e9rt h\u00f3d\u00edtott, amely ut\u00f3bbi munk\u00e1ban a t\u00e1rsadalom is tev\u00e9keny r\u00e9szt vett. Az iskol\u00e1k munk\u00e1j\u00e1nak eredm\u00e9nyesebb\u00e9 t\u00e9tel\u00e9re m\u00e1r r\u00e9gebben \u00e9letbe l\u00e9ptetett szakfel\u00fcgyelet \u00e9s tan\u00edt\u00f3i tanfolyamok fokozatos fejleszt\u00e9se jellemezte a tanonck\u00e9pz\u00e9s els\u0151 \u00e9vtizedeit.<\/p>\n\n\n\n<ol class=\"wp-block-list\">\n<li>Szakfel\u00fcgyelet. Az 1912\u20141915. \u00e9vi ciklusra 24 iparos- \u00e9s 9 keresked\u0151tanonc-iskolai szakfel\u00fcgyel\u0151 kapott megb\u00edzat\u00e1st, kiknek k\u00f6rzete 540 iparos- \u00e9s 70 keresked\u0151tanonc-iskol\u00e1ra terjedt ki. A szakfel\u00fcgyel\u0151knek hasznos tan\u00e1csad\u00e1sai, v\u00e1llvetve a tanfel\u00fcgyel\u0151s\u00e9gekkel val\u00f3 szoros egy\u00fcttm\u0171k\u00f6d\u00e9s, nagy m\u00e9rt\u00e9kben hozz\u00e1j\u00e1rultak az iskol\u00e1k fejleszt\u00e9s\u00e9hez, ami k\u00fcl\u00f6n\u00f6sen szakir\u00e1nyban volt \u00e9rezhet\u0151.<\/li>\n\n\n\n<li> Tan\u00edt\u00f3i tanfolyamok. Az iparos- \u00e9s keresked\u0151tanonc- iskolai tan\u00edt\u00f3i tanfolyamok sz\u00e1ma fokozatosan n\u00f6vekedett. A tanonciskolai tan\u00e1rok k\u00e9pz\u00e9se ezeken a tanfolyamokon  k\u00e9t ir\u00e1nyban t\u00f6rt\u00e9nt:  <br>2.1. a k\u00f6zismereti tanfolyamok az eddigi egy sz\u00fcnid\u0151s n\u00e9gyhetes rendszer helyett, ami a k\u00f6zismereti t\u00e1rgyakban val\u00f3 elm\u00e9lyed\u00e9sre el\u00e9gtelennek bizonyult, \u00e1tszervezt\u00e9k k\u00e9t sz\u00fcnid\u0151s k\u00e9tszer n\u00e9gyhetes tanfolyamokk\u00e1;<br>2.2. a rajztanfolyamok megmaradtak a r\u00e9gi k\u00e9tszer h\u00e9thetes keretben, azonban ezek tanterve is a gyakorlati \u00e9let k\u00f6vetelm\u00e9nyeihez igazodott.<br>A k\u00e9pz\u00e9sek az \u00e1ltal\u00e1nos rajz, szakrajz, k\u00f6zismereti t\u00e1rgyak k\u00f6r\u00e9ben zajlott. E1910- 1913 k\u00f6z\u00f6tt a rajztan\u00edt\u00e1s 486-tal, a k\u00f6zismereti oktat\u00e1s ter\u00e9n pedig 313-mal emelkedett a tan\u00edt\u00f3i l\u00e9tsz\u00e1m.<\/li>\n\n\n\n<li> Tanul\u00f3i jutalmak. R\u00e9szben az \u00e1ltal\u00e1nos taneredm\u00e9ny, pontos iskolal\u00e1togat\u00e1s \u00e9s szorgalom, r\u00e9szben a rajz- \u00e9s szakrajzban el\u00e9rt kiv\u00e1l\u00f3bb munk\u00e1ss\u00e1g jutalmaz\u00e1s\u00e1ra 25\u201450 koron\u00e1s t\u00e9telekben m\u00e1r jelent\u00e9keny sz\u00e1m\u00fa iparostanonc r\u00e9szes\u00fclt elismer\u00e9sben. Ehhez m\u00e9g hozz\u00e1sz\u00e1m\u00edt\u00f3dott az egyes tanonciskol\u00e1kban lev\u0151 alap\u00edtv\u00e1nyok \u00e9s esetenk\u00e9nt adott jutalmak is. <\/li>\n\n\n\n<li>Ifj\u00fas\u00e1gi egyes\u00fcletek, melyek a nem bentlak\u00e1sos iparostanonc-iskolai tanul\u00f3kat k\u00e9pez\u0151 iskol\u00e1k vas\u00e1rnapd\u00e9lut\u00e1ni hasznos \u00f6nk\u00e9pz\u00e9st volt  hivatott  ny\u00fajtani.<\/li>\n\n\n\n<li> Tanoncotthonok. Fontos hivat\u00e1st t\u00f6lt\u00f6ttek be a bentlak\u00e1sos tanoncotthonok, amelyeket a k\u00fcl\u00f6nb\u00f6z\u0151 szervezetek hoztak l\u00e9tre \u00e9s tartottak f\u00f6nn a kereskedelem\u00fcgyi korm\u00e1nyzat t\u00e1mogat\u00e1s\u00e1val. Ez otthonok feladata volt a tanoncok megfelel\u0151 ell\u00e1t\u00e1sa \u00e9s a szakm\u00e1jukban t\u00f6rt\u00e9n\u0151 k\u00e9pz\u00e9s\u00fck kell\u0151 ellen\u0151rz\u00e9se mellett. Nagy gondot ford\u00edtottak arra is, hogy neveltjeik szabad idej\u00fcket l\u00e9leknemes\u00edt\u0151, ked\u00e9lym\u0171vel\u0151 \u00e9s amellett sz\u00f3rakoztat\u00f3 hasznos foglalkoz\u00e1ssal t\u00f6lts\u00e9k. <\/li>\n\n\n\n<li> <em>Iparostanonc iskol\u00e1k.<\/em> Az iparostanonc iskol\u00e1k sz\u00e1ma az 1912\/13.-i iskola\u00e9vben 640 volt, amely sz\u00e1m az 1910\/11.-i \u00e9vhez k\u00e9pest 57-tel n\u00f6vekedett, vagyis \u00e9vente 30 iskola l\u00e9tes\u00edt\u00e9s\u00e9t jelentette.<br>E k\u00e9t \u00e9v alatt a k\u00f6zismereti oszt\u00e1lyok sz\u00e1ma 2843-r\u00f3l 3258-ra, a rajzcsoportok sz\u00e1ma pedig 2224-r\u0151l 2655-re emelkedett.<br>A tanonciskol\u00e1ba j\u00e1r\u00f3 tanul\u00f3k sz\u00e1ma 1911-ben 113.174 volt, e sz\u00e1m 1913-ban 126.882-re emelkedett. A n\u00f6veked\u00e9s 6% volt.<br>Az iskola\u00e9vet az 1911. \u00e9vi 94.510 tanul\u00f3val szemben 1913-ban 102.186 tanul\u00f3 fejezte be.<br>Az el\u0151k\u00e9sz\u00edt\u0151 oszt\u00e1lyokban 1911-ben 23.031 tanul\u00f3 volt az 1913.-i 22.809 tanul\u00f3val szemben.<\/li>\n\n\n\n<li> <em>Keresked\u0151tanonc-iskol\u00e1k.<\/em> Az iskol\u00e1k sz\u00e1ma  az 1911. \u00e9vben 104, 1913-ban pedig 109;  ebb\u0151l \u00f6n\u00e1ll\u00f3 keresked\u0151tanonc-iskola csak 85 volt, m\u00edg a t\u00f6bbi az iparostanonc-iskol\u00e1val kapcsolatos keresked\u0151oszt\u00e1lyokb\u00f3l \u00e1llt.<br>A tanul\u00f3k sz\u00e1ma 1911-ben 7641, 1913-ban 8682 volt, akik 1911-ben 320, 1913-ban 351 oszt\u00e1lyba j\u00e1rtak.<br>Az el\u0151k\u00e9sz\u00edt\u0151 oszt\u00e1lyokba 1913-ban 1090 tanul\u00f3 j\u00e1rt, a harmadik oszt\u00e1lyt v\u00e9gzettek sz\u00e1ma 1273. <br>Ez int\u00e9zm\u00e9nyekben az 1913. \u00e9vben 394 tanfolyamon k\u00e9pes\u00edtett \u00e9s 130 nem k\u00e9pes\u00edtett tan\u00edt\u00f3 m\u0171k\u00f6d\u00f6tt.<\/li>\n\n\n\n<li> <em>Szakir\u00e1ny\u00fa tanonciskol\u00e1k<\/em>. Olyan \u00e1ltal\u00e1nos ir\u00e1ny\u00fa iparostanonc-iskol\u00e1k, amelyekben a szakir\u00e1ny t\u00e9rt h\u00f3d\u00edtott. Ez az ir\u00e1ny abban nyilv\u00e1nul meg, hogy a tanoncok r\u00e9szben ipar\u00e1gak \u00e9s rokonipar\u00e1gak szerint vannak csoportos\u00edtva, r\u00e9szben pedig abban, hogy nagyobb l\u00e9tsz\u00e1mmal b\u00edr\u00f3 ipar\u00e1gak csoportj\u00e1ra k\u00fcl\u00f6n egyes szakrajzoszt\u00e1lyok l\u00e9tes\u00fcltek. <br>Kiemelend\u0151knek volt az \u00e1llamvasutak jav\u00edt\u00f3m\u0171helyei \u00e9s az \u00e1llami g\u00e9pgy\u00e1rak mellett f\u00f6nn\u00e1ll\u00f3, szakir\u00e1ny\u00fa tanonciskol\u00e1kkal kapcsolatos ipari tanm\u0171helyek, amelyekben 700-n\u00e1l t\u00f6bb inas kapott a f\u00e9mipar egyes \u00e1gaiban gyakorlati kik\u00e9pz\u00e9st.<br>Az \u00e1llamvasutak tanonciskol\u00e1iban a tanul\u00f3k n\u00e9gy \u00e9ven \u00e1t \u00e1tlag heti 11 \u00f3rai oktat\u00e1sban r\u00e9szes\u00fcltek. A tan\u00edt\u00e1s az \u00e1ltal\u00e1nos ir\u00e1ny\u00fa tanonciskol\u00e1k tant\u00e1rgyain k\u00edv\u00fcl a technol\u00f3gi\u00e1t, le\u00edr\u00f3 g\u00e9ptant, gyakorlati elektrotechnik\u00e1t \u00e9s eg\u00e9szs\u00e9gtant is fel\u00f6leli.<br>Az \u00e1llamvasutak jav\u00edt\u00f3m\u0171helyei mellett f\u00f6nn\u00e1ll\u00f3 tanonc-tanm\u0171helyek tanul\u00f3it a vas\u00fati alkalmazottak gyermekeit k\u00e9pezt\u00e9k, a tanul\u00f3k sz\u00e1ma a munk\u00e1s\u00e1llom\u00e1ny 1\/3-\u00e1ban volt meg\u00e1llap\u00edtva. A tan\u00edt\u00e1s ideje itt is n\u00e9gy \u00e9v volt, \u00e9s hetenk\u00e9nt 12, illet\u0151leg az utols\u00f3 \u00e9vfolyamon heti 10 \u00f3r\u00e1ra terjedt. A tan\u00edt\u00e1s az \u00e1ltal\u00e1nos t\u00e1rgyakon k\u00edv\u00fcl anyagismeretre, er\u0151m\u0171tanra, t\u00e1v\u00edr\u00f3- \u00e9s t\u00e1vbesz\u00e9l\u0151 vezet\u00e9kek kapcsol\u00e1s\u00e1ra, g\u00e9pek kezel\u00e9s\u00e9re, elektrotechnik\u00e1ra \u00e9s szakrajzra, valamint m\u0171helygyakorlatokra \u00e9s testgyakorl\u00e1sra is kiterjedt.<\/li>\n<\/ol>\n\n\n<hr>\n\n\n<h2 class=\"wp-block-heading\" id=\"2\"> Tanonciskola R\u00e1kosligeten<\/h2>\n\n\n\n<p>A telep\u00fcl\u00e9sen 1912-ben szervezt\u00e9k meg a tanoncoktat\u00e1st. Ehhez a k\u00e9pvisel\u0151-test\u00fclet anyagilag is hozz\u00e1j\u00e1rult. Kiss K\u00e1roly kezdem\u00e9nyez\u00e9s\u00e9re 50 koron\u00e1t szavaztak meg az iskola felszerel\u00e9s\u00e9hez, illetve a k\u00f6vetkez\u0151 \u00e9vben 400 korona seg\u00e9lyt biztos\u00edtottak.*<\/p>\n\n\n\n<p>1924-ben k\u00e9sz\u00edtettek kimutat\u00e1st a k\u00e9pvisel\u0151-test\u00fclet sz\u00e1m\u00e1ra a tanoncoktat\u00e1s helyzet\u00e9r\u0151l. Ebben 14 tanoncr\u00f3l tettek jelent\u00e9st, akik tanonciskol\u00e1ba j\u00e1rhatnak. Ennek pontoss\u00e1g\u00e1t, mivel a tanonciskola bez\u00e1r\u00e1s\u00e1t tervezt\u00e9k \u00fagy, hogy a gyermekeket a r\u00e1koskereszt\u00fari tanonciskol\u00e1ba helyezik \u00e1t, a r\u00e1koskereszt\u00fari jegyz\u0151 k\u00e9ts\u00e9gbe vonta. Az \u00faj felm\u00e9r\u00e9s szerint m\u00e1r 37 tanul\u00f3t tal\u00e1ltak a telep\u00fcl\u00e9sen. <\/p>\n\n\n\n<div class=\"wp-block-group\"><div class=\"wp-block-group__inner-container is-layout-flow wp-block-group-is-layout-flow\">\n<table width=\"458\">\n<tbody>\n<tr>\n<td style=\"text-align: left;\" width=\"205\">Tan\u00edt\u00f3mester neve<\/td>\n<td width=\"153\"><a href=\"http:\/\/rakosliget.hu\/wordpress\/index.php\/vallalkozok-iparosok\/\">Szakma<\/a> megnevez\u00e9se<\/td>\n<td width=\"100\">Tanul\u00f3k sz\u00e1ma<\/td>\n<\/tr>\n<tr>\n<td>Blaska Ferencn\u00e9<\/td>\n<td style=\"text-align: center;\" rowspan=\"2\">szab\u00f3<\/td>\n<td style=\"text-align: center;\">1<\/td>\n<\/tr>\n<tr>\n<td>Agner Gyula<\/td>\n<td style=\"text-align: center;\">2<\/td>\n<\/tr>\n<tr>\n<td>Pereszteghy Gy\u00f6rgy&nbsp;<\/td>\n<td style=\"text-align: center;\" rowspan=\"3\">asztalos<\/td>\n<td style=\"text-align: center;\">2<\/td>\n<\/tr>\n<tr>\n<td>Pallang K\u00e1roly<\/td>\n<td style=\"text-align: center;\">1<\/td>\n<\/tr>\n<tr>\n<td>B\u00f3ta B\u00e9la<\/td>\n<td style=\"text-align: center;\">3<\/td>\n<\/tr>\n<tr>\n<td>Pospischl Istv\u00e1nn\u00e9<\/td>\n<td style=\"text-align: center;\" rowspan=\"3\">n\u0151i szab\u00f3<\/td>\n<td style=\"text-align: center;\">3<\/td>\n<\/tr>\n<tr>\n<td>Heiszer J\u00e1nosn\u00e9<\/td>\n<td style=\"text-align: center;\">3<\/td>\n<\/tr>\n<tr>\n<td>Leinmeitner Ilona<\/td>\n<td style=\"text-align: center;\">2<\/td>\n<\/tr>\n<tr>\n<td>Zappert K\u00e1roly<\/td>\n<td style=\"text-align: center;\">\u00e9p\u00edt\u0151mester<\/td>\n<td style=\"text-align: center;\">7<\/td>\n<\/tr>\n<tr>\n<td>Sztanek P\u00e1l&nbsp;<\/td>\n<td style=\"text-align: center;\">\u00e9p\u00edt\u00e9sz<\/td>\n<td style=\"text-align: center;\">1<\/td>\n<\/tr>\n<tr>\n<td>Smidt J\u00f3zsef<\/td>\n<td style=\"text-align: center;\" rowspan=\"2\">lakatos<\/td>\n<td style=\"text-align: center;\">1<\/td>\n<\/tr>\n<tr>\n<td>Szab\u00f3 Ede<\/td>\n<td style=\"text-align: center;\">1<\/td>\n<\/tr>\n<tr>\n<td>Safranek K\u00e1roly<\/td>\n<td style=\"text-align: center;\" rowspan=\"3\">cip\u00e9sz<\/td>\n<td style=\"text-align: center;\">1<\/td>\n<\/tr>\n<tr>\n<td>Augenfeld Lajos<\/td>\n<td style=\"text-align: center;\">1<\/td>\n<\/tr>\n<tr>\n<td>Brunner \u00e9s Pasak<\/td>\n<td style=\"text-align: center;\">1<\/td>\n<\/tr>\n<tr>\n<td>Marchard J\u00e1nos<\/td>\n<td style=\"text-align: center;\">p\u00e9k<\/td>\n<td style=\"text-align: center;\">1<\/td>\n<\/tr>\n<tr>\n<td>Hangya Fogyaszt\u00e1si Sz\u00f6vetkezet<\/td>\n<td style=\"text-align: center;\" rowspan=\"2\">kereskedelem<\/td>\n<td style=\"text-align: center;\">1<\/td>\n<\/tr>\n<tr>\n<td>M\u00c1V Fogyaszt\u00e1si sz\u00f6vetkezet<\/td>\n<td style=\"text-align: center;\">1<\/td>\n<\/tr>\n<tr>\n<td>T\u00f3th Mikl\u00f3sn\u00e9<\/td>\n<td style=\"text-align: center;\">f\u00e9nyk\u00e9p\u00e9sz<\/td>\n<td style=\"text-align: center;\">1<\/td>\n<\/tr>\n<tr>\n<td>Tanszig J\u00f3zsef<\/td>\n<td style=\"text-align: center;\">m\u0171szer\u00e9sz<\/td>\n<td style=\"text-align: center;\">1<\/td>\n<\/tr>\n<\/tbody>\n<\/table>\n<\/div><\/div>\n\n\n\n<p id=\"T\">A tanonck\u00e9pz\u00e9s a polg\u00e1ri iskol\u00e1ban ker\u00fclt elhelyez\u00e9sre 1924-ben. <br>A helyi fel\u00fcgyel\u0151bizotts\u00e1g tagja a k\u00f6vetkez\u0151k voltak:<br>Eln\u00f6k: dr. S\u00e1rk\u00e1ny L\u00f3r\u00e1nd<br>Tagok: Paulinyi G\u00e1bor,<br>Nemes K\u00e1roly,<br>Szattinger Viktor,<br> Brunner Istv\u00e1n,<br>Zappert K\u00e1roly voltak. **<\/p>\n\n\n\n<h2 class=\"wp-block-heading\"><strong>Tanon<\/strong>coktat\u00e1s adatai<\/h2>\n\n\n\n<div class=\"wp-block-media-text alignwide is-stacked-on-mobile\"><figure class=\"wp-block-media-text__media\"><a href=\"http:\/\/rakosliget.hu\/wordpress\/wp-content\/uploads\/2020\/11\/uj-ipariskola-1912-scaled.jpg\"><img loading=\"lazy\" decoding=\"async\" width=\"1024\" height=\"603\" src=\"http:\/\/rakosliget.hu\/wordpress\/wp-content\/uploads\/2020\/11\/uj-ipariskola-1912-1024x603.jpg\" alt=\"\" class=\"wp-image-8226 size-full\" srcset=\"https:\/\/rakosliget.hu\/wordpress\/wp-content\/uploads\/2020\/11\/uj-ipariskola-1912-1024x603.jpg 1024w, https:\/\/rakosliget.hu\/wordpress\/wp-content\/uploads\/2020\/11\/uj-ipariskola-1912-300x177.jpg 300w, https:\/\/rakosliget.hu\/wordpress\/wp-content\/uploads\/2020\/11\/uj-ipariskola-1912-768x452.jpg 768w, https:\/\/rakosliget.hu\/wordpress\/wp-content\/uploads\/2020\/11\/uj-ipariskola-1912-1536x904.jpg 1536w, https:\/\/rakosliget.hu\/wordpress\/wp-content\/uploads\/2020\/11\/uj-ipariskola-1912-2048x1205.jpg 2048w\" sizes=\"auto, (max-width: 1024px) 100vw, 1024px\" \/><\/a><\/figure><div class=\"wp-block-media-text__content\">\n<p>A magyar kir. korm\u00e1ny 1912. \u00e9vi m\u0171k\u00f6d\u00e9s\u00e9r\u0151l \u00e9s az orsz\u00e1g k\u00f6z\u00e1llapotair\u00f3l sz\u00f3l\u00f3 jelent\u00e9s \u00e9s statisztikai \u00e9vk\u00f6nyv. Budapest, 1914.<\/p>\n<\/div><\/div>\n\n\n\n<div class=\"wp-block-media-text alignwide is-stacked-on-mobile\"><figure class=\"wp-block-media-text__media\"><a href=\"http:\/\/rakosliget.hu\/wordpress\/wp-content\/uploads\/2020\/12\/inasoktatas-1912-1914-2.jpg\"><img loading=\"lazy\" decoding=\"async\" width=\"1024\" height=\"343\" src=\"http:\/\/rakosliget.hu\/wordpress\/wp-content\/uploads\/2020\/12\/inasoktatas-1912-1914-2-1024x343.jpg\" alt=\"\" class=\"wp-image-8805 size-full\" srcset=\"https:\/\/rakosliget.hu\/wordpress\/wp-content\/uploads\/2020\/12\/inasoktatas-1912-1914-2-1024x343.jpg 1024w, https:\/\/rakosliget.hu\/wordpress\/wp-content\/uploads\/2020\/12\/inasoktatas-1912-1914-2-300x100.jpg 300w, https:\/\/rakosliget.hu\/wordpress\/wp-content\/uploads\/2020\/12\/inasoktatas-1912-1914-2-768x257.jpg 768w, https:\/\/rakosliget.hu\/wordpress\/wp-content\/uploads\/2020\/12\/inasoktatas-1912-1914-2.jpg 1215w\" sizes=\"auto, (max-width: 1024px) 100vw, 1024px\" \/><\/a><\/figure><div class=\"wp-block-media-text__content\">\n<p>Inasoktat\u00e1s 1912 &#8211; 1914<\/p>\n<\/div><\/div>\n\n\n\n<p><\/p>\n\n\n\n<div class=\"wp-block-media-text alignwide is-stacked-on-mobile\"><figure class=\"wp-block-media-text__media\"><a href=\"http:\/\/rakosliget.hu\/wordpress\/wp-content\/uploads\/2020\/11\/tanonc.jpg\"><img loading=\"lazy\" decoding=\"async\" width=\"1024\" height=\"493\" src=\"http:\/\/rakosliget.hu\/wordpress\/wp-content\/uploads\/2020\/11\/tanonc-1024x493.jpg\" alt=\"\" class=\"wp-image-8187 size-full\" srcset=\"https:\/\/rakosliget.hu\/wordpress\/wp-content\/uploads\/2020\/11\/tanonc-1024x493.jpg 1024w, https:\/\/rakosliget.hu\/wordpress\/wp-content\/uploads\/2020\/11\/tanonc-300x145.jpg 300w, https:\/\/rakosliget.hu\/wordpress\/wp-content\/uploads\/2020\/11\/tanonc-768x370.jpg 768w, https:\/\/rakosliget.hu\/wordpress\/wp-content\/uploads\/2020\/11\/tanonc-1536x740.jpg 1536w, https:\/\/rakosliget.hu\/wordpress\/wp-content\/uploads\/2020\/11\/tanonc-2048x987.jpg 2048w\" sizes=\"auto, (max-width: 1024px) 100vw, 1024px\" \/><\/a><\/figure><div class=\"wp-block-media-text__content\">\n<p>1936. Asztalos J\u00f3zsef: Nagy-Budapest k\u00f6zoktats\u00fcgye<\/p>\n<\/div><\/div>\n\n\n\n<p><\/p>\n\n\n<hr>\n\n\n<pre class=\"wp-block-preformatted\"><em>Forr\u00e1sok:<\/em><\/pre>\n\n\n\n<pre class=\"wp-block-preformatted\"><a href=\"http:\/\/rakosliget.hu\/wordpress\/wp-content\/uploads\/2020\/11\/BME_Iparoktatas_1912-1914__pages207-215.pdf\">* Az iparoktat\u00e1s az 1912-1914. \u00e9vekben (Budapest, 1915) IX. Inasoktat\u00e1s <\/a>\u00e9s <a href=\"http:\/\/rakosliget.hu\/wordpress\/wp-content\/uploads\/2020\/11\/1912_1914-iparoktatas.jpg\">t\u00e1bl\u00e1zat<\/a><\/pre>\n\n\n\n<pre class=\"wp-block-preformatted\">** Szanyi Dezs\u0151: R\u00e1kosliget els\u0151 negyedsz\u00e1zada. 1899 - 1924. Szakdolgozat<\/pre>\n\n\n\n<figure class=\"wp-block-image size-large\"><img loading=\"lazy\" decoding=\"async\" width=\"1024\" height=\"368\" src=\"https:\/\/rakosliget.hu\/wordpress\/wp-content\/uploads\/2025\/03\/Magyar-Iparosneveles-1937.-8.-szam-13.-oldal-1024x368.jpg\" alt=\"\" class=\"wp-image-17126\" srcset=\"https:\/\/rakosliget.hu\/wordpress\/wp-content\/uploads\/2025\/03\/Magyar-Iparosneveles-1937.-8.-szam-13.-oldal-1024x368.jpg 1024w, https:\/\/rakosliget.hu\/wordpress\/wp-content\/uploads\/2025\/03\/Magyar-Iparosneveles-1937.-8.-szam-13.-oldal-300x108.jpg 300w, https:\/\/rakosliget.hu\/wordpress\/wp-content\/uploads\/2025\/03\/Magyar-Iparosneveles-1937.-8.-szam-13.-oldal-768x276.jpg 768w, https:\/\/rakosliget.hu\/wordpress\/wp-content\/uploads\/2025\/03\/Magyar-Iparosneveles-1937.-8.-szam-13.-oldal.jpg 1086w\" sizes=\"auto, (max-width: 1024px) 100vw, 1024px\" \/><figcaption class=\"wp-element-caption\">Magyar Iparosnevel\u00e9s 1937. 8. sz\u00e1m 13. oldal<\/figcaption><\/figure>\n\n\n\n<p><a href=\"#Eleje\">VISSZA A LAP TETEJ\u00c9RE<\/a><\/p>\n\n\n\n<p><a href=\"https:\/\/rakosliget.hu\/wordpress\/index.php\/iskola-es-ovoda\/\">VISSZA AZ ISKOLA, \u00d3VODA, N\u00c9PM\u0170VEL\u00c9S LAPRA<\/a><\/p>\n","protected":false},"excerpt":{"rendered":"<p>Az oldal friss\u00edtve: 2020. 11. 25. VISSZA AZ ISKOLA, \u00d3VODA, N\u00c9PM\u0170VEL\u00c9S LAPRA Tartalom: A XX. sz\u00e1zad eleji tanoncoktat\u00e1s Tanonciskola R\u00e1kosligeten Tanoncoktat\u00e1s adatai R\u00e1kosliget N\u0150I IPARISKOLA TERVE A XX. sz\u00e1zad eleji tanoncoktat\u00e1s Az 1884. \u00e9vi XVII. t\u00f6rv\u00e9nycikkbe foglalt ipart\u00f6rv\u00e9ny elvein f\u00f6l\u00e9p\u00fclt iparos- \u00e9s keresked\u0151tanonc-oktat\u00e1s, a vall\u00e1s- \u00e9s k\u00f6zoktat\u00e1s\u00fcgyi m. kir. miniszter f\u0151hat\u00f3s\u00e1ga \u00e9s a kereskedelem\u00fcgyi m. &hellip; <a href=\"https:\/\/rakosliget.hu\/wordpress\/index.php\/ipariskola\/\" class=\"more-link\"><span class=\"screen-reader-text\">IPARISKOLA<\/span> r\u00e9szletei&#8230;<\/a><\/p>\n","protected":false},"author":1,"featured_media":0,"parent":0,"menu_order":0,"comment_status":"closed","ping_status":"closed","template":"","meta":{"footnotes":""},"class_list":["post-4893","page","type-page","status-publish","hentry"],"_links":{"self":[{"href":"https:\/\/rakosliget.hu\/wordpress\/index.php\/wp-json\/wp\/v2\/pages\/4893","targetHints":{"allow":["GET"]}}],"collection":[{"href":"https:\/\/rakosliget.hu\/wordpress\/index.php\/wp-json\/wp\/v2\/pages"}],"about":[{"href":"https:\/\/rakosliget.hu\/wordpress\/index.php\/wp-json\/wp\/v2\/types\/page"}],"author":[{"embeddable":true,"href":"https:\/\/rakosliget.hu\/wordpress\/index.php\/wp-json\/wp\/v2\/users\/1"}],"replies":[{"embeddable":true,"href":"https:\/\/rakosliget.hu\/wordpress\/index.php\/wp-json\/wp\/v2\/comments?post=4893"}],"version-history":[{"count":36,"href":"https:\/\/rakosliget.hu\/wordpress\/index.php\/wp-json\/wp\/v2\/pages\/4893\/revisions"}],"predecessor-version":[{"id":21870,"href":"https:\/\/rakosliget.hu\/wordpress\/index.php\/wp-json\/wp\/v2\/pages\/4893\/revisions\/21870"}],"wp:attachment":[{"href":"https:\/\/rakosliget.hu\/wordpress\/index.php\/wp-json\/wp\/v2\/media?parent=4893"}],"curies":[{"name":"wp","href":"https:\/\/api.w.org\/{rel}","templated":true}]}}