{"id":485,"date":"2018-03-10T06:06:01","date_gmt":"2018-03-10T05:06:01","guid":{"rendered":"http:\/\/rakosliget.hu\/wordpress\/?page_id=485"},"modified":"2020-11-18T04:36:44","modified_gmt":"2020-11-18T03:36:44","slug":"kepeslapok-az-1907-es-rakosliget-terkepenkepeslapok-az-1907-es-rakosliget-terkepen","status":"publish","type":"page","link":"https:\/\/rakosliget.hu\/wordpress\/index.php\/kepeslapok-az-1907-es-rakosliget-terkepenkepeslapok-az-1907-es-rakosliget-terkepen\/","title":{"rendered":"K\u00e9peslapok az 1907-es R\u00e1kosliget t\u00e9rk\u00e9pen"},"content":{"rendered":"\n<p><em>Az oldal indult: 2018. 03. 10.<\/em><\/p>\n\n\n\n<p>\u00c1d\u00e1m Ferenc muzeol\u00f3gus t\u00f6rt\u00e9n\u00e9sz vezet\u00e9s\u00e9vel (Erd\u0151s Ren\u00e9e H\u00e1z) 2011-ben k\u00f6z\u00f6s projektk\u00e9nt k\u00e9sz\u00fclt el R\u00e1kosmente k\u00e9peslapjainak feldolgoz\u00e1sa . Ennek els\u0151 darabja volt a R\u00e1kosligetet feldolgoz\u00f3 r\u00e9sz, mely itt is bemutat\u00e1sra ker\u00fcl. A 2011 -ig fellelt lapok mell\u00e9 az id\u0151k sor\u00e1n \u00fajabbak k\u00e9peslapok is el\u0151ker\u00fcltek, melyeket ebbe a bemutat\u00f3ba be\u00e9p\u00edtettem. <\/p>\n\n\n<p><a class=\"navText\" href=\"http:\/\/rakosliget.hu\/kepgaleriak\/indexkeplapold.html\" target=\"_new\" rel=\"noopener noreferrer\">K\u00e9peslapok az 1907-es R\u00e1kosliget t\u00e9rk\u00e9pen lap megnyit\u00e1sa<\/a><\/p>","protected":false},"excerpt":{"rendered":"<p>Az oldal indult: 2018. 03. 10. \u00c1d\u00e1m Ferenc muzeol\u00f3gus t\u00f6rt\u00e9n\u00e9sz vezet\u00e9s\u00e9vel (Erd\u0151s Ren\u00e9e H\u00e1z) 2011-ben k\u00f6z\u00f6s projektk\u00e9nt k\u00e9sz\u00fclt el R\u00e1kosmente k\u00e9peslapjainak feldolgoz\u00e1sa . Ennek els\u0151 darabja volt a R\u00e1kosligetet feldolgoz\u00f3 r\u00e9sz, mely itt is bemutat\u00e1sra ker\u00fcl. A 2011 -ig fellelt lapok mell\u00e9 az id\u0151k sor\u00e1n \u00fajabbak k\u00e9peslapok is el\u0151ker\u00fcltek, melyeket ebbe a bemutat\u00f3ba be\u00e9p\u00edtettem. K\u00e9peslapok &hellip; <a href=\"https:\/\/rakosliget.hu\/wordpress\/index.php\/kepeslapok-az-1907-es-rakosliget-terkepenkepeslapok-az-1907-es-rakosliget-terkepen\/\" class=\"more-link\"><span class=\"screen-reader-text\">K\u00e9peslapok az 1907-es R\u00e1kosliget t\u00e9rk\u00e9pen<\/span> r\u00e9szletei&#8230;<\/a><\/p>\n","protected":false},"author":1,"featured_media":5,"parent":0,"menu_order":0,"comment_status":"closed","ping_status":"closed","template":"","meta":{"footnotes":""},"class_list":["post-485","page","type-page","status-publish","has-post-thumbnail","hentry"],"_links":{"self":[{"href":"https:\/\/rakosliget.hu\/wordpress\/index.php\/wp-json\/wp\/v2\/pages\/485","targetHints":{"allow":["GET"]}}],"collection":[{"href":"https:\/\/rakosliget.hu\/wordpress\/index.php\/wp-json\/wp\/v2\/pages"}],"about":[{"href":"https:\/\/rakosliget.hu\/wordpress\/index.php\/wp-json\/wp\/v2\/types\/page"}],"author":[{"embeddable":true,"href":"https:\/\/rakosliget.hu\/wordpress\/index.php\/wp-json\/wp\/v2\/users\/1"}],"replies":[{"embeddable":true,"href":"https:\/\/rakosliget.hu\/wordpress\/index.php\/wp-json\/wp\/v2\/comments?post=485"}],"version-history":[{"count":6,"href":"https:\/\/rakosliget.hu\/wordpress\/index.php\/wp-json\/wp\/v2\/pages\/485\/revisions"}],"predecessor-version":[{"id":7323,"href":"https:\/\/rakosliget.hu\/wordpress\/index.php\/wp-json\/wp\/v2\/pages\/485\/revisions\/7323"}],"wp:featuredmedia":[{"embeddable":true,"href":"https:\/\/rakosliget.hu\/wordpress\/index.php\/wp-json\/wp\/v2\/media\/5"}],"wp:attachment":[{"href":"https:\/\/rakosliget.hu\/wordpress\/index.php\/wp-json\/wp\/v2\/media?parent=485"}],"curies":[{"name":"wp","href":"https:\/\/api.w.org\/{rel}","templated":true}]}}