{"id":471,"date":"2018-03-10T05:40:13","date_gmt":"2018-03-10T04:40:13","guid":{"rendered":"http:\/\/rakosliget.hu\/wordpress\/?page_id=471"},"modified":"2018-10-19T02:47:42","modified_gmt":"2018-10-19T01:47:42","slug":"rakosligeti-hazak","status":"publish","type":"page","link":"https:\/\/rakosliget.hu\/wordpress\/index.php\/rakosligeti-hazak\/","title":{"rendered":"R\u00e1kosligeti h\u00e1zak"},"content":{"rendered":"\t<!-- CSS Part Start From Here-->\n\t<style>\n\t\t.all-images {\n\t\t\tpadding-top: 10px !important;\n\t\t\tpadding-bottom: 15px !important;\n\t\t}\n\n\t\t#image_gallery_1888 .thumbnail {\n\t\t\twidth: 100% !important;\n\t\t\theight: auto !important;\n\t\t\tborder-radius: 0px;\n\t\t\t\/*background: transparent url('https:\/\/rakosliget.hu\/wordpress\/wp-content\/plugins\/new-image-gallery\/include\/assets\/img\/loading.gif') center no-repeat !important;*\/\n\t\t\tmargin-bottom: 20px !important;\n\t\t}\n\n\t\t\t\t.item-title {\n\t\t\tbackground-color: rgba(0, 0, 0, 0.5);\n\t\t\tbottom: 45px;\n\t\t\tcolor: #FFFFFF;\n\t\t\tdisplay: block;\n\t\t\tfont-weight: 300;\n\t\t\tleft: 2rem;\n\t\t\tpadding: 8px;\n\t\t\tposition: absolute;\n\t\t\tright: 2rem;\n\t\t\ttext-align: center;\n\t\t\ttext-transform: capitalize;\n\t\t}\n\n\t\t\t<\/style>\n\t<div id=\"image_gallery_1888\" class=\"row all-images-1888\">\n\t\t\t\t\t\t<div class=\"single-image-1888 col-lg-3 col-md-3 col-sm-4 col-xs-6\">\n\t\t\t\t\t<a href=\"https:\/\/rakosliget.hu\/wordpress\/wp-content\/uploads\/2018\/10\/munkasotthon0.jpg\" data-lightbox=\"lightbox-1888\" data-gallery=\"gallery-1888\" data-title=\"Munk\u00e1sotthon felh\u00edv\u00e1s\">\n\t\t\t\t\t\t<img decoding=\"async\" class=\"thumbnail hvr-float-shadow\" src=\"https:\/\/rakosliget.hu\/wordpress\/wp-content\/uploads\/2018\/10\/munkasotthon0-150x150.jpg\" alt=\"Munk\u00e1sotthon felh\u00edv\u00e1s\">\n\t\t\t\t\t\t\t\t\t\t\t<\/a>\n\t\t\t\t<\/div>\n\t\t\t\t\t\t<div class=\"single-image-1888 col-lg-3 col-md-3 col-sm-4 col-xs-6\">\n\t\t\t\t\t<a href=\"https:\/\/rakosliget.hu\/wordpress\/wp-content\/uploads\/2018\/10\/munkasotthon1.jpg\" data-lightbox=\"lightbox-1888\" data-gallery=\"gallery-1888\" data-title=\"Munk\u00e1sotthon alapszab\u00e1ly\">\n\t\t\t\t\t\t<img decoding=\"async\" class=\"thumbnail hvr-float-shadow\" src=\"https:\/\/rakosliget.hu\/wordpress\/wp-content\/uploads\/2018\/10\/munkasotthon1-150x150.jpg\" alt=\"Munk\u00e1sotthon alapszab\u00e1ly\">\n\t\t\t\t\t\t\t\t\t\t\t<\/a>\n\t\t\t\t<\/div>\n\t\t\t\t\t\t<div class=\"single-image-1888 col-lg-3 col-md-3 col-sm-4 col-xs-6\">\n\t\t\t\t\t<a href=\"https:\/\/rakosliget.hu\/wordpress\/wp-content\/uploads\/2018\/10\/munkasotthon2.jpg\" data-lightbox=\"lightbox-1888\" data-gallery=\"gallery-1888\" data-title=\"Munk\u00e1sotthon alapszab\u00e1ly\">\n\t\t\t\t\t\t<img decoding=\"async\" class=\"thumbnail hvr-float-shadow\" src=\"https:\/\/rakosliget.hu\/wordpress\/wp-content\/uploads\/2018\/10\/munkasotthon2-150x150.jpg\" alt=\"Munk\u00e1sotthon alapszab\u00e1ly\">\n\t\t\t\t\t\t\t\t\t\t\t<\/a>\n\t\t\t\t<\/div>\n\t\t\t\t\t\t<div class=\"single-image-1888 col-lg-3 col-md-3 col-sm-4 col-xs-6\">\n\t\t\t\t\t<a href=\"https:\/\/rakosliget.hu\/wordpress\/wp-content\/uploads\/2018\/10\/munkasotthon3.jpg\" data-lightbox=\"lightbox-1888\" data-gallery=\"gallery-1888\" data-title=\"Munk\u00e1sotthon alapszab\u00e1ly\">\n\t\t\t\t\t\t<img decoding=\"async\" class=\"thumbnail hvr-float-shadow\" src=\"https:\/\/rakosliget.hu\/wordpress\/wp-content\/uploads\/2018\/10\/munkasotthon3-150x150.jpg\" alt=\"Munk\u00e1sotthon alapszab\u00e1ly\">\n\t\t\t\t\t\t\t\t\t\t\t<\/a>\n\t\t\t\t<\/div>\n\t\t\t\t\t\t<div class=\"single-image-1888 col-lg-3 col-md-3 col-sm-4 col-xs-6\">\n\t\t\t\t\t<a href=\"https:\/\/rakosliget.hu\/wordpress\/wp-content\/uploads\/2017\/12\/munksotthonrkoskeresztur100hzdvzletmunksotthonrl.jpg\" data-lightbox=\"lightbox-1888\" data-gallery=\"gallery-1888\" data-title=\"Az els\u0151 k\u00e9peslap R\u00e1kosligetr\u0151l\">\n\t\t\t\t\t\t<img decoding=\"async\" class=\"thumbnail hvr-float-shadow\" src=\"https:\/\/rakosliget.hu\/wordpress\/wp-content\/uploads\/2017\/12\/munksotthonrkoskeresztur100hzdvzletmunksotthonrl-150x150.jpg\" alt=\"Az els\u0151 k\u00e9peslap R\u00e1kosligetr\u0151l\">\n\t\t\t\t\t\t\t\t\t\t\t<\/a>\n\t\t\t\t<\/div>\n\t\t\t\t\t\t<div class=\"single-image-1888 col-lg-3 col-md-3 col-sm-4 col-xs-6\">\n\t\t\t\t\t<a href=\"https:\/\/rakosliget.hu\/wordpress\/wp-content\/uploads\/2018\/10\/rakosliget-VI_25.jpg\" data-lightbox=\"lightbox-1888\" data-gallery=\"gallery-1888\" data-title=\"R\u00e1kosliget VI. utca 25.\">\n\t\t\t\t\t\t<img decoding=\"async\" class=\"thumbnail hvr-float-shadow\" src=\"https:\/\/rakosliget.hu\/wordpress\/wp-content\/uploads\/2018\/10\/rakosliget-VI_25-150x150.jpg\" alt=\"R\u00e1kosliget VI. utca 25.\">\n\t\t\t\t\t\t\t\t\t\t\t<\/a>\n\t\t\t\t<\/div>\n\t\t\t\t\t\t<div class=\"single-image-1888 col-lg-3 col-md-3 col-sm-4 col-xs-6\">\n\t\t\t\t\t<a href=\"https:\/\/rakosliget.hu\/wordpress\/wp-content\/uploads\/2018\/10\/Gozon-Gyula-szinhaz.jpg\" data-lightbox=\"lightbox-1888\" data-gallery=\"gallery-1888\" data-title=\"G\u00f3zon Gyula sz\u00ednh\u00e1z\">\n\t\t\t\t\t\t<img decoding=\"async\" class=\"thumbnail hvr-float-shadow\" src=\"https:\/\/rakosliget.hu\/wordpress\/wp-content\/uploads\/2018\/10\/Gozon-Gyula-szinhaz-150x150.jpg\" alt=\"G\u00f3zon Gyula sz\u00ednh\u00e1z\">\n\t\t\t\t\t\t\t\t\t\t\t<\/a>\n\t\t\t\t<\/div>\n\t\t\t\t\t\t<div class=\"single-image-1888 col-lg-3 col-md-3 col-sm-4 col-xs-6\">\n\t\t\t\t\t<a href=\"https:\/\/rakosliget.hu\/wordpress\/wp-content\/uploads\/2018\/10\/Gozonhaz_2013_09.jpg\" data-lightbox=\"lightbox-1888\" data-gallery=\"gallery-1888\" data-title=\"G\u00f3zon h\u00e1z 2013.09.\">\n\t\t\t\t\t\t<img decoding=\"async\" class=\"thumbnail hvr-float-shadow\" src=\"https:\/\/rakosliget.hu\/wordpress\/wp-content\/uploads\/2018\/10\/Gozonhaz_2013_09-150x150.jpg\" alt=\"G\u00f3zon h\u00e1z 2013.09.\">\n\t\t\t\t\t\t\t\t\t\t\t<\/a>\n\t\t\t\t<\/div>\n\t\t\t\t\t\t<div class=\"single-image-1888 col-lg-3 col-md-3 col-sm-4 col-xs-6\">\n\t\t\t\t\t<a href=\"https:\/\/rakosliget.hu\/wordpress\/wp-content\/uploads\/2018\/10\/rakosliget-IV_14.jpg\" data-lightbox=\"lightbox-1888\" data-gallery=\"gallery-1888\" data-title=\"R\u00e1kosliget IV. utca 14.\">\n\t\t\t\t\t\t<img decoding=\"async\" class=\"thumbnail hvr-float-shadow\" src=\"https:\/\/rakosliget.hu\/wordpress\/wp-content\/uploads\/2018\/10\/rakosliget-IV_14-150x150.jpg\" alt=\"R\u00e1kosliget IV. utca 14.\">\n\t\t\t\t\t\t\t\t\t\t\t<\/a>\n\t\t\t\t<\/div>\n\t\t\t\t\t\t<div class=\"single-image-1888 col-lg-3 col-md-3 col-sm-4 col-xs-6\">\n\t\t\t\t\t<a href=\"https:\/\/rakosliget.hu\/wordpress\/wp-content\/uploads\/2018\/10\/rakosliget-V_3.jpg\" data-lightbox=\"lightbox-1888\" data-gallery=\"gallery-1888\" data-title=\"R\u00e1kosliget V. utca 3.\">\n\t\t\t\t\t\t<img decoding=\"async\" class=\"thumbnail hvr-float-shadow\" src=\"https:\/\/rakosliget.hu\/wordpress\/wp-content\/uploads\/2018\/10\/rakosliget-V_3-150x150.jpg\" alt=\"R\u00e1kosliget V. utca 3.\">\n\t\t\t\t\t\t\t\t\t\t\t<\/a>\n\t\t\t\t<\/div>\n\t\t\t\t\t\t<div class=\"single-image-1888 col-lg-3 col-md-3 col-sm-4 col-xs-6\">\n\t\t\t\t\t<a href=\"https:\/\/rakosliget.hu\/wordpress\/wp-content\/uploads\/2018\/10\/rakosliget-IV_3.jpg\" data-lightbox=\"lightbox-1888\" data-gallery=\"gallery-1888\" data-title=\"R\u00e1kosliget IV. utca 3.\">\n\t\t\t\t\t\t<img decoding=\"async\" class=\"thumbnail hvr-float-shadow\" src=\"https:\/\/rakosliget.hu\/wordpress\/wp-content\/uploads\/2018\/10\/rakosliget-IV_3-150x150.jpg\" alt=\"R\u00e1kosliget IV. utca 3.\">\n\t\t\t\t\t\t\t\t\t\t\t<\/a>\n\t\t\t\t<\/div>\n\t\t\t\t\t\t<div class=\"single-image-1888 col-lg-3 col-md-3 col-sm-4 col-xs-6\">\n\t\t\t\t\t<a href=\"https:\/\/rakosliget.hu\/wordpress\/wp-content\/uploads\/2018\/10\/rakosliget-V_37.jpg\" data-lightbox=\"lightbox-1888\" data-gallery=\"gallery-1888\" data-title=\"R\u00e1kosliget V. utca 37.\">\n\t\t\t\t\t\t<img decoding=\"async\" class=\"thumbnail hvr-float-shadow\" src=\"https:\/\/rakosliget.hu\/wordpress\/wp-content\/uploads\/2018\/10\/rakosliget-V_37-150x150.jpg\" alt=\"R\u00e1kosliget V. utca 37.\">\n\t\t\t\t\t\t\t\t\t\t\t<\/a>\n\t\t\t\t<\/div>\n\t\t\t\t\t\t<div class=\"single-image-1888 col-lg-3 col-md-3 col-sm-4 col-xs-6\">\n\t\t\t\t\t<a href=\"https:\/\/rakosliget.hu\/wordpress\/wp-content\/uploads\/2018\/10\/ovoda-VI_.jpg\" data-lightbox=\"lightbox-1888\" data-gallery=\"gallery-1888\" data-title=\"\u00d3voda VI. utca\">\n\t\t\t\t\t\t<img decoding=\"async\" class=\"thumbnail hvr-float-shadow\" src=\"https:\/\/rakosliget.hu\/wordpress\/wp-content\/uploads\/2018\/10\/ovoda-VI_-150x150.jpg\" alt=\"\u00d3voda VI. utca\">\n\t\t\t\t\t\t\t\t\t\t\t<\/a>\n\t\t\t\t<\/div>\n\t\t\t\t\t\t<div class=\"single-image-1888 col-lg-3 col-md-3 col-sm-4 col-xs-6\">\n\t\t\t\t\t<a href=\"https:\/\/rakosliget.hu\/wordpress\/wp-content\/uploads\/2018\/10\/rakosliget-V_19.jpg\" data-lightbox=\"lightbox-1888\" data-gallery=\"gallery-1888\" data-title=\"R\u00e1kosliget V. utca 19.\">\n\t\t\t\t\t\t<img decoding=\"async\" class=\"thumbnail hvr-float-shadow\" src=\"https:\/\/rakosliget.hu\/wordpress\/wp-content\/uploads\/2018\/10\/rakosliget-V_19-150x150.jpg\" alt=\"R\u00e1kosliget V. utca 19.\">\n\t\t\t\t\t\t\t\t\t\t\t<\/a>\n\t\t\t\t<\/div>\n\t\t\t\t\t\t<div class=\"single-image-1888 col-lg-3 col-md-3 col-sm-4 col-xs-6\">\n\t\t\t\t\t<a href=\"https:\/\/rakosliget.hu\/wordpress\/wp-content\/uploads\/2018\/10\/vizmuvek-2011_1.jpg\" data-lightbox=\"lightbox-1888\" data-gallery=\"gallery-1888\" data-title=\"A r\u00e9gi v\u00edzmuvek \u00e9p\u00fclete 2011-ben\">\n\t\t\t\t\t\t<img decoding=\"async\" class=\"thumbnail hvr-float-shadow\" src=\"https:\/\/rakosliget.hu\/wordpress\/wp-content\/uploads\/2018\/10\/vizmuvek-2011_1-150x150.jpg\" alt=\"A r\u00e9gi v\u00edzmuvek \u00e9p\u00fclete 2011-ben\">\n\t\t\t\t\t\t\t\t\t\t\t<\/a>\n\t\t\t\t<\/div>\n\t\t\t\t\t\t<div class=\"single-image-1888 col-lg-3 col-md-3 col-sm-4 col-xs-6\">\n\t\t\t\t\t<a href=\"https:\/\/rakosliget.hu\/wordpress\/wp-content\/uploads\/2018\/10\/rakosliget-VIII_30.jpg\" data-lightbox=\"lightbox-1888\" data-gallery=\"gallery-1888\" data-title=\"R\u00e1kosliget VIII. utca 30.\">\n\t\t\t\t\t\t<img decoding=\"async\" class=\"thumbnail hvr-float-shadow\" src=\"https:\/\/rakosliget.hu\/wordpress\/wp-content\/uploads\/2018\/10\/rakosliget-VIII_30-150x150.jpg\" alt=\"R\u00e1kosliget VIII. utca 30.\">\n\t\t\t\t\t\t\t\t\t\t\t<\/a>\n\t\t\t\t<\/div>\n\t\t\t\t\t\t<div class=\"single-image-1888 col-lg-3 col-md-3 col-sm-4 col-xs-6\">\n\t\t\t\t\t<a href=\"https:\/\/rakosliget.hu\/wordpress\/wp-content\/uploads\/2018\/10\/XIII-18.jpg\" data-lightbox=\"lightbox-1888\" data-gallery=\"gallery-1888\" data-title=\"R\u00e1kosliget XIII. utca. A fel\u00faj\u00edt\u00e1s ut\u00e1n elt\u0171nt.\">\n\t\t\t\t\t\t<img decoding=\"async\" class=\"thumbnail hvr-float-shadow\" src=\"https:\/\/rakosliget.hu\/wordpress\/wp-content\/uploads\/2018\/10\/XIII-18-150x150.jpg\" alt=\"R\u00e1kosliget XIII. utca. A fel\u00faj\u00edt\u00e1s ut\u00e1n elt\u0171nt.\">\n\t\t\t\t\t\t\t\t\t\t\t<\/a>\n\t\t\t\t<\/div>\n\t\t\t\t\t\t<div class=\"single-image-1888 col-lg-3 col-md-3 col-sm-4 col-xs-6\">\n\t\t\t\t\t<a href=\"https:\/\/rakosliget.hu\/wordpress\/wp-content\/uploads\/2018\/10\/XVII.utca-szecesszios-villa.jpg\" data-lightbox=\"lightbox-1888\" data-gallery=\"gallery-1888\" data-title=\"R\u00e1kosliget XVII. utca\">\n\t\t\t\t\t\t<img decoding=\"async\" class=\"thumbnail hvr-float-shadow\" src=\"https:\/\/rakosliget.hu\/wordpress\/wp-content\/uploads\/2018\/10\/XVII.utca-szecesszios-villa-150x150.jpg\" alt=\"R\u00e1kosliget XVII. utca\">\n\t\t\t\t\t\t\t\t\t\t\t<\/a>\n\t\t\t\t<\/div>\n\t\t\t\t\t\t<div class=\"single-image-1888 col-lg-3 col-md-3 col-sm-4 col-xs-6\">\n\t\t\t\t\t<a href=\"https:\/\/rakosliget.hu\/wordpress\/wp-content\/uploads\/2018\/10\/XIX-utca-18.jpg\" data-lightbox=\"lightbox-1888\" data-gallery=\"gallery-1888\" data-title=\"R\u00e1kosliget XIX. utca 18.\">\n\t\t\t\t\t\t<img decoding=\"async\" class=\"thumbnail hvr-float-shadow\" src=\"https:\/\/rakosliget.hu\/wordpress\/wp-content\/uploads\/2018\/10\/XIX-utca-18-150x150.jpg\" alt=\"R\u00e1kosliget XIX. utca 18.\">\n\t\t\t\t\t\t\t\t\t\t\t<\/a>\n\t\t\t\t<\/div>\n\t\t\t\t\t\t<div class=\"single-image-1888 col-lg-3 col-md-3 col-sm-4 col-xs-6\">\n\t\t\t\t\t<a href=\"https:\/\/rakosliget.hu\/wordpress\/wp-content\/uploads\/2018\/10\/XX-utca-2.jpg\" data-lightbox=\"lightbox-1888\" data-gallery=\"gallery-1888\" data-title=\"R\u00e1kosliget XX. utca 2. a fel\u00faj\u00edt\u00e1s el\u0151tt. 2015\">\n\t\t\t\t\t\t<img decoding=\"async\" class=\"thumbnail hvr-float-shadow\" src=\"https:\/\/rakosliget.hu\/wordpress\/wp-content\/uploads\/2018\/10\/XX-utca-2-150x150.jpg\" alt=\"R\u00e1kosliget XX. utca 2. a fel\u00faj\u00edt\u00e1s el\u0151tt. 2015\">\n\t\t\t\t\t\t\t\t\t\t\t<\/a>\n\t\t\t\t<\/div>\n\t\t\t\t\t\t<div class=\"single-image-1888 col-lg-3 col-md-3 col-sm-4 col-xs-6\">\n\t\t\t\t\t<a href=\"https:\/\/rakosliget.hu\/wordpress\/wp-content\/uploads\/2018\/10\/XXIII-utca-3.jpg\" data-lightbox=\"lightbox-1888\" data-gallery=\"gallery-1888\" data-title=\"R\u00e1kosliget XXIII. utca m\u00e9g a r\u00e9gi t\u00e1bl\u00e1kkal.\">\n\t\t\t\t\t\t<img decoding=\"async\" class=\"thumbnail hvr-float-shadow\" src=\"https:\/\/rakosliget.hu\/wordpress\/wp-content\/uploads\/2018\/10\/XXIII-utca-3-150x150.jpg\" alt=\"R\u00e1kosliget XXIII. utca m\u00e9g a r\u00e9gi t\u00e1bl\u00e1kkal.\">\n\t\t\t\t\t\t\t\t\t\t\t<\/a>\n\t\t\t\t<\/div>\n\t\t\t\t\t\t<div class=\"single-image-1888 col-lg-3 col-md-3 col-sm-4 col-xs-6\">\n\t\t\t\t\t<a href=\"https:\/\/rakosliget.hu\/wordpress\/wp-content\/uploads\/2018\/11\/IMG_20181018_065031_rakosliget.jpg\" data-lightbox=\"lightbox-1888\" data-gallery=\"gallery-1888\" data-title=\"A volt F\u00fchringer ven\u00e9gl\u0151 (rend\u0151rs\u00e9g, legut\u00f3bb iskola) \u00e9p\u00fclete. Ligetsor 2018.10.18.\">\n\t\t\t\t\t\t<img decoding=\"async\" class=\"thumbnail hvr-float-shadow\" src=\"https:\/\/rakosliget.hu\/wordpress\/wp-content\/uploads\/2018\/11\/IMG_20181018_065031_rakosliget-150x150.jpg\" alt=\"A volt F\u00fchringer ven\u00e9gl\u0151 (rend\u0151rs\u00e9g, legut\u00f3bb iskola) \u00e9p\u00fclete. Ligetsor 2018.10.18.\">\n\t\t\t\t\t\t\t\t\t\t\t<\/a>\n\t\t\t\t<\/div>\n\t\t\t\t\t\t<div class=\"single-image-1888 col-lg-3 col-md-3 col-sm-4 col-xs-6\">\n\t\t\t\t\t<a href=\"https:\/\/rakosliget.hu\/wordpress\/wp-content\/uploads\/2018\/12\/IMG_20181219_085207_HDR-rakosliget_hu.jpg\" data-lightbox=\"lightbox-1888\" data-gallery=\"gallery-1888\" data-title=\"A volt F\u00fchringer vend\u00e9gl\u0151 ma Bart\u00f3k B\u00e9la AMI 5207_HDR rakosliget_hu\">\n\t\t\t\t\t\t<img decoding=\"async\" class=\"thumbnail hvr-float-shadow\" src=\"https:\/\/rakosliget.hu\/wordpress\/wp-content\/uploads\/2018\/12\/IMG_20181219_085207_HDR-rakosliget_hu-150x150.jpg\" alt=\"A volt F\u00fchringer vend\u00e9gl\u0151 ma Bart\u00f3k B\u00e9la AMI 5207_HDR rakosliget_hu\">\n\t\t\t\t\t\t\t\t\t\t\t<\/a>\n\t\t\t\t<\/div>\n\t\t\t\t\t\t<div class=\"single-image-1888 col-lg-3 col-md-3 col-sm-4 col-xs-6\">\n\t\t\t\t\t<a href=\"https:\/\/rakosliget.hu\/wordpress\/wp-content\/uploads\/2022\/04\/Jegyzoi-lakas_1024.png\" data-lightbox=\"lightbox-1888\" data-gallery=\"gallery-1888\" data-title=\"Jegyz\u0151i lak\u00e1s Ferihegyi \u00fat-XVII. utca sarok\">\n\t\t\t\t\t\t<img decoding=\"async\" class=\"thumbnail hvr-float-shadow\" src=\"https:\/\/rakosliget.hu\/wordpress\/wp-content\/uploads\/2022\/04\/Jegyzoi-lakas_1024-150x150.png\" alt=\"Jegyz\u0151i lak\u00e1s Ferihegyi \u00fat-XVII. utca sarok\">\n\t\t\t\t\t\t\t\t\t\t\t<\/a>\n\t\t\t\t<\/div>\n\t\t\t<\/div>\n<script>\n\tjQuery(document).ready(function() {\n\t\t\/\/ Method 1 - Initialize Isotope, then trigger layout after each image loads.\n\t\tvar $grid = jQuery('.all-images-1888').isotope({\n\t\t\t\/\/ options...\n\t\t\titemSelector: '.single-image-1888',\n\t\t});\n\t\t\/\/ layout Isotope after each image loads\n\t\t$grid.imagesLoaded().progress(function() {\n\t\t\t$grid.isotope('layout');\n\t\t});\n\n\n\t\tlightbox.option({\n\t\t\t'wrapAround': false,\n\t\t})\n\n\t\tjQuery(document).on('click', '[data-toggle=\"lightbox-1888\"]', function(event) {\n\t\t\tevent.preventDefault();\n\t\t\tjQuery(this).ekkoLightbox();\n\t\t});\n\t});\n<\/script>\n","protected":false},"excerpt":{"rendered":"","protected":false},"author":1,"featured_media":0,"parent":0,"menu_order":0,"comment_status":"closed","ping_status":"closed","template":"","meta":{"footnotes":""},"class_list":["post-471","page","type-page","status-publish","hentry"],"_links":{"self":[{"href":"https:\/\/rakosliget.hu\/wordpress\/index.php\/wp-json\/wp\/v2\/pages\/471","targetHints":{"allow":["GET"]}}],"collection":[{"href":"https:\/\/rakosliget.hu\/wordpress\/index.php\/wp-json\/wp\/v2\/pages"}],"about":[{"href":"https:\/\/rakosliget.hu\/wordpress\/index.php\/wp-json\/wp\/v2\/types\/page"}],"author":[{"embeddable":true,"href":"https:\/\/rakosliget.hu\/wordpress\/index.php\/wp-json\/wp\/v2\/users\/1"}],"replies":[{"embeddable":true,"href":"https:\/\/rakosliget.hu\/wordpress\/index.php\/wp-json\/wp\/v2\/comments?post=471"}],"version-history":[{"count":6,"href":"https:\/\/rakosliget.hu\/wordpress\/index.php\/wp-json\/wp\/v2\/pages\/471\/revisions"}],"predecessor-version":[{"id":1909,"href":"https:\/\/rakosliget.hu\/wordpress\/index.php\/wp-json\/wp\/v2\/pages\/471\/revisions\/1909"}],"wp:attachment":[{"href":"https:\/\/rakosliget.hu\/wordpress\/index.php\/wp-json\/wp\/v2\/media?parent=471"}],"curies":[{"name":"wp","href":"https:\/\/api.w.org\/{rel}","templated":true}]}}