{"id":468,"date":"2018-03-10T05:37:16","date_gmt":"2018-03-10T04:37:16","guid":{"rendered":"http:\/\/rakosliget.hu\/wordpress\/?page_id=468"},"modified":"2026-03-23T04:47:31","modified_gmt":"2026-03-23T03:47:31","slug":"a-gyogyszertar-tortenetebol","status":"publish","type":"page","link":"https:\/\/rakosliget.hu\/wordpress\/index.php\/a-gyogyszertar-tortenetebol\/","title":{"rendered":"GY\u00d3GYSZERT\u00c1R"},"content":{"rendered":"\n<p><em>Friss\u00edtve: 2018.03. 28.<\/em><\/p>\n\n\n\n<p class=\"has-text-align-center\">\t<!-- CSS Part Start From Here-->\n\t<style>\n\t\t.all-images {\n\t\t\tpadding-top: 10px !important;\n\t\t\tpadding-bottom: 15px !important;\n\t\t}\n\n\t\t#image_gallery_4211 .thumbnail {\n\t\t\twidth: 100% !important;\n\t\t\theight: auto !important;\n\t\t\tborder-radius: 0px;\n\t\t\t\/*background: transparent url('https:\/\/rakosliget.hu\/wordpress\/wp-content\/plugins\/new-image-gallery\/include\/assets\/img\/loading.gif') center no-repeat !important;*\/\n\t\t\tmargin-bottom: 20px !important;\n\t\t}\n\n\t\t\t\t.item-title {\n\t\t\tbackground-color: rgba(0, 0, 0, 0.5);\n\t\t\tbottom: 45px;\n\t\t\tcolor: #FFFFFF;\n\t\t\tdisplay: block;\n\t\t\tfont-weight: 300;\n\t\t\tleft: 2rem;\n\t\t\tpadding: 8px;\n\t\t\tposition: absolute;\n\t\t\tright: 2rem;\n\t\t\ttext-align: center;\n\t\t\ttext-transform: capitalize;\n\t\t}\n\n\t\t\t<\/style>\n\t<div id=\"image_gallery_4211\" class=\"row all-images-4211\">\n\t\t\t\t\t\t<div class=\"single-image-4211 col-lg-4 col-md-3 col-sm-4 col-xs-6\">\n\t\t\t\t\t<a href=\"https:\/\/rakosliget.hu\/wordpress\/wp-content\/uploads\/2020\/01\/Szent-Imre-herceg-\u00fat_600.jpg\" data-lightbox=\"lightbox-4211\" data-gallery=\"gallery-4211\" data-title=\"Szent Imre herceg \u00fat_600\">\n\t\t\t\t\t\t<img decoding=\"async\" class=\"thumbnail hvr-glow\" src=\"https:\/\/rakosliget.hu\/wordpress\/wp-content\/uploads\/2020\/01\/Szent-Imre-herceg-\u00fat_600-150x150.jpg\" alt=\"Szent Imre herceg \u00fat_600\">\n\t\t\t\t\t\t\t\t\t\t\t<\/a>\n\t\t\t\t<\/div>\n\t\t\t\t\t\t<div class=\"single-image-4211 col-lg-4 col-md-3 col-sm-4 col-xs-6\">\n\t\t\t\t\t<a href=\"https:\/\/rakosliget.hu\/wordpress\/wp-content\/uploads\/2020\/01\/Gy\u00f3gyszert\u00e1r-01_600.jpg\" data-lightbox=\"lightbox-4211\" data-gallery=\"gallery-4211\" data-title=\"Gy\u00f3gyszert\u00e1r 01_600\">\n\t\t\t\t\t\t<img decoding=\"async\" class=\"thumbnail hvr-glow\" src=\"https:\/\/rakosliget.hu\/wordpress\/wp-content\/uploads\/2020\/01\/Gy\u00f3gyszert\u00e1r-01_600-150x150.jpg\" alt=\"Gy\u00f3gyszert\u00e1r 01_600\">\n\t\t\t\t\t\t\t\t\t\t\t<\/a>\n\t\t\t\t<\/div>\n\t\t\t\t\t\t<div class=\"single-image-4211 col-lg-4 col-md-3 col-sm-4 col-xs-6\">\n\t\t\t\t\t<a href=\"https:\/\/rakosliget.hu\/wordpress\/wp-content\/uploads\/2020\/01\/Gy\u00f3gyszert\u00e1r-02_600.jpg\" data-lightbox=\"lightbox-4211\" data-gallery=\"gallery-4211\" data-title=\"Gy\u00f3gyszert\u00e1r 02_600\">\n\t\t\t\t\t\t<img decoding=\"async\" class=\"thumbnail hvr-glow\" src=\"https:\/\/rakosliget.hu\/wordpress\/wp-content\/uploads\/2020\/01\/Gy\u00f3gyszert\u00e1r-02_600-150x150.jpg\" alt=\"Gy\u00f3gyszert\u00e1r 02_600\">\n\t\t\t\t\t\t\t\t\t\t\t<\/a>\n\t\t\t\t<\/div>\n\t\t\t\t\t\t<div class=\"single-image-4211 col-lg-4 col-md-3 col-sm-4 col-xs-6\">\n\t\t\t\t\t<a href=\"https:\/\/rakosliget.hu\/wordpress\/wp-content\/uploads\/2021\/03\/maderspach-reklam-vasarnapi-ujsag.jpg\" data-lightbox=\"lightbox-4211\" data-gallery=\"gallery-4211\" data-title=\"Maderspach rekl\u00e1m a Vas\u00e1rnapi \u00dajs\u00e1gban.\">\n\t\t\t\t\t\t<img decoding=\"async\" class=\"thumbnail hvr-glow\" src=\"https:\/\/rakosliget.hu\/wordpress\/wp-content\/uploads\/2021\/03\/maderspach-reklam-vasarnapi-ujsag-150x150.jpg\" alt=\"Maderspach rekl\u00e1m a Vas\u00e1rnapi \u00dajs\u00e1gban.\">\n\t\t\t\t\t\t\t\t\t\t\t<\/a>\n\t\t\t\t<\/div>\n\t\t\t<\/div>\n<script>\n\tjQuery(document).ready(function() {\n\t\t\/\/ Method 1 - Initialize Isotope, then trigger layout after each image loads.\n\t\tvar $grid = jQuery('.all-images-4211').isotope({\n\t\t\t\/\/ options...\n\t\t\titemSelector: '.single-image-4211',\n\t\t});\n\t\t\/\/ layout Isotope after each image loads\n\t\t$grid.imagesLoaded().progress(function() {\n\t\t\t$grid.isotope('layout');\n\t\t});\n\n\n\t\tlightbox.option({\n\t\t\t'wrapAround': false,\n\t\t})\n\n\t\tjQuery(document).on('click', '[data-toggle=\"lightbox-4211\"]', function(event) {\n\t\t\tevent.preventDefault();\n\t\t\tjQuery(this).ekkoLightbox();\n\t\t});\n\t});\n<\/script><\/p>\n\n\n<h1><strong class=\"style1\">A Maderschpach gy\u00f3gyszert\u00e1r (Nemzeti Z\u00e1szl\u00f3 <\/strong><strong class=\"style1\">gy\u00f3gyszert\u00e1r<\/strong><strong class=\"style1\">) t\u00f6rt\u00e9net\u00e9b\u0151l<\/strong><\/h1>\n<h3><span class=\"style1\">A kezdetekt\u0151l 1950 -ig<\/span><\/h3>\n<p class=\"body\">A gy\u00f3gyszert\u00e1rt\u00f6rt\u00e9neti dokumentumokban k\u00e9t \u00e9vsz\u00e1m is szerepel mint alap\u00edt\u00e1si \u00e9v: 1909 \u00e9s 1910.<\/p>\n<p class=\"body\">Maderschpach Endre a Nemzeti Z\u00e1szl\u00f3 nevet adta int\u00e9zm\u00e9ny\u00e9nek.<\/p>\n<p class=\"body\">1934-ben itt dolgozott Maderspach Endre dr. <br \/><em>Forr\u00e1s: Gy\u00f3gyszer\u00e9szek \u00c9vk\u00f6nyve az 1935. \u00e9vre. \u00d6ssze\u00e1ll\u00edtotta : A KARLOVSZKY GEYZA \u00e9s KORITS\u00c1NSZKY OTT\u00d3 Gy\u00f3gyszer\u00e9szi K\u00f6zl\u00f6ny, a Magyarorsz\u00e1gi Gy\u00f3gyszer\u00e9sz Egyes\u00fclet hivatalos lapja <\/em><\/p>\n<div dir=\"ltr\" data-angle=\"0\" data-font-name=\"Helvetica\" data-canvas-width=\"92.33864001464845\"><img loading=\"lazy\" decoding=\"async\" src=\"http:\/\/rakosliget.hu\/doku\/gyogyszertarak.jpg\" width=\"884\" height=\"187\" \/><\/div>\n<div dir=\"ltr\" data-angle=\"0\" data-font-name=\"Helvetica\" data-canvas-width=\"19.922780260086064\">\u00a0<\/div>\n<p class=\"body\" style=\"text-align: center;\">Az 1934-es jegyz\u00e9k a patik\u00e1kr\u00f3l.<\/p>\n<p><img loading=\"lazy\" decoding=\"async\" src=\"http:\/\/rakosliget.hu\/doku\/gyogyszertarak 1941.jpg\" width=\"590\" height=\"239\" \/><\/p>\n<p class=\"body\" style=\"text-align: center;\">Az 1941-es jegyz\u00e9k a patik\u00e1kr\u00f3l.<\/p>\n<p><img loading=\"lazy\" decoding=\"async\" src=\"http:\/\/rakosliget.hu\/doku\/gyogyszertarak 1948.jpg\" width=\"486\" height=\"342\" \/><\/p>\n<p style=\"text-align: center;\"><span class=\"body\">Az 1948-as jegyz\u00e9k a patik\u00e1kr\u00f3l.<\/span><\/p>\n<p><strong>BUDAPEST XVII. KER\u00dcLET\u00c9NEK GY\u00d3GYSZER\u00c9SZT\u00d6RT\u00c9NETE 1950-IG<\/strong><br \/>\u00cdrta \u00e9s szerkesztette: Szmodits L\u00e1szl\u00f3<br \/>BUDAPEST 2018.<br \/>Magyar Gy\u00f3gyszer\u00e9szt\u00f6rt\u00e9neti T\u00e1rsas\u00e1g<br \/>www.gyogyszeresztortenet.hu<br \/>2018 okt\u00f3ber 25.<\/p>\n<p><strong>R\u00e1kosliget<\/strong><br \/>Az 1890-es \u00e9vekben m\u00e1r egyre t\u00f6bb gondot okozott Budapesten a lak\u00e1shi\u00e1ny. Ezt enyh\u00edtend\u0151, az Ipari \u00e9s Kereskedelmi Miniszt\u00e9rium tervbe vette sz\u00f6vetkezeti alapon h\u00e1rom, egyenk\u00e9nt ezer lak\u00e1sos munk\u00e1s telep \u00e9p\u00edt\u00e9s\u00e9t. A tervezetre azonnal lecsapott a Munk\u00e1sbiztos\u00edt\u00f3 P\u00e9nzt\u00e1r, amely a t\u0151k\u00e9je egy r\u00e9sz\u00e9t ingatlanokba k\u00edv\u00e1nta fektetni. \u00cdgy alakult meg a Munk\u00e1s Otthon H\u00e1z\u00e9p\u00edt\u0151 Sz\u00f6vetkezet. R\u00e1kosliget ekkor, mint lakatlan ter\u00fclet, Fuchs Ign\u00e1c tulajdon\u00e1ban volt. 1898-ban kezd\u0151d\u00f6tt meg az \u00e9p\u00edtkez\u00e9s. Az alap\u00edt\u00f3 munk\u00e1sok m\u00e1r nem b\u00edrt\u00e1k a telekv\u00e1s\u00e1rl\u00e1ssal \u00e9s az \u00e9p\u00edtkez\u00e9ssel egy\u00fctt j\u00e1r\u00f3 tetemes k\u00f6lts\u00e9geket. Ez\u00e9rt a telkeket \u00e9s h\u00e1zakat nem a munk\u00e1sok, hanem k\u00f6ztisztvisel\u0151k, iparosok \u00e9s keresked\u0151k v\u00e1s\u00e1rolt\u00e1k meg. 1907-ben lev\u00e1lt a ter\u00fclet R\u00e1koskereszt\u00farr\u00f3l \u00e9s \u00f6n\u00e1ll\u00f3 k\u00f6zs\u00e9g lett. A telep\u00fcl\u00e9s meg\u0151rizte a lak\u00f3telep jelleg\u00e9t. A Pest k\u00f6rny\u00e9ki falvak k\u00f6z\u00fcl R\u00e1kosliget volt a legjobban k\u00f6zm\u0171ves\u00edtve a II. vil\u00e1gh\u00e1bor\u00fa el\u0151tt. 1950. I. 1-\u00e9n a Budapest XVII. ker\u00fclet\u00e9nek a r\u00e9sze lett.<\/p>\n<p><strong>Nemzeti Z\u00e1szl\u00f3 gy\u00f3gyszert\u00e1r<\/strong><br \/>A gy\u00f3gyszert\u00e1r szem\u00e9lyes \u00fczleti jog\u00e1t 1910-ben Madersprach Ferenc gy\u00f3gyszer\u00e9sz nyerte el. A gy\u00f3gyszert\u00e1r tulajdonjog\u00e1t 1930-ban \u00e1tadta a fi\u00e1nak, dr. Madersprach Endr\u00e9nek, aki az \u00e1llamos\u00edt\u00e1sig volt a gy\u00f3gyszert\u00e1r tulajdonosa.<\/p>\n<p><em>Madersprach Ferenc (<\/em>Pest, 1865&#8230; &#8211; Budapest, 1952. VII. 5.)<br \/>A Budapesti Tudom\u00e1nyegyetemen 1887-ben szerzett gy\u00f3gyszer\u00e9szi oklevelet. El\u0151bb R\u00e1kosfalv\u00e1n, majd 1907-t\u0151l r\u00f6vid ideig Kalocs\u00e1n \u00e9s Kunszentm\u00e1rtonban volt gy\u00f3gyszer\u00e9sz. 1910-ben alap\u00edtotta meg a r\u00e1kos-ligeti Nemzeti Z\u00e1szl\u00f3 gy\u00f3gyszert\u00e1rat. Az I. vil\u00e1gh\u00e1bor\u00faban egy sz\u00fcks\u00e9gk\u00f3rh\u00e1z l\u00e9tes\u00edt\u00e9s\u00e9\u00e9rt kit\u00fcntett\u00e9k. 1930-t\u00f3l a fia, dr. Madersprach Endre volt az \u00e1llamos\u00edt\u00e1sig a tulajdonos.<br \/><em>Dr. Madersprach Endre<\/em> (Budapest, 1903. VIII. 31. &#8211; Budapest, 1953&#8230;)<br \/>A P\u00e1zm\u00e1ny P\u00e9ter Tudom\u00e1nyegyetemen 1925-ben gy\u00f3gyszer\u00e9szi, 1928-ban gy\u00f3gyszer\u00e9sz doktori oklevelet szerzett. 1930-ban lett a csal\u00e1di gy\u00f3gyszert\u00e1r tulajdonosa az \u00e1llamos\u00edt\u00e1sig.<br \/>Az al\u00e1bbi gy\u00f3gyszer\u00e9sz m\u00e1r nem m\u0171k\u00f6d\u00f6tt a ker\u00fcletben, de 1923-t\u00f3l 1941-ig R\u00e1kos-ligeten \u00e9lt:<br \/><em>Hackenberger L\u00e1szl\u00f3<\/em> (Losonc, N\u00f3gr\u00e1d v\u00e1rmegye, 1859\u2026 &#8211; R\u00e1kosliget, 1941. I. 5.)<br \/>A Budapesti Tudom\u00e1nyegyetemen 1879-ben gy\u00f3gyszer\u00e9szi oklevelet szerzett. 1891-t\u0151l Csontv\u00e1ry-Kosztka Tivadar N\u00f3gr\u00e1d megyei g\u00e1csi Kereszt gy\u00f3gyszert\u00e1r\u00e1t b\u00e9relte. 1905-t\u0151l az Arad megyei Kurtics Isteni Gondvisel\u00e9s gy\u00f3gyszert\u00e1r\u00e1nak volt a tulajdonosa. 1912-1918 k\u00f6z\u00f6tt a Pozsony megyei Magyar-di\u00f3szeg Szenth\u00e1roms\u00e1g gy\u00f3gyszert\u00e1r\u00e1nak volt a tulajdonosa. Egy \u00fajfajta vall\u00e1s, az \u00faj s\u00e1lemista k\u00f6z\u00f6ss\u00e9g tagja volt. Teoz\u00f3fiai szak\u00edr\u00f3. Sabis L\u00e1szl\u00f3val szerkesztette a Magyar Ifj\u00fas\u00e1g egyetlen sz\u00e1m\u00e1t, 1939. okt. 6-i megjelen\u00e9ssel.<\/p>\n<p><span class=\"span-layer selected\">Kituntetett <\/span><span class=\"span-layer selected\">gy\u00f3gyszertartulajdonos. <\/span><span class=\"span-layer selected\">Ferencz <\/span><span class=\"span-layer selected\">Salvator <\/span><span class=\"span-layer selected\">f\u0151herczeg \u00fa<\/span><span class=\"span-layer selected\">r \u0150<\/span><span class=\"span-layer selected\">\u00a0<\/span><span class=\"span-layer selected\">cs\u00e1sz\u00e1ri \u00e9<\/span><span class=\"span-layer selected\">s <\/span><span class=\"span-layer selected\">kir\u00e1lyi <\/span><span class=\"span-layer selected\">Fen<\/span><span class=\"span-layer selected\">s\u00e9ge, <\/span><span class=\"span-layer selected\">mint <\/span><span class=\"span-layer selected\">az <\/span><span class=\"span-layer selected\">osztr\u00e1k <\/span><span class=\"span-layer selected\">V\u00f6r\u00f6s <\/span><span class=\"span-layer selected\">Kereszt <\/span><span class=\"span-layer selected\">egylet \u00e9<\/span><span class=\"span-layer selected\">s <\/span><span class=\"span-layer selected\">a <\/span><span class=\"span-layer selected\">magyar <\/span><span class=\"span-layer selected\">szent <\/span><span class=\"span-layer selected\">korona <\/span><span class=\"span-layer selected\">orsz\u00e1gai <\/span><span class=\"span-layer selected\">V\u00f6r\u00f6s <\/span><span class=\"span-layer selected\">Kereszt <\/span><span class=\"span-layer selected\">egylet\u00e9nek <\/span><span class=\"span-layer selected\">v\u00e9dn\u00f6khelyettese, <\/span><span class=\"span-layer selected\">a <\/span><span class=\"span-layer selected\">h\u00e1bor\u00fa <\/span><span class=\"span-layer selected\">alatt <\/span><span class=\"span-layer selected\">a <\/span><span class=\"span-layer selected\">katonai <\/span><span class=\"span-layer selected\">eg\u00e9szs\u00e9g\u00fcgy <\/span><span class=\"span-layer selected\">k\u00f6r\u00fcl <\/span><span class=\"span-layer selected\">szerzett <\/span><span class=\"span-layer selected\">kival\u00f3 \u00e9<\/span><span class=\"span-layer selected\">rdemei <\/span><span class=\"span-layer selected\">elismer\u00e9s\u00e9\u00fcl <\/span><span class=\"span-layer selected\">a <\/span><span class=\"span-layer selected\">V\u00f6r\u00f6s <\/span><span class=\"span-layer selected\">Kereszt <\/span><span class=\"span-layer selected\">hadi\u00e9kitm\u00e9nyes <\/span><span class=\"span-layer selected\">II. <\/span><span class=\"span-layer selected\">oszt. <\/span><span class=\"span-layer selected\">diszjelv\u00e9nyt <\/span><span class=\"span-layer selected\">dijmentesen <\/span><span class=\"span-layer selected\">m\u00e9ltoztatott <\/span><span class=\"span-layer selected\">ado<\/span><span class=\"span-layer selected\">m\u00e1nyozni <\/span><span class=\"span-layer selected\">Madespach <\/span><span class=\"span-layer selected\">Ferenc <\/span><span class=\"span-layer selected\">gy\u00f3gyszer\u00e9sz, r\u00e1<\/span><span class=\"span-layer selected\">kosligeti <\/span><span class=\"span-layer selected\">gy\u00f3gyszert\u00e1rtulajdonos, <\/span><span class=\"span-layer selected\">fi\u00f3kegyleti <\/span><span class=\"span-layer selected\">eln\u00f6k<\/span><span class=\"span-layer selected\">nek. <\/span><span class=\"span-layer selected\">Kart\u00e1rsunk <\/span><span class=\"span-layer selected\">kezdem\u00e9nyez\u00e9s\u00e9re <\/span><span class=\"span-layer selected\">meg <\/span><span class=\"span-layer selected\">a <\/span><span class=\"span-layer selected\">b\u00e9ke<\/span><span class=\"span-layer selected\">vil\u00e1gban <\/span><span class=\"span-layer selected\">V\u00f6r\u00f6sker. egy. <\/span><span class=\"span-layer selected\">alakult <\/span><span class=\"span-layer hit selected\">R\u00e1kosligeten<\/span><span class=\"span-layer selected\">, <\/span><span class=\"span-layer selected\">mely <\/span><span class=\"span-layer selected\">a <\/span><span class=\"span-layer selected\">h\u00e1bor\u00fa <\/span><span class=\"span-layer selected\">els\u0151 <\/span><span class=\"span-layer selected\">napjaiban korh\u00e1zat <\/span><span class=\"span-layer selected\">rendezett <\/span><span class=\"span-layer selected\">be <\/span><span class=\"span-layer selected\">a <\/span><span class=\"span-layer selected\">habor\u00fa <\/span><span class=\"span-layer selected\">h\u0151s \u00e1<\/span><span class=\"span-layer selected\">ldozatai <\/span><span class=\"span-layer selected\">sz\u00e1m\u00e1ra, <\/span><span class=\"span-layer selected\">s <\/span><span class=\"span-layer selected\">az\u00f3ta <\/span><span class=\"span-layer selected\">immar <\/span><span class=\"span-layer selected\">otodik <\/span><span class=\"span-layer selected\">eve <\/span><span class=\"span-layer selected\">Maderspach <\/span><span class=\"span-layer selected\">Ferenc <\/span><span class=\"span-layer selected\">all <\/span><span class=\"span-layer selected\">a <\/span><span class=\"span-layer selected\">korhaz <\/span><span class=\"span-layer selected\">elen, <\/span><span class=\"span-layer selected\">semmi <\/span><span class=\"span-layer selected\">faradtsagot <\/span><span class=\"span-layer selected\">nem <\/span><span class=\"span-layer selected\">kimelve <\/span><span class=\"span-layer selected\">a <\/span><span class=\"span-layer selected\">Maderspachok <\/span><span class=\"span-layer selected\">tradicionalis <\/span><span class=\"span-layer selected\">lelkess\u00e9g\u00e9vel \u00e9<\/span><span class=\"span-layer selected\">s \u00f6<\/span><span class=\"span-layer selected\">nfelaldoz\u00e1s\u00e1val . . <\/span><span class=\"span-layer selected\">Az \u00e1<\/span><span class=\"span-layer selected\">ltalanosan <\/span><span class=\"span-layer selected\">k\u00f6zkedvelt <\/span><span class=\"span-layer selected\">es <\/span><span class=\"span-layer selected\">becs\u00fclt <\/span><span class=\"span-layer selected\">gy\u00f3gysze<\/span><span class=\"span-layer selected\">r\u00e9sz <\/span><span class=\"span-layer selected\">meg\u00e9rdemelt <\/span><span class=\"span-layer selected\">kit\u00fcntet\u00e9se <\/span><span class=\"span-layer selected\">a <\/span><span class=\"span-layer selected\">leg\u0151szint\u00e9bb \u00f6<\/span><span class=\"span-layer selected\">r\u00f6<\/span><span class=\"span-layer selected\">met <\/span><span class=\"span-layer selected\">v\u00e1ltotta <\/span><span class=\"span-layer selected\">ki <\/span><span class=\"span-layer selected\">kiterjedt <\/span><span class=\"span-layer selected\">ismerets\u00e9ge <\/span><span class=\"span-layer selected\">k\u00f6r\u00e9ben.<\/span><\/p>\n<p>Forr\u00e1s: Gy\u00f3gyszer\u00e9sz Hetilap 1918. 08. 25. 34. sz\u00e1m 455. oldal<\/p>\n<h3 class=\"style1\"><span class=\"style1\">A gy\u00f3gyszert\u00e1r a II. vil\u00e1gh\u00e1bor\u00fa ut\u00e1n<\/span><\/h3>\n<p class=\"body\">1956-t\u00f3l P\u00f3lya Lajos volt a gy\u00f3gyszert\u00e1r vezet\u0151je, majd a ker\u00fclet f\u0151gy\u00f3gyszer\u00e9sze.<\/p>\n<p><img decoding=\"async\" class=\"aligncenter\" src=\"http:\/\/rakosliget.hu\/szemelyek\/polyal.jpg\" alt=\"large product photo\" border=\"0\" \/><\/p>\n<p class=\"body\" align=\"justify\">T\u00f6bb alkalommal kiv\u00e1l\u00f3 dolgoz\u00f3i jelv\u00e9nnyel, a V\u00f6r\u00f6skeresztn\u00e9l v\u00e9gzett munk\u00e1j\u00e1\u00e9rt arany fokozattal t\u00fcntett\u00e9k ki, 1956-ban az eg\u00e9szs\u00e9g\u00fcgy kiv\u00e1l\u00f3 dolgoz\u00f3ja lett. Megszervezte a ker\u00fcleti ell\u00e1t\u00e1st a nagy patik\u00e1kn\u00e1l, ahol nem volt megfelel\u0151 hely a megn\u00f6vekedett magisztr\u00e1lis k\u00e9sz\u00edtm\u00e9nyek elk\u00e9sz\u00edt\u00e9s\u00e9re, a bels\u0151 \u00e1ru mozgat\u00e1s\u00e1ra. Aszeptikus szemcseppeket, FoNo-s k\u00e9sz\u00edtm\u00e9nyeket sz\u00e1ll\u00edtott.<br \/>Mellesleg megjegyzi, legal\u00e1bb n\u00e9gy gy\u00f3gyszer\u00e9szt, de \u00e1llatorvost, orvost, \u00e9s opera\u00e9nekest (Bokor Jutta) seg\u00edtett a tov\u00e1bbtanul\u00e1sban a n\u00e1la munk\u00e1t tal\u00e1l\u00f3 \u00e9s v\u00e1llal\u00f3 technikusokb\u00f3l, asszisztensekb\u0151l. Tanus\u00edthatjuk, hogy a Magyar \u00c1llami Operah\u00e1z mag\u00e1n\u00e9nekese Bokor Jutta mindig emlegeti a volt, szeretett f\u0151n\u00f6k\u00e9t, akin\u00e9l a pontos munka \u00e9s a rend volt a k\u00f6vetelm\u00e9ny.<\/p>\n<p>Forr\u00e1s: <a href=\"http:\/\/www.phoenix.hu\/hu03_a\/01\/index1.php?url=polyal_f&amp;navid=3\">http:\/\/www.phoenix.hu\/hu03_a\/01\/index1.php?url=polyal_f&amp;navid=3<\/a><\/p>\n<h3><span class=\"style1\">A JELEN \u00c1LLAPOT<\/span><\/h3>\n<p><span class=\"body\">Az \u00e9p\u00fclet jelenleg a szoci\u00e1lis ell\u00e1t\u00e1s szolg\u00e1lat\u00e1ban \u00e1ll. \u00d6regek napk\u00f6ziotthonak\u00e9nt funkcion\u00e1l.<\/span><\/p>\n\n\n<h2 class=\"wp-block-heading\">1911<\/h2>\n\n\n<div class=\"wp-block-image\">\n<figure class=\"aligncenter size-large\"><img loading=\"lazy\" decoding=\"async\" width=\"1024\" height=\"261\" src=\"http:\/\/rakosliget.hu\/wordpress\/wp-content\/uploads\/2020\/01\/maderschpach-hirdetes-1911-1024x261.jpg\" alt=\"\" class=\"wp-image-4256\" srcset=\"https:\/\/rakosliget.hu\/wordpress\/wp-content\/uploads\/2020\/01\/maderschpach-hirdetes-1911-1024x261.jpg 1024w, https:\/\/rakosliget.hu\/wordpress\/wp-content\/uploads\/2020\/01\/maderschpach-hirdetes-1911-300x77.jpg 300w, https:\/\/rakosliget.hu\/wordpress\/wp-content\/uploads\/2020\/01\/maderschpach-hirdetes-1911-768x196.jpg 768w, https:\/\/rakosliget.hu\/wordpress\/wp-content\/uploads\/2020\/01\/maderschpach-hirdetes-1911.jpg 1290w\" sizes=\"auto, (max-width: 1024px) 100vw, 1024px\" \/><figcaption class=\"wp-element-caption\">Maderschpach rekl\u00e1m<br>R\u00e1kos Vid\u00e9ke 1911. 1. sz\u00e1m<\/figcaption><\/figure>\n<\/div>\n\n\n<h2 class=\"wp-block-heading\">1910<\/h2>\n\n\n\n<figure class=\"wp-block-image size-large\"><img loading=\"lazy\" decoding=\"async\" width=\"680\" height=\"300\" src=\"http:\/\/rakosliget.hu\/wordpress\/wp-content\/uploads\/2020\/01\/gyogyszertaralapitas-1910.jpg\" alt=\"\" class=\"wp-image-4267\" srcset=\"https:\/\/rakosliget.hu\/wordpress\/wp-content\/uploads\/2020\/01\/gyogyszertaralapitas-1910.jpg 680w, https:\/\/rakosliget.hu\/wordpress\/wp-content\/uploads\/2020\/01\/gyogyszertaralapitas-1910-300x132.jpg 300w\" sizes=\"auto, (max-width: 680px) 100vw, 680px\" \/><figcaption class=\"wp-element-caption\">Gy\u00f3gyszert\u00e1r ny\u00edlt R\u00e1kosligeten<br>R\u00e1kos Vid\u00e9ke  3. sz\u00e1m 1910. janu\u00e1r 16 . <\/figcaption><\/figure>\n\n\n\n<h2 class=\"wp-block-heading\">1912<\/h2>\n\n\n<div class=\"wp-block-image\">\n<figure class=\"aligncenter size-large\"><a href=\"http:\/\/rakosliget.hu\/wordpress\/wp-content\/uploads\/2020\/01\/gyogyszertarhoz-1912.jpg\"><img loading=\"lazy\" decoding=\"async\" width=\"287\" height=\"1024\" src=\"http:\/\/rakosliget.hu\/wordpress\/wp-content\/uploads\/2020\/01\/gyogyszertarhoz-1912-287x1024.jpg\" alt=\"\" class=\"wp-image-4250\" srcset=\"https:\/\/rakosliget.hu\/wordpress\/wp-content\/uploads\/2020\/01\/gyogyszertarhoz-1912-287x1024.jpg 287w, https:\/\/rakosliget.hu\/wordpress\/wp-content\/uploads\/2020\/01\/gyogyszertarhoz-1912-84x300.jpg 84w, https:\/\/rakosliget.hu\/wordpress\/wp-content\/uploads\/2020\/01\/gyogyszertarhoz-1912-430x1536.jpg 430w, https:\/\/rakosliget.hu\/wordpress\/wp-content\/uploads\/2020\/01\/gyogyszertarhoz-1912.jpg 660w\" sizes=\"auto, (max-width: 287px) 100vw, 287px\" \/><\/a><figcaption class=\"wp-element-caption\">R\u00e1kos Vid\u00e9ke 29. sz\u00e1m 1912. j\u00falius 21.<\/figcaption><\/figure>\n<\/div>\n\n\n<p><\/p>\n","protected":false},"excerpt":{"rendered":"<p>Friss\u00edtve: 2018.03. 28. A Maderschpach gy\u00f3gyszert\u00e1r (Nemzeti Z\u00e1szl\u00f3 gy\u00f3gyszert\u00e1r) t\u00f6rt\u00e9net\u00e9b\u0151l A kezdetekt\u0151l 1950 -ig A gy\u00f3gyszert\u00e1rt\u00f6rt\u00e9neti dokumentumokban k\u00e9t \u00e9vsz\u00e1m is szerepel mint alap\u00edt\u00e1si \u00e9v: 1909 \u00e9s 1910. Maderschpach Endre a Nemzeti Z\u00e1szl\u00f3 nevet adta int\u00e9zm\u00e9ny\u00e9nek. 1934-ben itt dolgozott Maderspach Endre dr. Forr\u00e1s: Gy\u00f3gyszer\u00e9szek \u00c9vk\u00f6nyve az 1935. \u00e9vre. \u00d6ssze\u00e1ll\u00edtotta : A KARLOVSZKY GEYZA \u00e9s KORITS\u00c1NSZKY OTT\u00d3 &hellip; <a href=\"https:\/\/rakosliget.hu\/wordpress\/index.php\/image_gallery\/maderschpach-gyogyszertar\/\" class=\"more-link\"><span class=\"screen-reader-text\">Maderschpach Gy\u00f3gyszert\u00e1r<\/span> r\u00e9szletei&#8230;<\/a><\/p>\n","protected":false},"author":1,"featured_media":0,"parent":0,"menu_order":0,"comment_status":"closed","ping_status":"closed","template":"","meta":{"footnotes":""},"class_list":["post-468","page","type-page","status-publish","hentry"],"_links":{"self":[{"href":"https:\/\/rakosliget.hu\/wordpress\/index.php\/wp-json\/wp\/v2\/pages\/468","targetHints":{"allow":["GET"]}}],"collection":[{"href":"https:\/\/rakosliget.hu\/wordpress\/index.php\/wp-json\/wp\/v2\/pages"}],"about":[{"href":"https:\/\/rakosliget.hu\/wordpress\/index.php\/wp-json\/wp\/v2\/types\/page"}],"author":[{"embeddable":true,"href":"https:\/\/rakosliget.hu\/wordpress\/index.php\/wp-json\/wp\/v2\/users\/1"}],"replies":[{"embeddable":true,"href":"https:\/\/rakosliget.hu\/wordpress\/index.php\/wp-json\/wp\/v2\/comments?post=468"}],"version-history":[{"count":14,"href":"https:\/\/rakosliget.hu\/wordpress\/index.php\/wp-json\/wp\/v2\/pages\/468\/revisions"}],"predecessor-version":[{"id":23922,"href":"https:\/\/rakosliget.hu\/wordpress\/index.php\/wp-json\/wp\/v2\/pages\/468\/revisions\/23922"}],"wp:attachment":[{"href":"https:\/\/rakosliget.hu\/wordpress\/index.php\/wp-json\/wp\/v2\/media?parent=468"}],"curies":[{"name":"wp","href":"https:\/\/api.w.org\/{rel}","templated":true}]}}