{"id":460,"date":"2018-03-10T05:02:23","date_gmt":"2018-03-10T04:02:23","guid":{"rendered":"http:\/\/rakosliget.hu\/wordpress\/?page_id=460"},"modified":"2026-02-07T14:57:08","modified_gmt":"2026-02-07T13:57:08","slug":"a-rakosligeti-strand","status":"publish","type":"page","link":"https:\/\/rakosliget.hu\/wordpress\/index.php\/a-rakosligeti-strand\/","title":{"rendered":"STRAND"},"content":{"rendered":"\n<p><em>Az oldal friss\u00edtve: 2020.11.02.<\/em><\/p>\n\n\n\n<h4 class=\"wp-block-heading\">\t<!-- CSS Part Start From Here-->\n\t<style>\n\t\t.all-images {\n\t\t\tpadding-top: 10px !important;\n\t\t\tpadding-bottom: 15px !important;\n\t\t}\n\n\t\t#image_gallery_1851 .thumbnail {\n\t\t\twidth: 100% !important;\n\t\t\theight: auto !important;\n\t\t\tborder-radius: 0px;\n\t\t\t\/*background: transparent url('https:\/\/rakosliget.hu\/wordpress\/wp-content\/plugins\/new-image-gallery\/include\/assets\/img\/loading.gif') center no-repeat !important;*\/\n\t\t\tmargin-bottom: 20px !important;\n\t\t}\n\n\t\t\t\t.item-title {\n\t\t\tbackground-color: rgba(0, 0, 0, 0.5);\n\t\t\tbottom: 45px;\n\t\t\tcolor: #FFFFFF;\n\t\t\tdisplay: block;\n\t\t\tfont-weight: 300;\n\t\t\tleft: 2rem;\n\t\t\tpadding: 8px;\n\t\t\tposition: absolute;\n\t\t\tright: 2rem;\n\t\t\ttext-align: center;\n\t\t\ttext-transform: capitalize;\n\t\t}\n\n\t\t\t<\/style>\n\t<div id=\"image_gallery_1851\" class=\"row all-images-1851\">\n\t\t\t\t\t\t<div class=\"single-image-1851 col-lg-3 col-md-3 col-sm-4 col-12\">\n\t\t\t\t\t<a href=\"https:\/\/rakosliget.hu\/wordpress\/wp-content\/uploads\/2018\/10\/17_.jpg\" data-lightbox=\"lightbox-1851\" data-gallery=\"gallery-1851\" data-title=\"R\u00e1kosliget Ilona Strand\">\n\t\t\t\t\t\t<img decoding=\"async\" class=\"thumbnail hvr-float-shadow\" src=\"https:\/\/rakosliget.hu\/wordpress\/wp-content\/uploads\/2018\/10\/17_-150x150.jpg\" alt=\"R\u00e1kosliget Ilona Strand\">\n\t\t\t\t\t\t\t\t\t\t\t<\/a>\n\t\t\t\t<\/div>\n\t\t\t\t\t\t<div class=\"single-image-1851 col-lg-3 col-md-3 col-sm-4 col-12\">\n\t\t\t\t\t<a href=\"https:\/\/rakosliget.hu\/wordpress\/wp-content\/uploads\/2018\/10\/Ilona-strand-02.jpg\" data-lightbox=\"lightbox-1851\" data-gallery=\"gallery-1851\" data-title=\"R\u00e1kosliget Ilona strand\">\n\t\t\t\t\t\t<img decoding=\"async\" class=\"thumbnail hvr-float-shadow\" src=\"https:\/\/rakosliget.hu\/wordpress\/wp-content\/uploads\/2018\/10\/Ilona-strand-02-150x150.jpg\" alt=\"R\u00e1kosliget Ilona strand\">\n\t\t\t\t\t\t\t\t\t\t\t<\/a>\n\t\t\t\t<\/div>\n\t\t\t\t\t\t<div class=\"single-image-1851 col-lg-3 col-md-3 col-sm-4 col-12\">\n\t\t\t\t\t<a href=\"https:\/\/rakosliget.hu\/wordpress\/wp-content\/uploads\/2018\/10\/strand1930.jpg\" data-lightbox=\"lightbox-1851\" data-gallery=\"gallery-1851\" data-title=\"R\u00e1kosliget Ilona Strand\">\n\t\t\t\t\t\t<img decoding=\"async\" class=\"thumbnail hvr-float-shadow\" src=\"https:\/\/rakosliget.hu\/wordpress\/wp-content\/uploads\/2018\/10\/strand1930-150x150.jpg\" alt=\"R\u00e1kosliget Ilona Strand\">\n\t\t\t\t\t\t\t\t\t\t\t<\/a>\n\t\t\t\t<\/div>\n\t\t\t\t\t\t<div class=\"single-image-1851 col-lg-3 col-md-3 col-sm-4 col-12\">\n\t\t\t\t\t<a href=\"https:\/\/rakosliget.hu\/wordpress\/wp-content\/uploads\/2018\/10\/strand2.jpg\" data-lightbox=\"lightbox-1851\" data-gallery=\"gallery-1851\" data-title=\"R\u00e1kosliget Ilona Strand\">\n\t\t\t\t\t\t<img decoding=\"async\" class=\"thumbnail hvr-float-shadow\" src=\"https:\/\/rakosliget.hu\/wordpress\/wp-content\/uploads\/2018\/10\/strand2-150x150.jpg\" alt=\"R\u00e1kosliget Ilona Strand\">\n\t\t\t\t\t\t\t\t\t\t\t<\/a>\n\t\t\t\t<\/div>\n\t\t\t\t\t\t<div class=\"single-image-1851 col-lg-3 col-md-3 col-sm-4 col-12\">\n\t\t\t\t\t<a href=\"https:\/\/rakosliget.hu\/wordpress\/wp-content\/uploads\/2018\/10\/strand3.jpg\" data-lightbox=\"lightbox-1851\" data-gallery=\"gallery-1851\" data-title=\"R\u00e1kosliget Ilona Strand\">\n\t\t\t\t\t\t<img decoding=\"async\" class=\"thumbnail hvr-float-shadow\" src=\"https:\/\/rakosliget.hu\/wordpress\/wp-content\/uploads\/2018\/10\/strand3-150x150.jpg\" alt=\"R\u00e1kosliget Ilona Strand\">\n\t\t\t\t\t\t\t\t\t\t\t<\/a>\n\t\t\t\t<\/div>\n\t\t\t\t\t\t<div class=\"single-image-1851 col-lg-3 col-md-3 col-sm-4 col-12\">\n\t\t\t\t\t<a href=\"https:\/\/rakosliget.hu\/wordpress\/wp-content\/uploads\/2018\/10\/rakosliget-strand.jpg\" data-lightbox=\"lightbox-1851\" data-gallery=\"gallery-1851\" data-title=\"R\u00e1kosliget Strand Fot\u00f3: Debn\u00e1r L\u00e1szl\u00f3 1997\">\n\t\t\t\t\t\t<img decoding=\"async\" class=\"thumbnail hvr-float-shadow\" src=\"https:\/\/rakosliget.hu\/wordpress\/wp-content\/uploads\/2018\/10\/rakosliget-strand-150x150.jpg\" alt=\"R\u00e1kosliget Strand Fot\u00f3: Debn\u00e1r L\u00e1szl\u00f3 1997\">\n\t\t\t\t\t\t\t\t\t\t\t<\/a>\n\t\t\t\t<\/div>\n\t\t\t\t\t\t<div class=\"single-image-1851 col-lg-3 col-md-3 col-sm-4 col-12\">\n\t\t\t\t\t<a href=\"https:\/\/rakosliget.hu\/wordpress\/wp-content\/uploads\/2026\/02\/53.jpg\" data-lightbox=\"lightbox-1851\" data-gallery=\"gallery-1851\" data-title=\"53\">\n\t\t\t\t\t\t<img decoding=\"async\" class=\"thumbnail hvr-float-shadow\" src=\"https:\/\/rakosliget.hu\/wordpress\/wp-content\/uploads\/2026\/02\/53-150x150.jpg\" alt=\"53\">\n\t\t\t\t\t\t\t\t\t\t\t<\/a>\n\t\t\t\t<\/div>\n\t\t\t<\/div>\n<script>\n\tjQuery(document).ready(function() {\n\t\t\/\/ Method 1 - Initialize Isotope, then trigger layout after each image loads.\n\t\tvar $grid = jQuery('.all-images-1851').isotope({\n\t\t\t\/\/ options...\n\t\t\titemSelector: '.single-image-1851',\n\t\t});\n\t\t\/\/ layout Isotope after each image loads\n\t\t$grid.imagesLoaded().progress(function() {\n\t\t\t$grid.isotope('layout');\n\t\t});\n\n\n\t\tlightbox.option({\n\t\t\t'wrapAround': false,\n\t\t})\n\n\t\tjQuery(document).on('click', '[data-toggle=\"lightbox-1851\"]', function(event) {\n\t\t\tevent.preventDefault();\n\t\t\tjQuery(this).ekkoLightbox();\n\t\t});\n\t});\n<\/script><\/h4>\n\n\n\n<div class=\"wp-block-buttons is-content-justification-center is-layout-flex wp-container-core-buttons-is-layout-16018d1d wp-block-buttons-is-layout-flex\">\n<div class=\"wp-block-button\"><a class=\"wp-block-button__link wp-element-button\" href=\"https:\/\/rakosliget.hu\/wordpress\/index.php\/francsek-imre\/\">A strand tervez\u0151je<\/a><\/div>\n<\/div>\n\n\n\n<h4 class=\"wp-block-heading\"><span class=\"style1\">A f\u00e9nykor<br><figure><img loading=\"lazy\" decoding=\"async\" src=\"http:\/\/rakosliget.hu\/kep\/strand1930_.jpg\" alt=\"large product photo\" width=\"300\" height=\"289\" border=\"0\"><\/figure><\/span><\/h4>\n\n\n\n<p>1910. j\u00falius 2. A Kisr\u00e1kos mellett Francsek Imre m\u0171\u00e9p\u00edt\u00e9sz tervei alapj\u00e1n \u00e1rt\u00e9zi f\u00fcrd\u0151 \u00e9s uszoda ker\u00fclt R\u00e1kosliget k\u00f6z\u00f6ns\u00e9g\u00e9nek \u00e1tad\u00e1sra A Sport Club tagjai bel\u00e9p\u00e9si kedvezm\u00e9nyt kaptak. Megindultak az \u00fasz\u00f3versenyek, melyeket rendszeresen tartottak a f\u00fcrd\u0151ben. Az uszoda az Ilona nevet kapta a tulajdonos-tervez\u0151 l\u00e1ny\u00e1r\u00f3l Francsek Ilon\u00e1r\u00f3l.<br>(Francsek tervei alapj\u00e1n k\u00e9sz\u00fclt a V\u00e1rosliget m\u0171j\u00e9gp\u00e1lya csarnoka is.)<br>Forr\u00e1s: Dr. Domb\u00f3v\u00e1ri Antal: R\u00e1kosliget t\u00f6rt\u00e9nete.<\/p>\n\n\n\n<figure class=\"wp-block-gallery has-nested-images columns-default is-cropped wp-block-gallery-1 is-layout-flex wp-block-gallery-is-layout-flex\"><div class=\"wp-block-image\">\n<figure class=\"aligncenter size-large\"><img loading=\"lazy\" decoding=\"async\" width=\"1145\" height=\"1664\" data-id=\"22957\" src=\"https:\/\/rakosliget.hu\/wordpress\/wp-content\/uploads\/2026\/02\/53.jpg\" alt=\"\" class=\"wp-image-22957\" srcset=\"https:\/\/rakosliget.hu\/wordpress\/wp-content\/uploads\/2026\/02\/53.jpg 1145w, https:\/\/rakosliget.hu\/wordpress\/wp-content\/uploads\/2026\/02\/53-206x300.jpg 206w, https:\/\/rakosliget.hu\/wordpress\/wp-content\/uploads\/2026\/02\/53-768x1116.jpg 768w, https:\/\/rakosliget.hu\/wordpress\/wp-content\/uploads\/2026\/02\/53-1057x1536.jpg 1057w\" sizes=\"auto, (max-width: 1145px) 100vw, 1145px\" \/><\/figure>\n<\/div><\/figure>\n\n\n\n<h4 class=\"wp-block-heading style1\">JELEN \u00c1LLAPOT<\/h4>\n\n\n\n<p>A strand tal\u00e1n az 50-es \u00e9vekig m\u0171k\u00f6d\u00f6tt. M\u00e1ra semmi sem maradt bel\u0151le.<\/p>\n\n\n\n<figure class=\"wp-block-image\"><img decoding=\"async\" src=\"http:\/\/rakosliget.hu\/kep\/rakosliget strand.jpg\" alt=\"large product photo\"\/><\/figure>\n\n\n\n<p><\/p>\n\n\n\n\n\n<p><em>Friss\u00edtve: 2018. 03. 10.<\/em><\/p>\n","protected":false},"excerpt":{"rendered":"<p>Az oldal friss\u00edtve: 2020.11.02. A f\u00e9nykor 1910. j\u00falius 2. A Kisr\u00e1kos mellett Francsek Imre m\u0171\u00e9p\u00edt\u00e9sz tervei alapj\u00e1n \u00e1rt\u00e9zi f\u00fcrd\u0151 \u00e9s uszoda ker\u00fclt R\u00e1kosliget k\u00f6z\u00f6ns\u00e9g\u00e9nek \u00e1tad\u00e1sra A Sport Club tagjai bel\u00e9p\u00e9si kedvezm\u00e9nyt kaptak. Megindultak az \u00fasz\u00f3versenyek, melyeket rendszeresen tartottak a f\u00fcrd\u0151ben. Az uszoda az Ilona nevet kapta a tulajdonos-tervez\u0151 l\u00e1ny\u00e1r\u00f3l Francsek Ilon\u00e1r\u00f3l.(Francsek tervei alapj\u00e1n k\u00e9sz\u00fclt a &hellip; <a href=\"https:\/\/rakosliget.hu\/wordpress\/index.php\/image_gallery\/a-rakosligeti-strand\/\" class=\"more-link\"><span class=\"screen-reader-text\">A r\u00e1kosligeti strand<\/span> r\u00e9szletei&#8230;<\/a><\/p>\n","protected":false},"author":1,"featured_media":1855,"parent":0,"menu_order":0,"comment_status":"closed","ping_status":"closed","template":"","meta":{"footnotes":""},"class_list":["post-460","page","type-page","status-publish","has-post-thumbnail","hentry"],"_links":{"self":[{"href":"https:\/\/rakosliget.hu\/wordpress\/index.php\/wp-json\/wp\/v2\/pages\/460","targetHints":{"allow":["GET"]}}],"collection":[{"href":"https:\/\/rakosliget.hu\/wordpress\/index.php\/wp-json\/wp\/v2\/pages"}],"about":[{"href":"https:\/\/rakosliget.hu\/wordpress\/index.php\/wp-json\/wp\/v2\/types\/page"}],"author":[{"embeddable":true,"href":"https:\/\/rakosliget.hu\/wordpress\/index.php\/wp-json\/wp\/v2\/users\/1"}],"replies":[{"embeddable":true,"href":"https:\/\/rakosliget.hu\/wordpress\/index.php\/wp-json\/wp\/v2\/comments?post=460"}],"version-history":[{"count":7,"href":"https:\/\/rakosliget.hu\/wordpress\/index.php\/wp-json\/wp\/v2\/pages\/460\/revisions"}],"predecessor-version":[{"id":22958,"href":"https:\/\/rakosliget.hu\/wordpress\/index.php\/wp-json\/wp\/v2\/pages\/460\/revisions\/22958"}],"wp:featuredmedia":[{"embeddable":true,"href":"https:\/\/rakosliget.hu\/wordpress\/index.php\/wp-json\/wp\/v2\/media\/1855"}],"wp:attachment":[{"href":"https:\/\/rakosliget.hu\/wordpress\/index.php\/wp-json\/wp\/v2\/media?parent=460"}],"curies":[{"name":"wp","href":"https:\/\/api.w.org\/{rel}","templated":true}]}}