{"id":450,"date":"2018-03-10T04:47:21","date_gmt":"2018-03-10T03:47:21","guid":{"rendered":"http:\/\/rakosliget.hu\/wordpress\/?page_id=450"},"modified":"2026-02-12T16:29:33","modified_gmt":"2026-02-12T15:29:33","slug":"hosok-tere","status":"publish","type":"page","link":"https:\/\/rakosliget.hu\/wordpress\/index.php\/hosok-tere\/","title":{"rendered":"H\u0150S\u00d6K TERE"},"content":{"rendered":"\n\t<!-- CSS Part Start From Here-->\n\t<style>\n\t\t.all-images {\n\t\t\tpadding-top: 10px !important;\n\t\t\tpadding-bottom: 15px !important;\n\t\t}\n\n\t\t#image_gallery_1781 .thumbnail {\n\t\t\twidth: 100% !important;\n\t\t\theight: auto !important;\n\t\t\tborder-radius: 0px;\n\t\t\t\/*background: transparent url('https:\/\/rakosliget.hu\/wordpress\/wp-content\/plugins\/new-image-gallery\/include\/assets\/img\/loading.gif') center no-repeat !important;*\/\n\t\t\tmargin-bottom: 20px !important;\n\t\t}\n\n\t\t\t\t.item-title {\n\t\t\tbackground-color: rgba(0, 0, 0, 0.5);\n\t\t\tbottom: 45px;\n\t\t\tcolor: #FFFFFF;\n\t\t\tdisplay: block;\n\t\t\tfont-weight: 300;\n\t\t\tleft: 2rem;\n\t\t\tpadding: 8px;\n\t\t\tposition: absolute;\n\t\t\tright: 2rem;\n\t\t\ttext-align: center;\n\t\t\ttext-transform: capitalize;\n\t\t}\n\n\t\t\t<\/style>\n\t<div id=\"image_gallery_1781\" class=\"row all-images-1781\">\n\t\t\t\t\t\t<div class=\"single-image-1781 col-lg-3 col-md-3 col-sm-4 col-12\">\n\t\t\t\t\t<a href=\"https:\/\/rakosliget.hu\/wordpress\/wp-content\/uploads\/2018\/10\/2.jpg\" data-lightbox=\"lightbox-1781\" data-gallery=\"gallery-1781\" data-title=\"H\u0151s\u00f6k tere kereszt\">\n\t\t\t\t\t\t<img decoding=\"async\" class=\"thumbnail hvr-float-shadow\" src=\"https:\/\/rakosliget.hu\/wordpress\/wp-content\/uploads\/2018\/10\/2-150x150.jpg\" alt=\"H\u0151s\u00f6k tere kereszt\">\n\t\t\t\t\t\t\t\t\t\t\t<\/a>\n\t\t\t\t<\/div>\n\t\t\t\t\t\t<div class=\"single-image-1781 col-lg-3 col-md-3 col-sm-4 col-12\">\n\t\t\t\t\t<a href=\"https:\/\/rakosliget.hu\/wordpress\/wp-content\/uploads\/2018\/10\/1-1.jpg\" data-lightbox=\"lightbox-1781\" data-gallery=\"gallery-1781\" data-title=\"H\u0151s\u00f6k tere kereszt\">\n\t\t\t\t\t\t<img decoding=\"async\" class=\"thumbnail hvr-float-shadow\" src=\"https:\/\/rakosliget.hu\/wordpress\/wp-content\/uploads\/2018\/10\/1-1-150x150.jpg\" alt=\"H\u0151s\u00f6k tere kereszt\">\n\t\t\t\t\t\t\t\t\t\t\t<\/a>\n\t\t\t\t<\/div>\n\t\t\t\t\t\t<div class=\"single-image-1781 col-lg-3 col-md-3 col-sm-4 col-12\">\n\t\t\t\t\t<a href=\"https:\/\/rakosliget.hu\/wordpress\/wp-content\/uploads\/2018\/10\/3.jpg\" data-lightbox=\"lightbox-1781\" data-gallery=\"gallery-1781\" data-title=\"H\u0151s\u00f6k tere kereszt\">\n\t\t\t\t\t\t<img decoding=\"async\" class=\"thumbnail hvr-float-shadow\" src=\"https:\/\/rakosliget.hu\/wordpress\/wp-content\/uploads\/2018\/10\/3-150x150.jpg\" alt=\"H\u0151s\u00f6k tere kereszt\">\n\t\t\t\t\t\t\t\t\t\t\t<\/a>\n\t\t\t\t<\/div>\n\t\t\t\t\t\t<div class=\"single-image-1781 col-lg-3 col-md-3 col-sm-4 col-12\">\n\t\t\t\t\t<a href=\"https:\/\/rakosliget.hu\/wordpress\/wp-content\/uploads\/2018\/10\/urge.jpg\" data-lightbox=\"lightbox-1781\" data-gallery=\"gallery-1781\" data-title=\"H\u0151s\u00f6k tere kereszt\">\n\t\t\t\t\t\t<img decoding=\"async\" class=\"thumbnail hvr-float-shadow\" src=\"https:\/\/rakosliget.hu\/wordpress\/wp-content\/uploads\/2018\/10\/urge-150x150.jpg\" alt=\"H\u0151s\u00f6k tere kereszt\">\n\t\t\t\t\t\t\t\t\t\t\t<\/a>\n\t\t\t\t<\/div>\n\t\t\t\t\t\t<div class=\"single-image-1781 col-lg-3 col-md-3 col-sm-4 col-12\">\n\t\t\t\t\t<a href=\"https:\/\/rakosliget.hu\/wordpress\/wp-content\/uploads\/2018\/10\/hosoktere.jpg\" data-lightbox=\"lightbox-1781\" data-gallery=\"gallery-1781\" data-title=\"H\u0151s\u00f6k tere kereszt k\u00e9peslap\">\n\t\t\t\t\t\t<img decoding=\"async\" class=\"thumbnail hvr-float-shadow\" src=\"https:\/\/rakosliget.hu\/wordpress\/wp-content\/uploads\/2018\/10\/hosoktere-150x150.jpg\" alt=\"H\u0151s\u00f6k tere kereszt k\u00e9peslap\">\n\t\t\t\t\t\t\t\t\t\t\t<\/a>\n\t\t\t\t<\/div>\n\t\t\t\t\t\t<div class=\"single-image-1781 col-lg-3 col-md-3 col-sm-4 col-12\">\n\t\t\t\t\t<a href=\"https:\/\/rakosliget.hu\/wordpress\/wp-content\/uploads\/2018\/10\/4.jpg\" data-lightbox=\"lightbox-1781\" data-gallery=\"gallery-1781\" data-title=\"H\u0151s\u00f6k tere R\u00e1kosliget eml\u00e9kk\u0151\">\n\t\t\t\t\t\t<img decoding=\"async\" class=\"thumbnail hvr-float-shadow\" src=\"https:\/\/rakosliget.hu\/wordpress\/wp-content\/uploads\/2018\/10\/4-150x150.jpg\" alt=\"H\u0151s\u00f6k tere R\u00e1kosliget eml\u00e9kk\u0151\">\n\t\t\t\t\t\t\t\t\t\t\t<\/a>\n\t\t\t\t<\/div>\n\t\t\t\t\t\t<div class=\"single-image-1781 col-lg-3 col-md-3 col-sm-4 col-12\">\n\t\t\t\t\t<a href=\"https:\/\/rakosliget.hu\/wordpress\/wp-content\/uploads\/2018\/10\/5.jpg\" data-lightbox=\"lightbox-1781\" data-gallery=\"gallery-1781\" data-title=\"H\u0151s\u00f6k tere R\u00e1kosliget eml\u00e9kk\u0151 t\u00e1bla\">\n\t\t\t\t\t\t<img decoding=\"async\" class=\"thumbnail hvr-float-shadow\" src=\"https:\/\/rakosliget.hu\/wordpress\/wp-content\/uploads\/2018\/10\/5-150x150.jpg\" alt=\"H\u0151s\u00f6k tere R\u00e1kosliget eml\u00e9kk\u0151 t\u00e1bla\">\n\t\t\t\t\t\t\t\t\t\t\t<\/a>\n\t\t\t\t<\/div>\n\t\t\t\t\t\t<div class=\"single-image-1781 col-lg-3 col-md-3 col-sm-4 col-12\">\n\t\t\t\t\t<a href=\"https:\/\/rakosliget.hu\/wordpress\/wp-content\/uploads\/2018\/10\/emlekkokod.jpg\" data-lightbox=\"lightbox-1781\" data-gallery=\"gallery-1781\" data-title=\"H\u0151s\u00f6k tere R\u00e1kosliget eml\u00e9kk\u0151\">\n\t\t\t\t\t\t<img decoding=\"async\" class=\"thumbnail hvr-float-shadow\" src=\"https:\/\/rakosliget.hu\/wordpress\/wp-content\/uploads\/2018\/10\/emlekkokod-150x150.jpg\" alt=\"H\u0151s\u00f6k tere R\u00e1kosliget eml\u00e9kk\u0151\">\n\t\t\t\t\t\t\t\t\t\t\t<\/a>\n\t\t\t\t<\/div>\n\t\t\t\t\t\t<div class=\"single-image-1781 col-lg-3 col-md-3 col-sm-4 col-12\">\n\t\t\t\t\t<a href=\"https:\/\/rakosliget.hu\/wordpress\/wp-content\/uploads\/2018\/10\/6.jpg\" data-lightbox=\"lightbox-1781\" data-gallery=\"gallery-1781\" data-title=\"H\u0151s\u00f6k tere orsz\u00e1gz\u00e1szl\u00f3\">\n\t\t\t\t\t\t<img decoding=\"async\" class=\"thumbnail hvr-float-shadow\" src=\"https:\/\/rakosliget.hu\/wordpress\/wp-content\/uploads\/2018\/10\/6-150x150.jpg\" alt=\"H\u0151s\u00f6k tere orsz\u00e1gz\u00e1szl\u00f3\">\n\t\t\t\t\t\t\t\t\t\t\t<\/a>\n\t\t\t\t<\/div>\n\t\t\t\t\t\t<div class=\"single-image-1781 col-lg-3 col-md-3 col-sm-4 col-12\">\n\t\t\t\t\t<a href=\"https:\/\/rakosliget.hu\/wordpress\/wp-content\/uploads\/2018\/10\/orszagzaszlo01_600.jpg\" data-lightbox=\"lightbox-1781\" data-gallery=\"gallery-1781\" data-title=\"Orszagz\u00e1szl\u00f3\">\n\t\t\t\t\t\t<img decoding=\"async\" class=\"thumbnail hvr-float-shadow\" src=\"https:\/\/rakosliget.hu\/wordpress\/wp-content\/uploads\/2018\/10\/orszagzaszlo01_600-150x150.jpg\" alt=\"Orszagz\u00e1szl\u00f3\">\n\t\t\t\t\t\t\t\t\t\t\t<\/a>\n\t\t\t\t<\/div>\n\t\t\t\t\t\t<div class=\"single-image-1781 col-lg-3 col-md-3 col-sm-4 col-12\">\n\t\t\t\t\t<a href=\"https:\/\/rakosliget.hu\/wordpress\/wp-content\/uploads\/2018\/10\/orszagzaszlo02_600.jpg\" data-lightbox=\"lightbox-1781\" data-gallery=\"gallery-1781\" data-title=\"Orszagz\u00e1szl\u00f3\">\n\t\t\t\t\t\t<img decoding=\"async\" class=\"thumbnail hvr-float-shadow\" src=\"https:\/\/rakosliget.hu\/wordpress\/wp-content\/uploads\/2018\/10\/orszagzaszlo02_600-150x150.jpg\" alt=\"Orszagz\u00e1szl\u00f3\">\n\t\t\t\t\t\t\t\t\t\t\t<\/a>\n\t\t\t\t<\/div>\n\t\t\t\t\t\t<div class=\"single-image-1781 col-lg-3 col-md-3 col-sm-4 col-12\">\n\t\t\t\t\t<a href=\"https:\/\/rakosliget.hu\/wordpress\/wp-content\/uploads\/2018\/10\/orszagzaszlo.jpg\" data-lightbox=\"lightbox-1781\" data-gallery=\"gallery-1781\" data-title=\"orszagzaszlo\">\n\t\t\t\t\t\t<img decoding=\"async\" class=\"thumbnail hvr-float-shadow\" src=\"https:\/\/rakosliget.hu\/wordpress\/wp-content\/uploads\/2018\/10\/orszagzaszlo-150x150.jpg\" alt=\"orszagzaszlo\">\n\t\t\t\t\t\t\t\t\t\t\t<\/a>\n\t\t\t\t<\/div>\n\t\t\t\t\t\t<div class=\"single-image-1781 col-lg-3 col-md-3 col-sm-4 col-12\">\n\t\t\t\t\t<a href=\"https:\/\/rakosliget.hu\/wordpress\/wp-content\/uploads\/2018\/10\/9.jpg\" data-lightbox=\"lightbox-1781\" data-gallery=\"gallery-1781\" data-title=\"H\u0151s\u00f6k tere I. vil\u00e1gh\u00e1bor\u00fas eml\u00e9km\u0171\">\n\t\t\t\t\t\t<img decoding=\"async\" class=\"thumbnail hvr-float-shadow\" src=\"https:\/\/rakosliget.hu\/wordpress\/wp-content\/uploads\/2018\/10\/9-150x150.jpg\" alt=\"H\u0151s\u00f6k tere I. vil\u00e1gh\u00e1bor\u00fas eml\u00e9km\u0171\">\n\t\t\t\t\t\t\t\t\t\t\t<\/a>\n\t\t\t\t<\/div>\n\t\t\t\t\t\t<div class=\"single-image-1781 col-lg-3 col-md-3 col-sm-4 col-12\">\n\t\t\t\t\t<a href=\"https:\/\/rakosliget.hu\/wordpress\/wp-content\/uploads\/2018\/10\/7.jpg\" data-lightbox=\"lightbox-1781\" data-gallery=\"gallery-1781\" data-title=\"H\u0151s\u00f6k tere I. vil\u00e1gh\u00e1bor\u00fas eml\u00e9km\u0171\">\n\t\t\t\t\t\t<img decoding=\"async\" class=\"thumbnail hvr-float-shadow\" src=\"https:\/\/rakosliget.hu\/wordpress\/wp-content\/uploads\/2018\/10\/7-150x150.jpg\" alt=\"H\u0151s\u00f6k tere I. vil\u00e1gh\u00e1bor\u00fas eml\u00e9km\u0171\">\n\t\t\t\t\t\t\t\t\t\t\t<\/a>\n\t\t\t\t<\/div>\n\t\t\t\t\t\t<div class=\"single-image-1781 col-lg-3 col-md-3 col-sm-4 col-12\">\n\t\t\t\t\t<a href=\"https:\/\/rakosliget.hu\/wordpress\/wp-content\/uploads\/2018\/10\/8.jpg\" data-lightbox=\"lightbox-1781\" data-gallery=\"gallery-1781\" data-title=\"H\u0151s\u00f6k tere I. vil\u00e1gh\u00e1bor\u00fas eml\u00e9km\u0171\">\n\t\t\t\t\t\t<img decoding=\"async\" class=\"thumbnail hvr-float-shadow\" src=\"https:\/\/rakosliget.hu\/wordpress\/wp-content\/uploads\/2018\/10\/8-150x150.jpg\" alt=\"H\u0151s\u00f6k tere I. vil\u00e1gh\u00e1bor\u00fas eml\u00e9km\u0171\">\n\t\t\t\t\t\t\t\t\t\t\t<\/a>\n\t\t\t\t<\/div>\n\t\t\t\t\t\t<div class=\"single-image-1781 col-lg-3 col-md-3 col-sm-4 col-12\">\n\t\t\t\t\t<a href=\"https:\/\/rakosliget.hu\/wordpress\/wp-content\/uploads\/2018\/10\/10.jpg\" data-lightbox=\"lightbox-1781\" data-gallery=\"gallery-1781\" data-title=\"H\u0151s\u00f6k tere I. vil\u00e1gh\u00e1bor\u00fas eml\u00e9km\u0171\">\n\t\t\t\t\t\t<img decoding=\"async\" class=\"thumbnail hvr-float-shadow\" src=\"https:\/\/rakosliget.hu\/wordpress\/wp-content\/uploads\/2018\/10\/10-150x150.jpg\" alt=\"H\u0151s\u00f6k tere I. vil\u00e1gh\u00e1bor\u00fas eml\u00e9km\u0171\">\n\t\t\t\t\t\t\t\t\t\t\t<\/a>\n\t\t\t\t<\/div>\n\t\t\t\t\t\t<div class=\"single-image-1781 col-lg-3 col-md-3 col-sm-4 col-12\">\n\t\t\t\t\t<a href=\"https:\/\/rakosliget.hu\/wordpress\/wp-content\/uploads\/2018\/10\/11.jpg\" data-lightbox=\"lightbox-1781\" data-gallery=\"gallery-1781\" data-title=\"H\u0151s\u00f6k tere I. vil\u00e1gh\u00e1bor\u00fas eml\u00e9km\u0171\">\n\t\t\t\t\t\t<img decoding=\"async\" class=\"thumbnail hvr-float-shadow\" src=\"https:\/\/rakosliget.hu\/wordpress\/wp-content\/uploads\/2018\/10\/11-150x150.jpg\" alt=\"H\u0151s\u00f6k tere I. vil\u00e1gh\u00e1bor\u00fas eml\u00e9km\u0171\">\n\t\t\t\t\t\t\t\t\t\t\t<\/a>\n\t\t\t\t<\/div>\n\t\t\t\t\t\t<div class=\"single-image-1781 col-lg-3 col-md-3 col-sm-4 col-12\">\n\t\t\t\t\t<a href=\"https:\/\/rakosliget.hu\/wordpress\/wp-content\/uploads\/2018\/10\/12.jpg\" data-lightbox=\"lightbox-1781\" data-gallery=\"gallery-1781\" data-title=\"H\u0151s\u00f6k tere I. vil\u00e1gh\u00e1bor\u00fas eml\u00e9km\u0171\">\n\t\t\t\t\t\t<img decoding=\"async\" class=\"thumbnail hvr-float-shadow\" src=\"https:\/\/rakosliget.hu\/wordpress\/wp-content\/uploads\/2018\/10\/12-150x150.jpg\" alt=\"H\u0151s\u00f6k tere I. vil\u00e1gh\u00e1bor\u00fas eml\u00e9km\u0171\">\n\t\t\t\t\t\t\t\t\t\t\t<\/a>\n\t\t\t\t<\/div>\n\t\t\t\t\t\t<div class=\"single-image-1781 col-lg-3 col-md-3 col-sm-4 col-12\">\n\t\t\t\t\t<a href=\"https:\/\/rakosliget.hu\/wordpress\/wp-content\/uploads\/2018\/10\/15.jpg\" data-lightbox=\"lightbox-1781\" data-gallery=\"gallery-1781\" data-title=\"H\u0151s\u00f6k tere I. vil\u00e1gh\u00e1bor\u00fas eml\u00e9km\u0171\">\n\t\t\t\t\t\t<img decoding=\"async\" class=\"thumbnail hvr-float-shadow\" src=\"https:\/\/rakosliget.hu\/wordpress\/wp-content\/uploads\/2018\/10\/15-150x150.jpg\" alt=\"H\u0151s\u00f6k tere I. vil\u00e1gh\u00e1bor\u00fas eml\u00e9km\u0171\">\n\t\t\t\t\t\t\t\t\t\t\t<\/a>\n\t\t\t\t<\/div>\n\t\t\t\t\t\t<div class=\"single-image-1781 col-lg-3 col-md-3 col-sm-4 col-12\">\n\t\t\t\t\t<a href=\"https:\/\/rakosliget.hu\/wordpress\/wp-content\/uploads\/2018\/10\/12_.jpg\" data-lightbox=\"lightbox-1781\" data-gallery=\"gallery-1781\" data-title=\"H\u0151s\u00f6k tere\">\n\t\t\t\t\t\t<img decoding=\"async\" class=\"thumbnail hvr-float-shadow\" src=\"https:\/\/rakosliget.hu\/wordpress\/wp-content\/uploads\/2018\/10\/12_-150x150.jpg\" alt=\"H\u0151s\u00f6k tere\">\n\t\t\t\t\t\t\t\t\t\t\t<\/a>\n\t\t\t\t<\/div>\n\t\t\t\t\t\t<div class=\"single-image-1781 col-lg-3 col-md-3 col-sm-4 col-12\">\n\t\t\t\t\t<a href=\"https:\/\/rakosliget.hu\/wordpress\/wp-content\/uploads\/2018\/10\/iskola-kozert.jpg\" data-lightbox=\"lightbox-1781\" data-gallery=\"gallery-1781\" data-title=\"H\u0151s\u00f6k tere a r\u00e9gi piac 2002-ben\">\n\t\t\t\t\t\t<img decoding=\"async\" class=\"thumbnail hvr-float-shadow\" src=\"https:\/\/rakosliget.hu\/wordpress\/wp-content\/uploads\/2018\/10\/iskola-kozert-150x150.jpg\" alt=\"H\u0151s\u00f6k tere a r\u00e9gi piac 2002-ben\">\n\t\t\t\t\t\t\t\t\t\t\t<\/a>\n\t\t\t\t<\/div>\n\t\t\t\t\t\t<div class=\"single-image-1781 col-lg-3 col-md-3 col-sm-4 col-12\">\n\t\t\t\t\t<a href=\"https:\/\/rakosliget.hu\/wordpress\/wp-content\/uploads\/2018\/10\/14.jpg\" data-lightbox=\"lightbox-1781\" data-gallery=\"gallery-1781\" data-title=\"H\u0151s\u00f6k tere a r\u00e9gi piac 2005-ben\">\n\t\t\t\t\t\t<img decoding=\"async\" class=\"thumbnail hvr-float-shadow\" src=\"https:\/\/rakosliget.hu\/wordpress\/wp-content\/uploads\/2018\/10\/14-150x150.jpg\" alt=\"H\u0151s\u00f6k tere a r\u00e9gi piac 2005-ben\">\n\t\t\t\t\t\t\t\t\t\t\t<\/a>\n\t\t\t\t<\/div>\n\t\t\t\t\t\t<div class=\"single-image-1781 col-lg-3 col-md-3 col-sm-4 col-12\">\n\t\t\t\t\t<a href=\"https:\/\/rakosliget.hu\/wordpress\/wp-content\/uploads\/2018\/10\/14_1.jpg\" data-lightbox=\"lightbox-1781\" data-gallery=\"gallery-1781\" data-title=\"H\u0151s\u00f6k tere a r\u00e9gi piac 2005-ben\">\n\t\t\t\t\t\t<img decoding=\"async\" class=\"thumbnail hvr-float-shadow\" src=\"https:\/\/rakosliget.hu\/wordpress\/wp-content\/uploads\/2018\/10\/14_1-150x150.jpg\" alt=\"H\u0151s\u00f6k tere a r\u00e9gi piac 2005-ben\">\n\t\t\t\t\t\t\t\t\t\t\t<\/a>\n\t\t\t\t<\/div>\n\t\t\t\t\t\t<div class=\"single-image-1781 col-lg-3 col-md-3 col-sm-4 col-12\">\n\t\t\t\t\t<a href=\"https:\/\/rakosliget.hu\/wordpress\/wp-content\/uploads\/2018\/10\/1938.jpg\" data-lightbox=\"lightbox-1781\" data-gallery=\"gallery-1781\" data-title=\"H\u0151s\u00f6k tre k\u00e9peslapon 1938\">\n\t\t\t\t\t\t<img decoding=\"async\" class=\"thumbnail hvr-float-shadow\" src=\"https:\/\/rakosliget.hu\/wordpress\/wp-content\/uploads\/2018\/10\/1938-150x150.jpg\" alt=\"H\u0151s\u00f6k tre k\u00e9peslapon 1938\">\n\t\t\t\t\t\t\t\t\t\t\t<\/a>\n\t\t\t\t<\/div>\n\t\t\t\t\t\t<div class=\"single-image-1781 col-lg-3 col-md-3 col-sm-4 col-12\">\n\t\t\t\t\t<a href=\"https:\/\/rakosliget.hu\/wordpress\/wp-content\/uploads\/2018\/10\/cseko.jpg\" data-lightbox=\"lightbox-1781\" data-gallery=\"gallery-1781\" data-title=\"Csek\u00f3\">\n\t\t\t\t\t\t<img decoding=\"async\" class=\"thumbnail hvr-float-shadow\" src=\"https:\/\/rakosliget.hu\/wordpress\/wp-content\/uploads\/2018\/10\/cseko-150x150.jpg\" alt=\"Csek\u00f3\">\n\t\t\t\t\t\t\t\t\t\t\t<\/a>\n\t\t\t\t<\/div>\n\t\t\t\t\t\t<div class=\"single-image-1781 col-lg-3 col-md-3 col-sm-4 col-12\">\n\t\t\t\t\t<a href=\"https:\/\/rakosliget.hu\/wordpress\/wp-content\/uploads\/2018\/10\/csekotabla.jpg\" data-lightbox=\"lightbox-1781\" data-gallery=\"gallery-1781\" data-title=\"Csekovszky eml\u00e9kt\u00e1bla\">\n\t\t\t\t\t\t<img decoding=\"async\" class=\"thumbnail hvr-float-shadow\" src=\"https:\/\/rakosliget.hu\/wordpress\/wp-content\/uploads\/2018\/10\/csekotabla-150x150.jpg\" alt=\"Csekovszky eml\u00e9kt\u00e1bla\">\n\t\t\t\t\t\t\t\t\t\t\t<\/a>\n\t\t\t\t<\/div>\n\t\t\t\t\t\t<div class=\"single-image-1781 col-lg-3 col-md-3 col-sm-4 col-12\">\n\t\t\t\t\t<a href=\"https:\/\/rakosliget.hu\/wordpress\/wp-content\/uploads\/2018\/10\/kat-plebania.jpg\" data-lightbox=\"lightbox-1781\" data-gallery=\"gallery-1781\" data-title=\"Katolikus pleb\u00e1nia\">\n\t\t\t\t\t\t<img decoding=\"async\" class=\"thumbnail hvr-float-shadow\" src=\"https:\/\/rakosliget.hu\/wordpress\/wp-content\/uploads\/2018\/10\/kat-plebania-150x150.jpg\" alt=\"Katolikus pleb\u00e1nia\">\n\t\t\t\t\t\t\t\t\t\t\t<\/a>\n\t\t\t\t<\/div>\n\t\t\t\t\t\t<div class=\"single-image-1781 col-lg-3 col-md-3 col-sm-4 col-12\">\n\t\t\t\t\t<a href=\"https:\/\/rakosliget.hu\/wordpress\/wp-content\/uploads\/2018\/10\/laborcz.jpg\" data-lightbox=\"lightbox-1781\" data-gallery=\"gallery-1781\" data-title=\"Laborcz szobor a H\u0151s\u00f6k ter\u00e9n 80-as \u00e9vek\">\n\t\t\t\t\t\t<img decoding=\"async\" class=\"thumbnail hvr-float-shadow\" src=\"https:\/\/rakosliget.hu\/wordpress\/wp-content\/uploads\/2018\/10\/laborcz-150x150.jpg\" alt=\"Laborcz szobor a H\u0151s\u00f6k ter\u00e9n 80-as \u00e9vek\">\n\t\t\t\t\t\t\t\t\t\t\t<\/a>\n\t\t\t\t<\/div>\n\t\t\t\t\t\t<div class=\"single-image-1781 col-lg-3 col-md-3 col-sm-4 col-12\">\n\t\t\t\t\t<a href=\"https:\/\/rakosliget.hu\/wordpress\/wp-content\/uploads\/2018\/10\/marosmozib.jpg\" data-lightbox=\"lightbox-1781\" data-gallery=\"gallery-1781\" data-title=\"Maros mozi\">\n\t\t\t\t\t\t<img decoding=\"async\" class=\"thumbnail hvr-float-shadow\" src=\"https:\/\/rakosliget.hu\/wordpress\/wp-content\/uploads\/2018\/10\/marosmozib-150x150.jpg\" alt=\"Maros mozi\">\n\t\t\t\t\t\t\t\t\t\t\t<\/a>\n\t\t\t\t<\/div>\n\t\t\t\t\t\t<div class=\"single-image-1781 col-lg-3 col-md-3 col-sm-4 col-12\">\n\t\t\t\t\t<a href=\"https:\/\/rakosliget.hu\/wordpress\/wp-content\/uploads\/2018\/10\/mozi.jpg\" data-lightbox=\"lightbox-1781\" data-gallery=\"gallery-1781\" data-title=\"Maros mozi\">\n\t\t\t\t\t\t<img decoding=\"async\" class=\"thumbnail hvr-float-shadow\" src=\"https:\/\/rakosliget.hu\/wordpress\/wp-content\/uploads\/2018\/10\/mozi-150x150.jpg\" alt=\"Maros mozi\">\n\t\t\t\t\t\t\t\t\t\t\t<\/a>\n\t\t\t\t<\/div>\n\t\t\t\t\t\t<div class=\"single-image-1781 col-lg-3 col-md-3 col-sm-4 col-12\">\n\t\t\t\t\t<a href=\"https:\/\/rakosliget.hu\/wordpress\/wp-content\/uploads\/2018\/10\/pedagogus_klubhaz1958.jpg\" data-lightbox=\"lightbox-1781\" data-gallery=\"gallery-1781\" data-title=\"Pedag\u00f3gus klubh\u00e1z 1958\">\n\t\t\t\t\t\t<img decoding=\"async\" class=\"thumbnail hvr-float-shadow\" src=\"https:\/\/rakosliget.hu\/wordpress\/wp-content\/uploads\/2018\/10\/pedagogus_klubhaz1958-150x150.jpg\" alt=\"Pedag\u00f3gus klubh\u00e1z 1958\">\n\t\t\t\t\t\t\t\t\t\t\t<\/a>\n\t\t\t\t<\/div>\n\t\t\t\t\t\t<div class=\"single-image-1781 col-lg-3 col-md-3 col-sm-4 col-12\">\n\t\t\t\t\t<a href=\"https:\/\/rakosliget.hu\/wordpress\/wp-content\/uploads\/2024\/11\/katolikus-scaled.jpg\" data-lightbox=\"lightbox-1781\" data-gallery=\"gallery-1781\" data-title=\"R\u00e1kosligeti Magyarok Nagyasszonya templom\">\n\t\t\t\t\t\t<img decoding=\"async\" class=\"thumbnail hvr-float-shadow\" src=\"https:\/\/rakosliget.hu\/wordpress\/wp-content\/uploads\/2024\/11\/katolikus-150x150.jpg\" alt=\"R\u00e1kosligeti Magyarok Nagyasszonya templom\">\n\t\t\t\t\t\t\t\t\t\t\t<\/a>\n\t\t\t\t<\/div>\n\t\t\t<\/div>\n<script>\n\tjQuery(document).ready(function() {\n\t\t\/\/ Method 1 - Initialize Isotope, then trigger layout after each image loads.\n\t\tvar $grid = jQuery('.all-images-1781').isotope({\n\t\t\t\/\/ options...\n\t\t\titemSelector: '.single-image-1781',\n\t\t});\n\t\t\/\/ layout Isotope after each image loads\n\t\t$grid.imagesLoaded().progress(function() {\n\t\t\t$grid.isotope('layout');\n\t\t});\n\n\n\t\tlightbox.option({\n\t\t\t'wrapAround': false,\n\t\t})\n\n\t\tjQuery(document).on('click', '[data-toggle=\"lightbox-1781\"]', function(event) {\n\t\t\tevent.preventDefault();\n\t\t\tjQuery(this).ekkoLightbox();\n\t\t});\n\t});\n<\/script>\n\n\n\n<figure class=\"wp-block-image size-full\"><img loading=\"lazy\" decoding=\"async\" width=\"763\" height=\"1127\" src=\"https:\/\/rakosliget.hu\/wordpress\/wp-content\/uploads\/2026\/02\/orszagzaszlo.jpg\" alt=\"\" class=\"wp-image-23097\" srcset=\"https:\/\/rakosliget.hu\/wordpress\/wp-content\/uploads\/2026\/02\/orszagzaszlo.jpg 763w, https:\/\/rakosliget.hu\/wordpress\/wp-content\/uploads\/2026\/02\/orszagzaszlo-203x300.jpg 203w\" sizes=\"auto, (max-width: 763px) 100vw, 763px\" \/><figcaption class=\"wp-element-caption\">AI sz\u00ednez\u00e9s. Nem eredeti dokumentum!!! Forr\u00e1s: K\u00e9peslap ld. ott.<\/figcaption><\/figure>\n\n\n\n<p>&nbsp;<\/p>\n\n\n\n<figure class=\"wp-block-image size-full\"><img loading=\"lazy\" decoding=\"async\" width=\"900\" height=\"731\" src=\"https:\/\/rakosliget.hu\/wordpress\/wp-content\/uploads\/2024\/12\/fortepan_261488_900.jpg\" alt=\"\" class=\"wp-image-13832\" srcset=\"https:\/\/rakosliget.hu\/wordpress\/wp-content\/uploads\/2024\/12\/fortepan_261488_900.jpg 900w, https:\/\/rakosliget.hu\/wordpress\/wp-content\/uploads\/2024\/12\/fortepan_261488_900-300x244.jpg 300w, https:\/\/rakosliget.hu\/wordpress\/wp-content\/uploads\/2024\/12\/fortepan_261488_900-768x624.jpg 768w\" sizes=\"auto, (max-width: 900px) 100vw, 900px\" \/><\/figure>\n\n\n\n<p>1982. Az orsz\u00e1gz\u00e1szl\u00f3 hely\u00e9n \u00e1ll\u00f3 Laborcz szobor.<\/p>\n\n\n\n<p>Forr\u00e1s: Fortepan\/Farag\u00f3 Gy\u00f6rgy<\/p>\n\n\n\n<figure class=\"wp-block-image size-full\"><img loading=\"lazy\" decoding=\"async\" width=\"980\" height=\"673\" src=\"https:\/\/rakosliget.hu\/wordpress\/wp-content\/uploads\/2026\/01\/Marcius-15.jpg\" alt=\"\" class=\"wp-image-20947\" srcset=\"https:\/\/rakosliget.hu\/wordpress\/wp-content\/uploads\/2026\/01\/Marcius-15.jpg 980w, https:\/\/rakosliget.hu\/wordpress\/wp-content\/uploads\/2026\/01\/Marcius-15-300x206.jpg 300w, https:\/\/rakosliget.hu\/wordpress\/wp-content\/uploads\/2026\/01\/Marcius-15-768x527.jpg 768w\" sizes=\"auto, (max-width: 980px) 100vw, 980px\" \/><\/figure>\n","protected":false},"excerpt":{"rendered":"<p>&nbsp; 1982. Az orsz\u00e1gz\u00e1szl\u00f3 hely\u00e9n \u00e1ll\u00f3 Laborcz szobor. Forr\u00e1s: Fortepan\/Farag\u00f3 Gy\u00f6rgy<\/p>\n","protected":false},"author":1,"featured_media":0,"parent":0,"menu_order":0,"comment_status":"closed","ping_status":"closed","template":"","meta":{"footnotes":""},"class_list":["post-450","page","type-page","status-publish","hentry"],"_links":{"self":[{"href":"https:\/\/rakosliget.hu\/wordpress\/index.php\/wp-json\/wp\/v2\/pages\/450","targetHints":{"allow":["GET"]}}],"collection":[{"href":"https:\/\/rakosliget.hu\/wordpress\/index.php\/wp-json\/wp\/v2\/pages"}],"about":[{"href":"https:\/\/rakosliget.hu\/wordpress\/index.php\/wp-json\/wp\/v2\/types\/page"}],"author":[{"embeddable":true,"href":"https:\/\/rakosliget.hu\/wordpress\/index.php\/wp-json\/wp\/v2\/users\/1"}],"replies":[{"embeddable":true,"href":"https:\/\/rakosliget.hu\/wordpress\/index.php\/wp-json\/wp\/v2\/comments?post=450"}],"version-history":[{"count":7,"href":"https:\/\/rakosliget.hu\/wordpress\/index.php\/wp-json\/wp\/v2\/pages\/450\/revisions"}],"predecessor-version":[{"id":23099,"href":"https:\/\/rakosliget.hu\/wordpress\/index.php\/wp-json\/wp\/v2\/pages\/450\/revisions\/23099"}],"wp:attachment":[{"href":"https:\/\/rakosliget.hu\/wordpress\/index.php\/wp-json\/wp\/v2\/media?parent=450"}],"curies":[{"name":"wp","href":"https:\/\/api.w.org\/{rel}","templated":true}]}}